{"id":2486,"date":"2026-05-11T14:38:14","date_gmt":"2026-05-11T14:38:14","guid":{"rendered":"https:\/\/ecosupplements.ch\/?product=zinc-copper-15mg-1mg-120-vegan-caps"},"modified":"2026-05-13T07:24:59","modified_gmt":"2026-05-13T07:24:59","slug":"zinc-copper-15mg-1mg-120-vegan-caps","status":"publish","type":"product","link":"https:\/\/ecosupplements.ch\/?product=zinc-copper-15mg-1mg-120-vegan-caps","title":{"rendered":"Zinc + Copper, 15mg + 1mg &#8211; 120 vegan caps"},"content":{"rendered":"<div class=\"chcg-product-description\">\n<h2 class=\"chcg-heading\">\u00dcber Osavi \u2013 Zinc + Copper, 15mg + 1mg \u2013 120 vegane Kapseln<\/h2>\n<div class=\"chcg-intro\">\n<p>Zinc und Copper von Osavi vereint zwei essentielle Spurenelemente in einer praktischen Tageskapsel. Zink in der hochwertigen OptiZinc\u00ae-Form (Zink-Mono-L-Methioninsulfat) wird vom K\u00f6rper besonders gut aufgenommen und tr\u00e4gt zur normalen Funktion des Immunsystems, zum Schutz der Zellen vor oxidativem Stress sowie zur Erhaltung normaler Haut, Haare und N\u00e4gel bei. Mit 15 mg pro Kapsel entspricht die Tagesdosis 150 % des Referenzwertes f\u00fcr die t\u00e4gliche N\u00e4hrstoffzufuhr.<\/p>\n<p>Kupfer in Form von Kupfercitrat erg\u00e4nzt die Formel sinnvoll: Es tr\u00e4gt zur normalen Funktion des Immunsystems, zum normalen Energiestoffwechsel sowie zur Erhaltung des normalen Bindegewebes bei. Die Kombination von Zink und Kupfer in einem ausgewogenen Verh\u00e4ltnis unterst\u00fctzt eine bedarfsgerechte Versorgung mit beiden Mineralien.<\/p>\n<p>Das Produkt ist vollst\u00e4ndig vegan, glutenfrei, laktosefrei und frei von Soja sowie gentechnisch ver\u00e4nderten Organismen. Die vegane Kapselh\u00fclle aus HPMC macht dieses Pr\u00e4parat zur geeigneten Wahl f\u00fcr Menschen mit besonderen Ern\u00e4hrungsanforderungen.<\/p>\n<\/p><\/div>\n<div class=\"chcg-nutrition\">\n<h3>N\u00e4hrwertangaben<\/h3>\n<table class=\"chcg-nutrition-table\">\n<thead>\n<tr>\n<th>N\u00e4hrstoff<\/th>\n<th>Pro Portion (1 Kapsel)<\/th>\n<\/tr>\n<\/thead>\n<tbody>\n<tr>\n<td>Zink (OptiZinc)<\/td>\n<td>15 mg (150 % NRV)<\/td>\n<\/tr>\n<tr>\n<td>Kupfer (Kupfercitrat)<\/td>\n<td>1 mg (100 % NRV)<\/td>\n<\/tr>\n<\/tbody>\n<\/table>\n<p class=\"chcg-footnote\">NRV = Referenzwert f\u00fcr die t\u00e4gliche N\u00e4hrstoffzufuhr<\/p>\n<\/p><\/div>\n<div class=\"chcg-ingredients\">\n<h3>Zutaten<\/h3>\n<p>Zink (OptiZinc), Kupfer (Kupfercitrat), Inulin, OptiZinc (Zink-Mono-L-Methioninsulfat, nat\u00fcrliches Vanillearoma), Reisfaser, Kupfercitrat.<\/p>\n<p class=\"chcg-capsule-shell\">Kapselh\u00fclle: Hydroxypropylmethylcellulose (HPMC)<\/p>\n<\/p><\/div>\n<div class=\"chcg-dosage\">\n<h3>Verzehrempfehlung<\/h3>\n<p>1 Kapsel pro Tag nach einer Mahlzeit einnehmen.<\/p>\n<\/p><\/div>\n<div class=\"chcg-warnings\">\n<h3>Warnhinweise<\/h3>\n<p>Die empfohlene Tagesdosis darf nicht \u00fcberschritten werden. Vor der Einnahme dieses Produkts wird empfohlen, einen Apotheker oder Arzt zu konsultieren, wenn eine Schwangerschaft geplant ist, w\u00e4hrend der Schwangerschaft oder Stillzeit, bei \u00e4rztlicher Behandlung oder bei bekannten Lebensmittelallergien. Nahrungserg\u00e4nzungsmittel d\u00fcrfen nicht als Ersatz f\u00fcr eine ausgewogene Ern\u00e4hrung verwendet werden. Eine abwechslungsreiche Ern\u00e4hrung und ein gesunder Lebensstil sind wichtig, um die normale Gesundheit zu erhalten.<\/p>\n<\/p><\/div>\n<div class=\"chcg-allergens\">\n<h3>Allergeninformationen<\/h3>\n<p>Keine Allergene deklariert. Das Produkt ist zuckerfrei, glutenfrei, laktosefrei, sojafreiund frei von gentechnisch ver\u00e4nderten Organismen (GMO-frei).<\/p>\n<\/p><\/div>\n<div class=\"chcg-storage\">\n<h3>Lagerung<\/h3>\n<p>An einem dunklen und trockenen Ort bei Raumtemperatur lagern. Ausserhalb der Reichweite von kleinen Kindern aufbewahren.<\/p>\n<\/p><\/div>\n<div class=\"chcg-dietary\">\n<h3>Ern\u00e4hrungshinweise<\/h3>\n<ul>\n<li>Vegan<\/li>\n<li>Vegetarisch<\/li>\n<li>Glutenfrei<\/li>\n<li>Laktosefrei<\/li>\n<\/ul><\/div>\n<\/div>\n","protected":false},"excerpt":{"rendered":"<p>Osavi Zinc + Copper liefert 15 mg Zink (OptiZinc) und 1 mg Kupfer pro veganer Kapsel \u2013 zur Unterst\u00fctzung des Immunsystems und des Zellschutzes. 120 vegane Kapseln, glutenfrei und laktosefrei.<\/p>\n","protected":false},"featured_media":2487,"comment_status":"closed","ping_status":"open","template":"","meta":[],"product_brand":[219],"product_cat":[23,27,48,32,31,171,21,24],"product_tag":[],"class_list":{"0":"post-2486","1":"product","2":"type-product","3":"status-publish","4":"has-post-thumbnail","6":"product_brand-osavi","7":"product_cat-einige-mineralien","8":"product_cat-einige-vitamine","9":"product_cat-gesunde-ernaehrung","10":"product_cat-nahrungsergaenzungsmittel-fuer-frauen","11":"product_cat-vitamin-k","12":"product_cat-vitamine-und-mineralien","13":"product_cat-vitamine-und-mineralstoffe","14":"product_cat-zink","16":"first","17":"outofstock","18":"taxable","19":"shipping-taxable","20":"purchasable","21":"product-type-simple"},"yoast_head":"<!-- This site is optimized with the Yoast SEO plugin v27.5 - https:\/\/yoast.com\/product\/yoast-seo-wordpress\/ -->\n<title>Zinc + Copper 15mg+1mg \u2013 Osavi | ecosupplements.ch<\/title>\n<meta name=\"description\" content=\"Zink und Kupfer in hochwertiger Form f\u00fcr Immunsystem und Zellschutz \u2013 120 vegane Kapseln von Osavi, glutenfrei und laktosefrei. Jetzt bestellen.\" \/>\n<meta name=\"robots\" content=\"index, follow, max-snippet:-1, max-image-preview:large, max-video-preview:-1\" \/>\n<link rel=\"canonical\" href=\"https:\/\/ecosupplements.ch\/?product=zinc-copper-15mg-1mg-120-vegan-caps\" \/>\n<meta property=\"og:locale\" content=\"de_DE\" \/>\n<meta property=\"og:type\" content=\"article\" \/>\n<meta property=\"og:title\" content=\"Zinc + Copper 15mg+1mg \u2013 Osavi | ecosupplements.ch\" \/>\n<meta property=\"og:description\" content=\"Zink und Kupfer in hochwertiger Form f\u00fcr Immunsystem und Zellschutz \u2013 120 vegane Kapseln von Osavi, glutenfrei und laktosefrei. Jetzt bestellen.\" \/>\n<meta property=\"og:url\" content=\"https:\/\/ecosupplements.ch\/?product=zinc-copper-15mg-1mg-120-vegan-caps\" \/>\n<meta property=\"og:site_name\" content=\"Eco Supplements\" \/>\n<meta property=\"article:modified_time\" content=\"2026-05-13T07:24:59+00:00\" \/>\n<meta property=\"og:image\" content=\"https:\/\/ecosupplements.ch\/wp-content\/uploads\/2026\/05\/Zinc-Copper-15mg-1mg-120-vegan-caps.png\" \/>\n\t<meta property=\"og:image:width\" content=\"572\" \/>\n\t<meta property=\"og:image:height\" content=\"750\" \/>\n\t<meta property=\"og:image:type\" content=\"image\/png\" \/>\n<meta name=\"twitter:card\" content=\"summary_large_image\" \/>\n<meta name=\"twitter:label1\" content=\"Price\" \/>\n\t<meta name=\"twitter:data1\" content=\"&#067;&#072;&#070;&nbsp;13.35\" \/>\n\t<meta name=\"twitter:label2\" content=\"Availability\" \/>\n\t<meta name=\"twitter:data2\" content=\"Out of stock\" \/>\n<script type=\"application\/ld+json\" class=\"yoast-schema-graph\">{\"@context\":\"https:\\\/\\\/schema.org\",\"@graph\":[{\"@type\":\"WebPage\",\"@id\":\"https:\\\/\\\/ecosupplements.ch\\\/?product=zinc-copper-15mg-1mg-120-vegan-caps\",\"url\":\"https:\\\/\\\/ecosupplements.ch\\\/?product=zinc-copper-15mg-1mg-120-vegan-caps\",\"name\":\"Zinc + Copper 15mg+1mg \u2013 Osavi | ecosupplements.ch\",\"isPartOf\":{\"@id\":\"https:\\\/\\\/ecosupplements.ch\\\/#website\"},\"primaryImageOfPage\":{\"@id\":\"https:\\\/\\\/ecosupplements.ch\\\/?product=zinc-copper-15mg-1mg-120-vegan-caps#primaryimage\"},\"image\":{\"@id\":\"https:\\\/\\\/ecosupplements.ch\\\/?product=zinc-copper-15mg-1mg-120-vegan-caps#primaryimage\"},\"thumbnailUrl\":\"https:\\\/\\\/ecosupplements.ch\\\/wp-content\\\/uploads\\\/2026\\\/05\\\/Zinc-Copper-15mg-1mg-120-vegan-caps.png\",\"datePublished\":\"2026-05-11T14:38:14+00:00\",\"dateModified\":\"2026-05-13T07:24:59+00:00\",\"description\":\"Zink und Kupfer in hochwertiger Form f\u00fcr Immunsystem und Zellschutz \u2013 120 vegane Kapseln von Osavi, glutenfrei und laktosefrei. Jetzt bestellen.\",\"breadcrumb\":{\"@id\":\"https:\\\/\\\/ecosupplements.ch\\\/?product=zinc-copper-15mg-1mg-120-vegan-caps#breadcrumb\"},\"inLanguage\":\"de-CH\",\"potentialAction\":[{\"@type\":\"ReadAction\",\"target\":[\"https:\\\/\\\/ecosupplements.ch\\\/?product=zinc-copper-15mg-1mg-120-vegan-caps\"]}]},{\"@type\":\"ImageObject\",\"inLanguage\":\"de-CH\",\"@id\":\"https:\\\/\\\/ecosupplements.ch\\\/?product=zinc-copper-15mg-1mg-120-vegan-caps#primaryimage\",\"url\":\"https:\\\/\\\/ecosupplements.ch\\\/wp-content\\\/uploads\\\/2026\\\/05\\\/Zinc-Copper-15mg-1mg-120-vegan-caps.png\",\"contentUrl\":\"https:\\\/\\\/ecosupplements.ch\\\/wp-content\\\/uploads\\\/2026\\\/05\\\/Zinc-Copper-15mg-1mg-120-vegan-caps.png\",\"width\":572,\"height\":750,\"caption\":\"Zinc + Copper\"},{\"@type\":\"BreadcrumbList\",\"@id\":\"https:\\\/\\\/ecosupplements.ch\\\/?product=zinc-copper-15mg-1mg-120-vegan-caps#breadcrumb\",\"itemListElement\":[{\"@type\":\"ListItem\",\"position\":1,\"name\":\"Home\",\"item\":\"https:\\\/\\\/ecosupplements.ch\\\/\"},{\"@type\":\"ListItem\",\"position\":2,\"name\":\"Shop\",\"item\":\"https:\\\/\\\/ecosupplements.ch\\\/?page_id=14\"},{\"@type\":\"ListItem\",\"position\":3,\"name\":\"Zinc + Copper, 15mg + 1mg &#8211; 120 vegan caps\"}]},{\"@type\":\"WebSite\",\"@id\":\"https:\\\/\\\/ecosupplements.ch\\\/#website\",\"url\":\"https:\\\/\\\/ecosupplements.ch\\\/\",\"name\":\"Eco Supplements\",\"description\":\"\",\"potentialAction\":[{\"@type\":\"SearchAction\",\"target\":{\"@type\":\"EntryPoint\",\"urlTemplate\":\"https:\\\/\\\/ecosupplements.ch\\\/?s={search_term_string}\"},\"query-input\":{\"@type\":\"PropertyValueSpecification\",\"valueRequired\":true,\"valueName\":\"search_term_string\"}}],\"inLanguage\":\"de-CH\"}]}<\/script>\n<meta property=\"product:price:amount\" content=\"13.35\" \/>\n<meta property=\"product:price:currency\" content=\"CHF\" \/>\n<meta property=\"og:availability\" content=\"out of stock\" \/>\n<meta property=\"product:availability\" content=\"out of stock\" \/>\n<meta property=\"product:retailer_item_id\" content=\"5904139921418\" \/>\n<meta property=\"product:condition\" content=\"new\" \/>\n<!-- \/ Yoast SEO plugin. -->","yoast_head_json":{"title":"Zinc + Copper 15mg+1mg \u2013 Osavi | ecosupplements.ch","description":"Zink und Kupfer in hochwertiger Form f\u00fcr Immunsystem und Zellschutz \u2013 120 vegane Kapseln von Osavi, glutenfrei und laktosefrei. Jetzt bestellen.","robots":{"index":"index","follow":"follow","max-snippet":"max-snippet:-1","max-image-preview":"max-image-preview:large","max-video-preview":"max-video-preview:-1"},"canonical":"https:\/\/ecosupplements.ch\/?product=zinc-copper-15mg-1mg-120-vegan-caps","og_locale":"de_DE","og_type":"article","og_title":"Zinc + Copper 15mg+1mg \u2013 Osavi | ecosupplements.ch","og_description":"Zink und Kupfer in hochwertiger Form f\u00fcr Immunsystem und Zellschutz \u2013 120 vegane Kapseln von Osavi, glutenfrei und laktosefrei. Jetzt bestellen.","og_url":"https:\/\/ecosupplements.ch\/?product=zinc-copper-15mg-1mg-120-vegan-caps","og_site_name":"Eco Supplements","article_modified_time":"2026-05-13T07:24:59+00:00","og_image":[{"width":572,"height":750,"url":"https:\/\/ecosupplements.ch\/wp-content\/uploads\/2026\/05\/Zinc-Copper-15mg-1mg-120-vegan-caps.png","type":"image\/png"}],"twitter_card":"summary_large_image","twitter_misc":{"Price":"&#67;&#72;&#70;&nbsp;13.35","Availability":"Out of stock"},"schema":{"@context":"https:\/\/schema.org","@graph":[{"@type":"WebPage","@id":"https:\/\/ecosupplements.ch\/?product=zinc-copper-15mg-1mg-120-vegan-caps","url":"https:\/\/ecosupplements.ch\/?product=zinc-copper-15mg-1mg-120-vegan-caps","name":"Zinc + Copper 15mg+1mg \u2013 Osavi | ecosupplements.ch","isPartOf":{"@id":"https:\/\/ecosupplements.ch\/#website"},"primaryImageOfPage":{"@id":"https:\/\/ecosupplements.ch\/?product=zinc-copper-15mg-1mg-120-vegan-caps#primaryimage"},"image":{"@id":"https:\/\/ecosupplements.ch\/?product=zinc-copper-15mg-1mg-120-vegan-caps#primaryimage"},"thumbnailUrl":"https:\/\/ecosupplements.ch\/wp-content\/uploads\/2026\/05\/Zinc-Copper-15mg-1mg-120-vegan-caps.png","datePublished":"2026-05-11T14:38:14+00:00","dateModified":"2026-05-13T07:24:59+00:00","description":"Zink und Kupfer in hochwertiger Form f\u00fcr Immunsystem und Zellschutz \u2013 120 vegane Kapseln von Osavi, glutenfrei und laktosefrei. Jetzt bestellen.","breadcrumb":{"@id":"https:\/\/ecosupplements.ch\/?product=zinc-copper-15mg-1mg-120-vegan-caps#breadcrumb"},"inLanguage":"de-CH","potentialAction":[{"@type":"ReadAction","target":["https:\/\/ecosupplements.ch\/?product=zinc-copper-15mg-1mg-120-vegan-caps"]}]},{"@type":"ImageObject","inLanguage":"de-CH","@id":"https:\/\/ecosupplements.ch\/?product=zinc-copper-15mg-1mg-120-vegan-caps#primaryimage","url":"https:\/\/ecosupplements.ch\/wp-content\/uploads\/2026\/05\/Zinc-Copper-15mg-1mg-120-vegan-caps.png","contentUrl":"https:\/\/ecosupplements.ch\/wp-content\/uploads\/2026\/05\/Zinc-Copper-15mg-1mg-120-vegan-caps.png","width":572,"height":750,"caption":"Zinc + Copper"},{"@type":"BreadcrumbList","@id":"https:\/\/ecosupplements.ch\/?product=zinc-copper-15mg-1mg-120-vegan-caps#breadcrumb","itemListElement":[{"@type":"ListItem","position":1,"name":"Home","item":"https:\/\/ecosupplements.ch\/"},{"@type":"ListItem","position":2,"name":"Shop","item":"https:\/\/ecosupplements.ch\/?page_id=14"},{"@type":"ListItem","position":3,"name":"Zinc + Copper, 15mg + 1mg &#8211; 120 vegan caps"}]},{"@type":"WebSite","@id":"https:\/\/ecosupplements.ch\/#website","url":"https:\/\/ecosupplements.ch\/","name":"Eco Supplements","description":"","potentialAction":[{"@type":"SearchAction","target":{"@type":"EntryPoint","urlTemplate":"https:\/\/ecosupplements.ch\/?s={search_term_string}"},"query-input":{"@type":"PropertyValueSpecification","valueRequired":true,"valueName":"search_term_string"}}],"inLanguage":"de-CH"}]},"product_price_amount":"13.35","product_price_currency":"CHF","og_availability":"out of stock","product_availability":"out of stock","product_retailer_item_id":"5904139921418","product_condition":"new"},"_links":{"self":[{"href":"https:\/\/ecosupplements.ch\/index.php?rest_route=\/wp\/v2\/product\/2486","targetHints":{"allow":["GET"]}}],"collection":[{"href":"https:\/\/ecosupplements.ch\/index.php?rest_route=\/wp\/v2\/product"}],"about":[{"href":"https:\/\/ecosupplements.ch\/index.php?rest_route=\/wp\/v2\/types\/product"}],"replies":[{"embeddable":true,"href":"https:\/\/ecosupplements.ch\/index.php?rest_route=%2Fwp%2Fv2%2Fcomments&post=2486"}],"wp:featuredmedia":[{"embeddable":true,"href":"https:\/\/ecosupplements.ch\/index.php?rest_route=\/wp\/v2\/media\/2487"}],"wp:attachment":[{"href":"https:\/\/ecosupplements.ch\/index.php?rest_route=%2Fwp%2Fv2%2Fmedia&parent=2486"}],"wp:term":[{"taxonomy":"product_brand","embeddable":true,"href":"https:\/\/ecosupplements.ch\/index.php?rest_route=%2Fwp%2Fv2%2Fproduct_brand&post=2486"},{"taxonomy":"product_cat","embeddable":true,"href":"https:\/\/ecosupplements.ch\/index.php?rest_route=%2Fwp%2Fv2%2Fproduct_cat&post=2486"},{"taxonomy":"product_tag","embeddable":true,"href":"https:\/\/ecosupplements.ch\/index.php?rest_route=%2Fwp%2Fv2%2Fproduct_tag&post=2486"}],"curies":[{"name":"wp","href":"https:\/\/api.w.org\/{rel}","templated":true}]}}