{"id":2498,"date":"2026-05-11T14:38:20","date_gmt":"2026-05-11T14:38:20","guid":{"rendered":"https:\/\/ecosupplements.ch\/?product=evening-primrose-oil-60-softgels"},"modified":"2026-05-13T07:27:29","modified_gmt":"2026-05-13T07:27:29","slug":"evening-primrose-oil-60-softgels","status":"publish","type":"product","link":"https:\/\/ecosupplements.ch\/?product=evening-primrose-oil-60-softgels","title":{"rendered":"Evening Primrose Oil &#8211; 60 softgels"},"content":{"rendered":"<div class=\"chcg-product-description\">\n<h2 class=\"chcg-heading\">\u00dcber Ostrovit \u2013 Evening Primrose Oil \u2013 60 Softgels<\/h2>\n<div class=\"chcg-intro\">\n<p>Das Ostrovit Evening Primrose Oil liefert pro Softgel-Kapsel 1000 mg hochwertiges Nachtkerzen\u00f6l mit einem definierten Gehalt an essenziellen Fetts\u00e4uren: 700 mg Linols\u00e4ure (LA) und 90 mg Gamma-Linolens\u00e4ure (GLA). Nachtkerzen\u00f6l ist eine nat\u00fcrliche Quelle dieser mehrfach unges\u00e4ttigten Fetts\u00e4uren, die einen wichtigen Beitrag zu einer ausgewogenen Ern\u00e4hrung leisten k\u00f6nnen.<\/p>\n<p>Erg\u00e4nzt wird die Formel durch 10 mg Vitamin E (83 % des N\u00e4hrstoffreferenzwerts), das dazu beitr\u00e4gt, die Zellen vor oxidativem Stress zu sch\u00fctzen. Vitamin E unterst\u00fctzt zudem die normale Funktion des Immunsystems sowie die Erhaltung normaler Haut.<\/p>\n<p>Die praktischen Softgel-Kapseln sind leicht einzunehmen und erm\u00f6glichen eine pr\u00e4zise Dosierung. Mit 60 Kapseln pro Packung deckt ein Pack einen vollen Zweimonatsvorrat bei t\u00e4glicher Einnahme ab.<\/p>\n<\/p><\/div>\n<div class=\"chcg-nutrition\">\n<h3>N\u00e4hrwertangaben<\/h3>\n<table class=\"chcg-nutrition-table\">\n<thead>\n<tr>\n<th>N\u00e4hrstoff<\/th>\n<th>Pro Portion (1 Softgel)<\/th>\n<\/tr>\n<\/thead>\n<tbody>\n<tr>\n<td>Evening Primrose Oil<\/td>\n<td>1000 mg<\/td>\n<\/tr>\n<tr>\n<td>\u2013 Linoleic Acid (LA)<\/td>\n<td>700 mg<\/td>\n<\/tr>\n<tr>\n<td>\u2013 Gamma-Linolenic Acid (GLA)<\/td>\n<td>90 mg<\/td>\n<\/tr>\n<tr>\n<td>Vitamin E<\/td>\n<td>10 mg (83 % NRV)<\/td>\n<\/tr>\n<\/tbody>\n<\/table><\/div>\n<div class=\"chcg-ingredients\">\n<h3>Zutaten<\/h3>\n<p>Nachtkerzen\u00f6l mit 70 % Linols\u00e4ure (LA) und 9 % Gamma-Linolens\u00e4ure (GLA), H\u00fcllkomponenten (Gelatine, Feuchthaltemittel: Glycerol, gereinigtes Wasser), DL-alpha-Tocopherylacetat (Vitamin E).<\/p>\n<p class=\"chcg-capsule-shell\">Kapselh\u00fclle: Gelatine, Feuchthaltemittel: Glycerol, gereinigtes Wasser.<\/p>\n<\/p><\/div>\n<div class=\"chcg-dosage\">\n<h3>Verzehrempfehlung<\/h3>\n<p>1 Portion (1 Kapsel) t\u00e4glich mit ausreichend Wasser einnehmen.<\/p>\n<\/p><\/div>\n<div class=\"chcg-warnings\">\n<h3>Warnhinweise<\/h3>\n<p>Die empfohlene Tagesdosis nicht \u00fcberschreiten. Das Produkt nicht als Ersatz f\u00fcr eine abwechslungsreiche Ern\u00e4hrung verwenden. Eine ausgewogene Ern\u00e4hrung und ein gesunder Lebensstil werden empfohlen. Bei einer Allergie gegen einen der Inhaltsstoffe nicht einnehmen. Kinder, Schwangere und stillende Frauen d\u00fcrfen das Produkt nicht einnehmen. Ausserhalb der Reichweite von Kindern aufbewahren.<\/p>\n<\/p><\/div>\n<div class=\"chcg-allergens\">\n<h3>Allergeninformationen<\/h3>\n<p>Das Produkt kann Milch (einschliesslich Laktose), Soja, Erdn\u00fcsse, andere N\u00fcsse, Sesamsamen, glutenhaltige Getreideprodukte, Eier, Krebstiere und Fisch enthalten.<\/p>\n<\/p><\/div>\n<div class=\"chcg-storage\">\n<h3>Lagerung<\/h3>\n<p>Die Verpackung fest verschlossen, trocken und bei einer Temperatur von 15\u201325 \u00b0C aufbewahren. Vor direktem Sonnenlicht sch\u00fctzen.<\/p>\n<\/p><\/div>\n<div class=\"chcg-dietary\">\n<h3>Ern\u00e4hrungshinweise<\/h3>\n<ul>\n<li>Nicht vegan<\/li>\n<li>Nicht vegetarisch<\/li>\n<\/ul><\/div>\n<\/div>\n","protected":false},"excerpt":{"rendered":"<p>Ostrovit Evening Primrose Oil liefert 1000 mg Nachtkerzen\u00f6l mit LA und GLA sowie Vitamin E pro Softgel-Kapsel. Packung mit 60 Softgels f\u00fcr 60 Tage. Hochwertige Fetts\u00e4urequelle f\u00fcr eine ausgewogene Ern\u00e4hrung.<\/p>\n","protected":false},"featured_media":2499,"comment_status":"closed","ping_status":"open","template":"","meta":[],"product_brand":[298],"product_cat":[48,161,21],"product_tag":[],"class_list":{"0":"post-2498","1":"product","2":"type-product","3":"status-publish","4":"has-post-thumbnail","6":"product_brand-ostrovit","7":"product_cat-gesunde-ernaehrung","8":"product_cat-nachtkerzenoel","9":"product_cat-vitamine-und-mineralstoffe","11":"first","12":"outofstock","13":"taxable","14":"shipping-taxable","15":"purchasable","16":"product-type-simple"},"yoast_head":"<!-- This site is optimized with the Yoast SEO plugin v27.5 - https:\/\/yoast.com\/product\/yoast-seo-wordpress\/ -->\n<title>Evening Primrose Oil 60 Softgels \u2013 Ostrovit | ecosupplements.ch<\/title>\n<meta name=\"description\" content=\"Ostrovit Evening Primrose Oil \u2013 1000 mg Nachtkerzen\u00f6l mit GLA und Vitamin E pro Kapsel. 60 Softgels f\u00fcr 2 Monate. Jetzt bestellen.\" \/>\n<meta name=\"robots\" content=\"index, follow, max-snippet:-1, max-image-preview:large, max-video-preview:-1\" \/>\n<link rel=\"canonical\" href=\"https:\/\/ecosupplements.ch\/?product=evening-primrose-oil-60-softgels\" \/>\n<meta property=\"og:locale\" content=\"de_DE\" \/>\n<meta property=\"og:type\" content=\"article\" \/>\n<meta property=\"og:title\" content=\"Evening Primrose Oil 60 Softgels \u2013 Ostrovit | ecosupplements.ch\" \/>\n<meta property=\"og:description\" content=\"Ostrovit Evening Primrose Oil \u2013 1000 mg Nachtkerzen\u00f6l mit GLA und Vitamin E pro Kapsel. 60 Softgels f\u00fcr 2 Monate. Jetzt bestellen.\" \/>\n<meta property=\"og:url\" content=\"https:\/\/ecosupplements.ch\/?product=evening-primrose-oil-60-softgels\" \/>\n<meta property=\"og:site_name\" content=\"Eco Supplements\" \/>\n<meta property=\"article:modified_time\" content=\"2026-05-13T07:27:29+00:00\" \/>\n<meta property=\"og:image\" content=\"https:\/\/ecosupplements.ch\/wp-content\/uploads\/2026\/05\/Evening-Primrose-Oil-60-softgels.png\" \/>\n\t<meta property=\"og:image:width\" content=\"1000\" \/>\n\t<meta property=\"og:image:height\" content=\"1000\" \/>\n\t<meta property=\"og:image:type\" content=\"image\/jpeg\" \/>\n<meta name=\"twitter:card\" content=\"summary_large_image\" \/>\n<meta name=\"twitter:label1\" content=\"Price\" \/>\n\t<meta name=\"twitter:data1\" content=\"&#067;&#072;&#070;&nbsp;8.51\" \/>\n\t<meta name=\"twitter:label2\" content=\"Availability\" \/>\n\t<meta name=\"twitter:data2\" content=\"Out of stock\" \/>\n<script type=\"application\/ld+json\" class=\"yoast-schema-graph\">{\"@context\":\"https:\\\/\\\/schema.org\",\"@graph\":[{\"@type\":\"WebPage\",\"@id\":\"https:\\\/\\\/ecosupplements.ch\\\/?product=evening-primrose-oil-60-softgels\",\"url\":\"https:\\\/\\\/ecosupplements.ch\\\/?product=evening-primrose-oil-60-softgels\",\"name\":\"Evening Primrose Oil 60 Softgels \u2013 Ostrovit | ecosupplements.ch\",\"isPartOf\":{\"@id\":\"https:\\\/\\\/ecosupplements.ch\\\/#website\"},\"primaryImageOfPage\":{\"@id\":\"https:\\\/\\\/ecosupplements.ch\\\/?product=evening-primrose-oil-60-softgels#primaryimage\"},\"image\":{\"@id\":\"https:\\\/\\\/ecosupplements.ch\\\/?product=evening-primrose-oil-60-softgels#primaryimage\"},\"thumbnailUrl\":\"https:\\\/\\\/ecosupplements.ch\\\/wp-content\\\/uploads\\\/2026\\\/05\\\/Evening-Primrose-Oil-60-softgels.png\",\"datePublished\":\"2026-05-11T14:38:20+00:00\",\"dateModified\":\"2026-05-13T07:27:29+00:00\",\"description\":\"Ostrovit Evening Primrose Oil \u2013 1000 mg Nachtkerzen\u00f6l mit GLA und Vitamin E pro Kapsel. 60 Softgels f\u00fcr 2 Monate. Jetzt bestellen.\",\"breadcrumb\":{\"@id\":\"https:\\\/\\\/ecosupplements.ch\\\/?product=evening-primrose-oil-60-softgels#breadcrumb\"},\"inLanguage\":\"de-CH\",\"potentialAction\":[{\"@type\":\"ReadAction\",\"target\":[\"https:\\\/\\\/ecosupplements.ch\\\/?product=evening-primrose-oil-60-softgels\"]}]},{\"@type\":\"ImageObject\",\"inLanguage\":\"de-CH\",\"@id\":\"https:\\\/\\\/ecosupplements.ch\\\/?product=evening-primrose-oil-60-softgels#primaryimage\",\"url\":\"https:\\\/\\\/ecosupplements.ch\\\/wp-content\\\/uploads\\\/2026\\\/05\\\/Evening-Primrose-Oil-60-softgels.png\",\"contentUrl\":\"https:\\\/\\\/ecosupplements.ch\\\/wp-content\\\/uploads\\\/2026\\\/05\\\/Evening-Primrose-Oil-60-softgels.png\",\"width\":1000,\"height\":1000,\"caption\":\"Evening Primrose Oil - 60 softgels\"},{\"@type\":\"BreadcrumbList\",\"@id\":\"https:\\\/\\\/ecosupplements.ch\\\/?product=evening-primrose-oil-60-softgels#breadcrumb\",\"itemListElement\":[{\"@type\":\"ListItem\",\"position\":1,\"name\":\"Home\",\"item\":\"https:\\\/\\\/ecosupplements.ch\\\/\"},{\"@type\":\"ListItem\",\"position\":2,\"name\":\"Shop\",\"item\":\"https:\\\/\\\/ecosupplements.ch\\\/?page_id=14\"},{\"@type\":\"ListItem\",\"position\":3,\"name\":\"Evening Primrose Oil &#8211; 60 softgels\"}]},{\"@type\":\"WebSite\",\"@id\":\"https:\\\/\\\/ecosupplements.ch\\\/#website\",\"url\":\"https:\\\/\\\/ecosupplements.ch\\\/\",\"name\":\"Eco Supplements\",\"description\":\"\",\"potentialAction\":[{\"@type\":\"SearchAction\",\"target\":{\"@type\":\"EntryPoint\",\"urlTemplate\":\"https:\\\/\\\/ecosupplements.ch\\\/?s={search_term_string}\"},\"query-input\":{\"@type\":\"PropertyValueSpecification\",\"valueRequired\":true,\"valueName\":\"search_term_string\"}}],\"inLanguage\":\"de-CH\"}]}<\/script>\n<meta property=\"product:price:amount\" content=\"8.51\" \/>\n<meta property=\"product:price:currency\" content=\"CHF\" \/>\n<meta property=\"og:availability\" content=\"out of stock\" \/>\n<meta property=\"product:availability\" content=\"out of stock\" \/>\n<meta property=\"product:retailer_item_id\" content=\"5903933903279\" \/>\n<meta property=\"product:condition\" content=\"new\" \/>\n<!-- \/ Yoast SEO plugin. -->","yoast_head_json":{"title":"Evening Primrose Oil 60 Softgels \u2013 Ostrovit | ecosupplements.ch","description":"Ostrovit Evening Primrose Oil \u2013 1000 mg Nachtkerzen\u00f6l mit GLA und Vitamin E pro Kapsel. 60 Softgels f\u00fcr 2 Monate. Jetzt bestellen.","robots":{"index":"index","follow":"follow","max-snippet":"max-snippet:-1","max-image-preview":"max-image-preview:large","max-video-preview":"max-video-preview:-1"},"canonical":"https:\/\/ecosupplements.ch\/?product=evening-primrose-oil-60-softgels","og_locale":"de_DE","og_type":"article","og_title":"Evening Primrose Oil 60 Softgels \u2013 Ostrovit | ecosupplements.ch","og_description":"Ostrovit Evening Primrose Oil \u2013 1000 mg Nachtkerzen\u00f6l mit GLA und Vitamin E pro Kapsel. 60 Softgels f\u00fcr 2 Monate. Jetzt bestellen.","og_url":"https:\/\/ecosupplements.ch\/?product=evening-primrose-oil-60-softgels","og_site_name":"Eco Supplements","article_modified_time":"2026-05-13T07:27:29+00:00","og_image":[{"width":1000,"height":1000,"url":"https:\/\/ecosupplements.ch\/wp-content\/uploads\/2026\/05\/Evening-Primrose-Oil-60-softgels.png","type":"image\/jpeg"}],"twitter_card":"summary_large_image","twitter_misc":{"Price":"&#67;&#72;&#70;&nbsp;8.51","Availability":"Out of stock"},"schema":{"@context":"https:\/\/schema.org","@graph":[{"@type":"WebPage","@id":"https:\/\/ecosupplements.ch\/?product=evening-primrose-oil-60-softgels","url":"https:\/\/ecosupplements.ch\/?product=evening-primrose-oil-60-softgels","name":"Evening Primrose Oil 60 Softgels \u2013 Ostrovit | ecosupplements.ch","isPartOf":{"@id":"https:\/\/ecosupplements.ch\/#website"},"primaryImageOfPage":{"@id":"https:\/\/ecosupplements.ch\/?product=evening-primrose-oil-60-softgels#primaryimage"},"image":{"@id":"https:\/\/ecosupplements.ch\/?product=evening-primrose-oil-60-softgels#primaryimage"},"thumbnailUrl":"https:\/\/ecosupplements.ch\/wp-content\/uploads\/2026\/05\/Evening-Primrose-Oil-60-softgels.png","datePublished":"2026-05-11T14:38:20+00:00","dateModified":"2026-05-13T07:27:29+00:00","description":"Ostrovit Evening Primrose Oil \u2013 1000 mg Nachtkerzen\u00f6l mit GLA und Vitamin E pro Kapsel. 60 Softgels f\u00fcr 2 Monate. Jetzt bestellen.","breadcrumb":{"@id":"https:\/\/ecosupplements.ch\/?product=evening-primrose-oil-60-softgels#breadcrumb"},"inLanguage":"de-CH","potentialAction":[{"@type":"ReadAction","target":["https:\/\/ecosupplements.ch\/?product=evening-primrose-oil-60-softgels"]}]},{"@type":"ImageObject","inLanguage":"de-CH","@id":"https:\/\/ecosupplements.ch\/?product=evening-primrose-oil-60-softgels#primaryimage","url":"https:\/\/ecosupplements.ch\/wp-content\/uploads\/2026\/05\/Evening-Primrose-Oil-60-softgels.png","contentUrl":"https:\/\/ecosupplements.ch\/wp-content\/uploads\/2026\/05\/Evening-Primrose-Oil-60-softgels.png","width":1000,"height":1000,"caption":"Evening Primrose Oil - 60 softgels"},{"@type":"BreadcrumbList","@id":"https:\/\/ecosupplements.ch\/?product=evening-primrose-oil-60-softgels#breadcrumb","itemListElement":[{"@type":"ListItem","position":1,"name":"Home","item":"https:\/\/ecosupplements.ch\/"},{"@type":"ListItem","position":2,"name":"Shop","item":"https:\/\/ecosupplements.ch\/?page_id=14"},{"@type":"ListItem","position":3,"name":"Evening Primrose Oil &#8211; 60 softgels"}]},{"@type":"WebSite","@id":"https:\/\/ecosupplements.ch\/#website","url":"https:\/\/ecosupplements.ch\/","name":"Eco Supplements","description":"","potentialAction":[{"@type":"SearchAction","target":{"@type":"EntryPoint","urlTemplate":"https:\/\/ecosupplements.ch\/?s={search_term_string}"},"query-input":{"@type":"PropertyValueSpecification","valueRequired":true,"valueName":"search_term_string"}}],"inLanguage":"de-CH"}]},"product_price_amount":"8.51","product_price_currency":"CHF","og_availability":"out of stock","product_availability":"out of stock","product_retailer_item_id":"5903933903279","product_condition":"new"},"_links":{"self":[{"href":"https:\/\/ecosupplements.ch\/index.php?rest_route=\/wp\/v2\/product\/2498","targetHints":{"allow":["GET"]}}],"collection":[{"href":"https:\/\/ecosupplements.ch\/index.php?rest_route=\/wp\/v2\/product"}],"about":[{"href":"https:\/\/ecosupplements.ch\/index.php?rest_route=\/wp\/v2\/types\/product"}],"replies":[{"embeddable":true,"href":"https:\/\/ecosupplements.ch\/index.php?rest_route=%2Fwp%2Fv2%2Fcomments&post=2498"}],"wp:featuredmedia":[{"embeddable":true,"href":"https:\/\/ecosupplements.ch\/index.php?rest_route=\/wp\/v2\/media\/2499"}],"wp:attachment":[{"href":"https:\/\/ecosupplements.ch\/index.php?rest_route=%2Fwp%2Fv2%2Fmedia&parent=2498"}],"wp:term":[{"taxonomy":"product_brand","embeddable":true,"href":"https:\/\/ecosupplements.ch\/index.php?rest_route=%2Fwp%2Fv2%2Fproduct_brand&post=2498"},{"taxonomy":"product_cat","embeddable":true,"href":"https:\/\/ecosupplements.ch\/index.php?rest_route=%2Fwp%2Fv2%2Fproduct_cat&post=2498"},{"taxonomy":"product_tag","embeddable":true,"href":"https:\/\/ecosupplements.ch\/index.php?rest_route=%2Fwp%2Fv2%2Fproduct_tag&post=2498"}],"curies":[{"name":"wp","href":"https:\/\/api.w.org\/{rel}","templated":true}]}}