{"id":2502,"date":"2026-05-11T14:38:22","date_gmt":"2026-05-11T14:38:22","guid":{"rendered":"https:\/\/ecosupplements.ch\/?product=glucose-180-vcaps"},"modified":"2026-05-13T07:23:38","modified_gmt":"2026-05-13T07:23:38","slug":"glucose-180-vcaps","status":"publish","type":"product","link":"https:\/\/ecosupplements.ch\/?product=glucose-180-vcaps","title":{"rendered":"Glucose &#8211; 180 vcaps"},"content":{"rendered":"<div class=\"chcg-product-description\">\n<h2 class=\"chcg-heading\">\u00dcber Revive \u2013 Glucose \u2013 180 Vkaps<\/h2>\n<div class=\"chcg-intro\">\n<p>Revive Glucose ist ein sorgf\u00e4ltig zusammengestelltes Nahrungserg\u00e4nzungsmittel, das eine Kombination aus Vitaminen, Mineralstoffen und pflanzlichen Extrakten enth\u00e4lt. Die Formel vereint bew\u00e4hrte Inhaltsstoffe wie Berberin HCl, Zimt-Extrakt, Gymnema-Extrakt und R-Alpha-Lipons\u00e4ure mit wichtigen Mikron\u00e4hrstoffen wie Vitamin C, Vitamin D3, B-Vitaminen und Chrom \u2013 allesamt in einer praktischen, vegetarischen Kapsel.<\/p>\n<p>Chrom tr\u00e4gt zur normalen Verstoffwechselung von Makron\u00e4hrstoffen sowie zur Aufrechterhaltung eines normalen Blutzuckerspiegels bei. Vitamin C und Vitamin B6 unterst\u00fctzen den normalen Energiestoffwechsel, w\u00e4hrend Vitamin D3 zur normalen Funktion des Immunsystems beitr\u00e4gt. Die Formel wird durch AstraGin\u2122 und BioPerine\u00ae erg\u00e4nzt, welche die Aufnahme der Inhaltsstoffe optimieren sollen.<\/p>\n<p>Mit 180 vegetarischen Kapseln pro Beh\u00e4lter und 30 Portionen \u00e0 6 Kapseln bietet Revive Glucose eine hochwertige und umfassende Erg\u00e4nzung f\u00fcr Personen, die eine ausgewogene Mikron\u00e4hrstoffversorgung anstreben. Das Produkt ist vegan, glutenfrei und laktosefrei.<\/p>\n<\/p><\/div>\n<div class=\"chcg-nutrition\">\n<h3>N\u00e4hrwertangaben<\/h3>\n<table class=\"chcg-nutrition-table\">\n<thead>\n<tr>\n<th>N\u00e4hrstoff<\/th>\n<th>Pro Portion (6 Kapseln)<\/th>\n<\/tr>\n<\/thead>\n<tbody>\n<tr>\n<td>Vitamin C (als Ascorbins\u00e4ure)<\/td>\n<td>250 mg (313 % NRV)<\/td>\n<\/tr>\n<tr>\n<td>Vitamin D3 (als Cholecalciferol)<\/td>\n<td>50 \u00b5g (1000 % NRV)<\/td>\n<\/tr>\n<tr>\n<td>Vitamin B1 (als Thiaminmononitrat)<\/td>\n<td>10 mg (909 % NRV)<\/td>\n<\/tr>\n<tr>\n<td>Vitamin B3 (als Niacinamid)<\/td>\n<td>20 mg (125 % NRV)<\/td>\n<\/tr>\n<tr>\n<td>Vitamin B6 (als Pyridoxin HCl)<\/td>\n<td>10 mg (714 % NRV)<\/td>\n<\/tr>\n<tr>\n<td>Vitamin B12 (als Methylcobalamin)<\/td>\n<td>250 \u00b5g (10 000 % NRV)<\/td>\n<\/tr>\n<tr>\n<td>Chrom (als Chrompicolin)<\/td>\n<td>600 \u00b5g (1500 % NRV)<\/td>\n<\/tr>\n<tr>\n<td>Berberin HCl (Berberis aristata) (Rinde)<\/td>\n<td>1500 mg *<\/td>\n<\/tr>\n<tr>\n<td>Citrus Bergamot Extrakt (Citrus bergamia) (Frucht)<\/td>\n<td>500 mg *<\/td>\n<\/tr>\n<tr>\n<td>Traubenkernextrakt (Vitis vinifera) (Kern)<\/td>\n<td>300 mg *<\/td>\n<\/tr>\n<tr>\n<td>Zimtextrakt 4:1 (Cinnamomum spp.) (Rinde)<\/td>\n<td>300 mg *<\/td>\n<\/tr>\n<tr>\n<td>R-Alpha-Lipons\u00e4ure (davon 165 mg aktives R(+)-ALA-Isomer)<\/td>\n<td>200 mg *<\/td>\n<\/tr>\n<tr>\n<td>Bockshornklee (Trigonella foenum-graecum) (Samen)<\/td>\n<td>200 mg *<\/td>\n<\/tr>\n<tr>\n<td>Gymnema-Extrakt (Blatt) (Std. 75 % Gymnemas\u00e4uren)<\/td>\n<td>175 mg *<\/td>\n<\/tr>\n<tr>\n<td>AstraGin\u2122 (Astragalus membranaceus &amp; Panax notoginseng) (Wurzel) Extrakte<\/td>\n<td>25 mg *<\/td>\n<\/tr>\n<tr>\n<td>BioPerine\u00ae (Schwarzpfeffer-Fruchtextrakt)<\/td>\n<td>5 mg *<\/td>\n<\/tr>\n<\/tbody>\n<\/table>\n<p class=\"chcg-footnote\">NRV = Referenzwert f\u00fcr die N\u00e4hrstoffzufuhr (Nutrient Reference Value)<\/p>\n<p class=\"chcg-footnote\">* Kein festgelegter Referenzwert f\u00fcr die N\u00e4hrstoffzufuhr<\/p>\n<p class=\"chcg-footnote\">Portionsgr\u00f6sse: 6 Kapseln | Portionen pro Beh\u00e4lter: 30<\/p>\n<\/p><\/div>\n<div class=\"chcg-ingredients\">\n<h3>Zutaten<\/h3>\n<p>Vitamin C (als Ascorbins\u00e4ure), Vitamin D3 (als Cholecalciferol), Thiamin (als Thiaminmononitrat) (Vitamin B1), Niacinamid (Vitamin B3), Vitamin B6 (als Pyridoxin HCl), Vitamin B12 (als Methylcobalamin), Chrom (als Chrompicolin), Berberin HCl (aus Berberis aristata Rinde), Bergamotte (Citrus bergamia) (Frucht) Extrakt, Traubenkern (Vitis vinifera) Extrakt (Std. auf 50 % Polyphenole), Zimt (Cinnamomum spp.) (Rinde) Extrakt 4:1, R-Alpha-Lipons\u00e4ure, Bockshornklee (Trigonella foenum-graecum) (Samen), Gymnema (Blatt) Extrakt (Std. auf 75 % Gymnemas\u00e4uren), AstraGin\u2122 (Astragalus membranaceus &amp; Panax notoginseng) (Wurzel) Extrakte, BioPerine\u00ae (Schwarzpfeffer-Fruchtextrakt), Hypromellose (vegetarische Kapsel), Dicalciumphosphat, Magnesiumstearat (pflanzliche Quelle), Siliciumdioxid.<\/p>\n<p class=\"chcg-capsule-shell\">Kapselh\u00fclle: Hypromellose (vegetarische Kapsel)<\/p>\n<\/p><\/div>\n<div class=\"chcg-dosage\">\n<h3>Verzehrempfehlung<\/h3>\n<p>Als Nahrungserg\u00e4nzungsmittel t\u00e4glich bis zu dreimal 2 Kapseln zu einer kohlenhydrathaltigen Mahlzeit einnehmen, vorzugsweise nicht direkt vor oder nach dem Training. Die maximale Tagesdosis betr\u00e4gt 6 Kapseln.<\/p>\n<\/p><\/div>\n<div class=\"chcg-warnings\">\n<h3>Warnhinweise<\/h3>\n<p>Bitte konsultieren Sie vor der Einnahme Ihren Arzt, wenn Sie schwanger sind oder stillen, unter 18 Jahre alt sind oder sich in \u00e4rztlicher Behandlung f\u00fcr eine medizinische Erkrankung befinden. Nicht kaufen, wenn das \u00e4ussere Siegel gebrochen oder besch\u00e4digt ist. Die empfohlene Tagesdosis nicht \u00fcberschreiten. Ausserhalb der Reichweite von Kindern aufbewahren. Dieses Produkt ist kein Arzneimittel und nicht dazu bestimmt, Krankheiten zu diagnostizieren, zu behandeln, zu heilen oder vorzubeugen.<\/p>\n<\/p><\/div>\n<div class=\"chcg-allergens\">\n<h3>Allergeninformationen<\/h3>\n<p>Keine der grossen Allergene als Inhaltsstoff deklariert. Hergestellt in einem Betrieb, der alle grossen Allergene verarbeitet (Milch, Eier, Schalentiere, Schalenfr\u00fcchte, Erdn\u00fcsse, Weizen, Soja, Sesam). Kreuzkontaminationen k\u00f6nnen daher nicht ausgeschlossen werden.<\/p>\n<\/p><\/div>\n<div class=\"chcg-storage\">\n<h3>Lagerung<\/h3>\n<p>An einem k\u00fchlen, trockenen Ort aufbewahren.<\/p>\n<\/p><\/div>\n<div class=\"chcg-dietary\">\n<h3>Ern\u00e4hrungshinweise<\/h3>\n<ul>\n<li>Vegan<\/li>\n<li>Vegetarisch<\/li>\n<li>Glutenfrei<\/li>\n<li>Laktosefrei<\/li>\n<\/ul><\/div>\n<\/div>\n","protected":false},"excerpt":{"rendered":"<p>Revive Glucose liefert Chrom, B-Vitamine und pflanzliche Extrakte wie Berberin und Zimt in einer praktischen vegetarischen Kapsel. 180 Vkaps pro Beh\u00e4lter \u2013 vegan, glutenfrei und laktosefrei.<\/p>\n","protected":false},"featured_media":2503,"comment_status":"closed","ping_status":"open","template":"","meta":[],"product_brand":[227],"product_cat":[48,25,55],"product_tag":[],"class_list":{"0":"post-2502","1":"product","2":"type-product","3":"status-publish","4":"has-post-thumbnail","6":"product_brand-revive","7":"product_cat-gesunde-ernaehrung","8":"product_cat-gesundheit-und-wohlbefinden","9":"product_cat-spezialformel","11":"first","12":"outofstock","13":"taxable","14":"shipping-taxable","15":"purchasable","16":"product-type-simple"},"yoast_head":"<!-- This site is optimized with the Yoast SEO plugin v27.5 - https:\/\/yoast.com\/product\/yoast-seo-wordpress\/ -->\n<title>Glucose 180 Vkaps \u2013 Revive | ecosupplements.ch<\/title>\n<meta name=\"description\" content=\"Revive Glucose mit Berberin, Chrom &amp; B-Vitaminen \u2013 180 vegane Kapseln pro Beh\u00e4lter. Glutenfrei und laktosefrei. Jetzt bestellen.\" \/>\n<meta name=\"robots\" content=\"index, follow, max-snippet:-1, max-image-preview:large, max-video-preview:-1\" \/>\n<link rel=\"canonical\" href=\"https:\/\/ecosupplements.ch\/?product=glucose-180-vcaps\" \/>\n<meta property=\"og:locale\" content=\"de_DE\" \/>\n<meta property=\"og:type\" content=\"article\" \/>\n<meta property=\"og:title\" content=\"Glucose 180 Vkaps \u2013 Revive | ecosupplements.ch\" \/>\n<meta property=\"og:description\" content=\"Revive Glucose mit Berberin, Chrom &amp; B-Vitaminen \u2013 180 vegane Kapseln pro Beh\u00e4lter. Glutenfrei und laktosefrei. Jetzt bestellen.\" \/>\n<meta property=\"og:url\" content=\"https:\/\/ecosupplements.ch\/?product=glucose-180-vcaps\" \/>\n<meta property=\"og:site_name\" content=\"Eco Supplements\" \/>\n<meta property=\"article:modified_time\" content=\"2026-05-13T07:23:38+00:00\" \/>\n<meta property=\"og:image\" content=\"https:\/\/ecosupplements.ch\/wp-content\/uploads\/2026\/05\/Glucose-180-vcaps.jpg\" \/>\n\t<meta property=\"og:image:width\" content=\"600\" \/>\n\t<meta property=\"og:image:height\" content=\"600\" \/>\n\t<meta property=\"og:image:type\" content=\"image\/jpeg\" \/>\n<meta name=\"twitter:card\" content=\"summary_large_image\" \/>\n<meta name=\"twitter:label1\" content=\"Price\" \/>\n\t<meta name=\"twitter:data1\" content=\"&#067;&#072;&#070;&nbsp;53.15\" \/>\n\t<meta name=\"twitter:label2\" content=\"Availability\" \/>\n\t<meta name=\"twitter:data2\" content=\"Out of stock\" \/>\n<script type=\"application\/ld+json\" class=\"yoast-schema-graph\">{\"@context\":\"https:\\\/\\\/schema.org\",\"@graph\":[{\"@type\":\"WebPage\",\"@id\":\"https:\\\/\\\/ecosupplements.ch\\\/?product=glucose-180-vcaps\",\"url\":\"https:\\\/\\\/ecosupplements.ch\\\/?product=glucose-180-vcaps\",\"name\":\"Glucose 180 Vkaps \u2013 Revive | ecosupplements.ch\",\"isPartOf\":{\"@id\":\"https:\\\/\\\/ecosupplements.ch\\\/#website\"},\"primaryImageOfPage\":{\"@id\":\"https:\\\/\\\/ecosupplements.ch\\\/?product=glucose-180-vcaps#primaryimage\"},\"image\":{\"@id\":\"https:\\\/\\\/ecosupplements.ch\\\/?product=glucose-180-vcaps#primaryimage\"},\"thumbnailUrl\":\"https:\\\/\\\/ecosupplements.ch\\\/wp-content\\\/uploads\\\/2026\\\/05\\\/Glucose-180-vcaps.jpg\",\"datePublished\":\"2026-05-11T14:38:22+00:00\",\"dateModified\":\"2026-05-13T07:23:38+00:00\",\"description\":\"Revive Glucose mit Berberin, Chrom & B-Vitaminen \u2013 180 vegane Kapseln pro Beh\u00e4lter. Glutenfrei und laktosefrei. Jetzt bestellen.\",\"breadcrumb\":{\"@id\":\"https:\\\/\\\/ecosupplements.ch\\\/?product=glucose-180-vcaps#breadcrumb\"},\"inLanguage\":\"de-CH\",\"potentialAction\":[{\"@type\":\"ReadAction\",\"target\":[\"https:\\\/\\\/ecosupplements.ch\\\/?product=glucose-180-vcaps\"]}]},{\"@type\":\"ImageObject\",\"inLanguage\":\"de-CH\",\"@id\":\"https:\\\/\\\/ecosupplements.ch\\\/?product=glucose-180-vcaps#primaryimage\",\"url\":\"https:\\\/\\\/ecosupplements.ch\\\/wp-content\\\/uploads\\\/2026\\\/05\\\/Glucose-180-vcaps.jpg\",\"contentUrl\":\"https:\\\/\\\/ecosupplements.ch\\\/wp-content\\\/uploads\\\/2026\\\/05\\\/Glucose-180-vcaps.jpg\",\"width\":600,\"height\":600,\"caption\":\"Glucose - 180 vcaps\"},{\"@type\":\"BreadcrumbList\",\"@id\":\"https:\\\/\\\/ecosupplements.ch\\\/?product=glucose-180-vcaps#breadcrumb\",\"itemListElement\":[{\"@type\":\"ListItem\",\"position\":1,\"name\":\"Home\",\"item\":\"https:\\\/\\\/ecosupplements.ch\\\/\"},{\"@type\":\"ListItem\",\"position\":2,\"name\":\"Shop\",\"item\":\"https:\\\/\\\/ecosupplements.ch\\\/?page_id=14\"},{\"@type\":\"ListItem\",\"position\":3,\"name\":\"Glucose &#8211; 180 vcaps\"}]},{\"@type\":\"WebSite\",\"@id\":\"https:\\\/\\\/ecosupplements.ch\\\/#website\",\"url\":\"https:\\\/\\\/ecosupplements.ch\\\/\",\"name\":\"Eco Supplements\",\"description\":\"\",\"potentialAction\":[{\"@type\":\"SearchAction\",\"target\":{\"@type\":\"EntryPoint\",\"urlTemplate\":\"https:\\\/\\\/ecosupplements.ch\\\/?s={search_term_string}\"},\"query-input\":{\"@type\":\"PropertyValueSpecification\",\"valueRequired\":true,\"valueName\":\"search_term_string\"}}],\"inLanguage\":\"de-CH\"}]}<\/script>\n<meta property=\"product:price:amount\" content=\"53.15\" \/>\n<meta property=\"product:price:currency\" content=\"CHF\" \/>\n<meta property=\"og:availability\" content=\"out of stock\" \/>\n<meta property=\"product:availability\" content=\"out of stock\" \/>\n<meta property=\"product:retailer_item_id\" content=\"850030689108\" \/>\n<meta property=\"product:condition\" content=\"new\" \/>\n<!-- \/ Yoast SEO plugin. -->","yoast_head_json":{"title":"Glucose 180 Vkaps \u2013 Revive | ecosupplements.ch","description":"Revive Glucose mit Berberin, Chrom & B-Vitaminen \u2013 180 vegane Kapseln pro Beh\u00e4lter. Glutenfrei und laktosefrei. Jetzt bestellen.","robots":{"index":"index","follow":"follow","max-snippet":"max-snippet:-1","max-image-preview":"max-image-preview:large","max-video-preview":"max-video-preview:-1"},"canonical":"https:\/\/ecosupplements.ch\/?product=glucose-180-vcaps","og_locale":"de_DE","og_type":"article","og_title":"Glucose 180 Vkaps \u2013 Revive | ecosupplements.ch","og_description":"Revive Glucose mit Berberin, Chrom & B-Vitaminen \u2013 180 vegane Kapseln pro Beh\u00e4lter. Glutenfrei und laktosefrei. Jetzt bestellen.","og_url":"https:\/\/ecosupplements.ch\/?product=glucose-180-vcaps","og_site_name":"Eco Supplements","article_modified_time":"2026-05-13T07:23:38+00:00","og_image":[{"width":600,"height":600,"url":"https:\/\/ecosupplements.ch\/wp-content\/uploads\/2026\/05\/Glucose-180-vcaps.jpg","type":"image\/jpeg"}],"twitter_card":"summary_large_image","twitter_misc":{"Price":"&#67;&#72;&#70;&nbsp;53.15","Availability":"Out of stock"},"schema":{"@context":"https:\/\/schema.org","@graph":[{"@type":"WebPage","@id":"https:\/\/ecosupplements.ch\/?product=glucose-180-vcaps","url":"https:\/\/ecosupplements.ch\/?product=glucose-180-vcaps","name":"Glucose 180 Vkaps \u2013 Revive | ecosupplements.ch","isPartOf":{"@id":"https:\/\/ecosupplements.ch\/#website"},"primaryImageOfPage":{"@id":"https:\/\/ecosupplements.ch\/?product=glucose-180-vcaps#primaryimage"},"image":{"@id":"https:\/\/ecosupplements.ch\/?product=glucose-180-vcaps#primaryimage"},"thumbnailUrl":"https:\/\/ecosupplements.ch\/wp-content\/uploads\/2026\/05\/Glucose-180-vcaps.jpg","datePublished":"2026-05-11T14:38:22+00:00","dateModified":"2026-05-13T07:23:38+00:00","description":"Revive Glucose mit Berberin, Chrom & B-Vitaminen \u2013 180 vegane Kapseln pro Beh\u00e4lter. Glutenfrei und laktosefrei. Jetzt bestellen.","breadcrumb":{"@id":"https:\/\/ecosupplements.ch\/?product=glucose-180-vcaps#breadcrumb"},"inLanguage":"de-CH","potentialAction":[{"@type":"ReadAction","target":["https:\/\/ecosupplements.ch\/?product=glucose-180-vcaps"]}]},{"@type":"ImageObject","inLanguage":"de-CH","@id":"https:\/\/ecosupplements.ch\/?product=glucose-180-vcaps#primaryimage","url":"https:\/\/ecosupplements.ch\/wp-content\/uploads\/2026\/05\/Glucose-180-vcaps.jpg","contentUrl":"https:\/\/ecosupplements.ch\/wp-content\/uploads\/2026\/05\/Glucose-180-vcaps.jpg","width":600,"height":600,"caption":"Glucose - 180 vcaps"},{"@type":"BreadcrumbList","@id":"https:\/\/ecosupplements.ch\/?product=glucose-180-vcaps#breadcrumb","itemListElement":[{"@type":"ListItem","position":1,"name":"Home","item":"https:\/\/ecosupplements.ch\/"},{"@type":"ListItem","position":2,"name":"Shop","item":"https:\/\/ecosupplements.ch\/?page_id=14"},{"@type":"ListItem","position":3,"name":"Glucose &#8211; 180 vcaps"}]},{"@type":"WebSite","@id":"https:\/\/ecosupplements.ch\/#website","url":"https:\/\/ecosupplements.ch\/","name":"Eco Supplements","description":"","potentialAction":[{"@type":"SearchAction","target":{"@type":"EntryPoint","urlTemplate":"https:\/\/ecosupplements.ch\/?s={search_term_string}"},"query-input":{"@type":"PropertyValueSpecification","valueRequired":true,"valueName":"search_term_string"}}],"inLanguage":"de-CH"}]},"product_price_amount":"53.15","product_price_currency":"CHF","og_availability":"out of stock","product_availability":"out of stock","product_retailer_item_id":"850030689108","product_condition":"new"},"_links":{"self":[{"href":"https:\/\/ecosupplements.ch\/index.php?rest_route=\/wp\/v2\/product\/2502","targetHints":{"allow":["GET"]}}],"collection":[{"href":"https:\/\/ecosupplements.ch\/index.php?rest_route=\/wp\/v2\/product"}],"about":[{"href":"https:\/\/ecosupplements.ch\/index.php?rest_route=\/wp\/v2\/types\/product"}],"replies":[{"embeddable":true,"href":"https:\/\/ecosupplements.ch\/index.php?rest_route=%2Fwp%2Fv2%2Fcomments&post=2502"}],"wp:featuredmedia":[{"embeddable":true,"href":"https:\/\/ecosupplements.ch\/index.php?rest_route=\/wp\/v2\/media\/2503"}],"wp:attachment":[{"href":"https:\/\/ecosupplements.ch\/index.php?rest_route=%2Fwp%2Fv2%2Fmedia&parent=2502"}],"wp:term":[{"taxonomy":"product_brand","embeddable":true,"href":"https:\/\/ecosupplements.ch\/index.php?rest_route=%2Fwp%2Fv2%2Fproduct_brand&post=2502"},{"taxonomy":"product_cat","embeddable":true,"href":"https:\/\/ecosupplements.ch\/index.php?rest_route=%2Fwp%2Fv2%2Fproduct_cat&post=2502"},{"taxonomy":"product_tag","embeddable":true,"href":"https:\/\/ecosupplements.ch\/index.php?rest_route=%2Fwp%2Fv2%2Fproduct_tag&post=2502"}],"curies":[{"name":"wp","href":"https:\/\/api.w.org\/{rel}","templated":true}]}}