{"id":2521,"date":"2026-05-11T14:38:30","date_gmt":"2026-05-11T14:38:30","guid":{"rendered":"https:\/\/ecosupplements.ch\/?product=alkaline-booster-ph-protector-drops-37-ml"},"modified":"2026-05-13T07:23:40","modified_gmt":"2026-05-13T07:23:40","slug":"alkaline-booster-ph-protector-drops-37-ml","status":"publish","type":"product","link":"https:\/\/ecosupplements.ch\/?product=alkaline-booster-ph-protector-drops-37-ml","title":{"rendered":"Alkaline Booster pH Protector Drops &#8211; 37 ml."},"content":{"rendered":"<div class=\"chcg-product-description\">\n<h2 class=\"chcg-heading\">\u00dcber Swanson \u2013 Alkaline Booster pH Protector Drops \u2013 37 ml<\/h2>\n<div class=\"chcg-intro\">\n<p>Die Swanson Alkaline Booster pH Protector Drops sind ein fl\u00fcssiges Nahrungserg\u00e4nzungsmittel, das entwickelt wurde, um im Rahmen einer ausgewogenen Ern\u00e4hrung zum t\u00e4glichen Wohlbefinden beizutragen. Die praktischen Tropfen lassen sich einfach in Wasser oder ein anderes Getr\u00e4nk einr\u00fchren und eignen sich f\u00fcr den unkomplizierten Alltagseinsatz.<\/p>\n<p>Die Formel enth\u00e4lt eine einzigartige CAW-Mizell-Kombination sowie mineralstoffreiche Bestandteile aus raffiniertem Lignit. Das Produkt ist frei von Fett, Kohlenhydraten und Protein und damit f\u00fcr viele Ern\u00e4hrungsweisen geeignet \u2013 einschliesslich veganer und vegetarischer Lebensweise.<\/p>\n<p>Mit nur 6\u20138 Tropfen pro Anwendung bietet das 37-ml-Fl\u00e4schchen eine sparsame und einfach zu dosierende L\u00f6sung f\u00fcr unterwegs und zu Hause.<\/p>\n<\/p><\/div>\n<div class=\"chcg-nutrition\">\n<h3>N\u00e4hrwertangaben<\/h3>\n<table class=\"chcg-nutrition-table\">\n<thead>\n<tr>\n<th>N\u00e4hrstoff<\/th>\n<th>Pro Portion (6\u20138 Tropfen)<\/th>\n<\/tr>\n<\/thead>\n<tbody>\n<tr>\n<td>Natrium<\/td>\n<td>0 mg<\/td>\n<\/tr>\n<tr>\n<td>Gesamtfett<\/td>\n<td>0 g<\/td>\n<\/tr>\n<tr>\n<td>Gesamtkohlenhydrate<\/td>\n<td>0 g<\/td>\n<\/tr>\n<tr>\n<td>Protein<\/td>\n<td>0 g<\/td>\n<\/tr>\n<\/tbody>\n<\/table><\/div>\n<div class=\"chcg-ingredients\">\n<h3>Zutaten<\/h3>\n<p>Natrium, Wasser, CAW-Mizell (Natriummetasilikat, sulfatiertes Rizinus\u00f6l, Calciumchlorid, Magnesiumsulfat), fossile Inhaltsstoffe aus raffiniertem Lignit.<\/p>\n<\/p><\/div>\n<div class=\"chcg-dosage\">\n<h3>Verzehrempfehlung<\/h3>\n<p>6\u20138 Tropfen in 250 ml (8 oz.) destilliertem Wasser oder einem anderen Getr\u00e4nk nach Bedarf einnehmen. Die Verwendung der pH Protector Drops unverd\u00fcnnt wird nicht empfohlen. Vor der Verwendung gut sch\u00fctteln.<\/p>\n<\/p><\/div>\n<div class=\"chcg-warnings\">\n<h3>Warnhinweise<\/h3>\n<p>Dieses Produkt in Verbindung mit Nahrung als Teil einer gesunden, ausgewogenen Ern\u00e4hrung verwenden \u2013 nicht als Ersatz daf\u00fcr. AUSSERHALB DER REICHWEITE VON KINDERN AUFBEWAHREN! DIE EMPFOHLENE TAGESDOSIS NICHT \u00dcBERSCHREITEN! Nur f\u00fcr Erwachsene. Vor der Einnahme dieses oder eines anderen Produkts einen Arzt konsultieren, wenn Sie schwanger sind oder stillen, Medikamente einnehmen oder an einer Erkrankung leiden.<\/p>\n<\/p><\/div>\n<div class=\"chcg-allergens\">\n<h3>Allergeninformationen<\/h3>\n<p>Keine Allergeninformationen auf dem Etikett angegeben.<\/p>\n<\/p><\/div>\n<div class=\"chcg-dietary\">\n<h3>Ern\u00e4hrungshinweise<\/h3>\n<ul>\n<li>Vegan<\/li>\n<li>Vegetarisch<\/li>\n<\/ul><\/div>\n<\/div>\n","protected":false},"excerpt":{"rendered":"<p>Swanson Alkaline Booster pH Protector Drops unterst\u00fctzen eine ausgewogene Ern\u00e4hrung im Alltag. Die praktische 37-ml-Flasche liefert pro Anwendung 6\u20138 Tropfen, die einfach in Wasser oder ein Getr\u00e4nk gegeben werden. Vegan und vegetarisch geeignet.<\/p>\n","protected":false},"featured_media":2522,"comment_status":"closed","ping_status":"open","template":"","meta":[],"product_brand":[16],"product_cat":[48,25,98],"product_tag":[],"class_list":{"0":"post-2521","1":"product","2":"type-product","3":"status-publish","4":"has-post-thumbnail","6":"product_brand-swanson","7":"product_cat-gesunde-ernaehrung","8":"product_cat-gesundheit-und-wohlbefinden","9":"product_cat-vitalitaet","11":"first","12":"outofstock","13":"taxable","14":"shipping-taxable","15":"purchasable","16":"product-type-simple"},"yoast_head":"<!-- This site is optimized with the Yoast SEO plugin v27.5 - https:\/\/yoast.com\/product\/yoast-seo-wordpress\/ -->\n<title>Alkaline Booster pH Protector Drops \u2013 Swanson | ecosupplements.ch<\/title>\n<meta name=\"description\" content=\"Swanson pH Protector Drops \u2013 fl\u00fcssiges Nahrungserg\u00e4nzungsmittel, 37 ml, vegan, einfach in Wasser dosierbar. Jetzt bestellen.\" \/>\n<meta name=\"robots\" content=\"index, follow, max-snippet:-1, max-image-preview:large, max-video-preview:-1\" \/>\n<link rel=\"canonical\" href=\"https:\/\/ecosupplements.ch\/?product=alkaline-booster-ph-protector-drops-37-ml\" \/>\n<meta property=\"og:locale\" content=\"de_DE\" \/>\n<meta property=\"og:type\" content=\"article\" \/>\n<meta property=\"og:title\" content=\"Alkaline Booster pH Protector Drops \u2013 Swanson | ecosupplements.ch\" \/>\n<meta property=\"og:description\" content=\"Swanson pH Protector Drops \u2013 fl\u00fcssiges Nahrungserg\u00e4nzungsmittel, 37 ml, vegan, einfach in Wasser dosierbar. Jetzt bestellen.\" \/>\n<meta property=\"og:url\" content=\"https:\/\/ecosupplements.ch\/?product=alkaline-booster-ph-protector-drops-37-ml\" \/>\n<meta property=\"og:site_name\" content=\"Eco Supplements\" \/>\n<meta property=\"article:modified_time\" content=\"2026-05-13T07:23:40+00:00\" \/>\n<meta property=\"og:image\" content=\"https:\/\/ecosupplements.ch\/wp-content\/uploads\/2026\/05\/Alkaline-Booster-pH-Protector-Drops-37-ml.jpg\" \/>\n\t<meta property=\"og:image:width\" content=\"255\" \/>\n\t<meta property=\"og:image:height\" content=\"507\" \/>\n\t<meta property=\"og:image:type\" content=\"image\/jpeg\" \/>\n<meta name=\"twitter:card\" content=\"summary_large_image\" \/>\n<meta name=\"twitter:label1\" content=\"Price\" \/>\n\t<meta name=\"twitter:data1\" content=\"&#067;&#072;&#070;&nbsp;10.43\" \/>\n\t<meta name=\"twitter:label2\" content=\"Availability\" \/>\n\t<meta name=\"twitter:data2\" content=\"Out of stock\" \/>\n<script type=\"application\/ld+json\" class=\"yoast-schema-graph\">{\"@context\":\"https:\\\/\\\/schema.org\",\"@graph\":[{\"@type\":\"WebPage\",\"@id\":\"https:\\\/\\\/ecosupplements.ch\\\/?product=alkaline-booster-ph-protector-drops-37-ml\",\"url\":\"https:\\\/\\\/ecosupplements.ch\\\/?product=alkaline-booster-ph-protector-drops-37-ml\",\"name\":\"Alkaline Booster pH Protector Drops \u2013 Swanson | ecosupplements.ch\",\"isPartOf\":{\"@id\":\"https:\\\/\\\/ecosupplements.ch\\\/#website\"},\"primaryImageOfPage\":{\"@id\":\"https:\\\/\\\/ecosupplements.ch\\\/?product=alkaline-booster-ph-protector-drops-37-ml#primaryimage\"},\"image\":{\"@id\":\"https:\\\/\\\/ecosupplements.ch\\\/?product=alkaline-booster-ph-protector-drops-37-ml#primaryimage\"},\"thumbnailUrl\":\"https:\\\/\\\/ecosupplements.ch\\\/wp-content\\\/uploads\\\/2026\\\/05\\\/Alkaline-Booster-pH-Protector-Drops-37-ml.jpg\",\"datePublished\":\"2026-05-11T14:38:30+00:00\",\"dateModified\":\"2026-05-13T07:23:40+00:00\",\"description\":\"Swanson pH Protector Drops \u2013 fl\u00fcssiges Nahrungserg\u00e4nzungsmittel, 37 ml, vegan, einfach in Wasser dosierbar. Jetzt bestellen.\",\"breadcrumb\":{\"@id\":\"https:\\\/\\\/ecosupplements.ch\\\/?product=alkaline-booster-ph-protector-drops-37-ml#breadcrumb\"},\"inLanguage\":\"de-CH\",\"potentialAction\":[{\"@type\":\"ReadAction\",\"target\":[\"https:\\\/\\\/ecosupplements.ch\\\/?product=alkaline-booster-ph-protector-drops-37-ml\"]}]},{\"@type\":\"ImageObject\",\"inLanguage\":\"de-CH\",\"@id\":\"https:\\\/\\\/ecosupplements.ch\\\/?product=alkaline-booster-ph-protector-drops-37-ml#primaryimage\",\"url\":\"https:\\\/\\\/ecosupplements.ch\\\/wp-content\\\/uploads\\\/2026\\\/05\\\/Alkaline-Booster-pH-Protector-Drops-37-ml.jpg\",\"contentUrl\":\"https:\\\/\\\/ecosupplements.ch\\\/wp-content\\\/uploads\\\/2026\\\/05\\\/Alkaline-Booster-pH-Protector-Drops-37-ml.jpg\",\"width\":255,\"height\":507,\"caption\":\"Alkaline Booster pH Protector Drops - 37 ml.\"},{\"@type\":\"BreadcrumbList\",\"@id\":\"https:\\\/\\\/ecosupplements.ch\\\/?product=alkaline-booster-ph-protector-drops-37-ml#breadcrumb\",\"itemListElement\":[{\"@type\":\"ListItem\",\"position\":1,\"name\":\"Home\",\"item\":\"https:\\\/\\\/ecosupplements.ch\\\/\"},{\"@type\":\"ListItem\",\"position\":2,\"name\":\"Shop\",\"item\":\"https:\\\/\\\/ecosupplements.ch\\\/?page_id=14\"},{\"@type\":\"ListItem\",\"position\":3,\"name\":\"Alkaline Booster pH Protector Drops &#8211; 37 ml.\"}]},{\"@type\":\"WebSite\",\"@id\":\"https:\\\/\\\/ecosupplements.ch\\\/#website\",\"url\":\"https:\\\/\\\/ecosupplements.ch\\\/\",\"name\":\"Eco Supplements\",\"description\":\"\",\"potentialAction\":[{\"@type\":\"SearchAction\",\"target\":{\"@type\":\"EntryPoint\",\"urlTemplate\":\"https:\\\/\\\/ecosupplements.ch\\\/?s={search_term_string}\"},\"query-input\":{\"@type\":\"PropertyValueSpecification\",\"valueRequired\":true,\"valueName\":\"search_term_string\"}}],\"inLanguage\":\"de-CH\"}]}<\/script>\n<meta property=\"product:price:amount\" content=\"10.43\" \/>\n<meta property=\"product:price:currency\" content=\"CHF\" \/>\n<meta property=\"og:availability\" content=\"out of stock\" \/>\n<meta property=\"product:availability\" content=\"out of stock\" \/>\n<meta property=\"product:retailer_item_id\" content=\"087614100098\" \/>\n<meta property=\"product:condition\" content=\"new\" \/>\n<!-- \/ Yoast SEO plugin. -->","yoast_head_json":{"title":"Alkaline Booster pH Protector Drops \u2013 Swanson | ecosupplements.ch","description":"Swanson pH Protector Drops \u2013 fl\u00fcssiges Nahrungserg\u00e4nzungsmittel, 37 ml, vegan, einfach in Wasser dosierbar. Jetzt bestellen.","robots":{"index":"index","follow":"follow","max-snippet":"max-snippet:-1","max-image-preview":"max-image-preview:large","max-video-preview":"max-video-preview:-1"},"canonical":"https:\/\/ecosupplements.ch\/?product=alkaline-booster-ph-protector-drops-37-ml","og_locale":"de_DE","og_type":"article","og_title":"Alkaline Booster pH Protector Drops \u2013 Swanson | ecosupplements.ch","og_description":"Swanson pH Protector Drops \u2013 fl\u00fcssiges Nahrungserg\u00e4nzungsmittel, 37 ml, vegan, einfach in Wasser dosierbar. Jetzt bestellen.","og_url":"https:\/\/ecosupplements.ch\/?product=alkaline-booster-ph-protector-drops-37-ml","og_site_name":"Eco Supplements","article_modified_time":"2026-05-13T07:23:40+00:00","og_image":[{"width":255,"height":507,"url":"https:\/\/ecosupplements.ch\/wp-content\/uploads\/2026\/05\/Alkaline-Booster-pH-Protector-Drops-37-ml.jpg","type":"image\/jpeg"}],"twitter_card":"summary_large_image","twitter_misc":{"Price":"&#67;&#72;&#70;&nbsp;10.43","Availability":"Out of stock"},"schema":{"@context":"https:\/\/schema.org","@graph":[{"@type":"WebPage","@id":"https:\/\/ecosupplements.ch\/?product=alkaline-booster-ph-protector-drops-37-ml","url":"https:\/\/ecosupplements.ch\/?product=alkaline-booster-ph-protector-drops-37-ml","name":"Alkaline Booster pH Protector Drops \u2013 Swanson | ecosupplements.ch","isPartOf":{"@id":"https:\/\/ecosupplements.ch\/#website"},"primaryImageOfPage":{"@id":"https:\/\/ecosupplements.ch\/?product=alkaline-booster-ph-protector-drops-37-ml#primaryimage"},"image":{"@id":"https:\/\/ecosupplements.ch\/?product=alkaline-booster-ph-protector-drops-37-ml#primaryimage"},"thumbnailUrl":"https:\/\/ecosupplements.ch\/wp-content\/uploads\/2026\/05\/Alkaline-Booster-pH-Protector-Drops-37-ml.jpg","datePublished":"2026-05-11T14:38:30+00:00","dateModified":"2026-05-13T07:23:40+00:00","description":"Swanson pH Protector Drops \u2013 fl\u00fcssiges Nahrungserg\u00e4nzungsmittel, 37 ml, vegan, einfach in Wasser dosierbar. Jetzt bestellen.","breadcrumb":{"@id":"https:\/\/ecosupplements.ch\/?product=alkaline-booster-ph-protector-drops-37-ml#breadcrumb"},"inLanguage":"de-CH","potentialAction":[{"@type":"ReadAction","target":["https:\/\/ecosupplements.ch\/?product=alkaline-booster-ph-protector-drops-37-ml"]}]},{"@type":"ImageObject","inLanguage":"de-CH","@id":"https:\/\/ecosupplements.ch\/?product=alkaline-booster-ph-protector-drops-37-ml#primaryimage","url":"https:\/\/ecosupplements.ch\/wp-content\/uploads\/2026\/05\/Alkaline-Booster-pH-Protector-Drops-37-ml.jpg","contentUrl":"https:\/\/ecosupplements.ch\/wp-content\/uploads\/2026\/05\/Alkaline-Booster-pH-Protector-Drops-37-ml.jpg","width":255,"height":507,"caption":"Alkaline Booster pH Protector Drops - 37 ml."},{"@type":"BreadcrumbList","@id":"https:\/\/ecosupplements.ch\/?product=alkaline-booster-ph-protector-drops-37-ml#breadcrumb","itemListElement":[{"@type":"ListItem","position":1,"name":"Home","item":"https:\/\/ecosupplements.ch\/"},{"@type":"ListItem","position":2,"name":"Shop","item":"https:\/\/ecosupplements.ch\/?page_id=14"},{"@type":"ListItem","position":3,"name":"Alkaline Booster pH Protector Drops &#8211; 37 ml."}]},{"@type":"WebSite","@id":"https:\/\/ecosupplements.ch\/#website","url":"https:\/\/ecosupplements.ch\/","name":"Eco Supplements","description":"","potentialAction":[{"@type":"SearchAction","target":{"@type":"EntryPoint","urlTemplate":"https:\/\/ecosupplements.ch\/?s={search_term_string}"},"query-input":{"@type":"PropertyValueSpecification","valueRequired":true,"valueName":"search_term_string"}}],"inLanguage":"de-CH"}]},"product_price_amount":"10.43","product_price_currency":"CHF","og_availability":"out of stock","product_availability":"out of stock","product_retailer_item_id":"087614100098","product_condition":"new"},"_links":{"self":[{"href":"https:\/\/ecosupplements.ch\/index.php?rest_route=\/wp\/v2\/product\/2521","targetHints":{"allow":["GET"]}}],"collection":[{"href":"https:\/\/ecosupplements.ch\/index.php?rest_route=\/wp\/v2\/product"}],"about":[{"href":"https:\/\/ecosupplements.ch\/index.php?rest_route=\/wp\/v2\/types\/product"}],"replies":[{"embeddable":true,"href":"https:\/\/ecosupplements.ch\/index.php?rest_route=%2Fwp%2Fv2%2Fcomments&post=2521"}],"wp:featuredmedia":[{"embeddable":true,"href":"https:\/\/ecosupplements.ch\/index.php?rest_route=\/wp\/v2\/media\/2522"}],"wp:attachment":[{"href":"https:\/\/ecosupplements.ch\/index.php?rest_route=%2Fwp%2Fv2%2Fmedia&parent=2521"}],"wp:term":[{"taxonomy":"product_brand","embeddable":true,"href":"https:\/\/ecosupplements.ch\/index.php?rest_route=%2Fwp%2Fv2%2Fproduct_brand&post=2521"},{"taxonomy":"product_cat","embeddable":true,"href":"https:\/\/ecosupplements.ch\/index.php?rest_route=%2Fwp%2Fv2%2Fproduct_cat&post=2521"},{"taxonomy":"product_tag","embeddable":true,"href":"https:\/\/ecosupplements.ch\/index.php?rest_route=%2Fwp%2Fv2%2Fproduct_tag&post=2521"}],"curies":[{"name":"wp","href":"https:\/\/api.w.org\/{rel}","templated":true}]}}