{"id":2529,"date":"2026-05-11T14:38:33","date_gmt":"2026-05-11T14:38:33","guid":{"rendered":"https:\/\/ecosupplements.ch\/?product=astaxanthin-zeaxanthin-60-softgels"},"modified":"2026-05-13T07:23:42","modified_gmt":"2026-05-13T07:23:42","slug":"astaxanthin-zeaxanthin-60-softgels","status":"publish","type":"product","link":"https:\/\/ecosupplements.ch\/?product=astaxanthin-zeaxanthin-60-softgels","title":{"rendered":"Astaxanthin &amp; Zeaxanthin &#8211; 60 softgels"},"content":{"rendered":"<div class=\"chcg-product-description\">\n<h2 class=\"chcg-heading\">\u00dcber Swanson \u2013 Astaxanthin &amp; Zeaxanthin \u2013 60 Softgels<\/h2>\n<div class=\"chcg-intro\">\n<p>Astaxanthin und Zeaxanthin sind zwei kraftvolle Carotinoide, die in der Natur in bestimmten Algen und Paprika vorkommen. Swanson kombiniert in diesem Produkt 4 mg nat\u00fcrliches Astaxanthin aus <em>Haematococcus pluvialis<\/em> mit 4 mg OmniXan Zeaxanthin aus Paprika (<em>Capsicum annuum<\/em>) \u2013 beides in praktischer Softgel-Form f\u00fcr eine optimale Aufnahme.<\/p>\n<p>Zeaxanthin tr\u00e4gt zum Schutz der Augen vor oxidativem Stress bei und unterst\u00fctzt eine normale Sehfunktion. Es geh\u00f6rt zu den Carotinoiden, die sich im Makulapigment des Auges anreichern und dort eine wichtige Rolle spielen. Astaxanthin ist ein weiteres Carotinoid mit antioxidativen Eigenschaften, das in der Forschung zunehmend Beachtung findet.<\/p>\n<p>Die Softgels von Swanson sind einfach zu schlucken und werden mit Sonnenblumen\u00f6l formuliert, was die Absorption der fettl\u00f6slichen Carotinoide unterst\u00fctzt. Mit 60 Softgels pro Packung erhalten Sie eine Versorgung f\u00fcr ganze 60 Tage bei t\u00e4glicher Einnahme.<\/p>\n<\/p><\/div>\n<div class=\"chcg-nutrition\">\n<h3>N\u00e4hrwertangaben<\/h3>\n<table class=\"chcg-nutrition-table\">\n<thead>\n<tr>\n<th>N\u00e4hrstoff<\/th>\n<th>Pro Portion (1 Softgel)<\/th>\n<\/tr>\n<\/thead>\n<tbody>\n<tr>\n<td>Astaxanthin (aus <em>Haematococcus pluvialis<\/em>)<\/td>\n<td>4 mg*<\/td>\n<\/tr>\n<tr>\n<td>OmniXan Zeaxanthin [aus Paprika (<em>Capsicum annuum<\/em>) (Frucht)]<\/td>\n<td>4 mg*<\/td>\n<\/tr>\n<\/tbody>\n<\/table>\n<p class=\"chcg-footnote\">* Kein festgelegter Tagesreferenzwert vorhanden.<\/p>\n<\/p><\/div>\n<div class=\"chcg-ingredients\">\n<h3>Zutaten<\/h3>\n<p>Astaxanthin (aus <em>Haematococcus pluvialis<\/em>), OmniXan Zeaxanthin [aus Paprika (<em>Capsicum annuum<\/em>) (Frucht)], Gelatine, Glycerin, gereinigtes Wasser, Sonnenblumen\u00f6l, Sonnenblumenlecithin, Bienenwachs.<\/p>\n<p class=\"chcg-capsule-shell\">Kapselh\u00fclle: Gelatine, Glycerin, gereinigtes Wasser.<\/p>\n<\/p><\/div>\n<div class=\"chcg-dosage\">\n<h3>Verzehrempfehlung<\/h3>\n<p>Als Nahrungserg\u00e4nzungsmittel t\u00e4glich ein Softgel mit Wasser einnehmen.<\/p>\n<\/p><\/div>\n<div class=\"chcg-warnings\">\n<h3>Warnhinweise<\/h3>\n<p>Nur f\u00fcr Erwachsene. Konsultieren Sie Ihren Arzt, bevor Sie dieses oder ein anderes Produkt verwenden, wenn Sie schwanger sind oder stillen, Medikamente einnehmen oder an einer Erkrankung leiden. Ausserhalb der Reichweite von Kindern aufbewahren.<\/p>\n<\/p><\/div>\n<div class=\"chcg-allergens\">\n<h3>Allergeninformationen<\/h3>\n<p>Keine Allergene sind ausdr\u00fccklich auf dem Etikett deklariert. Das Produkt enth\u00e4lt Gelatine (tierischen Ursprungs) sowie Sonnenblumenlecithin (aus Sonnenblume gewonnen).<\/p>\n<\/p><\/div>\n<div class=\"chcg-dietary\">\n<h3>Ern\u00e4hrungshinweise<\/h3>\n<ul>\n<li>Laktosefrei<\/li>\n<\/ul><\/div>\n<\/div>\n","protected":false},"excerpt":{"rendered":"<p>Swanson Astaxanthin &amp; Zeaxanthin liefert je 4 mg dieser nat\u00fcrlichen Carotinoide pro Softgel zur Unterst\u00fctzung der Augen und antioxidativen Schutz. 60 Softgels f\u00fcr 60 Tage Versorgung.<\/p>\n","protected":false},"featured_media":2530,"comment_status":"closed","ping_status":"open","template":"","meta":[],"product_brand":[16],"product_cat":[145,37,48,25,44,21],"product_tag":[],"class_list":{"0":"post-2529","1":"product","2":"type-product","3":"status-publish","4":"has-post-thumbnail","6":"product_brand-swanson","7":"product_cat-astaxanthin","8":"product_cat-augengesundheit","9":"product_cat-gesunde-ernaehrung","10":"product_cat-gesundheit-und-wohlbefinden","11":"product_cat-pflanzliche-nahrungsergaenzungsmittel","12":"product_cat-vitamine-und-mineralstoffe","14":"first","15":"outofstock","16":"taxable","17":"shipping-taxable","18":"purchasable","19":"product-type-simple"},"yoast_head":"<!-- This site is optimized with the Yoast SEO plugin v27.5 - https:\/\/yoast.com\/product\/yoast-seo-wordpress\/ -->\n<title>Astaxanthin &amp; Zeaxanthin 60 Softgels \u2013 Swanson | ecosupplements.ch<\/title>\n<meta name=\"description\" content=\"Nat\u00fcrliche Carotinoide f\u00fcr Augen und antioxidativen Schutz: Swanson Astaxanthin &amp; Zeaxanthin, 60 Softgels. Jetzt bestellen.\" \/>\n<meta name=\"robots\" content=\"index, follow, max-snippet:-1, max-image-preview:large, max-video-preview:-1\" \/>\n<link rel=\"canonical\" href=\"https:\/\/ecosupplements.ch\/?product=astaxanthin-zeaxanthin-60-softgels\" \/>\n<meta property=\"og:locale\" content=\"de_DE\" \/>\n<meta property=\"og:type\" content=\"article\" \/>\n<meta property=\"og:title\" content=\"Astaxanthin &amp; Zeaxanthin 60 Softgels \u2013 Swanson | ecosupplements.ch\" \/>\n<meta property=\"og:description\" content=\"Nat\u00fcrliche Carotinoide f\u00fcr Augen und antioxidativen Schutz: Swanson Astaxanthin &amp; Zeaxanthin, 60 Softgels. Jetzt bestellen.\" \/>\n<meta property=\"og:url\" content=\"https:\/\/ecosupplements.ch\/?product=astaxanthin-zeaxanthin-60-softgels\" \/>\n<meta property=\"og:site_name\" content=\"Eco Supplements\" \/>\n<meta property=\"article:modified_time\" content=\"2026-05-13T07:23:42+00:00\" \/>\n<meta property=\"og:image\" content=\"https:\/\/ecosupplements.ch\/wp-content\/uploads\/2026\/05\/Astaxanthin-Zeaxanthin-60-softgels.jpg\" \/>\n\t<meta property=\"og:image:width\" content=\"650\" \/>\n\t<meta property=\"og:image:height\" content=\"650\" \/>\n\t<meta property=\"og:image:type\" content=\"image\/jpeg\" \/>\n<meta name=\"twitter:card\" content=\"summary_large_image\" \/>\n<meta name=\"twitter:label1\" content=\"Price\" \/>\n\t<meta name=\"twitter:data1\" content=\"&#067;&#072;&#070;&nbsp;21.29\" \/>\n\t<meta name=\"twitter:label2\" content=\"Availability\" \/>\n\t<meta name=\"twitter:data2\" content=\"Out of stock\" \/>\n<script type=\"application\/ld+json\" class=\"yoast-schema-graph\">{\"@context\":\"https:\\\/\\\/schema.org\",\"@graph\":[{\"@type\":\"WebPage\",\"@id\":\"https:\\\/\\\/ecosupplements.ch\\\/?product=astaxanthin-zeaxanthin-60-softgels\",\"url\":\"https:\\\/\\\/ecosupplements.ch\\\/?product=astaxanthin-zeaxanthin-60-softgels\",\"name\":\"Astaxanthin & Zeaxanthin 60 Softgels \u2013 Swanson | ecosupplements.ch\",\"isPartOf\":{\"@id\":\"https:\\\/\\\/ecosupplements.ch\\\/#website\"},\"primaryImageOfPage\":{\"@id\":\"https:\\\/\\\/ecosupplements.ch\\\/?product=astaxanthin-zeaxanthin-60-softgels#primaryimage\"},\"image\":{\"@id\":\"https:\\\/\\\/ecosupplements.ch\\\/?product=astaxanthin-zeaxanthin-60-softgels#primaryimage\"},\"thumbnailUrl\":\"https:\\\/\\\/ecosupplements.ch\\\/wp-content\\\/uploads\\\/2026\\\/05\\\/Astaxanthin-Zeaxanthin-60-softgels.jpg\",\"datePublished\":\"2026-05-11T14:38:33+00:00\",\"dateModified\":\"2026-05-13T07:23:42+00:00\",\"description\":\"Nat\u00fcrliche Carotinoide f\u00fcr Augen und antioxidativen Schutz: Swanson Astaxanthin & Zeaxanthin, 60 Softgels. Jetzt bestellen.\",\"breadcrumb\":{\"@id\":\"https:\\\/\\\/ecosupplements.ch\\\/?product=astaxanthin-zeaxanthin-60-softgels#breadcrumb\"},\"inLanguage\":\"de-CH\",\"potentialAction\":[{\"@type\":\"ReadAction\",\"target\":[\"https:\\\/\\\/ecosupplements.ch\\\/?product=astaxanthin-zeaxanthin-60-softgels\"]}]},{\"@type\":\"ImageObject\",\"inLanguage\":\"de-CH\",\"@id\":\"https:\\\/\\\/ecosupplements.ch\\\/?product=astaxanthin-zeaxanthin-60-softgels#primaryimage\",\"url\":\"https:\\\/\\\/ecosupplements.ch\\\/wp-content\\\/uploads\\\/2026\\\/05\\\/Astaxanthin-Zeaxanthin-60-softgels.jpg\",\"contentUrl\":\"https:\\\/\\\/ecosupplements.ch\\\/wp-content\\\/uploads\\\/2026\\\/05\\\/Astaxanthin-Zeaxanthin-60-softgels.jpg\",\"width\":650,\"height\":650,\"caption\":\"Astaxanthin & Zeaxanthin - 60 softgels\"},{\"@type\":\"BreadcrumbList\",\"@id\":\"https:\\\/\\\/ecosupplements.ch\\\/?product=astaxanthin-zeaxanthin-60-softgels#breadcrumb\",\"itemListElement\":[{\"@type\":\"ListItem\",\"position\":1,\"name\":\"Home\",\"item\":\"https:\\\/\\\/ecosupplements.ch\\\/\"},{\"@type\":\"ListItem\",\"position\":2,\"name\":\"Shop\",\"item\":\"https:\\\/\\\/ecosupplements.ch\\\/?page_id=14\"},{\"@type\":\"ListItem\",\"position\":3,\"name\":\"Astaxanthin &amp; Zeaxanthin &#8211; 60 softgels\"}]},{\"@type\":\"WebSite\",\"@id\":\"https:\\\/\\\/ecosupplements.ch\\\/#website\",\"url\":\"https:\\\/\\\/ecosupplements.ch\\\/\",\"name\":\"Eco Supplements\",\"description\":\"\",\"potentialAction\":[{\"@type\":\"SearchAction\",\"target\":{\"@type\":\"EntryPoint\",\"urlTemplate\":\"https:\\\/\\\/ecosupplements.ch\\\/?s={search_term_string}\"},\"query-input\":{\"@type\":\"PropertyValueSpecification\",\"valueRequired\":true,\"valueName\":\"search_term_string\"}}],\"inLanguage\":\"de-CH\"}]}<\/script>\n<meta property=\"product:price:amount\" content=\"21.29\" \/>\n<meta property=\"product:price:currency\" content=\"CHF\" \/>\n<meta property=\"og:availability\" content=\"out of stock\" \/>\n<meta property=\"product:availability\" content=\"out of stock\" \/>\n<meta property=\"product:retailer_item_id\" content=\"087614029252\" \/>\n<meta property=\"product:condition\" content=\"new\" \/>\n<!-- \/ Yoast SEO plugin. -->","yoast_head_json":{"title":"Astaxanthin & Zeaxanthin 60 Softgels \u2013 Swanson | ecosupplements.ch","description":"Nat\u00fcrliche Carotinoide f\u00fcr Augen und antioxidativen Schutz: Swanson Astaxanthin & Zeaxanthin, 60 Softgels. Jetzt bestellen.","robots":{"index":"index","follow":"follow","max-snippet":"max-snippet:-1","max-image-preview":"max-image-preview:large","max-video-preview":"max-video-preview:-1"},"canonical":"https:\/\/ecosupplements.ch\/?product=astaxanthin-zeaxanthin-60-softgels","og_locale":"de_DE","og_type":"article","og_title":"Astaxanthin & Zeaxanthin 60 Softgels \u2013 Swanson | ecosupplements.ch","og_description":"Nat\u00fcrliche Carotinoide f\u00fcr Augen und antioxidativen Schutz: Swanson Astaxanthin & Zeaxanthin, 60 Softgels. Jetzt bestellen.","og_url":"https:\/\/ecosupplements.ch\/?product=astaxanthin-zeaxanthin-60-softgels","og_site_name":"Eco Supplements","article_modified_time":"2026-05-13T07:23:42+00:00","og_image":[{"width":650,"height":650,"url":"https:\/\/ecosupplements.ch\/wp-content\/uploads\/2026\/05\/Astaxanthin-Zeaxanthin-60-softgels.jpg","type":"image\/jpeg"}],"twitter_card":"summary_large_image","twitter_misc":{"Price":"&#67;&#72;&#70;&nbsp;21.29","Availability":"Out of stock"},"schema":{"@context":"https:\/\/schema.org","@graph":[{"@type":"WebPage","@id":"https:\/\/ecosupplements.ch\/?product=astaxanthin-zeaxanthin-60-softgels","url":"https:\/\/ecosupplements.ch\/?product=astaxanthin-zeaxanthin-60-softgels","name":"Astaxanthin & Zeaxanthin 60 Softgels \u2013 Swanson | ecosupplements.ch","isPartOf":{"@id":"https:\/\/ecosupplements.ch\/#website"},"primaryImageOfPage":{"@id":"https:\/\/ecosupplements.ch\/?product=astaxanthin-zeaxanthin-60-softgels#primaryimage"},"image":{"@id":"https:\/\/ecosupplements.ch\/?product=astaxanthin-zeaxanthin-60-softgels#primaryimage"},"thumbnailUrl":"https:\/\/ecosupplements.ch\/wp-content\/uploads\/2026\/05\/Astaxanthin-Zeaxanthin-60-softgels.jpg","datePublished":"2026-05-11T14:38:33+00:00","dateModified":"2026-05-13T07:23:42+00:00","description":"Nat\u00fcrliche Carotinoide f\u00fcr Augen und antioxidativen Schutz: Swanson Astaxanthin & Zeaxanthin, 60 Softgels. Jetzt bestellen.","breadcrumb":{"@id":"https:\/\/ecosupplements.ch\/?product=astaxanthin-zeaxanthin-60-softgels#breadcrumb"},"inLanguage":"de-CH","potentialAction":[{"@type":"ReadAction","target":["https:\/\/ecosupplements.ch\/?product=astaxanthin-zeaxanthin-60-softgels"]}]},{"@type":"ImageObject","inLanguage":"de-CH","@id":"https:\/\/ecosupplements.ch\/?product=astaxanthin-zeaxanthin-60-softgels#primaryimage","url":"https:\/\/ecosupplements.ch\/wp-content\/uploads\/2026\/05\/Astaxanthin-Zeaxanthin-60-softgels.jpg","contentUrl":"https:\/\/ecosupplements.ch\/wp-content\/uploads\/2026\/05\/Astaxanthin-Zeaxanthin-60-softgels.jpg","width":650,"height":650,"caption":"Astaxanthin & Zeaxanthin - 60 softgels"},{"@type":"BreadcrumbList","@id":"https:\/\/ecosupplements.ch\/?product=astaxanthin-zeaxanthin-60-softgels#breadcrumb","itemListElement":[{"@type":"ListItem","position":1,"name":"Home","item":"https:\/\/ecosupplements.ch\/"},{"@type":"ListItem","position":2,"name":"Shop","item":"https:\/\/ecosupplements.ch\/?page_id=14"},{"@type":"ListItem","position":3,"name":"Astaxanthin &amp; Zeaxanthin &#8211; 60 softgels"}]},{"@type":"WebSite","@id":"https:\/\/ecosupplements.ch\/#website","url":"https:\/\/ecosupplements.ch\/","name":"Eco Supplements","description":"","potentialAction":[{"@type":"SearchAction","target":{"@type":"EntryPoint","urlTemplate":"https:\/\/ecosupplements.ch\/?s={search_term_string}"},"query-input":{"@type":"PropertyValueSpecification","valueRequired":true,"valueName":"search_term_string"}}],"inLanguage":"de-CH"}]},"product_price_amount":"21.29","product_price_currency":"CHF","og_availability":"out of stock","product_availability":"out of stock","product_retailer_item_id":"087614029252","product_condition":"new"},"_links":{"self":[{"href":"https:\/\/ecosupplements.ch\/index.php?rest_route=\/wp\/v2\/product\/2529","targetHints":{"allow":["GET"]}}],"collection":[{"href":"https:\/\/ecosupplements.ch\/index.php?rest_route=\/wp\/v2\/product"}],"about":[{"href":"https:\/\/ecosupplements.ch\/index.php?rest_route=\/wp\/v2\/types\/product"}],"replies":[{"embeddable":true,"href":"https:\/\/ecosupplements.ch\/index.php?rest_route=%2Fwp%2Fv2%2Fcomments&post=2529"}],"wp:featuredmedia":[{"embeddable":true,"href":"https:\/\/ecosupplements.ch\/index.php?rest_route=\/wp\/v2\/media\/2530"}],"wp:attachment":[{"href":"https:\/\/ecosupplements.ch\/index.php?rest_route=%2Fwp%2Fv2%2Fmedia&parent=2529"}],"wp:term":[{"taxonomy":"product_brand","embeddable":true,"href":"https:\/\/ecosupplements.ch\/index.php?rest_route=%2Fwp%2Fv2%2Fproduct_brand&post=2529"},{"taxonomy":"product_cat","embeddable":true,"href":"https:\/\/ecosupplements.ch\/index.php?rest_route=%2Fwp%2Fv2%2Fproduct_cat&post=2529"},{"taxonomy":"product_tag","embeddable":true,"href":"https:\/\/ecosupplements.ch\/index.php?rest_route=%2Fwp%2Fv2%2Fproduct_tag&post=2529"}],"curies":[{"name":"wp","href":"https:\/\/api.w.org\/{rel}","templated":true}]}}