{"id":2545,"date":"2026-05-11T14:38:40","date_gmt":"2026-05-11T14:38:40","guid":{"rendered":"https:\/\/ecosupplements.ch\/?product=biotin-5000mcg-100-caps"},"modified":"2026-05-13T07:23:43","modified_gmt":"2026-05-13T07:23:43","slug":"biotin-5000mcg-100-caps","status":"publish","type":"product","link":"https:\/\/ecosupplements.ch\/?product=biotin-5000mcg-100-caps","title":{"rendered":"Biotin, 5000mcg &#8211; 100 caps"},"content":{"rendered":"<div class=\"chcg-product-description\">\n<h2 class=\"chcg-heading\">\u00dcber Swanson \u2013 Biotin, 5000mcg \u2013 100 Kapseln<\/h2>\n<div class=\"chcg-intro\">\n<p>Biotin, auch bekannt als Vitamin B7, ist ein wasserl\u00f6sliches Vitamin, das eine zentrale Rolle im Energiestoffwechsel spielt. Es tr\u00e4gt zur normalen Funktion des Nervensystems sowie zum Erhalt normaler Haut, Haare und N\u00e4gel bei. Swanson Biotin liefert eine hochwirksame Dosis von 5&#8217;000 mcg pro Kapsel und eignet sich f\u00fcr Personen, die ihren Biotinbedarf gezielt erg\u00e4nzen m\u00f6chten.<\/p>\n<p>Jede Kapsel enth\u00e4lt pharmazeutisch reines Biotin USP in einer einfach einzunehmenden Form. Das Produkt von Swanson steht f\u00fcr kompromisslose Qualit\u00e4t und Reinheit \u2013 ohne unn\u00f6tige Zus\u00e4tze. Mit 100 Kapseln pro Packung ist eine langfristige und zuverl\u00e4ssige Versorgung gew\u00e4hrleistet.<\/p>\n<p>Bitte beachten: Dieses Produkt befindet sich aktuell in einem \u00dcbergang zu einer veganen Kapselh\u00fclle aus Hypromellose. Je nach Charge kann die Kapsel entweder aus Gelatine oder aus Hypromellose bestehen. Bitte pr\u00fcfen Sie die Angaben auf der jeweiligen Produktverpackung.<\/p>\n<\/p><\/div>\n<div class=\"chcg-nutrition\">\n<h3>N\u00e4hrwertangaben<\/h3>\n<table class=\"chcg-nutrition-table\">\n<thead>\n<tr>\n<th>N\u00e4hrstoff<\/th>\n<th>Pro Portion (1 Kapsel)<\/th>\n<\/tr>\n<\/thead>\n<tbody>\n<tr>\n<td>Biotin (Vitamin B7)<\/td>\n<td>5&#8217;000 mcg (10&#8217;000 % NRW*)<\/td>\n<\/tr>\n<\/tbody>\n<\/table>\n<p class=\"chcg-footnote\">* N\u00e4hrwert-Referenzwert gem\u00e4ss EU-Verordnung (NRW: 50 mcg)<\/p>\n<\/p><\/div>\n<div class=\"chcg-ingredients\">\n<h3>Zutaten<\/h3>\n<p>Biotin USP 5&#8217;000 mcg. Weitere Zutaten: Reismehl, Akaziengummi, Gelatine.<\/p>\n<p class=\"chcg-capsule-shell\">Kapselh\u00fclle: Gelatine. Hinweis: Das Produkt befindet sich in einem \u00dcbergang zu einer veganen Kapselh\u00fclle (Hypromellose); einzelne Einheiten k\u00f6nnen bereits eine vegane Kapselh\u00fclle enthalten.<\/p>\n<\/p><\/div>\n<div class=\"chcg-dosage\">\n<h3>Verzehrempfehlung<\/h3>\n<p>Als Nahrungserg\u00e4nzungsmittel eine Kapsel t\u00e4glich mit Wasser einnehmen.<\/p>\n<\/p><\/div>\n<div class=\"chcg-warnings\">\n<h3>Warnhinweise<\/h3>\n<p>Nur f\u00fcr Erwachsene. Konsultieren Sie Ihren Arzt, bevor Sie dieses oder ein anderes Produkt verwenden, wenn Sie schwanger sind oder stillen, Medikamente einnehmen oder an einer Erkrankung leiden. Ausserhalb der Reichweite von Kindern aufbewahren.<\/p>\n<\/p><\/div>\n<div class=\"chcg-allergens\">\n<h3>Allergeninformationen<\/h3>\n<p>Auf dem Etikett sind keine Allergene deklariert.<\/p>\n<\/p><\/div>\n<div class=\"chcg-storage\">\n<h3>Lagerung<\/h3>\n<p>An einem k\u00fchlen, trockenen Ort lagern.<\/p>\n<\/p><\/div>\n<\/div>\n","protected":false},"excerpt":{"rendered":"<p>Swanson Biotin liefert 5&#8217;000 mcg Vitamin B7 pro Kapsel und unterst\u00fctzt die normale Funktion von Haut, Haaren und N\u00e4geln. Praktische Packung mit 100 Kapseln f\u00fcr eine langfristige Versorgung.<\/p>\n","protected":false},"featured_media":2546,"comment_status":"closed","ping_status":"open","template":"","meta":[],"product_brand":[16],"product_cat":[113,27,48,25,26,32,21],"product_tag":[],"class_list":{"0":"post-2545","1":"product","2":"type-product","3":"status-publish","4":"has-post-thumbnail","6":"product_brand-swanson","7":"product_cat-biotin","8":"product_cat-einige-vitamine","9":"product_cat-gesunde-ernaehrung","10":"product_cat-gesundheit-und-wohlbefinden","11":"product_cat-multivitamine","12":"product_cat-nahrungsergaenzungsmittel-fuer-frauen","13":"product_cat-vitamine-und-mineralstoffe","15":"first","16":"outofstock","17":"taxable","18":"shipping-taxable","19":"purchasable","20":"product-type-simple"},"yoast_head":"<!-- This site is optimized with the Yoast SEO plugin v27.5 - https:\/\/yoast.com\/product\/yoast-seo-wordpress\/ -->\n<title>Biotin 5000mcg \u2013 100 Kapseln \u2013 Swanson | ecosupplements.ch<\/title>\n<meta name=\"description\" content=\"Swanson Biotin 5000mcg unterst\u00fctzt Haut, Haare und N\u00e4gel \u2013 100 Kapseln pro Packung. Jetzt bestellen.\" \/>\n<meta name=\"robots\" content=\"index, follow, max-snippet:-1, max-image-preview:large, max-video-preview:-1\" \/>\n<link rel=\"canonical\" href=\"https:\/\/ecosupplements.ch\/?product=biotin-5000mcg-100-caps\" \/>\n<meta property=\"og:locale\" content=\"de_DE\" \/>\n<meta property=\"og:type\" content=\"article\" \/>\n<meta property=\"og:title\" content=\"Biotin 5000mcg \u2013 100 Kapseln \u2013 Swanson | ecosupplements.ch\" \/>\n<meta property=\"og:description\" content=\"Swanson Biotin 5000mcg unterst\u00fctzt Haut, Haare und N\u00e4gel \u2013 100 Kapseln pro Packung. Jetzt bestellen.\" \/>\n<meta property=\"og:url\" content=\"https:\/\/ecosupplements.ch\/?product=biotin-5000mcg-100-caps\" \/>\n<meta property=\"og:site_name\" content=\"Eco Supplements\" \/>\n<meta property=\"article:modified_time\" content=\"2026-05-13T07:23:43+00:00\" \/>\n<meta property=\"og:image\" content=\"https:\/\/ecosupplements.ch\/wp-content\/uploads\/2026\/05\/Biotin-5000mcg-100-caps-3.jpg\" \/>\n\t<meta property=\"og:image:width\" content=\"650\" \/>\n\t<meta property=\"og:image:height\" content=\"650\" \/>\n\t<meta property=\"og:image:type\" content=\"image\/jpeg\" \/>\n<meta name=\"twitter:card\" content=\"summary_large_image\" \/>\n<meta name=\"twitter:label1\" content=\"Price\" \/>\n\t<meta name=\"twitter:data1\" content=\"&#067;&#072;&#070;&nbsp;6.51\" \/>\n\t<meta name=\"twitter:label2\" content=\"Availability\" \/>\n\t<meta name=\"twitter:data2\" content=\"Out of stock\" \/>\n<script type=\"application\/ld+json\" class=\"yoast-schema-graph\">{\"@context\":\"https:\\\/\\\/schema.org\",\"@graph\":[{\"@type\":\"WebPage\",\"@id\":\"https:\\\/\\\/ecosupplements.ch\\\/?product=biotin-5000mcg-100-caps\",\"url\":\"https:\\\/\\\/ecosupplements.ch\\\/?product=biotin-5000mcg-100-caps\",\"name\":\"Biotin 5000mcg \u2013 100 Kapseln \u2013 Swanson | ecosupplements.ch\",\"isPartOf\":{\"@id\":\"https:\\\/\\\/ecosupplements.ch\\\/#website\"},\"primaryImageOfPage\":{\"@id\":\"https:\\\/\\\/ecosupplements.ch\\\/?product=biotin-5000mcg-100-caps#primaryimage\"},\"image\":{\"@id\":\"https:\\\/\\\/ecosupplements.ch\\\/?product=biotin-5000mcg-100-caps#primaryimage\"},\"thumbnailUrl\":\"https:\\\/\\\/ecosupplements.ch\\\/wp-content\\\/uploads\\\/2026\\\/05\\\/Biotin-5000mcg-100-caps-3.jpg\",\"datePublished\":\"2026-05-11T14:38:40+00:00\",\"dateModified\":\"2026-05-13T07:23:43+00:00\",\"description\":\"Swanson Biotin 5000mcg unterst\u00fctzt Haut, Haare und N\u00e4gel \u2013 100 Kapseln pro Packung. Jetzt bestellen.\",\"breadcrumb\":{\"@id\":\"https:\\\/\\\/ecosupplements.ch\\\/?product=biotin-5000mcg-100-caps#breadcrumb\"},\"inLanguage\":\"de-CH\",\"potentialAction\":[{\"@type\":\"ReadAction\",\"target\":[\"https:\\\/\\\/ecosupplements.ch\\\/?product=biotin-5000mcg-100-caps\"]}]},{\"@type\":\"ImageObject\",\"inLanguage\":\"de-CH\",\"@id\":\"https:\\\/\\\/ecosupplements.ch\\\/?product=biotin-5000mcg-100-caps#primaryimage\",\"url\":\"https:\\\/\\\/ecosupplements.ch\\\/wp-content\\\/uploads\\\/2026\\\/05\\\/Biotin-5000mcg-100-caps-3.jpg\",\"contentUrl\":\"https:\\\/\\\/ecosupplements.ch\\\/wp-content\\\/uploads\\\/2026\\\/05\\\/Biotin-5000mcg-100-caps-3.jpg\",\"width\":650,\"height\":650,\"caption\":\"Biotin\"},{\"@type\":\"BreadcrumbList\",\"@id\":\"https:\\\/\\\/ecosupplements.ch\\\/?product=biotin-5000mcg-100-caps#breadcrumb\",\"itemListElement\":[{\"@type\":\"ListItem\",\"position\":1,\"name\":\"Home\",\"item\":\"https:\\\/\\\/ecosupplements.ch\\\/\"},{\"@type\":\"ListItem\",\"position\":2,\"name\":\"Shop\",\"item\":\"https:\\\/\\\/ecosupplements.ch\\\/?page_id=14\"},{\"@type\":\"ListItem\",\"position\":3,\"name\":\"Biotin, 5000mcg &#8211; 100 caps\"}]},{\"@type\":\"WebSite\",\"@id\":\"https:\\\/\\\/ecosupplements.ch\\\/#website\",\"url\":\"https:\\\/\\\/ecosupplements.ch\\\/\",\"name\":\"Eco Supplements\",\"description\":\"\",\"potentialAction\":[{\"@type\":\"SearchAction\",\"target\":{\"@type\":\"EntryPoint\",\"urlTemplate\":\"https:\\\/\\\/ecosupplements.ch\\\/?s={search_term_string}\"},\"query-input\":{\"@type\":\"PropertyValueSpecification\",\"valueRequired\":true,\"valueName\":\"search_term_string\"}}],\"inLanguage\":\"de-CH\"}]}<\/script>\n<meta property=\"product:price:amount\" content=\"6.51\" \/>\n<meta property=\"product:price:currency\" content=\"CHF\" \/>\n<meta property=\"og:availability\" content=\"out of stock\" \/>\n<meta property=\"product:availability\" content=\"out of stock\" \/>\n<meta property=\"product:retailer_item_id\" content=\"087614018775\" \/>\n<meta property=\"product:condition\" content=\"new\" \/>\n<!-- \/ Yoast SEO plugin. -->","yoast_head_json":{"title":"Biotin 5000mcg \u2013 100 Kapseln \u2013 Swanson | ecosupplements.ch","description":"Swanson Biotin 5000mcg unterst\u00fctzt Haut, Haare und N\u00e4gel \u2013 100 Kapseln pro Packung. Jetzt bestellen.","robots":{"index":"index","follow":"follow","max-snippet":"max-snippet:-1","max-image-preview":"max-image-preview:large","max-video-preview":"max-video-preview:-1"},"canonical":"https:\/\/ecosupplements.ch\/?product=biotin-5000mcg-100-caps","og_locale":"de_DE","og_type":"article","og_title":"Biotin 5000mcg \u2013 100 Kapseln \u2013 Swanson | ecosupplements.ch","og_description":"Swanson Biotin 5000mcg unterst\u00fctzt Haut, Haare und N\u00e4gel \u2013 100 Kapseln pro Packung. Jetzt bestellen.","og_url":"https:\/\/ecosupplements.ch\/?product=biotin-5000mcg-100-caps","og_site_name":"Eco Supplements","article_modified_time":"2026-05-13T07:23:43+00:00","og_image":[{"width":650,"height":650,"url":"https:\/\/ecosupplements.ch\/wp-content\/uploads\/2026\/05\/Biotin-5000mcg-100-caps-3.jpg","type":"image\/jpeg"}],"twitter_card":"summary_large_image","twitter_misc":{"Price":"&#67;&#72;&#70;&nbsp;6.51","Availability":"Out of stock"},"schema":{"@context":"https:\/\/schema.org","@graph":[{"@type":"WebPage","@id":"https:\/\/ecosupplements.ch\/?product=biotin-5000mcg-100-caps","url":"https:\/\/ecosupplements.ch\/?product=biotin-5000mcg-100-caps","name":"Biotin 5000mcg \u2013 100 Kapseln \u2013 Swanson | ecosupplements.ch","isPartOf":{"@id":"https:\/\/ecosupplements.ch\/#website"},"primaryImageOfPage":{"@id":"https:\/\/ecosupplements.ch\/?product=biotin-5000mcg-100-caps#primaryimage"},"image":{"@id":"https:\/\/ecosupplements.ch\/?product=biotin-5000mcg-100-caps#primaryimage"},"thumbnailUrl":"https:\/\/ecosupplements.ch\/wp-content\/uploads\/2026\/05\/Biotin-5000mcg-100-caps-3.jpg","datePublished":"2026-05-11T14:38:40+00:00","dateModified":"2026-05-13T07:23:43+00:00","description":"Swanson Biotin 5000mcg unterst\u00fctzt Haut, Haare und N\u00e4gel \u2013 100 Kapseln pro Packung. Jetzt bestellen.","breadcrumb":{"@id":"https:\/\/ecosupplements.ch\/?product=biotin-5000mcg-100-caps#breadcrumb"},"inLanguage":"de-CH","potentialAction":[{"@type":"ReadAction","target":["https:\/\/ecosupplements.ch\/?product=biotin-5000mcg-100-caps"]}]},{"@type":"ImageObject","inLanguage":"de-CH","@id":"https:\/\/ecosupplements.ch\/?product=biotin-5000mcg-100-caps#primaryimage","url":"https:\/\/ecosupplements.ch\/wp-content\/uploads\/2026\/05\/Biotin-5000mcg-100-caps-3.jpg","contentUrl":"https:\/\/ecosupplements.ch\/wp-content\/uploads\/2026\/05\/Biotin-5000mcg-100-caps-3.jpg","width":650,"height":650,"caption":"Biotin"},{"@type":"BreadcrumbList","@id":"https:\/\/ecosupplements.ch\/?product=biotin-5000mcg-100-caps#breadcrumb","itemListElement":[{"@type":"ListItem","position":1,"name":"Home","item":"https:\/\/ecosupplements.ch\/"},{"@type":"ListItem","position":2,"name":"Shop","item":"https:\/\/ecosupplements.ch\/?page_id=14"},{"@type":"ListItem","position":3,"name":"Biotin, 5000mcg &#8211; 100 caps"}]},{"@type":"WebSite","@id":"https:\/\/ecosupplements.ch\/#website","url":"https:\/\/ecosupplements.ch\/","name":"Eco Supplements","description":"","potentialAction":[{"@type":"SearchAction","target":{"@type":"EntryPoint","urlTemplate":"https:\/\/ecosupplements.ch\/?s={search_term_string}"},"query-input":{"@type":"PropertyValueSpecification","valueRequired":true,"valueName":"search_term_string"}}],"inLanguage":"de-CH"}]},"product_price_amount":"6.51","product_price_currency":"CHF","og_availability":"out of stock","product_availability":"out of stock","product_retailer_item_id":"087614018775","product_condition":"new"},"_links":{"self":[{"href":"https:\/\/ecosupplements.ch\/index.php?rest_route=\/wp\/v2\/product\/2545","targetHints":{"allow":["GET"]}}],"collection":[{"href":"https:\/\/ecosupplements.ch\/index.php?rest_route=\/wp\/v2\/product"}],"about":[{"href":"https:\/\/ecosupplements.ch\/index.php?rest_route=\/wp\/v2\/types\/product"}],"replies":[{"embeddable":true,"href":"https:\/\/ecosupplements.ch\/index.php?rest_route=%2Fwp%2Fv2%2Fcomments&post=2545"}],"wp:featuredmedia":[{"embeddable":true,"href":"https:\/\/ecosupplements.ch\/index.php?rest_route=\/wp\/v2\/media\/2546"}],"wp:attachment":[{"href":"https:\/\/ecosupplements.ch\/index.php?rest_route=%2Fwp%2Fv2%2Fmedia&parent=2545"}],"wp:term":[{"taxonomy":"product_brand","embeddable":true,"href":"https:\/\/ecosupplements.ch\/index.php?rest_route=%2Fwp%2Fv2%2Fproduct_brand&post=2545"},{"taxonomy":"product_cat","embeddable":true,"href":"https:\/\/ecosupplements.ch\/index.php?rest_route=%2Fwp%2Fv2%2Fproduct_cat&post=2545"},{"taxonomy":"product_tag","embeddable":true,"href":"https:\/\/ecosupplements.ch\/index.php?rest_route=%2Fwp%2Fv2%2Fproduct_tag&post=2545"}],"curies":[{"name":"wp","href":"https:\/\/api.w.org\/{rel}","templated":true}]}}