{"id":2574,"date":"2026-05-11T14:38:52","date_gmt":"2026-05-11T14:38:52","guid":{"rendered":"https:\/\/ecosupplements.ch\/?product=ecklonia-cava-extract-30-vcaps"},"modified":"2026-05-13T07:23:48","modified_gmt":"2026-05-13T07:23:48","slug":"ecklonia-cava-extract-30-vcaps","status":"publish","type":"product","link":"https:\/\/ecosupplements.ch\/?product=ecklonia-cava-extract-30-vcaps","title":{"rendered":"Ecklonia Cava Extract &#8211; 30 vcaps"},"content":{"rendered":"<div class=\"chcg-product-description\">\n<h2 class=\"chcg-heading\">\u00dcber Swanson \u2013 Ecklonia Cava Extract \u2013 30 Veggie-Kapseln<\/h2>\n<div class=\"chcg-intro\">\n<p>Ecklonia cava ist eine Braunalge, die vor allem in den K\u00fcstengew\u00e4ssern Japans und Koreas vorkommt und seit Jahrhunderten in der traditionellen Ern\u00e4hrung Ostasiens gesch\u00e4tzt wird. Das Swanson Ecklonia Cava Extract liefert pro Kapsel 53 mg eines hochwertigen 80:1-Extrakts, der durch Wasserextraktion gewonnen und auf einen Gehalt von 50 % Polyphenolen und Phlorotanninen standardisiert wurde. Diese bioaktiven Pflanzenstoffe machen Ecklonia cava zu einem besonderen Meeresalgen-Extrakt.<\/p>\n<p>Phlorotannine sind eine einzigartige Gruppe von Polyphenolen, die ausschliesslich in Braunalgen vorkommen und sich in ihrer Struktur deutlich von polyphenolischen Verbindungen aus Landpflanzen unterscheiden. Das verwendete Extrakt zeichnet sich durch eine Reinheit von 99,9 % aus und wird aus Wedeln (Frond) und Stielen (Stipe) der Ecklonia-cava-Pflanze gewonnen.<\/p>\n<p>Swanson setzt auf eine veggie-gerechte Kapselform (Hypromellose), sodass das Produkt f\u00fcr Vegetarierinnen und Vegetarier geeignet ist. Mit nur einer Kapsel t\u00e4glich ist die Anwendung unkompliziert und l\u00e4sst sich problemlos in den Alltag integrieren.<\/p>\n<\/p><\/div>\n<div class=\"chcg-nutrition\">\n<h3>N\u00e4hrwertangaben<\/h3>\n<table class=\"chcg-nutrition-table\">\n<thead>\n<tr>\n<th>N\u00e4hrstoff<\/th>\n<th>Pro Portion<\/th>\n<\/tr>\n<\/thead>\n<tbody>\n<tr>\n<td>Ecklonia cava 80:1 Extrakt (Wasserextraktion, 99,9 % reines Ecklonia cava, Wedel und Stiel, standardisiert auf 50 % Polyphenole und Phlorotannine)<\/td>\n<td>53 mg *<\/td>\n<\/tr>\n<\/tbody>\n<\/table>\n<p class=\"chcg-footnote\">* Kein festgelegter Tagesreferenzwert vorhanden.<\/p>\n<\/p><\/div>\n<div class=\"chcg-ingredients\">\n<h3>Zutaten<\/h3>\n<p>Ecklonia cava 80:1 Extrakt ((Wasserextraktion, 99,9 % reines Ecklonia cava) (Wedel und Stiel) (standardisiert auf 50 % Polyphenole und Phlorotannine)): 53 mg. Weitere Zutaten: Mikrokristalline Cellulose (Pflanzenfaser), Hypromellose (vegetarische Kapsel), Magnesiumstearat, Siliziumdioxid.<\/p>\n<p class=\"chcg-capsule-shell\">Kapselh\u00fclle: Hypromellose (vegetarische Kapsel)<\/p>\n<\/p><\/div>\n<div class=\"chcg-dosage\">\n<h3>Verzehrempfehlung<\/h3>\n<p>Als Nahrungserg\u00e4nzungsmittel t\u00e4glich eine Veggie-Kapsel zusammen mit einer Mahlzeit und ausreichend Wasser einnehmen.<\/p>\n<\/p><\/div>\n<div class=\"chcg-warnings\">\n<h3>Warnhinweise<\/h3>\n<p>Nur f\u00fcr Erwachsene. Vor der Einnahme einen Arzt oder eine \u00c4rztin konsultieren, wenn Sie schwanger sind oder stillen, verschreibungspflichtige Medikamente einnehmen oder an einer Erkrankung leiden. Ausserhalb der Reichweite von Kindern aufbewahren. Nicht verwenden, wenn die Schutzversiegelung besch\u00e4digt ist.<\/p>\n<\/p><\/div>\n<div class=\"chcg-allergens\">\n<h3>Allergeninformationen<\/h3>\n<p>Auf dem Etikett sind keine Allergene ausgewiesen.<\/p>\n<\/p><\/div>\n<div class=\"chcg-storage\">\n<h3>Lagerung<\/h3>\n<p>An einem k\u00fchlen, trockenen Ort aufbewahren.<\/p>\n<\/p><\/div>\n<div class=\"chcg-dietary\">\n<h3>Ern\u00e4hrungshinweise<\/h3>\n<ul>\n<li>Vegetarisch<\/li>\n<\/ul><\/div>\n<\/div>\n","protected":false},"excerpt":{"rendered":"<p>Swanson Ecklonia Cava Extract liefert 53 mg eines auf 50 % Polyphenole standardisierten Meeresalgen-Extrakts pro vegetarischer Kapsel. 30 Veggie-Kapseln pro Packung, einfache Einnahme \u2013 eine Kapsel t\u00e4glich.<\/p>\n","protected":false},"featured_media":2575,"comment_status":"closed","ping_status":"open","template":"","meta":[],"product_brand":[16],"product_cat":[34,48,25],"product_tag":[],"class_list":{"0":"post-2574","1":"product","2":"type-product","3":"status-publish","4":"has-post-thumbnail","6":"product_brand-swanson","7":"product_cat-antioxidantien","8":"product_cat-gesunde-ernaehrung","9":"product_cat-gesundheit-und-wohlbefinden","11":"first","12":"outofstock","13":"taxable","14":"shipping-taxable","15":"purchasable","16":"product-type-simple"},"yoast_head":"<!-- This site is optimized with the Yoast SEO plugin v27.5 - https:\/\/yoast.com\/product\/yoast-seo-wordpress\/ -->\n<title>Ecklonia Cava Extract \u2013 Swanson | ecosupplements.ch<\/title>\n<meta name=\"description\" content=\"Swanson Ecklonia Cava Extract \u2013 53 mg standardisierter Meeresalgen-Extrakt pro vegetarischer Kapsel, 30 St\u00fcck. Jetzt bestellen.\" \/>\n<meta name=\"robots\" content=\"index, follow, max-snippet:-1, max-image-preview:large, max-video-preview:-1\" \/>\n<link rel=\"canonical\" href=\"https:\/\/ecosupplements.ch\/?product=ecklonia-cava-extract-30-vcaps\" \/>\n<meta property=\"og:locale\" content=\"de_DE\" \/>\n<meta property=\"og:type\" content=\"article\" \/>\n<meta property=\"og:title\" content=\"Ecklonia Cava Extract \u2013 Swanson | ecosupplements.ch\" \/>\n<meta property=\"og:description\" content=\"Swanson Ecklonia Cava Extract \u2013 53 mg standardisierter Meeresalgen-Extrakt pro vegetarischer Kapsel, 30 St\u00fcck. Jetzt bestellen.\" \/>\n<meta property=\"og:url\" content=\"https:\/\/ecosupplements.ch\/?product=ecklonia-cava-extract-30-vcaps\" \/>\n<meta property=\"og:site_name\" content=\"Eco Supplements\" \/>\n<meta property=\"article:modified_time\" content=\"2026-05-13T07:23:48+00:00\" \/>\n<meta property=\"og:image\" content=\"https:\/\/ecosupplements.ch\/wp-content\/uploads\/2026\/05\/Ecklonia-Cava-Extract-30-vcaps-1.jpg\" \/>\n\t<meta property=\"og:image:width\" content=\"650\" \/>\n\t<meta property=\"og:image:height\" content=\"650\" \/>\n\t<meta property=\"og:image:type\" content=\"image\/jpeg\" \/>\n<meta name=\"twitter:card\" content=\"summary_large_image\" \/>\n<meta name=\"twitter:label1\" content=\"Price\" \/>\n\t<meta name=\"twitter:data1\" content=\"&#067;&#072;&#070;&nbsp;13.27\" \/>\n\t<meta name=\"twitter:label2\" content=\"Availability\" \/>\n\t<meta name=\"twitter:data2\" content=\"Out of stock\" \/>\n<script type=\"application\/ld+json\" class=\"yoast-schema-graph\">{\"@context\":\"https:\\\/\\\/schema.org\",\"@graph\":[{\"@type\":\"WebPage\",\"@id\":\"https:\\\/\\\/ecosupplements.ch\\\/?product=ecklonia-cava-extract-30-vcaps\",\"url\":\"https:\\\/\\\/ecosupplements.ch\\\/?product=ecklonia-cava-extract-30-vcaps\",\"name\":\"Ecklonia Cava Extract \u2013 Swanson | ecosupplements.ch\",\"isPartOf\":{\"@id\":\"https:\\\/\\\/ecosupplements.ch\\\/#website\"},\"primaryImageOfPage\":{\"@id\":\"https:\\\/\\\/ecosupplements.ch\\\/?product=ecklonia-cava-extract-30-vcaps#primaryimage\"},\"image\":{\"@id\":\"https:\\\/\\\/ecosupplements.ch\\\/?product=ecklonia-cava-extract-30-vcaps#primaryimage\"},\"thumbnailUrl\":\"https:\\\/\\\/ecosupplements.ch\\\/wp-content\\\/uploads\\\/2026\\\/05\\\/Ecklonia-Cava-Extract-30-vcaps-1.jpg\",\"datePublished\":\"2026-05-11T14:38:52+00:00\",\"dateModified\":\"2026-05-13T07:23:48+00:00\",\"description\":\"Swanson Ecklonia Cava Extract \u2013 53 mg standardisierter Meeresalgen-Extrakt pro vegetarischer Kapsel, 30 St\u00fcck. Jetzt bestellen.\",\"breadcrumb\":{\"@id\":\"https:\\\/\\\/ecosupplements.ch\\\/?product=ecklonia-cava-extract-30-vcaps#breadcrumb\"},\"inLanguage\":\"de-CH\",\"potentialAction\":[{\"@type\":\"ReadAction\",\"target\":[\"https:\\\/\\\/ecosupplements.ch\\\/?product=ecklonia-cava-extract-30-vcaps\"]}]},{\"@type\":\"ImageObject\",\"inLanguage\":\"de-CH\",\"@id\":\"https:\\\/\\\/ecosupplements.ch\\\/?product=ecklonia-cava-extract-30-vcaps#primaryimage\",\"url\":\"https:\\\/\\\/ecosupplements.ch\\\/wp-content\\\/uploads\\\/2026\\\/05\\\/Ecklonia-Cava-Extract-30-vcaps-1.jpg\",\"contentUrl\":\"https:\\\/\\\/ecosupplements.ch\\\/wp-content\\\/uploads\\\/2026\\\/05\\\/Ecklonia-Cava-Extract-30-vcaps-1.jpg\",\"width\":650,\"height\":650,\"caption\":\"Ecklonia Cava Extract - 30 vcaps\"},{\"@type\":\"BreadcrumbList\",\"@id\":\"https:\\\/\\\/ecosupplements.ch\\\/?product=ecklonia-cava-extract-30-vcaps#breadcrumb\",\"itemListElement\":[{\"@type\":\"ListItem\",\"position\":1,\"name\":\"Home\",\"item\":\"https:\\\/\\\/ecosupplements.ch\\\/\"},{\"@type\":\"ListItem\",\"position\":2,\"name\":\"Shop\",\"item\":\"https:\\\/\\\/ecosupplements.ch\\\/?page_id=14\"},{\"@type\":\"ListItem\",\"position\":3,\"name\":\"Ecklonia Cava Extract &#8211; 30 vcaps\"}]},{\"@type\":\"WebSite\",\"@id\":\"https:\\\/\\\/ecosupplements.ch\\\/#website\",\"url\":\"https:\\\/\\\/ecosupplements.ch\\\/\",\"name\":\"Eco Supplements\",\"description\":\"\",\"potentialAction\":[{\"@type\":\"SearchAction\",\"target\":{\"@type\":\"EntryPoint\",\"urlTemplate\":\"https:\\\/\\\/ecosupplements.ch\\\/?s={search_term_string}\"},\"query-input\":{\"@type\":\"PropertyValueSpecification\",\"valueRequired\":true,\"valueName\":\"search_term_string\"}}],\"inLanguage\":\"de-CH\"}]}<\/script>\n<meta property=\"product:price:amount\" content=\"13.27\" \/>\n<meta property=\"product:price:currency\" content=\"CHF\" \/>\n<meta property=\"og:availability\" content=\"out of stock\" \/>\n<meta property=\"product:availability\" content=\"out of stock\" \/>\n<meta property=\"product:retailer_item_id\" content=\"087614060538\" \/>\n<meta property=\"product:condition\" content=\"new\" \/>\n<!-- \/ Yoast SEO plugin. -->","yoast_head_json":{"title":"Ecklonia Cava Extract \u2013 Swanson | ecosupplements.ch","description":"Swanson Ecklonia Cava Extract \u2013 53 mg standardisierter Meeresalgen-Extrakt pro vegetarischer Kapsel, 30 St\u00fcck. Jetzt bestellen.","robots":{"index":"index","follow":"follow","max-snippet":"max-snippet:-1","max-image-preview":"max-image-preview:large","max-video-preview":"max-video-preview:-1"},"canonical":"https:\/\/ecosupplements.ch\/?product=ecklonia-cava-extract-30-vcaps","og_locale":"de_DE","og_type":"article","og_title":"Ecklonia Cava Extract \u2013 Swanson | ecosupplements.ch","og_description":"Swanson Ecklonia Cava Extract \u2013 53 mg standardisierter Meeresalgen-Extrakt pro vegetarischer Kapsel, 30 St\u00fcck. Jetzt bestellen.","og_url":"https:\/\/ecosupplements.ch\/?product=ecklonia-cava-extract-30-vcaps","og_site_name":"Eco Supplements","article_modified_time":"2026-05-13T07:23:48+00:00","og_image":[{"width":650,"height":650,"url":"https:\/\/ecosupplements.ch\/wp-content\/uploads\/2026\/05\/Ecklonia-Cava-Extract-30-vcaps-1.jpg","type":"image\/jpeg"}],"twitter_card":"summary_large_image","twitter_misc":{"Price":"&#67;&#72;&#70;&nbsp;13.27","Availability":"Out of stock"},"schema":{"@context":"https:\/\/schema.org","@graph":[{"@type":"WebPage","@id":"https:\/\/ecosupplements.ch\/?product=ecklonia-cava-extract-30-vcaps","url":"https:\/\/ecosupplements.ch\/?product=ecklonia-cava-extract-30-vcaps","name":"Ecklonia Cava Extract \u2013 Swanson | ecosupplements.ch","isPartOf":{"@id":"https:\/\/ecosupplements.ch\/#website"},"primaryImageOfPage":{"@id":"https:\/\/ecosupplements.ch\/?product=ecklonia-cava-extract-30-vcaps#primaryimage"},"image":{"@id":"https:\/\/ecosupplements.ch\/?product=ecklonia-cava-extract-30-vcaps#primaryimage"},"thumbnailUrl":"https:\/\/ecosupplements.ch\/wp-content\/uploads\/2026\/05\/Ecklonia-Cava-Extract-30-vcaps-1.jpg","datePublished":"2026-05-11T14:38:52+00:00","dateModified":"2026-05-13T07:23:48+00:00","description":"Swanson Ecklonia Cava Extract \u2013 53 mg standardisierter Meeresalgen-Extrakt pro vegetarischer Kapsel, 30 St\u00fcck. Jetzt bestellen.","breadcrumb":{"@id":"https:\/\/ecosupplements.ch\/?product=ecklonia-cava-extract-30-vcaps#breadcrumb"},"inLanguage":"de-CH","potentialAction":[{"@type":"ReadAction","target":["https:\/\/ecosupplements.ch\/?product=ecklonia-cava-extract-30-vcaps"]}]},{"@type":"ImageObject","inLanguage":"de-CH","@id":"https:\/\/ecosupplements.ch\/?product=ecklonia-cava-extract-30-vcaps#primaryimage","url":"https:\/\/ecosupplements.ch\/wp-content\/uploads\/2026\/05\/Ecklonia-Cava-Extract-30-vcaps-1.jpg","contentUrl":"https:\/\/ecosupplements.ch\/wp-content\/uploads\/2026\/05\/Ecklonia-Cava-Extract-30-vcaps-1.jpg","width":650,"height":650,"caption":"Ecklonia Cava Extract - 30 vcaps"},{"@type":"BreadcrumbList","@id":"https:\/\/ecosupplements.ch\/?product=ecklonia-cava-extract-30-vcaps#breadcrumb","itemListElement":[{"@type":"ListItem","position":1,"name":"Home","item":"https:\/\/ecosupplements.ch\/"},{"@type":"ListItem","position":2,"name":"Shop","item":"https:\/\/ecosupplements.ch\/?page_id=14"},{"@type":"ListItem","position":3,"name":"Ecklonia Cava Extract &#8211; 30 vcaps"}]},{"@type":"WebSite","@id":"https:\/\/ecosupplements.ch\/#website","url":"https:\/\/ecosupplements.ch\/","name":"Eco Supplements","description":"","potentialAction":[{"@type":"SearchAction","target":{"@type":"EntryPoint","urlTemplate":"https:\/\/ecosupplements.ch\/?s={search_term_string}"},"query-input":{"@type":"PropertyValueSpecification","valueRequired":true,"valueName":"search_term_string"}}],"inLanguage":"de-CH"}]},"product_price_amount":"13.27","product_price_currency":"CHF","og_availability":"out of stock","product_availability":"out of stock","product_retailer_item_id":"087614060538","product_condition":"new"},"_links":{"self":[{"href":"https:\/\/ecosupplements.ch\/index.php?rest_route=\/wp\/v2\/product\/2574","targetHints":{"allow":["GET"]}}],"collection":[{"href":"https:\/\/ecosupplements.ch\/index.php?rest_route=\/wp\/v2\/product"}],"about":[{"href":"https:\/\/ecosupplements.ch\/index.php?rest_route=\/wp\/v2\/types\/product"}],"replies":[{"embeddable":true,"href":"https:\/\/ecosupplements.ch\/index.php?rest_route=%2Fwp%2Fv2%2Fcomments&post=2574"}],"wp:featuredmedia":[{"embeddable":true,"href":"https:\/\/ecosupplements.ch\/index.php?rest_route=\/wp\/v2\/media\/2575"}],"wp:attachment":[{"href":"https:\/\/ecosupplements.ch\/index.php?rest_route=%2Fwp%2Fv2%2Fmedia&parent=2574"}],"wp:term":[{"taxonomy":"product_brand","embeddable":true,"href":"https:\/\/ecosupplements.ch\/index.php?rest_route=%2Fwp%2Fv2%2Fproduct_brand&post=2574"},{"taxonomy":"product_cat","embeddable":true,"href":"https:\/\/ecosupplements.ch\/index.php?rest_route=%2Fwp%2Fv2%2Fproduct_cat&post=2574"},{"taxonomy":"product_tag","embeddable":true,"href":"https:\/\/ecosupplements.ch\/index.php?rest_route=%2Fwp%2Fv2%2Fproduct_tag&post=2574"}],"curies":[{"name":"wp","href":"https:\/\/api.w.org\/{rel}","templated":true}]}}