{"id":2578,"date":"2026-05-11T14:38:54","date_gmt":"2026-05-11T14:38:54","guid":{"rendered":"https:\/\/ecosupplements.ch\/?product=full-spectrum-barberry-root-bark-450mg-60-caps"},"modified":"2026-05-13T07:25:33","modified_gmt":"2026-05-13T07:25:33","slug":"full-spectrum-barberry-root-bark-450mg-60-caps","status":"publish","type":"product","link":"https:\/\/ecosupplements.ch\/?product=full-spectrum-barberry-root-bark-450mg-60-caps","title":{"rendered":"Full Spectrum Barberry Root Bark, 450mg  &#8211; 60 caps"},"content":{"rendered":"<div class=\"chcg-product-description\">\n<h2 class=\"chcg-heading\">\u00dcber Swanson \u2013 Full Spectrum Barberry Root Bark, 450mg \u2013 60 Kapseln<\/h2>\n<div class=\"chcg-intro\">\n<p>Die Berberitze (Berberis vulgaris) ist eine seit Jahrhunderten in der traditionellen Pflanzenheilkunde verwendete Pflanze. Swanson Full Spectrum Barberry Root Bark liefert pro Kapsel 450 mg reinen Berberitzenrindenwurzel-Extrakt in voller Spektrum-Qualit\u00e4t \u2013 ohne unn\u00f6tige Zus\u00e4tze und in bew\u00e4hrt hoher Swanson-Qualit\u00e4t.<\/p>\n<p>Das \u00abFull Spectrum\u00bb-Konzept bedeutet, dass das gesamte nat\u00fcrliche Wirkstoffprofil der Wurzelrinde erhalten bleibt, so wie es in der Pflanze vorkommt. Jede Kapsel enth\u00e4lt ausschliesslich den pflanzenbasierten Wirkstoff in konzentrierter Form, abgef\u00fcllt in einer leicht schluckbaren Gelatinekapsel.<\/p>\n<p>Mit 60 Kapseln pro Packung und einer empfohlenen Tagesdosis von zwei Kapseln bietet dieses Produkt einen 30-t\u00e4gigen Vorrat. Es eignet sich f\u00fcr Erwachsene, die ihre t\u00e4gliche Ern\u00e4hrung gezielt mit Berberitzenrindenwurzel erg\u00e4nzen m\u00f6chten.<\/p>\n<\/p><\/div>\n<div class=\"chcg-nutrition\">\n<h3>N\u00e4hrwertangaben<\/h3>\n<table class=\"chcg-nutrition-table\">\n<thead>\n<tr>\n<th>N\u00e4hrstoff<\/th>\n<th>Pro Portion (1 Kapsel)<\/th>\n<\/tr>\n<\/thead>\n<tbody>\n<tr>\n<td>Berberitzenrindenwurzel (Berberis vulgaris) (Wurzel)<\/td>\n<td>450 mg*<\/td>\n<\/tr>\n<\/tbody>\n<\/table>\n<p class=\"chcg-footnote\">* Kein festgelegter Tagesbedarf.<\/p>\n<\/p><\/div>\n<div class=\"chcg-ingredients\">\n<h3>Zutaten<\/h3>\n<p>Berberitzenrindenwurzel (Berberis vulgaris) (Wurzel) 450 mg. Weitere Zutaten: Gelatine, mikrokristalline Zellulose (Pflanzenfaser), Siliziumdioxid, Magnesiumstearat.<\/p>\n<p class=\"chcg-capsule-shell\">Kapselh\u00fclle: Gelatine<\/p>\n<\/p><\/div>\n<div class=\"chcg-dosage\">\n<h3>Verzehrempfehlung<\/h3>\n<p>Als Nahrungserg\u00e4nzungsmittel eine Kapsel zweimal t\u00e4glich mit Wasser einnehmen.<\/p>\n<\/p><\/div>\n<div class=\"chcg-warnings\">\n<h3>Warnhinweise<\/h3>\n<p>Nur f\u00fcr Erwachsene. Dieses Produkt nicht einnehmen, wenn Sie schwanger sind oder stillen. Konsultieren Sie Ihren Arzt oder Ihre \u00c4rztin, bevor Sie dieses oder ein anderes Produkt verwenden, wenn Sie Medikamente einnehmen oder an einer Erkrankung leiden. Ausserhalb der Reichweite von Kindern aufbewahren. Nicht verwenden, wenn die Versiegelung besch\u00e4digt ist. An einem k\u00fchlen, trockenen Ort lagern.<\/p>\n<\/p><\/div>\n<div class=\"chcg-allergens\">\n<h3>Allergeninformationen<\/h3>\n<p>Auf dem Etikett sind keine Allergene ausdr\u00fccklich deklariert.<\/p>\n<\/p><\/div>\n<div class=\"chcg-storage\">\n<h3>Lagerung<\/h3>\n<p>An einem k\u00fchlen, trockenen Ort lagern.<\/p>\n<\/p><\/div>\n<div class=\"chcg-dietary\">\n<h3>Ern\u00e4hrungshinweise<\/h3>\n<ul>\n<li>Nicht vegan<\/li>\n<li>Nicht vegetarisch<\/li>\n<\/ul><\/div>\n<\/div>\n","protected":false},"excerpt":{"rendered":"<p>Swanson Barberry Root Bark liefert 450 mg Berberitzenrindenwurzel pro Kapsel in voller Spektrum-Qualit\u00e4t. Praktisch als Nahrungserg\u00e4nzungsmittel \u2013 60 Gelatinekapseln pro Packung f\u00fcr 30 Tage.<\/p>\n","protected":false},"featured_media":2579,"comment_status":"closed","ping_status":"open","template":"","meta":[],"product_brand":[16],"product_cat":[48,25],"product_tag":[],"class_list":{"0":"post-2578","1":"product","2":"type-product","3":"status-publish","4":"has-post-thumbnail","6":"product_brand-swanson","7":"product_cat-gesunde-ernaehrung","8":"product_cat-gesundheit-und-wohlbefinden","10":"first","11":"outofstock","12":"taxable","13":"shipping-taxable","14":"purchasable","15":"product-type-simple"},"yoast_head":"<!-- This site is optimized with the Yoast SEO plugin v27.5 - https:\/\/yoast.com\/product\/yoast-seo-wordpress\/ -->\n<title>Barberry Root Bark 450mg \u2013 Swanson | ecosupplements.ch<\/title>\n<meta name=\"description\" content=\"Swanson Full Spectrum Barberry Root Bark mit 450 mg Berberitzenrindenwurzel pro Kapsel \u2013 60 Kapseln f\u00fcr 30 Tage. Jetzt bestellen.\" \/>\n<meta name=\"robots\" content=\"index, follow, max-snippet:-1, max-image-preview:large, max-video-preview:-1\" \/>\n<link rel=\"canonical\" href=\"https:\/\/ecosupplements.ch\/?product=full-spectrum-barberry-root-bark-450mg-60-caps\" \/>\n<meta property=\"og:locale\" content=\"de_DE\" \/>\n<meta property=\"og:type\" content=\"article\" \/>\n<meta property=\"og:title\" content=\"Barberry Root Bark 450mg \u2013 Swanson | ecosupplements.ch\" \/>\n<meta property=\"og:description\" content=\"Swanson Full Spectrum Barberry Root Bark mit 450 mg Berberitzenrindenwurzel pro Kapsel \u2013 60 Kapseln f\u00fcr 30 Tage. Jetzt bestellen.\" \/>\n<meta property=\"og:url\" content=\"https:\/\/ecosupplements.ch\/?product=full-spectrum-barberry-root-bark-450mg-60-caps\" \/>\n<meta property=\"og:site_name\" content=\"Eco Supplements\" \/>\n<meta property=\"article:modified_time\" content=\"2026-05-13T07:25:33+00:00\" \/>\n<meta property=\"og:image\" content=\"https:\/\/ecosupplements.ch\/wp-content\/uploads\/2026\/05\/Full-Spectrum-Barberry-Root-Bark-450mg-60-caps.jpg\" \/>\n\t<meta property=\"og:image:width\" content=\"650\" \/>\n\t<meta property=\"og:image:height\" content=\"650\" \/>\n\t<meta property=\"og:image:type\" content=\"image\/jpeg\" \/>\n<meta name=\"twitter:card\" content=\"summary_large_image\" \/>\n<meta name=\"twitter:label1\" content=\"Price\" \/>\n\t<meta name=\"twitter:data1\" content=\"&#067;&#072;&#070;&nbsp;6.90\" \/>\n\t<meta name=\"twitter:label2\" content=\"Availability\" \/>\n\t<meta name=\"twitter:data2\" content=\"Out of stock\" \/>\n<script type=\"application\/ld+json\" class=\"yoast-schema-graph\">{\"@context\":\"https:\\\/\\\/schema.org\",\"@graph\":[{\"@type\":\"WebPage\",\"@id\":\"https:\\\/\\\/ecosupplements.ch\\\/?product=full-spectrum-barberry-root-bark-450mg-60-caps\",\"url\":\"https:\\\/\\\/ecosupplements.ch\\\/?product=full-spectrum-barberry-root-bark-450mg-60-caps\",\"name\":\"Barberry Root Bark 450mg \u2013 Swanson | ecosupplements.ch\",\"isPartOf\":{\"@id\":\"https:\\\/\\\/ecosupplements.ch\\\/#website\"},\"primaryImageOfPage\":{\"@id\":\"https:\\\/\\\/ecosupplements.ch\\\/?product=full-spectrum-barberry-root-bark-450mg-60-caps#primaryimage\"},\"image\":{\"@id\":\"https:\\\/\\\/ecosupplements.ch\\\/?product=full-spectrum-barberry-root-bark-450mg-60-caps#primaryimage\"},\"thumbnailUrl\":\"https:\\\/\\\/ecosupplements.ch\\\/wp-content\\\/uploads\\\/2026\\\/05\\\/Full-Spectrum-Barberry-Root-Bark-450mg-60-caps.jpg\",\"datePublished\":\"2026-05-11T14:38:54+00:00\",\"dateModified\":\"2026-05-13T07:25:33+00:00\",\"description\":\"Swanson Full Spectrum Barberry Root Bark mit 450 mg Berberitzenrindenwurzel pro Kapsel \u2013 60 Kapseln f\u00fcr 30 Tage. Jetzt bestellen.\",\"breadcrumb\":{\"@id\":\"https:\\\/\\\/ecosupplements.ch\\\/?product=full-spectrum-barberry-root-bark-450mg-60-caps#breadcrumb\"},\"inLanguage\":\"de-CH\",\"potentialAction\":[{\"@type\":\"ReadAction\",\"target\":[\"https:\\\/\\\/ecosupplements.ch\\\/?product=full-spectrum-barberry-root-bark-450mg-60-caps\"]}]},{\"@type\":\"ImageObject\",\"inLanguage\":\"de-CH\",\"@id\":\"https:\\\/\\\/ecosupplements.ch\\\/?product=full-spectrum-barberry-root-bark-450mg-60-caps#primaryimage\",\"url\":\"https:\\\/\\\/ecosupplements.ch\\\/wp-content\\\/uploads\\\/2026\\\/05\\\/Full-Spectrum-Barberry-Root-Bark-450mg-60-caps.jpg\",\"contentUrl\":\"https:\\\/\\\/ecosupplements.ch\\\/wp-content\\\/uploads\\\/2026\\\/05\\\/Full-Spectrum-Barberry-Root-Bark-450mg-60-caps.jpg\",\"width\":650,\"height\":650,\"caption\":\"Full Spectrum Barberry Root Bark\"},{\"@type\":\"BreadcrumbList\",\"@id\":\"https:\\\/\\\/ecosupplements.ch\\\/?product=full-spectrum-barberry-root-bark-450mg-60-caps#breadcrumb\",\"itemListElement\":[{\"@type\":\"ListItem\",\"position\":1,\"name\":\"Home\",\"item\":\"https:\\\/\\\/ecosupplements.ch\\\/\"},{\"@type\":\"ListItem\",\"position\":2,\"name\":\"Shop\",\"item\":\"https:\\\/\\\/ecosupplements.ch\\\/?page_id=14\"},{\"@type\":\"ListItem\",\"position\":3,\"name\":\"Full Spectrum Barberry Root Bark, 450mg &#8211; 60 caps\"}]},{\"@type\":\"WebSite\",\"@id\":\"https:\\\/\\\/ecosupplements.ch\\\/#website\",\"url\":\"https:\\\/\\\/ecosupplements.ch\\\/\",\"name\":\"Eco Supplements\",\"description\":\"\",\"potentialAction\":[{\"@type\":\"SearchAction\",\"target\":{\"@type\":\"EntryPoint\",\"urlTemplate\":\"https:\\\/\\\/ecosupplements.ch\\\/?s={search_term_string}\"},\"query-input\":{\"@type\":\"PropertyValueSpecification\",\"valueRequired\":true,\"valueName\":\"search_term_string\"}}],\"inLanguage\":\"de-CH\"}]}<\/script>\n<meta property=\"product:price:amount\" content=\"6.90\" \/>\n<meta property=\"product:price:currency\" content=\"CHF\" \/>\n<meta property=\"og:availability\" content=\"out of stock\" \/>\n<meta property=\"product:availability\" content=\"out of stock\" \/>\n<meta property=\"product:retailer_item_id\" content=\"087614118147\" \/>\n<meta property=\"product:condition\" content=\"new\" \/>\n<!-- \/ Yoast SEO plugin. -->","yoast_head_json":{"title":"Barberry Root Bark 450mg \u2013 Swanson | ecosupplements.ch","description":"Swanson Full Spectrum Barberry Root Bark mit 450 mg Berberitzenrindenwurzel pro Kapsel \u2013 60 Kapseln f\u00fcr 30 Tage. Jetzt bestellen.","robots":{"index":"index","follow":"follow","max-snippet":"max-snippet:-1","max-image-preview":"max-image-preview:large","max-video-preview":"max-video-preview:-1"},"canonical":"https:\/\/ecosupplements.ch\/?product=full-spectrum-barberry-root-bark-450mg-60-caps","og_locale":"de_DE","og_type":"article","og_title":"Barberry Root Bark 450mg \u2013 Swanson | ecosupplements.ch","og_description":"Swanson Full Spectrum Barberry Root Bark mit 450 mg Berberitzenrindenwurzel pro Kapsel \u2013 60 Kapseln f\u00fcr 30 Tage. Jetzt bestellen.","og_url":"https:\/\/ecosupplements.ch\/?product=full-spectrum-barberry-root-bark-450mg-60-caps","og_site_name":"Eco Supplements","article_modified_time":"2026-05-13T07:25:33+00:00","og_image":[{"width":650,"height":650,"url":"https:\/\/ecosupplements.ch\/wp-content\/uploads\/2026\/05\/Full-Spectrum-Barberry-Root-Bark-450mg-60-caps.jpg","type":"image\/jpeg"}],"twitter_card":"summary_large_image","twitter_misc":{"Price":"&#67;&#72;&#70;&nbsp;6.90","Availability":"Out of stock"},"schema":{"@context":"https:\/\/schema.org","@graph":[{"@type":"WebPage","@id":"https:\/\/ecosupplements.ch\/?product=full-spectrum-barberry-root-bark-450mg-60-caps","url":"https:\/\/ecosupplements.ch\/?product=full-spectrum-barberry-root-bark-450mg-60-caps","name":"Barberry Root Bark 450mg \u2013 Swanson | ecosupplements.ch","isPartOf":{"@id":"https:\/\/ecosupplements.ch\/#website"},"primaryImageOfPage":{"@id":"https:\/\/ecosupplements.ch\/?product=full-spectrum-barberry-root-bark-450mg-60-caps#primaryimage"},"image":{"@id":"https:\/\/ecosupplements.ch\/?product=full-spectrum-barberry-root-bark-450mg-60-caps#primaryimage"},"thumbnailUrl":"https:\/\/ecosupplements.ch\/wp-content\/uploads\/2026\/05\/Full-Spectrum-Barberry-Root-Bark-450mg-60-caps.jpg","datePublished":"2026-05-11T14:38:54+00:00","dateModified":"2026-05-13T07:25:33+00:00","description":"Swanson Full Spectrum Barberry Root Bark mit 450 mg Berberitzenrindenwurzel pro Kapsel \u2013 60 Kapseln f\u00fcr 30 Tage. Jetzt bestellen.","breadcrumb":{"@id":"https:\/\/ecosupplements.ch\/?product=full-spectrum-barberry-root-bark-450mg-60-caps#breadcrumb"},"inLanguage":"de-CH","potentialAction":[{"@type":"ReadAction","target":["https:\/\/ecosupplements.ch\/?product=full-spectrum-barberry-root-bark-450mg-60-caps"]}]},{"@type":"ImageObject","inLanguage":"de-CH","@id":"https:\/\/ecosupplements.ch\/?product=full-spectrum-barberry-root-bark-450mg-60-caps#primaryimage","url":"https:\/\/ecosupplements.ch\/wp-content\/uploads\/2026\/05\/Full-Spectrum-Barberry-Root-Bark-450mg-60-caps.jpg","contentUrl":"https:\/\/ecosupplements.ch\/wp-content\/uploads\/2026\/05\/Full-Spectrum-Barberry-Root-Bark-450mg-60-caps.jpg","width":650,"height":650,"caption":"Full Spectrum Barberry Root Bark"},{"@type":"BreadcrumbList","@id":"https:\/\/ecosupplements.ch\/?product=full-spectrum-barberry-root-bark-450mg-60-caps#breadcrumb","itemListElement":[{"@type":"ListItem","position":1,"name":"Home","item":"https:\/\/ecosupplements.ch\/"},{"@type":"ListItem","position":2,"name":"Shop","item":"https:\/\/ecosupplements.ch\/?page_id=14"},{"@type":"ListItem","position":3,"name":"Full Spectrum Barberry Root Bark, 450mg &#8211; 60 caps"}]},{"@type":"WebSite","@id":"https:\/\/ecosupplements.ch\/#website","url":"https:\/\/ecosupplements.ch\/","name":"Eco Supplements","description":"","potentialAction":[{"@type":"SearchAction","target":{"@type":"EntryPoint","urlTemplate":"https:\/\/ecosupplements.ch\/?s={search_term_string}"},"query-input":{"@type":"PropertyValueSpecification","valueRequired":true,"valueName":"search_term_string"}}],"inLanguage":"de-CH"}]},"product_price_amount":"6.90","product_price_currency":"CHF","og_availability":"out of stock","product_availability":"out of stock","product_retailer_item_id":"087614118147","product_condition":"new"},"_links":{"self":[{"href":"https:\/\/ecosupplements.ch\/index.php?rest_route=\/wp\/v2\/product\/2578","targetHints":{"allow":["GET"]}}],"collection":[{"href":"https:\/\/ecosupplements.ch\/index.php?rest_route=\/wp\/v2\/product"}],"about":[{"href":"https:\/\/ecosupplements.ch\/index.php?rest_route=\/wp\/v2\/types\/product"}],"replies":[{"embeddable":true,"href":"https:\/\/ecosupplements.ch\/index.php?rest_route=%2Fwp%2Fv2%2Fcomments&post=2578"}],"wp:featuredmedia":[{"embeddable":true,"href":"https:\/\/ecosupplements.ch\/index.php?rest_route=\/wp\/v2\/media\/2579"}],"wp:attachment":[{"href":"https:\/\/ecosupplements.ch\/index.php?rest_route=%2Fwp%2Fv2%2Fmedia&parent=2578"}],"wp:term":[{"taxonomy":"product_brand","embeddable":true,"href":"https:\/\/ecosupplements.ch\/index.php?rest_route=%2Fwp%2Fv2%2Fproduct_brand&post=2578"},{"taxonomy":"product_cat","embeddable":true,"href":"https:\/\/ecosupplements.ch\/index.php?rest_route=%2Fwp%2Fv2%2Fproduct_cat&post=2578"},{"taxonomy":"product_tag","embeddable":true,"href":"https:\/\/ecosupplements.ch\/index.php?rest_route=%2Fwp%2Fv2%2Fproduct_tag&post=2578"}],"curies":[{"name":"wp","href":"https:\/\/api.w.org\/{rel}","templated":true}]}}