{"id":2582,"date":"2026-05-11T14:38:55","date_gmt":"2026-05-11T14:38:55","guid":{"rendered":"https:\/\/ecosupplements.ch\/?product=full-spectrum-cacao-raw-cocoa-400mg-60-caps"},"modified":"2026-05-13T07:23:51","modified_gmt":"2026-05-13T07:23:51","slug":"full-spectrum-cacao-raw-cocoa-400mg-60-caps","status":"publish","type":"product","link":"https:\/\/ecosupplements.ch\/?product=full-spectrum-cacao-raw-cocoa-400mg-60-caps","title":{"rendered":"Full Spectrum Cacao (Raw Cocoa), 400mg &#8211; 60 caps"},"content":{"rendered":"<div class=\"chcg-product-description\">\n<h2 class=\"chcg-heading\">\u00dcber Swanson \u2013 Full Spectrum Cacao (Raw Cocoa), 400mg \u2013 60 Kapseln<\/h2>\n<div class=\"chcg-intro\">\n<p>Swanson Full Spectrum Cacao liefert 400 mg reines Kakaofruchtpulver (Theobroma cacao) pro Kapsel \u2013 naturbelassen und als Vollspektrum-Extrakt, der die nat\u00fcrlich vorkommenden Inhaltsstoffe der Kakaofrucht bewahrt. Kakao geh\u00f6rt zu den botanisch interessantesten Lebensmitteln und wird seit Jahrhunderten in verschiedenen Kulturen gesch\u00e4tzt.<\/p>\n<p>Jede Kapsel enth\u00e4lt 400 mg Cacao (Theobroma cacao) aus der Frucht der Kakaopflanze. Das Produkt eignet sich f\u00fcr Erwachsene, die Kakao bequem und in konzentrierter Form in ihren Alltag integrieren m\u00f6chten, ohne auf Zucker oder andere Zus\u00e4tze in herk\u00f6mmlichen Kakaoprodukten zur\u00fcckgreifen zu m\u00fcssen.<\/p>\n<p>Swanson steht f\u00fcr sorgf\u00e4ltig ausgew\u00e4hlte Rohstoffe und gepr\u00fcfte Qualit\u00e4t. Mit 60 Kapseln pro Packung deckt dieses Produkt bei einmal t\u00e4glicher Einnahme einen Zeitraum von bis zu zwei Monaten ab.<\/p>\n<\/p><\/div>\n<div class=\"chcg-nutrition\">\n<h3>N\u00e4hrwertangaben<\/h3>\n<table class=\"chcg-nutrition-table\">\n<thead>\n<tr>\n<th>N\u00e4hrstoff<\/th>\n<th>Pro Portion (1 Kapsel)<\/th>\n<\/tr>\n<\/thead>\n<tbody>\n<tr>\n<td>Cacao (Theobroma cacao) (Frucht)<\/td>\n<td>400 mg *<\/td>\n<\/tr>\n<\/tbody>\n<\/table>\n<p class=\"chcg-footnote\">* Kein festgelegter Tagesreferenzwert vorhanden.<\/p>\n<\/p><\/div>\n<div class=\"chcg-ingredients\">\n<h3>Zutaten<\/h3>\n<p>Cacao (Theobroma cacao) (Frucht) 400 mg. Weitere Zutaten: Gelatine, Reismehl, Magnesiumstearat, Siliziumdioxid.<\/p>\n<p class=\"chcg-capsule-shell\">Kapselh\u00fclle: Gelatine<\/p>\n<\/p><\/div>\n<div class=\"chcg-dosage\">\n<h3>Verzehrempfehlung<\/h3>\n<p>Als Nahrungserg\u00e4nzungsmittel eine Kapsel ein- bis zweimal t\u00e4glich mit Wasser einnehmen.<\/p>\n<\/p><\/div>\n<div class=\"chcg-warnings\">\n<h3>Warnhinweise<\/h3>\n<p>Nur f\u00fcr Erwachsene. Konsultieren Sie vor der Einnahme dieses oder eines anderen Produkts Ihre \u00c4rztin oder Ihren Arzt, wenn Sie schwanger sind oder stillen, Medikamente einnehmen oder an einer Erkrankung leiden. Ausserhalb der Reichweite von Kindern aufbewahren. Nicht verwenden, wenn die Schutzfolie besch\u00e4digt ist. Dieses Produkt enth\u00e4lt nat\u00fcrlich vorkommendes Koffein.<\/p>\n<\/p><\/div>\n<div class=\"chcg-allergens\">\n<h3>Allergeninformationen<\/h3>\n<p>Dieses Produkt enth\u00e4lt nat\u00fcrlich vorkommendes Koffein. Keine weiteren Allergene ausdr\u00fccklich angegeben.<\/p>\n<\/p><\/div>\n<div class=\"chcg-storage\">\n<h3>Lagerung<\/h3>\n<p>An einem k\u00fchlen, trockenen Ort aufbewahren.<\/p>\n<\/p><\/div>\n<\/div>\n","protected":false},"excerpt":{"rendered":"<p>Swanson Full Spectrum Cacao liefert 400 mg naturbelassenes Kakaofruchtpulver (Theobroma cacao) pro Kapsel. Praktisch und konzentriert \u2013 60 Kapseln pro Packung. Enth\u00e4lt nat\u00fcrlich vorkommendes Koffein.<\/p>\n","protected":false},"featured_media":2583,"comment_status":"closed","ping_status":"open","template":"","meta":[],"product_brand":[16],"product_cat":[48,25,171,21],"product_tag":[],"class_list":{"0":"post-2582","1":"product","2":"type-product","3":"status-publish","4":"has-post-thumbnail","6":"product_brand-swanson","7":"product_cat-gesunde-ernaehrung","8":"product_cat-gesundheit-und-wohlbefinden","9":"product_cat-vitamine-und-mineralien","10":"product_cat-vitamine-und-mineralstoffe","12":"first","13":"outofstock","14":"taxable","15":"shipping-taxable","16":"purchasable","17":"product-type-simple"},"yoast_head":"<!-- This site is optimized with the Yoast SEO plugin v27.5 - https:\/\/yoast.com\/product\/yoast-seo-wordpress\/ -->\n<title>Full Spectrum Cacao 400mg, 60 Kapseln \u2013 Swanson | ecosupplements.ch<\/title>\n<meta name=\"description\" content=\"Swanson Full Spectrum Cacao mit 400 mg Kakaofruchtpulver pro Kapsel \u2013 60 Kapseln, naturbelassen und ohne Zusatzzucker. Jetzt bestellen.\" \/>\n<meta name=\"robots\" content=\"index, follow, max-snippet:-1, max-image-preview:large, max-video-preview:-1\" \/>\n<link rel=\"canonical\" href=\"https:\/\/ecosupplements.ch\/?product=full-spectrum-cacao-raw-cocoa-400mg-60-caps\" \/>\n<meta property=\"og:locale\" content=\"de_DE\" \/>\n<meta property=\"og:type\" content=\"article\" \/>\n<meta property=\"og:title\" content=\"Full Spectrum Cacao 400mg, 60 Kapseln \u2013 Swanson | ecosupplements.ch\" \/>\n<meta property=\"og:description\" content=\"Swanson Full Spectrum Cacao mit 400 mg Kakaofruchtpulver pro Kapsel \u2013 60 Kapseln, naturbelassen und ohne Zusatzzucker. Jetzt bestellen.\" \/>\n<meta property=\"og:url\" content=\"https:\/\/ecosupplements.ch\/?product=full-spectrum-cacao-raw-cocoa-400mg-60-caps\" \/>\n<meta property=\"og:site_name\" content=\"Eco Supplements\" \/>\n<meta property=\"article:modified_time\" content=\"2026-05-13T07:23:51+00:00\" \/>\n<meta property=\"og:image\" content=\"https:\/\/ecosupplements.ch\/wp-content\/uploads\/2026\/05\/Full-Spectrum-Cacao-Raw-Cocoa-400mg-60-caps-1.jpg\" \/>\n\t<meta property=\"og:image:width\" content=\"650\" \/>\n\t<meta property=\"og:image:height\" content=\"650\" \/>\n\t<meta property=\"og:image:type\" content=\"image\/jpeg\" \/>\n<meta name=\"twitter:card\" content=\"summary_large_image\" \/>\n<meta name=\"twitter:label1\" content=\"Price\" \/>\n\t<meta name=\"twitter:data1\" content=\"&#067;&#072;&#070;&nbsp;4.99\" \/>\n\t<meta name=\"twitter:label2\" content=\"Availability\" \/>\n\t<meta name=\"twitter:data2\" content=\"Out of stock\" \/>\n<script type=\"application\/ld+json\" class=\"yoast-schema-graph\">{\"@context\":\"https:\\\/\\\/schema.org\",\"@graph\":[{\"@type\":\"WebPage\",\"@id\":\"https:\\\/\\\/ecosupplements.ch\\\/?product=full-spectrum-cacao-raw-cocoa-400mg-60-caps\",\"url\":\"https:\\\/\\\/ecosupplements.ch\\\/?product=full-spectrum-cacao-raw-cocoa-400mg-60-caps\",\"name\":\"Full Spectrum Cacao 400mg, 60 Kapseln \u2013 Swanson | ecosupplements.ch\",\"isPartOf\":{\"@id\":\"https:\\\/\\\/ecosupplements.ch\\\/#website\"},\"primaryImageOfPage\":{\"@id\":\"https:\\\/\\\/ecosupplements.ch\\\/?product=full-spectrum-cacao-raw-cocoa-400mg-60-caps#primaryimage\"},\"image\":{\"@id\":\"https:\\\/\\\/ecosupplements.ch\\\/?product=full-spectrum-cacao-raw-cocoa-400mg-60-caps#primaryimage\"},\"thumbnailUrl\":\"https:\\\/\\\/ecosupplements.ch\\\/wp-content\\\/uploads\\\/2026\\\/05\\\/Full-Spectrum-Cacao-Raw-Cocoa-400mg-60-caps-1.jpg\",\"datePublished\":\"2026-05-11T14:38:55+00:00\",\"dateModified\":\"2026-05-13T07:23:51+00:00\",\"description\":\"Swanson Full Spectrum Cacao mit 400 mg Kakaofruchtpulver pro Kapsel \u2013 60 Kapseln, naturbelassen und ohne Zusatzzucker. Jetzt bestellen.\",\"breadcrumb\":{\"@id\":\"https:\\\/\\\/ecosupplements.ch\\\/?product=full-spectrum-cacao-raw-cocoa-400mg-60-caps#breadcrumb\"},\"inLanguage\":\"de-CH\",\"potentialAction\":[{\"@type\":\"ReadAction\",\"target\":[\"https:\\\/\\\/ecosupplements.ch\\\/?product=full-spectrum-cacao-raw-cocoa-400mg-60-caps\"]}]},{\"@type\":\"ImageObject\",\"inLanguage\":\"de-CH\",\"@id\":\"https:\\\/\\\/ecosupplements.ch\\\/?product=full-spectrum-cacao-raw-cocoa-400mg-60-caps#primaryimage\",\"url\":\"https:\\\/\\\/ecosupplements.ch\\\/wp-content\\\/uploads\\\/2026\\\/05\\\/Full-Spectrum-Cacao-Raw-Cocoa-400mg-60-caps-1.jpg\",\"contentUrl\":\"https:\\\/\\\/ecosupplements.ch\\\/wp-content\\\/uploads\\\/2026\\\/05\\\/Full-Spectrum-Cacao-Raw-Cocoa-400mg-60-caps-1.jpg\",\"width\":650,\"height\":650,\"caption\":\"Full Spectrum Cacao (Raw Cocoa)\"},{\"@type\":\"BreadcrumbList\",\"@id\":\"https:\\\/\\\/ecosupplements.ch\\\/?product=full-spectrum-cacao-raw-cocoa-400mg-60-caps#breadcrumb\",\"itemListElement\":[{\"@type\":\"ListItem\",\"position\":1,\"name\":\"Home\",\"item\":\"https:\\\/\\\/ecosupplements.ch\\\/\"},{\"@type\":\"ListItem\",\"position\":2,\"name\":\"Shop\",\"item\":\"https:\\\/\\\/ecosupplements.ch\\\/?page_id=14\"},{\"@type\":\"ListItem\",\"position\":3,\"name\":\"Full Spectrum Cacao (Raw Cocoa), 400mg &#8211; 60 caps\"}]},{\"@type\":\"WebSite\",\"@id\":\"https:\\\/\\\/ecosupplements.ch\\\/#website\",\"url\":\"https:\\\/\\\/ecosupplements.ch\\\/\",\"name\":\"Eco Supplements\",\"description\":\"\",\"potentialAction\":[{\"@type\":\"SearchAction\",\"target\":{\"@type\":\"EntryPoint\",\"urlTemplate\":\"https:\\\/\\\/ecosupplements.ch\\\/?s={search_term_string}\"},\"query-input\":{\"@type\":\"PropertyValueSpecification\",\"valueRequired\":true,\"valueName\":\"search_term_string\"}}],\"inLanguage\":\"de-CH\"}]}<\/script>\n<meta property=\"product:price:amount\" content=\"4.99\" \/>\n<meta property=\"product:price:currency\" content=\"CHF\" \/>\n<meta property=\"og:availability\" content=\"out of stock\" \/>\n<meta property=\"product:availability\" content=\"out of stock\" \/>\n<meta property=\"product:retailer_item_id\" content=\"087614112572\" \/>\n<meta property=\"product:condition\" content=\"new\" \/>\n<!-- \/ Yoast SEO plugin. -->","yoast_head_json":{"title":"Full Spectrum Cacao 400mg, 60 Kapseln \u2013 Swanson | ecosupplements.ch","description":"Swanson Full Spectrum Cacao mit 400 mg Kakaofruchtpulver pro Kapsel \u2013 60 Kapseln, naturbelassen und ohne Zusatzzucker. Jetzt bestellen.","robots":{"index":"index","follow":"follow","max-snippet":"max-snippet:-1","max-image-preview":"max-image-preview:large","max-video-preview":"max-video-preview:-1"},"canonical":"https:\/\/ecosupplements.ch\/?product=full-spectrum-cacao-raw-cocoa-400mg-60-caps","og_locale":"de_DE","og_type":"article","og_title":"Full Spectrum Cacao 400mg, 60 Kapseln \u2013 Swanson | ecosupplements.ch","og_description":"Swanson Full Spectrum Cacao mit 400 mg Kakaofruchtpulver pro Kapsel \u2013 60 Kapseln, naturbelassen und ohne Zusatzzucker. Jetzt bestellen.","og_url":"https:\/\/ecosupplements.ch\/?product=full-spectrum-cacao-raw-cocoa-400mg-60-caps","og_site_name":"Eco Supplements","article_modified_time":"2026-05-13T07:23:51+00:00","og_image":[{"width":650,"height":650,"url":"https:\/\/ecosupplements.ch\/wp-content\/uploads\/2026\/05\/Full-Spectrum-Cacao-Raw-Cocoa-400mg-60-caps-1.jpg","type":"image\/jpeg"}],"twitter_card":"summary_large_image","twitter_misc":{"Price":"&#67;&#72;&#70;&nbsp;4.99","Availability":"Out of stock"},"schema":{"@context":"https:\/\/schema.org","@graph":[{"@type":"WebPage","@id":"https:\/\/ecosupplements.ch\/?product=full-spectrum-cacao-raw-cocoa-400mg-60-caps","url":"https:\/\/ecosupplements.ch\/?product=full-spectrum-cacao-raw-cocoa-400mg-60-caps","name":"Full Spectrum Cacao 400mg, 60 Kapseln \u2013 Swanson | ecosupplements.ch","isPartOf":{"@id":"https:\/\/ecosupplements.ch\/#website"},"primaryImageOfPage":{"@id":"https:\/\/ecosupplements.ch\/?product=full-spectrum-cacao-raw-cocoa-400mg-60-caps#primaryimage"},"image":{"@id":"https:\/\/ecosupplements.ch\/?product=full-spectrum-cacao-raw-cocoa-400mg-60-caps#primaryimage"},"thumbnailUrl":"https:\/\/ecosupplements.ch\/wp-content\/uploads\/2026\/05\/Full-Spectrum-Cacao-Raw-Cocoa-400mg-60-caps-1.jpg","datePublished":"2026-05-11T14:38:55+00:00","dateModified":"2026-05-13T07:23:51+00:00","description":"Swanson Full Spectrum Cacao mit 400 mg Kakaofruchtpulver pro Kapsel \u2013 60 Kapseln, naturbelassen und ohne Zusatzzucker. Jetzt bestellen.","breadcrumb":{"@id":"https:\/\/ecosupplements.ch\/?product=full-spectrum-cacao-raw-cocoa-400mg-60-caps#breadcrumb"},"inLanguage":"de-CH","potentialAction":[{"@type":"ReadAction","target":["https:\/\/ecosupplements.ch\/?product=full-spectrum-cacao-raw-cocoa-400mg-60-caps"]}]},{"@type":"ImageObject","inLanguage":"de-CH","@id":"https:\/\/ecosupplements.ch\/?product=full-spectrum-cacao-raw-cocoa-400mg-60-caps#primaryimage","url":"https:\/\/ecosupplements.ch\/wp-content\/uploads\/2026\/05\/Full-Spectrum-Cacao-Raw-Cocoa-400mg-60-caps-1.jpg","contentUrl":"https:\/\/ecosupplements.ch\/wp-content\/uploads\/2026\/05\/Full-Spectrum-Cacao-Raw-Cocoa-400mg-60-caps-1.jpg","width":650,"height":650,"caption":"Full Spectrum Cacao (Raw Cocoa)"},{"@type":"BreadcrumbList","@id":"https:\/\/ecosupplements.ch\/?product=full-spectrum-cacao-raw-cocoa-400mg-60-caps#breadcrumb","itemListElement":[{"@type":"ListItem","position":1,"name":"Home","item":"https:\/\/ecosupplements.ch\/"},{"@type":"ListItem","position":2,"name":"Shop","item":"https:\/\/ecosupplements.ch\/?page_id=14"},{"@type":"ListItem","position":3,"name":"Full Spectrum Cacao (Raw Cocoa), 400mg &#8211; 60 caps"}]},{"@type":"WebSite","@id":"https:\/\/ecosupplements.ch\/#website","url":"https:\/\/ecosupplements.ch\/","name":"Eco Supplements","description":"","potentialAction":[{"@type":"SearchAction","target":{"@type":"EntryPoint","urlTemplate":"https:\/\/ecosupplements.ch\/?s={search_term_string}"},"query-input":{"@type":"PropertyValueSpecification","valueRequired":true,"valueName":"search_term_string"}}],"inLanguage":"de-CH"}]},"product_price_amount":"4.99","product_price_currency":"CHF","og_availability":"out of stock","product_availability":"out of stock","product_retailer_item_id":"087614112572","product_condition":"new"},"_links":{"self":[{"href":"https:\/\/ecosupplements.ch\/index.php?rest_route=\/wp\/v2\/product\/2582","targetHints":{"allow":["GET"]}}],"collection":[{"href":"https:\/\/ecosupplements.ch\/index.php?rest_route=\/wp\/v2\/product"}],"about":[{"href":"https:\/\/ecosupplements.ch\/index.php?rest_route=\/wp\/v2\/types\/product"}],"replies":[{"embeddable":true,"href":"https:\/\/ecosupplements.ch\/index.php?rest_route=%2Fwp%2Fv2%2Fcomments&post=2582"}],"wp:featuredmedia":[{"embeddable":true,"href":"https:\/\/ecosupplements.ch\/index.php?rest_route=\/wp\/v2\/media\/2583"}],"wp:attachment":[{"href":"https:\/\/ecosupplements.ch\/index.php?rest_route=%2Fwp%2Fv2%2Fmedia&parent=2582"}],"wp:term":[{"taxonomy":"product_brand","embeddable":true,"href":"https:\/\/ecosupplements.ch\/index.php?rest_route=%2Fwp%2Fv2%2Fproduct_brand&post=2582"},{"taxonomy":"product_cat","embeddable":true,"href":"https:\/\/ecosupplements.ch\/index.php?rest_route=%2Fwp%2Fv2%2Fproduct_cat&post=2582"},{"taxonomy":"product_tag","embeddable":true,"href":"https:\/\/ecosupplements.ch\/index.php?rest_route=%2Fwp%2Fv2%2Fproduct_tag&post=2582"}],"curies":[{"name":"wp","href":"https:\/\/api.w.org\/{rel}","templated":true}]}}