{"id":2592,"date":"2026-05-11T14:38:59","date_gmt":"2026-05-11T14:38:59","guid":{"rendered":"https:\/\/ecosupplements.ch\/?product=full-spectrum-feverfew-380mg-100-caps"},"modified":"2026-05-13T07:23:49","modified_gmt":"2026-05-13T07:23:49","slug":"full-spectrum-feverfew-380mg-100-caps","status":"publish","type":"product","link":"https:\/\/ecosupplements.ch\/?product=full-spectrum-feverfew-380mg-100-caps","title":{"rendered":"Full Spectrum Feverfew, 380mg &#8211; 100 caps"},"content":{"rendered":"<div class=\"chcg-product-description\">\n<h2 class=\"chcg-heading\">\u00dcber Swanson \u2013 Full Spectrum Feverfew, 380mg \u2013 100 Kapseln<\/h2>\n<div class=\"chcg-intro\">\n<p>Swanson Full Spectrum Feverfew liefert 380 mg Mutterkraut (<em>Tanacetum parthenium<\/em>) pro Kapsel als Ganzkraut-Extrakt aus den oberirdischen Pflanzenteilen. Das Mutterkraut ist eine traditionsreiche Heilpflanze, die seit Jahrhunderten in der europ\u00e4ischen Kr\u00e4uterheilkunde verwendet wird und f\u00fcr ihren Gehalt an nat\u00fcrlich vorkommenden Wirkstoffen wie Parthenolid bekannt ist.<\/p>\n<p>Dank der \u00abFull Spectrum\u00bb-Formulierung werden die oberirdischen Pflanzenteile in ihrer nat\u00fcrlichen Zusammensetzung genutzt, sodass das gesamte Spektrum der pflanzlichen Inhaltsstoffe erhalten bleibt. Jede Kapsel enth\u00e4lt eine klar definierte Wirkstoffmenge, die eine pr\u00e4zise und bequeme Einnahme erm\u00f6glicht.<\/p>\n<p>Das Produkt von Swanson steht f\u00fcr gleichbleibende Qualit\u00e4t und transparente Deklaration \u2013 ideal f\u00fcr alle, die Mutterkraut als Teil ihrer t\u00e4glichen Nahrungserg\u00e4nzung integrieren m\u00f6chten.<\/p>\n<\/p><\/div>\n<div class=\"chcg-nutrition\">\n<h3>N\u00e4hrwertangaben<\/h3>\n<table class=\"chcg-nutrition-table\">\n<thead>\n<tr>\n<th>N\u00e4hrstoff<\/th>\n<th>Pro Portion (1 Kapsel)<\/th>\n<\/tr>\n<\/thead>\n<tbody>\n<tr>\n<td>Mutterkraut (<em>Tanacetum parthenium<\/em>) (oberirdische Teile)<\/td>\n<td>380 mg<\/td>\n<\/tr>\n<\/tbody>\n<\/table>\n<p class=\"chcg-footnote\">* Kein festgelegter Tagesbedarf.<\/p>\n<\/p><\/div>\n<div class=\"chcg-ingredients\">\n<h3>Zutaten<\/h3>\n<p>Mutterkraut (<em>Tanacetum parthenium<\/em>) (oberirdische Teile) 380 mg. Weitere Zutaten: Gelatine, Magnesiumstearat, Siliziumdioxid.<\/p>\n<p class=\"chcg-capsule-shell\">Kapselh\u00fclle: Gelatine<\/p>\n<\/p><\/div>\n<div class=\"chcg-dosage\">\n<h3>Verzehrempfehlung<\/h3>\n<p>Als Nahrungserg\u00e4nzungsmittel eine Kapsel ein- bis zweimal t\u00e4glich mit Wasser einnehmen oder gem\u00e4ss Empfehlung Ihrer \u00c4rztin bzw. Ihres Arztes.<\/p>\n<\/p><\/div>\n<div class=\"chcg-warnings\">\n<h3>Warnhinweise<\/h3>\n<p>Nur f\u00fcr Erwachsene. Dieses Produkt nicht einnehmen, wenn Sie schwanger sind oder stillen. Konsultieren Sie Ihre \u00c4rztin bzw. Ihren Arzt vor der Anwendung dieses oder eines anderen Produkts, wenn Sie Medikamente einnehmen oder an einer Erkrankung leiden. Bei Auftreten von Beschwerden im Mundbereich oder Hautreizungen die Einnahme abbrechen. Ausserhalb der Reichweite von Kindern aufbewahren. Nicht verwenden, wenn die Versiegelung besch\u00e4digt ist.<\/p>\n<\/p><\/div>\n<div class=\"chcg-allergens\">\n<h3>Allergeninformationen<\/h3>\n<p>Auf dem Etikett sind keine Allergenhinweise deklariert. Das Produkt enth\u00e4lt Gelatine tierischer Herkunft. Personen mit entsprechenden Unvertr\u00e4glichkeiten sollten dies ber\u00fccksichtigen.<\/p>\n<\/p><\/div>\n<div class=\"chcg-storage\">\n<h3>Lagerung<\/h3>\n<p>An einem k\u00fchlen, trockenen Ort lagern.<\/p>\n<\/p><\/div>\n<\/div>\n","protected":false},"excerpt":{"rendered":"<p>Swanson Full Spectrum Feverfew liefert 380 mg Mutterkraut (Tanacetum parthenium) pro Kapsel aus oberirdischen Pflanzenteilen. Packungsinhalt: 100 Kapseln. Ein- bis zweimal t\u00e4glich einzunehmen.<\/p>\n","protected":false},"featured_media":2593,"comment_status":"closed","ping_status":"open","template":"","meta":[],"product_brand":[16],"product_cat":[48,25,42,21],"product_tag":[],"class_list":{"0":"post-2592","1":"product","2":"type-product","3":"status-publish","4":"has-post-thumbnail","6":"product_brand-swanson","7":"product_cat-gesunde-ernaehrung","8":"product_cat-gesundheit-und-wohlbefinden","9":"product_cat-mentale-konzentration-und-gedaechtnis","10":"product_cat-vitamine-und-mineralstoffe","12":"first","13":"outofstock","14":"taxable","15":"shipping-taxable","16":"purchasable","17":"product-type-simple"},"yoast_head":"<!-- This site is optimized with the Yoast SEO plugin v27.5 - https:\/\/yoast.com\/product\/yoast-seo-wordpress\/ -->\n<title>Full Spectrum Feverfew 380mg \u2013 Swanson | ecosupplements.ch<\/title>\n<meta name=\"description\" content=\"Swanson Full Spectrum Feverfew mit 380 mg Mutterkraut pro Kapsel \u2013 100 Kapseln f\u00fcr eine bequeme t\u00e4gliche Einnahme. Jetzt bestellen.\" \/>\n<meta name=\"robots\" content=\"index, follow, max-snippet:-1, max-image-preview:large, max-video-preview:-1\" \/>\n<link rel=\"canonical\" href=\"https:\/\/ecosupplements.ch\/?product=full-spectrum-feverfew-380mg-100-caps\" \/>\n<meta property=\"og:locale\" content=\"de_DE\" \/>\n<meta property=\"og:type\" content=\"article\" \/>\n<meta property=\"og:title\" content=\"Full Spectrum Feverfew 380mg \u2013 Swanson | ecosupplements.ch\" \/>\n<meta property=\"og:description\" content=\"Swanson Full Spectrum Feverfew mit 380 mg Mutterkraut pro Kapsel \u2013 100 Kapseln f\u00fcr eine bequeme t\u00e4gliche Einnahme. Jetzt bestellen.\" \/>\n<meta property=\"og:url\" content=\"https:\/\/ecosupplements.ch\/?product=full-spectrum-feverfew-380mg-100-caps\" \/>\n<meta property=\"og:site_name\" content=\"Eco Supplements\" \/>\n<meta property=\"article:modified_time\" content=\"2026-05-13T07:23:49+00:00\" \/>\n<meta property=\"og:image\" content=\"https:\/\/ecosupplements.ch\/wp-content\/uploads\/2026\/05\/Full-Spectrum-Feverfew-380mg-100-caps-1.jpg\" \/>\n\t<meta property=\"og:image:width\" content=\"650\" \/>\n\t<meta property=\"og:image:height\" content=\"650\" \/>\n\t<meta property=\"og:image:type\" content=\"image\/jpeg\" \/>\n<meta name=\"twitter:card\" content=\"summary_large_image\" \/>\n<meta name=\"twitter:label1\" content=\"Price\" \/>\n\t<meta name=\"twitter:data1\" content=\"&#067;&#072;&#070;&nbsp;9.45\" \/>\n\t<meta name=\"twitter:label2\" content=\"Availability\" \/>\n\t<meta name=\"twitter:data2\" content=\"Out of stock\" \/>\n<script type=\"application\/ld+json\" class=\"yoast-schema-graph\">{\"@context\":\"https:\\\/\\\/schema.org\",\"@graph\":[{\"@type\":\"WebPage\",\"@id\":\"https:\\\/\\\/ecosupplements.ch\\\/?product=full-spectrum-feverfew-380mg-100-caps\",\"url\":\"https:\\\/\\\/ecosupplements.ch\\\/?product=full-spectrum-feverfew-380mg-100-caps\",\"name\":\"Full Spectrum Feverfew 380mg \u2013 Swanson | ecosupplements.ch\",\"isPartOf\":{\"@id\":\"https:\\\/\\\/ecosupplements.ch\\\/#website\"},\"primaryImageOfPage\":{\"@id\":\"https:\\\/\\\/ecosupplements.ch\\\/?product=full-spectrum-feverfew-380mg-100-caps#primaryimage\"},\"image\":{\"@id\":\"https:\\\/\\\/ecosupplements.ch\\\/?product=full-spectrum-feverfew-380mg-100-caps#primaryimage\"},\"thumbnailUrl\":\"https:\\\/\\\/ecosupplements.ch\\\/wp-content\\\/uploads\\\/2026\\\/05\\\/Full-Spectrum-Feverfew-380mg-100-caps-1.jpg\",\"datePublished\":\"2026-05-11T14:38:59+00:00\",\"dateModified\":\"2026-05-13T07:23:49+00:00\",\"description\":\"Swanson Full Spectrum Feverfew mit 380 mg Mutterkraut pro Kapsel \u2013 100 Kapseln f\u00fcr eine bequeme t\u00e4gliche Einnahme. Jetzt bestellen.\",\"breadcrumb\":{\"@id\":\"https:\\\/\\\/ecosupplements.ch\\\/?product=full-spectrum-feverfew-380mg-100-caps#breadcrumb\"},\"inLanguage\":\"de-CH\",\"potentialAction\":[{\"@type\":\"ReadAction\",\"target\":[\"https:\\\/\\\/ecosupplements.ch\\\/?product=full-spectrum-feverfew-380mg-100-caps\"]}]},{\"@type\":\"ImageObject\",\"inLanguage\":\"de-CH\",\"@id\":\"https:\\\/\\\/ecosupplements.ch\\\/?product=full-spectrum-feverfew-380mg-100-caps#primaryimage\",\"url\":\"https:\\\/\\\/ecosupplements.ch\\\/wp-content\\\/uploads\\\/2026\\\/05\\\/Full-Spectrum-Feverfew-380mg-100-caps-1.jpg\",\"contentUrl\":\"https:\\\/\\\/ecosupplements.ch\\\/wp-content\\\/uploads\\\/2026\\\/05\\\/Full-Spectrum-Feverfew-380mg-100-caps-1.jpg\",\"width\":650,\"height\":650,\"caption\":\"Full Spectrum Feverfew\"},{\"@type\":\"BreadcrumbList\",\"@id\":\"https:\\\/\\\/ecosupplements.ch\\\/?product=full-spectrum-feverfew-380mg-100-caps#breadcrumb\",\"itemListElement\":[{\"@type\":\"ListItem\",\"position\":1,\"name\":\"Home\",\"item\":\"https:\\\/\\\/ecosupplements.ch\\\/\"},{\"@type\":\"ListItem\",\"position\":2,\"name\":\"Shop\",\"item\":\"https:\\\/\\\/ecosupplements.ch\\\/?page_id=14\"},{\"@type\":\"ListItem\",\"position\":3,\"name\":\"Full Spectrum Feverfew, 380mg &#8211; 100 caps\"}]},{\"@type\":\"WebSite\",\"@id\":\"https:\\\/\\\/ecosupplements.ch\\\/#website\",\"url\":\"https:\\\/\\\/ecosupplements.ch\\\/\",\"name\":\"Eco Supplements\",\"description\":\"\",\"potentialAction\":[{\"@type\":\"SearchAction\",\"target\":{\"@type\":\"EntryPoint\",\"urlTemplate\":\"https:\\\/\\\/ecosupplements.ch\\\/?s={search_term_string}\"},\"query-input\":{\"@type\":\"PropertyValueSpecification\",\"valueRequired\":true,\"valueName\":\"search_term_string\"}}],\"inLanguage\":\"de-CH\"}]}<\/script>\n<meta property=\"product:price:amount\" content=\"9.45\" \/>\n<meta property=\"product:price:currency\" content=\"CHF\" \/>\n<meta property=\"og:availability\" content=\"out of stock\" \/>\n<meta property=\"product:availability\" content=\"out of stock\" \/>\n<meta property=\"product:retailer_item_id\" content=\"087614117003\" \/>\n<meta property=\"product:condition\" content=\"new\" \/>\n<!-- \/ Yoast SEO plugin. -->","yoast_head_json":{"title":"Full Spectrum Feverfew 380mg \u2013 Swanson | ecosupplements.ch","description":"Swanson Full Spectrum Feverfew mit 380 mg Mutterkraut pro Kapsel \u2013 100 Kapseln f\u00fcr eine bequeme t\u00e4gliche Einnahme. Jetzt bestellen.","robots":{"index":"index","follow":"follow","max-snippet":"max-snippet:-1","max-image-preview":"max-image-preview:large","max-video-preview":"max-video-preview:-1"},"canonical":"https:\/\/ecosupplements.ch\/?product=full-spectrum-feverfew-380mg-100-caps","og_locale":"de_DE","og_type":"article","og_title":"Full Spectrum Feverfew 380mg \u2013 Swanson | ecosupplements.ch","og_description":"Swanson Full Spectrum Feverfew mit 380 mg Mutterkraut pro Kapsel \u2013 100 Kapseln f\u00fcr eine bequeme t\u00e4gliche Einnahme. Jetzt bestellen.","og_url":"https:\/\/ecosupplements.ch\/?product=full-spectrum-feverfew-380mg-100-caps","og_site_name":"Eco Supplements","article_modified_time":"2026-05-13T07:23:49+00:00","og_image":[{"width":650,"height":650,"url":"https:\/\/ecosupplements.ch\/wp-content\/uploads\/2026\/05\/Full-Spectrum-Feverfew-380mg-100-caps-1.jpg","type":"image\/jpeg"}],"twitter_card":"summary_large_image","twitter_misc":{"Price":"&#67;&#72;&#70;&nbsp;9.45","Availability":"Out of stock"},"schema":{"@context":"https:\/\/schema.org","@graph":[{"@type":"WebPage","@id":"https:\/\/ecosupplements.ch\/?product=full-spectrum-feverfew-380mg-100-caps","url":"https:\/\/ecosupplements.ch\/?product=full-spectrum-feverfew-380mg-100-caps","name":"Full Spectrum Feverfew 380mg \u2013 Swanson | ecosupplements.ch","isPartOf":{"@id":"https:\/\/ecosupplements.ch\/#website"},"primaryImageOfPage":{"@id":"https:\/\/ecosupplements.ch\/?product=full-spectrum-feverfew-380mg-100-caps#primaryimage"},"image":{"@id":"https:\/\/ecosupplements.ch\/?product=full-spectrum-feverfew-380mg-100-caps#primaryimage"},"thumbnailUrl":"https:\/\/ecosupplements.ch\/wp-content\/uploads\/2026\/05\/Full-Spectrum-Feverfew-380mg-100-caps-1.jpg","datePublished":"2026-05-11T14:38:59+00:00","dateModified":"2026-05-13T07:23:49+00:00","description":"Swanson Full Spectrum Feverfew mit 380 mg Mutterkraut pro Kapsel \u2013 100 Kapseln f\u00fcr eine bequeme t\u00e4gliche Einnahme. Jetzt bestellen.","breadcrumb":{"@id":"https:\/\/ecosupplements.ch\/?product=full-spectrum-feverfew-380mg-100-caps#breadcrumb"},"inLanguage":"de-CH","potentialAction":[{"@type":"ReadAction","target":["https:\/\/ecosupplements.ch\/?product=full-spectrum-feverfew-380mg-100-caps"]}]},{"@type":"ImageObject","inLanguage":"de-CH","@id":"https:\/\/ecosupplements.ch\/?product=full-spectrum-feverfew-380mg-100-caps#primaryimage","url":"https:\/\/ecosupplements.ch\/wp-content\/uploads\/2026\/05\/Full-Spectrum-Feverfew-380mg-100-caps-1.jpg","contentUrl":"https:\/\/ecosupplements.ch\/wp-content\/uploads\/2026\/05\/Full-Spectrum-Feverfew-380mg-100-caps-1.jpg","width":650,"height":650,"caption":"Full Spectrum Feverfew"},{"@type":"BreadcrumbList","@id":"https:\/\/ecosupplements.ch\/?product=full-spectrum-feverfew-380mg-100-caps#breadcrumb","itemListElement":[{"@type":"ListItem","position":1,"name":"Home","item":"https:\/\/ecosupplements.ch\/"},{"@type":"ListItem","position":2,"name":"Shop","item":"https:\/\/ecosupplements.ch\/?page_id=14"},{"@type":"ListItem","position":3,"name":"Full Spectrum Feverfew, 380mg &#8211; 100 caps"}]},{"@type":"WebSite","@id":"https:\/\/ecosupplements.ch\/#website","url":"https:\/\/ecosupplements.ch\/","name":"Eco Supplements","description":"","potentialAction":[{"@type":"SearchAction","target":{"@type":"EntryPoint","urlTemplate":"https:\/\/ecosupplements.ch\/?s={search_term_string}"},"query-input":{"@type":"PropertyValueSpecification","valueRequired":true,"valueName":"search_term_string"}}],"inLanguage":"de-CH"}]},"product_price_amount":"9.45","product_price_currency":"CHF","og_availability":"out of stock","product_availability":"out of stock","product_retailer_item_id":"087614117003","product_condition":"new"},"_links":{"self":[{"href":"https:\/\/ecosupplements.ch\/index.php?rest_route=\/wp\/v2\/product\/2592","targetHints":{"allow":["GET"]}}],"collection":[{"href":"https:\/\/ecosupplements.ch\/index.php?rest_route=\/wp\/v2\/product"}],"about":[{"href":"https:\/\/ecosupplements.ch\/index.php?rest_route=\/wp\/v2\/types\/product"}],"replies":[{"embeddable":true,"href":"https:\/\/ecosupplements.ch\/index.php?rest_route=%2Fwp%2Fv2%2Fcomments&post=2592"}],"wp:featuredmedia":[{"embeddable":true,"href":"https:\/\/ecosupplements.ch\/index.php?rest_route=\/wp\/v2\/media\/2593"}],"wp:attachment":[{"href":"https:\/\/ecosupplements.ch\/index.php?rest_route=%2Fwp%2Fv2%2Fmedia&parent=2592"}],"wp:term":[{"taxonomy":"product_brand","embeddable":true,"href":"https:\/\/ecosupplements.ch\/index.php?rest_route=%2Fwp%2Fv2%2Fproduct_brand&post=2592"},{"taxonomy":"product_cat","embeddable":true,"href":"https:\/\/ecosupplements.ch\/index.php?rest_route=%2Fwp%2Fv2%2Fproduct_cat&post=2592"},{"taxonomy":"product_tag","embeddable":true,"href":"https:\/\/ecosupplements.ch\/index.php?rest_route=%2Fwp%2Fv2%2Fproduct_tag&post=2592"}],"curies":[{"name":"wp","href":"https:\/\/api.w.org\/{rel}","templated":true}]}}