{"id":2596,"date":"2026-05-11T14:39:01","date_gmt":"2026-05-11T14:39:01","guid":{"rendered":"https:\/\/ecosupplements.ch\/?product=full-spectrum-guar-gum-400mg-60-caps"},"modified":"2026-05-13T07:23:51","modified_gmt":"2026-05-13T07:23:51","slug":"full-spectrum-guar-gum-400mg-60-caps","status":"publish","type":"product","link":"https:\/\/ecosupplements.ch\/?product=full-spectrum-guar-gum-400mg-60-caps","title":{"rendered":"Full Spectrum Guar Gum, 400mg &#8211; 60 caps"},"content":{"rendered":"<div class=\"chcg-product-description\">\n<h2 class=\"chcg-heading\">\u00dcber Swanson \u2013 Full Spectrum Guar Gum, 400mg \u2013 60 Kapseln<\/h2>\n<div class=\"chcg-intro\">\n<p>Guar Gum (Guarkernmehl) ist ein nat\u00fcrlicher Ballaststoff, der aus den Samen der Guarbohne (<em>Cyamopsis tetragonoloba<\/em>) gewonnen wird. Als wasserl\u00f6slicher Ballaststoff tr\u00e4gt Guarkernmehl dazu bei, die t\u00e4gliche Ballaststoffzufuhr zu erg\u00e4nzen \u2013 ideal f\u00fcr alle, die ihre Ern\u00e4hrung gezielt optimieren m\u00f6chten.<\/p>\n<p>Swanson Full Spectrum Guar Gum liefert pro Kapsel 400 mg reines Guarkernmehlpulver aus den Samen der Pflanze. Die praktische Kapselform erm\u00f6glicht eine einfache und pr\u00e4zise Dosierung im Alltag.<\/p>\n<p>Dieses Produkt ist f\u00fcr Erwachsene geeignet, die ihren Speiseplan mit einem nat\u00fcrlichen Ballaststoffpr\u00e4parat erg\u00e4nzen m\u00f6chten. Jede Packung enth\u00e4lt 60 Kapseln \u2013 ausreichend f\u00fcr 30 bis 60 Tagesdosen, je nach gew\u00e4hlter Dosierung.<\/p>\n<\/p><\/div>\n<div class=\"chcg-nutrition\">\n<h3>N\u00e4hrwertangaben<\/h3>\n<table class=\"chcg-nutrition-table\">\n<thead>\n<tr>\n<th>N\u00e4hrstoff<\/th>\n<th>Pro Portion (2 Kapseln)<\/th>\n<\/tr>\n<\/thead>\n<tbody>\n<tr>\n<td>Kohlenhydrate gesamt<\/td>\n<td>&lt;1 g (0 % TW)<\/td>\n<\/tr>\n<tr>\n<td>\u2013 davon Ballaststoffe<\/td>\n<td>&lt;1 g (2 % TW)<\/td>\n<\/tr>\n<tr>\n<td>Guar Gum (<em>Cyamopsis tetragonoloba<\/em>) (Samen)<\/td>\n<td>800 mg *<\/td>\n<\/tr>\n<\/tbody>\n<\/table>\n<p class=\"chcg-footnote\">* Kein Tageswert (TW) festgelegt.<\/p>\n<p class=\"chcg-footnote\">Die Prozentwerte der Tageswerte basieren auf einer Kalorienzufuhr von 2&#8217;000 kcal pro Tag.<\/p>\n<\/p><\/div>\n<div class=\"chcg-ingredients\">\n<h3>Zutaten<\/h3>\n<p>Guar Gum (<em>Cyamopsis tetragonoloba<\/em>) (Samen), Gelatine, Reismehl, kann eines oder beide der folgenden Hilfsstoffe enthalten: Magnesiumstearat, Siliciumdioxid.<\/p>\n<p class=\"chcg-capsule-shell\">Kapselh\u00fclle: Gelatine<\/p>\n<\/p><\/div>\n<div class=\"chcg-dosage\">\n<h3>Verzehrempfehlung<\/h3>\n<p>Als Nahrungserg\u00e4nzungsmittel eine Kapsel ein- bis zweimal t\u00e4glich mit mindestens 240 ml (ca. 8 oz) Wasser einnehmen. Hinweis: Auf einigen Etikettversionen wird die Einnahme von zwei Kapseln ein- bis zweimal t\u00e4glich empfohlen.<\/p>\n<\/p><\/div>\n<div class=\"chcg-warnings\">\n<h3>Warnhinweise<\/h3>\n<p>Nur f\u00fcr Erwachsene. Bei Schwangerschaft oder Stillzeit, bei der Einnahme von Medikamenten oder bei bestehenden gesundheitlichen Beschwerden vor der Einnahme einen Arzt konsultieren. Ausserhalb der Reichweite von Kindern aufbewahren.<\/p>\n<\/p><\/div>\n<div class=\"chcg-allergens\">\n<h3>Allergeninformationen<\/h3>\n<p>Auf dem Etikett sind keine Allergene deklariert.<\/p>\n<\/p><\/div>\n<div class=\"chcg-storage\">\n<h3>Lagerung<\/h3>\n<p>An einem k\u00fchlen, trockenen Ort aufbewahren.<\/p>\n<\/p><\/div>\n<div class=\"chcg-dietary\">\n<h3>Ern\u00e4hrungshinweise<\/h3>\n<ul>\n<li>Laktosefrei<\/li>\n<\/ul><\/div>\n<\/div>\n","protected":false},"excerpt":{"rendered":"<p>Swanson Full Spectrum Guar Gum liefert 400 mg Guarkernmehl pro Kapsel als nat\u00fcrliche Ballaststoffquelle. Erh\u00e4ltlich als praktische Kapseln, 60 St\u00fcck pro Packung.<\/p>\n","protected":false},"featured_media":2597,"comment_status":"closed","ping_status":"open","template":"","meta":[],"product_brand":[16],"product_cat":[48,25,44,102],"product_tag":[],"class_list":{"0":"post-2596","1":"product","2":"type-product","3":"status-publish","4":"has-post-thumbnail","6":"product_brand-swanson","7":"product_cat-gesunde-ernaehrung","8":"product_cat-gesundheit-und-wohlbefinden","9":"product_cat-pflanzliche-nahrungsergaenzungsmittel","10":"product_cat-verdauungsgesundheit","12":"first","13":"outofstock","14":"taxable","15":"shipping-taxable","16":"purchasable","17":"product-type-simple"},"yoast_head":"<!-- This site is optimized with the Yoast SEO plugin v27.5 - https:\/\/yoast.com\/product\/yoast-seo-wordpress\/ -->\n<title>Full Spectrum Guar Gum 400mg \u2013 Swanson | ecosupplements.ch<\/title>\n<meta name=\"description\" content=\"Nat\u00fcrlicher Ballaststoff aus Guarkernmehl, 400 mg pro Kapsel \u2013 60 Kapseln von Swanson. Jetzt bestellen.\" \/>\n<meta name=\"robots\" content=\"index, follow, max-snippet:-1, max-image-preview:large, max-video-preview:-1\" \/>\n<link rel=\"canonical\" href=\"https:\/\/ecosupplements.ch\/?product=full-spectrum-guar-gum-400mg-60-caps\" \/>\n<meta property=\"og:locale\" content=\"de_DE\" \/>\n<meta property=\"og:type\" content=\"article\" \/>\n<meta property=\"og:title\" content=\"Full Spectrum Guar Gum 400mg \u2013 Swanson | ecosupplements.ch\" \/>\n<meta property=\"og:description\" content=\"Nat\u00fcrlicher Ballaststoff aus Guarkernmehl, 400 mg pro Kapsel \u2013 60 Kapseln von Swanson. Jetzt bestellen.\" \/>\n<meta property=\"og:url\" content=\"https:\/\/ecosupplements.ch\/?product=full-spectrum-guar-gum-400mg-60-caps\" \/>\n<meta property=\"og:site_name\" content=\"Eco Supplements\" \/>\n<meta property=\"article:modified_time\" content=\"2026-05-13T07:23:51+00:00\" \/>\n<meta property=\"og:image\" content=\"https:\/\/ecosupplements.ch\/wp-content\/uploads\/2026\/05\/Full-Spectrum-Guar-Gum-400mg-60-caps-1.jpg\" \/>\n\t<meta property=\"og:image:width\" content=\"265\" \/>\n\t<meta property=\"og:image:height\" content=\"484\" \/>\n\t<meta property=\"og:image:type\" content=\"image\/jpeg\" \/>\n<meta name=\"twitter:card\" content=\"summary_large_image\" \/>\n<meta name=\"twitter:label1\" content=\"Price\" \/>\n\t<meta name=\"twitter:data1\" content=\"&#067;&#072;&#070;&nbsp;5.93\" \/>\n\t<meta name=\"twitter:label2\" content=\"Availability\" \/>\n\t<meta name=\"twitter:data2\" content=\"Out of stock\" \/>\n<script type=\"application\/ld+json\" class=\"yoast-schema-graph\">{\"@context\":\"https:\\\/\\\/schema.org\",\"@graph\":[{\"@type\":\"WebPage\",\"@id\":\"https:\\\/\\\/ecosupplements.ch\\\/?product=full-spectrum-guar-gum-400mg-60-caps\",\"url\":\"https:\\\/\\\/ecosupplements.ch\\\/?product=full-spectrum-guar-gum-400mg-60-caps\",\"name\":\"Full Spectrum Guar Gum 400mg \u2013 Swanson | ecosupplements.ch\",\"isPartOf\":{\"@id\":\"https:\\\/\\\/ecosupplements.ch\\\/#website\"},\"primaryImageOfPage\":{\"@id\":\"https:\\\/\\\/ecosupplements.ch\\\/?product=full-spectrum-guar-gum-400mg-60-caps#primaryimage\"},\"image\":{\"@id\":\"https:\\\/\\\/ecosupplements.ch\\\/?product=full-spectrum-guar-gum-400mg-60-caps#primaryimage\"},\"thumbnailUrl\":\"https:\\\/\\\/ecosupplements.ch\\\/wp-content\\\/uploads\\\/2026\\\/05\\\/Full-Spectrum-Guar-Gum-400mg-60-caps-1.jpg\",\"datePublished\":\"2026-05-11T14:39:01+00:00\",\"dateModified\":\"2026-05-13T07:23:51+00:00\",\"description\":\"Nat\u00fcrlicher Ballaststoff aus Guarkernmehl, 400 mg pro Kapsel \u2013 60 Kapseln von Swanson. Jetzt bestellen.\",\"breadcrumb\":{\"@id\":\"https:\\\/\\\/ecosupplements.ch\\\/?product=full-spectrum-guar-gum-400mg-60-caps#breadcrumb\"},\"inLanguage\":\"de-CH\",\"potentialAction\":[{\"@type\":\"ReadAction\",\"target\":[\"https:\\\/\\\/ecosupplements.ch\\\/?product=full-spectrum-guar-gum-400mg-60-caps\"]}]},{\"@type\":\"ImageObject\",\"inLanguage\":\"de-CH\",\"@id\":\"https:\\\/\\\/ecosupplements.ch\\\/?product=full-spectrum-guar-gum-400mg-60-caps#primaryimage\",\"url\":\"https:\\\/\\\/ecosupplements.ch\\\/wp-content\\\/uploads\\\/2026\\\/05\\\/Full-Spectrum-Guar-Gum-400mg-60-caps-1.jpg\",\"contentUrl\":\"https:\\\/\\\/ecosupplements.ch\\\/wp-content\\\/uploads\\\/2026\\\/05\\\/Full-Spectrum-Guar-Gum-400mg-60-caps-1.jpg\",\"width\":265,\"height\":484,\"caption\":\"Full Spectrum Guar Gum\"},{\"@type\":\"BreadcrumbList\",\"@id\":\"https:\\\/\\\/ecosupplements.ch\\\/?product=full-spectrum-guar-gum-400mg-60-caps#breadcrumb\",\"itemListElement\":[{\"@type\":\"ListItem\",\"position\":1,\"name\":\"Home\",\"item\":\"https:\\\/\\\/ecosupplements.ch\\\/\"},{\"@type\":\"ListItem\",\"position\":2,\"name\":\"Shop\",\"item\":\"https:\\\/\\\/ecosupplements.ch\\\/?page_id=14\"},{\"@type\":\"ListItem\",\"position\":3,\"name\":\"Full Spectrum Guar Gum, 400mg &#8211; 60 caps\"}]},{\"@type\":\"WebSite\",\"@id\":\"https:\\\/\\\/ecosupplements.ch\\\/#website\",\"url\":\"https:\\\/\\\/ecosupplements.ch\\\/\",\"name\":\"Eco Supplements\",\"description\":\"\",\"potentialAction\":[{\"@type\":\"SearchAction\",\"target\":{\"@type\":\"EntryPoint\",\"urlTemplate\":\"https:\\\/\\\/ecosupplements.ch\\\/?s={search_term_string}\"},\"query-input\":{\"@type\":\"PropertyValueSpecification\",\"valueRequired\":true,\"valueName\":\"search_term_string\"}}],\"inLanguage\":\"de-CH\"}]}<\/script>\n<meta property=\"product:price:amount\" content=\"5.93\" \/>\n<meta property=\"product:price:currency\" content=\"CHF\" \/>\n<meta property=\"og:availability\" content=\"out of stock\" \/>\n<meta property=\"product:availability\" content=\"out of stock\" \/>\n<meta property=\"product:retailer_item_id\" content=\"087614112794\" \/>\n<meta property=\"product:condition\" content=\"new\" \/>\n<!-- \/ Yoast SEO plugin. -->","yoast_head_json":{"title":"Full Spectrum Guar Gum 400mg \u2013 Swanson | ecosupplements.ch","description":"Nat\u00fcrlicher Ballaststoff aus Guarkernmehl, 400 mg pro Kapsel \u2013 60 Kapseln von Swanson. Jetzt bestellen.","robots":{"index":"index","follow":"follow","max-snippet":"max-snippet:-1","max-image-preview":"max-image-preview:large","max-video-preview":"max-video-preview:-1"},"canonical":"https:\/\/ecosupplements.ch\/?product=full-spectrum-guar-gum-400mg-60-caps","og_locale":"de_DE","og_type":"article","og_title":"Full Spectrum Guar Gum 400mg \u2013 Swanson | ecosupplements.ch","og_description":"Nat\u00fcrlicher Ballaststoff aus Guarkernmehl, 400 mg pro Kapsel \u2013 60 Kapseln von Swanson. Jetzt bestellen.","og_url":"https:\/\/ecosupplements.ch\/?product=full-spectrum-guar-gum-400mg-60-caps","og_site_name":"Eco Supplements","article_modified_time":"2026-05-13T07:23:51+00:00","og_image":[{"width":265,"height":484,"url":"https:\/\/ecosupplements.ch\/wp-content\/uploads\/2026\/05\/Full-Spectrum-Guar-Gum-400mg-60-caps-1.jpg","type":"image\/jpeg"}],"twitter_card":"summary_large_image","twitter_misc":{"Price":"&#67;&#72;&#70;&nbsp;5.93","Availability":"Out of stock"},"schema":{"@context":"https:\/\/schema.org","@graph":[{"@type":"WebPage","@id":"https:\/\/ecosupplements.ch\/?product=full-spectrum-guar-gum-400mg-60-caps","url":"https:\/\/ecosupplements.ch\/?product=full-spectrum-guar-gum-400mg-60-caps","name":"Full Spectrum Guar Gum 400mg \u2013 Swanson | ecosupplements.ch","isPartOf":{"@id":"https:\/\/ecosupplements.ch\/#website"},"primaryImageOfPage":{"@id":"https:\/\/ecosupplements.ch\/?product=full-spectrum-guar-gum-400mg-60-caps#primaryimage"},"image":{"@id":"https:\/\/ecosupplements.ch\/?product=full-spectrum-guar-gum-400mg-60-caps#primaryimage"},"thumbnailUrl":"https:\/\/ecosupplements.ch\/wp-content\/uploads\/2026\/05\/Full-Spectrum-Guar-Gum-400mg-60-caps-1.jpg","datePublished":"2026-05-11T14:39:01+00:00","dateModified":"2026-05-13T07:23:51+00:00","description":"Nat\u00fcrlicher Ballaststoff aus Guarkernmehl, 400 mg pro Kapsel \u2013 60 Kapseln von Swanson. Jetzt bestellen.","breadcrumb":{"@id":"https:\/\/ecosupplements.ch\/?product=full-spectrum-guar-gum-400mg-60-caps#breadcrumb"},"inLanguage":"de-CH","potentialAction":[{"@type":"ReadAction","target":["https:\/\/ecosupplements.ch\/?product=full-spectrum-guar-gum-400mg-60-caps"]}]},{"@type":"ImageObject","inLanguage":"de-CH","@id":"https:\/\/ecosupplements.ch\/?product=full-spectrum-guar-gum-400mg-60-caps#primaryimage","url":"https:\/\/ecosupplements.ch\/wp-content\/uploads\/2026\/05\/Full-Spectrum-Guar-Gum-400mg-60-caps-1.jpg","contentUrl":"https:\/\/ecosupplements.ch\/wp-content\/uploads\/2026\/05\/Full-Spectrum-Guar-Gum-400mg-60-caps-1.jpg","width":265,"height":484,"caption":"Full Spectrum Guar Gum"},{"@type":"BreadcrumbList","@id":"https:\/\/ecosupplements.ch\/?product=full-spectrum-guar-gum-400mg-60-caps#breadcrumb","itemListElement":[{"@type":"ListItem","position":1,"name":"Home","item":"https:\/\/ecosupplements.ch\/"},{"@type":"ListItem","position":2,"name":"Shop","item":"https:\/\/ecosupplements.ch\/?page_id=14"},{"@type":"ListItem","position":3,"name":"Full Spectrum Guar Gum, 400mg &#8211; 60 caps"}]},{"@type":"WebSite","@id":"https:\/\/ecosupplements.ch\/#website","url":"https:\/\/ecosupplements.ch\/","name":"Eco Supplements","description":"","potentialAction":[{"@type":"SearchAction","target":{"@type":"EntryPoint","urlTemplate":"https:\/\/ecosupplements.ch\/?s={search_term_string}"},"query-input":{"@type":"PropertyValueSpecification","valueRequired":true,"valueName":"search_term_string"}}],"inLanguage":"de-CH"}]},"product_price_amount":"5.93","product_price_currency":"CHF","og_availability":"out of stock","product_availability":"out of stock","product_retailer_item_id":"087614112794","product_condition":"new"},"_links":{"self":[{"href":"https:\/\/ecosupplements.ch\/index.php?rest_route=\/wp\/v2\/product\/2596","targetHints":{"allow":["GET"]}}],"collection":[{"href":"https:\/\/ecosupplements.ch\/index.php?rest_route=\/wp\/v2\/product"}],"about":[{"href":"https:\/\/ecosupplements.ch\/index.php?rest_route=\/wp\/v2\/types\/product"}],"replies":[{"embeddable":true,"href":"https:\/\/ecosupplements.ch\/index.php?rest_route=%2Fwp%2Fv2%2Fcomments&post=2596"}],"wp:featuredmedia":[{"embeddable":true,"href":"https:\/\/ecosupplements.ch\/index.php?rest_route=\/wp\/v2\/media\/2597"}],"wp:attachment":[{"href":"https:\/\/ecosupplements.ch\/index.php?rest_route=%2Fwp%2Fv2%2Fmedia&parent=2596"}],"wp:term":[{"taxonomy":"product_brand","embeddable":true,"href":"https:\/\/ecosupplements.ch\/index.php?rest_route=%2Fwp%2Fv2%2Fproduct_brand&post=2596"},{"taxonomy":"product_cat","embeddable":true,"href":"https:\/\/ecosupplements.ch\/index.php?rest_route=%2Fwp%2Fv2%2Fproduct_cat&post=2596"},{"taxonomy":"product_tag","embeddable":true,"href":"https:\/\/ecosupplements.ch\/index.php?rest_route=%2Fwp%2Fv2%2Fproduct_tag&post=2596"}],"curies":[{"name":"wp","href":"https:\/\/api.w.org\/{rel}","templated":true}]}}