{"id":2671,"date":"2026-05-11T14:39:31","date_gmt":"2026-05-11T14:39:31","guid":{"rendered":"https:\/\/ecosupplements.ch\/?product=melatonin-dual-release-3mg-60-tablets"},"modified":"2026-05-13T07:24:02","modified_gmt":"2026-05-13T07:24:02","slug":"melatonin-dual-release-3mg-60-tablets","status":"publish","type":"product","link":"https:\/\/ecosupplements.ch\/?product=melatonin-dual-release-3mg-60-tablets","title":{"rendered":"Melatonin Dual-Release, 3mg &#8211; 60 tablets"},"content":{"rendered":"<div class=\"chcg-product-description\">\n<h2 class=\"chcg-heading\">\u00dcber Swanson \u2013 Melatonin Dual-Release, 3mg \u2013 60 Tabletten<\/h2>\n<div class=\"chcg-intro\">\n<p>Melatonin ist ein k\u00f6rpereigenes Hormon, das eine zentrale Rolle bei der Regulierung des Schlaf-Wach-Rhythmus spielt. Das Swanson Melatonin Dual-Release liefert 3 mg Melatonin pro Tablette mithilfe eines zweistufigen Freisetzungssystems, das sowohl einen schnellen als auch einen langanhaltenden Effekt erm\u00f6glicht \u2013 ganz ohne k\u00fcnstliche Aromen oder unn\u00f6tige Zusatzstoffe.<\/p>\n<p>Das einzigartige Dual-Release-System setzt zun\u00e4chst 1,5 mg Melatonin innerhalb weniger Minuten frei, um das Einschlafen zu unterst\u00fctzen. Die verbleibenden 1,5 mg werden anschliessend schrittweise \u00fcber einen Zeitraum von 5 bis 8 Stunden abgegeben, um die nat\u00fcrliche Schlafphase zu begleiten.<\/p>\n<p>Melatonin tr\u00e4gt dazu bei, die Einschlafzeit zu verk\u00fcrzen. Dieser positive Effekt wird mit einer Tagesdosis von mindestens 1 mg Melatonin erzielt, die kurz vor dem Schlafengehen eingenommen wird. Die 60 Tabletten im praktischen Format eignen sich f\u00fcr einen regelm\u00e4ssigen Einsatz im Alltag.<\/p>\n<\/p><\/div>\n<div class=\"chcg-nutrition\">\n<h3>N\u00e4hrwertangaben<\/h3>\n<table class=\"chcg-nutrition-table\">\n<thead>\n<tr>\n<th>N\u00e4hrstoff<\/th>\n<th>Pro Portion (1 Tablette)<\/th>\n<\/tr>\n<\/thead>\n<tbody>\n<tr>\n<td>Melatonin<\/td>\n<td>3 mg*<\/td>\n<\/tr>\n<\/tbody>\n<\/table>\n<p class=\"chcg-footnote\">* Kein festgelegter Tagesbedarf (Tagesreferenzwert nicht ermittelt).<\/p>\n<\/p><\/div>\n<div class=\"chcg-ingredients\">\n<h3>Zutaten<\/h3>\n<p>Melatonin 3 mg. Weitere Zutaten: Laktose (aus Milch), Dikalziumphosphat, Hydroxypropylmethylzellulose, mikrokristalline Zellulose (Pflanzenfaser), Stearins\u00e4ure, Croscarmellose-Natrium, Magnesiumstearat, Siliziumdioxid, Curcumin (Farbstoff), Riboflavin (Farbstoff). Enth\u00e4lt Milch.<\/p>\n<\/p><\/div>\n<div class=\"chcg-dosage\">\n<h3>Verzehrempfehlung<\/h3>\n<p>Als Nahrungserg\u00e4nzungsmittel eine Dual-Release-Tablette mit Wasser 20 Minuten vor dem Schlafengehen einnehmen oder gem\u00e4ss Empfehlung einer Fachperson des Gesundheitswesens. Das einzigartige Dual-Release-System setzt 1,5 mg Melatonin innerhalb weniger Minuten frei. Weitere 1,5 mg werden schrittweise \u00fcber 5 bis 8 Stunden abgegeben.<\/p>\n<\/p><\/div>\n<div class=\"chcg-warnings\">\n<h3>Warnhinweise<\/h3>\n<p>Nur f\u00fcr Erwachsene. Da Melatonin Schl\u00e4frigkeit verursachen kann, sollten Sie nach der Einnahme kein Kraftfahrzeug f\u00fchren und keine schweren Maschinen bedienen. Dieses Produkt nicht einnehmen, wenn Sie schwanger sind oder stillen, an einer Autoimmunerkrankung oder einer depressiven St\u00f6rung leiden oder unter 16 Jahre alt sind. Konsultieren Sie vor der Einnahme eine Fachperson des Gesundheitswesens, wenn Sie anhaltende Schlafprobleme haben, an einer Erkrankung leiden oder verschreibungspflichtige Medikamente einnehmen. Ausserhalb der Reichweite von Kindern aufbewahren. Nicht verwenden, wenn die Schutzversiegelung besch\u00e4digt ist.<\/p>\n<\/p><\/div>\n<div class=\"chcg-allergens\">\n<h3>Allergeninformationen<\/h3>\n<p>Enth\u00e4lt Milch (Laktose aus Milch).<\/p>\n<\/p><\/div>\n<div class=\"chcg-storage\">\n<h3>Lagerung<\/h3>\n<p>An einem k\u00fchlen, trockenen Ort aufbewahren.<\/p>\n<\/p><\/div>\n<div class=\"chcg-dietary\">\n<h3>Ern\u00e4hrungshinweise<\/h3>\n<ul>\n<li>Nicht laktosefrei<\/li>\n<li>Nicht vegan<\/li>\n<li>Nicht vegetarisch<\/li>\n<\/ul><\/div>\n<\/div>\n","protected":false},"excerpt":{"rendered":"<p>Swanson Melatonin Dual-Release mit 3 mg pro Tablette unterst\u00fctzt das Einschlafen durch ein zweistufiges Freisetzungssystem \u2013 f\u00fcr eine schnelle und langanhaltende Wirkung. 60 Tabletten pro Packung.<\/p>\n","protected":false},"featured_media":2672,"comment_status":"closed","ping_status":"open","template":"","meta":[],"product_brand":[16],"product_cat":[83],"product_tag":[],"class_list":{"0":"post-2671","1":"product","2":"type-product","3":"status-publish","4":"has-post-thumbnail","6":"product_brand-swanson","7":"product_cat-schlafunterstuetzung","9":"first","10":"outofstock","11":"taxable","12":"shipping-taxable","13":"purchasable","14":"product-type-simple"},"yoast_head":"<!-- This site is optimized with the Yoast SEO plugin v27.5 - https:\/\/yoast.com\/product\/yoast-seo-wordpress\/ -->\n<title>Melatonin Dual-Release 3mg \u2013 Swanson | ecosupplements.ch<\/title>\n<meta name=\"description\" content=\"Swanson Melatonin Dual-Release 3mg \u2013 60 Tabletten mit zweistufiger Freisetzung f\u00fcr schnelles Einschlafen und erholsame N\u00e4chte. Jetzt bestellen.\" \/>\n<meta name=\"robots\" content=\"index, follow, max-snippet:-1, max-image-preview:large, max-video-preview:-1\" \/>\n<link rel=\"canonical\" href=\"https:\/\/ecosupplements.ch\/?product=melatonin-dual-release-3mg-60-tablets\" \/>\n<meta property=\"og:locale\" content=\"de_DE\" \/>\n<meta property=\"og:type\" content=\"article\" \/>\n<meta property=\"og:title\" content=\"Melatonin Dual-Release 3mg \u2013 Swanson | ecosupplements.ch\" \/>\n<meta property=\"og:description\" content=\"Swanson Melatonin Dual-Release 3mg \u2013 60 Tabletten mit zweistufiger Freisetzung f\u00fcr schnelles Einschlafen und erholsame N\u00e4chte. Jetzt bestellen.\" \/>\n<meta property=\"og:url\" content=\"https:\/\/ecosupplements.ch\/?product=melatonin-dual-release-3mg-60-tablets\" \/>\n<meta property=\"og:site_name\" content=\"Eco Supplements\" \/>\n<meta property=\"article:modified_time\" content=\"2026-05-13T07:24:02+00:00\" \/>\n<meta property=\"og:image\" content=\"https:\/\/ecosupplements.ch\/wp-content\/uploads\/2026\/05\/Melatonin-Dual-Release-3mg-60-tablets.jpg\" \/>\n\t<meta property=\"og:image:width\" content=\"650\" \/>\n\t<meta property=\"og:image:height\" content=\"650\" \/>\n\t<meta property=\"og:image:type\" content=\"image\/jpeg\" \/>\n<meta name=\"twitter:card\" content=\"summary_large_image\" \/>\n<meta name=\"twitter:label1\" content=\"Price\" \/>\n\t<meta name=\"twitter:data1\" content=\"&#067;&#072;&#070;&nbsp;9.64\" \/>\n\t<meta name=\"twitter:label2\" content=\"Availability\" \/>\n\t<meta name=\"twitter:data2\" content=\"Out of stock\" \/>\n<script type=\"application\/ld+json\" class=\"yoast-schema-graph\">{\"@context\":\"https:\\\/\\\/schema.org\",\"@graph\":[{\"@type\":\"WebPage\",\"@id\":\"https:\\\/\\\/ecosupplements.ch\\\/?product=melatonin-dual-release-3mg-60-tablets\",\"url\":\"https:\\\/\\\/ecosupplements.ch\\\/?product=melatonin-dual-release-3mg-60-tablets\",\"name\":\"Melatonin Dual-Release 3mg \u2013 Swanson | ecosupplements.ch\",\"isPartOf\":{\"@id\":\"https:\\\/\\\/ecosupplements.ch\\\/#website\"},\"primaryImageOfPage\":{\"@id\":\"https:\\\/\\\/ecosupplements.ch\\\/?product=melatonin-dual-release-3mg-60-tablets#primaryimage\"},\"image\":{\"@id\":\"https:\\\/\\\/ecosupplements.ch\\\/?product=melatonin-dual-release-3mg-60-tablets#primaryimage\"},\"thumbnailUrl\":\"https:\\\/\\\/ecosupplements.ch\\\/wp-content\\\/uploads\\\/2026\\\/05\\\/Melatonin-Dual-Release-3mg-60-tablets.jpg\",\"datePublished\":\"2026-05-11T14:39:31+00:00\",\"dateModified\":\"2026-05-13T07:24:02+00:00\",\"description\":\"Swanson Melatonin Dual-Release 3mg \u2013 60 Tabletten mit zweistufiger Freisetzung f\u00fcr schnelles Einschlafen und erholsame N\u00e4chte. Jetzt bestellen.\",\"breadcrumb\":{\"@id\":\"https:\\\/\\\/ecosupplements.ch\\\/?product=melatonin-dual-release-3mg-60-tablets#breadcrumb\"},\"inLanguage\":\"de-CH\",\"potentialAction\":[{\"@type\":\"ReadAction\",\"target\":[\"https:\\\/\\\/ecosupplements.ch\\\/?product=melatonin-dual-release-3mg-60-tablets\"]}]},{\"@type\":\"ImageObject\",\"inLanguage\":\"de-CH\",\"@id\":\"https:\\\/\\\/ecosupplements.ch\\\/?product=melatonin-dual-release-3mg-60-tablets#primaryimage\",\"url\":\"https:\\\/\\\/ecosupplements.ch\\\/wp-content\\\/uploads\\\/2026\\\/05\\\/Melatonin-Dual-Release-3mg-60-tablets.jpg\",\"contentUrl\":\"https:\\\/\\\/ecosupplements.ch\\\/wp-content\\\/uploads\\\/2026\\\/05\\\/Melatonin-Dual-Release-3mg-60-tablets.jpg\",\"width\":650,\"height\":650,\"caption\":\"Melatonin Dual-Release\"},{\"@type\":\"BreadcrumbList\",\"@id\":\"https:\\\/\\\/ecosupplements.ch\\\/?product=melatonin-dual-release-3mg-60-tablets#breadcrumb\",\"itemListElement\":[{\"@type\":\"ListItem\",\"position\":1,\"name\":\"Home\",\"item\":\"https:\\\/\\\/ecosupplements.ch\\\/\"},{\"@type\":\"ListItem\",\"position\":2,\"name\":\"Shop\",\"item\":\"https:\\\/\\\/ecosupplements.ch\\\/?page_id=14\"},{\"@type\":\"ListItem\",\"position\":3,\"name\":\"Melatonin Dual-Release, 3mg &#8211; 60 tablets\"}]},{\"@type\":\"WebSite\",\"@id\":\"https:\\\/\\\/ecosupplements.ch\\\/#website\",\"url\":\"https:\\\/\\\/ecosupplements.ch\\\/\",\"name\":\"Eco Supplements\",\"description\":\"\",\"potentialAction\":[{\"@type\":\"SearchAction\",\"target\":{\"@type\":\"EntryPoint\",\"urlTemplate\":\"https:\\\/\\\/ecosupplements.ch\\\/?s={search_term_string}\"},\"query-input\":{\"@type\":\"PropertyValueSpecification\",\"valueRequired\":true,\"valueName\":\"search_term_string\"}}],\"inLanguage\":\"de-CH\"}]}<\/script>\n<meta property=\"product:price:amount\" content=\"9.64\" \/>\n<meta property=\"product:price:currency\" content=\"CHF\" \/>\n<meta property=\"og:availability\" content=\"out of stock\" \/>\n<meta property=\"product:availability\" content=\"out of stock\" \/>\n<meta property=\"product:retailer_item_id\" content=\"087614021140\" \/>\n<meta property=\"product:condition\" content=\"new\" \/>\n<!-- \/ Yoast SEO plugin. -->","yoast_head_json":{"title":"Melatonin Dual-Release 3mg \u2013 Swanson | ecosupplements.ch","description":"Swanson Melatonin Dual-Release 3mg \u2013 60 Tabletten mit zweistufiger Freisetzung f\u00fcr schnelles Einschlafen und erholsame N\u00e4chte. Jetzt bestellen.","robots":{"index":"index","follow":"follow","max-snippet":"max-snippet:-1","max-image-preview":"max-image-preview:large","max-video-preview":"max-video-preview:-1"},"canonical":"https:\/\/ecosupplements.ch\/?product=melatonin-dual-release-3mg-60-tablets","og_locale":"de_DE","og_type":"article","og_title":"Melatonin Dual-Release 3mg \u2013 Swanson | ecosupplements.ch","og_description":"Swanson Melatonin Dual-Release 3mg \u2013 60 Tabletten mit zweistufiger Freisetzung f\u00fcr schnelles Einschlafen und erholsame N\u00e4chte. Jetzt bestellen.","og_url":"https:\/\/ecosupplements.ch\/?product=melatonin-dual-release-3mg-60-tablets","og_site_name":"Eco Supplements","article_modified_time":"2026-05-13T07:24:02+00:00","og_image":[{"width":650,"height":650,"url":"https:\/\/ecosupplements.ch\/wp-content\/uploads\/2026\/05\/Melatonin-Dual-Release-3mg-60-tablets.jpg","type":"image\/jpeg"}],"twitter_card":"summary_large_image","twitter_misc":{"Price":"&#67;&#72;&#70;&nbsp;9.64","Availability":"Out of stock"},"schema":{"@context":"https:\/\/schema.org","@graph":[{"@type":"WebPage","@id":"https:\/\/ecosupplements.ch\/?product=melatonin-dual-release-3mg-60-tablets","url":"https:\/\/ecosupplements.ch\/?product=melatonin-dual-release-3mg-60-tablets","name":"Melatonin Dual-Release 3mg \u2013 Swanson | ecosupplements.ch","isPartOf":{"@id":"https:\/\/ecosupplements.ch\/#website"},"primaryImageOfPage":{"@id":"https:\/\/ecosupplements.ch\/?product=melatonin-dual-release-3mg-60-tablets#primaryimage"},"image":{"@id":"https:\/\/ecosupplements.ch\/?product=melatonin-dual-release-3mg-60-tablets#primaryimage"},"thumbnailUrl":"https:\/\/ecosupplements.ch\/wp-content\/uploads\/2026\/05\/Melatonin-Dual-Release-3mg-60-tablets.jpg","datePublished":"2026-05-11T14:39:31+00:00","dateModified":"2026-05-13T07:24:02+00:00","description":"Swanson Melatonin Dual-Release 3mg \u2013 60 Tabletten mit zweistufiger Freisetzung f\u00fcr schnelles Einschlafen und erholsame N\u00e4chte. Jetzt bestellen.","breadcrumb":{"@id":"https:\/\/ecosupplements.ch\/?product=melatonin-dual-release-3mg-60-tablets#breadcrumb"},"inLanguage":"de-CH","potentialAction":[{"@type":"ReadAction","target":["https:\/\/ecosupplements.ch\/?product=melatonin-dual-release-3mg-60-tablets"]}]},{"@type":"ImageObject","inLanguage":"de-CH","@id":"https:\/\/ecosupplements.ch\/?product=melatonin-dual-release-3mg-60-tablets#primaryimage","url":"https:\/\/ecosupplements.ch\/wp-content\/uploads\/2026\/05\/Melatonin-Dual-Release-3mg-60-tablets.jpg","contentUrl":"https:\/\/ecosupplements.ch\/wp-content\/uploads\/2026\/05\/Melatonin-Dual-Release-3mg-60-tablets.jpg","width":650,"height":650,"caption":"Melatonin Dual-Release"},{"@type":"BreadcrumbList","@id":"https:\/\/ecosupplements.ch\/?product=melatonin-dual-release-3mg-60-tablets#breadcrumb","itemListElement":[{"@type":"ListItem","position":1,"name":"Home","item":"https:\/\/ecosupplements.ch\/"},{"@type":"ListItem","position":2,"name":"Shop","item":"https:\/\/ecosupplements.ch\/?page_id=14"},{"@type":"ListItem","position":3,"name":"Melatonin Dual-Release, 3mg &#8211; 60 tablets"}]},{"@type":"WebSite","@id":"https:\/\/ecosupplements.ch\/#website","url":"https:\/\/ecosupplements.ch\/","name":"Eco Supplements","description":"","potentialAction":[{"@type":"SearchAction","target":{"@type":"EntryPoint","urlTemplate":"https:\/\/ecosupplements.ch\/?s={search_term_string}"},"query-input":{"@type":"PropertyValueSpecification","valueRequired":true,"valueName":"search_term_string"}}],"inLanguage":"de-CH"}]},"product_price_amount":"9.64","product_price_currency":"CHF","og_availability":"out of stock","product_availability":"out of stock","product_retailer_item_id":"087614021140","product_condition":"new"},"_links":{"self":[{"href":"https:\/\/ecosupplements.ch\/index.php?rest_route=\/wp\/v2\/product\/2671","targetHints":{"allow":["GET"]}}],"collection":[{"href":"https:\/\/ecosupplements.ch\/index.php?rest_route=\/wp\/v2\/product"}],"about":[{"href":"https:\/\/ecosupplements.ch\/index.php?rest_route=\/wp\/v2\/types\/product"}],"replies":[{"embeddable":true,"href":"https:\/\/ecosupplements.ch\/index.php?rest_route=%2Fwp%2Fv2%2Fcomments&post=2671"}],"wp:featuredmedia":[{"embeddable":true,"href":"https:\/\/ecosupplements.ch\/index.php?rest_route=\/wp\/v2\/media\/2672"}],"wp:attachment":[{"href":"https:\/\/ecosupplements.ch\/index.php?rest_route=%2Fwp%2Fv2%2Fmedia&parent=2671"}],"wp:term":[{"taxonomy":"product_brand","embeddable":true,"href":"https:\/\/ecosupplements.ch\/index.php?rest_route=%2Fwp%2Fv2%2Fproduct_brand&post=2671"},{"taxonomy":"product_cat","embeddable":true,"href":"https:\/\/ecosupplements.ch\/index.php?rest_route=%2Fwp%2Fv2%2Fproduct_cat&post=2671"},{"taxonomy":"product_tag","embeddable":true,"href":"https:\/\/ecosupplements.ch\/index.php?rest_route=%2Fwp%2Fv2%2Fproduct_tag&post=2671"}],"curies":[{"name":"wp","href":"https:\/\/api.w.org\/{rel}","templated":true}]}}