{"id":2677,"date":"2026-05-11T14:39:35","date_gmt":"2026-05-11T14:39:35","guid":{"rendered":"https:\/\/ecosupplements.ch\/?product=swanson-melatonin-3mg-60-caps"},"modified":"2026-05-13T07:24:02","modified_gmt":"2026-05-13T07:24:02","slug":"swanson-melatonin-3mg-60-caps","status":"publish","type":"product","link":"https:\/\/ecosupplements.ch\/?product=swanson-melatonin-3mg-60-caps","title":{"rendered":"Swanson &#8211; Melatonin, 3mg &#8211; 60 caps"},"content":{"rendered":"<div class=\"chcg-product-description\">\n<h2 class=\"chcg-heading\">\u00dcber Swanson \u2013 Melatonin, 3mg \u2013 60 Kapseln<\/h2>\n<div class=\"chcg-intro\">\n<p>Melatonin ist ein k\u00f6rpereigenes Hormon, das eine zentrale Rolle bei der Regulation des Schlaf-Wach-Rhythmus spielt. Mit einer Dosierung von 3 mg pro Kapsel bietet Swanson Melatonin eine gezielte Unterst\u00fctzung f\u00fcr Menschen, die Schwierigkeiten haben, abends zur Ruhe zu kommen oder die ihren nat\u00fcrlichen Schlafrhythmus aufrechterhalten m\u00f6chten.<\/p>\n<p>Melatonin tr\u00e4gt dazu bei, die Einschlafzeit zu verk\u00fcrzen. Diese wohlbekannte Funktion macht es besonders beliebt bei Personen mit unregelm\u00e4ssigen Schlafzeiten, etwa bei Schichtarbeit oder nach langen Reisen \u00fcber mehrere Zeitzonen. Jede Kapsel enth\u00e4lt eine klar definierte Menge Wirkstoff \u2013 ohne unn\u00f6tige Zus\u00e4tze.<\/p>\n<p>Das Produkt von Swanson \u00fcberzeugt durch seine einfache Anwendung: Eine Kapsel mit Wasser, eine halbe Stunde vor dem Schlafengehen, reicht als Tagesdosis aus. Die Packung mit 60 Kapseln entspricht einem Vorrat von bis zu 60 Tagen bei t\u00e4glicher Einnahme.<\/p>\n<\/p><\/div>\n<div class=\"chcg-nutrition\">\n<h3>N\u00e4hrwertangaben<\/h3>\n<table class=\"chcg-nutrition-table\">\n<thead>\n<tr>\n<th>N\u00e4hrstoff<\/th>\n<th>Pro Portion (1 Kapsel)<\/th>\n<\/tr>\n<\/thead>\n<tbody>\n<tr>\n<td>Melatonin<\/td>\n<td>3 mg*<\/td>\n<\/tr>\n<\/tbody>\n<\/table>\n<p class=\"chcg-footnote\">* Kein festgelegter Tagesbedarf (Tagesreferenzwert nicht ermittelt).<\/p>\n<\/p><\/div>\n<div class=\"chcg-ingredients\">\n<h3>Zutaten<\/h3>\n<p>Melatonin 3 mg. Weitere Zutaten: Reismehl, Gelatine.<\/p>\n<p class=\"chcg-capsule-shell\">Kapselh\u00fclle: Gelatine.<\/p>\n<\/p><\/div>\n<div class=\"chcg-dosage\">\n<h3>Verzehrempfehlung<\/h3>\n<p>Als Nahrungserg\u00e4nzungsmittel 1 Kapsel mit Wasser eine halbe Stunde vor dem Schlafengehen einnehmen.<\/p>\n<\/p><\/div>\n<div class=\"chcg-warnings\">\n<h3>Warnhinweise<\/h3>\n<p>Nur f\u00fcr Erwachsene. Da Melatonin Schl\u00e4frigkeit verursachen kann, darf nach der Einnahme kein Fahrzeug gef\u00fchrt und keine schwere Maschine bedient werden. Dieses Produkt nicht einnehmen, wenn Sie schwanger sind oder stillen, an einer Autoimmunerkrankung oder einer depressiven St\u00f6rung leiden oder unter 16 Jahre alt sind. Vor der Anwendung eine medizinische Fachperson konsultieren, wenn Sie langfristige Schlafst\u00f6rungen haben, an einer Erkrankung leiden oder verschreibungspflichtige Medikamente einnehmen. Ausserhalb der Reichweite von Kindern aufbewahren. Nicht verwenden, wenn die Schutzversiegelung besch\u00e4digt ist.<\/p>\n<\/p><\/div>\n<div class=\"chcg-allergens\">\n<h3>Allergeninformationen<\/h3>\n<p>Auf der Produktverpackung sind keine Allergene deklariert.<\/p>\n<\/p><\/div>\n<div class=\"chcg-storage\">\n<h3>Lagerung<\/h3>\n<p>An einem k\u00fchlen, trockenen Ort lagern.<\/p>\n<\/p><\/div>\n<div class=\"chcg-dietary\">\n<h3>Ern\u00e4hrungshinweise<\/h3>\n<ul>\n<li>Laktosefrei<\/li>\n<\/ul><\/div>\n<\/div>\n","protected":false},"excerpt":{"rendered":"<p>Swanson Melatonin 3mg unterst\u00fctzt einen normalen Schlaf-Wach-Rhythmus. Eine Kapsel vor dem Schlafengehen \u2013 praktisch und pr\u00e4zis dosiert. 60 Kapseln pro Packung f\u00fcr bis zu 60 Tage.<\/p>\n","protected":false},"featured_media":2678,"comment_status":"closed","ping_status":"open","template":"","meta":[],"product_brand":[16],"product_cat":[48,25,83],"product_tag":[],"class_list":{"0":"post-2677","1":"product","2":"type-product","3":"status-publish","4":"has-post-thumbnail","6":"product_brand-swanson","7":"product_cat-gesunde-ernaehrung","8":"product_cat-gesundheit-und-wohlbefinden","9":"product_cat-schlafunterstuetzung","11":"first","12":"outofstock","13":"taxable","14":"shipping-taxable","15":"purchasable","16":"product-type-simple"},"yoast_head":"<!-- This site is optimized with the Yoast SEO plugin v27.5 - https:\/\/yoast.com\/product\/yoast-seo-wordpress\/ -->\n<title>Swanson Melatonin 3mg \u2013 60 Kapseln | ecosupplements.ch<\/title>\n<meta name=\"description\" content=\"Swanson Melatonin 3mg in 60 Kapseln \u2013 unterst\u00fctzt den nat\u00fcrlichen Schlaf-Wach-Rhythmus. Einfache Einnahme, klar dosiert. Jetzt bestellen.\" \/>\n<meta name=\"robots\" content=\"index, follow, max-snippet:-1, max-image-preview:large, max-video-preview:-1\" \/>\n<link rel=\"canonical\" href=\"https:\/\/ecosupplements.ch\/?product=swanson-melatonin-3mg-60-caps\" \/>\n<meta property=\"og:locale\" content=\"de_DE\" \/>\n<meta property=\"og:type\" content=\"article\" \/>\n<meta property=\"og:title\" content=\"Swanson Melatonin 3mg \u2013 60 Kapseln | ecosupplements.ch\" \/>\n<meta property=\"og:description\" content=\"Swanson Melatonin 3mg in 60 Kapseln \u2013 unterst\u00fctzt den nat\u00fcrlichen Schlaf-Wach-Rhythmus. Einfache Einnahme, klar dosiert. Jetzt bestellen.\" \/>\n<meta property=\"og:url\" content=\"https:\/\/ecosupplements.ch\/?product=swanson-melatonin-3mg-60-caps\" \/>\n<meta property=\"og:site_name\" content=\"Eco Supplements\" \/>\n<meta property=\"article:modified_time\" content=\"2026-05-13T07:24:02+00:00\" \/>\n<meta property=\"og:image\" content=\"https:\/\/ecosupplements.ch\/wp-content\/uploads\/2026\/05\/Swanson-Melatonin-3mg-60-caps.jpg\" \/>\n\t<meta property=\"og:image:width\" content=\"580\" \/>\n\t<meta property=\"og:image:height\" content=\"1151\" \/>\n\t<meta property=\"og:image:type\" content=\"image\/jpeg\" \/>\n<meta name=\"twitter:card\" content=\"summary_large_image\" \/>\n<meta name=\"twitter:label1\" content=\"Price\" \/>\n\t<meta name=\"twitter:data1\" content=\"&#067;&#072;&#070;&nbsp;4.50\" \/>\n\t<meta name=\"twitter:label2\" content=\"Availability\" \/>\n\t<meta name=\"twitter:data2\" content=\"Out of stock\" \/>\n<script type=\"application\/ld+json\" class=\"yoast-schema-graph\">{\"@context\":\"https:\\\/\\\/schema.org\",\"@graph\":[{\"@type\":\"WebPage\",\"@id\":\"https:\\\/\\\/ecosupplements.ch\\\/?product=swanson-melatonin-3mg-60-caps\",\"url\":\"https:\\\/\\\/ecosupplements.ch\\\/?product=swanson-melatonin-3mg-60-caps\",\"name\":\"Swanson Melatonin 3mg \u2013 60 Kapseln | ecosupplements.ch\",\"isPartOf\":{\"@id\":\"https:\\\/\\\/ecosupplements.ch\\\/#website\"},\"primaryImageOfPage\":{\"@id\":\"https:\\\/\\\/ecosupplements.ch\\\/?product=swanson-melatonin-3mg-60-caps#primaryimage\"},\"image\":{\"@id\":\"https:\\\/\\\/ecosupplements.ch\\\/?product=swanson-melatonin-3mg-60-caps#primaryimage\"},\"thumbnailUrl\":\"https:\\\/\\\/ecosupplements.ch\\\/wp-content\\\/uploads\\\/2026\\\/05\\\/Swanson-Melatonin-3mg-60-caps.jpg\",\"datePublished\":\"2026-05-11T14:39:35+00:00\",\"dateModified\":\"2026-05-13T07:24:02+00:00\",\"description\":\"Swanson Melatonin 3mg in 60 Kapseln \u2013 unterst\u00fctzt den nat\u00fcrlichen Schlaf-Wach-Rhythmus. Einfache Einnahme, klar dosiert. Jetzt bestellen.\",\"breadcrumb\":{\"@id\":\"https:\\\/\\\/ecosupplements.ch\\\/?product=swanson-melatonin-3mg-60-caps#breadcrumb\"},\"inLanguage\":\"de-CH\",\"potentialAction\":[{\"@type\":\"ReadAction\",\"target\":[\"https:\\\/\\\/ecosupplements.ch\\\/?product=swanson-melatonin-3mg-60-caps\"]}]},{\"@type\":\"ImageObject\",\"inLanguage\":\"de-CH\",\"@id\":\"https:\\\/\\\/ecosupplements.ch\\\/?product=swanson-melatonin-3mg-60-caps#primaryimage\",\"url\":\"https:\\\/\\\/ecosupplements.ch\\\/wp-content\\\/uploads\\\/2026\\\/05\\\/Swanson-Melatonin-3mg-60-caps.jpg\",\"contentUrl\":\"https:\\\/\\\/ecosupplements.ch\\\/wp-content\\\/uploads\\\/2026\\\/05\\\/Swanson-Melatonin-3mg-60-caps.jpg\",\"width\":580,\"height\":1151,\"caption\":\"Swanson - Melatonin\"},{\"@type\":\"BreadcrumbList\",\"@id\":\"https:\\\/\\\/ecosupplements.ch\\\/?product=swanson-melatonin-3mg-60-caps#breadcrumb\",\"itemListElement\":[{\"@type\":\"ListItem\",\"position\":1,\"name\":\"Home\",\"item\":\"https:\\\/\\\/ecosupplements.ch\\\/\"},{\"@type\":\"ListItem\",\"position\":2,\"name\":\"Shop\",\"item\":\"https:\\\/\\\/ecosupplements.ch\\\/?page_id=14\"},{\"@type\":\"ListItem\",\"position\":3,\"name\":\"Swanson &#8211; Melatonin, 3mg &#8211; 60 caps\"}]},{\"@type\":\"WebSite\",\"@id\":\"https:\\\/\\\/ecosupplements.ch\\\/#website\",\"url\":\"https:\\\/\\\/ecosupplements.ch\\\/\",\"name\":\"Eco Supplements\",\"description\":\"\",\"potentialAction\":[{\"@type\":\"SearchAction\",\"target\":{\"@type\":\"EntryPoint\",\"urlTemplate\":\"https:\\\/\\\/ecosupplements.ch\\\/?s={search_term_string}\"},\"query-input\":{\"@type\":\"PropertyValueSpecification\",\"valueRequired\":true,\"valueName\":\"search_term_string\"}}],\"inLanguage\":\"de-CH\"}]}<\/script>\n<meta property=\"product:price:amount\" content=\"4.50\" \/>\n<meta property=\"product:price:currency\" content=\"CHF\" \/>\n<meta property=\"og:availability\" content=\"out of stock\" \/>\n<meta property=\"product:availability\" content=\"out of stock\" \/>\n<meta property=\"product:retailer_item_id\" content=\"087614014982\" \/>\n<meta property=\"product:condition\" content=\"new\" \/>\n<!-- \/ Yoast SEO plugin. -->","yoast_head_json":{"title":"Swanson Melatonin 3mg \u2013 60 Kapseln | ecosupplements.ch","description":"Swanson Melatonin 3mg in 60 Kapseln \u2013 unterst\u00fctzt den nat\u00fcrlichen Schlaf-Wach-Rhythmus. Einfache Einnahme, klar dosiert. Jetzt bestellen.","robots":{"index":"index","follow":"follow","max-snippet":"max-snippet:-1","max-image-preview":"max-image-preview:large","max-video-preview":"max-video-preview:-1"},"canonical":"https:\/\/ecosupplements.ch\/?product=swanson-melatonin-3mg-60-caps","og_locale":"de_DE","og_type":"article","og_title":"Swanson Melatonin 3mg \u2013 60 Kapseln | ecosupplements.ch","og_description":"Swanson Melatonin 3mg in 60 Kapseln \u2013 unterst\u00fctzt den nat\u00fcrlichen Schlaf-Wach-Rhythmus. Einfache Einnahme, klar dosiert. Jetzt bestellen.","og_url":"https:\/\/ecosupplements.ch\/?product=swanson-melatonin-3mg-60-caps","og_site_name":"Eco Supplements","article_modified_time":"2026-05-13T07:24:02+00:00","og_image":[{"width":580,"height":1151,"url":"https:\/\/ecosupplements.ch\/wp-content\/uploads\/2026\/05\/Swanson-Melatonin-3mg-60-caps.jpg","type":"image\/jpeg"}],"twitter_card":"summary_large_image","twitter_misc":{"Price":"&#67;&#72;&#70;&nbsp;4.50","Availability":"Out of stock"},"schema":{"@context":"https:\/\/schema.org","@graph":[{"@type":"WebPage","@id":"https:\/\/ecosupplements.ch\/?product=swanson-melatonin-3mg-60-caps","url":"https:\/\/ecosupplements.ch\/?product=swanson-melatonin-3mg-60-caps","name":"Swanson Melatonin 3mg \u2013 60 Kapseln | ecosupplements.ch","isPartOf":{"@id":"https:\/\/ecosupplements.ch\/#website"},"primaryImageOfPage":{"@id":"https:\/\/ecosupplements.ch\/?product=swanson-melatonin-3mg-60-caps#primaryimage"},"image":{"@id":"https:\/\/ecosupplements.ch\/?product=swanson-melatonin-3mg-60-caps#primaryimage"},"thumbnailUrl":"https:\/\/ecosupplements.ch\/wp-content\/uploads\/2026\/05\/Swanson-Melatonin-3mg-60-caps.jpg","datePublished":"2026-05-11T14:39:35+00:00","dateModified":"2026-05-13T07:24:02+00:00","description":"Swanson Melatonin 3mg in 60 Kapseln \u2013 unterst\u00fctzt den nat\u00fcrlichen Schlaf-Wach-Rhythmus. Einfache Einnahme, klar dosiert. Jetzt bestellen.","breadcrumb":{"@id":"https:\/\/ecosupplements.ch\/?product=swanson-melatonin-3mg-60-caps#breadcrumb"},"inLanguage":"de-CH","potentialAction":[{"@type":"ReadAction","target":["https:\/\/ecosupplements.ch\/?product=swanson-melatonin-3mg-60-caps"]}]},{"@type":"ImageObject","inLanguage":"de-CH","@id":"https:\/\/ecosupplements.ch\/?product=swanson-melatonin-3mg-60-caps#primaryimage","url":"https:\/\/ecosupplements.ch\/wp-content\/uploads\/2026\/05\/Swanson-Melatonin-3mg-60-caps.jpg","contentUrl":"https:\/\/ecosupplements.ch\/wp-content\/uploads\/2026\/05\/Swanson-Melatonin-3mg-60-caps.jpg","width":580,"height":1151,"caption":"Swanson - Melatonin"},{"@type":"BreadcrumbList","@id":"https:\/\/ecosupplements.ch\/?product=swanson-melatonin-3mg-60-caps#breadcrumb","itemListElement":[{"@type":"ListItem","position":1,"name":"Home","item":"https:\/\/ecosupplements.ch\/"},{"@type":"ListItem","position":2,"name":"Shop","item":"https:\/\/ecosupplements.ch\/?page_id=14"},{"@type":"ListItem","position":3,"name":"Swanson &#8211; Melatonin, 3mg &#8211; 60 caps"}]},{"@type":"WebSite","@id":"https:\/\/ecosupplements.ch\/#website","url":"https:\/\/ecosupplements.ch\/","name":"Eco Supplements","description":"","potentialAction":[{"@type":"SearchAction","target":{"@type":"EntryPoint","urlTemplate":"https:\/\/ecosupplements.ch\/?s={search_term_string}"},"query-input":{"@type":"PropertyValueSpecification","valueRequired":true,"valueName":"search_term_string"}}],"inLanguage":"de-CH"}]},"product_price_amount":"4.50","product_price_currency":"CHF","og_availability":"out of stock","product_availability":"out of stock","product_retailer_item_id":"087614014982","product_condition":"new"},"_links":{"self":[{"href":"https:\/\/ecosupplements.ch\/index.php?rest_route=\/wp\/v2\/product\/2677","targetHints":{"allow":["GET"]}}],"collection":[{"href":"https:\/\/ecosupplements.ch\/index.php?rest_route=\/wp\/v2\/product"}],"about":[{"href":"https:\/\/ecosupplements.ch\/index.php?rest_route=\/wp\/v2\/types\/product"}],"replies":[{"embeddable":true,"href":"https:\/\/ecosupplements.ch\/index.php?rest_route=%2Fwp%2Fv2%2Fcomments&post=2677"}],"wp:featuredmedia":[{"embeddable":true,"href":"https:\/\/ecosupplements.ch\/index.php?rest_route=\/wp\/v2\/media\/2678"}],"wp:attachment":[{"href":"https:\/\/ecosupplements.ch\/index.php?rest_route=%2Fwp%2Fv2%2Fmedia&parent=2677"}],"wp:term":[{"taxonomy":"product_brand","embeddable":true,"href":"https:\/\/ecosupplements.ch\/index.php?rest_route=%2Fwp%2Fv2%2Fproduct_brand&post=2677"},{"taxonomy":"product_cat","embeddable":true,"href":"https:\/\/ecosupplements.ch\/index.php?rest_route=%2Fwp%2Fv2%2Fproduct_cat&post=2677"},{"taxonomy":"product_tag","embeddable":true,"href":"https:\/\/ecosupplements.ch\/index.php?rest_route=%2Fwp%2Fv2%2Fproduct_tag&post=2677"}],"curies":[{"name":"wp","href":"https:\/\/api.w.org\/{rel}","templated":true}]}}