{"id":2685,"date":"2026-05-11T14:39:38","date_gmt":"2026-05-11T14:39:38","guid":{"rendered":"https:\/\/ecosupplements.ch\/?product=muira-puama-250mg-101-60-caps"},"modified":"2026-05-13T07:24:03","modified_gmt":"2026-05-13T07:24:03","slug":"muira-puama-250mg-101-60-caps","status":"publish","type":"product","link":"https:\/\/ecosupplements.ch\/?product=muira-puama-250mg-101-60-caps","title":{"rendered":"Muira Puama, 250mg (10:1) &#8211; 60 caps"},"content":{"rendered":"<div class=\"chcg-product-description\">\n<h2 class=\"chcg-heading\">\u00dcber Swanson \u2013 Muira Puama, 250mg (10:1) \u2013 60 Kapseln<\/h2>\n<div class=\"chcg-intro\">\n<p>Muira Puama (Ptychopetalum olacoides) ist eine Pflanze, die urspr\u00fcnglich aus dem Amazonasgebiet Brasiliens stammt und dort seit Jahrhunderten in der traditionellen Volksmedizin verwendet wird. Swanson setzt auf einen hochwertigen 10:1-Wurzelextrakt, das heisst, 250 mg dieses Extrakts entsprechen der Wirkstoffkonzentration von 2&#8217;500 mg der rohen Wurzel \u2013 f\u00fcr eine effiziente und konzentrierte Versorgung in praktischer Kapselform.<\/p>\n<p>Das Produkt eignet sich f\u00fcr Erwachsene, die von der traditionellen Verwendung dieser s\u00fcdamerikanischen Pflanze profitieren m\u00f6chten. Jede Kapsel enth\u00e4lt eine pr\u00e4zise dosierte Menge des standardisierten Extrakts, was eine einfache und gleichm\u00e4ssige t\u00e4gliche Einnahme erm\u00f6glicht.<\/p>\n<p>Swanson steht f\u00fcr sorgf\u00e4ltig gepr\u00fcfte Nahrungserg\u00e4nzungsmittel mit klarer Deklaration. Die Muira Puama Kapseln werden ohne unn\u00f6tige Zusatzstoffe hergestellt und sind eine unkomplizierte Erg\u00e4nzung des t\u00e4glichen Nahrungserg\u00e4nzungsplans.<\/p>\n<\/p><\/div>\n<div class=\"chcg-nutrition\">\n<h3>N\u00e4hrwertangaben<\/h3>\n<table class=\"chcg-nutrition-table\">\n<thead>\n<tr>\n<th>N\u00e4hrstoff<\/th>\n<th>Pro Portion (1 Kapsel)<\/th>\n<\/tr>\n<\/thead>\n<tbody>\n<tr>\n<td>Muira Puama 10:1 Wurzelextrakt (<em>Ptychopetalum olacoides<\/em>)<\/td>\n<td>250 mg *<\/td>\n<\/tr>\n<\/tbody>\n<\/table>\n<p class=\"chcg-footnote\">* Kein etablierter Tagesbedarf festgelegt.<\/p>\n<\/p><\/div>\n<div class=\"chcg-ingredients\">\n<h3>Zutaten<\/h3>\n<p>Muira Puama 10:1 Wurzelextrakt (<em>Ptychopetalum olacoides<\/em>), Reismehl, Gelatine, Maltodextrin; kann eines oder beide der folgenden Hilfsstoffe enthalten: Magnesiumstearat, Siliziumdioxid.<\/p>\n<p class=\"chcg-capsule-shell\">Kapselh\u00fclle: Gelatine<\/p>\n<\/p><\/div>\n<div class=\"chcg-dosage\">\n<h3>Verzehrempfehlung<\/h3>\n<p>Als Nahrungserg\u00e4nzungsmittel t\u00e4glich eine Kapsel mit Wasser einnehmen.<\/p>\n<\/p><\/div>\n<div class=\"chcg-warnings\">\n<h3>Warnhinweise<\/h3>\n<p>Nur f\u00fcr Erwachsene. Dieses Produkt nicht einnehmen, wenn Sie schwanger sind oder stillen. Konsultieren Sie Ihren Arzt oder Ihre \u00c4rztin, bevor Sie dieses oder ein anderes Produkt verwenden, wenn Sie Medikamente einnehmen oder an einer Erkrankung leiden. Ausserhalb der Reichweite von Kindern aufbewahren. Nicht verwenden, wenn das Siegel besch\u00e4digt ist.<\/p>\n<\/p><\/div>\n<div class=\"chcg-allergens\">\n<h3>Allergeninformationen<\/h3>\n<p>Auf der Etikette sind keine Allergene explizit ausgewiesen.<\/p>\n<\/p><\/div>\n<div class=\"chcg-storage\">\n<h3>Lagerung<\/h3>\n<p>An einem k\u00fchlen, trockenen Ort aufbewahren.<\/p>\n<\/p><\/div>\n<div class=\"chcg-dietary\">\n<h3>Ern\u00e4hrungshinweise<\/h3>\n<ul>\n<li>Nicht vegan (enth\u00e4lt Gelatine)<\/li>\n<li>Nicht vegetarisch (enth\u00e4lt Gelatine)<\/li>\n<\/ul><\/div>\n<\/div>\n","protected":false},"excerpt":{"rendered":"<p>Swanson Muira Puama liefert 250 mg konzentrierten 10:1-Wurzelextrakt (Ptychopetalum olacoides) pro Kapsel. Die Packung enth\u00e4lt 60 Kapseln f\u00fcr eine praktische t\u00e4gliche Einnahme.<\/p>\n","protected":false},"featured_media":2686,"comment_status":"closed","ping_status":"open","template":"","meta":[],"product_brand":[16],"product_cat":[48,25],"product_tag":[],"class_list":{"0":"post-2685","1":"product","2":"type-product","3":"status-publish","4":"has-post-thumbnail","6":"product_brand-swanson","7":"product_cat-gesunde-ernaehrung","8":"product_cat-gesundheit-und-wohlbefinden","10":"first","11":"outofstock","12":"taxable","13":"shipping-taxable","14":"purchasable","15":"product-type-simple"},"yoast_head":"<!-- This site is optimized with the Yoast SEO plugin v27.5 - https:\/\/yoast.com\/product\/yoast-seo-wordpress\/ -->\n<title>Muira Puama 250mg (10:1) \u2013 Swanson | ecosupplements.ch<\/title>\n<meta name=\"description\" content=\"Swanson Muira Puama 10:1 Wurzelextrakt, 250 mg pro Kapsel, 60 Kapseln \u2013 konzentriert und einfach dosierbar. Jetzt bestellen.\" \/>\n<meta name=\"robots\" content=\"index, follow, max-snippet:-1, max-image-preview:large, max-video-preview:-1\" \/>\n<link rel=\"canonical\" href=\"https:\/\/ecosupplements.ch\/?product=muira-puama-250mg-101-60-caps\" \/>\n<meta property=\"og:locale\" content=\"de_DE\" \/>\n<meta property=\"og:type\" content=\"article\" \/>\n<meta property=\"og:title\" content=\"Muira Puama 250mg (10:1) \u2013 Swanson | ecosupplements.ch\" \/>\n<meta property=\"og:description\" content=\"Swanson Muira Puama 10:1 Wurzelextrakt, 250 mg pro Kapsel, 60 Kapseln \u2013 konzentriert und einfach dosierbar. Jetzt bestellen.\" \/>\n<meta property=\"og:url\" content=\"https:\/\/ecosupplements.ch\/?product=muira-puama-250mg-101-60-caps\" \/>\n<meta property=\"og:site_name\" content=\"Eco Supplements\" \/>\n<meta property=\"article:modified_time\" content=\"2026-05-13T07:24:03+00:00\" \/>\n<meta property=\"og:image\" content=\"https:\/\/ecosupplements.ch\/wp-content\/uploads\/2026\/05\/Muira-Puama-250mg-101-60-caps.jpg\" \/>\n\t<meta property=\"og:image:width\" content=\"600\" \/>\n\t<meta property=\"og:image:height\" content=\"600\" \/>\n\t<meta property=\"og:image:type\" content=\"image\/jpeg\" \/>\n<meta name=\"twitter:card\" content=\"summary_large_image\" \/>\n<meta name=\"twitter:label1\" content=\"Price\" \/>\n\t<meta name=\"twitter:data1\" content=\"&#067;&#072;&#070;&nbsp;9.39\" \/>\n\t<meta name=\"twitter:label2\" content=\"Availability\" \/>\n\t<meta name=\"twitter:data2\" content=\"Out of stock\" \/>\n<script type=\"application\/ld+json\" class=\"yoast-schema-graph\">{\"@context\":\"https:\\\/\\\/schema.org\",\"@graph\":[{\"@type\":\"WebPage\",\"@id\":\"https:\\\/\\\/ecosupplements.ch\\\/?product=muira-puama-250mg-101-60-caps\",\"url\":\"https:\\\/\\\/ecosupplements.ch\\\/?product=muira-puama-250mg-101-60-caps\",\"name\":\"Muira Puama 250mg (10:1) \u2013 Swanson | ecosupplements.ch\",\"isPartOf\":{\"@id\":\"https:\\\/\\\/ecosupplements.ch\\\/#website\"},\"primaryImageOfPage\":{\"@id\":\"https:\\\/\\\/ecosupplements.ch\\\/?product=muira-puama-250mg-101-60-caps#primaryimage\"},\"image\":{\"@id\":\"https:\\\/\\\/ecosupplements.ch\\\/?product=muira-puama-250mg-101-60-caps#primaryimage\"},\"thumbnailUrl\":\"https:\\\/\\\/ecosupplements.ch\\\/wp-content\\\/uploads\\\/2026\\\/05\\\/Muira-Puama-250mg-101-60-caps.jpg\",\"datePublished\":\"2026-05-11T14:39:38+00:00\",\"dateModified\":\"2026-05-13T07:24:03+00:00\",\"description\":\"Swanson Muira Puama 10:1 Wurzelextrakt, 250 mg pro Kapsel, 60 Kapseln \u2013 konzentriert und einfach dosierbar. Jetzt bestellen.\",\"breadcrumb\":{\"@id\":\"https:\\\/\\\/ecosupplements.ch\\\/?product=muira-puama-250mg-101-60-caps#breadcrumb\"},\"inLanguage\":\"de-CH\",\"potentialAction\":[{\"@type\":\"ReadAction\",\"target\":[\"https:\\\/\\\/ecosupplements.ch\\\/?product=muira-puama-250mg-101-60-caps\"]}]},{\"@type\":\"ImageObject\",\"inLanguage\":\"de-CH\",\"@id\":\"https:\\\/\\\/ecosupplements.ch\\\/?product=muira-puama-250mg-101-60-caps#primaryimage\",\"url\":\"https:\\\/\\\/ecosupplements.ch\\\/wp-content\\\/uploads\\\/2026\\\/05\\\/Muira-Puama-250mg-101-60-caps.jpg\",\"contentUrl\":\"https:\\\/\\\/ecosupplements.ch\\\/wp-content\\\/uploads\\\/2026\\\/05\\\/Muira-Puama-250mg-101-60-caps.jpg\",\"width\":600,\"height\":600,\"caption\":\"Muira Puama\"},{\"@type\":\"BreadcrumbList\",\"@id\":\"https:\\\/\\\/ecosupplements.ch\\\/?product=muira-puama-250mg-101-60-caps#breadcrumb\",\"itemListElement\":[{\"@type\":\"ListItem\",\"position\":1,\"name\":\"Home\",\"item\":\"https:\\\/\\\/ecosupplements.ch\\\/\"},{\"@type\":\"ListItem\",\"position\":2,\"name\":\"Shop\",\"item\":\"https:\\\/\\\/ecosupplements.ch\\\/?page_id=14\"},{\"@type\":\"ListItem\",\"position\":3,\"name\":\"Muira Puama, 250mg (10:1) &#8211; 60 caps\"}]},{\"@type\":\"WebSite\",\"@id\":\"https:\\\/\\\/ecosupplements.ch\\\/#website\",\"url\":\"https:\\\/\\\/ecosupplements.ch\\\/\",\"name\":\"Eco Supplements\",\"description\":\"\",\"potentialAction\":[{\"@type\":\"SearchAction\",\"target\":{\"@type\":\"EntryPoint\",\"urlTemplate\":\"https:\\\/\\\/ecosupplements.ch\\\/?s={search_term_string}\"},\"query-input\":{\"@type\":\"PropertyValueSpecification\",\"valueRequired\":true,\"valueName\":\"search_term_string\"}}],\"inLanguage\":\"de-CH\"}]}<\/script>\n<meta property=\"product:price:amount\" content=\"9.39\" \/>\n<meta property=\"product:price:currency\" content=\"CHF\" \/>\n<meta property=\"og:availability\" content=\"out of stock\" \/>\n<meta property=\"product:availability\" content=\"out of stock\" \/>\n<meta property=\"product:retailer_item_id\" content=\"087614140803\" \/>\n<meta property=\"product:condition\" content=\"new\" \/>\n<!-- \/ Yoast SEO plugin. -->","yoast_head_json":{"title":"Muira Puama 250mg (10:1) \u2013 Swanson | ecosupplements.ch","description":"Swanson Muira Puama 10:1 Wurzelextrakt, 250 mg pro Kapsel, 60 Kapseln \u2013 konzentriert und einfach dosierbar. Jetzt bestellen.","robots":{"index":"index","follow":"follow","max-snippet":"max-snippet:-1","max-image-preview":"max-image-preview:large","max-video-preview":"max-video-preview:-1"},"canonical":"https:\/\/ecosupplements.ch\/?product=muira-puama-250mg-101-60-caps","og_locale":"de_DE","og_type":"article","og_title":"Muira Puama 250mg (10:1) \u2013 Swanson | ecosupplements.ch","og_description":"Swanson Muira Puama 10:1 Wurzelextrakt, 250 mg pro Kapsel, 60 Kapseln \u2013 konzentriert und einfach dosierbar. Jetzt bestellen.","og_url":"https:\/\/ecosupplements.ch\/?product=muira-puama-250mg-101-60-caps","og_site_name":"Eco Supplements","article_modified_time":"2026-05-13T07:24:03+00:00","og_image":[{"width":600,"height":600,"url":"https:\/\/ecosupplements.ch\/wp-content\/uploads\/2026\/05\/Muira-Puama-250mg-101-60-caps.jpg","type":"image\/jpeg"}],"twitter_card":"summary_large_image","twitter_misc":{"Price":"&#67;&#72;&#70;&nbsp;9.39","Availability":"Out of stock"},"schema":{"@context":"https:\/\/schema.org","@graph":[{"@type":"WebPage","@id":"https:\/\/ecosupplements.ch\/?product=muira-puama-250mg-101-60-caps","url":"https:\/\/ecosupplements.ch\/?product=muira-puama-250mg-101-60-caps","name":"Muira Puama 250mg (10:1) \u2013 Swanson | ecosupplements.ch","isPartOf":{"@id":"https:\/\/ecosupplements.ch\/#website"},"primaryImageOfPage":{"@id":"https:\/\/ecosupplements.ch\/?product=muira-puama-250mg-101-60-caps#primaryimage"},"image":{"@id":"https:\/\/ecosupplements.ch\/?product=muira-puama-250mg-101-60-caps#primaryimage"},"thumbnailUrl":"https:\/\/ecosupplements.ch\/wp-content\/uploads\/2026\/05\/Muira-Puama-250mg-101-60-caps.jpg","datePublished":"2026-05-11T14:39:38+00:00","dateModified":"2026-05-13T07:24:03+00:00","description":"Swanson Muira Puama 10:1 Wurzelextrakt, 250 mg pro Kapsel, 60 Kapseln \u2013 konzentriert und einfach dosierbar. Jetzt bestellen.","breadcrumb":{"@id":"https:\/\/ecosupplements.ch\/?product=muira-puama-250mg-101-60-caps#breadcrumb"},"inLanguage":"de-CH","potentialAction":[{"@type":"ReadAction","target":["https:\/\/ecosupplements.ch\/?product=muira-puama-250mg-101-60-caps"]}]},{"@type":"ImageObject","inLanguage":"de-CH","@id":"https:\/\/ecosupplements.ch\/?product=muira-puama-250mg-101-60-caps#primaryimage","url":"https:\/\/ecosupplements.ch\/wp-content\/uploads\/2026\/05\/Muira-Puama-250mg-101-60-caps.jpg","contentUrl":"https:\/\/ecosupplements.ch\/wp-content\/uploads\/2026\/05\/Muira-Puama-250mg-101-60-caps.jpg","width":600,"height":600,"caption":"Muira Puama"},{"@type":"BreadcrumbList","@id":"https:\/\/ecosupplements.ch\/?product=muira-puama-250mg-101-60-caps#breadcrumb","itemListElement":[{"@type":"ListItem","position":1,"name":"Home","item":"https:\/\/ecosupplements.ch\/"},{"@type":"ListItem","position":2,"name":"Shop","item":"https:\/\/ecosupplements.ch\/?page_id=14"},{"@type":"ListItem","position":3,"name":"Muira Puama, 250mg (10:1) &#8211; 60 caps"}]},{"@type":"WebSite","@id":"https:\/\/ecosupplements.ch\/#website","url":"https:\/\/ecosupplements.ch\/","name":"Eco Supplements","description":"","potentialAction":[{"@type":"SearchAction","target":{"@type":"EntryPoint","urlTemplate":"https:\/\/ecosupplements.ch\/?s={search_term_string}"},"query-input":{"@type":"PropertyValueSpecification","valueRequired":true,"valueName":"search_term_string"}}],"inLanguage":"de-CH"}]},"product_price_amount":"9.39","product_price_currency":"CHF","og_availability":"out of stock","product_availability":"out of stock","product_retailer_item_id":"087614140803","product_condition":"new"},"_links":{"self":[{"href":"https:\/\/ecosupplements.ch\/index.php?rest_route=\/wp\/v2\/product\/2685","targetHints":{"allow":["GET"]}}],"collection":[{"href":"https:\/\/ecosupplements.ch\/index.php?rest_route=\/wp\/v2\/product"}],"about":[{"href":"https:\/\/ecosupplements.ch\/index.php?rest_route=\/wp\/v2\/types\/product"}],"replies":[{"embeddable":true,"href":"https:\/\/ecosupplements.ch\/index.php?rest_route=%2Fwp%2Fv2%2Fcomments&post=2685"}],"wp:featuredmedia":[{"embeddable":true,"href":"https:\/\/ecosupplements.ch\/index.php?rest_route=\/wp\/v2\/media\/2686"}],"wp:attachment":[{"href":"https:\/\/ecosupplements.ch\/index.php?rest_route=%2Fwp%2Fv2%2Fmedia&parent=2685"}],"wp:term":[{"taxonomy":"product_brand","embeddable":true,"href":"https:\/\/ecosupplements.ch\/index.php?rest_route=%2Fwp%2Fv2%2Fproduct_brand&post=2685"},{"taxonomy":"product_cat","embeddable":true,"href":"https:\/\/ecosupplements.ch\/index.php?rest_route=%2Fwp%2Fv2%2Fproduct_cat&post=2685"},{"taxonomy":"product_tag","embeddable":true,"href":"https:\/\/ecosupplements.ch\/index.php?rest_route=%2Fwp%2Fv2%2Fproduct_tag&post=2685"}],"curies":[{"name":"wp","href":"https:\/\/api.w.org\/{rel}","templated":true}]}}