{"id":2687,"date":"2026-05-11T14:39:39","date_gmt":"2026-05-11T14:39:39","guid":{"rendered":"https:\/\/ecosupplements.ch\/?product=multi-and-mineral-100-caps"},"modified":"2026-05-13T07:23:47","modified_gmt":"2026-05-13T07:23:47","slug":"multi-and-mineral-100-caps","status":"publish","type":"product","link":"https:\/\/ecosupplements.ch\/?product=multi-and-mineral-100-caps","title":{"rendered":"Multi and Mineral &#8211; 100 caps"},"content":{"rendered":"<div class=\"chcg-product-description\">\n<h2 class=\"chcg-heading\">\u00dcber Swanson \u2013 Multi and Mineral \u2013 100 Kapseln<\/h2>\n<div class=\"chcg-intro\">\n<p>Das Swanson Multi and Mineral ist ein umfassendes Multivitamin- und Mineralstoffpr\u00e4parat, das 19 sorgf\u00e4ltig ausgew\u00e4hlte N\u00e4hrstoffe in einer einzigen Kapsel vereint. Die Formel deckt ein breites Spektrum an essenziellen Vitaminen \u2013 von Vitamin A \u00fcber den gesamten B-Komplex bis hin zu den Vitaminen C, D und E \u2013 und erg\u00e4nzt diese durch wichtige Mineralstoffe wie Calcium, Magnesium, Zink, Selen und Eisen.<\/p>\n<p>Dank hochwertiger Rohstoffe wie Cholecalciferol (Vitamin D3), d-alpha Tocopheryl Succinat (Vitamin E) und Selen als Aminos\u00e4urekomplex bietet dieses Pr\u00e4parat eine gut bioverf\u00fcgbare N\u00e4hrstoffversorgung. Jod wird aus Kelp gewonnen und tr\u00e4gt zur normalen Schilddr\u00fcsenfunktion bei. Vitamin C, B6, B12, Folat sowie verschiedene Mineralstoffe tragen zur Verringerung von M\u00fcdigkeit und Erm\u00fcdung sowie zur normalen Funktion des Immunsystems bei.<\/p>\n<p>Mit 100 Kapseln pro Packung bietet Swanson Multi and Mineral eine praktische und kosteng\u00fcnstige Allround-Versorgung f\u00fcr den t\u00e4glichen Bedarf. Das Pr\u00e4parat eignet sich f\u00fcr Erwachsene, die ihre N\u00e4hrstoffzufuhr mit einem zuverl\u00e4ssigen Kombinationspr\u00e4parat erg\u00e4nzen m\u00f6chten.<\/p>\n<\/p><\/div>\n<div class=\"chcg-nutrition\">\n<h3>N\u00e4hrwertangaben<\/h3>\n<table class=\"chcg-nutrition-table\">\n<thead>\n<tr>\n<th>N\u00e4hrstoff<\/th>\n<th>Pro Portion (1 Kapsel)<\/th>\n<\/tr>\n<\/thead>\n<tbody>\n<tr>\n<td>Vitamin A (als Palmitat und Beta-Carotin)<\/td>\n<td>3000 \u00b5g (375% NRV)<\/td>\n<\/tr>\n<tr>\n<td>Vitamin C (aus Calciumascorbat)<\/td>\n<td>200 mg (250% NRV)<\/td>\n<\/tr>\n<tr>\n<td>Vitamin D (als Cholecalciferol)<\/td>\n<td>10 \u00b5g (200% NRV)<\/td>\n<\/tr>\n<tr>\n<td>Vitamin E (als d-alpha Tocopherylsuccinat)<\/td>\n<td>10 mg (83% NRV)<\/td>\n<\/tr>\n<tr>\n<td>Thiamin (Vitamin B1) (Thiamin HCl)<\/td>\n<td>10 mg (909% NRV)<\/td>\n<\/tr>\n<tr>\n<td>Riboflavin (Vitamin B2)<\/td>\n<td>10 mg (714% NRV)<\/td>\n<\/tr>\n<tr>\n<td>Niacin<\/td>\n<td>100 mg (625% NRV)<\/td>\n<\/tr>\n<tr>\n<td>Vitamin B6 (als Pyridoxin HCl)<\/td>\n<td>5 mg (357% NRV)<\/td>\n<\/tr>\n<tr>\n<td>Folat (als Fols\u00e4ure 400 \u00b5g)<\/td>\n<td>665 \u00b5g (200% NRV)<\/td>\n<\/tr>\n<tr>\n<td>Vitamin B12 (aus Cyanocobalamin)<\/td>\n<td>5 \u00b5g (200% NRV)<\/td>\n<\/tr>\n<tr>\n<td>Pantothens\u00e4ure (aus D-Calciumpantothenat)<\/td>\n<td>20 mg (333% NRV)<\/td>\n<\/tr>\n<tr>\n<td>Calcium (aus Calciumcarbonat und -ascorbat)<\/td>\n<td>150 mg (19% NRV)<\/td>\n<\/tr>\n<tr>\n<td>Eisen (aus Eisensulfat)<\/td>\n<td>12 mg (86% NRV)<\/td>\n<\/tr>\n<tr>\n<td>Jod (aus Kelp)<\/td>\n<td>150 \u00b5g (100% NRV)<\/td>\n<\/tr>\n<tr>\n<td>Magnesium (aus Magnesiumoxid)<\/td>\n<td>32,5 mg (9% NRV)<\/td>\n<\/tr>\n<tr>\n<td>Zink (aus Zinksulfat)<\/td>\n<td>15 mg (150% NRV)<\/td>\n<\/tr>\n<tr>\n<td>Selen (als Selen-Aminos\u00e4urekomplex)<\/td>\n<td>200 \u00b5g (364% NRV)<\/td>\n<\/tr>\n<tr>\n<td>Kupfer (aus Kupfersulfat)<\/td>\n<td>2 mg (200% NRV)<\/td>\n<\/tr>\n<tr>\n<td>Mangan (aus Mangansulfat)<\/td>\n<td>1 mg (50% NRV)<\/td>\n<\/tr>\n<\/tbody>\n<\/table>\n<p class=\"chcg-footnote\">NRV = N\u00e4hrstoffbezugswert (Nutrient Reference Value) gem\u00e4ss EU-Verordnung Nr. 1169\/2011.<\/p>\n<\/p><\/div>\n<div class=\"chcg-ingredients\">\n<h3>Zutaten<\/h3>\n<p>Vitamin A (als Palmitat und Beta-Carotin) 3000 \u00b5g, Vitamin C (aus Calciumascorbat) 200 mg, Vitamin D (als Cholecalciferol) 10 \u00b5g, Vitamin E (als d-alpha Tocopherylsuccinat) 10 mg, Thiamin (Thiamin HCl) (Vitamin B1) 10 mg, Riboflavin (Vitamin B2) 10 mg, Niacin 100 mg, Vitamin B6 (als Pyridoxin HCl) 5 mg, Folat 665 \u00b5g (als Fols\u00e4ure 400 \u00b5g), Vitamin B12 (aus Cyanocobalamin) 5 \u00b5g, Pantothens\u00e4ure (aus D-Calciumpantothenat) 20 mg, Calcium (aus Calciumcarbonat und -ascorbat) 150 mg, Eisen (aus Eisensulfat) 12 mg, Jod (aus Kelp) 150 \u00b5g, Magnesium (aus Magnesiumoxid) 32,5 mg, Zink (aus Zinksulfat) 15 mg, Selen (als Selen-Aminos\u00e4urekomplex) 200 \u00b5g, Kupfer (aus Kupfersulfat) 2 mg, Mangan (aus Mangansulfat) 1 mg.<\/p>\n<p class=\"chcg-capsule-shell\">Kapselh\u00fclle: Gelatine, Reismehl (braun), Maltodextrin, modifizierte Maisst\u00e4rke, Magnesiumstearat, Akaziengummi, Saccharose, mikrokristalline Cellulose, dl-alpha Tocopherol, Hydroxypropylmethylcellulose, Natriumascorbat, mittelkettige Triglyceride, Siliciumdioxid.<\/p>\n<\/p><\/div>\n<div class=\"chcg-dosage\">\n<h3>Verzehrempfehlung<\/h3>\n<p>Als Nahrungserg\u00e4nzungsmittel eine Kapsel ein- bis zweimal t\u00e4glich zu einer Mahlzeit mit Wasser einnehmen.<\/p>\n<\/p><\/div>\n<div class=\"chcg-warnings\">\n<h3>Warnhinweise<\/h3>\n<p>Eine versehentliche \u00dcberdosierung von eisenhaltigen Produkten ist eine der h\u00e4ufigsten Ursachen f\u00fcr t\u00f6dliche Vergiftungen bei Kindern unter 6 Jahren. Dieses Produkt ausserhalb der Reichweite von Kindern aufbewahren. Im Falle einer versehentlichen \u00dcberdosierung sofort einen Arzt oder eine Giftnotrufzentrale kontaktieren. Nur f\u00fcr Erwachsene. Vor der Einnahme dieses oder eines anderen Produkts R\u00fccksprache mit einer medizinischen Fachperson halten, wenn Sie schwanger sind oder stillen, Medikamente einnehmen oder an einer Erkrankung leiden. Nicht verwenden, wenn die Schutzfolie besch\u00e4digt ist.<\/p>\n<\/p><\/div>\n<div class=\"chcg-allergens\">\n<h3>Allergeninformationen<\/h3>\n<p>Enth\u00e4lt Schalentiere [Kelp (Garnelen, Krabbe, Hummer)]. Kann Krustentiere (Hummer, Garnelen und Krabben) enthalten.<\/p>\n<\/p><\/div>\n<div class=\"chcg-storage\">\n<h3>Lagerung<\/h3>\n<p>An einem k\u00fchlen, trockenen Ort aufbewahren.<\/p>\n<\/p><\/div>\n<div class=\"chcg-dietary\">\n<h3>Ern\u00e4hrungshinweise<\/h3>\n<ul>\n<li>Nicht vegan (enth\u00e4lt Gelatine)<\/li>\n<li>Nicht vegetarisch (enth\u00e4lt Gelatine)<\/li>\n<\/ul><\/div>\n<\/div>\n","protected":false},"excerpt":{"rendered":"<p>Swanson Multi and Mineral liefert 19 essenzielle Vitamine und Mineralstoffe in einer praktischen Kapsel. Erh\u00e4ltlich als Packung mit 100 Kapseln f\u00fcr eine umfassende t\u00e4gliche N\u00e4hrstoffversorgung.<\/p>\n","protected":false},"featured_media":2688,"comment_status":"closed","ping_status":"open","template":"","meta":[],"product_brand":[16],"product_cat":[27,48,26,171,21],"product_tag":[],"class_list":{"0":"post-2687","1":"product","2":"type-product","3":"status-publish","4":"has-post-thumbnail","6":"product_brand-swanson","7":"product_cat-einige-vitamine","8":"product_cat-gesunde-ernaehrung","9":"product_cat-multivitamine","10":"product_cat-vitamine-und-mineralien","11":"product_cat-vitamine-und-mineralstoffe","13":"first","14":"outofstock","15":"taxable","16":"shipping-taxable","17":"purchasable","18":"product-type-simple"},"yoast_head":"<!-- This site is optimized with the Yoast SEO plugin v27.5 - https:\/\/yoast.com\/product\/yoast-seo-wordpress\/ -->\n<title>Multi and Mineral 100 Kapseln \u2013 Swanson | ecosupplements.ch<\/title>\n<meta name=\"description\" content=\"Swanson Multi and Mineral versorgt Sie t\u00e4glich mit 19 essenziellen Vitaminen und Mineralstoffen in 1 Kapsel \u2013 100 Kapseln pro Packung. Jetzt bestellen.\" \/>\n<meta name=\"robots\" content=\"index, follow, max-snippet:-1, max-image-preview:large, max-video-preview:-1\" \/>\n<link rel=\"canonical\" href=\"https:\/\/ecosupplements.ch\/?product=multi-and-mineral-100-caps\" \/>\n<meta property=\"og:locale\" content=\"de_DE\" \/>\n<meta property=\"og:type\" content=\"article\" \/>\n<meta property=\"og:title\" content=\"Multi and Mineral 100 Kapseln \u2013 Swanson | ecosupplements.ch\" \/>\n<meta property=\"og:description\" content=\"Swanson Multi and Mineral versorgt Sie t\u00e4glich mit 19 essenziellen Vitaminen und Mineralstoffen in 1 Kapsel \u2013 100 Kapseln pro Packung. Jetzt bestellen.\" \/>\n<meta property=\"og:url\" content=\"https:\/\/ecosupplements.ch\/?product=multi-and-mineral-100-caps\" \/>\n<meta property=\"og:site_name\" content=\"Eco Supplements\" \/>\n<meta property=\"article:modified_time\" content=\"2026-05-13T07:23:47+00:00\" \/>\n<meta property=\"og:image\" content=\"https:\/\/ecosupplements.ch\/wp-content\/uploads\/2026\/05\/Multi-and-Mineral-100-caps-1.jpg\" \/>\n\t<meta property=\"og:image:width\" content=\"800\" \/>\n\t<meta property=\"og:image:height\" content=\"800\" \/>\n\t<meta property=\"og:image:type\" content=\"image\/jpeg\" \/>\n<meta name=\"twitter:card\" content=\"summary_large_image\" \/>\n<meta name=\"twitter:label1\" content=\"Price\" \/>\n\t<meta name=\"twitter:data1\" content=\"&#067;&#072;&#070;&nbsp;21.37\" \/>\n\t<meta name=\"twitter:label2\" content=\"Availability\" \/>\n\t<meta name=\"twitter:data2\" content=\"Out of stock\" \/>\n<script type=\"application\/ld+json\" class=\"yoast-schema-graph\">{\"@context\":\"https:\\\/\\\/schema.org\",\"@graph\":[{\"@type\":\"WebPage\",\"@id\":\"https:\\\/\\\/ecosupplements.ch\\\/?product=multi-and-mineral-100-caps\",\"url\":\"https:\\\/\\\/ecosupplements.ch\\\/?product=multi-and-mineral-100-caps\",\"name\":\"Multi and Mineral 100 Kapseln \u2013 Swanson | ecosupplements.ch\",\"isPartOf\":{\"@id\":\"https:\\\/\\\/ecosupplements.ch\\\/#website\"},\"primaryImageOfPage\":{\"@id\":\"https:\\\/\\\/ecosupplements.ch\\\/?product=multi-and-mineral-100-caps#primaryimage\"},\"image\":{\"@id\":\"https:\\\/\\\/ecosupplements.ch\\\/?product=multi-and-mineral-100-caps#primaryimage\"},\"thumbnailUrl\":\"https:\\\/\\\/ecosupplements.ch\\\/wp-content\\\/uploads\\\/2026\\\/05\\\/Multi-and-Mineral-100-caps-1.jpg\",\"datePublished\":\"2026-05-11T14:39:39+00:00\",\"dateModified\":\"2026-05-13T07:23:47+00:00\",\"description\":\"Swanson Multi and Mineral versorgt Sie t\u00e4glich mit 19 essenziellen Vitaminen und Mineralstoffen in 1 Kapsel \u2013 100 Kapseln pro Packung. Jetzt bestellen.\",\"breadcrumb\":{\"@id\":\"https:\\\/\\\/ecosupplements.ch\\\/?product=multi-and-mineral-100-caps#breadcrumb\"},\"inLanguage\":\"de-CH\",\"potentialAction\":[{\"@type\":\"ReadAction\",\"target\":[\"https:\\\/\\\/ecosupplements.ch\\\/?product=multi-and-mineral-100-caps\"]}]},{\"@type\":\"ImageObject\",\"inLanguage\":\"de-CH\",\"@id\":\"https:\\\/\\\/ecosupplements.ch\\\/?product=multi-and-mineral-100-caps#primaryimage\",\"url\":\"https:\\\/\\\/ecosupplements.ch\\\/wp-content\\\/uploads\\\/2026\\\/05\\\/Multi-and-Mineral-100-caps-1.jpg\",\"contentUrl\":\"https:\\\/\\\/ecosupplements.ch\\\/wp-content\\\/uploads\\\/2026\\\/05\\\/Multi-and-Mineral-100-caps-1.jpg\",\"width\":800,\"height\":800,\"caption\":\"Multi and Mineral - 100 caps\"},{\"@type\":\"BreadcrumbList\",\"@id\":\"https:\\\/\\\/ecosupplements.ch\\\/?product=multi-and-mineral-100-caps#breadcrumb\",\"itemListElement\":[{\"@type\":\"ListItem\",\"position\":1,\"name\":\"Home\",\"item\":\"https:\\\/\\\/ecosupplements.ch\\\/\"},{\"@type\":\"ListItem\",\"position\":2,\"name\":\"Shop\",\"item\":\"https:\\\/\\\/ecosupplements.ch\\\/?page_id=14\"},{\"@type\":\"ListItem\",\"position\":3,\"name\":\"Multi and Mineral &#8211; 100 caps\"}]},{\"@type\":\"WebSite\",\"@id\":\"https:\\\/\\\/ecosupplements.ch\\\/#website\",\"url\":\"https:\\\/\\\/ecosupplements.ch\\\/\",\"name\":\"Eco Supplements\",\"description\":\"\",\"potentialAction\":[{\"@type\":\"SearchAction\",\"target\":{\"@type\":\"EntryPoint\",\"urlTemplate\":\"https:\\\/\\\/ecosupplements.ch\\\/?s={search_term_string}\"},\"query-input\":{\"@type\":\"PropertyValueSpecification\",\"valueRequired\":true,\"valueName\":\"search_term_string\"}}],\"inLanguage\":\"de-CH\"}]}<\/script>\n<meta property=\"product:price:amount\" content=\"21.37\" \/>\n<meta property=\"product:price:currency\" content=\"CHF\" \/>\n<meta property=\"og:availability\" content=\"out of stock\" \/>\n<meta property=\"product:availability\" content=\"out of stock\" \/>\n<meta property=\"product:retailer_item_id\" content=\"087614012568\" \/>\n<meta property=\"product:condition\" content=\"new\" \/>\n<!-- \/ Yoast SEO plugin. -->","yoast_head_json":{"title":"Multi and Mineral 100 Kapseln \u2013 Swanson | ecosupplements.ch","description":"Swanson Multi and Mineral versorgt Sie t\u00e4glich mit 19 essenziellen Vitaminen und Mineralstoffen in 1 Kapsel \u2013 100 Kapseln pro Packung. Jetzt bestellen.","robots":{"index":"index","follow":"follow","max-snippet":"max-snippet:-1","max-image-preview":"max-image-preview:large","max-video-preview":"max-video-preview:-1"},"canonical":"https:\/\/ecosupplements.ch\/?product=multi-and-mineral-100-caps","og_locale":"de_DE","og_type":"article","og_title":"Multi and Mineral 100 Kapseln \u2013 Swanson | ecosupplements.ch","og_description":"Swanson Multi and Mineral versorgt Sie t\u00e4glich mit 19 essenziellen Vitaminen und Mineralstoffen in 1 Kapsel \u2013 100 Kapseln pro Packung. Jetzt bestellen.","og_url":"https:\/\/ecosupplements.ch\/?product=multi-and-mineral-100-caps","og_site_name":"Eco Supplements","article_modified_time":"2026-05-13T07:23:47+00:00","og_image":[{"width":800,"height":800,"url":"https:\/\/ecosupplements.ch\/wp-content\/uploads\/2026\/05\/Multi-and-Mineral-100-caps-1.jpg","type":"image\/jpeg"}],"twitter_card":"summary_large_image","twitter_misc":{"Price":"&#67;&#72;&#70;&nbsp;21.37","Availability":"Out of stock"},"schema":{"@context":"https:\/\/schema.org","@graph":[{"@type":"WebPage","@id":"https:\/\/ecosupplements.ch\/?product=multi-and-mineral-100-caps","url":"https:\/\/ecosupplements.ch\/?product=multi-and-mineral-100-caps","name":"Multi and Mineral 100 Kapseln \u2013 Swanson | ecosupplements.ch","isPartOf":{"@id":"https:\/\/ecosupplements.ch\/#website"},"primaryImageOfPage":{"@id":"https:\/\/ecosupplements.ch\/?product=multi-and-mineral-100-caps#primaryimage"},"image":{"@id":"https:\/\/ecosupplements.ch\/?product=multi-and-mineral-100-caps#primaryimage"},"thumbnailUrl":"https:\/\/ecosupplements.ch\/wp-content\/uploads\/2026\/05\/Multi-and-Mineral-100-caps-1.jpg","datePublished":"2026-05-11T14:39:39+00:00","dateModified":"2026-05-13T07:23:47+00:00","description":"Swanson Multi and Mineral versorgt Sie t\u00e4glich mit 19 essenziellen Vitaminen und Mineralstoffen in 1 Kapsel \u2013 100 Kapseln pro Packung. Jetzt bestellen.","breadcrumb":{"@id":"https:\/\/ecosupplements.ch\/?product=multi-and-mineral-100-caps#breadcrumb"},"inLanguage":"de-CH","potentialAction":[{"@type":"ReadAction","target":["https:\/\/ecosupplements.ch\/?product=multi-and-mineral-100-caps"]}]},{"@type":"ImageObject","inLanguage":"de-CH","@id":"https:\/\/ecosupplements.ch\/?product=multi-and-mineral-100-caps#primaryimage","url":"https:\/\/ecosupplements.ch\/wp-content\/uploads\/2026\/05\/Multi-and-Mineral-100-caps-1.jpg","contentUrl":"https:\/\/ecosupplements.ch\/wp-content\/uploads\/2026\/05\/Multi-and-Mineral-100-caps-1.jpg","width":800,"height":800,"caption":"Multi and Mineral - 100 caps"},{"@type":"BreadcrumbList","@id":"https:\/\/ecosupplements.ch\/?product=multi-and-mineral-100-caps#breadcrumb","itemListElement":[{"@type":"ListItem","position":1,"name":"Home","item":"https:\/\/ecosupplements.ch\/"},{"@type":"ListItem","position":2,"name":"Shop","item":"https:\/\/ecosupplements.ch\/?page_id=14"},{"@type":"ListItem","position":3,"name":"Multi and Mineral &#8211; 100 caps"}]},{"@type":"WebSite","@id":"https:\/\/ecosupplements.ch\/#website","url":"https:\/\/ecosupplements.ch\/","name":"Eco Supplements","description":"","potentialAction":[{"@type":"SearchAction","target":{"@type":"EntryPoint","urlTemplate":"https:\/\/ecosupplements.ch\/?s={search_term_string}"},"query-input":{"@type":"PropertyValueSpecification","valueRequired":true,"valueName":"search_term_string"}}],"inLanguage":"de-CH"}]},"product_price_amount":"21.37","product_price_currency":"CHF","og_availability":"out of stock","product_availability":"out of stock","product_retailer_item_id":"087614012568","product_condition":"new"},"_links":{"self":[{"href":"https:\/\/ecosupplements.ch\/index.php?rest_route=\/wp\/v2\/product\/2687","targetHints":{"allow":["GET"]}}],"collection":[{"href":"https:\/\/ecosupplements.ch\/index.php?rest_route=\/wp\/v2\/product"}],"about":[{"href":"https:\/\/ecosupplements.ch\/index.php?rest_route=\/wp\/v2\/types\/product"}],"replies":[{"embeddable":true,"href":"https:\/\/ecosupplements.ch\/index.php?rest_route=%2Fwp%2Fv2%2Fcomments&post=2687"}],"wp:featuredmedia":[{"embeddable":true,"href":"https:\/\/ecosupplements.ch\/index.php?rest_route=\/wp\/v2\/media\/2688"}],"wp:attachment":[{"href":"https:\/\/ecosupplements.ch\/index.php?rest_route=%2Fwp%2Fv2%2Fmedia&parent=2687"}],"wp:term":[{"taxonomy":"product_brand","embeddable":true,"href":"https:\/\/ecosupplements.ch\/index.php?rest_route=%2Fwp%2Fv2%2Fproduct_brand&post=2687"},{"taxonomy":"product_cat","embeddable":true,"href":"https:\/\/ecosupplements.ch\/index.php?rest_route=%2Fwp%2Fv2%2Fproduct_cat&post=2687"},{"taxonomy":"product_tag","embeddable":true,"href":"https:\/\/ecosupplements.ch\/index.php?rest_route=%2Fwp%2Fv2%2Fproduct_tag&post=2687"}],"curies":[{"name":"wp","href":"https:\/\/api.w.org\/{rel}","templated":true}]}}