{"id":2708,"date":"2026-05-11T14:39:49","date_gmt":"2026-05-11T14:39:49","guid":{"rendered":"https:\/\/ecosupplements.ch\/?product=potassium-orotate-99mg-60-caps"},"modified":"2026-05-13T07:24:06","modified_gmt":"2026-05-13T07:24:06","slug":"potassium-orotate-99mg-60-caps","status":"publish","type":"product","link":"https:\/\/ecosupplements.ch\/?product=potassium-orotate-99mg-60-caps","title":{"rendered":"Potassium Orotate, 99mg &#8211; 60 caps"},"content":{"rendered":"<div class=\"chcg-product-description\">\n<h2 class=\"chcg-heading\">\u00dcber Swanson \u2013 Potassium Orotate, 99mg \u2013 60 Kapseln<\/h2>\n<div class=\"chcg-intro\">\n<p>Kalium ist ein essenzielles Mineral, das eine wichtige Rolle im normalen Funktionieren des Nervensystems und der Muskeln spielt, einschliesslich der Herzmuskulatur. Als Elektrolyt tr\u00e4gt Kalium zur Aufrechterhaltung eines normalen Blutdrucks sowie zur normalen Zellfunktion bei \u2013 beides anerkannte, wissenschaftlich belegte Eigenschaften dieses N\u00e4hrstoffs.<\/p>\n<p>Swanson Potassium Orotate kombiniert Kalium mit Orots\u00e4ure in einer gut vertr\u00e4glichen Kapselform. Die Orotat-Verbindung gilt als eine gut bioverf\u00fcgbare Form, die sich leicht in die t\u00e4gliche Routine integrieren l\u00e4sst. Jede Kapsel liefert 99 mg Kalium, was 5 % des N\u00e4hrstoffreferenzwerts entspricht.<\/p>\n<p>Die Kapseln von Swanson stehen f\u00fcr konsequente Qualit\u00e4tskontrolle und verl\u00e4ssliche Dosierung \u2013 ganz im Sinne der Anspr\u00fcche, die Schweizer Konsumentinnen und Konsumenten an ein hochwertiges Nahrungserg\u00e4nzungsmittel stellen.<\/p>\n<\/p><\/div>\n<div class=\"chcg-nutrition\">\n<h3>N\u00e4hrwertangaben<\/h3>\n<table class=\"chcg-nutrition-table\">\n<thead>\n<tr>\n<th>N\u00e4hrstoff<\/th>\n<th>Pro Portion (1 Kapsel)<\/th>\n<\/tr>\n<\/thead>\n<tbody>\n<tr>\n<td>Kalium (aus Kaliumorotat)<\/td>\n<td>99 mg (5% NRW*)<\/td>\n<\/tr>\n<\/tbody>\n<\/table>\n<p class=\"chcg-footnote\">* NRW \u2013 N\u00e4hrstoff-Referenzwert<\/p>\n<\/p><\/div>\n<div class=\"chcg-ingredients\">\n<h3>Zutaten<\/h3>\n<p>Kalium (aus Kaliumorotat), Reismehl, Gelatine, Magnesiumstearat.<\/p>\n<p class=\"chcg-capsule-shell\">Kapselh\u00fclle: Gelatine<\/p>\n<\/p><\/div>\n<div class=\"chcg-dosage\">\n<h3>Verzehrempfehlung<\/h3>\n<p>Als Nahrungserg\u00e4nzungsmittel eine Kapsel pro Tag mit Wasser einnehmen.<\/p>\n<\/p><\/div>\n<div class=\"chcg-warnings\">\n<h3>Warnhinweise<\/h3>\n<p>Nur f\u00fcr Erwachsene. Konsultieren Sie vor der Einnahme dieses oder eines anderen Produkts Ihre \u00c4rztin oder Ihren Arzt bzw. eine Fachperson des Gesundheitswesens, wenn Sie schwanger sind oder stillen, Medikamente einnehmen oder an einer Erkrankung leiden. Ausserhalb der Reichweite von Kindern aufbewahren. Nicht verwenden, wenn die Versiegelung besch\u00e4digt ist.<\/p>\n<\/p><\/div>\n<div class=\"chcg-allergens\">\n<h3>Allergeninformationen<\/h3>\n<p>Keine Allergene explizit deklariert. Kann Magnesiumstearat und\/oder Siliziumdioxid enthalten (auf bestimmten regionalen Etikettenvarianten vermerkt).<\/p>\n<\/p><\/div>\n<div class=\"chcg-storage\">\n<h3>Lagerung<\/h3>\n<p>An einem k\u00fchlen, trockenen Ort lagern.<\/p>\n<\/p><\/div>\n<\/div>\n","protected":false},"excerpt":{"rendered":"<p>Swanson Potassium Orotate liefert 99 mg Kalium pro Kapsel zur Unterst\u00fctzung normaler Muskel- und Nervenfunktion. Praktisch in Kapselform, 60 Kapseln pro Packung.<\/p>\n","protected":false},"featured_media":2709,"comment_status":"closed","ping_status":"open","template":"","meta":[],"product_brand":[16],"product_cat":[23,48,25,160,21],"product_tag":[],"class_list":{"0":"post-2708","1":"product","2":"type-product","3":"status-publish","4":"has-post-thumbnail","6":"product_brand-swanson","7":"product_cat-einige-mineralien","8":"product_cat-gesunde-ernaehrung","9":"product_cat-gesundheit-und-wohlbefinden","10":"product_cat-kaliumgluconat","11":"product_cat-vitamine-und-mineralstoffe","13":"first","14":"outofstock","15":"taxable","16":"shipping-taxable","17":"purchasable","18":"product-type-simple"},"yoast_head":"<!-- This site is optimized with the Yoast SEO plugin v27.5 - https:\/\/yoast.com\/product\/yoast-seo-wordpress\/ -->\n<title>Potassium Orotate 99mg \u2013 Swanson | ecosupplements.ch<\/title>\n<meta name=\"description\" content=\"Swanson Potassium Orotate mit 99 mg Kalium pro Kapsel \u2013 60 Kapseln f\u00fcr normale Muskel- und Nervenfunktion. Jetzt bestellen.\" \/>\n<meta name=\"robots\" content=\"index, follow, max-snippet:-1, max-image-preview:large, max-video-preview:-1\" \/>\n<link rel=\"canonical\" href=\"https:\/\/ecosupplements.ch\/?product=potassium-orotate-99mg-60-caps\" \/>\n<meta property=\"og:locale\" content=\"de_DE\" \/>\n<meta property=\"og:type\" content=\"article\" \/>\n<meta property=\"og:title\" content=\"Potassium Orotate 99mg \u2013 Swanson | ecosupplements.ch\" \/>\n<meta property=\"og:description\" content=\"Swanson Potassium Orotate mit 99 mg Kalium pro Kapsel \u2013 60 Kapseln f\u00fcr normale Muskel- und Nervenfunktion. Jetzt bestellen.\" \/>\n<meta property=\"og:url\" content=\"https:\/\/ecosupplements.ch\/?product=potassium-orotate-99mg-60-caps\" \/>\n<meta property=\"og:site_name\" content=\"Eco Supplements\" \/>\n<meta property=\"article:modified_time\" content=\"2026-05-13T07:24:06+00:00\" \/>\n<meta property=\"og:image\" content=\"https:\/\/ecosupplements.ch\/wp-content\/uploads\/2026\/05\/Potassium-Orotate-99mg-60-caps.jpg\" \/>\n\t<meta property=\"og:image:width\" content=\"650\" \/>\n\t<meta property=\"og:image:height\" content=\"650\" \/>\n\t<meta property=\"og:image:type\" content=\"image\/jpeg\" \/>\n<meta name=\"twitter:card\" content=\"summary_large_image\" \/>\n<meta name=\"twitter:label1\" content=\"Price\" \/>\n\t<meta name=\"twitter:data1\" content=\"&#067;&#072;&#070;&nbsp;10.77\" \/>\n\t<meta name=\"twitter:label2\" content=\"Availability\" \/>\n\t<meta name=\"twitter:data2\" content=\"Out of stock\" \/>\n<script type=\"application\/ld+json\" class=\"yoast-schema-graph\">{\"@context\":\"https:\\\/\\\/schema.org\",\"@graph\":[{\"@type\":\"WebPage\",\"@id\":\"https:\\\/\\\/ecosupplements.ch\\\/?product=potassium-orotate-99mg-60-caps\",\"url\":\"https:\\\/\\\/ecosupplements.ch\\\/?product=potassium-orotate-99mg-60-caps\",\"name\":\"Potassium Orotate 99mg \u2013 Swanson | ecosupplements.ch\",\"isPartOf\":{\"@id\":\"https:\\\/\\\/ecosupplements.ch\\\/#website\"},\"primaryImageOfPage\":{\"@id\":\"https:\\\/\\\/ecosupplements.ch\\\/?product=potassium-orotate-99mg-60-caps#primaryimage\"},\"image\":{\"@id\":\"https:\\\/\\\/ecosupplements.ch\\\/?product=potassium-orotate-99mg-60-caps#primaryimage\"},\"thumbnailUrl\":\"https:\\\/\\\/ecosupplements.ch\\\/wp-content\\\/uploads\\\/2026\\\/05\\\/Potassium-Orotate-99mg-60-caps.jpg\",\"datePublished\":\"2026-05-11T14:39:49+00:00\",\"dateModified\":\"2026-05-13T07:24:06+00:00\",\"description\":\"Swanson Potassium Orotate mit 99 mg Kalium pro Kapsel \u2013 60 Kapseln f\u00fcr normale Muskel- und Nervenfunktion. Jetzt bestellen.\",\"breadcrumb\":{\"@id\":\"https:\\\/\\\/ecosupplements.ch\\\/?product=potassium-orotate-99mg-60-caps#breadcrumb\"},\"inLanguage\":\"de-CH\",\"potentialAction\":[{\"@type\":\"ReadAction\",\"target\":[\"https:\\\/\\\/ecosupplements.ch\\\/?product=potassium-orotate-99mg-60-caps\"]}]},{\"@type\":\"ImageObject\",\"inLanguage\":\"de-CH\",\"@id\":\"https:\\\/\\\/ecosupplements.ch\\\/?product=potassium-orotate-99mg-60-caps#primaryimage\",\"url\":\"https:\\\/\\\/ecosupplements.ch\\\/wp-content\\\/uploads\\\/2026\\\/05\\\/Potassium-Orotate-99mg-60-caps.jpg\",\"contentUrl\":\"https:\\\/\\\/ecosupplements.ch\\\/wp-content\\\/uploads\\\/2026\\\/05\\\/Potassium-Orotate-99mg-60-caps.jpg\",\"width\":650,\"height\":650,\"caption\":\"Potassium Orotate\"},{\"@type\":\"BreadcrumbList\",\"@id\":\"https:\\\/\\\/ecosupplements.ch\\\/?product=potassium-orotate-99mg-60-caps#breadcrumb\",\"itemListElement\":[{\"@type\":\"ListItem\",\"position\":1,\"name\":\"Home\",\"item\":\"https:\\\/\\\/ecosupplements.ch\\\/\"},{\"@type\":\"ListItem\",\"position\":2,\"name\":\"Shop\",\"item\":\"https:\\\/\\\/ecosupplements.ch\\\/?page_id=14\"},{\"@type\":\"ListItem\",\"position\":3,\"name\":\"Potassium Orotate, 99mg &#8211; 60 caps\"}]},{\"@type\":\"WebSite\",\"@id\":\"https:\\\/\\\/ecosupplements.ch\\\/#website\",\"url\":\"https:\\\/\\\/ecosupplements.ch\\\/\",\"name\":\"Eco Supplements\",\"description\":\"\",\"potentialAction\":[{\"@type\":\"SearchAction\",\"target\":{\"@type\":\"EntryPoint\",\"urlTemplate\":\"https:\\\/\\\/ecosupplements.ch\\\/?s={search_term_string}\"},\"query-input\":{\"@type\":\"PropertyValueSpecification\",\"valueRequired\":true,\"valueName\":\"search_term_string\"}}],\"inLanguage\":\"de-CH\"}]}<\/script>\n<meta property=\"product:price:amount\" content=\"10.77\" \/>\n<meta property=\"product:price:currency\" content=\"CHF\" \/>\n<meta property=\"og:availability\" content=\"out of stock\" \/>\n<meta property=\"product:availability\" content=\"out of stock\" \/>\n<meta property=\"product:retailer_item_id\" content=\"087614026589\" \/>\n<meta property=\"product:condition\" content=\"new\" \/>\n<!-- \/ Yoast SEO plugin. -->","yoast_head_json":{"title":"Potassium Orotate 99mg \u2013 Swanson | ecosupplements.ch","description":"Swanson Potassium Orotate mit 99 mg Kalium pro Kapsel \u2013 60 Kapseln f\u00fcr normale Muskel- und Nervenfunktion. Jetzt bestellen.","robots":{"index":"index","follow":"follow","max-snippet":"max-snippet:-1","max-image-preview":"max-image-preview:large","max-video-preview":"max-video-preview:-1"},"canonical":"https:\/\/ecosupplements.ch\/?product=potassium-orotate-99mg-60-caps","og_locale":"de_DE","og_type":"article","og_title":"Potassium Orotate 99mg \u2013 Swanson | ecosupplements.ch","og_description":"Swanson Potassium Orotate mit 99 mg Kalium pro Kapsel \u2013 60 Kapseln f\u00fcr normale Muskel- und Nervenfunktion. Jetzt bestellen.","og_url":"https:\/\/ecosupplements.ch\/?product=potassium-orotate-99mg-60-caps","og_site_name":"Eco Supplements","article_modified_time":"2026-05-13T07:24:06+00:00","og_image":[{"width":650,"height":650,"url":"https:\/\/ecosupplements.ch\/wp-content\/uploads\/2026\/05\/Potassium-Orotate-99mg-60-caps.jpg","type":"image\/jpeg"}],"twitter_card":"summary_large_image","twitter_misc":{"Price":"&#67;&#72;&#70;&nbsp;10.77","Availability":"Out of stock"},"schema":{"@context":"https:\/\/schema.org","@graph":[{"@type":"WebPage","@id":"https:\/\/ecosupplements.ch\/?product=potassium-orotate-99mg-60-caps","url":"https:\/\/ecosupplements.ch\/?product=potassium-orotate-99mg-60-caps","name":"Potassium Orotate 99mg \u2013 Swanson | ecosupplements.ch","isPartOf":{"@id":"https:\/\/ecosupplements.ch\/#website"},"primaryImageOfPage":{"@id":"https:\/\/ecosupplements.ch\/?product=potassium-orotate-99mg-60-caps#primaryimage"},"image":{"@id":"https:\/\/ecosupplements.ch\/?product=potassium-orotate-99mg-60-caps#primaryimage"},"thumbnailUrl":"https:\/\/ecosupplements.ch\/wp-content\/uploads\/2026\/05\/Potassium-Orotate-99mg-60-caps.jpg","datePublished":"2026-05-11T14:39:49+00:00","dateModified":"2026-05-13T07:24:06+00:00","description":"Swanson Potassium Orotate mit 99 mg Kalium pro Kapsel \u2013 60 Kapseln f\u00fcr normale Muskel- und Nervenfunktion. Jetzt bestellen.","breadcrumb":{"@id":"https:\/\/ecosupplements.ch\/?product=potassium-orotate-99mg-60-caps#breadcrumb"},"inLanguage":"de-CH","potentialAction":[{"@type":"ReadAction","target":["https:\/\/ecosupplements.ch\/?product=potassium-orotate-99mg-60-caps"]}]},{"@type":"ImageObject","inLanguage":"de-CH","@id":"https:\/\/ecosupplements.ch\/?product=potassium-orotate-99mg-60-caps#primaryimage","url":"https:\/\/ecosupplements.ch\/wp-content\/uploads\/2026\/05\/Potassium-Orotate-99mg-60-caps.jpg","contentUrl":"https:\/\/ecosupplements.ch\/wp-content\/uploads\/2026\/05\/Potassium-Orotate-99mg-60-caps.jpg","width":650,"height":650,"caption":"Potassium Orotate"},{"@type":"BreadcrumbList","@id":"https:\/\/ecosupplements.ch\/?product=potassium-orotate-99mg-60-caps#breadcrumb","itemListElement":[{"@type":"ListItem","position":1,"name":"Home","item":"https:\/\/ecosupplements.ch\/"},{"@type":"ListItem","position":2,"name":"Shop","item":"https:\/\/ecosupplements.ch\/?page_id=14"},{"@type":"ListItem","position":3,"name":"Potassium Orotate, 99mg &#8211; 60 caps"}]},{"@type":"WebSite","@id":"https:\/\/ecosupplements.ch\/#website","url":"https:\/\/ecosupplements.ch\/","name":"Eco Supplements","description":"","potentialAction":[{"@type":"SearchAction","target":{"@type":"EntryPoint","urlTemplate":"https:\/\/ecosupplements.ch\/?s={search_term_string}"},"query-input":{"@type":"PropertyValueSpecification","valueRequired":true,"valueName":"search_term_string"}}],"inLanguage":"de-CH"}]},"product_price_amount":"10.77","product_price_currency":"CHF","og_availability":"out of stock","product_availability":"out of stock","product_retailer_item_id":"087614026589","product_condition":"new"},"_links":{"self":[{"href":"https:\/\/ecosupplements.ch\/index.php?rest_route=\/wp\/v2\/product\/2708","targetHints":{"allow":["GET"]}}],"collection":[{"href":"https:\/\/ecosupplements.ch\/index.php?rest_route=\/wp\/v2\/product"}],"about":[{"href":"https:\/\/ecosupplements.ch\/index.php?rest_route=\/wp\/v2\/types\/product"}],"replies":[{"embeddable":true,"href":"https:\/\/ecosupplements.ch\/index.php?rest_route=%2Fwp%2Fv2%2Fcomments&post=2708"}],"wp:featuredmedia":[{"embeddable":true,"href":"https:\/\/ecosupplements.ch\/index.php?rest_route=\/wp\/v2\/media\/2709"}],"wp:attachment":[{"href":"https:\/\/ecosupplements.ch\/index.php?rest_route=%2Fwp%2Fv2%2Fmedia&parent=2708"}],"wp:term":[{"taxonomy":"product_brand","embeddable":true,"href":"https:\/\/ecosupplements.ch\/index.php?rest_route=%2Fwp%2Fv2%2Fproduct_brand&post=2708"},{"taxonomy":"product_cat","embeddable":true,"href":"https:\/\/ecosupplements.ch\/index.php?rest_route=%2Fwp%2Fv2%2Fproduct_cat&post=2708"},{"taxonomy":"product_tag","embeddable":true,"href":"https:\/\/ecosupplements.ch\/index.php?rest_route=%2Fwp%2Fv2%2Fproduct_tag&post=2708"}],"curies":[{"name":"wp","href":"https:\/\/api.w.org\/{rel}","templated":true}]}}