{"id":2716,"date":"2026-05-11T14:39:52","date_gmt":"2026-05-11T14:39:52","guid":{"rendered":"https:\/\/ecosupplements.ch\/?product=probiotic-prebiotic-fiber-60-vcaps"},"modified":"2026-05-13T07:24:06","modified_gmt":"2026-05-13T07:24:06","slug":"probiotic-prebiotic-fiber-60-vcaps","status":"publish","type":"product","link":"https:\/\/ecosupplements.ch\/?product=probiotic-prebiotic-fiber-60-vcaps","title":{"rendered":"Probiotic+ Prebiotic Fiber &#8211; 60 vcaps"},"content":{"rendered":"<div class=\"chcg-product-description\">\n<h2 class=\"chcg-heading\">\u00dcber Swanson \u2013 Probiotic+ Prebiotic Fiber \u2013 60 Vcaps<\/h2>\n<div class=\"chcg-intro\">\n<p>Swanson Probiotic+ Prebiotic Fiber kombiniert lebende Bifidobacterium lactis-Kulturen mit NutraFlora scFOS (kurzkettige Fructooligosaccharide) in einer praktischen vegetarischen Kapsel. Probiotische Kulturen tragen zur Unterst\u00fctzung der nat\u00fcrlichen Darmflora bei, w\u00e4hrend pr\u00e4biotische Ballaststoffe als N\u00e4hrboden f\u00fcr n\u00fctzliche Darmbakterien dienen.<\/p>\n<p>NutraFlora scFOS ist eine etablierte Pr\u00e4biotika-Quelle auf Basis kurzkettiger Fructooligosaccharide, die selektiv das Wachstum von Bifidobakterien im Darm f\u00f6rdern k\u00f6nnen. Die Kombination aus Probiotikum und Pr\u00e4biotikum in einer einzigen Kapsel bietet eine unkomplizierte Erg\u00e4nzung zur t\u00e4glichen Ern\u00e4hrung.<\/p>\n<p>Die veganen Kapseln sind frei von tierischen Bestandteilen und eignen sich f\u00fcr eine pflanzliche Ern\u00e4hrungsweise. Mit 30 Portionen pro Packung \u2013 je 2 Kapseln t\u00e4glich \u2013 ist dieses Produkt f\u00fcr einen monatlichen Einnahmezyklus ausgelegt.<\/p>\n<\/p><\/div>\n<div class=\"chcg-nutrition\">\n<h3>N\u00e4hrwertangaben<\/h3>\n<table class=\"chcg-nutrition-table\">\n<thead>\n<tr>\n<th>N\u00e4hrstoff<\/th>\n<th>Pro Portion (2 Kapseln)<\/th>\n<\/tr>\n<\/thead>\n<tbody>\n<tr>\n<td>Gesamtkohlenhydrate<\/td>\n<td>1 g<\/td>\n<\/tr>\n<tr>\n<td>\u2013 davon Ballaststoffe<\/td>\n<td>1 g<\/td>\n<\/tr>\n<tr>\n<td>\u2013 \u2013 NutraFlora scFOS (kurzkettige Fructooligosaccharide)<\/td>\n<td>1 g<\/td>\n<\/tr>\n<tr>\n<td>Bifidobacterium lactis (1 Milliarde KBE)<\/td>\n<td>3,30 mg<\/td>\n<\/tr>\n<\/tbody>\n<\/table>\n<p class=\"chcg-footnote\">* Kein festgelegter t\u00e4glicher Referenzwert.<\/p>\n<\/p><\/div>\n<div class=\"chcg-ingredients\">\n<h3>Zutaten<\/h3>\n<p>NutraFlora scFOS (kurzkettige Fructooligosaccharide), Bifidobacterium lactis (1 Milliarde KBE). Weitere Zutaten: Hydroxypropylmethylcellulose (vegetarische Kapsel), mikrokristalline Cellulose (pflanzliche Faser), Magnesiumstearat, Siliziumdioxid.<\/p>\n<p class=\"chcg-capsule-shell\">Kapselh\u00fclle: Hydroxypropylmethylcellulose (vegetarische Kapsel)<\/p>\n<\/p><\/div>\n<div class=\"chcg-dosage\">\n<h3>Verzehrempfehlung<\/h3>\n<p>Als Nahrungserg\u00e4nzungsmittel t\u00e4glich zwei vegetarische Kapseln mit Wasser einnehmen.<\/p>\n<\/p><\/div>\n<div class=\"chcg-warnings\">\n<h3>Warnhinweise<\/h3>\n<p>Nur f\u00fcr Erwachsene. Konsultieren Sie vor der Einnahme dieses oder eines anderen Produkts Ihre \u00c4rztin oder Ihren Arzt, wenn Sie schwanger sind oder stillen, Medikamente einnehmen oder an einer Erkrankung leiden. Ausserhalb der Reichweite von Kindern aufbewahren. Nicht verwenden, wenn die Schutzversiegelung besch\u00e4digt ist. An einem k\u00fchlen, trockenen Ort lagern.<\/p>\n<\/p><\/div>\n<div class=\"chcg-allergens\">\n<h3>Allergeninformationen<\/h3>\n<p>Auf der Produktverpackung sind keine Allergene deklariert.<\/p>\n<\/p><\/div>\n<div class=\"chcg-storage\">\n<h3>Lagerung<\/h3>\n<p>An einem k\u00fchlen, trockenen Ort lagern.<\/p>\n<\/p><\/div>\n<div class=\"chcg-dietary\">\n<h3>Ern\u00e4hrungshinweise<\/h3>\n<ul>\n<li>Vegan<\/li>\n<li>Vegetarisch<\/li>\n<\/ul><\/div>\n<\/div>\n","protected":false},"excerpt":{"rendered":"<p>Swanson Probiotic+ Prebiotic Fiber unterst\u00fctzt die nat\u00fcrliche Darmflora mit Bifidobacterium lactis und NutraFlora scFOS. 60 vegane Kapseln \u2013 30 Tagesdosen in einer Packung.<\/p>\n","protected":false},"featured_media":2717,"comment_status":"closed","ping_status":"open","template":"","meta":[],"product_brand":[16],"product_cat":[48,25,104],"product_tag":[],"class_list":{"0":"post-2716","1":"product","2":"type-product","3":"status-publish","4":"has-post-thumbnail","6":"product_brand-swanson","7":"product_cat-gesunde-ernaehrung","8":"product_cat-gesundheit-und-wohlbefinden","9":"product_cat-probiotika","11":"first","12":"outofstock","13":"taxable","14":"shipping-taxable","15":"purchasable","16":"product-type-simple"},"yoast_head":"<!-- This site is optimized with the Yoast SEO plugin v27.5 - https:\/\/yoast.com\/product\/yoast-seo-wordpress\/ -->\n<title>Probiotic+ Prebiotic Fiber \u2013 Swanson | ecosupplements.ch<\/title>\n<meta name=\"description\" content=\"Probiotikum und Pr\u00e4biotikum in einer veganen Kapsel: Swanson Probiotic+ Prebiotic Fiber, 60 Vcaps f\u00fcr 30 Tagesdosen. Jetzt bestellen.\" \/>\n<meta name=\"robots\" content=\"index, follow, max-snippet:-1, max-image-preview:large, max-video-preview:-1\" \/>\n<link rel=\"canonical\" href=\"https:\/\/ecosupplements.ch\/?product=probiotic-prebiotic-fiber-60-vcaps\" \/>\n<meta property=\"og:locale\" content=\"de_DE\" \/>\n<meta property=\"og:type\" content=\"article\" \/>\n<meta property=\"og:title\" content=\"Probiotic+ Prebiotic Fiber \u2013 Swanson | ecosupplements.ch\" \/>\n<meta property=\"og:description\" content=\"Probiotikum und Pr\u00e4biotikum in einer veganen Kapsel: Swanson Probiotic+ Prebiotic Fiber, 60 Vcaps f\u00fcr 30 Tagesdosen. Jetzt bestellen.\" \/>\n<meta property=\"og:url\" content=\"https:\/\/ecosupplements.ch\/?product=probiotic-prebiotic-fiber-60-vcaps\" \/>\n<meta property=\"og:site_name\" content=\"Eco Supplements\" \/>\n<meta property=\"article:modified_time\" content=\"2026-05-13T07:24:06+00:00\" \/>\n<meta property=\"og:image\" content=\"https:\/\/ecosupplements.ch\/wp-content\/uploads\/2026\/05\/Probiotic-Prebiotic-Fiber-60-vcaps.jpg\" \/>\n\t<meta property=\"og:image:width\" content=\"231\" \/>\n\t<meta property=\"og:image:height\" content=\"452\" \/>\n\t<meta property=\"og:image:type\" content=\"image\/jpeg\" \/>\n<meta name=\"twitter:card\" content=\"summary_large_image\" \/>\n<meta name=\"twitter:label1\" content=\"Price\" \/>\n\t<meta name=\"twitter:data1\" content=\"&#067;&#072;&#070;&nbsp;11.49\" \/>\n\t<meta name=\"twitter:label2\" content=\"Availability\" \/>\n\t<meta name=\"twitter:data2\" content=\"Out of stock\" \/>\n<script type=\"application\/ld+json\" class=\"yoast-schema-graph\">{\"@context\":\"https:\\\/\\\/schema.org\",\"@graph\":[{\"@type\":\"WebPage\",\"@id\":\"https:\\\/\\\/ecosupplements.ch\\\/?product=probiotic-prebiotic-fiber-60-vcaps\",\"url\":\"https:\\\/\\\/ecosupplements.ch\\\/?product=probiotic-prebiotic-fiber-60-vcaps\",\"name\":\"Probiotic+ Prebiotic Fiber \u2013 Swanson | ecosupplements.ch\",\"isPartOf\":{\"@id\":\"https:\\\/\\\/ecosupplements.ch\\\/#website\"},\"primaryImageOfPage\":{\"@id\":\"https:\\\/\\\/ecosupplements.ch\\\/?product=probiotic-prebiotic-fiber-60-vcaps#primaryimage\"},\"image\":{\"@id\":\"https:\\\/\\\/ecosupplements.ch\\\/?product=probiotic-prebiotic-fiber-60-vcaps#primaryimage\"},\"thumbnailUrl\":\"https:\\\/\\\/ecosupplements.ch\\\/wp-content\\\/uploads\\\/2026\\\/05\\\/Probiotic-Prebiotic-Fiber-60-vcaps.jpg\",\"datePublished\":\"2026-05-11T14:39:52+00:00\",\"dateModified\":\"2026-05-13T07:24:06+00:00\",\"description\":\"Probiotikum und Pr\u00e4biotikum in einer veganen Kapsel: Swanson Probiotic+ Prebiotic Fiber, 60 Vcaps f\u00fcr 30 Tagesdosen. Jetzt bestellen.\",\"breadcrumb\":{\"@id\":\"https:\\\/\\\/ecosupplements.ch\\\/?product=probiotic-prebiotic-fiber-60-vcaps#breadcrumb\"},\"inLanguage\":\"de-CH\",\"potentialAction\":[{\"@type\":\"ReadAction\",\"target\":[\"https:\\\/\\\/ecosupplements.ch\\\/?product=probiotic-prebiotic-fiber-60-vcaps\"]}]},{\"@type\":\"ImageObject\",\"inLanguage\":\"de-CH\",\"@id\":\"https:\\\/\\\/ecosupplements.ch\\\/?product=probiotic-prebiotic-fiber-60-vcaps#primaryimage\",\"url\":\"https:\\\/\\\/ecosupplements.ch\\\/wp-content\\\/uploads\\\/2026\\\/05\\\/Probiotic-Prebiotic-Fiber-60-vcaps.jpg\",\"contentUrl\":\"https:\\\/\\\/ecosupplements.ch\\\/wp-content\\\/uploads\\\/2026\\\/05\\\/Probiotic-Prebiotic-Fiber-60-vcaps.jpg\",\"width\":231,\"height\":452,\"caption\":\"Probiotic+ Prebiotic Fiber - 60 vcaps\"},{\"@type\":\"BreadcrumbList\",\"@id\":\"https:\\\/\\\/ecosupplements.ch\\\/?product=probiotic-prebiotic-fiber-60-vcaps#breadcrumb\",\"itemListElement\":[{\"@type\":\"ListItem\",\"position\":1,\"name\":\"Home\",\"item\":\"https:\\\/\\\/ecosupplements.ch\\\/\"},{\"@type\":\"ListItem\",\"position\":2,\"name\":\"Shop\",\"item\":\"https:\\\/\\\/ecosupplements.ch\\\/?page_id=14\"},{\"@type\":\"ListItem\",\"position\":3,\"name\":\"Probiotic+ Prebiotic Fiber &#8211; 60 vcaps\"}]},{\"@type\":\"WebSite\",\"@id\":\"https:\\\/\\\/ecosupplements.ch\\\/#website\",\"url\":\"https:\\\/\\\/ecosupplements.ch\\\/\",\"name\":\"Eco Supplements\",\"description\":\"\",\"potentialAction\":[{\"@type\":\"SearchAction\",\"target\":{\"@type\":\"EntryPoint\",\"urlTemplate\":\"https:\\\/\\\/ecosupplements.ch\\\/?s={search_term_string}\"},\"query-input\":{\"@type\":\"PropertyValueSpecification\",\"valueRequired\":true,\"valueName\":\"search_term_string\"}}],\"inLanguage\":\"de-CH\"}]}<\/script>\n<meta property=\"product:price:amount\" content=\"11.49\" \/>\n<meta property=\"product:price:currency\" content=\"CHF\" \/>\n<meta property=\"og:availability\" content=\"out of stock\" \/>\n<meta property=\"product:availability\" content=\"out of stock\" \/>\n<meta property=\"product:retailer_item_id\" content=\"087614190389\" \/>\n<meta property=\"product:condition\" content=\"new\" \/>\n<!-- \/ Yoast SEO plugin. -->","yoast_head_json":{"title":"Probiotic+ Prebiotic Fiber \u2013 Swanson | ecosupplements.ch","description":"Probiotikum und Pr\u00e4biotikum in einer veganen Kapsel: Swanson Probiotic+ Prebiotic Fiber, 60 Vcaps f\u00fcr 30 Tagesdosen. Jetzt bestellen.","robots":{"index":"index","follow":"follow","max-snippet":"max-snippet:-1","max-image-preview":"max-image-preview:large","max-video-preview":"max-video-preview:-1"},"canonical":"https:\/\/ecosupplements.ch\/?product=probiotic-prebiotic-fiber-60-vcaps","og_locale":"de_DE","og_type":"article","og_title":"Probiotic+ Prebiotic Fiber \u2013 Swanson | ecosupplements.ch","og_description":"Probiotikum und Pr\u00e4biotikum in einer veganen Kapsel: Swanson Probiotic+ Prebiotic Fiber, 60 Vcaps f\u00fcr 30 Tagesdosen. Jetzt bestellen.","og_url":"https:\/\/ecosupplements.ch\/?product=probiotic-prebiotic-fiber-60-vcaps","og_site_name":"Eco Supplements","article_modified_time":"2026-05-13T07:24:06+00:00","og_image":[{"width":231,"height":452,"url":"https:\/\/ecosupplements.ch\/wp-content\/uploads\/2026\/05\/Probiotic-Prebiotic-Fiber-60-vcaps.jpg","type":"image\/jpeg"}],"twitter_card":"summary_large_image","twitter_misc":{"Price":"&#67;&#72;&#70;&nbsp;11.49","Availability":"Out of stock"},"schema":{"@context":"https:\/\/schema.org","@graph":[{"@type":"WebPage","@id":"https:\/\/ecosupplements.ch\/?product=probiotic-prebiotic-fiber-60-vcaps","url":"https:\/\/ecosupplements.ch\/?product=probiotic-prebiotic-fiber-60-vcaps","name":"Probiotic+ Prebiotic Fiber \u2013 Swanson | ecosupplements.ch","isPartOf":{"@id":"https:\/\/ecosupplements.ch\/#website"},"primaryImageOfPage":{"@id":"https:\/\/ecosupplements.ch\/?product=probiotic-prebiotic-fiber-60-vcaps#primaryimage"},"image":{"@id":"https:\/\/ecosupplements.ch\/?product=probiotic-prebiotic-fiber-60-vcaps#primaryimage"},"thumbnailUrl":"https:\/\/ecosupplements.ch\/wp-content\/uploads\/2026\/05\/Probiotic-Prebiotic-Fiber-60-vcaps.jpg","datePublished":"2026-05-11T14:39:52+00:00","dateModified":"2026-05-13T07:24:06+00:00","description":"Probiotikum und Pr\u00e4biotikum in einer veganen Kapsel: Swanson Probiotic+ Prebiotic Fiber, 60 Vcaps f\u00fcr 30 Tagesdosen. Jetzt bestellen.","breadcrumb":{"@id":"https:\/\/ecosupplements.ch\/?product=probiotic-prebiotic-fiber-60-vcaps#breadcrumb"},"inLanguage":"de-CH","potentialAction":[{"@type":"ReadAction","target":["https:\/\/ecosupplements.ch\/?product=probiotic-prebiotic-fiber-60-vcaps"]}]},{"@type":"ImageObject","inLanguage":"de-CH","@id":"https:\/\/ecosupplements.ch\/?product=probiotic-prebiotic-fiber-60-vcaps#primaryimage","url":"https:\/\/ecosupplements.ch\/wp-content\/uploads\/2026\/05\/Probiotic-Prebiotic-Fiber-60-vcaps.jpg","contentUrl":"https:\/\/ecosupplements.ch\/wp-content\/uploads\/2026\/05\/Probiotic-Prebiotic-Fiber-60-vcaps.jpg","width":231,"height":452,"caption":"Probiotic+ Prebiotic Fiber - 60 vcaps"},{"@type":"BreadcrumbList","@id":"https:\/\/ecosupplements.ch\/?product=probiotic-prebiotic-fiber-60-vcaps#breadcrumb","itemListElement":[{"@type":"ListItem","position":1,"name":"Home","item":"https:\/\/ecosupplements.ch\/"},{"@type":"ListItem","position":2,"name":"Shop","item":"https:\/\/ecosupplements.ch\/?page_id=14"},{"@type":"ListItem","position":3,"name":"Probiotic+ Prebiotic Fiber &#8211; 60 vcaps"}]},{"@type":"WebSite","@id":"https:\/\/ecosupplements.ch\/#website","url":"https:\/\/ecosupplements.ch\/","name":"Eco Supplements","description":"","potentialAction":[{"@type":"SearchAction","target":{"@type":"EntryPoint","urlTemplate":"https:\/\/ecosupplements.ch\/?s={search_term_string}"},"query-input":{"@type":"PropertyValueSpecification","valueRequired":true,"valueName":"search_term_string"}}],"inLanguage":"de-CH"}]},"product_price_amount":"11.49","product_price_currency":"CHF","og_availability":"out of stock","product_availability":"out of stock","product_retailer_item_id":"087614190389","product_condition":"new"},"_links":{"self":[{"href":"https:\/\/ecosupplements.ch\/index.php?rest_route=\/wp\/v2\/product\/2716","targetHints":{"allow":["GET"]}}],"collection":[{"href":"https:\/\/ecosupplements.ch\/index.php?rest_route=\/wp\/v2\/product"}],"about":[{"href":"https:\/\/ecosupplements.ch\/index.php?rest_route=\/wp\/v2\/types\/product"}],"replies":[{"embeddable":true,"href":"https:\/\/ecosupplements.ch\/index.php?rest_route=%2Fwp%2Fv2%2Fcomments&post=2716"}],"wp:featuredmedia":[{"embeddable":true,"href":"https:\/\/ecosupplements.ch\/index.php?rest_route=\/wp\/v2\/media\/2717"}],"wp:attachment":[{"href":"https:\/\/ecosupplements.ch\/index.php?rest_route=%2Fwp%2Fv2%2Fmedia&parent=2716"}],"wp:term":[{"taxonomy":"product_brand","embeddable":true,"href":"https:\/\/ecosupplements.ch\/index.php?rest_route=%2Fwp%2Fv2%2Fproduct_brand&post=2716"},{"taxonomy":"product_cat","embeddable":true,"href":"https:\/\/ecosupplements.ch\/index.php?rest_route=%2Fwp%2Fv2%2Fproduct_cat&post=2716"},{"taxonomy":"product_tag","embeddable":true,"href":"https:\/\/ecosupplements.ch\/index.php?rest_route=%2Fwp%2Fv2%2Fproduct_tag&post=2716"}],"curies":[{"name":"wp","href":"https:\/\/api.w.org\/{rel}","templated":true}]}}