{"id":2720,"date":"2026-05-11T14:39:54","date_gmt":"2026-05-11T14:39:54","guid":{"rendered":"https:\/\/ecosupplements.ch\/?product=psyllium-husks-610mg-100-caps"},"modified":"2026-05-13T07:24:07","modified_gmt":"2026-05-13T07:24:07","slug":"psyllium-husks-610mg-100-caps","status":"publish","type":"product","link":"https:\/\/ecosupplements.ch\/?product=psyllium-husks-610mg-100-caps","title":{"rendered":"Psyllium Husks, 610mg &#8211; 100 caps"},"content":{"rendered":"<div class=\"chcg-product-description\">\n<h2 class=\"chcg-heading\">\u00dcber Swanson \u2013 Psyllium Husks, 610mg \u2013 100 Kapseln<\/h2>\n<div class=\"chcg-intro\">\n<p>Psylliumschalen (Flohsamenschalen) sind ein nat\u00fcrlicher Ballaststoff, der aus den Samenh\u00fclsen der Pflanze <em>Plantago ovata<\/em> gewonnen wird. Mit 610 mg Psylliumsamenschalen pro Kapsel liefert dieses Produkt von Swanson eine praktische M\u00f6glichkeit, die t\u00e4gliche Ballaststoffzufuhr zu erg\u00e4nzen. Ballaststoffe tragen zur Aufrechterhaltung einer normalen Darmfunktion bei und unterst\u00fctzen das Wohlbefinden des Verdauungssystems.<\/p>\n<p>Dank der Kapselform ist die Einnahme einfach und unkompliziert \u2013 ideal f\u00fcr alle, die ihren Alltag durch eine gezielte Ballaststofferg\u00e4nzung bereichern m\u00f6chten. Jede Packung enth\u00e4lt 100 Kapseln, was bei der empfohlenen Dosierung von drei Kapseln t\u00e4glich einem Vorrat von \u00fcber einem Monat entspricht.<\/p>\n<p>Swanson steht seit Jahrzehnten f\u00fcr qualitativ hochwertige Nahrungserg\u00e4nzungsmittel. Die Psyllium-Husks-Kapseln werden nach strengen Qualit\u00e4tsstandards hergestellt und sind eine bew\u00e4hrte Erg\u00e4nzung f\u00fcr eine ausgewogene Ern\u00e4hrung.<\/p>\n<\/p><\/div>\n<div class=\"chcg-nutrition\">\n<h3>N\u00e4hrwertangaben<\/h3>\n<table class=\"chcg-nutrition-table\">\n<thead>\n<tr>\n<th>N\u00e4hrstoff<\/th>\n<th>Pro Portion (1 Kapsel)<\/th>\n<\/tr>\n<\/thead>\n<tbody>\n<tr>\n<td>Kalorien<\/td>\n<td>5<\/td>\n<\/tr>\n<tr>\n<td>Gesamtkohlenhydrate<\/td>\n<td>1 g<\/td>\n<\/tr>\n<tr>\n<td>\u2013 Ballaststoffe<\/td>\n<td>&lt;1 g<\/td>\n<\/tr>\n<tr>\n<td>Psylliumsamenschalen<\/td>\n<td>610 mg*<\/td>\n<\/tr>\n<\/tbody>\n<\/table>\n<p class=\"chcg-footnote\">* Kein festgelegter Tagesbedarf.<\/p>\n<\/p><\/div>\n<div class=\"chcg-ingredients\">\n<h3>Zutaten<\/h3>\n<p>Psylliumsamenschalen 610 mg. Weitere Zutaten: Reismehl, Gelatine.<\/p>\n<p class=\"chcg-capsule-shell\">Kapselh\u00fclle: Gelatine<\/p>\n<\/p><\/div>\n<div class=\"chcg-dosage\">\n<h3>Verzehrempfehlung<\/h3>\n<p>Als Nahrungserg\u00e4nzungsmittel eine Kapsel dreimal t\u00e4glich mit einem vollen Glas Wasser (240 ml \/ 8 Unzen) einnehmen.<\/p>\n<\/p><\/div>\n<div class=\"chcg-warnings\">\n<h3>Warnhinweise<\/h3>\n<p>Nur f\u00fcr Erwachsene. Vor der Einnahme dieses oder eines anderen Produkts einen Arzt oder eine \u00c4rztin konsultieren, wenn Sie schwanger sind oder stillen, Medikamente einnehmen oder an einer Erkrankung leiden. Dieses Produkt muss mit mindestens 240 ml (8 Unzen) Fl\u00fcssigkeit eingenommen werden. Der Verzehr dieses Produkts ohne ausreichend Fl\u00fcssigkeit kann zu Erstickungsgefahr f\u00fchren. Dieses Produkt nicht verwenden, wenn Sie Schluckbeschwerden haben. Ausserhalb der Reichweite von Kindern aufbewahren. Nicht verwenden, wenn das Sicherheitssiegel besch\u00e4digt ist.<\/p>\n<\/p><\/div>\n<div class=\"chcg-allergens\">\n<h3>Allergeninformationen<\/h3>\n<p>Auf dem Etikett sind keine Allergene explizit deklariert. Enth\u00e4lt Gelatine (tierischen Ursprungs).<\/p>\n<\/p><\/div>\n<div class=\"chcg-storage\">\n<h3>Lagerung<\/h3>\n<p>An einem k\u00fchlen, trockenen Ort aufbewahren.<\/p>\n<\/p><\/div>\n<div class=\"chcg-dietary\">\n<h3>Ern\u00e4hrungshinweise<\/h3>\n<ul>\n<li>Laktosefrei<\/li>\n<\/ul><\/div>\n<\/div>\n","protected":false},"excerpt":{"rendered":"<p>Swanson Psyllium Husks liefern 610 mg Flohsamenschalen pro Kapsel und unterst\u00fctzen eine normale Darmfunktion. Praktisch als Kapseln \u2013 100 St\u00fcck pro Packung. Jede Kapsel mit mindestens einem vollen Glas Wasser einnehmen.<\/p>\n","protected":false},"featured_media":2721,"comment_status":"closed","ping_status":"open","template":"","meta":[],"product_brand":[16],"product_cat":[48,25,44,21],"product_tag":[],"class_list":{"0":"post-2720","1":"product","2":"type-product","3":"status-publish","4":"has-post-thumbnail","6":"product_brand-swanson","7":"product_cat-gesunde-ernaehrung","8":"product_cat-gesundheit-und-wohlbefinden","9":"product_cat-pflanzliche-nahrungsergaenzungsmittel","10":"product_cat-vitamine-und-mineralstoffe","12":"first","13":"outofstock","14":"taxable","15":"shipping-taxable","16":"purchasable","17":"product-type-simple"},"yoast_head":"<!-- This site is optimized with the Yoast SEO plugin v27.5 - https:\/\/yoast.com\/product\/yoast-seo-wordpress\/ -->\n<title>Psyllium Husks 610mg \u2013 Swanson | ecosupplements.ch<\/title>\n<meta name=\"description\" content=\"Swanson Psyllium Husks mit 610 mg Flohsamenschalen pro Kapsel \u2013 100 Kapseln f\u00fcr eine normale Darmfunktion. Jetzt bestellen.\" \/>\n<meta name=\"robots\" content=\"index, follow, max-snippet:-1, max-image-preview:large, max-video-preview:-1\" \/>\n<link rel=\"canonical\" href=\"https:\/\/ecosupplements.ch\/?product=psyllium-husks-610mg-100-caps\" \/>\n<meta property=\"og:locale\" content=\"de_DE\" \/>\n<meta property=\"og:type\" content=\"article\" \/>\n<meta property=\"og:title\" content=\"Psyllium Husks 610mg \u2013 Swanson | ecosupplements.ch\" \/>\n<meta property=\"og:description\" content=\"Swanson Psyllium Husks mit 610 mg Flohsamenschalen pro Kapsel \u2013 100 Kapseln f\u00fcr eine normale Darmfunktion. Jetzt bestellen.\" \/>\n<meta property=\"og:url\" content=\"https:\/\/ecosupplements.ch\/?product=psyllium-husks-610mg-100-caps\" \/>\n<meta property=\"og:site_name\" content=\"Eco Supplements\" \/>\n<meta property=\"article:modified_time\" content=\"2026-05-13T07:24:07+00:00\" \/>\n<meta property=\"og:image\" content=\"https:\/\/ecosupplements.ch\/wp-content\/uploads\/2026\/05\/Psyllium-Husks-610mg-100-caps.jpg\" \/>\n\t<meta property=\"og:image:width\" content=\"800\" \/>\n\t<meta property=\"og:image:height\" content=\"800\" \/>\n\t<meta property=\"og:image:type\" content=\"image\/jpeg\" \/>\n<meta name=\"twitter:card\" content=\"summary_large_image\" \/>\n<meta name=\"twitter:label1\" content=\"Price\" \/>\n\t<meta name=\"twitter:data1\" content=\"&#067;&#072;&#070;&nbsp;7.91\" \/>\n\t<meta name=\"twitter:label2\" content=\"Availability\" \/>\n\t<meta name=\"twitter:data2\" content=\"Out of stock\" \/>\n<script type=\"application\/ld+json\" class=\"yoast-schema-graph\">{\"@context\":\"https:\\\/\\\/schema.org\",\"@graph\":[{\"@type\":\"WebPage\",\"@id\":\"https:\\\/\\\/ecosupplements.ch\\\/?product=psyllium-husks-610mg-100-caps\",\"url\":\"https:\\\/\\\/ecosupplements.ch\\\/?product=psyllium-husks-610mg-100-caps\",\"name\":\"Psyllium Husks 610mg \u2013 Swanson | ecosupplements.ch\",\"isPartOf\":{\"@id\":\"https:\\\/\\\/ecosupplements.ch\\\/#website\"},\"primaryImageOfPage\":{\"@id\":\"https:\\\/\\\/ecosupplements.ch\\\/?product=psyllium-husks-610mg-100-caps#primaryimage\"},\"image\":{\"@id\":\"https:\\\/\\\/ecosupplements.ch\\\/?product=psyllium-husks-610mg-100-caps#primaryimage\"},\"thumbnailUrl\":\"https:\\\/\\\/ecosupplements.ch\\\/wp-content\\\/uploads\\\/2026\\\/05\\\/Psyllium-Husks-610mg-100-caps.jpg\",\"datePublished\":\"2026-05-11T14:39:54+00:00\",\"dateModified\":\"2026-05-13T07:24:07+00:00\",\"description\":\"Swanson Psyllium Husks mit 610 mg Flohsamenschalen pro Kapsel \u2013 100 Kapseln f\u00fcr eine normale Darmfunktion. Jetzt bestellen.\",\"breadcrumb\":{\"@id\":\"https:\\\/\\\/ecosupplements.ch\\\/?product=psyllium-husks-610mg-100-caps#breadcrumb\"},\"inLanguage\":\"de-CH\",\"potentialAction\":[{\"@type\":\"ReadAction\",\"target\":[\"https:\\\/\\\/ecosupplements.ch\\\/?product=psyllium-husks-610mg-100-caps\"]}]},{\"@type\":\"ImageObject\",\"inLanguage\":\"de-CH\",\"@id\":\"https:\\\/\\\/ecosupplements.ch\\\/?product=psyllium-husks-610mg-100-caps#primaryimage\",\"url\":\"https:\\\/\\\/ecosupplements.ch\\\/wp-content\\\/uploads\\\/2026\\\/05\\\/Psyllium-Husks-610mg-100-caps.jpg\",\"contentUrl\":\"https:\\\/\\\/ecosupplements.ch\\\/wp-content\\\/uploads\\\/2026\\\/05\\\/Psyllium-Husks-610mg-100-caps.jpg\",\"width\":800,\"height\":800,\"caption\":\"Psyllium Husks\"},{\"@type\":\"BreadcrumbList\",\"@id\":\"https:\\\/\\\/ecosupplements.ch\\\/?product=psyllium-husks-610mg-100-caps#breadcrumb\",\"itemListElement\":[{\"@type\":\"ListItem\",\"position\":1,\"name\":\"Home\",\"item\":\"https:\\\/\\\/ecosupplements.ch\\\/\"},{\"@type\":\"ListItem\",\"position\":2,\"name\":\"Shop\",\"item\":\"https:\\\/\\\/ecosupplements.ch\\\/?page_id=14\"},{\"@type\":\"ListItem\",\"position\":3,\"name\":\"Psyllium Husks, 610mg &#8211; 100 caps\"}]},{\"@type\":\"WebSite\",\"@id\":\"https:\\\/\\\/ecosupplements.ch\\\/#website\",\"url\":\"https:\\\/\\\/ecosupplements.ch\\\/\",\"name\":\"Eco Supplements\",\"description\":\"\",\"potentialAction\":[{\"@type\":\"SearchAction\",\"target\":{\"@type\":\"EntryPoint\",\"urlTemplate\":\"https:\\\/\\\/ecosupplements.ch\\\/?s={search_term_string}\"},\"query-input\":{\"@type\":\"PropertyValueSpecification\",\"valueRequired\":true,\"valueName\":\"search_term_string\"}}],\"inLanguage\":\"de-CH\"}]}<\/script>\n<meta property=\"product:price:amount\" content=\"7.91\" \/>\n<meta property=\"product:price:currency\" content=\"CHF\" \/>\n<meta property=\"og:availability\" content=\"out of stock\" \/>\n<meta property=\"product:availability\" content=\"out of stock\" \/>\n<meta property=\"product:retailer_item_id\" content=\"087614018027\" \/>\n<meta property=\"product:condition\" content=\"new\" \/>\n<!-- \/ Yoast SEO plugin. -->","yoast_head_json":{"title":"Psyllium Husks 610mg \u2013 Swanson | ecosupplements.ch","description":"Swanson Psyllium Husks mit 610 mg Flohsamenschalen pro Kapsel \u2013 100 Kapseln f\u00fcr eine normale Darmfunktion. Jetzt bestellen.","robots":{"index":"index","follow":"follow","max-snippet":"max-snippet:-1","max-image-preview":"max-image-preview:large","max-video-preview":"max-video-preview:-1"},"canonical":"https:\/\/ecosupplements.ch\/?product=psyllium-husks-610mg-100-caps","og_locale":"de_DE","og_type":"article","og_title":"Psyllium Husks 610mg \u2013 Swanson | ecosupplements.ch","og_description":"Swanson Psyllium Husks mit 610 mg Flohsamenschalen pro Kapsel \u2013 100 Kapseln f\u00fcr eine normale Darmfunktion. Jetzt bestellen.","og_url":"https:\/\/ecosupplements.ch\/?product=psyllium-husks-610mg-100-caps","og_site_name":"Eco Supplements","article_modified_time":"2026-05-13T07:24:07+00:00","og_image":[{"width":800,"height":800,"url":"https:\/\/ecosupplements.ch\/wp-content\/uploads\/2026\/05\/Psyllium-Husks-610mg-100-caps.jpg","type":"image\/jpeg"}],"twitter_card":"summary_large_image","twitter_misc":{"Price":"&#67;&#72;&#70;&nbsp;7.91","Availability":"Out of stock"},"schema":{"@context":"https:\/\/schema.org","@graph":[{"@type":"WebPage","@id":"https:\/\/ecosupplements.ch\/?product=psyllium-husks-610mg-100-caps","url":"https:\/\/ecosupplements.ch\/?product=psyllium-husks-610mg-100-caps","name":"Psyllium Husks 610mg \u2013 Swanson | ecosupplements.ch","isPartOf":{"@id":"https:\/\/ecosupplements.ch\/#website"},"primaryImageOfPage":{"@id":"https:\/\/ecosupplements.ch\/?product=psyllium-husks-610mg-100-caps#primaryimage"},"image":{"@id":"https:\/\/ecosupplements.ch\/?product=psyllium-husks-610mg-100-caps#primaryimage"},"thumbnailUrl":"https:\/\/ecosupplements.ch\/wp-content\/uploads\/2026\/05\/Psyllium-Husks-610mg-100-caps.jpg","datePublished":"2026-05-11T14:39:54+00:00","dateModified":"2026-05-13T07:24:07+00:00","description":"Swanson Psyllium Husks mit 610 mg Flohsamenschalen pro Kapsel \u2013 100 Kapseln f\u00fcr eine normale Darmfunktion. Jetzt bestellen.","breadcrumb":{"@id":"https:\/\/ecosupplements.ch\/?product=psyllium-husks-610mg-100-caps#breadcrumb"},"inLanguage":"de-CH","potentialAction":[{"@type":"ReadAction","target":["https:\/\/ecosupplements.ch\/?product=psyllium-husks-610mg-100-caps"]}]},{"@type":"ImageObject","inLanguage":"de-CH","@id":"https:\/\/ecosupplements.ch\/?product=psyllium-husks-610mg-100-caps#primaryimage","url":"https:\/\/ecosupplements.ch\/wp-content\/uploads\/2026\/05\/Psyllium-Husks-610mg-100-caps.jpg","contentUrl":"https:\/\/ecosupplements.ch\/wp-content\/uploads\/2026\/05\/Psyllium-Husks-610mg-100-caps.jpg","width":800,"height":800,"caption":"Psyllium Husks"},{"@type":"BreadcrumbList","@id":"https:\/\/ecosupplements.ch\/?product=psyllium-husks-610mg-100-caps#breadcrumb","itemListElement":[{"@type":"ListItem","position":1,"name":"Home","item":"https:\/\/ecosupplements.ch\/"},{"@type":"ListItem","position":2,"name":"Shop","item":"https:\/\/ecosupplements.ch\/?page_id=14"},{"@type":"ListItem","position":3,"name":"Psyllium Husks, 610mg &#8211; 100 caps"}]},{"@type":"WebSite","@id":"https:\/\/ecosupplements.ch\/#website","url":"https:\/\/ecosupplements.ch\/","name":"Eco Supplements","description":"","potentialAction":[{"@type":"SearchAction","target":{"@type":"EntryPoint","urlTemplate":"https:\/\/ecosupplements.ch\/?s={search_term_string}"},"query-input":{"@type":"PropertyValueSpecification","valueRequired":true,"valueName":"search_term_string"}}],"inLanguage":"de-CH"}]},"product_price_amount":"7.91","product_price_currency":"CHF","og_availability":"out of stock","product_availability":"out of stock","product_retailer_item_id":"087614018027","product_condition":"new"},"_links":{"self":[{"href":"https:\/\/ecosupplements.ch\/index.php?rest_route=\/wp\/v2\/product\/2720","targetHints":{"allow":["GET"]}}],"collection":[{"href":"https:\/\/ecosupplements.ch\/index.php?rest_route=\/wp\/v2\/product"}],"about":[{"href":"https:\/\/ecosupplements.ch\/index.php?rest_route=\/wp\/v2\/types\/product"}],"replies":[{"embeddable":true,"href":"https:\/\/ecosupplements.ch\/index.php?rest_route=%2Fwp%2Fv2%2Fcomments&post=2720"}],"wp:featuredmedia":[{"embeddable":true,"href":"https:\/\/ecosupplements.ch\/index.php?rest_route=\/wp\/v2\/media\/2721"}],"wp:attachment":[{"href":"https:\/\/ecosupplements.ch\/index.php?rest_route=%2Fwp%2Fv2%2Fmedia&parent=2720"}],"wp:term":[{"taxonomy":"product_brand","embeddable":true,"href":"https:\/\/ecosupplements.ch\/index.php?rest_route=%2Fwp%2Fv2%2Fproduct_brand&post=2720"},{"taxonomy":"product_cat","embeddable":true,"href":"https:\/\/ecosupplements.ch\/index.php?rest_route=%2Fwp%2Fv2%2Fproduct_cat&post=2720"},{"taxonomy":"product_tag","embeddable":true,"href":"https:\/\/ecosupplements.ch\/index.php?rest_route=%2Fwp%2Fv2%2Fproduct_tag&post=2720"}],"curies":[{"name":"wp","href":"https:\/\/api.w.org\/{rel}","templated":true}]}}