{"id":2724,"date":"2026-05-11T14:39:55","date_gmt":"2026-05-11T14:39:55","guid":{"rendered":"https:\/\/ecosupplements.ch\/?product=red-clover-combination-100-caps"},"modified":"2026-05-13T07:24:07","modified_gmt":"2026-05-13T07:24:07","slug":"red-clover-combination-100-caps","status":"publish","type":"product","link":"https:\/\/ecosupplements.ch\/?product=red-clover-combination-100-caps","title":{"rendered":"Red Clover Combination &#8211; 100 caps"},"content":{"rendered":"<div class=\"chcg-product-description\">\n<h2 class=\"chcg-heading\">\u00dcber Swanson \u2013 Red Clover Combination \u2013 100 Kapseln<\/h2>\n<div class=\"chcg-intro\">\n<p>Die Red Clover Combination von Swanson ist eine sorgf\u00e4ltig zusammengestellte Kr\u00e4uterformel, die Rotkleebl\u00fcten (Trifolium pratense) als Hauptwirkstoff mit sechs weiteren traditionell verwendeten Pflanzenextrakten vereint. Mit 460 mg Rotkleebl\u00fcten pro Kapsel bildet diese Kombination eine konzentrierte pflanzliche Erg\u00e4nzung f\u00fcr Erwachsene, die ihren Alltag mit Kr\u00e4utern der Naturheilkunde unterst\u00fctzen m\u00f6chten.<\/p>\n<p>Erg\u00e4nzt wird die Formel durch bew\u00e4hrte Pflanzen wie L\u00f6wenzahnwurzel (Taraxacum officinale), Echinacea, S\u00fcssholzwurzel (Glycyrrhiza glabra), Gelbwurzeldock (Rumex crispus) sowie Stechwinden- und Sarsaparillawurzel \u2013 jede einzelne ein fester Bestandteil der traditionellen Kr\u00e4uterkunde.<\/p>\n<p>Mit 100 Kapseln pro Packung bietet dieses Produkt eine praktische und unkomplizierte M\u00f6glichkeit, eine Vielzahl bew\u00e4hrter Kr\u00e4uter in einer einzigen t\u00e4glichen Kapsel zu sich zu nehmen.<\/p>\n<\/p><\/div>\n<div class=\"chcg-nutrition\">\n<h3>N\u00e4hrwertangaben<\/h3>\n<table class=\"chcg-nutrition-table\">\n<thead>\n<tr>\n<th>N\u00e4hrstoff<\/th>\n<th>Pro Portion (1 Kapsel)<\/th>\n<\/tr>\n<\/thead>\n<tbody>\n<tr>\n<td>Rotkleebl\u00fcten (Trifolium pratense)<\/td>\n<td>460 mg *<\/td>\n<\/tr>\n<tr>\n<td>L\u00f6wenzahnwurzel (Taraxacum officinale)<\/td>\n<td>10 mg *<\/td>\n<\/tr>\n<tr>\n<td>Echinacea (oberirdische Pflanzenteile)<\/td>\n<td>10 mg *<\/td>\n<\/tr>\n<tr>\n<td>S\u00fcssholzwurzel (Glycyrrhiza glabra)<\/td>\n<td>10 mg *<\/td>\n<\/tr>\n<tr>\n<td>Stachelaschenbark (Zanthoxylum americanum)<\/td>\n<td>10 mg *<\/td>\n<\/tr>\n<tr>\n<td>Sarsaparillawurzel (Smilax aristolochiifolia)<\/td>\n<td>10 mg *<\/td>\n<\/tr>\n<tr>\n<td>Gelbdockwurzel (Rumex crispus)<\/td>\n<td>10 mg *<\/td>\n<\/tr>\n<\/tbody>\n<\/table>\n<p class=\"chcg-footnote\">* Kein etablierter Tagesreferenzwert vorhanden.<\/p>\n<\/p><\/div>\n<div class=\"chcg-ingredients\">\n<h3>Zutaten<\/h3>\n<p>Rotkleebl\u00fcten (Trifolium pratense) 460 mg, L\u00f6wenzahnwurzel (Taraxacum officinale) 10 mg, Echinacea (oberirdische Pflanzenteile) 10 mg, S\u00fcssholzwurzel (Glycyrrhiza glabra) 10 mg, Stachelaschenbark (Zanthoxylum americanum) 10 mg, Sarsaparillawurzel (Smilax aristolochiifolia) 10 mg, Gelbdockwurzel (Rumex crispus) 10 mg. Weitere Zutaten: Gelatine, Magnesiumstearat.<\/p>\n<p class=\"chcg-capsule-shell\">Kapselh\u00fclle: Gelatine<\/p>\n<\/p><\/div>\n<div class=\"chcg-dosage\">\n<h3>Verzehrempfehlung<\/h3>\n<p>Als Nahrungserg\u00e4nzungsmittel t\u00e4glich eine Kapsel zusammen mit einer Mahlzeit und ausreichend Wasser einnehmen.<\/p>\n<\/p><\/div>\n<div class=\"chcg-warnings\">\n<h3>Warnhinweise<\/h3>\n<p>Nur f\u00fcr Erwachsene. Nicht verwenden w\u00e4hrend der Schwangerschaft oder Stillzeit. Vor der Einnahme einen Arzt oder eine \u00c4rztin konsultieren, wenn eine Autoimmunerkrankung vorliegt. Dieses Produkt nicht einnehmen bei einem Verschluss des Darms oder der Galleng\u00e4nge. Vor der Einnahme einen Arzt oder eine \u00c4rztin konsultieren bei fr\u00fcheren Gallenblasenproblemen. Ausserhalb der Reichweite von Kindern aufbewahren. Nicht verwenden, wenn die Versiegelung besch\u00e4digt ist.<\/p>\n<\/p><\/div>\n<div class=\"chcg-allergens\">\n<h3>Allergeninformationen<\/h3>\n<p>Auf dem Etikett sind keine Allergene ausdr\u00fccklich deklariert. Das Produkt enth\u00e4lt Gelatine tierischen Ursprungs.<\/p>\n<\/p><\/div>\n<div class=\"chcg-storage\">\n<h3>Lagerung<\/h3>\n<p>An einem k\u00fchlen, trockenen Ort lagern.<\/p>\n<\/p><\/div>\n<\/div>\n","protected":false},"excerpt":{"rendered":"<p>Red Clover Combination von Swanson vereint Rotkleebl\u00fcten mit sechs weiteren traditionellen Kr\u00e4utern in einer praktischen Kapsel. Die Packung enth\u00e4lt 100 Kapseln f\u00fcr eine t\u00e4gliche Einnahme. Ideal f\u00fcr Erwachsene, die eine vielseitige Kr\u00e4uterformel suchen.<\/p>\n","protected":false},"featured_media":2725,"comment_status":"closed","ping_status":"open","template":"","meta":[],"product_brand":[16],"product_cat":[48,25,44,21],"product_tag":[],"class_list":{"0":"post-2724","1":"product","2":"type-product","3":"status-publish","4":"has-post-thumbnail","6":"product_brand-swanson","7":"product_cat-gesunde-ernaehrung","8":"product_cat-gesundheit-und-wohlbefinden","9":"product_cat-pflanzliche-nahrungsergaenzungsmittel","10":"product_cat-vitamine-und-mineralstoffe","12":"first","13":"outofstock","14":"taxable","15":"shipping-taxable","16":"purchasable","17":"product-type-simple"},"yoast_head":"<!-- This site is optimized with the Yoast SEO plugin v27.5 - https:\/\/yoast.com\/product\/yoast-seo-wordpress\/ -->\n<title>Red Clover Combination 100 Kapseln \u2013 Swanson | ecosupplements.ch<\/title>\n<meta name=\"description\" content=\"Swanson Red Clover Combination \u2013 100 Kapseln mit Rotklee und 6 traditionellen Kr\u00e4utern pro Tagesdosis. Jetzt bestellen.\" \/>\n<meta name=\"robots\" content=\"index, follow, max-snippet:-1, max-image-preview:large, max-video-preview:-1\" \/>\n<link rel=\"canonical\" href=\"https:\/\/ecosupplements.ch\/?product=red-clover-combination-100-caps\" \/>\n<meta property=\"og:locale\" content=\"de_DE\" \/>\n<meta property=\"og:type\" content=\"article\" \/>\n<meta property=\"og:title\" content=\"Red Clover Combination 100 Kapseln \u2013 Swanson | ecosupplements.ch\" \/>\n<meta property=\"og:description\" content=\"Swanson Red Clover Combination \u2013 100 Kapseln mit Rotklee und 6 traditionellen Kr\u00e4utern pro Tagesdosis. Jetzt bestellen.\" \/>\n<meta property=\"og:url\" content=\"https:\/\/ecosupplements.ch\/?product=red-clover-combination-100-caps\" \/>\n<meta property=\"og:site_name\" content=\"Eco Supplements\" \/>\n<meta property=\"article:modified_time\" content=\"2026-05-13T07:24:07+00:00\" \/>\n<meta property=\"og:image\" content=\"https:\/\/ecosupplements.ch\/wp-content\/uploads\/2026\/05\/Red-Clover-Combination-100-caps.jpg\" \/>\n\t<meta property=\"og:image:width\" content=\"650\" \/>\n\t<meta property=\"og:image:height\" content=\"650\" \/>\n\t<meta property=\"og:image:type\" content=\"image\/jpeg\" \/>\n<meta name=\"twitter:card\" content=\"summary_large_image\" \/>\n<meta name=\"twitter:label1\" content=\"Price\" \/>\n\t<meta name=\"twitter:data1\" content=\"&#067;&#072;&#070;&nbsp;13.04\" \/>\n\t<meta name=\"twitter:label2\" content=\"Availability\" \/>\n\t<meta name=\"twitter:data2\" content=\"Out of stock\" \/>\n<script type=\"application\/ld+json\" class=\"yoast-schema-graph\">{\"@context\":\"https:\\\/\\\/schema.org\",\"@graph\":[{\"@type\":\"WebPage\",\"@id\":\"https:\\\/\\\/ecosupplements.ch\\\/?product=red-clover-combination-100-caps\",\"url\":\"https:\\\/\\\/ecosupplements.ch\\\/?product=red-clover-combination-100-caps\",\"name\":\"Red Clover Combination 100 Kapseln \u2013 Swanson | ecosupplements.ch\",\"isPartOf\":{\"@id\":\"https:\\\/\\\/ecosupplements.ch\\\/#website\"},\"primaryImageOfPage\":{\"@id\":\"https:\\\/\\\/ecosupplements.ch\\\/?product=red-clover-combination-100-caps#primaryimage\"},\"image\":{\"@id\":\"https:\\\/\\\/ecosupplements.ch\\\/?product=red-clover-combination-100-caps#primaryimage\"},\"thumbnailUrl\":\"https:\\\/\\\/ecosupplements.ch\\\/wp-content\\\/uploads\\\/2026\\\/05\\\/Red-Clover-Combination-100-caps.jpg\",\"datePublished\":\"2026-05-11T14:39:55+00:00\",\"dateModified\":\"2026-05-13T07:24:07+00:00\",\"description\":\"Swanson Red Clover Combination \u2013 100 Kapseln mit Rotklee und 6 traditionellen Kr\u00e4utern pro Tagesdosis. Jetzt bestellen.\",\"breadcrumb\":{\"@id\":\"https:\\\/\\\/ecosupplements.ch\\\/?product=red-clover-combination-100-caps#breadcrumb\"},\"inLanguage\":\"de-CH\",\"potentialAction\":[{\"@type\":\"ReadAction\",\"target\":[\"https:\\\/\\\/ecosupplements.ch\\\/?product=red-clover-combination-100-caps\"]}]},{\"@type\":\"ImageObject\",\"inLanguage\":\"de-CH\",\"@id\":\"https:\\\/\\\/ecosupplements.ch\\\/?product=red-clover-combination-100-caps#primaryimage\",\"url\":\"https:\\\/\\\/ecosupplements.ch\\\/wp-content\\\/uploads\\\/2026\\\/05\\\/Red-Clover-Combination-100-caps.jpg\",\"contentUrl\":\"https:\\\/\\\/ecosupplements.ch\\\/wp-content\\\/uploads\\\/2026\\\/05\\\/Red-Clover-Combination-100-caps.jpg\",\"width\":650,\"height\":650,\"caption\":\"Red Clover Combination - 100 caps\"},{\"@type\":\"BreadcrumbList\",\"@id\":\"https:\\\/\\\/ecosupplements.ch\\\/?product=red-clover-combination-100-caps#breadcrumb\",\"itemListElement\":[{\"@type\":\"ListItem\",\"position\":1,\"name\":\"Home\",\"item\":\"https:\\\/\\\/ecosupplements.ch\\\/\"},{\"@type\":\"ListItem\",\"position\":2,\"name\":\"Shop\",\"item\":\"https:\\\/\\\/ecosupplements.ch\\\/?page_id=14\"},{\"@type\":\"ListItem\",\"position\":3,\"name\":\"Red Clover Combination &#8211; 100 caps\"}]},{\"@type\":\"WebSite\",\"@id\":\"https:\\\/\\\/ecosupplements.ch\\\/#website\",\"url\":\"https:\\\/\\\/ecosupplements.ch\\\/\",\"name\":\"Eco Supplements\",\"description\":\"\",\"potentialAction\":[{\"@type\":\"SearchAction\",\"target\":{\"@type\":\"EntryPoint\",\"urlTemplate\":\"https:\\\/\\\/ecosupplements.ch\\\/?s={search_term_string}\"},\"query-input\":{\"@type\":\"PropertyValueSpecification\",\"valueRequired\":true,\"valueName\":\"search_term_string\"}}],\"inLanguage\":\"de-CH\"}]}<\/script>\n<meta property=\"product:price:amount\" content=\"13.04\" \/>\n<meta property=\"product:price:currency\" content=\"CHF\" \/>\n<meta property=\"og:availability\" content=\"out of stock\" \/>\n<meta property=\"product:availability\" content=\"out of stock\" \/>\n<meta property=\"product:retailer_item_id\" content=\"087614014227\" \/>\n<meta property=\"product:condition\" content=\"new\" \/>\n<!-- \/ Yoast SEO plugin. -->","yoast_head_json":{"title":"Red Clover Combination 100 Kapseln \u2013 Swanson | ecosupplements.ch","description":"Swanson Red Clover Combination \u2013 100 Kapseln mit Rotklee und 6 traditionellen Kr\u00e4utern pro Tagesdosis. Jetzt bestellen.","robots":{"index":"index","follow":"follow","max-snippet":"max-snippet:-1","max-image-preview":"max-image-preview:large","max-video-preview":"max-video-preview:-1"},"canonical":"https:\/\/ecosupplements.ch\/?product=red-clover-combination-100-caps","og_locale":"de_DE","og_type":"article","og_title":"Red Clover Combination 100 Kapseln \u2013 Swanson | ecosupplements.ch","og_description":"Swanson Red Clover Combination \u2013 100 Kapseln mit Rotklee und 6 traditionellen Kr\u00e4utern pro Tagesdosis. Jetzt bestellen.","og_url":"https:\/\/ecosupplements.ch\/?product=red-clover-combination-100-caps","og_site_name":"Eco Supplements","article_modified_time":"2026-05-13T07:24:07+00:00","og_image":[{"width":650,"height":650,"url":"https:\/\/ecosupplements.ch\/wp-content\/uploads\/2026\/05\/Red-Clover-Combination-100-caps.jpg","type":"image\/jpeg"}],"twitter_card":"summary_large_image","twitter_misc":{"Price":"&#67;&#72;&#70;&nbsp;13.04","Availability":"Out of stock"},"schema":{"@context":"https:\/\/schema.org","@graph":[{"@type":"WebPage","@id":"https:\/\/ecosupplements.ch\/?product=red-clover-combination-100-caps","url":"https:\/\/ecosupplements.ch\/?product=red-clover-combination-100-caps","name":"Red Clover Combination 100 Kapseln \u2013 Swanson | ecosupplements.ch","isPartOf":{"@id":"https:\/\/ecosupplements.ch\/#website"},"primaryImageOfPage":{"@id":"https:\/\/ecosupplements.ch\/?product=red-clover-combination-100-caps#primaryimage"},"image":{"@id":"https:\/\/ecosupplements.ch\/?product=red-clover-combination-100-caps#primaryimage"},"thumbnailUrl":"https:\/\/ecosupplements.ch\/wp-content\/uploads\/2026\/05\/Red-Clover-Combination-100-caps.jpg","datePublished":"2026-05-11T14:39:55+00:00","dateModified":"2026-05-13T07:24:07+00:00","description":"Swanson Red Clover Combination \u2013 100 Kapseln mit Rotklee und 6 traditionellen Kr\u00e4utern pro Tagesdosis. Jetzt bestellen.","breadcrumb":{"@id":"https:\/\/ecosupplements.ch\/?product=red-clover-combination-100-caps#breadcrumb"},"inLanguage":"de-CH","potentialAction":[{"@type":"ReadAction","target":["https:\/\/ecosupplements.ch\/?product=red-clover-combination-100-caps"]}]},{"@type":"ImageObject","inLanguage":"de-CH","@id":"https:\/\/ecosupplements.ch\/?product=red-clover-combination-100-caps#primaryimage","url":"https:\/\/ecosupplements.ch\/wp-content\/uploads\/2026\/05\/Red-Clover-Combination-100-caps.jpg","contentUrl":"https:\/\/ecosupplements.ch\/wp-content\/uploads\/2026\/05\/Red-Clover-Combination-100-caps.jpg","width":650,"height":650,"caption":"Red Clover Combination - 100 caps"},{"@type":"BreadcrumbList","@id":"https:\/\/ecosupplements.ch\/?product=red-clover-combination-100-caps#breadcrumb","itemListElement":[{"@type":"ListItem","position":1,"name":"Home","item":"https:\/\/ecosupplements.ch\/"},{"@type":"ListItem","position":2,"name":"Shop","item":"https:\/\/ecosupplements.ch\/?page_id=14"},{"@type":"ListItem","position":3,"name":"Red Clover Combination &#8211; 100 caps"}]},{"@type":"WebSite","@id":"https:\/\/ecosupplements.ch\/#website","url":"https:\/\/ecosupplements.ch\/","name":"Eco Supplements","description":"","potentialAction":[{"@type":"SearchAction","target":{"@type":"EntryPoint","urlTemplate":"https:\/\/ecosupplements.ch\/?s={search_term_string}"},"query-input":{"@type":"PropertyValueSpecification","valueRequired":true,"valueName":"search_term_string"}}],"inLanguage":"de-CH"}]},"product_price_amount":"13.04","product_price_currency":"CHF","og_availability":"out of stock","product_availability":"out of stock","product_retailer_item_id":"087614014227","product_condition":"new"},"_links":{"self":[{"href":"https:\/\/ecosupplements.ch\/index.php?rest_route=\/wp\/v2\/product\/2724","targetHints":{"allow":["GET"]}}],"collection":[{"href":"https:\/\/ecosupplements.ch\/index.php?rest_route=\/wp\/v2\/product"}],"about":[{"href":"https:\/\/ecosupplements.ch\/index.php?rest_route=\/wp\/v2\/types\/product"}],"replies":[{"embeddable":true,"href":"https:\/\/ecosupplements.ch\/index.php?rest_route=%2Fwp%2Fv2%2Fcomments&post=2724"}],"wp:featuredmedia":[{"embeddable":true,"href":"https:\/\/ecosupplements.ch\/index.php?rest_route=\/wp\/v2\/media\/2725"}],"wp:attachment":[{"href":"https:\/\/ecosupplements.ch\/index.php?rest_route=%2Fwp%2Fv2%2Fmedia&parent=2724"}],"wp:term":[{"taxonomy":"product_brand","embeddable":true,"href":"https:\/\/ecosupplements.ch\/index.php?rest_route=%2Fwp%2Fv2%2Fproduct_brand&post=2724"},{"taxonomy":"product_cat","embeddable":true,"href":"https:\/\/ecosupplements.ch\/index.php?rest_route=%2Fwp%2Fv2%2Fproduct_cat&post=2724"},{"taxonomy":"product_tag","embeddable":true,"href":"https:\/\/ecosupplements.ch\/index.php?rest_route=%2Fwp%2Fv2%2Fproduct_tag&post=2724"}],"curies":[{"name":"wp","href":"https:\/\/api.w.org\/{rel}","templated":true}]}}