{"id":2735,"date":"2026-05-11T14:39:59","date_gmt":"2026-05-11T14:39:59","guid":{"rendered":"https:\/\/ecosupplements.ch\/?product=selenium-complex-200mcg-90-caps"},"modified":"2026-05-13T07:24:09","modified_gmt":"2026-05-13T07:24:09","slug":"selenium-complex-200mcg-90-caps","status":"publish","type":"product","link":"https:\/\/ecosupplements.ch\/?product=selenium-complex-200mcg-90-caps","title":{"rendered":"Selenium Complex, 200mcg &#8211; 90 caps"},"content":{"rendered":"<div class=\"chcg-product-description\">\n<h2 class=\"chcg-heading\">\u00dcber Swanson \u2013 Selenium Complex, 200mcg \u2013 90 Kapseln<\/h2>\n<div class=\"chcg-intro\">\n<p>Selen ist ein essenzielles Spurenelement, das eine wichtige Rolle f\u00fcr den normalen Ablauf verschiedener K\u00f6rperfunktionen spielt. Swanson Selenium Complex liefert 200 \u00b5g Selen pro Kapsel in Form des Albion Selenium Glycinate Complex \u2013 einer Chelat-Verbindung, bei der Selen an Glycin gebunden ist, was eine gute Vertr\u00e4glichkeit unterst\u00fctzt.<\/p>\n<p>Selen tr\u00e4gt zur normalen Funktion des Immunsystems sowie zur normalen Schilddr\u00fcsenfunktion bei. Zudem unterst\u00fctzt Selen den Schutz der Zellen vor oxidativem Stress und tr\u00e4gt zur normalen Erhaltung der Haare und N\u00e4gel bei.<\/p>\n<p>Mit 90 Kapseln pro Packung bietet dieses Pr\u00e4parat einen dreimonatigen Vorrat bei t\u00e4glicher Einnahme. Die kompakte Kapselform macht die t\u00e4gliche Einnahme einfach und unkompliziert.<\/p>\n<\/p><\/div>\n<div class=\"chcg-nutrition\">\n<h3>N\u00e4hrwertangaben<\/h3>\n<table class=\"chcg-nutrition-table\">\n<thead>\n<tr>\n<th>N\u00e4hrstoff<\/th>\n<th>Pro Portion (1 Kapsel)<\/th>\n<\/tr>\n<\/thead>\n<tbody>\n<tr>\n<td>Selen (aus Albion Selenium Glycinate Complex)<\/td>\n<td>200 \u00b5g (364% NRV)<\/td>\n<\/tr>\n<\/tbody>\n<\/table><\/div>\n<div class=\"chcg-ingredients\">\n<h3>Zutaten<\/h3>\n<p>Selen (aus Albion Selenium Glycinate Complex) 200 \u00b5g. Weitere Zutaten: Reismehl, Gelatine, Maltodextrin, mikrokristalline Cellulose (Pflanzenfaser).<\/p>\n<p class=\"chcg-capsule-shell\">Kapselh\u00fclle: Gelatine<\/p>\n<\/p><\/div>\n<div class=\"chcg-dosage\">\n<h3>Verzehrempfehlung<\/h3>\n<p>Als Nahrungserg\u00e4nzungsmittel eine Kapsel pro Tag zusammen mit einer Mahlzeit und ausreichend Wasser einnehmen.<\/p>\n<\/p><\/div>\n<div class=\"chcg-warnings\">\n<h3>Warnhinweise<\/h3>\n<p>Nur f\u00fcr Erwachsene. Konsultieren Sie vor der Einnahme dieses oder eines anderen Produkts Ihren Arzt, wenn Sie schwanger sind oder stillen, Medikamente einnehmen oder an einer Erkrankung leiden. Ausserhalb der Reichweite von Kindern aufbewahren. Nicht verwenden, wenn die Versiegelung besch\u00e4digt ist.<\/p>\n<\/p><\/div>\n<div class=\"chcg-allergens\">\n<h3>Allergeninformationen<\/h3>\n<p>Auf der Produktverpackung sind keine Allergeninformationen ausgewiesen.<\/p>\n<\/p><\/div>\n<div class=\"chcg-storage\">\n<h3>Lagerung<\/h3>\n<p>An einem k\u00fchlen, trockenen Ort lagern.<\/p>\n<\/p><\/div>\n<div class=\"chcg-dietary\">\n<h3>Ern\u00e4hrungshinweise<\/h3>\n<ul>\n<li>Nicht vegan (Kapselh\u00fclle aus Gelatine)<\/li>\n<li>Nicht vegetarisch (Kapselh\u00fclle aus Gelatine)<\/li>\n<\/ul><\/div>\n<\/div>\n","protected":false},"excerpt":{"rendered":"<p>Swanson Selenium Complex liefert 200 \u00b5g Selen pro Kapsel aus dem hochwertigen Albion Selenium Glycinate Complex. Das Spurenelement unterst\u00fctzt die normale Immunfunktion, die Schilddr\u00fcse sowie den Schutz der Zellen vor oxidativem Stress. 90 Kapseln pro Packung.<\/p>\n","protected":false},"featured_media":2736,"comment_status":"closed","ping_status":"open","template":"","meta":[],"product_brand":[16],"product_cat":[23,48,111,171,21],"product_tag":[],"class_list":{"0":"post-2735","1":"product","2":"type-product","3":"status-publish","4":"has-post-thumbnail","6":"product_brand-swanson","7":"product_cat-einige-mineralien","8":"product_cat-gesunde-ernaehrung","9":"product_cat-selen","10":"product_cat-vitamine-und-mineralien","11":"product_cat-vitamine-und-mineralstoffe","13":"first","14":"outofstock","15":"taxable","16":"shipping-taxable","17":"purchasable","18":"product-type-simple"},"yoast_head":"<!-- This site is optimized with the Yoast SEO plugin v27.5 - https:\/\/yoast.com\/product\/yoast-seo-wordpress\/ -->\n<title>Selenium Complex 200mcg \u2013 Swanson | ecosupplements.ch<\/title>\n<meta name=\"description\" content=\"Swanson Selenium Complex mit 200 \u00b5g Selen pro Kapsel unterst\u00fctzt Immunsystem, Schilddr\u00fcse und Zellschutz. 90 Kapseln pro Packung. Jetzt bestellen.\" \/>\n<meta name=\"robots\" content=\"index, follow, max-snippet:-1, max-image-preview:large, max-video-preview:-1\" \/>\n<link rel=\"canonical\" href=\"https:\/\/ecosupplements.ch\/?product=selenium-complex-200mcg-90-caps\" \/>\n<meta property=\"og:locale\" content=\"de_DE\" \/>\n<meta property=\"og:type\" content=\"article\" \/>\n<meta property=\"og:title\" content=\"Selenium Complex 200mcg \u2013 Swanson | ecosupplements.ch\" \/>\n<meta property=\"og:description\" content=\"Swanson Selenium Complex mit 200 \u00b5g Selen pro Kapsel unterst\u00fctzt Immunsystem, Schilddr\u00fcse und Zellschutz. 90 Kapseln pro Packung. Jetzt bestellen.\" \/>\n<meta property=\"og:url\" content=\"https:\/\/ecosupplements.ch\/?product=selenium-complex-200mcg-90-caps\" \/>\n<meta property=\"og:site_name\" content=\"Eco Supplements\" \/>\n<meta property=\"article:modified_time\" content=\"2026-05-13T07:24:09+00:00\" \/>\n<meta property=\"og:image\" content=\"https:\/\/ecosupplements.ch\/wp-content\/uploads\/2026\/05\/Selenium-Complex-200mcg-90-caps.jpg\" \/>\n\t<meta property=\"og:image:width\" content=\"650\" \/>\n\t<meta property=\"og:image:height\" content=\"650\" \/>\n\t<meta property=\"og:image:type\" content=\"image\/jpeg\" \/>\n<meta name=\"twitter:card\" content=\"summary_large_image\" \/>\n<meta name=\"twitter:label1\" content=\"Price\" \/>\n\t<meta name=\"twitter:data1\" content=\"&#067;&#072;&#070;&nbsp;4.93\" \/>\n\t<meta name=\"twitter:label2\" content=\"Availability\" \/>\n\t<meta name=\"twitter:data2\" content=\"Out of stock\" \/>\n<script type=\"application\/ld+json\" class=\"yoast-schema-graph\">{\"@context\":\"https:\\\/\\\/schema.org\",\"@graph\":[{\"@type\":\"WebPage\",\"@id\":\"https:\\\/\\\/ecosupplements.ch\\\/?product=selenium-complex-200mcg-90-caps\",\"url\":\"https:\\\/\\\/ecosupplements.ch\\\/?product=selenium-complex-200mcg-90-caps\",\"name\":\"Selenium Complex 200mcg \u2013 Swanson | ecosupplements.ch\",\"isPartOf\":{\"@id\":\"https:\\\/\\\/ecosupplements.ch\\\/#website\"},\"primaryImageOfPage\":{\"@id\":\"https:\\\/\\\/ecosupplements.ch\\\/?product=selenium-complex-200mcg-90-caps#primaryimage\"},\"image\":{\"@id\":\"https:\\\/\\\/ecosupplements.ch\\\/?product=selenium-complex-200mcg-90-caps#primaryimage\"},\"thumbnailUrl\":\"https:\\\/\\\/ecosupplements.ch\\\/wp-content\\\/uploads\\\/2026\\\/05\\\/Selenium-Complex-200mcg-90-caps.jpg\",\"datePublished\":\"2026-05-11T14:39:59+00:00\",\"dateModified\":\"2026-05-13T07:24:09+00:00\",\"description\":\"Swanson Selenium Complex mit 200 \u00b5g Selen pro Kapsel unterst\u00fctzt Immunsystem, Schilddr\u00fcse und Zellschutz. 90 Kapseln pro Packung. Jetzt bestellen.\",\"breadcrumb\":{\"@id\":\"https:\\\/\\\/ecosupplements.ch\\\/?product=selenium-complex-200mcg-90-caps#breadcrumb\"},\"inLanguage\":\"de-CH\",\"potentialAction\":[{\"@type\":\"ReadAction\",\"target\":[\"https:\\\/\\\/ecosupplements.ch\\\/?product=selenium-complex-200mcg-90-caps\"]}]},{\"@type\":\"ImageObject\",\"inLanguage\":\"de-CH\",\"@id\":\"https:\\\/\\\/ecosupplements.ch\\\/?product=selenium-complex-200mcg-90-caps#primaryimage\",\"url\":\"https:\\\/\\\/ecosupplements.ch\\\/wp-content\\\/uploads\\\/2026\\\/05\\\/Selenium-Complex-200mcg-90-caps.jpg\",\"contentUrl\":\"https:\\\/\\\/ecosupplements.ch\\\/wp-content\\\/uploads\\\/2026\\\/05\\\/Selenium-Complex-200mcg-90-caps.jpg\",\"width\":650,\"height\":650,\"caption\":\"Selenium Complex\"},{\"@type\":\"BreadcrumbList\",\"@id\":\"https:\\\/\\\/ecosupplements.ch\\\/?product=selenium-complex-200mcg-90-caps#breadcrumb\",\"itemListElement\":[{\"@type\":\"ListItem\",\"position\":1,\"name\":\"Home\",\"item\":\"https:\\\/\\\/ecosupplements.ch\\\/\"},{\"@type\":\"ListItem\",\"position\":2,\"name\":\"Shop\",\"item\":\"https:\\\/\\\/ecosupplements.ch\\\/?page_id=14\"},{\"@type\":\"ListItem\",\"position\":3,\"name\":\"Selenium Complex, 200mcg &#8211; 90 caps\"}]},{\"@type\":\"WebSite\",\"@id\":\"https:\\\/\\\/ecosupplements.ch\\\/#website\",\"url\":\"https:\\\/\\\/ecosupplements.ch\\\/\",\"name\":\"Eco Supplements\",\"description\":\"\",\"potentialAction\":[{\"@type\":\"SearchAction\",\"target\":{\"@type\":\"EntryPoint\",\"urlTemplate\":\"https:\\\/\\\/ecosupplements.ch\\\/?s={search_term_string}\"},\"query-input\":{\"@type\":\"PropertyValueSpecification\",\"valueRequired\":true,\"valueName\":\"search_term_string\"}}],\"inLanguage\":\"de-CH\"}]}<\/script>\n<meta property=\"product:price:amount\" content=\"4.93\" \/>\n<meta property=\"product:price:currency\" content=\"CHF\" \/>\n<meta property=\"og:availability\" content=\"out of stock\" \/>\n<meta property=\"product:availability\" content=\"out of stock\" \/>\n<meta property=\"product:retailer_item_id\" content=\"087614020679\" \/>\n<meta property=\"product:condition\" content=\"new\" \/>\n<!-- \/ Yoast SEO plugin. -->","yoast_head_json":{"title":"Selenium Complex 200mcg \u2013 Swanson | ecosupplements.ch","description":"Swanson Selenium Complex mit 200 \u00b5g Selen pro Kapsel unterst\u00fctzt Immunsystem, Schilddr\u00fcse und Zellschutz. 90 Kapseln pro Packung. Jetzt bestellen.","robots":{"index":"index","follow":"follow","max-snippet":"max-snippet:-1","max-image-preview":"max-image-preview:large","max-video-preview":"max-video-preview:-1"},"canonical":"https:\/\/ecosupplements.ch\/?product=selenium-complex-200mcg-90-caps","og_locale":"de_DE","og_type":"article","og_title":"Selenium Complex 200mcg \u2013 Swanson | ecosupplements.ch","og_description":"Swanson Selenium Complex mit 200 \u00b5g Selen pro Kapsel unterst\u00fctzt Immunsystem, Schilddr\u00fcse und Zellschutz. 90 Kapseln pro Packung. Jetzt bestellen.","og_url":"https:\/\/ecosupplements.ch\/?product=selenium-complex-200mcg-90-caps","og_site_name":"Eco Supplements","article_modified_time":"2026-05-13T07:24:09+00:00","og_image":[{"width":650,"height":650,"url":"https:\/\/ecosupplements.ch\/wp-content\/uploads\/2026\/05\/Selenium-Complex-200mcg-90-caps.jpg","type":"image\/jpeg"}],"twitter_card":"summary_large_image","twitter_misc":{"Price":"&#67;&#72;&#70;&nbsp;4.93","Availability":"Out of stock"},"schema":{"@context":"https:\/\/schema.org","@graph":[{"@type":"WebPage","@id":"https:\/\/ecosupplements.ch\/?product=selenium-complex-200mcg-90-caps","url":"https:\/\/ecosupplements.ch\/?product=selenium-complex-200mcg-90-caps","name":"Selenium Complex 200mcg \u2013 Swanson | ecosupplements.ch","isPartOf":{"@id":"https:\/\/ecosupplements.ch\/#website"},"primaryImageOfPage":{"@id":"https:\/\/ecosupplements.ch\/?product=selenium-complex-200mcg-90-caps#primaryimage"},"image":{"@id":"https:\/\/ecosupplements.ch\/?product=selenium-complex-200mcg-90-caps#primaryimage"},"thumbnailUrl":"https:\/\/ecosupplements.ch\/wp-content\/uploads\/2026\/05\/Selenium-Complex-200mcg-90-caps.jpg","datePublished":"2026-05-11T14:39:59+00:00","dateModified":"2026-05-13T07:24:09+00:00","description":"Swanson Selenium Complex mit 200 \u00b5g Selen pro Kapsel unterst\u00fctzt Immunsystem, Schilddr\u00fcse und Zellschutz. 90 Kapseln pro Packung. Jetzt bestellen.","breadcrumb":{"@id":"https:\/\/ecosupplements.ch\/?product=selenium-complex-200mcg-90-caps#breadcrumb"},"inLanguage":"de-CH","potentialAction":[{"@type":"ReadAction","target":["https:\/\/ecosupplements.ch\/?product=selenium-complex-200mcg-90-caps"]}]},{"@type":"ImageObject","inLanguage":"de-CH","@id":"https:\/\/ecosupplements.ch\/?product=selenium-complex-200mcg-90-caps#primaryimage","url":"https:\/\/ecosupplements.ch\/wp-content\/uploads\/2026\/05\/Selenium-Complex-200mcg-90-caps.jpg","contentUrl":"https:\/\/ecosupplements.ch\/wp-content\/uploads\/2026\/05\/Selenium-Complex-200mcg-90-caps.jpg","width":650,"height":650,"caption":"Selenium Complex"},{"@type":"BreadcrumbList","@id":"https:\/\/ecosupplements.ch\/?product=selenium-complex-200mcg-90-caps#breadcrumb","itemListElement":[{"@type":"ListItem","position":1,"name":"Home","item":"https:\/\/ecosupplements.ch\/"},{"@type":"ListItem","position":2,"name":"Shop","item":"https:\/\/ecosupplements.ch\/?page_id=14"},{"@type":"ListItem","position":3,"name":"Selenium Complex, 200mcg &#8211; 90 caps"}]},{"@type":"WebSite","@id":"https:\/\/ecosupplements.ch\/#website","url":"https:\/\/ecosupplements.ch\/","name":"Eco Supplements","description":"","potentialAction":[{"@type":"SearchAction","target":{"@type":"EntryPoint","urlTemplate":"https:\/\/ecosupplements.ch\/?s={search_term_string}"},"query-input":{"@type":"PropertyValueSpecification","valueRequired":true,"valueName":"search_term_string"}}],"inLanguage":"de-CH"}]},"product_price_amount":"4.93","product_price_currency":"CHF","og_availability":"out of stock","product_availability":"out of stock","product_retailer_item_id":"087614020679","product_condition":"new"},"_links":{"self":[{"href":"https:\/\/ecosupplements.ch\/index.php?rest_route=\/wp\/v2\/product\/2735","targetHints":{"allow":["GET"]}}],"collection":[{"href":"https:\/\/ecosupplements.ch\/index.php?rest_route=\/wp\/v2\/product"}],"about":[{"href":"https:\/\/ecosupplements.ch\/index.php?rest_route=\/wp\/v2\/types\/product"}],"replies":[{"embeddable":true,"href":"https:\/\/ecosupplements.ch\/index.php?rest_route=%2Fwp%2Fv2%2Fcomments&post=2735"}],"wp:featuredmedia":[{"embeddable":true,"href":"https:\/\/ecosupplements.ch\/index.php?rest_route=\/wp\/v2\/media\/2736"}],"wp:attachment":[{"href":"https:\/\/ecosupplements.ch\/index.php?rest_route=%2Fwp%2Fv2%2Fmedia&parent=2735"}],"wp:term":[{"taxonomy":"product_brand","embeddable":true,"href":"https:\/\/ecosupplements.ch\/index.php?rest_route=%2Fwp%2Fv2%2Fproduct_brand&post=2735"},{"taxonomy":"product_cat","embeddable":true,"href":"https:\/\/ecosupplements.ch\/index.php?rest_route=%2Fwp%2Fv2%2Fproduct_cat&post=2735"},{"taxonomy":"product_tag","embeddable":true,"href":"https:\/\/ecosupplements.ch\/index.php?rest_route=%2Fwp%2Fv2%2Fproduct_tag&post=2735"}],"curies":[{"name":"wp","href":"https:\/\/api.w.org\/{rel}","templated":true}]}}