{"id":2773,"date":"2026-05-11T14:40:15","date_gmt":"2026-05-11T14:40:15","guid":{"rendered":"https:\/\/ecosupplements.ch\/?product=vitamin-b-12-methylcobalamin-5000mcg-high-absorption-60-tabs"},"modified":"2026-05-13T07:24:14","modified_gmt":"2026-05-13T07:24:14","slug":"vitamin-b-12-methylcobalamin-5000mcg-high-absorption-60-tabs","status":"publish","type":"product","link":"https:\/\/ecosupplements.ch\/?product=vitamin-b-12-methylcobalamin-5000mcg-high-absorption-60-tabs","title":{"rendered":"Vitamin B-12 Methylcobalamin, 5000mcg High Absorption &#8211; 60 tabs"},"content":{"rendered":"<div class=\"chcg-product-description\">\n<h2 class=\"chcg-heading\">\u00dcber Swanson \u2013 Vitamin B-12 Methylcobalamin, 5000mcg Hochdosiert \u2013 60 Tabletten<\/h2>\n<div class=\"chcg-intro\">\n<p>Vitamin B-12 ist ein essenzielles Vitamin, das eine wichtige Rolle im Energiestoffwechsel sowie in der normalen Funktion des Nervensystems spielt. Swanson setzt auf Methylcobalamin \u2013 die bioaktive, k\u00f6rpereigene Form von Vitamin B-12, die vom Organismus direkt verwertet werden kann. Mit einer Dosierung von 5000 \u00b5g pro Kautablette richtet sich dieses Produkt an Personen, die eine gezielte und hochdosierte Versorgung mit Vitamin B-12 anstreben.<\/p>\n<p>Die praktischen Kautabletten mit nat\u00fcrlichem Erdbeergeschmack zergehen direkt im Mund und erm\u00f6glichen so eine angenehme Einnahme \u2013 ganz ohne Wasser. Ges\u00fcsst mit Xylitol und Stevia, sind sie zudem frei von Zuckerzusatz und eignen sich f\u00fcr Menschen, die auf ihren Zuckerkonsum achten.<\/p>\n<p>Vitamin B-12 tr\u00e4gt zur Verringerung von M\u00fcdigkeit und Ersch\u00f6pfung bei, unterst\u00fctzt die normale psychische Funktion und ist an der Bildung roter Blutk\u00f6rperchen beteiligt. Diese Aussagen sind durch EFSA-anerkannte N\u00e4hrwertfunktionen belegt.<\/p>\n<\/p><\/div>\n<div class=\"chcg-nutrition\">\n<h3>N\u00e4hrwertangaben<\/h3>\n<table class=\"chcg-nutrition-table\">\n<thead>\n<tr>\n<th>N\u00e4hrstoff<\/th>\n<th>Pro Portion (1 Tablette)<\/th>\n<\/tr>\n<\/thead>\n<tbody>\n<tr>\n<td>Vitamin B-12 (Methylcobalamin)<\/td>\n<td>5000 \u00b5g (2000000% NRW*)<\/td>\n<\/tr>\n<\/tbody>\n<\/table>\n<p class=\"chcg-footnote\">* Prozentsatz des N\u00e4hrstoffreferenzwerts (NRW) gem\u00e4ss europ\u00e4ischer Referenz (2000% NRW entspricht 5000 \u00b5g bei einem NRW von 2,5 \u00b5g).<\/p>\n<\/p><\/div>\n<div class=\"chcg-ingredients\">\n<h3>Zutaten<\/h3>\n<p>Vitamin B-12 (Methylcobalamin), Xylitol, mikrokristalline Cellulose (Pflanzenfaser), Croscarmellose-Natrium, nat\u00fcrliches Erdbeeraroma, Hydroxypropylmethylcellulose, Calciumpalmitat, Siliziumdioxid, Rote-Bete-Saftfarbe, Zitronens\u00e4ure, Stevia-Blattextrakt (<em>Stevia rebaudiana<\/em>).<\/p>\n<\/p><\/div>\n<div class=\"chcg-dosage\">\n<h3>Verzehrempfehlung<\/h3>\n<p>Als Nahrungserg\u00e4nzungsmittel eine Tablette t\u00e4glich im Mund kauen und aufl\u00f6sen lassen.<\/p>\n<\/p><\/div>\n<div class=\"chcg-warnings\">\n<h3>Warnhinweise<\/h3>\n<p>Nur f\u00fcr Erwachsene. Konsultieren Sie vor der Einnahme dieses oder eines anderen Produkts Ihren Arzt, wenn Sie schwanger sind oder stillen, Medikamente einnehmen oder an einer Erkrankung leiden. Ausserhalb der Reichweite von Kindern aufbewahren.<\/p>\n<\/p><\/div>\n<div class=\"chcg-allergens\">\n<h3>Allergeninformationen<\/h3>\n<p>Auf der Etikette sind keine Allergene deklariert. Das Produkt enth\u00e4lt keine der grossen deklarierten Allergene.<\/p>\n<\/p><\/div>\n<div class=\"chcg-storage\">\n<h3>Lagerung<\/h3>\n<p>An einem k\u00fchlen, trockenen Ort aufbewahren.<\/p>\n<\/p><\/div>\n<div class=\"chcg-dietary\">\n<h3>Ern\u00e4hrungshinweise<\/h3>\n<ul>\n<li>Vegetarisch<\/li>\n<li>Laktosefrei<\/li>\n<\/ul><\/div>\n<\/div>\n","protected":false},"excerpt":{"rendered":"<p>Swanson Vitamin B-12 Methylcobalamin 5000mcg unterst\u00fctzt Energiestoffwechsel und Nervenfunktion in hochdosierter, bioaktiver Form. 60 Kautabletten mit nat\u00fcrlichem Erdbeergeschmack \u2013 bequem ohne Wasser einnehmbar.<\/p>\n","protected":false},"featured_media":2774,"comment_status":"closed","ping_status":"open","template":"","meta":[],"product_brand":[16],"product_cat":[118,27,48,28,171,21],"product_tag":[],"class_list":{"0":"post-2773","1":"product","2":"type-product","3":"status-publish","4":"has-post-thumbnail","6":"product_brand-swanson","7":"product_cat-b12","8":"product_cat-einige-vitamine","9":"product_cat-gesunde-ernaehrung","10":"product_cat-vitamin-b","11":"product_cat-vitamine-und-mineralien","12":"product_cat-vitamine-und-mineralstoffe","14":"first","15":"outofstock","16":"taxable","17":"shipping-taxable","18":"purchasable","19":"product-type-simple"},"yoast_head":"<!-- This site is optimized with the Yoast SEO plugin v27.5 - https:\/\/yoast.com\/product\/yoast-seo-wordpress\/ -->\n<title>Vitamin B-12 Methylcobalamin 5000mcg \u2013 Swanson | ecosupplements.ch<\/title>\n<meta name=\"description\" content=\"Hochdosiertes Vitamin B-12 als Methylcobalamin \u2013 60 Kautabletten von Swanson f\u00fcr Energie und Nervenfunktion. Jetzt bestellen.\" \/>\n<meta name=\"robots\" content=\"index, follow, max-snippet:-1, max-image-preview:large, max-video-preview:-1\" \/>\n<link rel=\"canonical\" href=\"https:\/\/ecosupplements.ch\/?product=vitamin-b-12-methylcobalamin-5000mcg-high-absorption-60-tabs\" \/>\n<meta property=\"og:locale\" content=\"de_DE\" \/>\n<meta property=\"og:type\" content=\"article\" \/>\n<meta property=\"og:title\" content=\"Vitamin B-12 Methylcobalamin 5000mcg \u2013 Swanson | ecosupplements.ch\" \/>\n<meta property=\"og:description\" content=\"Hochdosiertes Vitamin B-12 als Methylcobalamin \u2013 60 Kautabletten von Swanson f\u00fcr Energie und Nervenfunktion. Jetzt bestellen.\" \/>\n<meta property=\"og:url\" content=\"https:\/\/ecosupplements.ch\/?product=vitamin-b-12-methylcobalamin-5000mcg-high-absorption-60-tabs\" \/>\n<meta property=\"og:site_name\" content=\"Eco Supplements\" \/>\n<meta property=\"article:modified_time\" content=\"2026-05-13T07:24:14+00:00\" \/>\n<meta property=\"og:image\" content=\"https:\/\/ecosupplements.ch\/wp-content\/uploads\/2026\/05\/Vitamin-B-12-Methylcobalamin-5000mcg-High-Absorption-60-tabs.jpg\" \/>\n\t<meta property=\"og:image:width\" content=\"343\" \/>\n\t<meta property=\"og:image:height\" content=\"650\" \/>\n\t<meta property=\"og:image:type\" content=\"image\/jpeg\" \/>\n<meta name=\"twitter:card\" content=\"summary_large_image\" \/>\n<meta name=\"twitter:label1\" content=\"Price\" \/>\n\t<meta name=\"twitter:data1\" content=\"&#067;&#072;&#070;&nbsp;17.58\" \/>\n\t<meta name=\"twitter:label2\" content=\"Availability\" \/>\n\t<meta name=\"twitter:data2\" content=\"Out of stock\" \/>\n<script type=\"application\/ld+json\" class=\"yoast-schema-graph\">{\"@context\":\"https:\\\/\\\/schema.org\",\"@graph\":[{\"@type\":\"WebPage\",\"@id\":\"https:\\\/\\\/ecosupplements.ch\\\/?product=vitamin-b-12-methylcobalamin-5000mcg-high-absorption-60-tabs\",\"url\":\"https:\\\/\\\/ecosupplements.ch\\\/?product=vitamin-b-12-methylcobalamin-5000mcg-high-absorption-60-tabs\",\"name\":\"Vitamin B-12 Methylcobalamin 5000mcg \u2013 Swanson | ecosupplements.ch\",\"isPartOf\":{\"@id\":\"https:\\\/\\\/ecosupplements.ch\\\/#website\"},\"primaryImageOfPage\":{\"@id\":\"https:\\\/\\\/ecosupplements.ch\\\/?product=vitamin-b-12-methylcobalamin-5000mcg-high-absorption-60-tabs#primaryimage\"},\"image\":{\"@id\":\"https:\\\/\\\/ecosupplements.ch\\\/?product=vitamin-b-12-methylcobalamin-5000mcg-high-absorption-60-tabs#primaryimage\"},\"thumbnailUrl\":\"https:\\\/\\\/ecosupplements.ch\\\/wp-content\\\/uploads\\\/2026\\\/05\\\/Vitamin-B-12-Methylcobalamin-5000mcg-High-Absorption-60-tabs.jpg\",\"datePublished\":\"2026-05-11T14:40:15+00:00\",\"dateModified\":\"2026-05-13T07:24:14+00:00\",\"description\":\"Hochdosiertes Vitamin B-12 als Methylcobalamin \u2013 60 Kautabletten von Swanson f\u00fcr Energie und Nervenfunktion. Jetzt bestellen.\",\"breadcrumb\":{\"@id\":\"https:\\\/\\\/ecosupplements.ch\\\/?product=vitamin-b-12-methylcobalamin-5000mcg-high-absorption-60-tabs#breadcrumb\"},\"inLanguage\":\"de-CH\",\"potentialAction\":[{\"@type\":\"ReadAction\",\"target\":[\"https:\\\/\\\/ecosupplements.ch\\\/?product=vitamin-b-12-methylcobalamin-5000mcg-high-absorption-60-tabs\"]}]},{\"@type\":\"ImageObject\",\"inLanguage\":\"de-CH\",\"@id\":\"https:\\\/\\\/ecosupplements.ch\\\/?product=vitamin-b-12-methylcobalamin-5000mcg-high-absorption-60-tabs#primaryimage\",\"url\":\"https:\\\/\\\/ecosupplements.ch\\\/wp-content\\\/uploads\\\/2026\\\/05\\\/Vitamin-B-12-Methylcobalamin-5000mcg-High-Absorption-60-tabs.jpg\",\"contentUrl\":\"https:\\\/\\\/ecosupplements.ch\\\/wp-content\\\/uploads\\\/2026\\\/05\\\/Vitamin-B-12-Methylcobalamin-5000mcg-High-Absorption-60-tabs.jpg\",\"width\":343,\"height\":650,\"caption\":\"Vitamin B-12 Methylcobalamin\"},{\"@type\":\"BreadcrumbList\",\"@id\":\"https:\\\/\\\/ecosupplements.ch\\\/?product=vitamin-b-12-methylcobalamin-5000mcg-high-absorption-60-tabs#breadcrumb\",\"itemListElement\":[{\"@type\":\"ListItem\",\"position\":1,\"name\":\"Home\",\"item\":\"https:\\\/\\\/ecosupplements.ch\\\/\"},{\"@type\":\"ListItem\",\"position\":2,\"name\":\"Shop\",\"item\":\"https:\\\/\\\/ecosupplements.ch\\\/?page_id=14\"},{\"@type\":\"ListItem\",\"position\":3,\"name\":\"Vitamin B-12 Methylcobalamin, 5000mcg High Absorption &#8211; 60 tabs\"}]},{\"@type\":\"WebSite\",\"@id\":\"https:\\\/\\\/ecosupplements.ch\\\/#website\",\"url\":\"https:\\\/\\\/ecosupplements.ch\\\/\",\"name\":\"Eco Supplements\",\"description\":\"\",\"potentialAction\":[{\"@type\":\"SearchAction\",\"target\":{\"@type\":\"EntryPoint\",\"urlTemplate\":\"https:\\\/\\\/ecosupplements.ch\\\/?s={search_term_string}\"},\"query-input\":{\"@type\":\"PropertyValueSpecification\",\"valueRequired\":true,\"valueName\":\"search_term_string\"}}],\"inLanguage\":\"de-CH\"}]}<\/script>\n<meta property=\"product:price:amount\" content=\"17.58\" \/>\n<meta property=\"product:price:currency\" content=\"CHF\" \/>\n<meta property=\"og:availability\" content=\"out of stock\" \/>\n<meta property=\"product:availability\" content=\"out of stock\" \/>\n<meta property=\"product:retailer_item_id\" content=\"087614021225\" \/>\n<meta property=\"product:condition\" content=\"new\" \/>\n<!-- \/ Yoast SEO plugin. -->","yoast_head_json":{"title":"Vitamin B-12 Methylcobalamin 5000mcg \u2013 Swanson | ecosupplements.ch","description":"Hochdosiertes Vitamin B-12 als Methylcobalamin \u2013 60 Kautabletten von Swanson f\u00fcr Energie und Nervenfunktion. Jetzt bestellen.","robots":{"index":"index","follow":"follow","max-snippet":"max-snippet:-1","max-image-preview":"max-image-preview:large","max-video-preview":"max-video-preview:-1"},"canonical":"https:\/\/ecosupplements.ch\/?product=vitamin-b-12-methylcobalamin-5000mcg-high-absorption-60-tabs","og_locale":"de_DE","og_type":"article","og_title":"Vitamin B-12 Methylcobalamin 5000mcg \u2013 Swanson | ecosupplements.ch","og_description":"Hochdosiertes Vitamin B-12 als Methylcobalamin \u2013 60 Kautabletten von Swanson f\u00fcr Energie und Nervenfunktion. Jetzt bestellen.","og_url":"https:\/\/ecosupplements.ch\/?product=vitamin-b-12-methylcobalamin-5000mcg-high-absorption-60-tabs","og_site_name":"Eco Supplements","article_modified_time":"2026-05-13T07:24:14+00:00","og_image":[{"width":343,"height":650,"url":"https:\/\/ecosupplements.ch\/wp-content\/uploads\/2026\/05\/Vitamin-B-12-Methylcobalamin-5000mcg-High-Absorption-60-tabs.jpg","type":"image\/jpeg"}],"twitter_card":"summary_large_image","twitter_misc":{"Price":"&#67;&#72;&#70;&nbsp;17.58","Availability":"Out of stock"},"schema":{"@context":"https:\/\/schema.org","@graph":[{"@type":"WebPage","@id":"https:\/\/ecosupplements.ch\/?product=vitamin-b-12-methylcobalamin-5000mcg-high-absorption-60-tabs","url":"https:\/\/ecosupplements.ch\/?product=vitamin-b-12-methylcobalamin-5000mcg-high-absorption-60-tabs","name":"Vitamin B-12 Methylcobalamin 5000mcg \u2013 Swanson | ecosupplements.ch","isPartOf":{"@id":"https:\/\/ecosupplements.ch\/#website"},"primaryImageOfPage":{"@id":"https:\/\/ecosupplements.ch\/?product=vitamin-b-12-methylcobalamin-5000mcg-high-absorption-60-tabs#primaryimage"},"image":{"@id":"https:\/\/ecosupplements.ch\/?product=vitamin-b-12-methylcobalamin-5000mcg-high-absorption-60-tabs#primaryimage"},"thumbnailUrl":"https:\/\/ecosupplements.ch\/wp-content\/uploads\/2026\/05\/Vitamin-B-12-Methylcobalamin-5000mcg-High-Absorption-60-tabs.jpg","datePublished":"2026-05-11T14:40:15+00:00","dateModified":"2026-05-13T07:24:14+00:00","description":"Hochdosiertes Vitamin B-12 als Methylcobalamin \u2013 60 Kautabletten von Swanson f\u00fcr Energie und Nervenfunktion. Jetzt bestellen.","breadcrumb":{"@id":"https:\/\/ecosupplements.ch\/?product=vitamin-b-12-methylcobalamin-5000mcg-high-absorption-60-tabs#breadcrumb"},"inLanguage":"de-CH","potentialAction":[{"@type":"ReadAction","target":["https:\/\/ecosupplements.ch\/?product=vitamin-b-12-methylcobalamin-5000mcg-high-absorption-60-tabs"]}]},{"@type":"ImageObject","inLanguage":"de-CH","@id":"https:\/\/ecosupplements.ch\/?product=vitamin-b-12-methylcobalamin-5000mcg-high-absorption-60-tabs#primaryimage","url":"https:\/\/ecosupplements.ch\/wp-content\/uploads\/2026\/05\/Vitamin-B-12-Methylcobalamin-5000mcg-High-Absorption-60-tabs.jpg","contentUrl":"https:\/\/ecosupplements.ch\/wp-content\/uploads\/2026\/05\/Vitamin-B-12-Methylcobalamin-5000mcg-High-Absorption-60-tabs.jpg","width":343,"height":650,"caption":"Vitamin B-12 Methylcobalamin"},{"@type":"BreadcrumbList","@id":"https:\/\/ecosupplements.ch\/?product=vitamin-b-12-methylcobalamin-5000mcg-high-absorption-60-tabs#breadcrumb","itemListElement":[{"@type":"ListItem","position":1,"name":"Home","item":"https:\/\/ecosupplements.ch\/"},{"@type":"ListItem","position":2,"name":"Shop","item":"https:\/\/ecosupplements.ch\/?page_id=14"},{"@type":"ListItem","position":3,"name":"Vitamin B-12 Methylcobalamin, 5000mcg High Absorption &#8211; 60 tabs"}]},{"@type":"WebSite","@id":"https:\/\/ecosupplements.ch\/#website","url":"https:\/\/ecosupplements.ch\/","name":"Eco Supplements","description":"","potentialAction":[{"@type":"SearchAction","target":{"@type":"EntryPoint","urlTemplate":"https:\/\/ecosupplements.ch\/?s={search_term_string}"},"query-input":{"@type":"PropertyValueSpecification","valueRequired":true,"valueName":"search_term_string"}}],"inLanguage":"de-CH"}]},"product_price_amount":"17.58","product_price_currency":"CHF","og_availability":"out of stock","product_availability":"out of stock","product_retailer_item_id":"087614021225","product_condition":"new"},"_links":{"self":[{"href":"https:\/\/ecosupplements.ch\/index.php?rest_route=\/wp\/v2\/product\/2773","targetHints":{"allow":["GET"]}}],"collection":[{"href":"https:\/\/ecosupplements.ch\/index.php?rest_route=\/wp\/v2\/product"}],"about":[{"href":"https:\/\/ecosupplements.ch\/index.php?rest_route=\/wp\/v2\/types\/product"}],"replies":[{"embeddable":true,"href":"https:\/\/ecosupplements.ch\/index.php?rest_route=%2Fwp%2Fv2%2Fcomments&post=2773"}],"wp:featuredmedia":[{"embeddable":true,"href":"https:\/\/ecosupplements.ch\/index.php?rest_route=\/wp\/v2\/media\/2774"}],"wp:attachment":[{"href":"https:\/\/ecosupplements.ch\/index.php?rest_route=%2Fwp%2Fv2%2Fmedia&parent=2773"}],"wp:term":[{"taxonomy":"product_brand","embeddable":true,"href":"https:\/\/ecosupplements.ch\/index.php?rest_route=%2Fwp%2Fv2%2Fproduct_brand&post=2773"},{"taxonomy":"product_cat","embeddable":true,"href":"https:\/\/ecosupplements.ch\/index.php?rest_route=%2Fwp%2Fv2%2Fproduct_cat&post=2773"},{"taxonomy":"product_tag","embeddable":true,"href":"https:\/\/ecosupplements.ch\/index.php?rest_route=%2Fwp%2Fv2%2Fproduct_tag&post=2773"}],"curies":[{"name":"wp","href":"https:\/\/api.w.org\/{rel}","templated":true}]}}