{"id":2785,"date":"2026-05-11T14:40:20","date_gmt":"2026-05-11T14:40:20","guid":{"rendered":"https:\/\/ecosupplements.ch\/?product=wild-blueberry-250mg-90-vcaps"},"modified":"2026-05-13T07:24:16","modified_gmt":"2026-05-13T07:24:16","slug":"wild-blueberry-250mg-90-vcaps","status":"publish","type":"product","link":"https:\/\/ecosupplements.ch\/?product=wild-blueberry-250mg-90-vcaps","title":{"rendered":"Wild Blueberry, 250mg &#8211; 90 vcaps"},"content":{"rendered":"<div class=\"chcg-product-description\">\n<h2 class=\"chcg-heading\">\u00dcber Swanson \u2013 Wild Blueberry, 250mg \u2013 90 Vcaps<\/h2>\n<div class=\"chcg-intro\">\n<p>Wild Blueberry von Swanson liefert pro Kapsel 250 mg Wild-Heidelbeer-Extrakt (Vaccinium angustifolium), standardisiert auf 1,5 % Anthocyane \u2013 die charakteristischen Pflanzenstoffe, welche die intensive Farbe der wilden Heidelbeere ausmachen. Wild-Heidelbeeren wachsen unter nat\u00fcrlichen Bedingungen und gelten als besonders gehaltvolle Quelle f\u00fcr Polyphenole.<\/p>\n<p>Der Extrakt wird aus dem Fruchtfleisch der wilden Heidelbeere gewonnen und in praktischen vegetarischen Kapseln aus Hypromellose angeboten. Das Produkt ist sowohl f\u00fcr Veganerinnen und Veganer als auch f\u00fcr Vegetarierinnen und Vegetarier geeignet. Mit 90 Kapseln pro Packung steht eine grossz\u00fcgige Versorgung f\u00fcr den Alltag zur Verf\u00fcgung.<\/p>\n<p>Swanson steht seit Jahrzehnten f\u00fcr qualitativ hochwertige Nahrungserg\u00e4nzungsmittel zu einem fairen Preis-Leistungs-Verh\u00e4ltnis. Wild Blueberry 250 mg erg\u00e4nzt eine ausgewogene Ern\u00e4hrung und einen gesunden Lebensstil auf unkomplizierte Weise.<\/p>\n<\/p><\/div>\n<div class=\"chcg-nutrition\">\n<h3>N\u00e4hrwertangaben<\/h3>\n<table class=\"chcg-nutrition-table\">\n<thead>\n<tr>\n<th>N\u00e4hrstoff<\/th>\n<th>Pro Portion (1 Vcap)<\/th>\n<\/tr>\n<\/thead>\n<tbody>\n<tr>\n<td>Wild-Heidelbeer-Extrakt (Frucht) (<em>Vaccinium angustifolium<\/em>), standardisiert auf 1,5 % Anthocyane<\/td>\n<td>250 mg \u2020<\/td>\n<\/tr>\n<\/tbody>\n<\/table>\n<p class=\"chcg-footnote\">\u2020 Kein festgelegter Tagesbedarf.<\/p>\n<\/p><\/div>\n<div class=\"chcg-ingredients\">\n<h3>Zutaten<\/h3>\n<p>Wild-Heidelbeer-Extrakt (Frucht) (<em>Vaccinium angustifolium<\/em>), standardisiert auf 1,5 % Anthocyane, 250 mg. Weitere Zutaten: Hypromellose (pflanzliche Kapsel), mikrokristalline Cellulose (Pflanzenfaser), Maltodextrin, Calciumlaurat, Siliciumdioxid.<\/p>\n<p class=\"chcg-capsule-shell\">Kapselh\u00fclle: Hypromellose (pflanzliche Kapsel)<\/p>\n<\/p><\/div>\n<div class=\"chcg-dosage\">\n<h3>Verzehrempfehlung<\/h3>\n<p>Als Nahrungserg\u00e4nzungsmittel eine vegetarische Kapsel zwei- bis dreimal t\u00e4glich mit Wasser einnehmen.<\/p>\n<\/p><\/div>\n<div class=\"chcg-warnings\">\n<h3>Warnhinweise<\/h3>\n<p>Nur f\u00fcr Erwachsene. Konsultieren Sie Ihren Arzt bzw. Ihre \u00c4rztin, bevor Sie dieses oder ein anderes Produkt verwenden, wenn Sie schwanger sind oder stillen, Medikamente einnehmen oder an einer Erkrankung leiden. Ausserhalb der Reichweite von Kindern aufbewahren.<\/p>\n<\/p><\/div>\n<div class=\"chcg-allergens\">\n<h3>Allergeninformationen<\/h3>\n<p>Auf der Produktetikette sind keine Allergene deklariert.<\/p>\n<\/p><\/div>\n<div class=\"chcg-storage\">\n<h3>Lagerung<\/h3>\n<p>Mindesthaltbar bis Ende: siehe Aufdruck. Keine weiteren Lagerungshinweise auf der Etikette angegeben.<\/p>\n<\/p><\/div>\n<div class=\"chcg-dietary\">\n<h3>Ern\u00e4hrungshinweise<\/h3>\n<ul>\n<li>Vegan<\/li>\n<li>Vegetarisch<\/li>\n<\/ul><\/div>\n<\/div>\n","protected":false},"excerpt":{"rendered":"<p>Wild-Heidelbeer-Extrakt mit 1,5 % Anthocyanen in bequemen vegetarischen Kapseln. 90 Vcaps pro Packung \u2013 geeignet f\u00fcr Veganer und Vegetarier. Swanson Wild Blueberry 250 mg als praktische Erg\u00e4nzung zum Alltag.<\/p>\n","protected":false},"featured_media":2786,"comment_status":"closed","ping_status":"open","template":"","meta":[],"product_brand":[16],"product_cat":[34,48,25,44,21],"product_tag":[],"class_list":{"0":"post-2785","1":"product","2":"type-product","3":"status-publish","4":"has-post-thumbnail","6":"product_brand-swanson","7":"product_cat-antioxidantien","8":"product_cat-gesunde-ernaehrung","9":"product_cat-gesundheit-und-wohlbefinden","10":"product_cat-pflanzliche-nahrungsergaenzungsmittel","11":"product_cat-vitamine-und-mineralstoffe","13":"first","14":"outofstock","15":"taxable","16":"shipping-taxable","17":"purchasable","18":"product-type-simple"},"yoast_head":"<!-- This site is optimized with the Yoast SEO plugin v27.5 - https:\/\/yoast.com\/product\/yoast-seo-wordpress\/ -->\n<title>Wild Blueberry 250mg 90 Vcaps \u2013 Swanson | ecosupplements.ch<\/title>\n<meta name=\"description\" content=\"Swanson Wild Blueberry liefert 250 mg Wild-Heidelbeer-Extrakt mit 1,5 % Anthocyanen in 90 veganen Kapseln. Jetzt bestellen.\" \/>\n<meta name=\"robots\" content=\"index, follow, max-snippet:-1, max-image-preview:large, max-video-preview:-1\" \/>\n<link rel=\"canonical\" href=\"https:\/\/ecosupplements.ch\/?product=wild-blueberry-250mg-90-vcaps\" \/>\n<meta property=\"og:locale\" content=\"de_DE\" \/>\n<meta property=\"og:type\" content=\"article\" \/>\n<meta property=\"og:title\" content=\"Wild Blueberry 250mg 90 Vcaps \u2013 Swanson | ecosupplements.ch\" \/>\n<meta property=\"og:description\" content=\"Swanson Wild Blueberry liefert 250 mg Wild-Heidelbeer-Extrakt mit 1,5 % Anthocyanen in 90 veganen Kapseln. Jetzt bestellen.\" \/>\n<meta property=\"og:url\" content=\"https:\/\/ecosupplements.ch\/?product=wild-blueberry-250mg-90-vcaps\" \/>\n<meta property=\"og:site_name\" content=\"Eco Supplements\" \/>\n<meta property=\"article:modified_time\" content=\"2026-05-13T07:24:16+00:00\" \/>\n<meta property=\"og:image\" content=\"https:\/\/ecosupplements.ch\/wp-content\/uploads\/2026\/05\/Wild-Blueberry-250mg-90-vcaps.jpg\" \/>\n\t<meta property=\"og:image:width\" content=\"357\" \/>\n\t<meta property=\"og:image:height\" content=\"649\" \/>\n\t<meta property=\"og:image:type\" content=\"image\/jpeg\" \/>\n<meta name=\"twitter:card\" content=\"summary_large_image\" \/>\n<meta name=\"twitter:label1\" content=\"Price\" \/>\n\t<meta name=\"twitter:data1\" content=\"&#067;&#072;&#070;&nbsp;14.20\" \/>\n\t<meta name=\"twitter:label2\" content=\"Availability\" \/>\n\t<meta name=\"twitter:data2\" content=\"Out of stock\" \/>\n<script type=\"application\/ld+json\" class=\"yoast-schema-graph\">{\"@context\":\"https:\\\/\\\/schema.org\",\"@graph\":[{\"@type\":\"WebPage\",\"@id\":\"https:\\\/\\\/ecosupplements.ch\\\/?product=wild-blueberry-250mg-90-vcaps\",\"url\":\"https:\\\/\\\/ecosupplements.ch\\\/?product=wild-blueberry-250mg-90-vcaps\",\"name\":\"Wild Blueberry 250mg 90 Vcaps \u2013 Swanson | ecosupplements.ch\",\"isPartOf\":{\"@id\":\"https:\\\/\\\/ecosupplements.ch\\\/#website\"},\"primaryImageOfPage\":{\"@id\":\"https:\\\/\\\/ecosupplements.ch\\\/?product=wild-blueberry-250mg-90-vcaps#primaryimage\"},\"image\":{\"@id\":\"https:\\\/\\\/ecosupplements.ch\\\/?product=wild-blueberry-250mg-90-vcaps#primaryimage\"},\"thumbnailUrl\":\"https:\\\/\\\/ecosupplements.ch\\\/wp-content\\\/uploads\\\/2026\\\/05\\\/Wild-Blueberry-250mg-90-vcaps.jpg\",\"datePublished\":\"2026-05-11T14:40:20+00:00\",\"dateModified\":\"2026-05-13T07:24:16+00:00\",\"description\":\"Swanson Wild Blueberry liefert 250 mg Wild-Heidelbeer-Extrakt mit 1,5 % Anthocyanen in 90 veganen Kapseln. Jetzt bestellen.\",\"breadcrumb\":{\"@id\":\"https:\\\/\\\/ecosupplements.ch\\\/?product=wild-blueberry-250mg-90-vcaps#breadcrumb\"},\"inLanguage\":\"de-CH\",\"potentialAction\":[{\"@type\":\"ReadAction\",\"target\":[\"https:\\\/\\\/ecosupplements.ch\\\/?product=wild-blueberry-250mg-90-vcaps\"]}]},{\"@type\":\"ImageObject\",\"inLanguage\":\"de-CH\",\"@id\":\"https:\\\/\\\/ecosupplements.ch\\\/?product=wild-blueberry-250mg-90-vcaps#primaryimage\",\"url\":\"https:\\\/\\\/ecosupplements.ch\\\/wp-content\\\/uploads\\\/2026\\\/05\\\/Wild-Blueberry-250mg-90-vcaps.jpg\",\"contentUrl\":\"https:\\\/\\\/ecosupplements.ch\\\/wp-content\\\/uploads\\\/2026\\\/05\\\/Wild-Blueberry-250mg-90-vcaps.jpg\",\"width\":357,\"height\":649,\"caption\":\"Wild Blueberry\"},{\"@type\":\"BreadcrumbList\",\"@id\":\"https:\\\/\\\/ecosupplements.ch\\\/?product=wild-blueberry-250mg-90-vcaps#breadcrumb\",\"itemListElement\":[{\"@type\":\"ListItem\",\"position\":1,\"name\":\"Home\",\"item\":\"https:\\\/\\\/ecosupplements.ch\\\/\"},{\"@type\":\"ListItem\",\"position\":2,\"name\":\"Shop\",\"item\":\"https:\\\/\\\/ecosupplements.ch\\\/?page_id=14\"},{\"@type\":\"ListItem\",\"position\":3,\"name\":\"Wild Blueberry, 250mg &#8211; 90 vcaps\"}]},{\"@type\":\"WebSite\",\"@id\":\"https:\\\/\\\/ecosupplements.ch\\\/#website\",\"url\":\"https:\\\/\\\/ecosupplements.ch\\\/\",\"name\":\"Eco Supplements\",\"description\":\"\",\"potentialAction\":[{\"@type\":\"SearchAction\",\"target\":{\"@type\":\"EntryPoint\",\"urlTemplate\":\"https:\\\/\\\/ecosupplements.ch\\\/?s={search_term_string}\"},\"query-input\":{\"@type\":\"PropertyValueSpecification\",\"valueRequired\":true,\"valueName\":\"search_term_string\"}}],\"inLanguage\":\"de-CH\"}]}<\/script>\n<meta property=\"product:price:amount\" content=\"14.20\" \/>\n<meta property=\"product:price:currency\" content=\"CHF\" \/>\n<meta property=\"og:availability\" content=\"out of stock\" \/>\n<meta property=\"product:availability\" content=\"out of stock\" \/>\n<meta property=\"product:retailer_item_id\" content=\"087614060385\" \/>\n<meta property=\"product:condition\" content=\"new\" \/>\n<!-- \/ Yoast SEO plugin. -->","yoast_head_json":{"title":"Wild Blueberry 250mg 90 Vcaps \u2013 Swanson | ecosupplements.ch","description":"Swanson Wild Blueberry liefert 250 mg Wild-Heidelbeer-Extrakt mit 1,5 % Anthocyanen in 90 veganen Kapseln. Jetzt bestellen.","robots":{"index":"index","follow":"follow","max-snippet":"max-snippet:-1","max-image-preview":"max-image-preview:large","max-video-preview":"max-video-preview:-1"},"canonical":"https:\/\/ecosupplements.ch\/?product=wild-blueberry-250mg-90-vcaps","og_locale":"de_DE","og_type":"article","og_title":"Wild Blueberry 250mg 90 Vcaps \u2013 Swanson | ecosupplements.ch","og_description":"Swanson Wild Blueberry liefert 250 mg Wild-Heidelbeer-Extrakt mit 1,5 % Anthocyanen in 90 veganen Kapseln. Jetzt bestellen.","og_url":"https:\/\/ecosupplements.ch\/?product=wild-blueberry-250mg-90-vcaps","og_site_name":"Eco Supplements","article_modified_time":"2026-05-13T07:24:16+00:00","og_image":[{"width":357,"height":649,"url":"https:\/\/ecosupplements.ch\/wp-content\/uploads\/2026\/05\/Wild-Blueberry-250mg-90-vcaps.jpg","type":"image\/jpeg"}],"twitter_card":"summary_large_image","twitter_misc":{"Price":"&#67;&#72;&#70;&nbsp;14.20","Availability":"Out of stock"},"schema":{"@context":"https:\/\/schema.org","@graph":[{"@type":"WebPage","@id":"https:\/\/ecosupplements.ch\/?product=wild-blueberry-250mg-90-vcaps","url":"https:\/\/ecosupplements.ch\/?product=wild-blueberry-250mg-90-vcaps","name":"Wild Blueberry 250mg 90 Vcaps \u2013 Swanson | ecosupplements.ch","isPartOf":{"@id":"https:\/\/ecosupplements.ch\/#website"},"primaryImageOfPage":{"@id":"https:\/\/ecosupplements.ch\/?product=wild-blueberry-250mg-90-vcaps#primaryimage"},"image":{"@id":"https:\/\/ecosupplements.ch\/?product=wild-blueberry-250mg-90-vcaps#primaryimage"},"thumbnailUrl":"https:\/\/ecosupplements.ch\/wp-content\/uploads\/2026\/05\/Wild-Blueberry-250mg-90-vcaps.jpg","datePublished":"2026-05-11T14:40:20+00:00","dateModified":"2026-05-13T07:24:16+00:00","description":"Swanson Wild Blueberry liefert 250 mg Wild-Heidelbeer-Extrakt mit 1,5 % Anthocyanen in 90 veganen Kapseln. Jetzt bestellen.","breadcrumb":{"@id":"https:\/\/ecosupplements.ch\/?product=wild-blueberry-250mg-90-vcaps#breadcrumb"},"inLanguage":"de-CH","potentialAction":[{"@type":"ReadAction","target":["https:\/\/ecosupplements.ch\/?product=wild-blueberry-250mg-90-vcaps"]}]},{"@type":"ImageObject","inLanguage":"de-CH","@id":"https:\/\/ecosupplements.ch\/?product=wild-blueberry-250mg-90-vcaps#primaryimage","url":"https:\/\/ecosupplements.ch\/wp-content\/uploads\/2026\/05\/Wild-Blueberry-250mg-90-vcaps.jpg","contentUrl":"https:\/\/ecosupplements.ch\/wp-content\/uploads\/2026\/05\/Wild-Blueberry-250mg-90-vcaps.jpg","width":357,"height":649,"caption":"Wild Blueberry"},{"@type":"BreadcrumbList","@id":"https:\/\/ecosupplements.ch\/?product=wild-blueberry-250mg-90-vcaps#breadcrumb","itemListElement":[{"@type":"ListItem","position":1,"name":"Home","item":"https:\/\/ecosupplements.ch\/"},{"@type":"ListItem","position":2,"name":"Shop","item":"https:\/\/ecosupplements.ch\/?page_id=14"},{"@type":"ListItem","position":3,"name":"Wild Blueberry, 250mg &#8211; 90 vcaps"}]},{"@type":"WebSite","@id":"https:\/\/ecosupplements.ch\/#website","url":"https:\/\/ecosupplements.ch\/","name":"Eco Supplements","description":"","potentialAction":[{"@type":"SearchAction","target":{"@type":"EntryPoint","urlTemplate":"https:\/\/ecosupplements.ch\/?s={search_term_string}"},"query-input":{"@type":"PropertyValueSpecification","valueRequired":true,"valueName":"search_term_string"}}],"inLanguage":"de-CH"}]},"product_price_amount":"14.20","product_price_currency":"CHF","og_availability":"out of stock","product_availability":"out of stock","product_retailer_item_id":"087614060385","product_condition":"new"},"_links":{"self":[{"href":"https:\/\/ecosupplements.ch\/index.php?rest_route=\/wp\/v2\/product\/2785","targetHints":{"allow":["GET"]}}],"collection":[{"href":"https:\/\/ecosupplements.ch\/index.php?rest_route=\/wp\/v2\/product"}],"about":[{"href":"https:\/\/ecosupplements.ch\/index.php?rest_route=\/wp\/v2\/types\/product"}],"replies":[{"embeddable":true,"href":"https:\/\/ecosupplements.ch\/index.php?rest_route=%2Fwp%2Fv2%2Fcomments&post=2785"}],"wp:featuredmedia":[{"embeddable":true,"href":"https:\/\/ecosupplements.ch\/index.php?rest_route=\/wp\/v2\/media\/2786"}],"wp:attachment":[{"href":"https:\/\/ecosupplements.ch\/index.php?rest_route=%2Fwp%2Fv2%2Fmedia&parent=2785"}],"wp:term":[{"taxonomy":"product_brand","embeddable":true,"href":"https:\/\/ecosupplements.ch\/index.php?rest_route=%2Fwp%2Fv2%2Fproduct_brand&post=2785"},{"taxonomy":"product_cat","embeddable":true,"href":"https:\/\/ecosupplements.ch\/index.php?rest_route=%2Fwp%2Fv2%2Fproduct_cat&post=2785"},{"taxonomy":"product_tag","embeddable":true,"href":"https:\/\/ecosupplements.ch\/index.php?rest_route=%2Fwp%2Fv2%2Fproduct_tag&post=2785"}],"curies":[{"name":"wp","href":"https:\/\/api.w.org\/{rel}","templated":true}]}}