{"id":2797,"date":"2026-05-11T14:40:24","date_gmt":"2026-05-11T14:40:24","guid":{"rendered":"https:\/\/ecosupplements.ch\/?product=zinc-citrate-50mg-60-caps"},"modified":"2026-05-13T07:22:42","modified_gmt":"2026-05-13T07:22:42","slug":"zinc-citrate-50mg-60-caps","status":"publish","type":"product","link":"https:\/\/ecosupplements.ch\/?product=zinc-citrate-50mg-60-caps","title":{"rendered":"Zinc Citrate, 50mg &#8211; 60 caps"},"content":{"rendered":"<div class=\"chcg-product-description\">\n<h2 class=\"chcg-heading\">\u00dcber Swanson \u2013 Zinc Citrate, 50mg \u2013 60 Kapseln<\/h2>\n<div class=\"chcg-intro\">\n<p>Zink ist ein essenzielles Spurenelement, das der K\u00f6rper nicht selbst herstellen kann und das deshalb regelm\u00e4ssig \u00fcber die Nahrung oder gezielte Nahrungserg\u00e4nzung zugef\u00fchrt werden muss. Zink tr\u00e4gt zur normalen Funktion des Immunsystems, zur Erhaltung normaler Haut, Haare und N\u00e4gel sowie zur normalen kognitiven Funktion bei. Zudem unterst\u00fctzt Zink den normalen Stoffwechsel von Makron\u00e4hrstoffen und spielt eine Rolle beim Schutz der Zellen vor oxidativem Stress.<\/p>\n<p>Swanson verwendet in diesem Produkt Zink in der Citratsform, die sich durch eine gute Bioverf\u00fcgbarkeit auszeichnet und im Vergleich zu einigen anderen Zinkformen vertr\u00e4glich f\u00fcr den Magen-Darm-Trakt ist. Jede Kapsel liefert 50 mg Zink, was 333 % des empfohlenen Tagesbedarfs entspricht.<\/p>\n<p>Das Produkt ist in praktischen Kapseln erh\u00e4ltlich und f\u00fcr die einmal t\u00e4gliche Einnahme zu einer Mahlzeit ausgelegt. Mit 60 Kapseln pro Packung deckt dieses Pr\u00e4parat einen Vorrat von zwei Monaten ab.<\/p>\n<\/p><\/div>\n<div class=\"chcg-nutrition\">\n<h3>N\u00e4hrwertangaben<\/h3>\n<table class=\"chcg-nutrition-table\">\n<thead>\n<tr>\n<th>N\u00e4hrstoff<\/th>\n<th>Pro Portion (1 Kapsel)<\/th>\n<\/tr>\n<\/thead>\n<tbody>\n<tr>\n<td>Zink (aus Zinkzitrat)<\/td>\n<td>50 mg (333 % des Tagesbedarfs)<\/td>\n<\/tr>\n<\/tbody>\n<\/table><\/div>\n<div class=\"chcg-ingredients\">\n<h3>Zutaten<\/h3>\n<p>Zink (aus Zinkzitrat) 50 mg. Weitere Zutaten: Mikrokristalline Zellulose (Pflanzenfaser), Gelatine, Magnesiumstearat, Siliziumdioxid.<\/p>\n<p class=\"chcg-capsule-shell\">Kapselh\u00fclle: Gelatine<\/p>\n<\/p><\/div>\n<div class=\"chcg-dosage\">\n<h3>Verzehrempfehlung<\/h3>\n<p>Als Nahrungserg\u00e4nzungsmittel eine Kapsel pro Tag zusammen mit einer Mahlzeit und ausreichend Wasser einnehmen. Die Einnahme von Zink auf n\u00fcchternen Magen kann bei manchen Personen Magenprobleme verursachen.<\/p>\n<\/p><\/div>\n<div class=\"chcg-warnings\">\n<h3>Warnhinweise<\/h3>\n<p>Nur f\u00fcr Erwachsene. Dieses Produkt nicht einnehmen, wenn Sie schwanger sind oder stillen. Konsultieren Sie Ihren Arzt oder Ihre \u00c4rztin, bevor Sie dieses oder ein anderes Produkt verwenden, wenn Sie Medikamente einnehmen oder an einer Erkrankung leiden. Die empfohlene Tagesdosis nicht \u00fcberschreiten. Nicht f\u00fcr die Langzeitanwendung empfohlen. Ausserhalb der Reichweite von Kindern aufbewahren. Nicht verwenden, wenn das Sicherheitssiegel besch\u00e4digt ist.<\/p>\n<\/p><\/div>\n<div class=\"chcg-allergens\">\n<h3>Allergeninformationen<\/h3>\n<p>Auf dem Etikett sind keine Allergene ausdr\u00fccklich deklariert.<\/p>\n<\/p><\/div>\n<div class=\"chcg-storage\">\n<h3>Lagerung<\/h3>\n<p>An einem k\u00fchlen, trockenen Ort aufbewahren.<\/p>\n<\/p><\/div>\n<div class=\"chcg-dietary\">\n<h3>Ern\u00e4hrungshinweise<\/h3>\n<ul>\n<li>Nicht vegan (enth\u00e4lt Gelatine)<\/li>\n<li>Nicht vegetarisch (enth\u00e4lt Gelatine)<\/li>\n<\/ul><\/div>\n<\/div>\n","protected":false},"excerpt":{"rendered":"<p>Swanson Zinc Citrate liefert 50 mg gut vertr\u00e4gliches Zinkzitrat pro Kapsel und unterst\u00fctzt das Immunsystem sowie die Erhaltung normaler Haut, Haare und N\u00e4gel. Packung mit 60 Kapseln f\u00fcr zwei Monate.<\/p>\n","protected":false},"featured_media":2798,"comment_status":"closed","ping_status":"open","template":"","meta":[],"product_brand":[16],"product_cat":[23,48,25,21,24],"product_tag":[],"class_list":{"0":"post-2797","1":"product","2":"type-product","3":"status-publish","4":"has-post-thumbnail","6":"product_brand-swanson","7":"product_cat-einige-mineralien","8":"product_cat-gesunde-ernaehrung","9":"product_cat-gesundheit-und-wohlbefinden","10":"product_cat-vitamine-und-mineralstoffe","11":"product_cat-zink","13":"first","14":"outofstock","15":"taxable","16":"shipping-taxable","17":"purchasable","18":"product-type-simple"},"yoast_head":"<!-- This site is optimized with the Yoast SEO plugin v27.5 - https:\/\/yoast.com\/product\/yoast-seo-wordpress\/ -->\n<title>Zinc Citrate 50mg \u2013 Swanson | ecosupplements.ch<\/title>\n<meta name=\"description\" content=\"Swanson Zinc Citrate 50mg unterst\u00fctzt Immunsystem und Hautgesundheit \u2013 60 Kapseln f\u00fcr 2 Monate. Jetzt bestellen.\" \/>\n<meta name=\"robots\" content=\"index, follow, max-snippet:-1, max-image-preview:large, max-video-preview:-1\" \/>\n<link rel=\"canonical\" href=\"https:\/\/ecosupplements.ch\/?product=zinc-citrate-50mg-60-caps\" \/>\n<meta property=\"og:locale\" content=\"de_DE\" \/>\n<meta property=\"og:type\" content=\"article\" \/>\n<meta property=\"og:title\" content=\"Zinc Citrate 50mg \u2013 Swanson | ecosupplements.ch\" \/>\n<meta property=\"og:description\" content=\"Swanson Zinc Citrate 50mg unterst\u00fctzt Immunsystem und Hautgesundheit \u2013 60 Kapseln f\u00fcr 2 Monate. Jetzt bestellen.\" \/>\n<meta property=\"og:url\" content=\"https:\/\/ecosupplements.ch\/?product=zinc-citrate-50mg-60-caps\" \/>\n<meta property=\"og:site_name\" content=\"Eco Supplements\" \/>\n<meta property=\"article:modified_time\" content=\"2026-05-13T07:22:42+00:00\" \/>\n<meta property=\"og:image\" content=\"https:\/\/ecosupplements.ch\/wp-content\/uploads\/2026\/05\/Zinc-Citrate-50mg-60-caps.jpg\" \/>\n\t<meta property=\"og:image:width\" content=\"650\" \/>\n\t<meta property=\"og:image:height\" content=\"650\" \/>\n\t<meta property=\"og:image:type\" content=\"image\/jpeg\" \/>\n<meta name=\"twitter:card\" content=\"summary_large_image\" \/>\n<meta name=\"twitter:label1\" content=\"Price\" \/>\n\t<meta name=\"twitter:data1\" content=\"&#067;&#072;&#070;&nbsp;5.27\" \/>\n\t<meta name=\"twitter:label2\" content=\"Availability\" \/>\n\t<meta name=\"twitter:data2\" content=\"Out of stock\" \/>\n<script type=\"application\/ld+json\" class=\"yoast-schema-graph\">{\"@context\":\"https:\\\/\\\/schema.org\",\"@graph\":[{\"@type\":\"WebPage\",\"@id\":\"https:\\\/\\\/ecosupplements.ch\\\/?product=zinc-citrate-50mg-60-caps\",\"url\":\"https:\\\/\\\/ecosupplements.ch\\\/?product=zinc-citrate-50mg-60-caps\",\"name\":\"Zinc Citrate 50mg \u2013 Swanson | ecosupplements.ch\",\"isPartOf\":{\"@id\":\"https:\\\/\\\/ecosupplements.ch\\\/#website\"},\"primaryImageOfPage\":{\"@id\":\"https:\\\/\\\/ecosupplements.ch\\\/?product=zinc-citrate-50mg-60-caps#primaryimage\"},\"image\":{\"@id\":\"https:\\\/\\\/ecosupplements.ch\\\/?product=zinc-citrate-50mg-60-caps#primaryimage\"},\"thumbnailUrl\":\"https:\\\/\\\/ecosupplements.ch\\\/wp-content\\\/uploads\\\/2026\\\/05\\\/Zinc-Citrate-50mg-60-caps.jpg\",\"datePublished\":\"2026-05-11T14:40:24+00:00\",\"dateModified\":\"2026-05-13T07:22:42+00:00\",\"description\":\"Swanson Zinc Citrate 50mg unterst\u00fctzt Immunsystem und Hautgesundheit \u2013 60 Kapseln f\u00fcr 2 Monate. Jetzt bestellen.\",\"breadcrumb\":{\"@id\":\"https:\\\/\\\/ecosupplements.ch\\\/?product=zinc-citrate-50mg-60-caps#breadcrumb\"},\"inLanguage\":\"de-CH\",\"potentialAction\":[{\"@type\":\"ReadAction\",\"target\":[\"https:\\\/\\\/ecosupplements.ch\\\/?product=zinc-citrate-50mg-60-caps\"]}]},{\"@type\":\"ImageObject\",\"inLanguage\":\"de-CH\",\"@id\":\"https:\\\/\\\/ecosupplements.ch\\\/?product=zinc-citrate-50mg-60-caps#primaryimage\",\"url\":\"https:\\\/\\\/ecosupplements.ch\\\/wp-content\\\/uploads\\\/2026\\\/05\\\/Zinc-Citrate-50mg-60-caps.jpg\",\"contentUrl\":\"https:\\\/\\\/ecosupplements.ch\\\/wp-content\\\/uploads\\\/2026\\\/05\\\/Zinc-Citrate-50mg-60-caps.jpg\",\"width\":650,\"height\":650,\"caption\":\"Zinc Citrate\"},{\"@type\":\"BreadcrumbList\",\"@id\":\"https:\\\/\\\/ecosupplements.ch\\\/?product=zinc-citrate-50mg-60-caps#breadcrumb\",\"itemListElement\":[{\"@type\":\"ListItem\",\"position\":1,\"name\":\"Home\",\"item\":\"https:\\\/\\\/ecosupplements.ch\\\/\"},{\"@type\":\"ListItem\",\"position\":2,\"name\":\"Shop\",\"item\":\"https:\\\/\\\/ecosupplements.ch\\\/?page_id=14\"},{\"@type\":\"ListItem\",\"position\":3,\"name\":\"Zinc Citrate, 50mg &#8211; 60 caps\"}]},{\"@type\":\"WebSite\",\"@id\":\"https:\\\/\\\/ecosupplements.ch\\\/#website\",\"url\":\"https:\\\/\\\/ecosupplements.ch\\\/\",\"name\":\"Eco Supplements\",\"description\":\"\",\"potentialAction\":[{\"@type\":\"SearchAction\",\"target\":{\"@type\":\"EntryPoint\",\"urlTemplate\":\"https:\\\/\\\/ecosupplements.ch\\\/?s={search_term_string}\"},\"query-input\":{\"@type\":\"PropertyValueSpecification\",\"valueRequired\":true,\"valueName\":\"search_term_string\"}}],\"inLanguage\":\"de-CH\"}]}<\/script>\n<meta property=\"product:price:amount\" content=\"5.27\" \/>\n<meta property=\"product:price:currency\" content=\"CHF\" \/>\n<meta property=\"og:availability\" content=\"out of stock\" \/>\n<meta property=\"product:availability\" content=\"out of stock\" \/>\n<meta property=\"product:retailer_item_id\" content=\"087614113746\" \/>\n<meta property=\"product:condition\" content=\"new\" \/>\n<!-- \/ Yoast SEO plugin. -->","yoast_head_json":{"title":"Zinc Citrate 50mg \u2013 Swanson | ecosupplements.ch","description":"Swanson Zinc Citrate 50mg unterst\u00fctzt Immunsystem und Hautgesundheit \u2013 60 Kapseln f\u00fcr 2 Monate. Jetzt bestellen.","robots":{"index":"index","follow":"follow","max-snippet":"max-snippet:-1","max-image-preview":"max-image-preview:large","max-video-preview":"max-video-preview:-1"},"canonical":"https:\/\/ecosupplements.ch\/?product=zinc-citrate-50mg-60-caps","og_locale":"de_DE","og_type":"article","og_title":"Zinc Citrate 50mg \u2013 Swanson | ecosupplements.ch","og_description":"Swanson Zinc Citrate 50mg unterst\u00fctzt Immunsystem und Hautgesundheit \u2013 60 Kapseln f\u00fcr 2 Monate. Jetzt bestellen.","og_url":"https:\/\/ecosupplements.ch\/?product=zinc-citrate-50mg-60-caps","og_site_name":"Eco Supplements","article_modified_time":"2026-05-13T07:22:42+00:00","og_image":[{"width":650,"height":650,"url":"https:\/\/ecosupplements.ch\/wp-content\/uploads\/2026\/05\/Zinc-Citrate-50mg-60-caps.jpg","type":"image\/jpeg"}],"twitter_card":"summary_large_image","twitter_misc":{"Price":"&#67;&#72;&#70;&nbsp;5.27","Availability":"Out of stock"},"schema":{"@context":"https:\/\/schema.org","@graph":[{"@type":"WebPage","@id":"https:\/\/ecosupplements.ch\/?product=zinc-citrate-50mg-60-caps","url":"https:\/\/ecosupplements.ch\/?product=zinc-citrate-50mg-60-caps","name":"Zinc Citrate 50mg \u2013 Swanson | ecosupplements.ch","isPartOf":{"@id":"https:\/\/ecosupplements.ch\/#website"},"primaryImageOfPage":{"@id":"https:\/\/ecosupplements.ch\/?product=zinc-citrate-50mg-60-caps#primaryimage"},"image":{"@id":"https:\/\/ecosupplements.ch\/?product=zinc-citrate-50mg-60-caps#primaryimage"},"thumbnailUrl":"https:\/\/ecosupplements.ch\/wp-content\/uploads\/2026\/05\/Zinc-Citrate-50mg-60-caps.jpg","datePublished":"2026-05-11T14:40:24+00:00","dateModified":"2026-05-13T07:22:42+00:00","description":"Swanson Zinc Citrate 50mg unterst\u00fctzt Immunsystem und Hautgesundheit \u2013 60 Kapseln f\u00fcr 2 Monate. Jetzt bestellen.","breadcrumb":{"@id":"https:\/\/ecosupplements.ch\/?product=zinc-citrate-50mg-60-caps#breadcrumb"},"inLanguage":"de-CH","potentialAction":[{"@type":"ReadAction","target":["https:\/\/ecosupplements.ch\/?product=zinc-citrate-50mg-60-caps"]}]},{"@type":"ImageObject","inLanguage":"de-CH","@id":"https:\/\/ecosupplements.ch\/?product=zinc-citrate-50mg-60-caps#primaryimage","url":"https:\/\/ecosupplements.ch\/wp-content\/uploads\/2026\/05\/Zinc-Citrate-50mg-60-caps.jpg","contentUrl":"https:\/\/ecosupplements.ch\/wp-content\/uploads\/2026\/05\/Zinc-Citrate-50mg-60-caps.jpg","width":650,"height":650,"caption":"Zinc Citrate"},{"@type":"BreadcrumbList","@id":"https:\/\/ecosupplements.ch\/?product=zinc-citrate-50mg-60-caps#breadcrumb","itemListElement":[{"@type":"ListItem","position":1,"name":"Home","item":"https:\/\/ecosupplements.ch\/"},{"@type":"ListItem","position":2,"name":"Shop","item":"https:\/\/ecosupplements.ch\/?page_id=14"},{"@type":"ListItem","position":3,"name":"Zinc Citrate, 50mg &#8211; 60 caps"}]},{"@type":"WebSite","@id":"https:\/\/ecosupplements.ch\/#website","url":"https:\/\/ecosupplements.ch\/","name":"Eco Supplements","description":"","potentialAction":[{"@type":"SearchAction","target":{"@type":"EntryPoint","urlTemplate":"https:\/\/ecosupplements.ch\/?s={search_term_string}"},"query-input":{"@type":"PropertyValueSpecification","valueRequired":true,"valueName":"search_term_string"}}],"inLanguage":"de-CH"}]},"product_price_amount":"5.27","product_price_currency":"CHF","og_availability":"out of stock","product_availability":"out of stock","product_retailer_item_id":"087614113746","product_condition":"new"},"_links":{"self":[{"href":"https:\/\/ecosupplements.ch\/index.php?rest_route=\/wp\/v2\/product\/2797","targetHints":{"allow":["GET"]}}],"collection":[{"href":"https:\/\/ecosupplements.ch\/index.php?rest_route=\/wp\/v2\/product"}],"about":[{"href":"https:\/\/ecosupplements.ch\/index.php?rest_route=\/wp\/v2\/types\/product"}],"replies":[{"embeddable":true,"href":"https:\/\/ecosupplements.ch\/index.php?rest_route=%2Fwp%2Fv2%2Fcomments&post=2797"}],"wp:featuredmedia":[{"embeddable":true,"href":"https:\/\/ecosupplements.ch\/index.php?rest_route=\/wp\/v2\/media\/2798"}],"wp:attachment":[{"href":"https:\/\/ecosupplements.ch\/index.php?rest_route=%2Fwp%2Fv2%2Fmedia&parent=2797"}],"wp:term":[{"taxonomy":"product_brand","embeddable":true,"href":"https:\/\/ecosupplements.ch\/index.php?rest_route=%2Fwp%2Fv2%2Fproduct_brand&post=2797"},{"taxonomy":"product_cat","embeddable":true,"href":"https:\/\/ecosupplements.ch\/index.php?rest_route=%2Fwp%2Fv2%2Fproduct_cat&post=2797"},{"taxonomy":"product_tag","embeddable":true,"href":"https:\/\/ecosupplements.ch\/index.php?rest_route=%2Fwp%2Fv2%2Fproduct_tag&post=2797"}],"curies":[{"name":"wp","href":"https:\/\/api.w.org\/{rel}","templated":true}]}}