{"id":2803,"date":"2026-05-11T14:40:26","date_gmt":"2026-05-11T14:40:26","guid":{"rendered":"https:\/\/ecosupplements.ch\/?product=ionic-fulvic-acid-250mg-59-ml"},"modified":"2026-05-13T07:24:17","modified_gmt":"2026-05-13T07:24:17","slug":"ionic-fulvic-acid-250mg-59-ml","status":"publish","type":"product","link":"https:\/\/ecosupplements.ch\/?product=ionic-fulvic-acid-250mg-59-ml","title":{"rendered":"Ionic Fulvic Acid, 250mg &#8211; 59 ml."},"content":{"rendered":"<div class=\"chcg-product-description\">\n<h2 class=\"chcg-heading\">\u00dcber Trace Minerals \u2013 Ionic Fulvic Acid, 250mg \u2013 59 ml<\/h2>\n<div class=\"chcg-intro\">\n<p>Die Ionic Fulvic Acid von Trace Minerals ist eine hochkonzentrierte Fl\u00fcssigformel mit 250 mg Fulvins\u00e4ure pro Portion. Fulvins\u00e4ure ist eine nat\u00fcrlich vorkommende organische Verbindung, die in humusreichen B\u00f6den gebildet wird und zur Aufnahme von N\u00e4hrstoffen im K\u00f6rper beitragen kann. Erg\u00e4nzt wird die Formel durch ionische Spurenmineralien aus dem bew\u00e4hrten ConcenTrace-Komplex sowie Magnesium und Chlorid.<\/p>\n<p>Das fl\u00fcssige Format erm\u00f6glicht eine pr\u00e4zise Dosierung \u00fcber den integrierten Messdropper und l\u00e4sst sich einfach in Saft oder zu einer Mahlzeit einnehmen. Die kompakte Flasche mit 59 ml enth\u00e4lt rund 59\u201360 Portionen und eignet sich ideal f\u00fcr den t\u00e4glichen Gebrauch.<\/p>\n<p>Trace Minerals ist ein auf Mineralien spezialisiertes US-amerikanisches Unternehmen mit langj\u00e4hriger Erfahrung in der Herstellung ionischer Mineralstoffprodukte. Die Rohstoffe stammen aus dem Great Salt Lake in Utah und werden sorgf\u00e4ltig aufbereitet, um eine hohe Bioverf\u00fcgbarkeit zu gew\u00e4hrleisten.<\/p>\n<\/p><\/div>\n<div class=\"chcg-nutrition\">\n<h3>N\u00e4hrwertangaben<\/h3>\n<table class=\"chcg-nutrition-table\">\n<thead>\n<tr>\n<th>N\u00e4hrstoff<\/th>\n<th>Pro Portion (1 ml)<\/th>\n<\/tr>\n<\/thead>\n<tbody>\n<tr>\n<td>Magnesium (aus ConcenTrace\/ITM)<\/td>\n<td>15 mg (4% NRV)<\/td>\n<\/tr>\n<tr>\n<td>Chlorid (aus ConcenTrace\/ITM)<\/td>\n<td>75\u2013100 mg (3\u20139% NRV)<\/td>\n<\/tr>\n<tr>\n<td>Ionische Spurenmineralien (ConcenTrace\/ITM)<\/td>\n<td>300 mg*<\/td>\n<\/tr>\n<tr>\n<td>Fulvic Acid Solution (100%)<\/td>\n<td>250 mg*<\/td>\n<\/tr>\n<\/tbody>\n<\/table>\n<p class=\"chcg-footnote\">* Kein festgelegter Referenzwert (NRV) vorhanden.<\/p>\n<p class=\"chcg-footnote\">Portionsgr\u00f6sse: 1 ml (0,2 TL) | Portionen pro Packung: ca. 59\u201360<\/p>\n<\/p><\/div>\n<div class=\"chcg-ingredients\">\n<h3>Zutaten<\/h3>\n<p>Magnesium (aus ConcenTrace\/ITM), Chlorid (aus ConcenTrace\/ITM), Fulvic Acid Solution (100%), ConcenTrace Spurenmineralien. Weitere Zutaten: Gereinigtes Wasser, Non-GMO Zitronens\u00e4ure, Kaliumsorbat (zur Frischhaltung).<\/p>\n<\/p><\/div>\n<div class=\"chcg-dosage\">\n<h3>Verzehrempfehlung<\/h3>\n<p>Vor Gebrauch gut sch\u00fctteln. Mit dem integrierten Messdropper t\u00e4glich 1 ml (0,2 TL) zusammen mit Saft oder zu einer Mahlzeit einnehmen, um den konzentrierten Mineralgeschmack abzumildern. Nicht k\u00fchlen.<\/p>\n<\/p><\/div>\n<div class=\"chcg-warnings\">\n<h3>Warnhinweise<\/h3>\n<p>Dieses Produkt ist kein Heilmittel und nicht dazu bestimmt, Krankheiten zu diagnostizieren, zu behandeln, zu heilen oder vorzubeugen. Nahrungserg\u00e4nzungsmittel sind kein Ersatz f\u00fcr eine ausgewogene und abwechslungsreiche Ern\u00e4hrung sowie eine gesunde Lebensweise. Ausserhalb der Reichweite von Kindern aufbewahren.<\/p>\n<\/p><\/div>\n<div class=\"chcg-allergens\">\n<h3>Allergeninformationen<\/h3>\n<p>Keine bekannten Allergene.<\/p>\n<\/p><\/div>\n<div class=\"chcg-storage\">\n<h3>Lagerung<\/h3>\n<p>Nicht k\u00fchlen. An einem k\u00fchlen, trockenen Ort aufbewahren.<\/p>\n<\/p><\/div>\n<div class=\"chcg-dietary\">\n<h3>Ern\u00e4hrungshinweise<\/h3>\n<ul>\n<li>Vegan<\/li>\n<li>Vegetarisch<\/li>\n<li>Glutenfrei<\/li>\n<li>Laktosefrei<\/li>\n<\/ul><\/div>\n<\/div>\n","protected":false},"excerpt":{"rendered":"<p>Ionic Fulvic Acid von Trace Minerals liefert 250 mg Fulvins\u00e4ure sowie ionische Spurenmineralien pro Portion. Die praktische Fl\u00fcssigformel mit Messdropper enth\u00e4lt ca. 59\u201360 Portionen (59 ml). Vegan, glutenfrei und laktosefrei.<\/p>\n","protected":false},"featured_media":2804,"comment_status":"closed","ping_status":"open","template":"","meta":[],"product_brand":[230],"product_cat":[23,48,25,109,171,21],"product_tag":[],"class_list":{"0":"post-2803","1":"product","2":"type-product","3":"status-publish","4":"has-post-thumbnail","6":"product_brand-trace-minerals","7":"product_cat-einige-mineralien","8":"product_cat-gesunde-ernaehrung","9":"product_cat-gesundheit-und-wohlbefinden","10":"product_cat-jod","11":"product_cat-vitamine-und-mineralien","12":"product_cat-vitamine-und-mineralstoffe","14":"first","15":"outofstock","16":"taxable","17":"shipping-taxable","18":"purchasable","19":"product-type-simple"},"yoast_head":"<!-- This site is optimized with the Yoast SEO plugin v27.5 - https:\/\/yoast.com\/product\/yoast-seo-wordpress\/ -->\n<title>Ionic Fulvic Acid 250mg \u2013 Trace Minerals | ecosupplements.ch<\/title>\n<meta name=\"description\" content=\"Ionic Fulvic Acid von Trace Minerals \u2013 250 mg Fulvins\u00e4ure und ionische Spurenmineralien pro Portion, fl\u00fcssig, ca. 59 Portionen. Vegan und glutenfrei. Jetzt bestellen.\" \/>\n<meta name=\"robots\" content=\"index, follow, max-snippet:-1, max-image-preview:large, max-video-preview:-1\" \/>\n<link rel=\"canonical\" href=\"https:\/\/ecosupplements.ch\/?product=ionic-fulvic-acid-250mg-59-ml\" \/>\n<meta property=\"og:locale\" content=\"de_DE\" \/>\n<meta property=\"og:type\" content=\"article\" \/>\n<meta property=\"og:title\" content=\"Ionic Fulvic Acid 250mg \u2013 Trace Minerals | ecosupplements.ch\" \/>\n<meta property=\"og:description\" content=\"Ionic Fulvic Acid von Trace Minerals \u2013 250 mg Fulvins\u00e4ure und ionische Spurenmineralien pro Portion, fl\u00fcssig, ca. 59 Portionen. Vegan und glutenfrei. Jetzt bestellen.\" \/>\n<meta property=\"og:url\" content=\"https:\/\/ecosupplements.ch\/?product=ionic-fulvic-acid-250mg-59-ml\" \/>\n<meta property=\"og:site_name\" content=\"Eco Supplements\" \/>\n<meta property=\"article:modified_time\" content=\"2026-05-13T07:24:17+00:00\" \/>\n<meta property=\"og:image\" content=\"https:\/\/ecosupplements.ch\/wp-content\/uploads\/2026\/05\/Ionic-Fulvic-Acid-250mg-59-ml.jpg\" \/>\n\t<meta property=\"og:image:width\" content=\"280\" \/>\n\t<meta property=\"og:image:height\" content=\"879\" \/>\n\t<meta property=\"og:image:type\" content=\"image\/jpeg\" \/>\n<meta name=\"twitter:card\" content=\"summary_large_image\" \/>\n<meta name=\"twitter:label1\" content=\"Price\" \/>\n\t<meta name=\"twitter:data1\" content=\"&#067;&#072;&#070;&nbsp;22.60\" \/>\n\t<meta name=\"twitter:label2\" content=\"Availability\" \/>\n\t<meta name=\"twitter:data2\" content=\"Out of stock\" \/>\n<script type=\"application\/ld+json\" class=\"yoast-schema-graph\">{\"@context\":\"https:\\\/\\\/schema.org\",\"@graph\":[{\"@type\":\"WebPage\",\"@id\":\"https:\\\/\\\/ecosupplements.ch\\\/?product=ionic-fulvic-acid-250mg-59-ml\",\"url\":\"https:\\\/\\\/ecosupplements.ch\\\/?product=ionic-fulvic-acid-250mg-59-ml\",\"name\":\"Ionic Fulvic Acid 250mg \u2013 Trace Minerals | ecosupplements.ch\",\"isPartOf\":{\"@id\":\"https:\\\/\\\/ecosupplements.ch\\\/#website\"},\"primaryImageOfPage\":{\"@id\":\"https:\\\/\\\/ecosupplements.ch\\\/?product=ionic-fulvic-acid-250mg-59-ml#primaryimage\"},\"image\":{\"@id\":\"https:\\\/\\\/ecosupplements.ch\\\/?product=ionic-fulvic-acid-250mg-59-ml#primaryimage\"},\"thumbnailUrl\":\"https:\\\/\\\/ecosupplements.ch\\\/wp-content\\\/uploads\\\/2026\\\/05\\\/Ionic-Fulvic-Acid-250mg-59-ml.jpg\",\"datePublished\":\"2026-05-11T14:40:26+00:00\",\"dateModified\":\"2026-05-13T07:24:17+00:00\",\"description\":\"Ionic Fulvic Acid von Trace Minerals \u2013 250 mg Fulvins\u00e4ure und ionische Spurenmineralien pro Portion, fl\u00fcssig, ca. 59 Portionen. Vegan und glutenfrei. Jetzt bestellen.\",\"breadcrumb\":{\"@id\":\"https:\\\/\\\/ecosupplements.ch\\\/?product=ionic-fulvic-acid-250mg-59-ml#breadcrumb\"},\"inLanguage\":\"de-CH\",\"potentialAction\":[{\"@type\":\"ReadAction\",\"target\":[\"https:\\\/\\\/ecosupplements.ch\\\/?product=ionic-fulvic-acid-250mg-59-ml\"]}]},{\"@type\":\"ImageObject\",\"inLanguage\":\"de-CH\",\"@id\":\"https:\\\/\\\/ecosupplements.ch\\\/?product=ionic-fulvic-acid-250mg-59-ml#primaryimage\",\"url\":\"https:\\\/\\\/ecosupplements.ch\\\/wp-content\\\/uploads\\\/2026\\\/05\\\/Ionic-Fulvic-Acid-250mg-59-ml.jpg\",\"contentUrl\":\"https:\\\/\\\/ecosupplements.ch\\\/wp-content\\\/uploads\\\/2026\\\/05\\\/Ionic-Fulvic-Acid-250mg-59-ml.jpg\",\"width\":280,\"height\":879,\"caption\":\"Ionic Fulvic Acid\"},{\"@type\":\"BreadcrumbList\",\"@id\":\"https:\\\/\\\/ecosupplements.ch\\\/?product=ionic-fulvic-acid-250mg-59-ml#breadcrumb\",\"itemListElement\":[{\"@type\":\"ListItem\",\"position\":1,\"name\":\"Home\",\"item\":\"https:\\\/\\\/ecosupplements.ch\\\/\"},{\"@type\":\"ListItem\",\"position\":2,\"name\":\"Shop\",\"item\":\"https:\\\/\\\/ecosupplements.ch\\\/?page_id=14\"},{\"@type\":\"ListItem\",\"position\":3,\"name\":\"Ionic Fulvic Acid, 250mg &#8211; 59 ml.\"}]},{\"@type\":\"WebSite\",\"@id\":\"https:\\\/\\\/ecosupplements.ch\\\/#website\",\"url\":\"https:\\\/\\\/ecosupplements.ch\\\/\",\"name\":\"Eco Supplements\",\"description\":\"\",\"potentialAction\":[{\"@type\":\"SearchAction\",\"target\":{\"@type\":\"EntryPoint\",\"urlTemplate\":\"https:\\\/\\\/ecosupplements.ch\\\/?s={search_term_string}\"},\"query-input\":{\"@type\":\"PropertyValueSpecification\",\"valueRequired\":true,\"valueName\":\"search_term_string\"}}],\"inLanguage\":\"de-CH\"}]}<\/script>\n<meta property=\"product:price:amount\" content=\"22.60\" \/>\n<meta property=\"product:price:currency\" content=\"CHF\" \/>\n<meta property=\"og:availability\" content=\"out of stock\" \/>\n<meta property=\"product:availability\" content=\"out of stock\" \/>\n<meta property=\"product:retailer_item_id\" content=\"878941003110\" \/>\n<meta property=\"product:condition\" content=\"new\" \/>\n<!-- \/ Yoast SEO plugin. -->","yoast_head_json":{"title":"Ionic Fulvic Acid 250mg \u2013 Trace Minerals | ecosupplements.ch","description":"Ionic Fulvic Acid von Trace Minerals \u2013 250 mg Fulvins\u00e4ure und ionische Spurenmineralien pro Portion, fl\u00fcssig, ca. 59 Portionen. Vegan und glutenfrei. Jetzt bestellen.","robots":{"index":"index","follow":"follow","max-snippet":"max-snippet:-1","max-image-preview":"max-image-preview:large","max-video-preview":"max-video-preview:-1"},"canonical":"https:\/\/ecosupplements.ch\/?product=ionic-fulvic-acid-250mg-59-ml","og_locale":"de_DE","og_type":"article","og_title":"Ionic Fulvic Acid 250mg \u2013 Trace Minerals | ecosupplements.ch","og_description":"Ionic Fulvic Acid von Trace Minerals \u2013 250 mg Fulvins\u00e4ure und ionische Spurenmineralien pro Portion, fl\u00fcssig, ca. 59 Portionen. Vegan und glutenfrei. Jetzt bestellen.","og_url":"https:\/\/ecosupplements.ch\/?product=ionic-fulvic-acid-250mg-59-ml","og_site_name":"Eco Supplements","article_modified_time":"2026-05-13T07:24:17+00:00","og_image":[{"width":280,"height":879,"url":"https:\/\/ecosupplements.ch\/wp-content\/uploads\/2026\/05\/Ionic-Fulvic-Acid-250mg-59-ml.jpg","type":"image\/jpeg"}],"twitter_card":"summary_large_image","twitter_misc":{"Price":"&#67;&#72;&#70;&nbsp;22.60","Availability":"Out of stock"},"schema":{"@context":"https:\/\/schema.org","@graph":[{"@type":"WebPage","@id":"https:\/\/ecosupplements.ch\/?product=ionic-fulvic-acid-250mg-59-ml","url":"https:\/\/ecosupplements.ch\/?product=ionic-fulvic-acid-250mg-59-ml","name":"Ionic Fulvic Acid 250mg \u2013 Trace Minerals | ecosupplements.ch","isPartOf":{"@id":"https:\/\/ecosupplements.ch\/#website"},"primaryImageOfPage":{"@id":"https:\/\/ecosupplements.ch\/?product=ionic-fulvic-acid-250mg-59-ml#primaryimage"},"image":{"@id":"https:\/\/ecosupplements.ch\/?product=ionic-fulvic-acid-250mg-59-ml#primaryimage"},"thumbnailUrl":"https:\/\/ecosupplements.ch\/wp-content\/uploads\/2026\/05\/Ionic-Fulvic-Acid-250mg-59-ml.jpg","datePublished":"2026-05-11T14:40:26+00:00","dateModified":"2026-05-13T07:24:17+00:00","description":"Ionic Fulvic Acid von Trace Minerals \u2013 250 mg Fulvins\u00e4ure und ionische Spurenmineralien pro Portion, fl\u00fcssig, ca. 59 Portionen. Vegan und glutenfrei. Jetzt bestellen.","breadcrumb":{"@id":"https:\/\/ecosupplements.ch\/?product=ionic-fulvic-acid-250mg-59-ml#breadcrumb"},"inLanguage":"de-CH","potentialAction":[{"@type":"ReadAction","target":["https:\/\/ecosupplements.ch\/?product=ionic-fulvic-acid-250mg-59-ml"]}]},{"@type":"ImageObject","inLanguage":"de-CH","@id":"https:\/\/ecosupplements.ch\/?product=ionic-fulvic-acid-250mg-59-ml#primaryimage","url":"https:\/\/ecosupplements.ch\/wp-content\/uploads\/2026\/05\/Ionic-Fulvic-Acid-250mg-59-ml.jpg","contentUrl":"https:\/\/ecosupplements.ch\/wp-content\/uploads\/2026\/05\/Ionic-Fulvic-Acid-250mg-59-ml.jpg","width":280,"height":879,"caption":"Ionic Fulvic Acid"},{"@type":"BreadcrumbList","@id":"https:\/\/ecosupplements.ch\/?product=ionic-fulvic-acid-250mg-59-ml#breadcrumb","itemListElement":[{"@type":"ListItem","position":1,"name":"Home","item":"https:\/\/ecosupplements.ch\/"},{"@type":"ListItem","position":2,"name":"Shop","item":"https:\/\/ecosupplements.ch\/?page_id=14"},{"@type":"ListItem","position":3,"name":"Ionic Fulvic Acid, 250mg &#8211; 59 ml."}]},{"@type":"WebSite","@id":"https:\/\/ecosupplements.ch\/#website","url":"https:\/\/ecosupplements.ch\/","name":"Eco Supplements","description":"","potentialAction":[{"@type":"SearchAction","target":{"@type":"EntryPoint","urlTemplate":"https:\/\/ecosupplements.ch\/?s={search_term_string}"},"query-input":{"@type":"PropertyValueSpecification","valueRequired":true,"valueName":"search_term_string"}}],"inLanguage":"de-CH"}]},"product_price_amount":"22.60","product_price_currency":"CHF","og_availability":"out of stock","product_availability":"out of stock","product_retailer_item_id":"878941003110","product_condition":"new"},"_links":{"self":[{"href":"https:\/\/ecosupplements.ch\/index.php?rest_route=\/wp\/v2\/product\/2803","targetHints":{"allow":["GET"]}}],"collection":[{"href":"https:\/\/ecosupplements.ch\/index.php?rest_route=\/wp\/v2\/product"}],"about":[{"href":"https:\/\/ecosupplements.ch\/index.php?rest_route=\/wp\/v2\/types\/product"}],"replies":[{"embeddable":true,"href":"https:\/\/ecosupplements.ch\/index.php?rest_route=%2Fwp%2Fv2%2Fcomments&post=2803"}],"wp:featuredmedia":[{"embeddable":true,"href":"https:\/\/ecosupplements.ch\/index.php?rest_route=\/wp\/v2\/media\/2804"}],"wp:attachment":[{"href":"https:\/\/ecosupplements.ch\/index.php?rest_route=%2Fwp%2Fv2%2Fmedia&parent=2803"}],"wp:term":[{"taxonomy":"product_brand","embeddable":true,"href":"https:\/\/ecosupplements.ch\/index.php?rest_route=%2Fwp%2Fv2%2Fproduct_brand&post=2803"},{"taxonomy":"product_cat","embeddable":true,"href":"https:\/\/ecosupplements.ch\/index.php?rest_route=%2Fwp%2Fv2%2Fproduct_cat&post=2803"},{"taxonomy":"product_tag","embeddable":true,"href":"https:\/\/ecosupplements.ch\/index.php?rest_route=%2Fwp%2Fv2%2Fproduct_tag&post=2803"}],"curies":[{"name":"wp","href":"https:\/\/api.w.org\/{rel}","templated":true}]}}