{"id":2815,"date":"2026-05-11T14:40:31","date_gmt":"2026-05-11T14:40:31","guid":{"rendered":"https:\/\/ecosupplements.ch\/?product=cream-of-rice-banoffee-2000g"},"modified":"2026-05-12T16:18:12","modified_gmt":"2026-05-12T16:18:12","slug":"cream-of-rice-banoffee-2000g","status":"publish","type":"product","link":"https:\/\/ecosupplements.ch\/?product=cream-of-rice-banoffee-2000g","title":{"rendered":"Cream of Rice, Banoffee &#8211; 2000g"},"content":{"rendered":"<div class=\"chcg-product-description\">\n<h2 class=\"chcg-heading\">\u00dcber Trained by JP \u2013 Cream of Rice, Banoffee \u2013 2000g<\/h2>\n<div class=\"chcg-intro\">\n<p>Das Cream of Rice von Trained by JP ist ein hochwertiges Reismehlpulver, das sich als ideale Kohlenhydratquelle f\u00fcr aktive Menschen und Sportlerinnen und Sportler eignet. Mit seiner feinen Textur und dem beliebten Banoffee-Geschmack l\u00e4sst es sich schnell und einfach zubereiten \u2013 perfekt als energiereiche Mahlzeit vor oder nach dem Training.<\/p>\n<p>Jede Portion von 25g liefert 85 kcal und 19.3g Kohlenhydrate bei einem \u00e4usserst geringen Fett- und Zuckeranteil. Das Pulver ist von Natur aus leicht verdaulich und liefert Energie, ohne den Magen zu belasten \u2013 ideal f\u00fcr alle, die ihren Kohlenhydratbedarf gezielt und unkompliziert decken m\u00f6chten.<\/p>\n<p>Mit 80 Portionen pro 2000g-Packung bietet dieses Produkt ein ausgezeichnetes Preis-Leistungs-Verh\u00e4ltnis. Die Rezeptur ist vegan, vegetarisch, laktosefrei und glutenfrei \u2013 geeignet f\u00fcr eine Vielzahl von Ern\u00e4hrungsweisen und -bed\u00fcrfnissen.<\/p>\n<\/p><\/div>\n<div class=\"chcg-nutrition\">\n<h3>N\u00e4hrwertangaben<\/h3>\n<table class=\"chcg-nutrition-table\">\n<thead>\n<tr>\n<th>N\u00e4hrstoff<\/th>\n<th>Pro Portion (25g)<\/th>\n<th>Pro 100g<\/th>\n<\/tr>\n<\/thead>\n<tbody>\n<tr>\n<td>Energie<\/td>\n<td>85 kcal \/ 356 kJ<\/td>\n<td>340 kcal \/ 1424.6 kJ<\/td>\n<\/tr>\n<tr>\n<td>Fett<\/td>\n<td>0.1g<\/td>\n<td>0.6g<\/td>\n<\/tr>\n<tr>\n<td>\u2013 davon ges\u00e4ttigte Fetts\u00e4uren<\/td>\n<td>0.0g<\/td>\n<td>0.2g<\/td>\n<\/tr>\n<tr>\n<td>Kohlenhydrate<\/td>\n<td>19.3g<\/td>\n<td>76.9g<\/td>\n<\/tr>\n<tr>\n<td>\u2013 davon Zucker<\/td>\n<td>0.0g<\/td>\n<td>0.1g<\/td>\n<\/tr>\n<tr>\n<td>Protein<\/td>\n<td>1.7g<\/td>\n<td>6.8g<\/td>\n<\/tr>\n<tr>\n<td>Salz<\/td>\n<td>0.3g<\/td>\n<td>1.2g<\/td>\n<\/tr>\n<\/tbody>\n<\/table>\n<p class=\"chcg-footnote\">* Die N\u00e4hrwertangaben k\u00f6nnen je nach Geschmacksrichtung leicht variieren.<\/p>\n<\/p><\/div>\n<div class=\"chcg-ingredients\">\n<h3>Zutaten<\/h3>\n<p>ZUTATEN BANOFFEE-GESCHMACK: Reismehl, Aromen, Salz, Nat\u00fcrliche Farbe (Beta-Carotin), S\u00fcssungsmittel (Sucralose).<\/p>\n<\/p><\/div>\n<div class=\"chcg-dosage\">\n<h3>Verzehrempfehlung<\/h3>\n<p>Die gew\u00fcnschte Anzahl Portionen (25g pro Portion) in eine hitzebest\u00e4ndige Sch\u00fcssel geben. Langsam kochendes Wasser hinzuf\u00fcgen und dabei kontinuierlich r\u00fchren, bis die gew\u00fcnschte Konsistenz erreicht ist. Vor dem Verzehr abk\u00fchlen lassen. Kann auch mit Wasser oder Milch in einem Shaker gemischt werden.<\/p>\n<\/p><\/div>\n<div class=\"chcg-warnings\">\n<h3>Warnhinweise<\/h3>\n<p>Kein Ersatz f\u00fcr eine abwechslungsreiche und ausgewogene Ern\u00e4hrung und eine gesunde Lebensweise. Die empfohlene Tagesdosis nicht \u00fcberschreiten. Ausserhalb der Reichweite von kleinen Kindern aufbewahren. Nicht geeignet f\u00fcr Schwangere oder stillende Frauen, Kinder sowie Personen, die sich in medizinischer Behandlung befinden. Es wird empfohlen, \u00e4rztlichen Rat einzuholen. *Kann bei Kindern die Aktivit\u00e4t und Aufmerksamkeit beeintr\u00e4chtigen (Sucralose).<\/p>\n<\/p><\/div>\n<div class=\"chcg-allergens\">\n<h3>Allergeninformationen<\/h3>\n<p>Kann enthalten: Milch, Soja, Gluten, N\u00fcsse. Hergestellt auf Anlagen, die auch Milch, Eier, Soja und Gluten verarbeiten. Alle Geschmacksrichtungen sind glutenfrei, mit Ausnahme von Birthday Cake.<\/p>\n<\/p><\/div>\n<div class=\"chcg-storage\">\n<h3>Lagerung<\/h3>\n<p>An einem k\u00fchlen, trockenen Ort in einem fest verschlossenen Beh\u00e4lter aufbewahren. Vor Licht und starken Geruchsquellen sch\u00fctzen.<\/p>\n<\/p><\/div>\n<div class=\"chcg-dietary\">\n<h3>Ern\u00e4hrungshinweise<\/h3>\n<ul>\n<li>Vegan<\/li>\n<li>Vegetarisch<\/li>\n<li>Glutenfrei<\/li>\n<li>Laktosefrei<\/li>\n<\/ul><\/div>\n<\/div>\n","protected":false},"excerpt":{"rendered":"<p>Cream of Rice von Trained by JP liefert schnelle Kohlenhydratenergie mit 19.3g Kohlenhydraten pro Portion \u2013 im leckeren Banoffee-Geschmack. Das fein gemahlene Pulver ist vegan, glutenfrei und in der praktischen 2000g-Packung mit 80 Portionen erh\u00e4ltlich.<\/p>\n","protected":false},"featured_media":2816,"comment_status":"closed","ping_status":"open","template":"","meta":[],"product_brand":[458],"product_cat":[15],"product_tag":[],"class_list":{"0":"post-2815","1":"product","2":"type-product","3":"status-publish","4":"has-post-thumbnail","6":"product_brand-trained-by-jp","7":"product_cat-uncategorized","9":"first","10":"outofstock","11":"taxable","12":"shipping-taxable","13":"purchasable","14":"product-type-simple"},"yoast_head":"<!-- This site is optimized with the Yoast SEO plugin v27.5 - https:\/\/yoast.com\/product\/yoast-seo-wordpress\/ -->\n<title>Cream of Rice Banoffee 2000g \u2013 Trained by JP | ecosupplements.ch<\/title>\n<meta name=\"description\" content=\"Cream of Rice von Trained by JP \u2013 80 Portionen reines Kohlenhydratpulver im Banoffee-Geschmack, vegan und glutenfrei. Jetzt bestellen.\" \/>\n<meta name=\"robots\" content=\"index, follow, max-snippet:-1, max-image-preview:large, max-video-preview:-1\" \/>\n<link rel=\"canonical\" href=\"https:\/\/ecosupplements.ch\/?product=cream-of-rice-banoffee-2000g\" \/>\n<meta property=\"og:locale\" content=\"de_DE\" \/>\n<meta property=\"og:type\" content=\"article\" \/>\n<meta property=\"og:title\" content=\"Cream of Rice Banoffee 2000g \u2013 Trained by JP | ecosupplements.ch\" \/>\n<meta property=\"og:description\" content=\"Cream of Rice von Trained by JP \u2013 80 Portionen reines Kohlenhydratpulver im Banoffee-Geschmack, vegan und glutenfrei. Jetzt bestellen.\" \/>\n<meta property=\"og:url\" content=\"https:\/\/ecosupplements.ch\/?product=cream-of-rice-banoffee-2000g\" \/>\n<meta property=\"og:site_name\" content=\"Eco Supplements\" \/>\n<meta property=\"article:modified_time\" content=\"2026-05-12T16:18:12+00:00\" \/>\n<meta property=\"og:image\" content=\"https:\/\/ecosupplements.ch\/wp-content\/uploads\/2026\/05\/Cream-of-Rice-Banoffee-2000g.jpg\" \/>\n\t<meta property=\"og:image:width\" content=\"600\" \/>\n\t<meta property=\"og:image:height\" content=\"600\" \/>\n\t<meta property=\"og:image:type\" content=\"image\/jpeg\" \/>\n<meta name=\"twitter:card\" content=\"summary_large_image\" \/>\n<meta name=\"twitter:label1\" content=\"Price\" \/>\n\t<meta name=\"twitter:data1\" content=\"&#067;&#072;&#070;&nbsp;23.24\" \/>\n\t<meta name=\"twitter:label2\" content=\"Availability\" \/>\n\t<meta name=\"twitter:data2\" content=\"Out of stock\" \/>\n<script type=\"application\/ld+json\" class=\"yoast-schema-graph\">{\"@context\":\"https:\\\/\\\/schema.org\",\"@graph\":[{\"@type\":\"WebPage\",\"@id\":\"https:\\\/\\\/ecosupplements.ch\\\/?product=cream-of-rice-banoffee-2000g\",\"url\":\"https:\\\/\\\/ecosupplements.ch\\\/?product=cream-of-rice-banoffee-2000g\",\"name\":\"Cream of Rice Banoffee 2000g \u2013 Trained by JP | ecosupplements.ch\",\"isPartOf\":{\"@id\":\"https:\\\/\\\/ecosupplements.ch\\\/#website\"},\"primaryImageOfPage\":{\"@id\":\"https:\\\/\\\/ecosupplements.ch\\\/?product=cream-of-rice-banoffee-2000g#primaryimage\"},\"image\":{\"@id\":\"https:\\\/\\\/ecosupplements.ch\\\/?product=cream-of-rice-banoffee-2000g#primaryimage\"},\"thumbnailUrl\":\"https:\\\/\\\/ecosupplements.ch\\\/wp-content\\\/uploads\\\/2026\\\/05\\\/Cream-of-Rice-Banoffee-2000g.jpg\",\"datePublished\":\"2026-05-11T14:40:31+00:00\",\"dateModified\":\"2026-05-12T16:18:12+00:00\",\"description\":\"Cream of Rice von Trained by JP \u2013 80 Portionen reines Kohlenhydratpulver im Banoffee-Geschmack, vegan und glutenfrei. Jetzt bestellen.\",\"breadcrumb\":{\"@id\":\"https:\\\/\\\/ecosupplements.ch\\\/?product=cream-of-rice-banoffee-2000g#breadcrumb\"},\"inLanguage\":\"de-CH\",\"potentialAction\":[{\"@type\":\"ReadAction\",\"target\":[\"https:\\\/\\\/ecosupplements.ch\\\/?product=cream-of-rice-banoffee-2000g\"]}]},{\"@type\":\"ImageObject\",\"inLanguage\":\"de-CH\",\"@id\":\"https:\\\/\\\/ecosupplements.ch\\\/?product=cream-of-rice-banoffee-2000g#primaryimage\",\"url\":\"https:\\\/\\\/ecosupplements.ch\\\/wp-content\\\/uploads\\\/2026\\\/05\\\/Cream-of-Rice-Banoffee-2000g.jpg\",\"contentUrl\":\"https:\\\/\\\/ecosupplements.ch\\\/wp-content\\\/uploads\\\/2026\\\/05\\\/Cream-of-Rice-Banoffee-2000g.jpg\",\"width\":600,\"height\":600,\"caption\":\"Cream of Rice\"},{\"@type\":\"BreadcrumbList\",\"@id\":\"https:\\\/\\\/ecosupplements.ch\\\/?product=cream-of-rice-banoffee-2000g#breadcrumb\",\"itemListElement\":[{\"@type\":\"ListItem\",\"position\":1,\"name\":\"Home\",\"item\":\"https:\\\/\\\/ecosupplements.ch\\\/\"},{\"@type\":\"ListItem\",\"position\":2,\"name\":\"Shop\",\"item\":\"https:\\\/\\\/ecosupplements.ch\\\/?page_id=14\"},{\"@type\":\"ListItem\",\"position\":3,\"name\":\"Cream of Rice, Banoffee &#8211; 2000g\"}]},{\"@type\":\"WebSite\",\"@id\":\"https:\\\/\\\/ecosupplements.ch\\\/#website\",\"url\":\"https:\\\/\\\/ecosupplements.ch\\\/\",\"name\":\"Eco Supplements\",\"description\":\"\",\"potentialAction\":[{\"@type\":\"SearchAction\",\"target\":{\"@type\":\"EntryPoint\",\"urlTemplate\":\"https:\\\/\\\/ecosupplements.ch\\\/?s={search_term_string}\"},\"query-input\":{\"@type\":\"PropertyValueSpecification\",\"valueRequired\":true,\"valueName\":\"search_term_string\"}}],\"inLanguage\":\"de-CH\"}]}<\/script>\n<meta property=\"product:price:amount\" content=\"23.24\" \/>\n<meta property=\"product:price:currency\" content=\"CHF\" \/>\n<meta property=\"og:availability\" content=\"out of stock\" \/>\n<meta property=\"product:availability\" content=\"out of stock\" \/>\n<meta property=\"product:retailer_item_id\" content=\"792816789711\" \/>\n<meta property=\"product:condition\" content=\"new\" \/>\n<!-- \/ Yoast SEO plugin. -->","yoast_head_json":{"title":"Cream of Rice Banoffee 2000g \u2013 Trained by JP | ecosupplements.ch","description":"Cream of Rice von Trained by JP \u2013 80 Portionen reines Kohlenhydratpulver im Banoffee-Geschmack, vegan und glutenfrei. Jetzt bestellen.","robots":{"index":"index","follow":"follow","max-snippet":"max-snippet:-1","max-image-preview":"max-image-preview:large","max-video-preview":"max-video-preview:-1"},"canonical":"https:\/\/ecosupplements.ch\/?product=cream-of-rice-banoffee-2000g","og_locale":"de_DE","og_type":"article","og_title":"Cream of Rice Banoffee 2000g \u2013 Trained by JP | ecosupplements.ch","og_description":"Cream of Rice von Trained by JP \u2013 80 Portionen reines Kohlenhydratpulver im Banoffee-Geschmack, vegan und glutenfrei. Jetzt bestellen.","og_url":"https:\/\/ecosupplements.ch\/?product=cream-of-rice-banoffee-2000g","og_site_name":"Eco Supplements","article_modified_time":"2026-05-12T16:18:12+00:00","og_image":[{"width":600,"height":600,"url":"https:\/\/ecosupplements.ch\/wp-content\/uploads\/2026\/05\/Cream-of-Rice-Banoffee-2000g.jpg","type":"image\/jpeg"}],"twitter_card":"summary_large_image","twitter_misc":{"Price":"&#67;&#72;&#70;&nbsp;23.24","Availability":"Out of stock"},"schema":{"@context":"https:\/\/schema.org","@graph":[{"@type":"WebPage","@id":"https:\/\/ecosupplements.ch\/?product=cream-of-rice-banoffee-2000g","url":"https:\/\/ecosupplements.ch\/?product=cream-of-rice-banoffee-2000g","name":"Cream of Rice Banoffee 2000g \u2013 Trained by JP | ecosupplements.ch","isPartOf":{"@id":"https:\/\/ecosupplements.ch\/#website"},"primaryImageOfPage":{"@id":"https:\/\/ecosupplements.ch\/?product=cream-of-rice-banoffee-2000g#primaryimage"},"image":{"@id":"https:\/\/ecosupplements.ch\/?product=cream-of-rice-banoffee-2000g#primaryimage"},"thumbnailUrl":"https:\/\/ecosupplements.ch\/wp-content\/uploads\/2026\/05\/Cream-of-Rice-Banoffee-2000g.jpg","datePublished":"2026-05-11T14:40:31+00:00","dateModified":"2026-05-12T16:18:12+00:00","description":"Cream of Rice von Trained by JP \u2013 80 Portionen reines Kohlenhydratpulver im Banoffee-Geschmack, vegan und glutenfrei. Jetzt bestellen.","breadcrumb":{"@id":"https:\/\/ecosupplements.ch\/?product=cream-of-rice-banoffee-2000g#breadcrumb"},"inLanguage":"de-CH","potentialAction":[{"@type":"ReadAction","target":["https:\/\/ecosupplements.ch\/?product=cream-of-rice-banoffee-2000g"]}]},{"@type":"ImageObject","inLanguage":"de-CH","@id":"https:\/\/ecosupplements.ch\/?product=cream-of-rice-banoffee-2000g#primaryimage","url":"https:\/\/ecosupplements.ch\/wp-content\/uploads\/2026\/05\/Cream-of-Rice-Banoffee-2000g.jpg","contentUrl":"https:\/\/ecosupplements.ch\/wp-content\/uploads\/2026\/05\/Cream-of-Rice-Banoffee-2000g.jpg","width":600,"height":600,"caption":"Cream of Rice"},{"@type":"BreadcrumbList","@id":"https:\/\/ecosupplements.ch\/?product=cream-of-rice-banoffee-2000g#breadcrumb","itemListElement":[{"@type":"ListItem","position":1,"name":"Home","item":"https:\/\/ecosupplements.ch\/"},{"@type":"ListItem","position":2,"name":"Shop","item":"https:\/\/ecosupplements.ch\/?page_id=14"},{"@type":"ListItem","position":3,"name":"Cream of Rice, Banoffee &#8211; 2000g"}]},{"@type":"WebSite","@id":"https:\/\/ecosupplements.ch\/#website","url":"https:\/\/ecosupplements.ch\/","name":"Eco Supplements","description":"","potentialAction":[{"@type":"SearchAction","target":{"@type":"EntryPoint","urlTemplate":"https:\/\/ecosupplements.ch\/?s={search_term_string}"},"query-input":{"@type":"PropertyValueSpecification","valueRequired":true,"valueName":"search_term_string"}}],"inLanguage":"de-CH"}]},"product_price_amount":"23.24","product_price_currency":"CHF","og_availability":"out of stock","product_availability":"out of stock","product_retailer_item_id":"792816789711","product_condition":"new"},"_links":{"self":[{"href":"https:\/\/ecosupplements.ch\/index.php?rest_route=\/wp\/v2\/product\/2815","targetHints":{"allow":["GET"]}}],"collection":[{"href":"https:\/\/ecosupplements.ch\/index.php?rest_route=\/wp\/v2\/product"}],"about":[{"href":"https:\/\/ecosupplements.ch\/index.php?rest_route=\/wp\/v2\/types\/product"}],"replies":[{"embeddable":true,"href":"https:\/\/ecosupplements.ch\/index.php?rest_route=%2Fwp%2Fv2%2Fcomments&post=2815"}],"wp:featuredmedia":[{"embeddable":true,"href":"https:\/\/ecosupplements.ch\/index.php?rest_route=\/wp\/v2\/media\/2816"}],"wp:attachment":[{"href":"https:\/\/ecosupplements.ch\/index.php?rest_route=%2Fwp%2Fv2%2Fmedia&parent=2815"}],"wp:term":[{"taxonomy":"product_brand","embeddable":true,"href":"https:\/\/ecosupplements.ch\/index.php?rest_route=%2Fwp%2Fv2%2Fproduct_brand&post=2815"},{"taxonomy":"product_cat","embeddable":true,"href":"https:\/\/ecosupplements.ch\/index.php?rest_route=%2Fwp%2Fv2%2Fproduct_cat&post=2815"},{"taxonomy":"product_tag","embeddable":true,"href":"https:\/\/ecosupplements.ch\/index.php?rest_route=%2Fwp%2Fv2%2Fproduct_tag&post=2815"}],"curies":[{"name":"wp","href":"https:\/\/api.w.org\/{rel}","templated":true}]}}