{"id":2829,"date":"2026-05-11T14:40:36","date_gmt":"2026-05-11T14:40:36","guid":{"rendered":"https:\/\/ecosupplements.ch\/?product=melatonin-blueberry-60-gummies"},"modified":"2026-05-13T07:26:50","modified_gmt":"2026-05-13T07:26:50","slug":"melatonin-blueberry-60-gummies","status":"publish","type":"product","link":"https:\/\/ecosupplements.ch\/?product=melatonin-blueberry-60-gummies","title":{"rendered":"Melatonin, Blueberry &#8211; 60 gummies"},"content":{"rendered":"<div class=\"chcg-product-description\">\n<h2 class=\"chcg-heading\">\u00dcber Weider \u2013 Melatonin, Blueberry \u2013 60 Gummies<\/h2>\n<div class=\"chcg-intro\">\n<p>Die Weider Melatonin Gummies mit Blaubeergeschmack sind eine angenehme und praktische M\u00f6glichkeit, die abendliche Routine zu unterst\u00fctzen. Jede Gummib\u00e4rchen-Portion enth\u00e4lt 1 mg Melatonin sowie Vitamin B6, das zur Regulierung der Hormont\u00e4tigkeit beitr\u00e4gt \u2013 darunter auch die Melatoninproduktion des K\u00f6rpers.<\/p>\n<p>Vitamin B6 tr\u00e4gt zur normalen psychischen Funktion und zur Verringerung von M\u00fcdigkeit und Ersch\u00f6pfung bei. Die leckere Blaubeernote macht die Einnahme besonders angenehm \u2013 ganz ohne Wasser oder Schlucken von Kapseln.<\/p>\n<p>Mit 60 Portionen pro Packung bieten diese Gummies eine \u00fcbersichtliche und einfach dosierbare Erg\u00e4nzung f\u00fcr den Abend. Das kompakte Format eignet sich ideal f\u00fcr den t\u00e4glichen Gebrauch zu Hause oder auch auf Reisen.<\/p>\n<\/p><\/div>\n<div class=\"chcg-nutrition\">\n<h3>N\u00e4hrwertangaben<\/h3>\n<table class=\"chcg-nutrition-table\">\n<thead>\n<tr>\n<th>N\u00e4hrstoff<\/th>\n<th>Pro Portion (1 Gummy = 3 g)<\/th>\n<\/tr>\n<\/thead>\n<tbody>\n<tr>\n<td>Vitamin B6 (Pyridoxinhydrochlorid)<\/td>\n<td>0,7 mg (50% NRV)<\/td>\n<\/tr>\n<tr>\n<td>Melatonin<\/td>\n<td>1 mg (*)<\/td>\n<\/tr>\n<\/tbody>\n<\/table>\n<p class=\"chcg-footnote\">* Kein N\u00e4hrstoffreferenzwert (NRV) festgelegt.<\/p>\n<\/p><\/div>\n<div class=\"chcg-ingredients\">\n<h3>Zutaten<\/h3>\n<p>S\u00fcssungsmittel: Maltitol, Sorbitol; Wasser, Gelatine, S\u00e4uerungsmittel: Zitronens\u00e4ure; Kokosnuss\u00f6l, Raps\u00f6l, \u00dcberzugsmittel: Bienenwachs, Carnaubawachs; Blaubeeraroma, Farbstoff: Brillantblau FCF (E133); Melatonin, Vitamin B6 (Pyridoxinhydrochlorid).<\/p>\n<\/p><\/div>\n<div class=\"chcg-dosage\">\n<h3>Verzehrempfehlung<\/h3>\n<p>1 Gummib\u00e4rchen vor dem Schlafengehen einnehmen. Die empfohlene Tagesdosis nicht \u00fcberschreiten.<\/p>\n<\/p><\/div>\n<div class=\"chcg-warnings\">\n<h3>Warnhinweise<\/h3>\n<p>Die empfohlene Tagesdosis nicht \u00fcberschreiten. Ausserhalb der Reichweite von Kindern unter drei Jahren aufbewahren. Nahrungserg\u00e4nzungsmittel sind nicht als Ersatz f\u00fcr eine abwechslungsreiche, ausgewogene Ern\u00e4hrung und eine gesunde Lebensweise gedacht. Nicht w\u00e4hrend der Schwangerschaft, bei Kindern oder in keinem Fall \u00fcber einen l\u00e4ngeren Zeitraum ohne R\u00fccksprache mit einem Arzt verwenden. \u00dcberm\u00e4ssiger Konsum kann abf\u00fchrend wirken.<\/p>\n<\/p><\/div>\n<div class=\"chcg-allergens\">\n<h3>Allergeninformationen<\/h3>\n<p>Allergenfrei; hergestellt in Anlagen ohne Allergenspuren.<\/p>\n<\/p><\/div>\n<div class=\"chcg-storage\">\n<h3>Lagerung<\/h3>\n<p>An einem k\u00fchlen und trockenen Ort aufbewahren.<\/p>\n<\/p><\/div>\n<div class=\"chcg-dietary\">\n<h3>Ern\u00e4hrungshinweise<\/h3>\n<ul>\n<li>Glutenfrei<\/li>\n<li>Laktosefrei<\/li>\n<\/ul><\/div>\n<\/div>\n","protected":false},"excerpt":{"rendered":"<p>Weider Melatonin Gummies mit Blaubeergeschmack unterst\u00fctzen Ihre Abendroutine mit 1 mg Melatonin und Vitamin B6 pro Portion. 60 praktische Gummies pro Packung \u2013 glutenfrei und laktosefrei.<\/p>\n","protected":false},"featured_media":2830,"comment_status":"closed","ping_status":"open","template":"","meta":[],"product_brand":[446],"product_cat":[48,83],"product_tag":[],"class_list":{"0":"post-2829","1":"product","2":"type-product","3":"status-publish","4":"has-post-thumbnail","6":"product_brand-weider","7":"product_cat-gesunde-ernaehrung","8":"product_cat-schlafunterstuetzung","10":"first","11":"outofstock","12":"taxable","13":"shipping-taxable","14":"purchasable","15":"product-type-simple"},"yoast_head":"<!-- This site is optimized with the Yoast SEO plugin v27.5 - https:\/\/yoast.com\/product\/yoast-seo-wordpress\/ -->\n<title>Melatonin Blueberry Gummies \u2013 Weider | ecosupplements.ch<\/title>\n<meta name=\"description\" content=\"Weider Melatonin Gummies mit Blaubeergeschmack \u2013 1 mg Melatonin und Vitamin B6 pro Gummy, 60 Portionen, glutenfrei. Jetzt bestellen.\" \/>\n<meta name=\"robots\" content=\"index, follow, max-snippet:-1, max-image-preview:large, max-video-preview:-1\" \/>\n<link rel=\"canonical\" href=\"https:\/\/ecosupplements.ch\/?product=melatonin-blueberry-60-gummies\" \/>\n<meta property=\"og:locale\" content=\"de_DE\" \/>\n<meta property=\"og:type\" content=\"article\" \/>\n<meta property=\"og:title\" content=\"Melatonin Blueberry Gummies \u2013 Weider | ecosupplements.ch\" \/>\n<meta property=\"og:description\" content=\"Weider Melatonin Gummies mit Blaubeergeschmack \u2013 1 mg Melatonin und Vitamin B6 pro Gummy, 60 Portionen, glutenfrei. Jetzt bestellen.\" \/>\n<meta property=\"og:url\" content=\"https:\/\/ecosupplements.ch\/?product=melatonin-blueberry-60-gummies\" \/>\n<meta property=\"og:site_name\" content=\"Eco Supplements\" \/>\n<meta property=\"article:modified_time\" content=\"2026-05-13T07:26:50+00:00\" \/>\n<meta property=\"og:image\" content=\"https:\/\/ecosupplements.ch\/wp-content\/uploads\/2026\/05\/Melatonin-Blueberry-60-gummies.jpg\" \/>\n\t<meta property=\"og:image:width\" content=\"369\" \/>\n\t<meta property=\"og:image:height\" content=\"702\" \/>\n\t<meta property=\"og:image:type\" content=\"image\/jpeg\" \/>\n<meta name=\"twitter:card\" content=\"summary_large_image\" \/>\n<meta name=\"twitter:label1\" content=\"Price\" \/>\n\t<meta name=\"twitter:data1\" content=\"&#067;&#072;&#070;&nbsp;9.86\" \/>\n\t<meta name=\"twitter:label2\" content=\"Availability\" \/>\n\t<meta name=\"twitter:data2\" content=\"Out of stock\" \/>\n<script type=\"application\/ld+json\" class=\"yoast-schema-graph\">{\"@context\":\"https:\\\/\\\/schema.org\",\"@graph\":[{\"@type\":\"WebPage\",\"@id\":\"https:\\\/\\\/ecosupplements.ch\\\/?product=melatonin-blueberry-60-gummies\",\"url\":\"https:\\\/\\\/ecosupplements.ch\\\/?product=melatonin-blueberry-60-gummies\",\"name\":\"Melatonin Blueberry Gummies \u2013 Weider | ecosupplements.ch\",\"isPartOf\":{\"@id\":\"https:\\\/\\\/ecosupplements.ch\\\/#website\"},\"primaryImageOfPage\":{\"@id\":\"https:\\\/\\\/ecosupplements.ch\\\/?product=melatonin-blueberry-60-gummies#primaryimage\"},\"image\":{\"@id\":\"https:\\\/\\\/ecosupplements.ch\\\/?product=melatonin-blueberry-60-gummies#primaryimage\"},\"thumbnailUrl\":\"https:\\\/\\\/ecosupplements.ch\\\/wp-content\\\/uploads\\\/2026\\\/05\\\/Melatonin-Blueberry-60-gummies.jpg\",\"datePublished\":\"2026-05-11T14:40:36+00:00\",\"dateModified\":\"2026-05-13T07:26:50+00:00\",\"description\":\"Weider Melatonin Gummies mit Blaubeergeschmack \u2013 1 mg Melatonin und Vitamin B6 pro Gummy, 60 Portionen, glutenfrei. Jetzt bestellen.\",\"breadcrumb\":{\"@id\":\"https:\\\/\\\/ecosupplements.ch\\\/?product=melatonin-blueberry-60-gummies#breadcrumb\"},\"inLanguage\":\"de-CH\",\"potentialAction\":[{\"@type\":\"ReadAction\",\"target\":[\"https:\\\/\\\/ecosupplements.ch\\\/?product=melatonin-blueberry-60-gummies\"]}]},{\"@type\":\"ImageObject\",\"inLanguage\":\"de-CH\",\"@id\":\"https:\\\/\\\/ecosupplements.ch\\\/?product=melatonin-blueberry-60-gummies#primaryimage\",\"url\":\"https:\\\/\\\/ecosupplements.ch\\\/wp-content\\\/uploads\\\/2026\\\/05\\\/Melatonin-Blueberry-60-gummies.jpg\",\"contentUrl\":\"https:\\\/\\\/ecosupplements.ch\\\/wp-content\\\/uploads\\\/2026\\\/05\\\/Melatonin-Blueberry-60-gummies.jpg\",\"width\":369,\"height\":702,\"caption\":\"Melatonin\"},{\"@type\":\"BreadcrumbList\",\"@id\":\"https:\\\/\\\/ecosupplements.ch\\\/?product=melatonin-blueberry-60-gummies#breadcrumb\",\"itemListElement\":[{\"@type\":\"ListItem\",\"position\":1,\"name\":\"Home\",\"item\":\"https:\\\/\\\/ecosupplements.ch\\\/\"},{\"@type\":\"ListItem\",\"position\":2,\"name\":\"Shop\",\"item\":\"https:\\\/\\\/ecosupplements.ch\\\/?page_id=14\"},{\"@type\":\"ListItem\",\"position\":3,\"name\":\"Melatonin, Blueberry &#8211; 60 gummies\"}]},{\"@type\":\"WebSite\",\"@id\":\"https:\\\/\\\/ecosupplements.ch\\\/#website\",\"url\":\"https:\\\/\\\/ecosupplements.ch\\\/\",\"name\":\"Eco Supplements\",\"description\":\"\",\"potentialAction\":[{\"@type\":\"SearchAction\",\"target\":{\"@type\":\"EntryPoint\",\"urlTemplate\":\"https:\\\/\\\/ecosupplements.ch\\\/?s={search_term_string}\"},\"query-input\":{\"@type\":\"PropertyValueSpecification\",\"valueRequired\":true,\"valueName\":\"search_term_string\"}}],\"inLanguage\":\"de-CH\"}]}<\/script>\n<meta property=\"product:price:amount\" content=\"9.86\" \/>\n<meta property=\"product:price:currency\" content=\"CHF\" \/>\n<meta property=\"og:availability\" content=\"out of stock\" \/>\n<meta property=\"product:availability\" content=\"out of stock\" \/>\n<meta property=\"product:retailer_item_id\" content=\"8414192309810\" \/>\n<meta property=\"product:condition\" content=\"new\" \/>\n<!-- \/ Yoast SEO plugin. -->","yoast_head_json":{"title":"Melatonin Blueberry Gummies \u2013 Weider | ecosupplements.ch","description":"Weider Melatonin Gummies mit Blaubeergeschmack \u2013 1 mg Melatonin und Vitamin B6 pro Gummy, 60 Portionen, glutenfrei. Jetzt bestellen.","robots":{"index":"index","follow":"follow","max-snippet":"max-snippet:-1","max-image-preview":"max-image-preview:large","max-video-preview":"max-video-preview:-1"},"canonical":"https:\/\/ecosupplements.ch\/?product=melatonin-blueberry-60-gummies","og_locale":"de_DE","og_type":"article","og_title":"Melatonin Blueberry Gummies \u2013 Weider | ecosupplements.ch","og_description":"Weider Melatonin Gummies mit Blaubeergeschmack \u2013 1 mg Melatonin und Vitamin B6 pro Gummy, 60 Portionen, glutenfrei. Jetzt bestellen.","og_url":"https:\/\/ecosupplements.ch\/?product=melatonin-blueberry-60-gummies","og_site_name":"Eco Supplements","article_modified_time":"2026-05-13T07:26:50+00:00","og_image":[{"width":369,"height":702,"url":"https:\/\/ecosupplements.ch\/wp-content\/uploads\/2026\/05\/Melatonin-Blueberry-60-gummies.jpg","type":"image\/jpeg"}],"twitter_card":"summary_large_image","twitter_misc":{"Price":"&#67;&#72;&#70;&nbsp;9.86","Availability":"Out of stock"},"schema":{"@context":"https:\/\/schema.org","@graph":[{"@type":"WebPage","@id":"https:\/\/ecosupplements.ch\/?product=melatonin-blueberry-60-gummies","url":"https:\/\/ecosupplements.ch\/?product=melatonin-blueberry-60-gummies","name":"Melatonin Blueberry Gummies \u2013 Weider | ecosupplements.ch","isPartOf":{"@id":"https:\/\/ecosupplements.ch\/#website"},"primaryImageOfPage":{"@id":"https:\/\/ecosupplements.ch\/?product=melatonin-blueberry-60-gummies#primaryimage"},"image":{"@id":"https:\/\/ecosupplements.ch\/?product=melatonin-blueberry-60-gummies#primaryimage"},"thumbnailUrl":"https:\/\/ecosupplements.ch\/wp-content\/uploads\/2026\/05\/Melatonin-Blueberry-60-gummies.jpg","datePublished":"2026-05-11T14:40:36+00:00","dateModified":"2026-05-13T07:26:50+00:00","description":"Weider Melatonin Gummies mit Blaubeergeschmack \u2013 1 mg Melatonin und Vitamin B6 pro Gummy, 60 Portionen, glutenfrei. Jetzt bestellen.","breadcrumb":{"@id":"https:\/\/ecosupplements.ch\/?product=melatonin-blueberry-60-gummies#breadcrumb"},"inLanguage":"de-CH","potentialAction":[{"@type":"ReadAction","target":["https:\/\/ecosupplements.ch\/?product=melatonin-blueberry-60-gummies"]}]},{"@type":"ImageObject","inLanguage":"de-CH","@id":"https:\/\/ecosupplements.ch\/?product=melatonin-blueberry-60-gummies#primaryimage","url":"https:\/\/ecosupplements.ch\/wp-content\/uploads\/2026\/05\/Melatonin-Blueberry-60-gummies.jpg","contentUrl":"https:\/\/ecosupplements.ch\/wp-content\/uploads\/2026\/05\/Melatonin-Blueberry-60-gummies.jpg","width":369,"height":702,"caption":"Melatonin"},{"@type":"BreadcrumbList","@id":"https:\/\/ecosupplements.ch\/?product=melatonin-blueberry-60-gummies#breadcrumb","itemListElement":[{"@type":"ListItem","position":1,"name":"Home","item":"https:\/\/ecosupplements.ch\/"},{"@type":"ListItem","position":2,"name":"Shop","item":"https:\/\/ecosupplements.ch\/?page_id=14"},{"@type":"ListItem","position":3,"name":"Melatonin, Blueberry &#8211; 60 gummies"}]},{"@type":"WebSite","@id":"https:\/\/ecosupplements.ch\/#website","url":"https:\/\/ecosupplements.ch\/","name":"Eco Supplements","description":"","potentialAction":[{"@type":"SearchAction","target":{"@type":"EntryPoint","urlTemplate":"https:\/\/ecosupplements.ch\/?s={search_term_string}"},"query-input":{"@type":"PropertyValueSpecification","valueRequired":true,"valueName":"search_term_string"}}],"inLanguage":"de-CH"}]},"product_price_amount":"9.86","product_price_currency":"CHF","og_availability":"out of stock","product_availability":"out of stock","product_retailer_item_id":"8414192309810","product_condition":"new"},"_links":{"self":[{"href":"https:\/\/ecosupplements.ch\/index.php?rest_route=\/wp\/v2\/product\/2829","targetHints":{"allow":["GET"]}}],"collection":[{"href":"https:\/\/ecosupplements.ch\/index.php?rest_route=\/wp\/v2\/product"}],"about":[{"href":"https:\/\/ecosupplements.ch\/index.php?rest_route=\/wp\/v2\/types\/product"}],"replies":[{"embeddable":true,"href":"https:\/\/ecosupplements.ch\/index.php?rest_route=%2Fwp%2Fv2%2Fcomments&post=2829"}],"wp:featuredmedia":[{"embeddable":true,"href":"https:\/\/ecosupplements.ch\/index.php?rest_route=\/wp\/v2\/media\/2830"}],"wp:attachment":[{"href":"https:\/\/ecosupplements.ch\/index.php?rest_route=%2Fwp%2Fv2%2Fmedia&parent=2829"}],"wp:term":[{"taxonomy":"product_brand","embeddable":true,"href":"https:\/\/ecosupplements.ch\/index.php?rest_route=%2Fwp%2Fv2%2Fproduct_brand&post=2829"},{"taxonomy":"product_cat","embeddable":true,"href":"https:\/\/ecosupplements.ch\/index.php?rest_route=%2Fwp%2Fv2%2Fproduct_cat&post=2829"},{"taxonomy":"product_tag","embeddable":true,"href":"https:\/\/ecosupplements.ch\/index.php?rest_route=%2Fwp%2Fv2%2Fproduct_tag&post=2829"}],"curies":[{"name":"wp","href":"https:\/\/api.w.org\/{rel}","templated":true}]}}