{"id":2861,"date":"2026-05-11T14:40:50","date_gmt":"2026-05-11T14:40:50","guid":{"rendered":"https:\/\/ecosupplements.ch\/?product=zein-pharma-propionic-acid-500mg-120-caps"},"modified":"2026-05-13T07:25:34","modified_gmt":"2026-05-13T07:25:34","slug":"zein-pharma-propionic-acid-500mg-120-caps","status":"publish","type":"product","link":"https:\/\/ecosupplements.ch\/?product=zein-pharma-propionic-acid-500mg-120-caps","title":{"rendered":"Zein Pharma &#8211; Propionic Acid, 500mg &#8211; 120 caps"},"content":{"rendered":"<div class=\"chcg-product-description\">\n<h2 class=\"chcg-heading\">\u00dcber Zein Pharma \u2013 Propionic Acid, 500mg \u2013 120 Kapseln<\/h2>\n<div class=\"chcg-intro\">\n<p>Propions\u00e4ure (Propionic Acid) ist eine kurzkettige Fetts\u00e4ure, die nat\u00fcrlicherweise im menschlichen Stoffwechsel vorkommt und eine Rolle im Energiestoffwechsel sowie im intestinalen Milieu spielt. Zein Pharma bietet Natriumproprionat \u2013 das Natriumsalz der Propions\u00e4ure \u2013 in praktischer Kapselform an, mit einer klar definierten Wirkstoffmenge von 500 mg pro Kapsel.<\/p>\n<p>Jede Packung enth\u00e4lt 120 vegane HPMC-Kapseln, was bei der empfohlenen Tagesdosis von 2 Kapseln einem Vorrat von 60 Tagen entspricht. Die Kapseln sind einfach einzunehmen und eignen sich f\u00fcr eine vegane und vegetarische Ern\u00e4hrungsweise.<\/p>\n<p>Zein Pharma steht f\u00fcr transparente Rezepturen ohne unn\u00f6tige Zusatzstoffe. Natriumpropionat wird in dieser Formulierung in reiner Form eingesetzt \u2013 ohne F\u00fcllstoffe, Farbstoffe oder tierische Bestandteile.<\/p>\n<\/p><\/div>\n<div class=\"chcg-nutrition\">\n<h3>N\u00e4hrwertangaben<\/h3>\n<table class=\"chcg-nutrition-table\">\n<thead>\n<tr>\n<th>N\u00e4hrstoff<\/th>\n<th>Pro 1 Kapsel<\/th>\n<th>Pro 2 Kapseln (Tagesdosis)<\/th>\n<\/tr>\n<\/thead>\n<tbody>\n<tr>\n<td>Natriumpropionat<\/td>\n<td>500 mg<\/td>\n<td>1000 mg<\/td>\n<\/tr>\n<\/tbody>\n<\/table>\n<p class=\"chcg-footnote\">** Kein festgelegter Tagesreferenzwert vorhanden.<\/p>\n<\/p><\/div>\n<div class=\"chcg-ingredients\">\n<h3>Zutaten<\/h3>\n<p>Natriumpropionat, Hydroxypropylmethylcellulose (Kapsel).<\/p>\n<p class=\"chcg-capsule-shell\">Kapselh\u00fclle: Hydroxypropylmethylcellulose (HPMC) \u2013 vegane Kapselh\u00fclle<\/p>\n<\/p><\/div>\n<div class=\"chcg-dosage\">\n<h3>Verzehrempfehlung<\/h3>\n<p>T\u00e4glich 2 Kapseln unzerkaut mit ausreichend Wasser zu einer Mahlzeit einnehmen. Empfohlene Tagesdosis: 2 Kapseln (1000 mg Natriumpropionat).<\/p>\n<\/p><\/div>\n<div class=\"chcg-warnings\">\n<h3>Warnhinweise<\/h3>\n<p>Die empfohlene Tagesdosis nicht \u00fcberschreiten. Nahrungserg\u00e4nzungsmittel sind kein Ersatz f\u00fcr eine abwechslungsreiche und ausgewogene Ern\u00e4hrung sowie eine gesunde Lebensweise. Ausserhalb der Reichweite von Kindern aufbewahren. W\u00e4hrend der Schwangerschaft und Stillzeit sollte die Einnahme von Natriumpropionat und Produkten mit Propions\u00e4ure mit Vorsicht erfolgen, da m\u00f6gliche Reizungen und unzureichende Sicherheitsdaten vorliegen; vor der Einnahme einen Arzt konsultieren. Bei unvertr\u00e4glicher Reaktion auf das Produkt die Einnahme sofort abbrechen.<\/p>\n<\/p><\/div>\n<div class=\"chcg-allergens\">\n<h3>Allergeninformationen<\/h3>\n<p>Auf dem Produktetikett sind keine Allergene deklariert.<\/p>\n<\/p><\/div>\n<div class=\"chcg-storage\">\n<h3>Lagerung<\/h3>\n<p>Gut verschlossen an einem k\u00fchlen, trockenen Ort, gesch\u00fctzt vor W\u00e4rmequellen, aufbewahren.<\/p>\n<\/p><\/div>\n<div class=\"chcg-dietary\">\n<h3>Ern\u00e4hrungshinweise<\/h3>\n<ul>\n<li>Vegan<\/li>\n<li>Vegetarisch<\/li>\n<\/ul><\/div>\n<\/div>\n","protected":false},"excerpt":{"rendered":"<p>Zein Pharma Propionic Acid liefert 500 mg Natriumpropionat pro veganer HPMC-Kapsel. Die Packung mit 120 Kapseln reicht bei 2 Kapseln t\u00e4glich f\u00fcr 60 Tage. Ohne F\u00fcllstoffe \u2013 f\u00fcr vegane und vegetarische Ern\u00e4hrung geeignet.<\/p>\n","protected":false},"featured_media":2862,"comment_status":"closed","ping_status":"open","template":"","meta":[],"product_brand":[234],"product_cat":[48,25,22],"product_tag":[],"class_list":{"0":"post-2861","1":"product","2":"type-product","3":"status-publish","4":"has-post-thumbnail","6":"product_brand-zein-pharma","7":"product_cat-gesunde-ernaehrung","8":"product_cat-gesundheit-und-wohlbefinden","9":"product_cat-vegane-produkte","11":"first","12":"outofstock","13":"taxable","14":"shipping-taxable","15":"purchasable","16":"product-type-simple"},"yoast_head":"<!-- This site is optimized with the Yoast SEO plugin v27.5 - https:\/\/yoast.com\/product\/yoast-seo-wordpress\/ -->\n<title>Propionic Acid 500mg \u2013 Zein Pharma | ecosupplements.ch<\/title>\n<meta name=\"description\" content=\"Zein Pharma Propionic Acid mit 500 mg Natriumpropionat pro Kapsel \u2013 120 vegane Kapseln f\u00fcr 60 Tage. Jetzt bestellen.\" \/>\n<meta name=\"robots\" content=\"index, follow, max-snippet:-1, max-image-preview:large, max-video-preview:-1\" \/>\n<link rel=\"canonical\" href=\"https:\/\/ecosupplements.ch\/?product=zein-pharma-propionic-acid-500mg-120-caps\" \/>\n<meta property=\"og:locale\" content=\"de_DE\" \/>\n<meta property=\"og:type\" content=\"article\" \/>\n<meta property=\"og:title\" content=\"Propionic Acid 500mg \u2013 Zein Pharma | ecosupplements.ch\" \/>\n<meta property=\"og:description\" content=\"Zein Pharma Propionic Acid mit 500 mg Natriumpropionat pro Kapsel \u2013 120 vegane Kapseln f\u00fcr 60 Tage. Jetzt bestellen.\" \/>\n<meta property=\"og:url\" content=\"https:\/\/ecosupplements.ch\/?product=zein-pharma-propionic-acid-500mg-120-caps\" \/>\n<meta property=\"og:site_name\" content=\"Eco Supplements\" \/>\n<meta property=\"article:modified_time\" content=\"2026-05-13T07:25:34+00:00\" \/>\n<meta property=\"og:image\" content=\"https:\/\/ecosupplements.ch\/wp-content\/uploads\/2026\/05\/Zein-Pharma-Propionic-Acid-500mg-120-caps.jpg\" \/>\n\t<meta property=\"og:image:width\" content=\"660\" \/>\n\t<meta property=\"og:image:height\" content=\"648\" \/>\n\t<meta property=\"og:image:type\" content=\"image\/jpeg\" \/>\n<meta name=\"twitter:card\" content=\"summary_large_image\" \/>\n<meta name=\"twitter:label1\" content=\"Price\" \/>\n\t<meta name=\"twitter:data1\" content=\"&#067;&#072;&#070;&nbsp;27.41\" \/>\n\t<meta name=\"twitter:label2\" content=\"Availability\" \/>\n\t<meta name=\"twitter:data2\" content=\"Out of stock\" \/>\n<script type=\"application\/ld+json\" class=\"yoast-schema-graph\">{\"@context\":\"https:\\\/\\\/schema.org\",\"@graph\":[{\"@type\":\"WebPage\",\"@id\":\"https:\\\/\\\/ecosupplements.ch\\\/?product=zein-pharma-propionic-acid-500mg-120-caps\",\"url\":\"https:\\\/\\\/ecosupplements.ch\\\/?product=zein-pharma-propionic-acid-500mg-120-caps\",\"name\":\"Propionic Acid 500mg \u2013 Zein Pharma | ecosupplements.ch\",\"isPartOf\":{\"@id\":\"https:\\\/\\\/ecosupplements.ch\\\/#website\"},\"primaryImageOfPage\":{\"@id\":\"https:\\\/\\\/ecosupplements.ch\\\/?product=zein-pharma-propionic-acid-500mg-120-caps#primaryimage\"},\"image\":{\"@id\":\"https:\\\/\\\/ecosupplements.ch\\\/?product=zein-pharma-propionic-acid-500mg-120-caps#primaryimage\"},\"thumbnailUrl\":\"https:\\\/\\\/ecosupplements.ch\\\/wp-content\\\/uploads\\\/2026\\\/05\\\/Zein-Pharma-Propionic-Acid-500mg-120-caps.jpg\",\"datePublished\":\"2026-05-11T14:40:50+00:00\",\"dateModified\":\"2026-05-13T07:25:34+00:00\",\"description\":\"Zein Pharma Propionic Acid mit 500 mg Natriumpropionat pro Kapsel \u2013 120 vegane Kapseln f\u00fcr 60 Tage. Jetzt bestellen.\",\"breadcrumb\":{\"@id\":\"https:\\\/\\\/ecosupplements.ch\\\/?product=zein-pharma-propionic-acid-500mg-120-caps#breadcrumb\"},\"inLanguage\":\"de-CH\",\"potentialAction\":[{\"@type\":\"ReadAction\",\"target\":[\"https:\\\/\\\/ecosupplements.ch\\\/?product=zein-pharma-propionic-acid-500mg-120-caps\"]}]},{\"@type\":\"ImageObject\",\"inLanguage\":\"de-CH\",\"@id\":\"https:\\\/\\\/ecosupplements.ch\\\/?product=zein-pharma-propionic-acid-500mg-120-caps#primaryimage\",\"url\":\"https:\\\/\\\/ecosupplements.ch\\\/wp-content\\\/uploads\\\/2026\\\/05\\\/Zein-Pharma-Propionic-Acid-500mg-120-caps.jpg\",\"contentUrl\":\"https:\\\/\\\/ecosupplements.ch\\\/wp-content\\\/uploads\\\/2026\\\/05\\\/Zein-Pharma-Propionic-Acid-500mg-120-caps.jpg\",\"width\":660,\"height\":648,\"caption\":\"Zein Pharma - Propionic Acid\"},{\"@type\":\"BreadcrumbList\",\"@id\":\"https:\\\/\\\/ecosupplements.ch\\\/?product=zein-pharma-propionic-acid-500mg-120-caps#breadcrumb\",\"itemListElement\":[{\"@type\":\"ListItem\",\"position\":1,\"name\":\"Home\",\"item\":\"https:\\\/\\\/ecosupplements.ch\\\/\"},{\"@type\":\"ListItem\",\"position\":2,\"name\":\"Shop\",\"item\":\"https:\\\/\\\/ecosupplements.ch\\\/?page_id=14\"},{\"@type\":\"ListItem\",\"position\":3,\"name\":\"Zein Pharma &#8211; Propionic Acid, 500mg &#8211; 120 caps\"}]},{\"@type\":\"WebSite\",\"@id\":\"https:\\\/\\\/ecosupplements.ch\\\/#website\",\"url\":\"https:\\\/\\\/ecosupplements.ch\\\/\",\"name\":\"Eco Supplements\",\"description\":\"\",\"potentialAction\":[{\"@type\":\"SearchAction\",\"target\":{\"@type\":\"EntryPoint\",\"urlTemplate\":\"https:\\\/\\\/ecosupplements.ch\\\/?s={search_term_string}\"},\"query-input\":{\"@type\":\"PropertyValueSpecification\",\"valueRequired\":true,\"valueName\":\"search_term_string\"}}],\"inLanguage\":\"de-CH\"}]}<\/script>\n<meta property=\"product:price:amount\" content=\"27.41\" \/>\n<meta property=\"product:price:currency\" content=\"CHF\" \/>\n<meta property=\"og:availability\" content=\"out of stock\" \/>\n<meta property=\"product:availability\" content=\"out of stock\" \/>\n<meta property=\"product:retailer_item_id\" content=\"4260085384785\" \/>\n<meta property=\"product:condition\" content=\"new\" \/>\n<!-- \/ Yoast SEO plugin. -->","yoast_head_json":{"title":"Propionic Acid 500mg \u2013 Zein Pharma | ecosupplements.ch","description":"Zein Pharma Propionic Acid mit 500 mg Natriumpropionat pro Kapsel \u2013 120 vegane Kapseln f\u00fcr 60 Tage. Jetzt bestellen.","robots":{"index":"index","follow":"follow","max-snippet":"max-snippet:-1","max-image-preview":"max-image-preview:large","max-video-preview":"max-video-preview:-1"},"canonical":"https:\/\/ecosupplements.ch\/?product=zein-pharma-propionic-acid-500mg-120-caps","og_locale":"de_DE","og_type":"article","og_title":"Propionic Acid 500mg \u2013 Zein Pharma | ecosupplements.ch","og_description":"Zein Pharma Propionic Acid mit 500 mg Natriumpropionat pro Kapsel \u2013 120 vegane Kapseln f\u00fcr 60 Tage. Jetzt bestellen.","og_url":"https:\/\/ecosupplements.ch\/?product=zein-pharma-propionic-acid-500mg-120-caps","og_site_name":"Eco Supplements","article_modified_time":"2026-05-13T07:25:34+00:00","og_image":[{"width":660,"height":648,"url":"https:\/\/ecosupplements.ch\/wp-content\/uploads\/2026\/05\/Zein-Pharma-Propionic-Acid-500mg-120-caps.jpg","type":"image\/jpeg"}],"twitter_card":"summary_large_image","twitter_misc":{"Price":"&#67;&#72;&#70;&nbsp;27.41","Availability":"Out of stock"},"schema":{"@context":"https:\/\/schema.org","@graph":[{"@type":"WebPage","@id":"https:\/\/ecosupplements.ch\/?product=zein-pharma-propionic-acid-500mg-120-caps","url":"https:\/\/ecosupplements.ch\/?product=zein-pharma-propionic-acid-500mg-120-caps","name":"Propionic Acid 500mg \u2013 Zein Pharma | ecosupplements.ch","isPartOf":{"@id":"https:\/\/ecosupplements.ch\/#website"},"primaryImageOfPage":{"@id":"https:\/\/ecosupplements.ch\/?product=zein-pharma-propionic-acid-500mg-120-caps#primaryimage"},"image":{"@id":"https:\/\/ecosupplements.ch\/?product=zein-pharma-propionic-acid-500mg-120-caps#primaryimage"},"thumbnailUrl":"https:\/\/ecosupplements.ch\/wp-content\/uploads\/2026\/05\/Zein-Pharma-Propionic-Acid-500mg-120-caps.jpg","datePublished":"2026-05-11T14:40:50+00:00","dateModified":"2026-05-13T07:25:34+00:00","description":"Zein Pharma Propionic Acid mit 500 mg Natriumpropionat pro Kapsel \u2013 120 vegane Kapseln f\u00fcr 60 Tage. Jetzt bestellen.","breadcrumb":{"@id":"https:\/\/ecosupplements.ch\/?product=zein-pharma-propionic-acid-500mg-120-caps#breadcrumb"},"inLanguage":"de-CH","potentialAction":[{"@type":"ReadAction","target":["https:\/\/ecosupplements.ch\/?product=zein-pharma-propionic-acid-500mg-120-caps"]}]},{"@type":"ImageObject","inLanguage":"de-CH","@id":"https:\/\/ecosupplements.ch\/?product=zein-pharma-propionic-acid-500mg-120-caps#primaryimage","url":"https:\/\/ecosupplements.ch\/wp-content\/uploads\/2026\/05\/Zein-Pharma-Propionic-Acid-500mg-120-caps.jpg","contentUrl":"https:\/\/ecosupplements.ch\/wp-content\/uploads\/2026\/05\/Zein-Pharma-Propionic-Acid-500mg-120-caps.jpg","width":660,"height":648,"caption":"Zein Pharma - Propionic Acid"},{"@type":"BreadcrumbList","@id":"https:\/\/ecosupplements.ch\/?product=zein-pharma-propionic-acid-500mg-120-caps#breadcrumb","itemListElement":[{"@type":"ListItem","position":1,"name":"Home","item":"https:\/\/ecosupplements.ch\/"},{"@type":"ListItem","position":2,"name":"Shop","item":"https:\/\/ecosupplements.ch\/?page_id=14"},{"@type":"ListItem","position":3,"name":"Zein Pharma &#8211; Propionic Acid, 500mg &#8211; 120 caps"}]},{"@type":"WebSite","@id":"https:\/\/ecosupplements.ch\/#website","url":"https:\/\/ecosupplements.ch\/","name":"Eco Supplements","description":"","potentialAction":[{"@type":"SearchAction","target":{"@type":"EntryPoint","urlTemplate":"https:\/\/ecosupplements.ch\/?s={search_term_string}"},"query-input":{"@type":"PropertyValueSpecification","valueRequired":true,"valueName":"search_term_string"}}],"inLanguage":"de-CH"}]},"product_price_amount":"27.41","product_price_currency":"CHF","og_availability":"out of stock","product_availability":"out of stock","product_retailer_item_id":"4260085384785","product_condition":"new"},"_links":{"self":[{"href":"https:\/\/ecosupplements.ch\/index.php?rest_route=\/wp\/v2\/product\/2861","targetHints":{"allow":["GET"]}}],"collection":[{"href":"https:\/\/ecosupplements.ch\/index.php?rest_route=\/wp\/v2\/product"}],"about":[{"href":"https:\/\/ecosupplements.ch\/index.php?rest_route=\/wp\/v2\/types\/product"}],"replies":[{"embeddable":true,"href":"https:\/\/ecosupplements.ch\/index.php?rest_route=%2Fwp%2Fv2%2Fcomments&post=2861"}],"wp:featuredmedia":[{"embeddable":true,"href":"https:\/\/ecosupplements.ch\/index.php?rest_route=\/wp\/v2\/media\/2862"}],"wp:attachment":[{"href":"https:\/\/ecosupplements.ch\/index.php?rest_route=%2Fwp%2Fv2%2Fmedia&parent=2861"}],"wp:term":[{"taxonomy":"product_brand","embeddable":true,"href":"https:\/\/ecosupplements.ch\/index.php?rest_route=%2Fwp%2Fv2%2Fproduct_brand&post=2861"},{"taxonomy":"product_cat","embeddable":true,"href":"https:\/\/ecosupplements.ch\/index.php?rest_route=%2Fwp%2Fv2%2Fproduct_cat&post=2861"},{"taxonomy":"product_tag","embeddable":true,"href":"https:\/\/ecosupplements.ch\/index.php?rest_route=%2Fwp%2Fv2%2Fproduct_tag&post=2861"}],"curies":[{"name":"wp","href":"https:\/\/api.w.org\/{rel}","templated":true}]}}