{"id":2889,"date":"2026-05-11T14:41:06","date_gmt":"2026-05-11T14:41:06","guid":{"rendered":"https:\/\/ecosupplements.ch\/?product=vitamin-d3-k2"},"modified":"2026-05-13T07:27:28","modified_gmt":"2026-05-13T07:27:28","slug":"vitamin-d3-k2","status":"publish","type":"product","link":"https:\/\/ecosupplements.ch\/?product=vitamin-d3-k2","title":{"rendered":"Vitamin D3 +\nK2"},"content":{"rendered":"<div class=\"chcg-product-description\">\n<h2 class=\"chcg-heading\">\u00dcber Ostrovit \u2013 Vitamin D3 + K2 \u2013 90 Tabletten<\/h2>\n<div class=\"chcg-intro\">\n<p>Vitamin D3 + K2 von Ostrovit kombiniert zwei essentielle fettl\u00f6sliche Vitamine in einer einzigen Tablette. Mit 2000 IU (50 \u00b5g) Vitamin D3 in Form von Cholecalciferol und 100 \u00b5g Vitamin K2 als MK-7 (Menachinon-7) bietet dieses Pr\u00e4parat eine sorgf\u00e4ltig abgestimmte Formulierung f\u00fcr den t\u00e4glichen Gebrauch.<\/p>\n<p>Vitamin D tr\u00e4gt zur normalen Aufnahme und Verwertung von Kalzium und Phosphor bei, unterst\u00fctzt die Erhaltung normaler Knochen und Z\u00e4hne und tr\u00e4gt zur normalen Muskelfunktion sowie zur Funktion des Immunsystems bei. Vitamin K2 MK-7 \u2013 gewonnen aus Bacillus subtilis natto \u2013 tr\u00e4gt zur Erhaltung normaler Knochen bei und unterst\u00fctzt die normale Blutgerinnung.<\/p>\n<p>Die praktische Tabletten-Form und die Packungsgr\u00f6sse von 90 Tabletten erm\u00f6glichen eine bequeme Versorgung \u00fcber drei Monate. Das Produkt ist f\u00fcr Erwachsene geeignet und l\u00e4sst sich einfach in den Alltag integrieren.<\/p>\n<\/p><\/div>\n<div class=\"chcg-nutrition\">\n<h3>N\u00e4hrwertangaben<\/h3>\n<table class=\"chcg-nutrition-table\">\n<thead>\n<tr>\n<th>N\u00e4hrstoff<\/th>\n<th>Pro Portion (1 Tablette)<\/th>\n<\/tr>\n<\/thead>\n<tbody>\n<tr>\n<td>Vitamin D3 (Cholecalciferol)<\/td>\n<td>50 \u00b5g \/ 2000 IU (1000% NRV)<\/td>\n<\/tr>\n<tr>\n<td>Vitamin K2 MK-7 (Menachinon-7)<\/td>\n<td>100 \u00b5g (133% NRV)<\/td>\n<\/tr>\n<\/tbody>\n<\/table><\/div>\n<div class=\"chcg-ingredients\">\n<h3>Zutaten<\/h3>\n<p>F\u00fcllstoff: mikrokristalline Cellulose; St\u00e4rke; Cholecalciferol (Vitamin D); Trennmittel: Magnesiumsalze von Fetts\u00e4uren, Siliciumdioxid; Menachinon-7 MK-7 (Vitamin K), gewonnen aus Bacillus subtilis natto.<\/p>\n<\/p><\/div>\n<div class=\"chcg-dosage\">\n<h3>Verzehrempfehlung<\/h3>\n<p>1 Portion (1 Tablette) t\u00e4glich einnehmen. Vor der Anwendung wird empfohlen, einen 25-(OH)D-Bluttest durchzuf\u00fchren und die Ergebnisse mit einem Arzt oder Apotheker zu besprechen. Das Produkt ist f\u00fcr Erwachsene bestimmt.<\/p>\n<\/p><\/div>\n<div class=\"chcg-warnings\">\n<h3>Warnhinweise<\/h3>\n<p>Die empfohlene Tagesdosis nicht \u00fcberschreiten. Ein Nahrungserg\u00e4nzungsmittel ist kein Ersatz f\u00fcr eine abwechslungsreiche Ern\u00e4hrung. Eine ausgewogene Ern\u00e4hrung und ein gesunder Lebensstil werden empfohlen. Nicht verzehren, wenn Sie gegen einen der Inhaltsstoffe des Produkts allergisch sind. Das Produkt darf nicht von Kindern, Schwangeren, stillenden M\u00fcttern sowie Personen verwendet werden, die Antikoagulanzien mit Vitamin-K-Antagonisten einnehmen (z. B. Warfarin und Acenocoumarol). Ausserhalb der Reichweite von Kindern aufbewahren.<\/p>\n<\/p><\/div>\n<div class=\"chcg-allergens\">\n<h3>Allergeninformationen<\/h3>\n<p>Das Produkt kann Spuren von Milch (einschliesslich Laktose), Weizen, Eiern, Sellerie, Senf und Krebstieren enthalten.<\/p>\n<\/p><\/div>\n<div class=\"chcg-storage\">\n<h3>Lagerung<\/h3>\n<p>Bei 15\u201325 \u00b0C in einem geschlossenen Beh\u00e4lter an einem trockenen Ort aufbewahren.<\/p>\n<\/p><\/div>\n<div class=\"chcg-dietary\">\n<h3>Ern\u00e4hrungshinweise<\/h3>\n<ul>\n<li>Vegetarisch<\/li>\n<\/ul><\/div>\n<\/div>\n","protected":false},"excerpt":{"rendered":"<p>Ostrovit Vitamin D3 + K2 liefert 2000 IU Vitamin D3 und 100 \u00b5g Vitamin K2 MK-7 pro Tablette \u2013 zur Unterst\u00fctzung von Knochen, Z\u00e4hnen und Immunsystem. 90 Tabletten f\u00fcr 3 Monate.<\/p>\n","protected":false},"featured_media":2890,"comment_status":"closed","ping_status":"open","template":"","meta":[],"product_brand":[298],"product_cat":[27,48,30,31,171,21],"product_tag":[],"class_list":{"0":"post-2889","1":"product","2":"type-product","3":"status-publish","4":"has-post-thumbnail","6":"product_brand-ostrovit","7":"product_cat-einige-vitamine","8":"product_cat-gesunde-ernaehrung","9":"product_cat-vitamin-d","10":"product_cat-vitamin-k","11":"product_cat-vitamine-und-mineralien","12":"product_cat-vitamine-und-mineralstoffe","14":"first","15":"outofstock","16":"taxable","17":"shipping-taxable","18":"purchasable","19":"product-type-simple"},"yoast_head":"<!-- This site is optimized with the Yoast SEO plugin v27.5 - https:\/\/yoast.com\/product\/yoast-seo-wordpress\/ -->\n<title>Vitamin D3 + K2 90 Tabletten \u2013 Ostrovit | ecosupplements.ch<\/title>\n<meta name=\"description\" content=\"Ostrovit Vitamin D3 + K2 mit 2000 IU D3 und 100 \u00b5g MK-7 pro Tablette \u2013 f\u00fcr Knochen, Z\u00e4hne und Immunsystem. 90 Tabletten. Jetzt bestellen.\" \/>\n<meta name=\"robots\" content=\"index, follow, max-snippet:-1, max-image-preview:large, max-video-preview:-1\" \/>\n<link rel=\"canonical\" href=\"https:\/\/ecosupplements.ch\/?product=vitamin-d3-k2\" \/>\n<meta property=\"og:locale\" content=\"de_DE\" \/>\n<meta property=\"og:type\" content=\"article\" \/>\n<meta property=\"og:title\" content=\"Vitamin D3 + K2 90 Tabletten \u2013 Ostrovit | ecosupplements.ch\" \/>\n<meta property=\"og:description\" content=\"Ostrovit Vitamin D3 + K2 mit 2000 IU D3 und 100 \u00b5g MK-7 pro Tablette \u2013 f\u00fcr Knochen, Z\u00e4hne und Immunsystem. 90 Tabletten. Jetzt bestellen.\" \/>\n<meta property=\"og:url\" content=\"https:\/\/ecosupplements.ch\/?product=vitamin-d3-k2\" \/>\n<meta property=\"og:site_name\" content=\"Eco Supplements\" \/>\n<meta property=\"article:modified_time\" content=\"2026-05-13T07:27:28+00:00\" \/>\n<meta property=\"og:image\" content=\"https:\/\/ecosupplements.ch\/wp-content\/uploads\/2026\/05\/Vitamin-D3-K2.jpg\" \/>\n\t<meta property=\"og:image:width\" content=\"600\" \/>\n\t<meta property=\"og:image:height\" content=\"600\" \/>\n\t<meta property=\"og:image:type\" content=\"image\/jpeg\" \/>\n<meta name=\"twitter:card\" content=\"summary_large_image\" \/>\n<meta name=\"twitter:label1\" content=\"Price\" \/>\n\t<meta name=\"twitter:data1\" content=\"&#067;&#072;&#070;&nbsp;2.89\" \/>\n\t<meta name=\"twitter:label2\" content=\"Availability\" \/>\n\t<meta name=\"twitter:data2\" content=\"Out of stock\" \/>\n<script type=\"application\/ld+json\" class=\"yoast-schema-graph\">{\"@context\":\"https:\\\/\\\/schema.org\",\"@graph\":[{\"@type\":\"WebPage\",\"@id\":\"https:\\\/\\\/ecosupplements.ch\\\/?product=vitamin-d3-k2\",\"url\":\"https:\\\/\\\/ecosupplements.ch\\\/?product=vitamin-d3-k2\",\"name\":\"Vitamin D3 + K2 90 Tabletten \u2013 Ostrovit | ecosupplements.ch\",\"isPartOf\":{\"@id\":\"https:\\\/\\\/ecosupplements.ch\\\/#website\"},\"primaryImageOfPage\":{\"@id\":\"https:\\\/\\\/ecosupplements.ch\\\/?product=vitamin-d3-k2#primaryimage\"},\"image\":{\"@id\":\"https:\\\/\\\/ecosupplements.ch\\\/?product=vitamin-d3-k2#primaryimage\"},\"thumbnailUrl\":\"https:\\\/\\\/ecosupplements.ch\\\/wp-content\\\/uploads\\\/2026\\\/05\\\/Vitamin-D3-K2.jpg\",\"datePublished\":\"2026-05-11T14:41:06+00:00\",\"dateModified\":\"2026-05-13T07:27:28+00:00\",\"description\":\"Ostrovit Vitamin D3 + K2 mit 2000 IU D3 und 100 \u00b5g MK-7 pro Tablette \u2013 f\u00fcr Knochen, Z\u00e4hne und Immunsystem. 90 Tabletten. Jetzt bestellen.\",\"breadcrumb\":{\"@id\":\"https:\\\/\\\/ecosupplements.ch\\\/?product=vitamin-d3-k2#breadcrumb\"},\"inLanguage\":\"de-CH\",\"potentialAction\":[{\"@type\":\"ReadAction\",\"target\":[\"https:\\\/\\\/ecosupplements.ch\\\/?product=vitamin-d3-k2\"]}]},{\"@type\":\"ImageObject\",\"inLanguage\":\"de-CH\",\"@id\":\"https:\\\/\\\/ecosupplements.ch\\\/?product=vitamin-d3-k2#primaryimage\",\"url\":\"https:\\\/\\\/ecosupplements.ch\\\/wp-content\\\/uploads\\\/2026\\\/05\\\/Vitamin-D3-K2.jpg\",\"contentUrl\":\"https:\\\/\\\/ecosupplements.ch\\\/wp-content\\\/uploads\\\/2026\\\/05\\\/Vitamin-D3-K2.jpg\",\"width\":600,\"height\":600,\"caption\":\"Vitamin D3 +\"},{\"@type\":\"BreadcrumbList\",\"@id\":\"https:\\\/\\\/ecosupplements.ch\\\/?product=vitamin-d3-k2#breadcrumb\",\"itemListElement\":[{\"@type\":\"ListItem\",\"position\":1,\"name\":\"Home\",\"item\":\"https:\\\/\\\/ecosupplements.ch\\\/\"},{\"@type\":\"ListItem\",\"position\":2,\"name\":\"Shop\",\"item\":\"https:\\\/\\\/ecosupplements.ch\\\/?page_id=14\"},{\"@type\":\"ListItem\",\"position\":3,\"name\":\"Vitamin D3 + K2\"}]},{\"@type\":\"WebSite\",\"@id\":\"https:\\\/\\\/ecosupplements.ch\\\/#website\",\"url\":\"https:\\\/\\\/ecosupplements.ch\\\/\",\"name\":\"Eco Supplements\",\"description\":\"\",\"potentialAction\":[{\"@type\":\"SearchAction\",\"target\":{\"@type\":\"EntryPoint\",\"urlTemplate\":\"https:\\\/\\\/ecosupplements.ch\\\/?s={search_term_string}\"},\"query-input\":{\"@type\":\"PropertyValueSpecification\",\"valueRequired\":true,\"valueName\":\"search_term_string\"}}],\"inLanguage\":\"de-CH\"}]}<\/script>\n<meta property=\"product:price:amount\" content=\"2.89\" \/>\n<meta property=\"product:price:currency\" content=\"CHF\" \/>\n<meta property=\"og:availability\" content=\"out of stock\" \/>\n<meta property=\"product:availability\" content=\"out of stock\" \/>\n<meta property=\"product:retailer_item_id\" content=\"5902232611960\" \/>\n<meta property=\"product:condition\" content=\"new\" \/>\n<!-- \/ Yoast SEO plugin. -->","yoast_head_json":{"title":"Vitamin D3 + K2 90 Tabletten \u2013 Ostrovit | ecosupplements.ch","description":"Ostrovit Vitamin D3 + K2 mit 2000 IU D3 und 100 \u00b5g MK-7 pro Tablette \u2013 f\u00fcr Knochen, Z\u00e4hne und Immunsystem. 90 Tabletten. Jetzt bestellen.","robots":{"index":"index","follow":"follow","max-snippet":"max-snippet:-1","max-image-preview":"max-image-preview:large","max-video-preview":"max-video-preview:-1"},"canonical":"https:\/\/ecosupplements.ch\/?product=vitamin-d3-k2","og_locale":"de_DE","og_type":"article","og_title":"Vitamin D3 + K2 90 Tabletten \u2013 Ostrovit | ecosupplements.ch","og_description":"Ostrovit Vitamin D3 + K2 mit 2000 IU D3 und 100 \u00b5g MK-7 pro Tablette \u2013 f\u00fcr Knochen, Z\u00e4hne und Immunsystem. 90 Tabletten. Jetzt bestellen.","og_url":"https:\/\/ecosupplements.ch\/?product=vitamin-d3-k2","og_site_name":"Eco Supplements","article_modified_time":"2026-05-13T07:27:28+00:00","og_image":[{"width":600,"height":600,"url":"https:\/\/ecosupplements.ch\/wp-content\/uploads\/2026\/05\/Vitamin-D3-K2.jpg","type":"image\/jpeg"}],"twitter_card":"summary_large_image","twitter_misc":{"Price":"&#67;&#72;&#70;&nbsp;2.89","Availability":"Out of stock"},"schema":{"@context":"https:\/\/schema.org","@graph":[{"@type":"WebPage","@id":"https:\/\/ecosupplements.ch\/?product=vitamin-d3-k2","url":"https:\/\/ecosupplements.ch\/?product=vitamin-d3-k2","name":"Vitamin D3 + K2 90 Tabletten \u2013 Ostrovit | ecosupplements.ch","isPartOf":{"@id":"https:\/\/ecosupplements.ch\/#website"},"primaryImageOfPage":{"@id":"https:\/\/ecosupplements.ch\/?product=vitamin-d3-k2#primaryimage"},"image":{"@id":"https:\/\/ecosupplements.ch\/?product=vitamin-d3-k2#primaryimage"},"thumbnailUrl":"https:\/\/ecosupplements.ch\/wp-content\/uploads\/2026\/05\/Vitamin-D3-K2.jpg","datePublished":"2026-05-11T14:41:06+00:00","dateModified":"2026-05-13T07:27:28+00:00","description":"Ostrovit Vitamin D3 + K2 mit 2000 IU D3 und 100 \u00b5g MK-7 pro Tablette \u2013 f\u00fcr Knochen, Z\u00e4hne und Immunsystem. 90 Tabletten. Jetzt bestellen.","breadcrumb":{"@id":"https:\/\/ecosupplements.ch\/?product=vitamin-d3-k2#breadcrumb"},"inLanguage":"de-CH","potentialAction":[{"@type":"ReadAction","target":["https:\/\/ecosupplements.ch\/?product=vitamin-d3-k2"]}]},{"@type":"ImageObject","inLanguage":"de-CH","@id":"https:\/\/ecosupplements.ch\/?product=vitamin-d3-k2#primaryimage","url":"https:\/\/ecosupplements.ch\/wp-content\/uploads\/2026\/05\/Vitamin-D3-K2.jpg","contentUrl":"https:\/\/ecosupplements.ch\/wp-content\/uploads\/2026\/05\/Vitamin-D3-K2.jpg","width":600,"height":600,"caption":"Vitamin D3 +"},{"@type":"BreadcrumbList","@id":"https:\/\/ecosupplements.ch\/?product=vitamin-d3-k2#breadcrumb","itemListElement":[{"@type":"ListItem","position":1,"name":"Home","item":"https:\/\/ecosupplements.ch\/"},{"@type":"ListItem","position":2,"name":"Shop","item":"https:\/\/ecosupplements.ch\/?page_id=14"},{"@type":"ListItem","position":3,"name":"Vitamin D3 + K2"}]},{"@type":"WebSite","@id":"https:\/\/ecosupplements.ch\/#website","url":"https:\/\/ecosupplements.ch\/","name":"Eco Supplements","description":"","potentialAction":[{"@type":"SearchAction","target":{"@type":"EntryPoint","urlTemplate":"https:\/\/ecosupplements.ch\/?s={search_term_string}"},"query-input":{"@type":"PropertyValueSpecification","valueRequired":true,"valueName":"search_term_string"}}],"inLanguage":"de-CH"}]},"product_price_amount":"2.89","product_price_currency":"CHF","og_availability":"out of stock","product_availability":"out of stock","product_retailer_item_id":"5902232611960","product_condition":"new"},"_links":{"self":[{"href":"https:\/\/ecosupplements.ch\/index.php?rest_route=\/wp\/v2\/product\/2889","targetHints":{"allow":["GET"]}}],"collection":[{"href":"https:\/\/ecosupplements.ch\/index.php?rest_route=\/wp\/v2\/product"}],"about":[{"href":"https:\/\/ecosupplements.ch\/index.php?rest_route=\/wp\/v2\/types\/product"}],"replies":[{"embeddable":true,"href":"https:\/\/ecosupplements.ch\/index.php?rest_route=%2Fwp%2Fv2%2Fcomments&post=2889"}],"wp:featuredmedia":[{"embeddable":true,"href":"https:\/\/ecosupplements.ch\/index.php?rest_route=\/wp\/v2\/media\/2890"}],"wp:attachment":[{"href":"https:\/\/ecosupplements.ch\/index.php?rest_route=%2Fwp%2Fv2%2Fmedia&parent=2889"}],"wp:term":[{"taxonomy":"product_brand","embeddable":true,"href":"https:\/\/ecosupplements.ch\/index.php?rest_route=%2Fwp%2Fv2%2Fproduct_brand&post=2889"},{"taxonomy":"product_cat","embeddable":true,"href":"https:\/\/ecosupplements.ch\/index.php?rest_route=%2Fwp%2Fv2%2Fproduct_cat&post=2889"},{"taxonomy":"product_tag","embeddable":true,"href":"https:\/\/ecosupplements.ch\/index.php?rest_route=%2Fwp%2Fv2%2Fproduct_tag&post=2889"}],"curies":[{"name":"wp","href":"https:\/\/api.w.org\/{rel}","templated":true}]}}