{"id":2897,"date":"2026-05-11T14:41:09","date_gmt":"2026-05-11T14:41:09","guid":{"rendered":"https:\/\/ecosupplements.ch\/?product=biotin-extra-strength-fast-dissolve-5000-mcg"},"modified":"2026-05-13T07:26:17","modified_gmt":"2026-05-13T07:26:17","slug":"biotin-extra-strength-fast-dissolve-5000-mcg","status":"publish","type":"product","link":"https:\/\/ecosupplements.ch\/?product=biotin-extra-strength-fast-dissolve-5000-mcg","title":{"rendered":"Biotin Extra Strength Fast Dissolve 5,000 mcg"},"content":{"rendered":"<div class=\"chcg-product-description\">\n<h2 class=\"chcg-heading\">\u00dcber Natrol \u2013 Biotin Extra Strength Fast Dissolve 5,000 mcg<\/h2>\n<div class=\"chcg-intro\">\n<p>Natrol Biotin Extra Strength Fast Dissolve liefert 5&#8217;000 mcg Biotin pro Tablette \u2013 eine hochdosierte Formulierung, die zur normalen Erhaltung von Haaren, Haut und N\u00e4geln beitragen kann. Biotin (Vitamin B7) ist ein wasserl\u00f6sliches B-Vitamin, das vom K\u00f6rper f\u00fcr zahlreiche Stoffwechselprozesse ben\u00f6tigt wird und zu einem normalen Energiestoffwechsel sowie zur normalen Funktion des Nervensystems beitr\u00e4gt.<\/p>\n<p>Die schnell aufl\u00f6senden Tabletten mit nat\u00fcrlichem Erdbeergeschmack lassen sich einfach im Mund aufl\u00f6sen oder kauen \u2013 ganz ohne Wasser. Damit sind sie besonders praktisch f\u00fcr unterwegs oder f\u00fcr Personen, die Schwierigkeiten beim Schlucken herk\u00f6mmlicher Kapseln haben.<\/p>\n<p>Jede Packung enth\u00e4lt 90 Tabletten \u2013 genug f\u00fcr drei Monate bei t\u00e4glicher Einnahme. Das Produkt enth\u00e4lt keine Milch, Eier, Fisch, Meeresfr\u00fcchte, Schalenfr\u00fcchte, Erdn\u00fcsse, Soja, Hefe, k\u00fcnstliche Farb- oder Aromastoffe und keine Konservierungsmittel.<\/p>\n<\/p><\/div>\n<div class=\"chcg-nutrition\">\n<h3>N\u00e4hrwertangaben<\/h3>\n<table class=\"chcg-nutrition-table\">\n<thead>\n<tr>\n<th>N\u00e4hrstoff<\/th>\n<th>Pro Portion (1 Tablette)<\/th>\n<\/tr>\n<\/thead>\n<tbody>\n<tr>\n<td>Biotin<\/td>\n<td>5&#8217;000 mcg (16&#8217;670 % des Tagesbedarfs)<\/td>\n<\/tr>\n<\/tbody>\n<\/table><\/div>\n<div class=\"chcg-ingredients\">\n<h3>Zutaten<\/h3>\n<p>Xylitol, Cellulose Gum, Maltodextrin, Crospovidone, modifizierte Lebensmittelst\u00e4rke, \u00c4pfels\u00e4ure, Siliziumdioxid, nat\u00fcrliches Aroma, Stearins\u00e4ure, Rote-Bete-Extrakt, Magnesiumstearat, Zitronens\u00e4ure.<\/p>\n<p>Enth\u00e4lt: Weizen.<\/p>\n<\/p><\/div>\n<div class=\"chcg-dosage\">\n<h3>Verzehrempfehlung<\/h3>\n<p>Erwachsene nehmen t\u00e4glich 1 Tablette. Im Mund aufl\u00f6sen lassen oder kauen, bevor geschluckt wird. Kein Wasser erforderlich.<\/p>\n<\/p><\/div>\n<div class=\"chcg-warnings\">\n<h3>Warnhinweise<\/h3>\n<p>Vor der Einnahme dieses Produkts einen Arzt oder eine \u00c4rztin konsultieren, wenn Sie schwanger sind, stillen, unter 18 Jahre alt sind, Medikamente einnehmen oder an einer Erkrankung leiden. Bei unerw\u00fcnschten Reaktionen die Einnahme abbrechen. Informieren Sie Ihr medizinisches Fachpersonal w\u00e4hrend der Einnahme \u00fcber die Verwendung von Biotin, bevor Laboruntersuchungen durchgef\u00fchrt werden. Ausserhalb der Reichweite von Kindern aufbewahren. Personen mit einer Allergie gegen Weizen oder Mais sollten vor der Einnahme dieses Produkts eine medizinische Fachperson konsultieren.<\/p>\n<\/p><\/div>\n<div class=\"chcg-allergens\">\n<h3>Allergeninformationen<\/h3>\n<p>Enth\u00e4lt: Weizen. Frei von: Milch, Ei, Fisch, Schalentieren, Schalenfr\u00fcchten, Erdn\u00fcssen, Soja, Hefe, k\u00fcnstlichen Farbstoffen, k\u00fcnstlichen Aromen und Konservierungsmitteln.<\/p>\n<\/p><\/div>\n<div class=\"chcg-storage\">\n<h3>Lagerung<\/h3>\n<p>Fest verschlossen an einem trockenen Ort bei Raumtemperatur (10\u201325 \u00b0C) aufbewahren.<\/p>\n<\/p><\/div>\n<div class=\"chcg-dietary\">\n<h3>Ern\u00e4hrungshinweise<\/h3>\n<ul>\n<li>Vegetarisch<\/li>\n<li>Laktosefrei<\/li>\n<\/ul><\/div>\n<\/div>\n","protected":false},"excerpt":{"rendered":"<p>Natrol Biotin Extra Strength Fast Dissolve liefert 5&#8217;000 mcg Biotin pro Tablette und unterst\u00fctzt Haare, Haut und N\u00e4gel. Die 90 schnell aufl\u00f6senden Erdbeertabletten lassen sich ohne Wasser einnehmen.<\/p>\n","protected":false},"featured_media":2898,"comment_status":"closed","ping_status":"open","template":"","meta":[],"product_brand":[208],"product_cat":[113,27,48,25,41,21],"product_tag":[],"class_list":{"0":"post-2897","1":"product","2":"type-product","3":"status-publish","4":"has-post-thumbnail","6":"product_brand-natrol","7":"product_cat-biotin","8":"product_cat-einige-vitamine","9":"product_cat-gesunde-ernaehrung","10":"product_cat-gesundheit-und-wohlbefinden","11":"product_cat-haare-und-naegel","12":"product_cat-vitamine-und-mineralstoffe","14":"first","15":"outofstock","16":"taxable","17":"shipping-taxable","18":"purchasable","19":"product-type-simple"},"yoast_head":"<!-- This site is optimized with the Yoast SEO plugin v27.5 - https:\/\/yoast.com\/product\/yoast-seo-wordpress\/ -->\n<title>Biotin Extra Strength 5,000 mcg \u2013 Natrol | ecosupplements.ch<\/title>\n<meta name=\"description\" content=\"Natrol Biotin 5&#039;000 mcg \u2013 90 schnell aufl\u00f6sende Erdbeertabletten f\u00fcr Haare, Haut und N\u00e4gel. Ohne Wasser einnehmbar. Jetzt bestellen.\" \/>\n<meta name=\"robots\" content=\"index, follow, max-snippet:-1, max-image-preview:large, max-video-preview:-1\" \/>\n<link rel=\"canonical\" href=\"https:\/\/ecosupplements.ch\/?product=biotin-extra-strength-fast-dissolve-5000-mcg\" \/>\n<meta property=\"og:locale\" content=\"de_DE\" \/>\n<meta property=\"og:type\" content=\"article\" \/>\n<meta property=\"og:title\" content=\"Biotin Extra Strength 5,000 mcg \u2013 Natrol | ecosupplements.ch\" \/>\n<meta property=\"og:description\" content=\"Natrol Biotin 5&#039;000 mcg \u2013 90 schnell aufl\u00f6sende Erdbeertabletten f\u00fcr Haare, Haut und N\u00e4gel. Ohne Wasser einnehmbar. Jetzt bestellen.\" \/>\n<meta property=\"og:url\" content=\"https:\/\/ecosupplements.ch\/?product=biotin-extra-strength-fast-dissolve-5000-mcg\" \/>\n<meta property=\"og:site_name\" content=\"Eco Supplements\" \/>\n<meta property=\"article:modified_time\" content=\"2026-05-13T07:26:17+00:00\" \/>\n<meta property=\"og:image\" content=\"https:\/\/ecosupplements.ch\/wp-content\/uploads\/2026\/05\/Biotin-Extra-Strength-Fast-Dissolve-5000-mcg.webp\" \/>\n\t<meta property=\"og:image:width\" content=\"1024\" \/>\n\t<meta property=\"og:image:height\" content=\"1024\" \/>\n\t<meta property=\"og:image:type\" content=\"image\/png\" \/>\n<meta name=\"twitter:card\" content=\"summary_large_image\" \/>\n<meta name=\"twitter:label1\" content=\"Price\" \/>\n\t<meta name=\"twitter:data1\" content=\"&#067;&#072;&#070;&nbsp;9.11\" \/>\n\t<meta name=\"twitter:label2\" content=\"Availability\" \/>\n\t<meta name=\"twitter:data2\" content=\"Out of stock\" \/>\n<script type=\"application\/ld+json\" class=\"yoast-schema-graph\">{\"@context\":\"https:\\\/\\\/schema.org\",\"@graph\":[{\"@type\":\"WebPage\",\"@id\":\"https:\\\/\\\/ecosupplements.ch\\\/?product=biotin-extra-strength-fast-dissolve-5000-mcg\",\"url\":\"https:\\\/\\\/ecosupplements.ch\\\/?product=biotin-extra-strength-fast-dissolve-5000-mcg\",\"name\":\"Biotin Extra Strength 5,000 mcg \u2013 Natrol | ecosupplements.ch\",\"isPartOf\":{\"@id\":\"https:\\\/\\\/ecosupplements.ch\\\/#website\"},\"primaryImageOfPage\":{\"@id\":\"https:\\\/\\\/ecosupplements.ch\\\/?product=biotin-extra-strength-fast-dissolve-5000-mcg#primaryimage\"},\"image\":{\"@id\":\"https:\\\/\\\/ecosupplements.ch\\\/?product=biotin-extra-strength-fast-dissolve-5000-mcg#primaryimage\"},\"thumbnailUrl\":\"https:\\\/\\\/ecosupplements.ch\\\/wp-content\\\/uploads\\\/2026\\\/05\\\/Biotin-Extra-Strength-Fast-Dissolve-5000-mcg.webp\",\"datePublished\":\"2026-05-11T14:41:09+00:00\",\"dateModified\":\"2026-05-13T07:26:17+00:00\",\"description\":\"Natrol Biotin 5'000 mcg \u2013 90 schnell aufl\u00f6sende Erdbeertabletten f\u00fcr Haare, Haut und N\u00e4gel. Ohne Wasser einnehmbar. Jetzt bestellen.\",\"breadcrumb\":{\"@id\":\"https:\\\/\\\/ecosupplements.ch\\\/?product=biotin-extra-strength-fast-dissolve-5000-mcg#breadcrumb\"},\"inLanguage\":\"de-CH\",\"potentialAction\":[{\"@type\":\"ReadAction\",\"target\":[\"https:\\\/\\\/ecosupplements.ch\\\/?product=biotin-extra-strength-fast-dissolve-5000-mcg\"]}]},{\"@type\":\"ImageObject\",\"inLanguage\":\"de-CH\",\"@id\":\"https:\\\/\\\/ecosupplements.ch\\\/?product=biotin-extra-strength-fast-dissolve-5000-mcg#primaryimage\",\"url\":\"https:\\\/\\\/ecosupplements.ch\\\/wp-content\\\/uploads\\\/2026\\\/05\\\/Biotin-Extra-Strength-Fast-Dissolve-5000-mcg.webp\",\"contentUrl\":\"https:\\\/\\\/ecosupplements.ch\\\/wp-content\\\/uploads\\\/2026\\\/05\\\/Biotin-Extra-Strength-Fast-Dissolve-5000-mcg.webp\",\"width\":1024,\"height\":1024,\"caption\":\"Biotin Extra Strength Fast Dissolve 5\"},{\"@type\":\"BreadcrumbList\",\"@id\":\"https:\\\/\\\/ecosupplements.ch\\\/?product=biotin-extra-strength-fast-dissolve-5000-mcg#breadcrumb\",\"itemListElement\":[{\"@type\":\"ListItem\",\"position\":1,\"name\":\"Home\",\"item\":\"https:\\\/\\\/ecosupplements.ch\\\/\"},{\"@type\":\"ListItem\",\"position\":2,\"name\":\"Shop\",\"item\":\"https:\\\/\\\/ecosupplements.ch\\\/?page_id=14\"},{\"@type\":\"ListItem\",\"position\":3,\"name\":\"Biotin Extra Strength Fast Dissolve 5,000 mcg\"}]},{\"@type\":\"WebSite\",\"@id\":\"https:\\\/\\\/ecosupplements.ch\\\/#website\",\"url\":\"https:\\\/\\\/ecosupplements.ch\\\/\",\"name\":\"Eco Supplements\",\"description\":\"\",\"potentialAction\":[{\"@type\":\"SearchAction\",\"target\":{\"@type\":\"EntryPoint\",\"urlTemplate\":\"https:\\\/\\\/ecosupplements.ch\\\/?s={search_term_string}\"},\"query-input\":{\"@type\":\"PropertyValueSpecification\",\"valueRequired\":true,\"valueName\":\"search_term_string\"}}],\"inLanguage\":\"de-CH\"}]}<\/script>\n<meta property=\"product:price:amount\" content=\"9.11\" \/>\n<meta property=\"product:price:currency\" content=\"CHF\" \/>\n<meta property=\"og:availability\" content=\"out of stock\" \/>\n<meta property=\"product:availability\" content=\"out of stock\" \/>\n<meta property=\"product:retailer_item_id\" content=\"047469063238\" \/>\n<meta property=\"product:condition\" content=\"new\" \/>\n<!-- \/ Yoast SEO plugin. -->","yoast_head_json":{"title":"Biotin Extra Strength 5,000 mcg \u2013 Natrol | ecosupplements.ch","description":"Natrol Biotin 5'000 mcg \u2013 90 schnell aufl\u00f6sende Erdbeertabletten f\u00fcr Haare, Haut und N\u00e4gel. Ohne Wasser einnehmbar. Jetzt bestellen.","robots":{"index":"index","follow":"follow","max-snippet":"max-snippet:-1","max-image-preview":"max-image-preview:large","max-video-preview":"max-video-preview:-1"},"canonical":"https:\/\/ecosupplements.ch\/?product=biotin-extra-strength-fast-dissolve-5000-mcg","og_locale":"de_DE","og_type":"article","og_title":"Biotin Extra Strength 5,000 mcg \u2013 Natrol | ecosupplements.ch","og_description":"Natrol Biotin 5'000 mcg \u2013 90 schnell aufl\u00f6sende Erdbeertabletten f\u00fcr Haare, Haut und N\u00e4gel. Ohne Wasser einnehmbar. Jetzt bestellen.","og_url":"https:\/\/ecosupplements.ch\/?product=biotin-extra-strength-fast-dissolve-5000-mcg","og_site_name":"Eco Supplements","article_modified_time":"2026-05-13T07:26:17+00:00","og_image":[{"width":1024,"height":1024,"url":"https:\/\/ecosupplements.ch\/wp-content\/uploads\/2026\/05\/Biotin-Extra-Strength-Fast-Dissolve-5000-mcg.webp","type":"image\/png"}],"twitter_card":"summary_large_image","twitter_misc":{"Price":"&#67;&#72;&#70;&nbsp;9.11","Availability":"Out of stock"},"schema":{"@context":"https:\/\/schema.org","@graph":[{"@type":"WebPage","@id":"https:\/\/ecosupplements.ch\/?product=biotin-extra-strength-fast-dissolve-5000-mcg","url":"https:\/\/ecosupplements.ch\/?product=biotin-extra-strength-fast-dissolve-5000-mcg","name":"Biotin Extra Strength 5,000 mcg \u2013 Natrol | ecosupplements.ch","isPartOf":{"@id":"https:\/\/ecosupplements.ch\/#website"},"primaryImageOfPage":{"@id":"https:\/\/ecosupplements.ch\/?product=biotin-extra-strength-fast-dissolve-5000-mcg#primaryimage"},"image":{"@id":"https:\/\/ecosupplements.ch\/?product=biotin-extra-strength-fast-dissolve-5000-mcg#primaryimage"},"thumbnailUrl":"https:\/\/ecosupplements.ch\/wp-content\/uploads\/2026\/05\/Biotin-Extra-Strength-Fast-Dissolve-5000-mcg.webp","datePublished":"2026-05-11T14:41:09+00:00","dateModified":"2026-05-13T07:26:17+00:00","description":"Natrol Biotin 5'000 mcg \u2013 90 schnell aufl\u00f6sende Erdbeertabletten f\u00fcr Haare, Haut und N\u00e4gel. Ohne Wasser einnehmbar. Jetzt bestellen.","breadcrumb":{"@id":"https:\/\/ecosupplements.ch\/?product=biotin-extra-strength-fast-dissolve-5000-mcg#breadcrumb"},"inLanguage":"de-CH","potentialAction":[{"@type":"ReadAction","target":["https:\/\/ecosupplements.ch\/?product=biotin-extra-strength-fast-dissolve-5000-mcg"]}]},{"@type":"ImageObject","inLanguage":"de-CH","@id":"https:\/\/ecosupplements.ch\/?product=biotin-extra-strength-fast-dissolve-5000-mcg#primaryimage","url":"https:\/\/ecosupplements.ch\/wp-content\/uploads\/2026\/05\/Biotin-Extra-Strength-Fast-Dissolve-5000-mcg.webp","contentUrl":"https:\/\/ecosupplements.ch\/wp-content\/uploads\/2026\/05\/Biotin-Extra-Strength-Fast-Dissolve-5000-mcg.webp","width":1024,"height":1024,"caption":"Biotin Extra Strength Fast Dissolve 5"},{"@type":"BreadcrumbList","@id":"https:\/\/ecosupplements.ch\/?product=biotin-extra-strength-fast-dissolve-5000-mcg#breadcrumb","itemListElement":[{"@type":"ListItem","position":1,"name":"Home","item":"https:\/\/ecosupplements.ch\/"},{"@type":"ListItem","position":2,"name":"Shop","item":"https:\/\/ecosupplements.ch\/?page_id=14"},{"@type":"ListItem","position":3,"name":"Biotin Extra Strength Fast Dissolve 5,000 mcg"}]},{"@type":"WebSite","@id":"https:\/\/ecosupplements.ch\/#website","url":"https:\/\/ecosupplements.ch\/","name":"Eco Supplements","description":"","potentialAction":[{"@type":"SearchAction","target":{"@type":"EntryPoint","urlTemplate":"https:\/\/ecosupplements.ch\/?s={search_term_string}"},"query-input":{"@type":"PropertyValueSpecification","valueRequired":true,"valueName":"search_term_string"}}],"inLanguage":"de-CH"}]},"product_price_amount":"9.11","product_price_currency":"CHF","og_availability":"out of stock","product_availability":"out of stock","product_retailer_item_id":"047469063238","product_condition":"new"},"_links":{"self":[{"href":"https:\/\/ecosupplements.ch\/index.php?rest_route=\/wp\/v2\/product\/2897","targetHints":{"allow":["GET"]}}],"collection":[{"href":"https:\/\/ecosupplements.ch\/index.php?rest_route=\/wp\/v2\/product"}],"about":[{"href":"https:\/\/ecosupplements.ch\/index.php?rest_route=\/wp\/v2\/types\/product"}],"replies":[{"embeddable":true,"href":"https:\/\/ecosupplements.ch\/index.php?rest_route=%2Fwp%2Fv2%2Fcomments&post=2897"}],"wp:featuredmedia":[{"embeddable":true,"href":"https:\/\/ecosupplements.ch\/index.php?rest_route=\/wp\/v2\/media\/2898"}],"wp:attachment":[{"href":"https:\/\/ecosupplements.ch\/index.php?rest_route=%2Fwp%2Fv2%2Fmedia&parent=2897"}],"wp:term":[{"taxonomy":"product_brand","embeddable":true,"href":"https:\/\/ecosupplements.ch\/index.php?rest_route=%2Fwp%2Fv2%2Fproduct_brand&post=2897"},{"taxonomy":"product_cat","embeddable":true,"href":"https:\/\/ecosupplements.ch\/index.php?rest_route=%2Fwp%2Fv2%2Fproduct_cat&post=2897"},{"taxonomy":"product_tag","embeddable":true,"href":"https:\/\/ecosupplements.ch\/index.php?rest_route=%2Fwp%2Fv2%2Fproduct_tag&post=2897"}],"curies":[{"name":"wp","href":"https:\/\/api.w.org\/{rel}","templated":true}]}}