{"id":29,"date":"2026-05-08T10:28:19","date_gmt":"2026-05-08T10:28:19","guid":{"rendered":"https:\/\/ecosupplements.ch\/?product=swanson-ajipure-9-aminokwasow-60-kaps"},"modified":"2026-05-08T13:04:54","modified_gmt":"2026-05-08T13:04:54","slug":"swanson-ajipure-9-aminokwasow-60-kaps","status":"publish","type":"product","link":"https:\/\/ecosupplements.ch\/?product=swanson-ajipure-9-aminokwasow-60-kaps","title":{"rendered":"SWANSON AjiPure 9 aminokwas\u00f3w 60 kaps"},"content":{"rendered":"<p>%%DESCRIPTION_START%%<\/p>\n<div class=\"chcg-product-description\">\n<h2 class=\"chcg-heading\">\u00dcber Swanson \u2013 AjiPure\u00ae 9 Aminos\u00e4uren \u2013 60 Kapseln<\/h2>\n<div class=\"chcg-intro\">\n<p>Swanson AjiPure\u00ae 9 Aminos\u00e4uren liefert alle neun essenziellen Aminos\u00e4uren in einer einzigen veganen Kapsel \u2013 formuliert mit AjiPure\u00ae-Wirkstoffen in pharmazeutischer Qualit\u00e4t. AjiPure\u00ae ist eine renommierte Marke von Ajinomoto, bekannt f\u00fcr h\u00f6chste Reinheit und Qualit\u00e4tsstandards bei der Herstellung von Aminos\u00e4uren durch fermentative Prozesse pflanzlicher Herkunft.<\/p>\n<p>Essentielle Aminos\u00e4uren k\u00f6nnen vom K\u00f6rper nicht selbst hergestellt werden und m\u00fcssen daher \u00fcber die Nahrung oder Nahrungserg\u00e4nzungsmittel zugef\u00fchrt werden. Dieses Produkt enth\u00e4lt L-Histidin, L-Isoleucin, L-Leucin, L-Lysin HCl, L-Methionin, L-Phenylalanin, L-Threonin, L-Tryptophan und L-Valin \u2013 alle in einer sorgf\u00e4ltig abgestimmten Dosierung von je 150 mg pro Tagesportion (2 Kapseln).<\/p>\n<p>Die Kapselh\u00fclle besteht aus pflanzlicher Hypromellose und ist damit sowohl f\u00fcr Veganerinnen und Veganer als auch f\u00fcr Vegetarierinnen und Vegetarier geeignet. Das Produkt ist frei von Laktose und enth\u00e4lt keine glutenhaltigen Zutaten.<\/p>\n<\/p><\/div>\n<div class=\"chcg-nutrition\">\n<h3>N\u00e4hrwertangaben<\/h3>\n<table class=\"chcg-nutrition-table\">\n<thead>\n<tr>\n<th>N\u00e4hrstoff<\/th>\n<th>Pro Kapsel \/ Pro Tagesportion (2 Kapseln)<\/th>\n<\/tr>\n<\/thead>\n<tbody>\n<tr>\n<td>AjiPure\u00ae L-Histidine<\/td>\n<td>75 mg \/ 150 mg<\/td>\n<\/tr>\n<tr>\n<td>AjiPure\u00ae L-Isoleucine<\/td>\n<td>75 mg \/ 150 mg<\/td>\n<\/tr>\n<tr>\n<td>AjiPure\u00ae L-Leucine<\/td>\n<td>75 mg \/ 150 mg<\/td>\n<\/tr>\n<tr>\n<td>AjiPure\u00ae L-Lysine HCl<\/td>\n<td>75 mg \/ 150 mg<\/td>\n<\/tr>\n<tr>\n<td>AjiPure\u00ae L-Methionine<\/td>\n<td>75 mg \/ 150 mg<\/td>\n<\/tr>\n<tr>\n<td>AjiPure\u00ae L-Phenylalanine<\/td>\n<td>75 mg \/ 150 mg<\/td>\n<\/tr>\n<tr>\n<td>AjiPure\u00ae L-Threonine<\/td>\n<td>75 mg \/ 150 mg<\/td>\n<\/tr>\n<tr>\n<td>AjiPure\u00ae L-Tryptophan<\/td>\n<td>75 mg \/ 150 mg<\/td>\n<\/tr>\n<tr>\n<td>AjiPure\u00ae L-Valine<\/td>\n<td>75 mg \/ 150 mg<\/td>\n<\/tr>\n<\/tbody>\n<\/table>\n<p class=\"chcg-footnote\">* Kein festgelegter Tagesreferenzwert.<\/p>\n<\/p><\/div>\n<div class=\"chcg-ingredients\">\n<h3>Zutaten<\/h3>\n<p>Wirkstoffe (pro 2 Kapseln): AjiPure\u00ae Pharmaceutical Grade L-Histidine 150 mg, AjiPure\u00ae Pharmaceutical Grade L-Isoleucine 150 mg, AjiPure\u00ae Pharmaceutical Grade L-Leucine 150 mg, AjiPure\u00ae Pharmaceutical Grade L-Lysine HCl 150 mg, AjiPure\u00ae Pharmaceutical Grade L-Methionine 150 mg, AjiPure\u00ae Pharmaceutical Grade L-Phenylalanine 150 mg, AjiPure\u00ae Pharmaceutical Grade L-Threonine 150 mg, AjiPure\u00ae Pharmaceutical Grade L-Tryptophan 150 mg, AjiPure\u00ae Pharmaceutical Grade L-Valine 150 mg. Weitere Zutaten: Hypromellose (Kapselh\u00fclle), Reismehl; kann ausserdem enthalten: Magnesiumstearat, Siliziumdioxid.<\/p>\n<p class=\"chcg-capsule-shell\">Kapselh\u00fclle: Hypromellose (Hydroxypropylmethylcellulose) \u2013 pflanzliche\/vegane Kapsel<\/p>\n<\/p><\/div>\n<div class=\"chcg-dosage\">\n<h3>Verzehrempfehlung<\/h3>\n<p>T\u00e4glich eine Kapsel zweimal t\u00e4glich (2 Kapseln pro Tag) mit Wasser einnehmen. Die empfohlene Tagesportion nicht \u00fcberschreiten.<\/p>\n<\/p><\/div>\n<div class=\"chcg-warnings\">\n<h3>Warnhinweise<\/h3>\n<p>Nicht empfohlen f\u00fcr Schwangere oder stillende Frauen. Dieses Produkt nicht verwenden, wenn Sie an Phenylketonurie leiden oder MAO-Hemmer (Monoaminoxidase-Hemmer), Levodopa, Antipsychotika oder verschreibungspflichtige Antidepressiva einnehmen. Konsultieren Sie Ihren Arzt oder Ihre \u00c4rztin vor der Einnahme, wenn Sie verschreibungspflichtige Medikamente einnehmen, insbesondere wenn Sie an einer Lebererkrankung, erh\u00f6htem Homocysteinspiegel oder Krebs leiden oder gelitten haben. Ausserhalb der Reichweite von Kleinkindern aufbewahren. Dieses Produkt kann eine ausgewogene und abwechslungsreiche Ern\u00e4hrung nicht ersetzen.<\/p>\n<\/p><\/div>\n<div class=\"chcg-allergens\">\n<h3>Allergeninformationen<\/h3>\n<p>Auf der Verpackung sind keine Allergene ausdr\u00fccklich deklariert. Das Produkt kann Magnesiumstearat und\/oder Siliziumdioxid enthalten. Keine glutenhaltigen Zutaten aufgef\u00fchrt.<\/p>\n<\/p><\/div>\n<div class=\"chcg-storage\">\n<h3>Lagerung<\/h3>\n<p>Bei Raumtemperatur lagern. Ausserhalb der Reichweite von Kleinkindern aufbewahren.<\/p>\n<\/p><\/div>\n<div class=\"chcg-dietary\">\n<h3>Ern\u00e4hrungshinweise<\/h3>\n<ul>\n<li>Vegan<\/li>\n<li>Vegetarisch<\/li>\n<li>Laktosefrei<\/li>\n<\/ul><\/div>\n<\/div>\n<p>%%DESCRIPTION_END%%<\/p>\n<p>%%SHORT_START%%<br \/>\nSwanson AjiPure\u00ae 9 Aminos\u00e4uren liefert alle neun essenziellen Aminos\u00e4uren in pharmazeutischer Qualit\u00e4t \u2013 150 mg pro Aminos\u00e4ure pro Tagesportion. 60 vegane Kapseln pro Packung.<br \/>\n%%SHORT_END%%<\/p>\n<p>%%SEO_TITLE_START%%<br \/>\nAjiPure\u00ae 9 Aminos\u00e4uren 60 Kapseln \u2013 Swanson | ecosupplements.ch<br \/>\n%%SEO_TITLE_END%%<\/p>\n<p>%%SEO_DESC_START%%<br \/>\nAlle 9 essenziellen Aminos\u00e4uren in AjiPure\u00ae-Qualit\u00e4t \u2013 150 mg pro Aminos\u00e4ure, 60 vegane Kapseln. Jetzt bestellen.<br \/>\n%%SEO_DESC_END%%<\/p>\n","protected":false},"excerpt":{"rendered":"<p>Swanson AjiPure\u00ae 9 Aminos\u00e4uren liefert alle neun essenziellen Aminos\u00e4uren in pharmazeutischer Qualit\u00e4t \u2013 150 mg pro Aminos\u00e4ure pro Tagesportion. 60 vegane Kapseln pro Packung.<\/p>\n","protected":false},"featured_media":0,"comment_status":"closed","ping_status":"open","template":"","meta":[],"product_brand":[16],"product_cat":[15],"product_tag":[],"class_list":{"0":"post-29","1":"product","2":"type-product","3":"status-publish","5":"product_brand-swanson","6":"product_cat-uncategorized","8":"first","9":"outofstock","10":"taxable","11":"shipping-taxable","12":"purchasable","13":"product-type-simple"},"yoast_head":"<!-- This site is optimized with the Yoast SEO plugin v27.5 - https:\/\/yoast.com\/product\/yoast-seo-wordpress\/ -->\n<title>AjiPure\u00ae 9 Aminos\u00e4uren 60 Kapseln \u2013 Swanson | ecosupplements.ch<\/title>\n<meta name=\"description\" content=\"Alle 9 essenziellen Aminos\u00e4uren in AjiPure\u00ae-Qualit\u00e4t \u2013 150 mg pro Aminos\u00e4ure, 60 vegane Kapseln. Jetzt bestellen.\" \/>\n<meta name=\"robots\" content=\"index, follow, max-snippet:-1, max-image-preview:large, max-video-preview:-1\" \/>\n<link rel=\"canonical\" href=\"https:\/\/ecosupplements.ch\/?product=swanson-ajipure-9-aminokwasow-60-kaps\" \/>\n<meta property=\"og:locale\" content=\"de_DE\" \/>\n<meta property=\"og:type\" content=\"article\" \/>\n<meta property=\"og:title\" content=\"AjiPure\u00ae 9 Aminos\u00e4uren 60 Kapseln \u2013 Swanson | ecosupplements.ch\" \/>\n<meta property=\"og:description\" content=\"Alle 9 essenziellen Aminos\u00e4uren in AjiPure\u00ae-Qualit\u00e4t \u2013 150 mg pro Aminos\u00e4ure, 60 vegane Kapseln. Jetzt bestellen.\" \/>\n<meta property=\"og:url\" content=\"https:\/\/ecosupplements.ch\/?product=swanson-ajipure-9-aminokwasow-60-kaps\" \/>\n<meta property=\"og:site_name\" content=\"Eco Supplements\" \/>\n<meta property=\"article:modified_time\" content=\"2026-05-08T13:04:54+00:00\" \/>\n<meta name=\"twitter:card\" content=\"summary_large_image\" \/>\n<meta name=\"twitter:label1\" content=\"Price\" \/>\n\t<meta name=\"twitter:data1\" content=\"&#067;&#072;&#070;&nbsp;19.35\" \/>\n\t<meta name=\"twitter:label2\" content=\"Availability\" \/>\n\t<meta name=\"twitter:data2\" content=\"Out of stock\" \/>\n<script type=\"application\/ld+json\" class=\"yoast-schema-graph\">{\"@context\":\"https:\\\/\\\/schema.org\",\"@graph\":[{\"@type\":\"WebPage\",\"@id\":\"https:\\\/\\\/ecosupplements.ch\\\/?product=swanson-ajipure-9-aminokwasow-60-kaps\",\"url\":\"https:\\\/\\\/ecosupplements.ch\\\/?product=swanson-ajipure-9-aminokwasow-60-kaps\",\"name\":\"AjiPure\u00ae 9 Aminos\u00e4uren 60 Kapseln \u2013 Swanson | ecosupplements.ch\",\"isPartOf\":{\"@id\":\"https:\\\/\\\/ecosupplements.ch\\\/#website\"},\"datePublished\":\"2026-05-08T10:28:19+00:00\",\"dateModified\":\"2026-05-08T13:04:54+00:00\",\"description\":\"Alle 9 essenziellen Aminos\u00e4uren in AjiPure\u00ae-Qualit\u00e4t \u2013 150 mg pro Aminos\u00e4ure, 60 vegane Kapseln. Jetzt bestellen.\",\"breadcrumb\":{\"@id\":\"https:\\\/\\\/ecosupplements.ch\\\/?product=swanson-ajipure-9-aminokwasow-60-kaps#breadcrumb\"},\"inLanguage\":\"de-CH\",\"potentialAction\":[{\"@type\":\"ReadAction\",\"target\":[\"https:\\\/\\\/ecosupplements.ch\\\/?product=swanson-ajipure-9-aminokwasow-60-kaps\"]}]},{\"@type\":\"BreadcrumbList\",\"@id\":\"https:\\\/\\\/ecosupplements.ch\\\/?product=swanson-ajipure-9-aminokwasow-60-kaps#breadcrumb\",\"itemListElement\":[{\"@type\":\"ListItem\",\"position\":1,\"name\":\"Home\",\"item\":\"https:\\\/\\\/ecosupplements.ch\\\/\"},{\"@type\":\"ListItem\",\"position\":2,\"name\":\"Shop\",\"item\":\"https:\\\/\\\/ecosupplements.ch\\\/?page_id=14\"},{\"@type\":\"ListItem\",\"position\":3,\"name\":\"SWANSON AjiPure 9 aminokwas\u00f3w 60 kaps\"}]},{\"@type\":\"WebSite\",\"@id\":\"https:\\\/\\\/ecosupplements.ch\\\/#website\",\"url\":\"https:\\\/\\\/ecosupplements.ch\\\/\",\"name\":\"Eco Supplements\",\"description\":\"\",\"potentialAction\":[{\"@type\":\"SearchAction\",\"target\":{\"@type\":\"EntryPoint\",\"urlTemplate\":\"https:\\\/\\\/ecosupplements.ch\\\/?s={search_term_string}\"},\"query-input\":{\"@type\":\"PropertyValueSpecification\",\"valueRequired\":true,\"valueName\":\"search_term_string\"}}],\"inLanguage\":\"de-CH\"}]}<\/script>\n<meta property=\"product:price:amount\" content=\"19.35\" \/>\n<meta property=\"product:price:currency\" content=\"CHF\" \/>\n<meta property=\"og:availability\" content=\"out of stock\" \/>\n<meta property=\"product:availability\" content=\"out of stock\" \/>\n<meta property=\"product:retailer_item_id\" content=\"087614026787\" \/>\n<meta property=\"product:condition\" content=\"new\" \/>\n<!-- \/ Yoast SEO plugin. -->","yoast_head_json":{"title":"AjiPure\u00ae 9 Aminos\u00e4uren 60 Kapseln \u2013 Swanson | ecosupplements.ch","description":"Alle 9 essenziellen Aminos\u00e4uren in AjiPure\u00ae-Qualit\u00e4t \u2013 150 mg pro Aminos\u00e4ure, 60 vegane Kapseln. Jetzt bestellen.","robots":{"index":"index","follow":"follow","max-snippet":"max-snippet:-1","max-image-preview":"max-image-preview:large","max-video-preview":"max-video-preview:-1"},"canonical":"https:\/\/ecosupplements.ch\/?product=swanson-ajipure-9-aminokwasow-60-kaps","og_locale":"de_DE","og_type":"article","og_title":"AjiPure\u00ae 9 Aminos\u00e4uren 60 Kapseln \u2013 Swanson | ecosupplements.ch","og_description":"Alle 9 essenziellen Aminos\u00e4uren in AjiPure\u00ae-Qualit\u00e4t \u2013 150 mg pro Aminos\u00e4ure, 60 vegane Kapseln. Jetzt bestellen.","og_url":"https:\/\/ecosupplements.ch\/?product=swanson-ajipure-9-aminokwasow-60-kaps","og_site_name":"Eco Supplements","article_modified_time":"2026-05-08T13:04:54+00:00","twitter_card":"summary_large_image","twitter_misc":{"Price":"&#67;&#72;&#70;&nbsp;19.35","Availability":"Out of stock"},"schema":{"@context":"https:\/\/schema.org","@graph":[{"@type":"WebPage","@id":"https:\/\/ecosupplements.ch\/?product=swanson-ajipure-9-aminokwasow-60-kaps","url":"https:\/\/ecosupplements.ch\/?product=swanson-ajipure-9-aminokwasow-60-kaps","name":"AjiPure\u00ae 9 Aminos\u00e4uren 60 Kapseln \u2013 Swanson | ecosupplements.ch","isPartOf":{"@id":"https:\/\/ecosupplements.ch\/#website"},"datePublished":"2026-05-08T10:28:19+00:00","dateModified":"2026-05-08T13:04:54+00:00","description":"Alle 9 essenziellen Aminos\u00e4uren in AjiPure\u00ae-Qualit\u00e4t \u2013 150 mg pro Aminos\u00e4ure, 60 vegane Kapseln. Jetzt bestellen.","breadcrumb":{"@id":"https:\/\/ecosupplements.ch\/?product=swanson-ajipure-9-aminokwasow-60-kaps#breadcrumb"},"inLanguage":"de-CH","potentialAction":[{"@type":"ReadAction","target":["https:\/\/ecosupplements.ch\/?product=swanson-ajipure-9-aminokwasow-60-kaps"]}]},{"@type":"BreadcrumbList","@id":"https:\/\/ecosupplements.ch\/?product=swanson-ajipure-9-aminokwasow-60-kaps#breadcrumb","itemListElement":[{"@type":"ListItem","position":1,"name":"Home","item":"https:\/\/ecosupplements.ch\/"},{"@type":"ListItem","position":2,"name":"Shop","item":"https:\/\/ecosupplements.ch\/?page_id=14"},{"@type":"ListItem","position":3,"name":"SWANSON AjiPure 9 aminokwas\u00f3w 60 kaps"}]},{"@type":"WebSite","@id":"https:\/\/ecosupplements.ch\/#website","url":"https:\/\/ecosupplements.ch\/","name":"Eco Supplements","description":"","potentialAction":[{"@type":"SearchAction","target":{"@type":"EntryPoint","urlTemplate":"https:\/\/ecosupplements.ch\/?s={search_term_string}"},"query-input":{"@type":"PropertyValueSpecification","valueRequired":true,"valueName":"search_term_string"}}],"inLanguage":"de-CH"}]},"product_price_amount":"19.35","product_price_currency":"CHF","og_availability":"out of stock","product_availability":"out of stock","product_retailer_item_id":"087614026787","product_condition":"new"},"_links":{"self":[{"href":"https:\/\/ecosupplements.ch\/index.php?rest_route=\/wp\/v2\/product\/29","targetHints":{"allow":["GET"]}}],"collection":[{"href":"https:\/\/ecosupplements.ch\/index.php?rest_route=\/wp\/v2\/product"}],"about":[{"href":"https:\/\/ecosupplements.ch\/index.php?rest_route=\/wp\/v2\/types\/product"}],"replies":[{"embeddable":true,"href":"https:\/\/ecosupplements.ch\/index.php?rest_route=%2Fwp%2Fv2%2Fcomments&post=29"}],"wp:attachment":[{"href":"https:\/\/ecosupplements.ch\/index.php?rest_route=%2Fwp%2Fv2%2Fmedia&parent=29"}],"wp:term":[{"taxonomy":"product_brand","embeddable":true,"href":"https:\/\/ecosupplements.ch\/index.php?rest_route=%2Fwp%2Fv2%2Fproduct_brand&post=29"},{"taxonomy":"product_cat","embeddable":true,"href":"https:\/\/ecosupplements.ch\/index.php?rest_route=%2Fwp%2Fv2%2Fproduct_cat&post=29"},{"taxonomy":"product_tag","embeddable":true,"href":"https:\/\/ecosupplements.ch\/index.php?rest_route=%2Fwp%2Fv2%2Fproduct_tag&post=29"}],"curies":[{"name":"wp","href":"https:\/\/api.w.org\/{rel}","templated":true}]}}