{"id":2920,"date":"2026-05-11T14:41:20","date_gmt":"2026-05-11T14:41:20","guid":{"rendered":"https:\/\/ecosupplements.ch\/?product=calcium-d-glucarate-500-mg"},"modified":"2026-05-13T07:22:58","modified_gmt":"2026-05-13T07:22:58","slug":"calcium-d-glucarate-500-mg","status":"publish","type":"product","link":"https:\/\/ecosupplements.ch\/?product=calcium-d-glucarate-500-mg","title":{"rendered":"Calcium D-Glucarate 500 mg"},"content":{"rendered":"<div class=\"chcg-product-description\">\n<h2 class=\"chcg-heading\">\u00dcber NOW Foods \u2013 Calcium D-Glucarate 500 mg &#8211; 90 Veg Kapseln<\/h2>\n<div class=\"chcg-intro\">\n<p>Calcium D-Glucarat ist eine nat\u00fcrlich vorkommende Verbindung, die in verschiedenen Fr\u00fcchten und Gem\u00fcsesorten enthalten ist. NOW Foods bietet Calcium D-Glucarat in der stabileren Tetrahydrat-Form an \u2013 als praktische vegane Kapsel mit 500 mg pro Portion. Jede Kapsel liefert zudem 60 mg Calcium, das zur normalen Funktion von Muskeln und Knochen beitr\u00e4gt.<\/p>\n<p>Das Produkt eignet sich f\u00fcr Erwachsene, die ihren Speiseplan gezielt erg\u00e4nzen m\u00f6chten. Die veganen Kapseln sind ohne tierische Bestandteile hergestellt und wurden frei von Weizen, Gluten, Soja, Milch, Ei, Fisch, Schalentieren und Baumn\u00fcssen produziert.<\/p>\n<p>NOW Foods ist seit \u00fcber 50 Jahren ein etablierter Hersteller von Nahrungserg\u00e4nzungsmitteln und legt grossen Wert auf Qualit\u00e4tssicherung gem\u00e4ss GMP-Standards (Good Manufacturing Practice). Das Calcium D-Glucarat 500 mg \u00fcberzeugt durch seine sorgf\u00e4ltige Zusammensetzung und eignet sich f\u00fcr vegane und vegetarische Ern\u00e4hrungsweisen.<\/p>\n<\/p><\/div>\n<div class=\"chcg-nutrition\">\n<h3>N\u00e4hrwertangaben<\/h3>\n<table class=\"chcg-nutrition-table\">\n<thead>\n<tr>\n<th>N\u00e4hrstoff<\/th>\n<th>Pro Portion (1 Veg Kapsel)<\/th>\n<\/tr>\n<\/thead>\n<tbody>\n<tr>\n<td>Calcium (aus Calcium D-Glucarat)<\/td>\n<td>60 mg (6 % des Tagesbedarfs)<\/td>\n<\/tr>\n<tr>\n<td>Calcium D-Glucarat (Tetrahydrat-Form)<\/td>\n<td>500 mg *<\/td>\n<\/tr>\n<\/tbody>\n<\/table>\n<p class=\"chcg-footnote\">* Kein festgelegter Tagesbedarf vorhanden.<\/p>\n<\/p><\/div>\n<div class=\"chcg-ingredients\">\n<h3>Zutaten<\/h3>\n<p>Calcium D-Glucarat (Tetrahydrat-Form) 500 mg. Weitere Zutaten: Cellulose (Kapsel), Cellulosepulver und Stearins\u00e4ure (pflanzliche Quelle).<\/p>\n<p class=\"chcg-capsule-shell\">Kapselh\u00fclle: Cellulose (Kapsel)<\/p>\n<\/p><\/div>\n<div class=\"chcg-dosage\">\n<h3>Verzehrempfehlung<\/h3>\n<p>T\u00e4glich 3 Kapseln einnehmen (je 1 Kapsel, 3-mal t\u00e4glich).<\/p>\n<\/p><\/div>\n<div class=\"chcg-warnings\">\n<h3>Warnhinweise<\/h3>\n<p>Nur f\u00fcr Erwachsene geeignet. Nicht einnehmen w\u00e4hrend der Schwangerschaft oder Stillzeit. Bei Einnahme von Medikamenten oder bei bestehenden gesundheitlichen Beschwerden vor der Einnahme einen Arzt konsultieren. Ausserhalb der Reichweite von Kindern aufbewahren. Das Frischhaltepaket im Beh\u00e4lter nicht essen \u2013 im Beh\u00e4lter belassen. Nat\u00fcrliche Farbvariationen des Produkts sind m\u00f6glich.<\/p>\n<\/p><\/div>\n<div class=\"chcg-allergens\">\n<h3>Allergeninformationen<\/h3>\n<p>Nicht hergestellt mit Weizen, Gluten, Soja, Milch, Ei, Fisch, Schalentieren oder Baumn\u00fcssen. Produziert in einem GMP-zertifizierten Betrieb, der auch andere Zutaten verarbeitet, die diese Allergene enthalten k\u00f6nnen.<\/p>\n<\/p><\/div>\n<div class=\"chcg-storage\">\n<h3>Lagerung<\/h3>\n<p>Nach dem \u00d6ffnen an einem k\u00fchlen, trockenen Ort aufbewahren.<\/p>\n<\/p><\/div>\n<div class=\"chcg-dietary\">\n<h3>Ern\u00e4hrungshinweise<\/h3>\n<ul>\n<li>Vegan<\/li>\n<li>Vegetarisch<\/li>\n<li>Glutenfrei<\/li>\n<li>Laktosefrei<\/li>\n<\/ul><\/div>\n<\/div>\n","protected":false},"excerpt":{"rendered":"<p>Calcium D-Glucarat 500 mg von NOW Foods in veganen Kapseln \u2013 90 St\u00fcck pro Packung. Hergestellt in der stabilen Tetrahydrat-Form, vegan, glutenfrei und ohne g\u00e4ngige Allergene produziert.<\/p>\n","protected":false},"featured_media":2921,"comment_status":"closed","ping_status":"open","template":"","meta":[],"product_brand":[454],"product_cat":[48,25,21],"product_tag":[],"class_list":{"0":"post-2920","1":"product","2":"type-product","3":"status-publish","4":"has-post-thumbnail","6":"product_brand-nownow-foods","7":"product_cat-gesunde-ernaehrung","8":"product_cat-gesundheit-und-wohlbefinden","9":"product_cat-vitamine-und-mineralstoffe","11":"first","12":"outofstock","13":"taxable","14":"shipping-taxable","15":"purchasable","16":"product-type-simple"},"yoast_head":"<!-- This site is optimized with the Yoast SEO plugin v27.5 - https:\/\/yoast.com\/product\/yoast-seo-wordpress\/ -->\n<title>Calcium D-Glucarate 500 mg \u2013 NOW Foods | ecosupplements.ch<\/title>\n<meta name=\"description\" content=\"Calcium D-Glucarat 500 mg von NOW Foods \u2013 90 vegane Kapseln, glutenfrei und ohne g\u00e4ngige Allergene produziert. Jetzt bestellen.\" \/>\n<meta name=\"robots\" content=\"index, follow, max-snippet:-1, max-image-preview:large, max-video-preview:-1\" \/>\n<link rel=\"canonical\" href=\"https:\/\/ecosupplements.ch\/?product=calcium-d-glucarate-500-mg\" \/>\n<meta property=\"og:locale\" content=\"de_DE\" \/>\n<meta property=\"og:type\" content=\"article\" \/>\n<meta property=\"og:title\" content=\"Calcium D-Glucarate 500 mg \u2013 NOW Foods | ecosupplements.ch\" \/>\n<meta property=\"og:description\" content=\"Calcium D-Glucarat 500 mg von NOW Foods \u2013 90 vegane Kapseln, glutenfrei und ohne g\u00e4ngige Allergene produziert. Jetzt bestellen.\" \/>\n<meta property=\"og:url\" content=\"https:\/\/ecosupplements.ch\/?product=calcium-d-glucarate-500-mg\" \/>\n<meta property=\"og:site_name\" content=\"Eco Supplements\" \/>\n<meta property=\"article:modified_time\" content=\"2026-05-13T07:22:58+00:00\" \/>\n<meta property=\"og:image\" content=\"https:\/\/ecosupplements.ch\/wp-content\/uploads\/2026\/05\/Calcium-D-Glucarate-500-mg.webp\" \/>\n\t<meta property=\"og:image:width\" content=\"1000\" \/>\n\t<meta property=\"og:image:height\" content=\"1000\" \/>\n\t<meta property=\"og:image:type\" content=\"image\/jpeg\" \/>\n<meta name=\"twitter:card\" content=\"summary_large_image\" \/>\n<meta name=\"twitter:label1\" content=\"Price\" \/>\n\t<meta name=\"twitter:data1\" content=\"&#067;&#072;&#070;&nbsp;37.81\" \/>\n\t<meta name=\"twitter:label2\" content=\"Availability\" \/>\n\t<meta name=\"twitter:data2\" content=\"Out of stock\" \/>\n<script type=\"application\/ld+json\" class=\"yoast-schema-graph\">{\"@context\":\"https:\\\/\\\/schema.org\",\"@graph\":[{\"@type\":\"WebPage\",\"@id\":\"https:\\\/\\\/ecosupplements.ch\\\/?product=calcium-d-glucarate-500-mg\",\"url\":\"https:\\\/\\\/ecosupplements.ch\\\/?product=calcium-d-glucarate-500-mg\",\"name\":\"Calcium D-Glucarate 500 mg \u2013 NOW Foods | ecosupplements.ch\",\"isPartOf\":{\"@id\":\"https:\\\/\\\/ecosupplements.ch\\\/#website\"},\"primaryImageOfPage\":{\"@id\":\"https:\\\/\\\/ecosupplements.ch\\\/?product=calcium-d-glucarate-500-mg#primaryimage\"},\"image\":{\"@id\":\"https:\\\/\\\/ecosupplements.ch\\\/?product=calcium-d-glucarate-500-mg#primaryimage\"},\"thumbnailUrl\":\"https:\\\/\\\/ecosupplements.ch\\\/wp-content\\\/uploads\\\/2026\\\/05\\\/Calcium-D-Glucarate-500-mg.webp\",\"datePublished\":\"2026-05-11T14:41:20+00:00\",\"dateModified\":\"2026-05-13T07:22:58+00:00\",\"description\":\"Calcium D-Glucarat 500 mg von NOW Foods \u2013 90 vegane Kapseln, glutenfrei und ohne g\u00e4ngige Allergene produziert. Jetzt bestellen.\",\"breadcrumb\":{\"@id\":\"https:\\\/\\\/ecosupplements.ch\\\/?product=calcium-d-glucarate-500-mg#breadcrumb\"},\"inLanguage\":\"de-CH\",\"potentialAction\":[{\"@type\":\"ReadAction\",\"target\":[\"https:\\\/\\\/ecosupplements.ch\\\/?product=calcium-d-glucarate-500-mg\"]}]},{\"@type\":\"ImageObject\",\"inLanguage\":\"de-CH\",\"@id\":\"https:\\\/\\\/ecosupplements.ch\\\/?product=calcium-d-glucarate-500-mg#primaryimage\",\"url\":\"https:\\\/\\\/ecosupplements.ch\\\/wp-content\\\/uploads\\\/2026\\\/05\\\/Calcium-D-Glucarate-500-mg.webp\",\"contentUrl\":\"https:\\\/\\\/ecosupplements.ch\\\/wp-content\\\/uploads\\\/2026\\\/05\\\/Calcium-D-Glucarate-500-mg.webp\",\"width\":1000,\"height\":1000,\"caption\":\"Calcium D-Glucarate 500 mg\"},{\"@type\":\"BreadcrumbList\",\"@id\":\"https:\\\/\\\/ecosupplements.ch\\\/?product=calcium-d-glucarate-500-mg#breadcrumb\",\"itemListElement\":[{\"@type\":\"ListItem\",\"position\":1,\"name\":\"Home\",\"item\":\"https:\\\/\\\/ecosupplements.ch\\\/\"},{\"@type\":\"ListItem\",\"position\":2,\"name\":\"Shop\",\"item\":\"https:\\\/\\\/ecosupplements.ch\\\/?page_id=14\"},{\"@type\":\"ListItem\",\"position\":3,\"name\":\"Calcium D-Glucarate 500 mg\"}]},{\"@type\":\"WebSite\",\"@id\":\"https:\\\/\\\/ecosupplements.ch\\\/#website\",\"url\":\"https:\\\/\\\/ecosupplements.ch\\\/\",\"name\":\"Eco Supplements\",\"description\":\"\",\"potentialAction\":[{\"@type\":\"SearchAction\",\"target\":{\"@type\":\"EntryPoint\",\"urlTemplate\":\"https:\\\/\\\/ecosupplements.ch\\\/?s={search_term_string}\"},\"query-input\":{\"@type\":\"PropertyValueSpecification\",\"valueRequired\":true,\"valueName\":\"search_term_string\"}}],\"inLanguage\":\"de-CH\"}]}<\/script>\n<meta property=\"product:price:amount\" content=\"37.81\" \/>\n<meta property=\"product:price:currency\" content=\"CHF\" \/>\n<meta property=\"og:availability\" content=\"out of stock\" \/>\n<meta property=\"product:availability\" content=\"out of stock\" \/>\n<meta property=\"product:retailer_item_id\" content=\"733739030979\" \/>\n<meta property=\"product:condition\" content=\"new\" \/>\n<!-- \/ Yoast SEO plugin. -->","yoast_head_json":{"title":"Calcium D-Glucarate 500 mg \u2013 NOW Foods | ecosupplements.ch","description":"Calcium D-Glucarat 500 mg von NOW Foods \u2013 90 vegane Kapseln, glutenfrei und ohne g\u00e4ngige Allergene produziert. Jetzt bestellen.","robots":{"index":"index","follow":"follow","max-snippet":"max-snippet:-1","max-image-preview":"max-image-preview:large","max-video-preview":"max-video-preview:-1"},"canonical":"https:\/\/ecosupplements.ch\/?product=calcium-d-glucarate-500-mg","og_locale":"de_DE","og_type":"article","og_title":"Calcium D-Glucarate 500 mg \u2013 NOW Foods | ecosupplements.ch","og_description":"Calcium D-Glucarat 500 mg von NOW Foods \u2013 90 vegane Kapseln, glutenfrei und ohne g\u00e4ngige Allergene produziert. Jetzt bestellen.","og_url":"https:\/\/ecosupplements.ch\/?product=calcium-d-glucarate-500-mg","og_site_name":"Eco Supplements","article_modified_time":"2026-05-13T07:22:58+00:00","og_image":[{"width":1000,"height":1000,"url":"https:\/\/ecosupplements.ch\/wp-content\/uploads\/2026\/05\/Calcium-D-Glucarate-500-mg.webp","type":"image\/jpeg"}],"twitter_card":"summary_large_image","twitter_misc":{"Price":"&#67;&#72;&#70;&nbsp;37.81","Availability":"Out of stock"},"schema":{"@context":"https:\/\/schema.org","@graph":[{"@type":"WebPage","@id":"https:\/\/ecosupplements.ch\/?product=calcium-d-glucarate-500-mg","url":"https:\/\/ecosupplements.ch\/?product=calcium-d-glucarate-500-mg","name":"Calcium D-Glucarate 500 mg \u2013 NOW Foods | ecosupplements.ch","isPartOf":{"@id":"https:\/\/ecosupplements.ch\/#website"},"primaryImageOfPage":{"@id":"https:\/\/ecosupplements.ch\/?product=calcium-d-glucarate-500-mg#primaryimage"},"image":{"@id":"https:\/\/ecosupplements.ch\/?product=calcium-d-glucarate-500-mg#primaryimage"},"thumbnailUrl":"https:\/\/ecosupplements.ch\/wp-content\/uploads\/2026\/05\/Calcium-D-Glucarate-500-mg.webp","datePublished":"2026-05-11T14:41:20+00:00","dateModified":"2026-05-13T07:22:58+00:00","description":"Calcium D-Glucarat 500 mg von NOW Foods \u2013 90 vegane Kapseln, glutenfrei und ohne g\u00e4ngige Allergene produziert. Jetzt bestellen.","breadcrumb":{"@id":"https:\/\/ecosupplements.ch\/?product=calcium-d-glucarate-500-mg#breadcrumb"},"inLanguage":"de-CH","potentialAction":[{"@type":"ReadAction","target":["https:\/\/ecosupplements.ch\/?product=calcium-d-glucarate-500-mg"]}]},{"@type":"ImageObject","inLanguage":"de-CH","@id":"https:\/\/ecosupplements.ch\/?product=calcium-d-glucarate-500-mg#primaryimage","url":"https:\/\/ecosupplements.ch\/wp-content\/uploads\/2026\/05\/Calcium-D-Glucarate-500-mg.webp","contentUrl":"https:\/\/ecosupplements.ch\/wp-content\/uploads\/2026\/05\/Calcium-D-Glucarate-500-mg.webp","width":1000,"height":1000,"caption":"Calcium D-Glucarate 500 mg"},{"@type":"BreadcrumbList","@id":"https:\/\/ecosupplements.ch\/?product=calcium-d-glucarate-500-mg#breadcrumb","itemListElement":[{"@type":"ListItem","position":1,"name":"Home","item":"https:\/\/ecosupplements.ch\/"},{"@type":"ListItem","position":2,"name":"Shop","item":"https:\/\/ecosupplements.ch\/?page_id=14"},{"@type":"ListItem","position":3,"name":"Calcium D-Glucarate 500 mg"}]},{"@type":"WebSite","@id":"https:\/\/ecosupplements.ch\/#website","url":"https:\/\/ecosupplements.ch\/","name":"Eco Supplements","description":"","potentialAction":[{"@type":"SearchAction","target":{"@type":"EntryPoint","urlTemplate":"https:\/\/ecosupplements.ch\/?s={search_term_string}"},"query-input":{"@type":"PropertyValueSpecification","valueRequired":true,"valueName":"search_term_string"}}],"inLanguage":"de-CH"}]},"product_price_amount":"37.81","product_price_currency":"CHF","og_availability":"out of stock","product_availability":"out of stock","product_retailer_item_id":"733739030979","product_condition":"new"},"_links":{"self":[{"href":"https:\/\/ecosupplements.ch\/index.php?rest_route=\/wp\/v2\/product\/2920","targetHints":{"allow":["GET"]}}],"collection":[{"href":"https:\/\/ecosupplements.ch\/index.php?rest_route=\/wp\/v2\/product"}],"about":[{"href":"https:\/\/ecosupplements.ch\/index.php?rest_route=\/wp\/v2\/types\/product"}],"replies":[{"embeddable":true,"href":"https:\/\/ecosupplements.ch\/index.php?rest_route=%2Fwp%2Fv2%2Fcomments&post=2920"}],"wp:featuredmedia":[{"embeddable":true,"href":"https:\/\/ecosupplements.ch\/index.php?rest_route=\/wp\/v2\/media\/2921"}],"wp:attachment":[{"href":"https:\/\/ecosupplements.ch\/index.php?rest_route=%2Fwp%2Fv2%2Fmedia&parent=2920"}],"wp:term":[{"taxonomy":"product_brand","embeddable":true,"href":"https:\/\/ecosupplements.ch\/index.php?rest_route=%2Fwp%2Fv2%2Fproduct_brand&post=2920"},{"taxonomy":"product_cat","embeddable":true,"href":"https:\/\/ecosupplements.ch\/index.php?rest_route=%2Fwp%2Fv2%2Fproduct_cat&post=2920"},{"taxonomy":"product_tag","embeddable":true,"href":"https:\/\/ecosupplements.ch\/index.php?rest_route=%2Fwp%2Fv2%2Fproduct_tag&post=2920"}],"curies":[{"name":"wp","href":"https:\/\/api.w.org\/{rel}","templated":true}]}}