{"id":2929,"date":"2026-05-11T14:41:24","date_gmt":"2026-05-11T14:41:24","guid":{"rendered":"https:\/\/ecosupplements.ch\/?product=acetyl-l-carnitine-500-mg"},"modified":"2026-05-13T07:22:36","modified_gmt":"2026-05-13T07:22:36","slug":"acetyl-l-carnitine-500-mg","status":"publish","type":"product","link":"https:\/\/ecosupplements.ch\/?product=acetyl-l-carnitine-500-mg","title":{"rendered":"Acetyl-L-Carnitine 500 mg"},"content":{"rendered":"<div class=\"chcg-product-description\">\n<h2 class=\"chcg-heading\">\u00dcber NOW Foods \u2013 Acetyl-L-Carnitine 500 mg \u2013 50 Veg Kapseln<\/h2>\n<div class=\"chcg-intro\">\n<p>Acetyl-L-Carnitin (ALCAR) ist eine nat\u00fcrlich vorkommende Aminos\u00e4ure-Verbindung, die im K\u00f6rper aus L-Carnitin gebildet wird. Im Gegensatz zu herk\u00f6mmlichem L-Carnitin kann Acetyl-L-Carnitin die Blut-Hirn-Schranke passieren und wird daher besonders f\u00fcr seine Rolle im Energiestoffwechsel des Gehirns sowie f\u00fcr die Unterst\u00fctzung kognitiver Funktionen gesch\u00e4tzt.<\/p>\n<p>NOW Foods liefert mit diesem Produkt eine sorgf\u00e4ltig formulierte Kapsel mit 500 mg reinem Acetyl-L-Carnitin pro Portion. Die vegetarischen Kapseln aus Hypromellose sind frei von tierischen Inhaltsstoffen und eignen sich sowohl f\u00fcr Veganer als auch f\u00fcr Vegetarier.<\/p>\n<p>NOW Foods steht seit Jahrzehnten f\u00fcr kompromisslose Qualit\u00e4t und Transparenz. Die Produktion erfolgt in einer GMP-zertifizierten Anlage, was gleichbleibend hohe Reinheit und Qualit\u00e4t sicherstellt.<\/p>\n<\/p><\/div>\n<div class=\"chcg-nutrition\">\n<h3>N\u00e4hrwertangaben<\/h3>\n<table class=\"chcg-nutrition-table\">\n<thead>\n<tr>\n<th>N\u00e4hrstoff<\/th>\n<th>Pro Portion (1 Veg Kapsel)<\/th>\n<\/tr>\n<\/thead>\n<tbody>\n<tr>\n<td>Acetyl-L-Carnitin<\/td>\n<td>500 mg *<\/td>\n<\/tr>\n<\/tbody>\n<\/table>\n<p class=\"chcg-footnote\">* Kein festgelegter Tagesreferenzwert vorhanden.<\/p>\n<\/p><\/div>\n<div class=\"chcg-ingredients\">\n<h3>Zutaten<\/h3>\n<p>Acetyl-L-Carnitin 500 mg. Weitere Zutaten: Hypromellose (Zellulosekapselh\u00fclle), Reismehl, Stearins\u00e4ure (pflanzliche Quelle) und Siliziumdioxid.<\/p>\n<p class=\"chcg-capsule-shell\">Kapselh\u00fclle: Hypromellose (Zellulosekapselh\u00fclle)<\/p>\n<\/p><\/div>\n<div class=\"chcg-dosage\">\n<h3>Verzehrempfehlung<\/h3>\n<p>1\u20132 Kapseln 1- bis 2-mal t\u00e4glich nach Bedarf einnehmen.<\/p>\n<\/p><\/div>\n<div class=\"chcg-warnings\">\n<h3>Warnhinweise<\/h3>\n<p>Nur f\u00fcr Erwachsene. Vor der Einnahme einen Arzt konsultieren, wenn Sie schwanger sind oder stillen, Medikamente einnehmen oder an einer Erkrankung leiden. Ausserhalb der Reichweite von Kindern aufbewahren.<\/p>\n<\/p><\/div>\n<div class=\"chcg-allergens\">\n<h3>Allergeninformationen<\/h3>\n<p>Nicht hergestellt mit Hefe, Weizen, Gluten, Soja, Milch, Ei, Fisch, Schalentieren, Baumn\u00fcssen oder Sesam als Zutaten. Hergestellt in einer GMP-Anlage, die andere Zutaten verarbeitet, welche diese Allergene enthalten k\u00f6nnen.<\/p>\n<\/p><\/div>\n<div class=\"chcg-storage\">\n<h3>Lagerung<\/h3>\n<p>Nach dem \u00d6ffnen an einem k\u00fchlen, trockenen Ort lagern.<\/p>\n<\/p><\/div>\n<div class=\"chcg-dietary\">\n<h3>Ern\u00e4hrungshinweise<\/h3>\n<ul>\n<li>Vegan<\/li>\n<li>Vegetarisch<\/li>\n<li>Glutenfrei<\/li>\n<li>Laktosefrei<\/li>\n<\/ul><\/div>\n<\/div>\n","protected":false},"excerpt":{"rendered":"<p>Acetyl-L-Carnitin von NOW Foods unterst\u00fctzt den Energiestoffwechsel und kognitive Funktionen. 50 vegane Kapseln \u00e0 500 mg pro Kapsel \u2013 glutenfrei und vegan geeignet.<\/p>\n","protected":false},"featured_media":2930,"comment_status":"closed","ping_status":"open","template":"","meta":[],"product_brand":[454],"product_cat":[514,90,48,38,515,26,171,21],"product_tag":[],"class_list":{"0":"post-2929","1":"product","2":"type-product","3":"status-publish","4":"has-post-thumbnail","6":"product_brand-nownow-foods","7":"product_cat-aminosaeuren-und-bcaas","8":"product_cat-fitness-training","9":"product_cat-gesunde-ernaehrung","10":"product_cat-gewichtskontrolle","11":"product_cat-l-carnitin-aminosaeuren-und-bcaas","12":"product_cat-multivitamine","13":"product_cat-vitamine-und-mineralien","14":"product_cat-vitamine-und-mineralstoffe","16":"first","17":"outofstock","18":"taxable","19":"shipping-taxable","20":"purchasable","21":"product-type-simple"},"yoast_head":"<!-- This site is optimized with the Yoast SEO plugin v27.5 - https:\/\/yoast.com\/product\/yoast-seo-wordpress\/ -->\n<title>Acetyl-L-Carnitine 500 mg \u2013 NOW Foods | ecosupplements.ch<\/title>\n<meta name=\"description\" content=\"NOW Foods Acetyl-L-Carnitin 500 mg unterst\u00fctzt Energiestoffwechsel und kognitive Funktionen \u2013 50 vegane Kapseln, glutenfrei. Jetzt bestellen.\" \/>\n<meta name=\"robots\" content=\"index, follow, max-snippet:-1, max-image-preview:large, max-video-preview:-1\" \/>\n<link rel=\"canonical\" href=\"https:\/\/ecosupplements.ch\/?product=acetyl-l-carnitine-500-mg\" \/>\n<meta property=\"og:locale\" content=\"de_DE\" \/>\n<meta property=\"og:type\" content=\"article\" \/>\n<meta property=\"og:title\" content=\"Acetyl-L-Carnitine 500 mg \u2013 NOW Foods | ecosupplements.ch\" \/>\n<meta property=\"og:description\" content=\"NOW Foods Acetyl-L-Carnitin 500 mg unterst\u00fctzt Energiestoffwechsel und kognitive Funktionen \u2013 50 vegane Kapseln, glutenfrei. Jetzt bestellen.\" \/>\n<meta property=\"og:url\" content=\"https:\/\/ecosupplements.ch\/?product=acetyl-l-carnitine-500-mg\" \/>\n<meta property=\"og:site_name\" content=\"Eco Supplements\" \/>\n<meta property=\"article:modified_time\" content=\"2026-05-13T07:22:36+00:00\" \/>\n<meta property=\"og:image\" content=\"https:\/\/ecosupplements.ch\/wp-content\/uploads\/2026\/05\/Acetyl-L-Carnitine-500-mg.webp\" \/>\n\t<meta property=\"og:image:width\" content=\"1000\" \/>\n\t<meta property=\"og:image:height\" content=\"1000\" \/>\n\t<meta property=\"og:image:type\" content=\"image\/jpeg\" \/>\n<meta name=\"twitter:card\" content=\"summary_large_image\" \/>\n<meta name=\"twitter:label1\" content=\"Price\" \/>\n\t<meta name=\"twitter:data1\" content=\"&#067;&#072;&#070;&nbsp;12.74\" \/>\n\t<meta name=\"twitter:label2\" content=\"Availability\" \/>\n\t<meta name=\"twitter:data2\" content=\"Out of stock\" \/>\n<script type=\"application\/ld+json\" class=\"yoast-schema-graph\">{\"@context\":\"https:\\\/\\\/schema.org\",\"@graph\":[{\"@type\":\"WebPage\",\"@id\":\"https:\\\/\\\/ecosupplements.ch\\\/?product=acetyl-l-carnitine-500-mg\",\"url\":\"https:\\\/\\\/ecosupplements.ch\\\/?product=acetyl-l-carnitine-500-mg\",\"name\":\"Acetyl-L-Carnitine 500 mg \u2013 NOW Foods | ecosupplements.ch\",\"isPartOf\":{\"@id\":\"https:\\\/\\\/ecosupplements.ch\\\/#website\"},\"primaryImageOfPage\":{\"@id\":\"https:\\\/\\\/ecosupplements.ch\\\/?product=acetyl-l-carnitine-500-mg#primaryimage\"},\"image\":{\"@id\":\"https:\\\/\\\/ecosupplements.ch\\\/?product=acetyl-l-carnitine-500-mg#primaryimage\"},\"thumbnailUrl\":\"https:\\\/\\\/ecosupplements.ch\\\/wp-content\\\/uploads\\\/2026\\\/05\\\/Acetyl-L-Carnitine-500-mg.webp\",\"datePublished\":\"2026-05-11T14:41:24+00:00\",\"dateModified\":\"2026-05-13T07:22:36+00:00\",\"description\":\"NOW Foods Acetyl-L-Carnitin 500 mg unterst\u00fctzt Energiestoffwechsel und kognitive Funktionen \u2013 50 vegane Kapseln, glutenfrei. Jetzt bestellen.\",\"breadcrumb\":{\"@id\":\"https:\\\/\\\/ecosupplements.ch\\\/?product=acetyl-l-carnitine-500-mg#breadcrumb\"},\"inLanguage\":\"de-CH\",\"potentialAction\":[{\"@type\":\"ReadAction\",\"target\":[\"https:\\\/\\\/ecosupplements.ch\\\/?product=acetyl-l-carnitine-500-mg\"]}]},{\"@type\":\"ImageObject\",\"inLanguage\":\"de-CH\",\"@id\":\"https:\\\/\\\/ecosupplements.ch\\\/?product=acetyl-l-carnitine-500-mg#primaryimage\",\"url\":\"https:\\\/\\\/ecosupplements.ch\\\/wp-content\\\/uploads\\\/2026\\\/05\\\/Acetyl-L-Carnitine-500-mg.webp\",\"contentUrl\":\"https:\\\/\\\/ecosupplements.ch\\\/wp-content\\\/uploads\\\/2026\\\/05\\\/Acetyl-L-Carnitine-500-mg.webp\",\"width\":1000,\"height\":1000,\"caption\":\"Acetyl-L-Carnitine 500 mg\"},{\"@type\":\"BreadcrumbList\",\"@id\":\"https:\\\/\\\/ecosupplements.ch\\\/?product=acetyl-l-carnitine-500-mg#breadcrumb\",\"itemListElement\":[{\"@type\":\"ListItem\",\"position\":1,\"name\":\"Home\",\"item\":\"https:\\\/\\\/ecosupplements.ch\\\/\"},{\"@type\":\"ListItem\",\"position\":2,\"name\":\"Shop\",\"item\":\"https:\\\/\\\/ecosupplements.ch\\\/?page_id=14\"},{\"@type\":\"ListItem\",\"position\":3,\"name\":\"Acetyl-L-Carnitine 500 mg\"}]},{\"@type\":\"WebSite\",\"@id\":\"https:\\\/\\\/ecosupplements.ch\\\/#website\",\"url\":\"https:\\\/\\\/ecosupplements.ch\\\/\",\"name\":\"Eco Supplements\",\"description\":\"\",\"potentialAction\":[{\"@type\":\"SearchAction\",\"target\":{\"@type\":\"EntryPoint\",\"urlTemplate\":\"https:\\\/\\\/ecosupplements.ch\\\/?s={search_term_string}\"},\"query-input\":{\"@type\":\"PropertyValueSpecification\",\"valueRequired\":true,\"valueName\":\"search_term_string\"}}],\"inLanguage\":\"de-CH\"}]}<\/script>\n<meta property=\"product:price:amount\" content=\"12.74\" \/>\n<meta property=\"product:price:currency\" content=\"CHF\" \/>\n<meta property=\"og:availability\" content=\"out of stock\" \/>\n<meta property=\"product:availability\" content=\"out of stock\" \/>\n<meta property=\"product:retailer_item_id\" content=\"733739000750\" \/>\n<meta property=\"product:condition\" content=\"new\" \/>\n<!-- \/ Yoast SEO plugin. -->","yoast_head_json":{"title":"Acetyl-L-Carnitine 500 mg \u2013 NOW Foods | ecosupplements.ch","description":"NOW Foods Acetyl-L-Carnitin 500 mg unterst\u00fctzt Energiestoffwechsel und kognitive Funktionen \u2013 50 vegane Kapseln, glutenfrei. Jetzt bestellen.","robots":{"index":"index","follow":"follow","max-snippet":"max-snippet:-1","max-image-preview":"max-image-preview:large","max-video-preview":"max-video-preview:-1"},"canonical":"https:\/\/ecosupplements.ch\/?product=acetyl-l-carnitine-500-mg","og_locale":"de_DE","og_type":"article","og_title":"Acetyl-L-Carnitine 500 mg \u2013 NOW Foods | ecosupplements.ch","og_description":"NOW Foods Acetyl-L-Carnitin 500 mg unterst\u00fctzt Energiestoffwechsel und kognitive Funktionen \u2013 50 vegane Kapseln, glutenfrei. Jetzt bestellen.","og_url":"https:\/\/ecosupplements.ch\/?product=acetyl-l-carnitine-500-mg","og_site_name":"Eco Supplements","article_modified_time":"2026-05-13T07:22:36+00:00","og_image":[{"width":1000,"height":1000,"url":"https:\/\/ecosupplements.ch\/wp-content\/uploads\/2026\/05\/Acetyl-L-Carnitine-500-mg.webp","type":"image\/jpeg"}],"twitter_card":"summary_large_image","twitter_misc":{"Price":"&#67;&#72;&#70;&nbsp;12.74","Availability":"Out of stock"},"schema":{"@context":"https:\/\/schema.org","@graph":[{"@type":"WebPage","@id":"https:\/\/ecosupplements.ch\/?product=acetyl-l-carnitine-500-mg","url":"https:\/\/ecosupplements.ch\/?product=acetyl-l-carnitine-500-mg","name":"Acetyl-L-Carnitine 500 mg \u2013 NOW Foods | ecosupplements.ch","isPartOf":{"@id":"https:\/\/ecosupplements.ch\/#website"},"primaryImageOfPage":{"@id":"https:\/\/ecosupplements.ch\/?product=acetyl-l-carnitine-500-mg#primaryimage"},"image":{"@id":"https:\/\/ecosupplements.ch\/?product=acetyl-l-carnitine-500-mg#primaryimage"},"thumbnailUrl":"https:\/\/ecosupplements.ch\/wp-content\/uploads\/2026\/05\/Acetyl-L-Carnitine-500-mg.webp","datePublished":"2026-05-11T14:41:24+00:00","dateModified":"2026-05-13T07:22:36+00:00","description":"NOW Foods Acetyl-L-Carnitin 500 mg unterst\u00fctzt Energiestoffwechsel und kognitive Funktionen \u2013 50 vegane Kapseln, glutenfrei. Jetzt bestellen.","breadcrumb":{"@id":"https:\/\/ecosupplements.ch\/?product=acetyl-l-carnitine-500-mg#breadcrumb"},"inLanguage":"de-CH","potentialAction":[{"@type":"ReadAction","target":["https:\/\/ecosupplements.ch\/?product=acetyl-l-carnitine-500-mg"]}]},{"@type":"ImageObject","inLanguage":"de-CH","@id":"https:\/\/ecosupplements.ch\/?product=acetyl-l-carnitine-500-mg#primaryimage","url":"https:\/\/ecosupplements.ch\/wp-content\/uploads\/2026\/05\/Acetyl-L-Carnitine-500-mg.webp","contentUrl":"https:\/\/ecosupplements.ch\/wp-content\/uploads\/2026\/05\/Acetyl-L-Carnitine-500-mg.webp","width":1000,"height":1000,"caption":"Acetyl-L-Carnitine 500 mg"},{"@type":"BreadcrumbList","@id":"https:\/\/ecosupplements.ch\/?product=acetyl-l-carnitine-500-mg#breadcrumb","itemListElement":[{"@type":"ListItem","position":1,"name":"Home","item":"https:\/\/ecosupplements.ch\/"},{"@type":"ListItem","position":2,"name":"Shop","item":"https:\/\/ecosupplements.ch\/?page_id=14"},{"@type":"ListItem","position":3,"name":"Acetyl-L-Carnitine 500 mg"}]},{"@type":"WebSite","@id":"https:\/\/ecosupplements.ch\/#website","url":"https:\/\/ecosupplements.ch\/","name":"Eco Supplements","description":"","potentialAction":[{"@type":"SearchAction","target":{"@type":"EntryPoint","urlTemplate":"https:\/\/ecosupplements.ch\/?s={search_term_string}"},"query-input":{"@type":"PropertyValueSpecification","valueRequired":true,"valueName":"search_term_string"}}],"inLanguage":"de-CH"}]},"product_price_amount":"12.74","product_price_currency":"CHF","og_availability":"out of stock","product_availability":"out of stock","product_retailer_item_id":"733739000750","product_condition":"new"},"_links":{"self":[{"href":"https:\/\/ecosupplements.ch\/index.php?rest_route=\/wp\/v2\/product\/2929","targetHints":{"allow":["GET"]}}],"collection":[{"href":"https:\/\/ecosupplements.ch\/index.php?rest_route=\/wp\/v2\/product"}],"about":[{"href":"https:\/\/ecosupplements.ch\/index.php?rest_route=\/wp\/v2\/types\/product"}],"replies":[{"embeddable":true,"href":"https:\/\/ecosupplements.ch\/index.php?rest_route=%2Fwp%2Fv2%2Fcomments&post=2929"}],"wp:featuredmedia":[{"embeddable":true,"href":"https:\/\/ecosupplements.ch\/index.php?rest_route=\/wp\/v2\/media\/2930"}],"wp:attachment":[{"href":"https:\/\/ecosupplements.ch\/index.php?rest_route=%2Fwp%2Fv2%2Fmedia&parent=2929"}],"wp:term":[{"taxonomy":"product_brand","embeddable":true,"href":"https:\/\/ecosupplements.ch\/index.php?rest_route=%2Fwp%2Fv2%2Fproduct_brand&post=2929"},{"taxonomy":"product_cat","embeddable":true,"href":"https:\/\/ecosupplements.ch\/index.php?rest_route=%2Fwp%2Fv2%2Fproduct_cat&post=2929"},{"taxonomy":"product_tag","embeddable":true,"href":"https:\/\/ecosupplements.ch\/index.php?rest_route=%2Fwp%2Fv2%2Fproduct_tag&post=2929"}],"curies":[{"name":"wp","href":"https:\/\/api.w.org\/{rel}","templated":true}]}}