{"id":2962,"date":"2026-05-11T14:41:39","date_gmt":"2026-05-11T14:41:39","guid":{"rendered":"https:\/\/ecosupplements.ch\/?product=adam-mens-multiple-vitamin-softgels"},"modified":"2026-05-13T07:22:54","modified_gmt":"2026-05-13T07:22:54","slug":"adam-mens-multiple-vitamin-softgels","status":"publish","type":"product","link":"https:\/\/ecosupplements.ch\/?product=adam-mens-multiple-vitamin-softgels","title":{"rendered":"Adam\u2122 Men&#8217;s Multiple Vitamin softgels"},"content":{"rendered":"<div class=\"chcg-product-description\">\n<h2 class=\"chcg-heading\">\u00dcber NOW Foods \u2013 Adam\u2122 Men&#8217;s Multiple Vitamin Softgels<\/h2>\n<div class=\"chcg-intro\">\n<p>Adam\u2122 Men&#8217;s Multiple Vitamin von NOW Foods ist ein umfassendes Multivitaminpr\u00e4parat, das speziell auf die Bed\u00fcrfnisse des Mannes abgestimmt ist. Die Formel vereint \u00fcber 30 sorgf\u00e4ltig ausgew\u00e4hlte Vitamine, Mineralstoffe und pflanzliche Wirkstoffe in einer praktischen Softgel-Form \u2013 darunter hochwertige, gut bioverf\u00fcgbare Formen wie Methylcobalamin (Vitamin B-12), Pyridoxal-5-Phosphat (aktives B-6) und Zink aus Zink-Picolinat.<\/p>\n<p>Erg\u00e4nzt wird die klassische Vitaminkombination durch spezifische Inhaltsstoffe wie Saw Palmetto Extrakt (Serenoa repens), Lycopene (LYC-O-MATO\u00ae) aus nat\u00fcrlichem Tomatenextrakt sowie Lutein (FloraGLO\u00ae) aus Ringelblumenbl\u00fcten. Zus\u00e4tzlich enth\u00e4lt das Produkt Coenzym Q10 (als Ubiquinon), Alpha-Lipons\u00e4ure, Traubenkernextrakt und Phytosterole \u2013 eine breite N\u00e4hrstoffbasis f\u00fcr aktive M\u00e4nner.<\/p>\n<p>Die Mineralstoffe Selen, Kupfer, Mangan, Chrom und Molybd\u00e4n liegen in Chelatform vor (Albion\u2122 und TRAACS\u2122), was f\u00fcr eine hohe Qualit\u00e4t und Reinheit der Rohstoffe steht. Adam\u2122 ist glutenfrei und laktosefrei \u2013 ideal f\u00fcr M\u00e4nner, die Wert auf eine qualitativ hochwertige Nahrungserg\u00e4nzung legen.<\/p>\n<\/p><\/div>\n<div class=\"chcg-nutrition\">\n<h3>N\u00e4hrwertangaben<\/h3>\n<table class=\"chcg-nutrition-table\">\n<thead>\n<tr>\n<th>N\u00e4hrstoff<\/th>\n<th>Pro Portion (2 Softgels)<\/th>\n<\/tr>\n<\/thead>\n<tbody>\n<tr>\n<td>Vitamin A (60% als Beta-Carotin und 40% als Retinylpalmitat)<\/td>\n<td>3&#8217;000 mcg (333% Tagesbedarf)<\/td>\n<\/tr>\n<tr>\n<td>Vitamin C (aus Calcium Ascorbat)<\/td>\n<td>250 mg (278% Tagesbedarf)<\/td>\n<\/tr>\n<tr>\n<td>Vitamin D (als D-3 Cholecalciferol)<\/td>\n<td>25 mcg \/ 1&#8217;000 IU (125% Tagesbedarf)<\/td>\n<\/tr>\n<tr>\n<td>Vitamin E (als d-alpha Tocopherol)<\/td>\n<td>100 mg (667% Tagesbedarf)<\/td>\n<\/tr>\n<tr>\n<td>Vitamin K (als K-1 Phytonadion)<\/td>\n<td>35 mcg (29% Tagesbedarf)<\/td>\n<\/tr>\n<tr>\n<td>Thiamin (Vitamin B-1) (aus Thiamin HCl)<\/td>\n<td>25 mg (2&#8217;083% Tagesbedarf)<\/td>\n<\/tr>\n<tr>\n<td>Riboflavin (Vitamin B-2)<\/td>\n<td>25 mg (1&#8217;923% Tagesbedarf)<\/td>\n<\/tr>\n<tr>\n<td>Niacin (Vitamin B-3) (als Niacinamid)<\/td>\n<td>35 mg (219% Tagesbedarf)<\/td>\n<\/tr>\n<tr>\n<td>Vitamin B-6 (aus Pyridoxin HCl und Pyridoxal-5-Phosphat (P-5-P))<\/td>\n<td>25 mg (1&#8217;471% Tagesbedarf)<\/td>\n<\/tr>\n<tr>\n<td>Folat<\/td>\n<td>680 mcg DFE \/ 400 mcg Fols\u00e4ure (170% Tagesbedarf)<\/td>\n<\/tr>\n<tr>\n<td>Vitamin B-12 (als Methylcobalamin)<\/td>\n<td>120 mcg (5&#8217;000% Tagesbedarf)<\/td>\n<\/tr>\n<tr>\n<td>Biotin<\/td>\n<td>300 mcg (1&#8217;000% Tagesbedarf)<\/td>\n<\/tr>\n<tr>\n<td>Pantothens\u00e4ure (Vitamin B-5) (aus Calcium Pantothenat)<\/td>\n<td>50 mg (1&#8217;000% Tagesbedarf)<\/td>\n<\/tr>\n<tr>\n<td>Cholin (aus Cholin Bitartrat)<\/td>\n<td>25 mg (5% Tagesbedarf)<\/td>\n<\/tr>\n<tr>\n<td>Calcium (aus Calcium Ascorbat, Aquamin\u00ae Algen-Mineralien und Calcium Pantothenat)<\/td>\n<td>55 mg (4% Tagesbedarf)<\/td>\n<\/tr>\n<tr>\n<td>Iod (aus Kaliumiodid)<\/td>\n<td>225 mcg (150% Tagesbedarf)<\/td>\n<\/tr>\n<tr>\n<td>Magnesium (aus Magnesiumcitrat und Aquamin\u00ae Algen-Mineralien)<\/td>\n<td>25 mg (6% Tagesbedarf)<\/td>\n<\/tr>\n<tr>\n<td>Zink (aus Zink-Picolinat)<\/td>\n<td>15 mg (136% Tagesbedarf)<\/td>\n<\/tr>\n<tr>\n<td>Selen (aus Selenium Glycinate) (Albion\u2122)<\/td>\n<td>200 mcg (364% Tagesbedarf)<\/td>\n<\/tr>\n<tr>\n<td>Kupfer (aus Kupfer-Bisglycinate) (TRAACS\u2122)<\/td>\n<td>0,5 mg (56% Tagesbedarf)<\/td>\n<\/tr>\n<tr>\n<td>Mangan (aus Mangan-Bisglycinate) (TRAACS\u2122)<\/td>\n<td>2 mg (87% Tagesbedarf)<\/td>\n<\/tr>\n<tr>\n<td>Chrom (aus Chrom-Nicotinat-Glycinate) (TRAACS\u2122)<\/td>\n<td>120 mcg (343% Tagesbedarf)<\/td>\n<\/tr>\n<tr>\n<td>Molybd\u00e4n (aus Molybd\u00e4n-Glycinate) (TRAACS\u2122)<\/td>\n<td>75 mcg (167% Tagesbedarf)<\/td>\n<\/tr>\n<tr>\n<td>Kalium (aus Kaliumchlorid)<\/td>\n<td>25 mg (&lt;1% Tagesbedarf)<\/td>\n<\/tr>\n<tr>\n<td>Saw Palmetto Extrakt (Beere) (Serenoa repens) (mind. 85% Fetts\u00e4uren)<\/td>\n<td>160 mg *<\/td>\n<\/tr>\n<tr>\n<td>Phytosterole (Pflanzensterole) (mit Beta-Sitosterol)<\/td>\n<td>50 mg *<\/td>\n<\/tr>\n<tr>\n<td>Alpha-Lipons\u00e4ure<\/td>\n<td>25 mg *<\/td>\n<\/tr>\n<tr>\n<td>Traubenkernextrakt (Vitis vinifera)<\/td>\n<td>25 mg *<\/td>\n<\/tr>\n<tr>\n<td>Inositol<\/td>\n<td>10 mg *<\/td>\n<\/tr>\n<tr>\n<td>CoQ10 (als Ubiquinon)<\/td>\n<td>10 mg *<\/td>\n<\/tr>\n<tr>\n<td>Lycopene (LYC-O-MATO\u00ae) (aus nat\u00fcrlichem Tomatenextrakt)<\/td>\n<td>3 mg *<\/td>\n<\/tr>\n<tr>\n<td>Lutein (FloraGLO\u00ae) (aus Ringelblumenbl\u00fcten)<\/td>\n<td>500 mcg *<\/td>\n<\/tr>\n<tr>\n<td>Vitamin K-2 (als Menaquinon)<\/td>\n<td>45 mcg *<\/td>\n<\/tr>\n<\/tbody>\n<\/table>\n<p class=\"chcg-footnote\">* Kein festgelegter Tagesreferenzwert.<\/p>\n<\/p><\/div>\n<div class=\"chcg-ingredients\">\n<h3>Zutaten<\/h3>\n<p>Vitamin A (60% als Beta-Carotin und 40% als Retinylpalmitat), Vitamin C (aus Calcium Ascorbat), Vitamin D (als D-3 Cholecalciferol), Vitamin E (als d-alpha Tocopherol), Vitamin K (als K-1 Phytonadion), Thiamin (Vitamin B-1) (aus Thiamin HCl), Riboflavin (Vitamin B-2), Niacin (Vitamin B-3) (als Niacinamid), Vitamin B-6 (aus Pyridoxin HCl und Pyridoxal-5-Phosphat (P-5-P)), Folat DFE (aus Fols\u00e4ure), Vitamin B-12 (als Methylcobalamin), Biotin, Pantothens\u00e4ure (Vitamin B-5) (aus Calcium Pantothenat), Cholin (aus Cholin Bitartrat), Calcium (aus Calcium Ascorbat, Aquamin\u00ae Algen-Mineralien und Calcium Pantothenat), Iod (aus Kaliumiodid), Magnesium (aus Magnesiumcitrat und Aquamin\u00ae Algen-Mineralien), Zink (aus Zink-Picolinat), Selen (aus Selenium Glycinate) (Albion\u2122), Kupfer (aus Kupfer-Bisglycinate) (TRAACS\u2122), Mangan (aus Mangan-Bisglycinate) (TRAACS\u2122), Chrom (aus Chrom-Nicotinat-Glycinate) (TRAACS\u2122), Molybd\u00e4n (aus Molybd\u00e4n-Glycinate) (TRAACS\u2122), Kalium (aus Kaliumchlorid), Saw Palmetto Extrakt (Beere) (Serenoa repens) (mind. 85% Fetts\u00e4uren), Phytosterole (Pflanzensterole) (mit Beta-Sitosterol), Alpha-Lipons\u00e4ure, Traubenkernextrakt (Vitis vinifera), Inositol, CoQ10 (als Ubiquinon), Lycopene (LYC-O-MATO\u00ae) (aus nat\u00fcrlichem Tomatenextrakt), Lutein (FloraGLO\u00ae) (aus Ringelblumenbl\u00fcten), Vitamin K-2 (als Menaquinon). Weitere Zutaten: K\u00fcrbiskern\u00f6l, Sonnenblumenlecithin, Bienenwachs und Zimtrindenpulver. Enth\u00e4lt Soja.<\/p>\n<p class=\"chcg-capsule-shell\">Kapselh\u00fclle: Softgel-Kapsel [Rindergelatine (BSE-frei), Glycerin, Wasser, Johannisbrot]\n<\/p><\/div>\n<div class=\"chcg-dosage\">\n<h3>Verzehrempfehlung<\/h3>\n<p>T\u00e4glich 2 Softgels zusammen mit einer Mahlzeit einnehmen.<\/p>\n<\/p><\/div>\n<div class=\"chcg-warnings\">\n<h3>Warnhinweise<\/h3>\n<p>Nur f\u00fcr Erwachsene geeignet. Bei Schwangerschaft oder Stillzeit, bei der Einnahme von Medikamenten oder bei bestehenden gesundheitlichen Beschwerden ist vor der Anwendung ein Arzt zu konsultieren. Ausserhalb der Reichweite von Kindern aufbewahren. Dieses Produkt enth\u00e4lt Biotin, das bestimmte Bluttestergebnisse beeinflussen kann. Nat\u00fcrliche Farbabweichungen k\u00f6nnen bei diesem Produkt auftreten.<\/p>\n<\/p><\/div>\n<div class=\"chcg-allergens\">\n<h3>Allergeninformationen<\/h3>\n<p>Enth\u00e4lt Soja. Nicht hergestellt mit Weizen, Gluten, Milch, Ei, Fisch, Schalentieren, Baumn\u00fcssen oder Sesam. Produziert in einem GMP-zertifizierten Betrieb, der auch andere Zutaten verarbeitet, die diese Allergene enthalten k\u00f6nnen.<\/p>\n<\/p><\/div>\n<div class=\"chcg-storage\">\n<h3>Lagerung<\/h3>\n<p>Nach dem \u00d6ffnen an einem k\u00fchlen, trockenen Ort aufbewahren.<\/p>\n<\/p><\/div>\n<div class=\"chcg-dietary\">\n<h3>Ern\u00e4hrungshinweise<\/h3>\n<ul>\n<li>Glutenfrei<\/li>\n<li>Laktosefrei<\/li>\n<\/ul><\/div>\n<\/div>\n","protected":false},"excerpt":{"rendered":"<p>Adam\u2122 Men&#8217;s Multiple Vitamin von NOW Foods ist ein umfassendes Multivitaminpr\u00e4parat f\u00fcr M\u00e4nner mit \u00fcber 30 Vitaminen, Mineralstoffen und Pflanzenstoffen. 90 Softgels \u2013 glutenfrei und laktosefrei.<\/p>\n","protected":false},"featured_media":2963,"comment_status":"closed","ping_status":"open","template":"","meta":[],"product_brand":[454],"product_cat":[48,25,26,32,108,21],"product_tag":[],"class_list":{"0":"post-2962","1":"product","2":"type-product","3":"status-publish","4":"has-post-thumbnail","6":"product_brand-nownow-foods","7":"product_cat-gesunde-ernaehrung","8":"product_cat-gesundheit-und-wohlbefinden","9":"product_cat-multivitamine","10":"product_cat-nahrungsergaenzungsmittel-fuer-frauen","11":"product_cat-vitaminer-til-maend","12":"product_cat-vitamine-und-mineralstoffe","14":"first","15":"outofstock","16":"taxable","17":"shipping-taxable","18":"purchasable","19":"product-type-simple"},"yoast_head":"<!-- This site is optimized with the Yoast SEO plugin v27.5 - https:\/\/yoast.com\/product\/yoast-seo-wordpress\/ -->\n<title>Adam\u2122 Men&#039;s Multiple Vitamin Softgels \u2013 NOW Foods | ecosupplements.ch<\/title>\n<meta name=\"description\" content=\"Umfassendes Multivitamin f\u00fcr M\u00e4nner mit \u00fcber 30 N\u00e4hrstoffen in 90 Softgels \u2013 glutenfrei, hochdosiert und mit Saw Palmetto. Jetzt bestellen.\" \/>\n<meta name=\"robots\" content=\"index, follow, max-snippet:-1, max-image-preview:large, max-video-preview:-1\" \/>\n<link rel=\"canonical\" href=\"https:\/\/ecosupplements.ch\/?product=adam-mens-multiple-vitamin-softgels\" \/>\n<meta property=\"og:locale\" content=\"de_DE\" \/>\n<meta property=\"og:type\" content=\"article\" \/>\n<meta property=\"og:title\" content=\"Adam\u2122 Men&#039;s Multiple Vitamin Softgels \u2013 NOW Foods | ecosupplements.ch\" \/>\n<meta property=\"og:description\" content=\"Umfassendes Multivitamin f\u00fcr M\u00e4nner mit \u00fcber 30 N\u00e4hrstoffen in 90 Softgels \u2013 glutenfrei, hochdosiert und mit Saw Palmetto. Jetzt bestellen.\" \/>\n<meta property=\"og:url\" content=\"https:\/\/ecosupplements.ch\/?product=adam-mens-multiple-vitamin-softgels\" \/>\n<meta property=\"og:site_name\" content=\"Eco Supplements\" \/>\n<meta property=\"article:modified_time\" content=\"2026-05-13T07:22:54+00:00\" \/>\n<meta property=\"og:image\" content=\"https:\/\/ecosupplements.ch\/wp-content\/uploads\/2026\/05\/Adam\u2122-Mens-Multiple-Vitamin-softgels.webp\" \/>\n\t<meta property=\"og:image:width\" content=\"1000\" \/>\n\t<meta property=\"og:image:height\" content=\"1000\" \/>\n\t<meta property=\"og:image:type\" content=\"image\/jpeg\" \/>\n<meta name=\"twitter:card\" content=\"summary_large_image\" \/>\n<meta name=\"twitter:label1\" content=\"Price\" \/>\n\t<meta name=\"twitter:data1\" content=\"&#067;&#072;&#070;&nbsp;35.03\" \/>\n\t<meta name=\"twitter:label2\" content=\"Availability\" \/>\n\t<meta name=\"twitter:data2\" content=\"Out of stock\" \/>\n<script type=\"application\/ld+json\" class=\"yoast-schema-graph\">{\"@context\":\"https:\\\/\\\/schema.org\",\"@graph\":[{\"@type\":\"WebPage\",\"@id\":\"https:\\\/\\\/ecosupplements.ch\\\/?product=adam-mens-multiple-vitamin-softgels\",\"url\":\"https:\\\/\\\/ecosupplements.ch\\\/?product=adam-mens-multiple-vitamin-softgels\",\"name\":\"Adam\u2122 Men's Multiple Vitamin Softgels \u2013 NOW Foods | ecosupplements.ch\",\"isPartOf\":{\"@id\":\"https:\\\/\\\/ecosupplements.ch\\\/#website\"},\"primaryImageOfPage\":{\"@id\":\"https:\\\/\\\/ecosupplements.ch\\\/?product=adam-mens-multiple-vitamin-softgels#primaryimage\"},\"image\":{\"@id\":\"https:\\\/\\\/ecosupplements.ch\\\/?product=adam-mens-multiple-vitamin-softgels#primaryimage\"},\"thumbnailUrl\":\"https:\\\/\\\/ecosupplements.ch\\\/wp-content\\\/uploads\\\/2026\\\/05\\\/Adam\u2122-Mens-Multiple-Vitamin-softgels.webp\",\"datePublished\":\"2026-05-11T14:41:39+00:00\",\"dateModified\":\"2026-05-13T07:22:54+00:00\",\"description\":\"Umfassendes Multivitamin f\u00fcr M\u00e4nner mit \u00fcber 30 N\u00e4hrstoffen in 90 Softgels \u2013 glutenfrei, hochdosiert und mit Saw Palmetto. Jetzt bestellen.\",\"breadcrumb\":{\"@id\":\"https:\\\/\\\/ecosupplements.ch\\\/?product=adam-mens-multiple-vitamin-softgels#breadcrumb\"},\"inLanguage\":\"de-CH\",\"potentialAction\":[{\"@type\":\"ReadAction\",\"target\":[\"https:\\\/\\\/ecosupplements.ch\\\/?product=adam-mens-multiple-vitamin-softgels\"]}]},{\"@type\":\"ImageObject\",\"inLanguage\":\"de-CH\",\"@id\":\"https:\\\/\\\/ecosupplements.ch\\\/?product=adam-mens-multiple-vitamin-softgels#primaryimage\",\"url\":\"https:\\\/\\\/ecosupplements.ch\\\/wp-content\\\/uploads\\\/2026\\\/05\\\/Adam\u2122-Mens-Multiple-Vitamin-softgels.webp\",\"contentUrl\":\"https:\\\/\\\/ecosupplements.ch\\\/wp-content\\\/uploads\\\/2026\\\/05\\\/Adam\u2122-Mens-Multiple-Vitamin-softgels.webp\",\"width\":1000,\"height\":1000,\"caption\":\"Adam\u2122 Men's Multiple Vitamin softgels\"},{\"@type\":\"BreadcrumbList\",\"@id\":\"https:\\\/\\\/ecosupplements.ch\\\/?product=adam-mens-multiple-vitamin-softgels#breadcrumb\",\"itemListElement\":[{\"@type\":\"ListItem\",\"position\":1,\"name\":\"Home\",\"item\":\"https:\\\/\\\/ecosupplements.ch\\\/\"},{\"@type\":\"ListItem\",\"position\":2,\"name\":\"Shop\",\"item\":\"https:\\\/\\\/ecosupplements.ch\\\/?page_id=14\"},{\"@type\":\"ListItem\",\"position\":3,\"name\":\"Adam\u2122 Men&#8217;s Multiple Vitamin softgels\"}]},{\"@type\":\"WebSite\",\"@id\":\"https:\\\/\\\/ecosupplements.ch\\\/#website\",\"url\":\"https:\\\/\\\/ecosupplements.ch\\\/\",\"name\":\"Eco Supplements\",\"description\":\"\",\"potentialAction\":[{\"@type\":\"SearchAction\",\"target\":{\"@type\":\"EntryPoint\",\"urlTemplate\":\"https:\\\/\\\/ecosupplements.ch\\\/?s={search_term_string}\"},\"query-input\":{\"@type\":\"PropertyValueSpecification\",\"valueRequired\":true,\"valueName\":\"search_term_string\"}}],\"inLanguage\":\"de-CH\"}]}<\/script>\n<meta property=\"product:price:amount\" content=\"35.03\" \/>\n<meta property=\"product:price:currency\" content=\"CHF\" \/>\n<meta property=\"og:availability\" content=\"out of stock\" \/>\n<meta property=\"product:availability\" content=\"out of stock\" \/>\n<meta property=\"product:retailer_item_id\" content=\"733739038807\" \/>\n<meta property=\"product:condition\" content=\"new\" \/>\n<!-- \/ Yoast SEO plugin. -->","yoast_head_json":{"title":"Adam\u2122 Men's Multiple Vitamin Softgels \u2013 NOW Foods | ecosupplements.ch","description":"Umfassendes Multivitamin f\u00fcr M\u00e4nner mit \u00fcber 30 N\u00e4hrstoffen in 90 Softgels \u2013 glutenfrei, hochdosiert und mit Saw Palmetto. Jetzt bestellen.","robots":{"index":"index","follow":"follow","max-snippet":"max-snippet:-1","max-image-preview":"max-image-preview:large","max-video-preview":"max-video-preview:-1"},"canonical":"https:\/\/ecosupplements.ch\/?product=adam-mens-multiple-vitamin-softgels","og_locale":"de_DE","og_type":"article","og_title":"Adam\u2122 Men's Multiple Vitamin Softgels \u2013 NOW Foods | ecosupplements.ch","og_description":"Umfassendes Multivitamin f\u00fcr M\u00e4nner mit \u00fcber 30 N\u00e4hrstoffen in 90 Softgels \u2013 glutenfrei, hochdosiert und mit Saw Palmetto. Jetzt bestellen.","og_url":"https:\/\/ecosupplements.ch\/?product=adam-mens-multiple-vitamin-softgels","og_site_name":"Eco Supplements","article_modified_time":"2026-05-13T07:22:54+00:00","og_image":[{"width":1000,"height":1000,"url":"https:\/\/ecosupplements.ch\/wp-content\/uploads\/2026\/05\/Adam\u2122-Mens-Multiple-Vitamin-softgels.webp","type":"image\/jpeg"}],"twitter_card":"summary_large_image","twitter_misc":{"Price":"&#67;&#72;&#70;&nbsp;35.03","Availability":"Out of stock"},"schema":{"@context":"https:\/\/schema.org","@graph":[{"@type":"WebPage","@id":"https:\/\/ecosupplements.ch\/?product=adam-mens-multiple-vitamin-softgels","url":"https:\/\/ecosupplements.ch\/?product=adam-mens-multiple-vitamin-softgels","name":"Adam\u2122 Men's Multiple Vitamin Softgels \u2013 NOW Foods | ecosupplements.ch","isPartOf":{"@id":"https:\/\/ecosupplements.ch\/#website"},"primaryImageOfPage":{"@id":"https:\/\/ecosupplements.ch\/?product=adam-mens-multiple-vitamin-softgels#primaryimage"},"image":{"@id":"https:\/\/ecosupplements.ch\/?product=adam-mens-multiple-vitamin-softgels#primaryimage"},"thumbnailUrl":"https:\/\/ecosupplements.ch\/wp-content\/uploads\/2026\/05\/Adam\u2122-Mens-Multiple-Vitamin-softgels.webp","datePublished":"2026-05-11T14:41:39+00:00","dateModified":"2026-05-13T07:22:54+00:00","description":"Umfassendes Multivitamin f\u00fcr M\u00e4nner mit \u00fcber 30 N\u00e4hrstoffen in 90 Softgels \u2013 glutenfrei, hochdosiert und mit Saw Palmetto. Jetzt bestellen.","breadcrumb":{"@id":"https:\/\/ecosupplements.ch\/?product=adam-mens-multiple-vitamin-softgels#breadcrumb"},"inLanguage":"de-CH","potentialAction":[{"@type":"ReadAction","target":["https:\/\/ecosupplements.ch\/?product=adam-mens-multiple-vitamin-softgels"]}]},{"@type":"ImageObject","inLanguage":"de-CH","@id":"https:\/\/ecosupplements.ch\/?product=adam-mens-multiple-vitamin-softgels#primaryimage","url":"https:\/\/ecosupplements.ch\/wp-content\/uploads\/2026\/05\/Adam\u2122-Mens-Multiple-Vitamin-softgels.webp","contentUrl":"https:\/\/ecosupplements.ch\/wp-content\/uploads\/2026\/05\/Adam\u2122-Mens-Multiple-Vitamin-softgels.webp","width":1000,"height":1000,"caption":"Adam\u2122 Men's Multiple Vitamin softgels"},{"@type":"BreadcrumbList","@id":"https:\/\/ecosupplements.ch\/?product=adam-mens-multiple-vitamin-softgels#breadcrumb","itemListElement":[{"@type":"ListItem","position":1,"name":"Home","item":"https:\/\/ecosupplements.ch\/"},{"@type":"ListItem","position":2,"name":"Shop","item":"https:\/\/ecosupplements.ch\/?page_id=14"},{"@type":"ListItem","position":3,"name":"Adam\u2122 Men&#8217;s Multiple Vitamin softgels"}]},{"@type":"WebSite","@id":"https:\/\/ecosupplements.ch\/#website","url":"https:\/\/ecosupplements.ch\/","name":"Eco Supplements","description":"","potentialAction":[{"@type":"SearchAction","target":{"@type":"EntryPoint","urlTemplate":"https:\/\/ecosupplements.ch\/?s={search_term_string}"},"query-input":{"@type":"PropertyValueSpecification","valueRequired":true,"valueName":"search_term_string"}}],"inLanguage":"de-CH"}]},"product_price_amount":"35.03","product_price_currency":"CHF","og_availability":"out of stock","product_availability":"out of stock","product_retailer_item_id":"733739038807","product_condition":"new"},"_links":{"self":[{"href":"https:\/\/ecosupplements.ch\/index.php?rest_route=\/wp\/v2\/product\/2962","targetHints":{"allow":["GET"]}}],"collection":[{"href":"https:\/\/ecosupplements.ch\/index.php?rest_route=\/wp\/v2\/product"}],"about":[{"href":"https:\/\/ecosupplements.ch\/index.php?rest_route=\/wp\/v2\/types\/product"}],"replies":[{"embeddable":true,"href":"https:\/\/ecosupplements.ch\/index.php?rest_route=%2Fwp%2Fv2%2Fcomments&post=2962"}],"wp:featuredmedia":[{"embeddable":true,"href":"https:\/\/ecosupplements.ch\/index.php?rest_route=\/wp\/v2\/media\/2963"}],"wp:attachment":[{"href":"https:\/\/ecosupplements.ch\/index.php?rest_route=%2Fwp%2Fv2%2Fmedia&parent=2962"}],"wp:term":[{"taxonomy":"product_brand","embeddable":true,"href":"https:\/\/ecosupplements.ch\/index.php?rest_route=%2Fwp%2Fv2%2Fproduct_brand&post=2962"},{"taxonomy":"product_cat","embeddable":true,"href":"https:\/\/ecosupplements.ch\/index.php?rest_route=%2Fwp%2Fv2%2Fproduct_cat&post=2962"},{"taxonomy":"product_tag","embeddable":true,"href":"https:\/\/ecosupplements.ch\/index.php?rest_route=%2Fwp%2Fv2%2Fproduct_tag&post=2962"}],"curies":[{"name":"wp","href":"https:\/\/api.w.org\/{rel}","templated":true}]}}