{"id":2968,"date":"2026-05-11T14:41:42","date_gmt":"2026-05-11T14:41:42","guid":{"rendered":"https:\/\/ecosupplements.ch\/?product=bacopa-with-synapsa-320mg-60-vcaps"},"modified":"2026-05-13T07:24:29","modified_gmt":"2026-05-13T07:24:29","slug":"bacopa-with-synapsa-320mg-60-vcaps","status":"publish","type":"product","link":"https:\/\/ecosupplements.ch\/?product=bacopa-with-synapsa-320mg-60-vcaps","title":{"rendered":"Bacopa with Synapsa, 320mg &#8211; 60 vcaps"},"content":{"rendered":"<div class=\"chcg-product-description\">\n<h2 class=\"chcg-heading\">\u00dcber Doctor&#8217;s Best \u2013 Bacopa mit Synapsa, 320mg \u2013 60 Kapseln<\/h2>\n<div class=\"chcg-intro\">\n<p>Doctor&#8217;s Best Bacopa mit Synapsa\u2122 liefert einen standardisierten Extrakt aus der ganzen Bacopa monnieri-Pflanze mit einem Gehalt von 55 % Bacosides \u2013 dem patentierten Synapsa\u2122-Extrakt, der in klinischen Studien auf seine Wirkung auf kognitive Funktionen untersucht wurde. Bacopa monnieri ist eine in der ayurvedischen Tradition seit Jahrhunderten verwendete Pflanze, die f\u00fcr ihre Eigenschaften zur Unterst\u00fctzung des Ged\u00e4chtnisses und der geistigen Klarheit bekannt ist.<\/p>\n<p>Jede Kapsel enth\u00e4lt 320 mg des Synapsa\u2122-Extrakts und tr\u00e4gt zur Unterst\u00fctzung von Konzentration, Lernverm\u00f6gen und kognitiver Leistungsf\u00e4higkeit bei. Die Formulierung ist frei von Gelatine und tierischen Inhaltsstoffen \u2013 ideal f\u00fcr eine vegane und vegetarische Ern\u00e4hrungsweise.<\/p>\n<p>Doctor&#8217;s Best steht f\u00fcr wissenschaftlich fundierte Nahrungserg\u00e4nzungsmittel in gepr\u00fcfter Qualit\u00e4t. Dieses Produkt wird in vegetarischen Kapseln angeboten und ist frei von Gluten, Soja und gentechnisch ver\u00e4nderten Organismen.<\/p>\n<\/p><\/div>\n<div class=\"chcg-nutrition\">\n<h3>N\u00e4hrwertangaben<\/h3>\n<table class=\"chcg-nutrition-table\">\n<thead>\n<tr>\n<th>N\u00e4hrstoff<\/th>\n<th>Pro Portion (1 Kapsel)<\/th>\n<\/tr>\n<\/thead>\n<tbody>\n<tr>\n<td>Bacopa monnieri Extrakt (ganze Pflanze), standardisiert auf 55 % Bacosides (Synapsa\u2122)<\/td>\n<td>320 mg<\/td>\n<\/tr>\n<\/tbody>\n<\/table>\n<p class=\"chcg-footnote\">* Kein festgelegter Tagesbedarf (Tagesreferenzwert nicht ermittelt).<\/p>\n<\/p><\/div>\n<div class=\"chcg-ingredients\">\n<h3>Zutaten<\/h3>\n<p>Bacopa monnieri Extrakt (ganze Pflanze), standardisiert auf 55 % Bacosides (Synapsa\u2122) 320 mg. Weitere Zutaten: Hypromellose (vegetarische Kapsel), mikrokristalline Cellulose, Siliziumdioxid, Magnesiumstearat (pflanzliche Quelle).<\/p>\n<p class=\"chcg-capsule-shell\">Kapselh\u00fclle: Hypromellose (vegetarische Kapsel)<\/p>\n<\/p><\/div>\n<div class=\"chcg-dosage\">\n<h3>Verzehrempfehlung<\/h3>\n<p>Empfohlene Einnahme f\u00fcr Erwachsene: T\u00e4glich 1 Kapsel mit oder ohne Mahlzeit einnehmen, oder gem\u00e4ss Empfehlung eines ern\u00e4hrungskundigen Arztes bzw. einer \u00c4rztin.<\/p>\n<\/p><\/div>\n<div class=\"chcg-warnings\">\n<h3>Warnhinweise<\/h3>\n<p>Nicht-GVO \/ Glutenfrei \/ Sojafreigestellt \/ Vegan. Dieses Produkt enth\u00e4lt nat\u00fcrliche Inhaltsstoffe, deren Farbe variieren kann. Ausserhalb der Reichweite von Kindern aufbewahren. Wie bei allen Nahrungserg\u00e4nzungsmitteln empfehlen wir, vor der Einnahme eine Fachperson des Gesundheitswesens zu konsultieren. Falls Sie schwanger sind, stillen, eine Schwangerschaft planen, Medikamente einnehmen oder an einer Erkrankung leiden, konsultieren Sie bitte vor der Einnahme dieses Produkts Ihre \u00c4rztin oder Ihren Arzt bzw. eine andere Fachperson des Gesundheitswesens.<\/p>\n<\/p><\/div>\n<div class=\"chcg-allergens\">\n<h3>Allergeninformationen<\/h3>\n<p>Frei von GVO, Gluten, Soja und tierischen Produkten.<\/p>\n<\/p><\/div>\n<div class=\"chcg-storage\">\n<h3>Lagerung<\/h3>\n<p>An einem k\u00fchlen, trockenen Ort aufbewahren.<\/p>\n<\/p><\/div>\n<div class=\"chcg-dietary\">\n<h3>Ern\u00e4hrungshinweise<\/h3>\n<ul>\n<li>Vegan<\/li>\n<li>Vegetarisch<\/li>\n<li>Glutenfrei<\/li>\n<li>Laktosefrei<\/li>\n<\/ul><\/div>\n<\/div>\n","protected":false},"excerpt":{"rendered":"<p>Bacopa monnieri mit Synapsa\u2122 (55 % Bacosides) zur Unterst\u00fctzung von Ged\u00e4chtnis und Konzentration. 60 vegane Kapseln \u00e0 320 mg \u2013 glutenfrei, sojafreigestellt und frei von GVO.<\/p>\n","protected":false},"featured_media":2969,"comment_status":"closed","ping_status":"open","template":"","meta":[],"product_brand":[177],"product_cat":[116,48,25,42,22,21],"product_tag":[],"class_list":{"0":"post-2968","1":"product","2":"type-product","3":"status-publish","4":"has-post-thumbnail","6":"product_brand-doctors-best","7":"product_cat-ashwagandha","8":"product_cat-gesunde-ernaehrung","9":"product_cat-gesundheit-und-wohlbefinden","10":"product_cat-mentale-konzentration-und-gedaechtnis","11":"product_cat-vegane-produkte","12":"product_cat-vitamine-und-mineralstoffe","14":"first","15":"outofstock","16":"taxable","17":"shipping-taxable","18":"purchasable","19":"product-type-simple"},"yoast_head":"<!-- This site is optimized with the Yoast SEO plugin v27.5 - https:\/\/yoast.com\/product\/yoast-seo-wordpress\/ -->\n<title>Bacopa mit Synapsa 320mg \u2013 Doctor&#039;s Best | ecosupplements.ch<\/title>\n<meta name=\"description\" content=\"Bacopa monnieri Synapsa\u2122 320mg f\u00fcr Ged\u00e4chtnis und Konzentration \u2013 60 vegane Kapseln, glutenfrei. Jetzt bestellen.\" \/>\n<meta name=\"robots\" content=\"index, follow, max-snippet:-1, max-image-preview:large, max-video-preview:-1\" \/>\n<link rel=\"canonical\" href=\"https:\/\/ecosupplements.ch\/?product=bacopa-with-synapsa-320mg-60-vcaps\" \/>\n<meta property=\"og:locale\" content=\"de_DE\" \/>\n<meta property=\"og:type\" content=\"article\" \/>\n<meta property=\"og:title\" content=\"Bacopa mit Synapsa 320mg \u2013 Doctor&#039;s Best | ecosupplements.ch\" \/>\n<meta property=\"og:description\" content=\"Bacopa monnieri Synapsa\u2122 320mg f\u00fcr Ged\u00e4chtnis und Konzentration \u2013 60 vegane Kapseln, glutenfrei. Jetzt bestellen.\" \/>\n<meta property=\"og:url\" content=\"https:\/\/ecosupplements.ch\/?product=bacopa-with-synapsa-320mg-60-vcaps\" \/>\n<meta property=\"og:site_name\" content=\"Eco Supplements\" \/>\n<meta property=\"article:modified_time\" content=\"2026-05-13T07:24:29+00:00\" \/>\n<meta property=\"og:image\" content=\"https:\/\/ecosupplements.ch\/wp-content\/uploads\/2026\/05\/Bacopa-with-Synapsa-320mg-60-vcaps.webp\" \/>\n\t<meta property=\"og:image:width\" content=\"1000\" \/>\n\t<meta property=\"og:image:height\" content=\"1000\" \/>\n\t<meta property=\"og:image:type\" content=\"image\/jpeg\" \/>\n<meta name=\"twitter:card\" content=\"summary_large_image\" \/>\n<meta name=\"twitter:label1\" content=\"Price\" \/>\n\t<meta name=\"twitter:data1\" content=\"&#067;&#072;&#070;&nbsp;34.62\" \/>\n\t<meta name=\"twitter:label2\" content=\"Availability\" \/>\n\t<meta name=\"twitter:data2\" content=\"Out of stock\" \/>\n<script type=\"application\/ld+json\" class=\"yoast-schema-graph\">{\"@context\":\"https:\\\/\\\/schema.org\",\"@graph\":[{\"@type\":\"WebPage\",\"@id\":\"https:\\\/\\\/ecosupplements.ch\\\/?product=bacopa-with-synapsa-320mg-60-vcaps\",\"url\":\"https:\\\/\\\/ecosupplements.ch\\\/?product=bacopa-with-synapsa-320mg-60-vcaps\",\"name\":\"Bacopa mit Synapsa 320mg \u2013 Doctor's Best | ecosupplements.ch\",\"isPartOf\":{\"@id\":\"https:\\\/\\\/ecosupplements.ch\\\/#website\"},\"primaryImageOfPage\":{\"@id\":\"https:\\\/\\\/ecosupplements.ch\\\/?product=bacopa-with-synapsa-320mg-60-vcaps#primaryimage\"},\"image\":{\"@id\":\"https:\\\/\\\/ecosupplements.ch\\\/?product=bacopa-with-synapsa-320mg-60-vcaps#primaryimage\"},\"thumbnailUrl\":\"https:\\\/\\\/ecosupplements.ch\\\/wp-content\\\/uploads\\\/2026\\\/05\\\/Bacopa-with-Synapsa-320mg-60-vcaps.webp\",\"datePublished\":\"2026-05-11T14:41:42+00:00\",\"dateModified\":\"2026-05-13T07:24:29+00:00\",\"description\":\"Bacopa monnieri Synapsa\u2122 320mg f\u00fcr Ged\u00e4chtnis und Konzentration \u2013 60 vegane Kapseln, glutenfrei. Jetzt bestellen.\",\"breadcrumb\":{\"@id\":\"https:\\\/\\\/ecosupplements.ch\\\/?product=bacopa-with-synapsa-320mg-60-vcaps#breadcrumb\"},\"inLanguage\":\"de-CH\",\"potentialAction\":[{\"@type\":\"ReadAction\",\"target\":[\"https:\\\/\\\/ecosupplements.ch\\\/?product=bacopa-with-synapsa-320mg-60-vcaps\"]}]},{\"@type\":\"ImageObject\",\"inLanguage\":\"de-CH\",\"@id\":\"https:\\\/\\\/ecosupplements.ch\\\/?product=bacopa-with-synapsa-320mg-60-vcaps#primaryimage\",\"url\":\"https:\\\/\\\/ecosupplements.ch\\\/wp-content\\\/uploads\\\/2026\\\/05\\\/Bacopa-with-Synapsa-320mg-60-vcaps.webp\",\"contentUrl\":\"https:\\\/\\\/ecosupplements.ch\\\/wp-content\\\/uploads\\\/2026\\\/05\\\/Bacopa-with-Synapsa-320mg-60-vcaps.webp\",\"width\":1000,\"height\":1000,\"caption\":\"Bacopa with Synapsa\"},{\"@type\":\"BreadcrumbList\",\"@id\":\"https:\\\/\\\/ecosupplements.ch\\\/?product=bacopa-with-synapsa-320mg-60-vcaps#breadcrumb\",\"itemListElement\":[{\"@type\":\"ListItem\",\"position\":1,\"name\":\"Home\",\"item\":\"https:\\\/\\\/ecosupplements.ch\\\/\"},{\"@type\":\"ListItem\",\"position\":2,\"name\":\"Shop\",\"item\":\"https:\\\/\\\/ecosupplements.ch\\\/?page_id=14\"},{\"@type\":\"ListItem\",\"position\":3,\"name\":\"Bacopa with Synapsa, 320mg &#8211; 60 vcaps\"}]},{\"@type\":\"WebSite\",\"@id\":\"https:\\\/\\\/ecosupplements.ch\\\/#website\",\"url\":\"https:\\\/\\\/ecosupplements.ch\\\/\",\"name\":\"Eco Supplements\",\"description\":\"\",\"potentialAction\":[{\"@type\":\"SearchAction\",\"target\":{\"@type\":\"EntryPoint\",\"urlTemplate\":\"https:\\\/\\\/ecosupplements.ch\\\/?s={search_term_string}\"},\"query-input\":{\"@type\":\"PropertyValueSpecification\",\"valueRequired\":true,\"valueName\":\"search_term_string\"}}],\"inLanguage\":\"de-CH\"}]}<\/script>\n<meta property=\"product:price:amount\" content=\"34.62\" \/>\n<meta property=\"product:price:currency\" content=\"CHF\" \/>\n<meta property=\"og:availability\" content=\"out of stock\" \/>\n<meta property=\"product:availability\" content=\"out of stock\" \/>\n<meta property=\"product:retailer_item_id\" content=\"753950004542\" \/>\n<meta property=\"product:condition\" content=\"new\" \/>\n<!-- \/ Yoast SEO plugin. -->","yoast_head_json":{"title":"Bacopa mit Synapsa 320mg \u2013 Doctor's Best | ecosupplements.ch","description":"Bacopa monnieri Synapsa\u2122 320mg f\u00fcr Ged\u00e4chtnis und Konzentration \u2013 60 vegane Kapseln, glutenfrei. Jetzt bestellen.","robots":{"index":"index","follow":"follow","max-snippet":"max-snippet:-1","max-image-preview":"max-image-preview:large","max-video-preview":"max-video-preview:-1"},"canonical":"https:\/\/ecosupplements.ch\/?product=bacopa-with-synapsa-320mg-60-vcaps","og_locale":"de_DE","og_type":"article","og_title":"Bacopa mit Synapsa 320mg \u2013 Doctor's Best | ecosupplements.ch","og_description":"Bacopa monnieri Synapsa\u2122 320mg f\u00fcr Ged\u00e4chtnis und Konzentration \u2013 60 vegane Kapseln, glutenfrei. Jetzt bestellen.","og_url":"https:\/\/ecosupplements.ch\/?product=bacopa-with-synapsa-320mg-60-vcaps","og_site_name":"Eco Supplements","article_modified_time":"2026-05-13T07:24:29+00:00","og_image":[{"width":1000,"height":1000,"url":"https:\/\/ecosupplements.ch\/wp-content\/uploads\/2026\/05\/Bacopa-with-Synapsa-320mg-60-vcaps.webp","type":"image\/jpeg"}],"twitter_card":"summary_large_image","twitter_misc":{"Price":"&#67;&#72;&#70;&nbsp;34.62","Availability":"Out of stock"},"schema":{"@context":"https:\/\/schema.org","@graph":[{"@type":"WebPage","@id":"https:\/\/ecosupplements.ch\/?product=bacopa-with-synapsa-320mg-60-vcaps","url":"https:\/\/ecosupplements.ch\/?product=bacopa-with-synapsa-320mg-60-vcaps","name":"Bacopa mit Synapsa 320mg \u2013 Doctor's Best | ecosupplements.ch","isPartOf":{"@id":"https:\/\/ecosupplements.ch\/#website"},"primaryImageOfPage":{"@id":"https:\/\/ecosupplements.ch\/?product=bacopa-with-synapsa-320mg-60-vcaps#primaryimage"},"image":{"@id":"https:\/\/ecosupplements.ch\/?product=bacopa-with-synapsa-320mg-60-vcaps#primaryimage"},"thumbnailUrl":"https:\/\/ecosupplements.ch\/wp-content\/uploads\/2026\/05\/Bacopa-with-Synapsa-320mg-60-vcaps.webp","datePublished":"2026-05-11T14:41:42+00:00","dateModified":"2026-05-13T07:24:29+00:00","description":"Bacopa monnieri Synapsa\u2122 320mg f\u00fcr Ged\u00e4chtnis und Konzentration \u2013 60 vegane Kapseln, glutenfrei. Jetzt bestellen.","breadcrumb":{"@id":"https:\/\/ecosupplements.ch\/?product=bacopa-with-synapsa-320mg-60-vcaps#breadcrumb"},"inLanguage":"de-CH","potentialAction":[{"@type":"ReadAction","target":["https:\/\/ecosupplements.ch\/?product=bacopa-with-synapsa-320mg-60-vcaps"]}]},{"@type":"ImageObject","inLanguage":"de-CH","@id":"https:\/\/ecosupplements.ch\/?product=bacopa-with-synapsa-320mg-60-vcaps#primaryimage","url":"https:\/\/ecosupplements.ch\/wp-content\/uploads\/2026\/05\/Bacopa-with-Synapsa-320mg-60-vcaps.webp","contentUrl":"https:\/\/ecosupplements.ch\/wp-content\/uploads\/2026\/05\/Bacopa-with-Synapsa-320mg-60-vcaps.webp","width":1000,"height":1000,"caption":"Bacopa with Synapsa"},{"@type":"BreadcrumbList","@id":"https:\/\/ecosupplements.ch\/?product=bacopa-with-synapsa-320mg-60-vcaps#breadcrumb","itemListElement":[{"@type":"ListItem","position":1,"name":"Home","item":"https:\/\/ecosupplements.ch\/"},{"@type":"ListItem","position":2,"name":"Shop","item":"https:\/\/ecosupplements.ch\/?page_id=14"},{"@type":"ListItem","position":3,"name":"Bacopa with Synapsa, 320mg &#8211; 60 vcaps"}]},{"@type":"WebSite","@id":"https:\/\/ecosupplements.ch\/#website","url":"https:\/\/ecosupplements.ch\/","name":"Eco Supplements","description":"","potentialAction":[{"@type":"SearchAction","target":{"@type":"EntryPoint","urlTemplate":"https:\/\/ecosupplements.ch\/?s={search_term_string}"},"query-input":{"@type":"PropertyValueSpecification","valueRequired":true,"valueName":"search_term_string"}}],"inLanguage":"de-CH"}]},"product_price_amount":"34.62","product_price_currency":"CHF","og_availability":"out of stock","product_availability":"out of stock","product_retailer_item_id":"753950004542","product_condition":"new"},"_links":{"self":[{"href":"https:\/\/ecosupplements.ch\/index.php?rest_route=\/wp\/v2\/product\/2968","targetHints":{"allow":["GET"]}}],"collection":[{"href":"https:\/\/ecosupplements.ch\/index.php?rest_route=\/wp\/v2\/product"}],"about":[{"href":"https:\/\/ecosupplements.ch\/index.php?rest_route=\/wp\/v2\/types\/product"}],"replies":[{"embeddable":true,"href":"https:\/\/ecosupplements.ch\/index.php?rest_route=%2Fwp%2Fv2%2Fcomments&post=2968"}],"wp:featuredmedia":[{"embeddable":true,"href":"https:\/\/ecosupplements.ch\/index.php?rest_route=\/wp\/v2\/media\/2969"}],"wp:attachment":[{"href":"https:\/\/ecosupplements.ch\/index.php?rest_route=%2Fwp%2Fv2%2Fmedia&parent=2968"}],"wp:term":[{"taxonomy":"product_brand","embeddable":true,"href":"https:\/\/ecosupplements.ch\/index.php?rest_route=%2Fwp%2Fv2%2Fproduct_brand&post=2968"},{"taxonomy":"product_cat","embeddable":true,"href":"https:\/\/ecosupplements.ch\/index.php?rest_route=%2Fwp%2Fv2%2Fproduct_cat&post=2968"},{"taxonomy":"product_tag","embeddable":true,"href":"https:\/\/ecosupplements.ch\/index.php?rest_route=%2Fwp%2Fv2%2Fproduct_tag&post=2968"}],"curies":[{"name":"wp","href":"https:\/\/api.w.org\/{rel}","templated":true}]}}