{"id":2977,"date":"2026-05-11T14:41:48","date_gmt":"2026-05-11T14:41:48","guid":{"rendered":"https:\/\/ecosupplements.ch\/?product=k-right-60-softgels"},"modified":"2026-05-13T07:24:50","modified_gmt":"2026-05-13T07:24:50","slug":"k-right-60-softgels","status":"publish","type":"product","link":"https:\/\/ecosupplements.ch\/?product=k-right-60-softgels","title":{"rendered":"K-Right &#8211; 60 softgels"},"content":{"rendered":"<div class=\"chcg-product-description\">\n<h2 class=\"chcg-heading\">\u00dcber Jarrow Formulas \u2013 K-Right \u2013 60 Softgels<\/h2>\n<div class=\"chcg-intro\">\n<p>K-Right von Jarrow Formulas ist eine sorgf\u00e4ltig zusammengestellte Kombination aus Vitamin D3 und drei Formen von Vitamin K \u2013 K1 (Phylloquinon), K2 als MK-4 (Menaquinon-4) sowie K2 als MK-7 (Menaquinon-7). Diese Formulierung tr\u00e4gt dazu bei, die synergistischen Eigenschaften dieser N\u00e4hrstoffe in einer einzigen t\u00e4glichen Softgel-Kapsel bereitzustellen.<\/p>\n<p>Vitamin D tr\u00e4gt zur normalen Aufnahme und Verwertung von Kalzium und Phosphor bei, unterst\u00fctzt die Erhaltung normaler Knochen und Z\u00e4hne und tr\u00e4gt zu einer normalen Muskelfunktion bei. Vitamin K tr\u00e4gt zur normalen Blutgerinnung und zur Erhaltung normaler Knochen bei.<\/p>\n<p>Die Softgels sind in Oliven\u00f6l gel\u00f6st, was die Aufnahme dieser fettl\u00f6slichen Vitamine beg\u00fcnstigt. K-Right richtet sich an Erwachsene, die ihren t\u00e4glichen Bedarf an diesen wichtigen Mikron\u00e4hrstoffen gezielt decken m\u00f6chten.<\/p>\n<\/p><\/div>\n<div class=\"chcg-nutrition\">\n<h3>N\u00e4hrwertangaben<\/h3>\n<table class=\"chcg-nutrition-table\">\n<thead>\n<tr>\n<th>N\u00e4hrstoff<\/th>\n<th>Pro Portion (1 Softgel)<\/th>\n<\/tr>\n<\/thead>\n<tbody>\n<tr>\n<td>Vitamin D3 (als Cholecalciferol)<\/td>\n<td>50 \u00b5g (2000 IU) (1000 % NRV)<\/td>\n<\/tr>\n<tr>\n<td>Vitamin K1 (als Phylloquinon)<\/td>\n<td>500 \u00b5g (667 % NRV)<\/td>\n<\/tr>\n<tr>\n<td>Vitamin K2 (als MK-4 [Menaquinon-4])<\/td>\n<td>1500 \u00b5g (2000 % NRV)<\/td>\n<\/tr>\n<tr>\n<td>Vitamin K2 (als MK-7 [Menaquinon-7])<\/td>\n<td>180 \u00b5g (240 % NRV)<\/td>\n<\/tr>\n<\/tbody>\n<\/table>\n<p class=\"chcg-footnote\">NRV = N\u00e4hrstoffbezugswert (Nutrient Reference Value) gem\u00e4ss EU-Verordnung Nr. 1169\/2011.<\/p>\n<\/p><\/div>\n<div class=\"chcg-ingredients\">\n<h3>Zutaten<\/h3>\n<p>Vitamin D3 (als Cholecalciferol), Vitamin K1 (als Phylloquinon), Vitamin K2 (als MK-4 [Menaquinon-4]), Vitamin K2 (als MK-7 [Menaquinon-7]), Oliven\u00f6l.<\/p>\n<p class=\"chcg-capsule-shell\">Softgel-H\u00fclle: bovines Gelatine, Wasser, Glycerin, organisches Karamell (Farbstoff).<\/p>\n<\/p><\/div>\n<div class=\"chcg-dosage\">\n<h3>Verzehrempfehlung<\/h3>\n<p>Erwachsene nehmen 1 Softgel einmal t\u00e4glich oder gem\u00e4ss Anweisung einer qualifizierten Fachperson f\u00fcr Gesundheit.<\/p>\n<\/p><\/div>\n<div class=\"chcg-warnings\">\n<h3>Warnhinweise<\/h3>\n<p>Konsultieren Sie eine medizinische Fachperson, bevor Sie dieses Produkt verwenden, wenn Sie schwanger sind, stillen, unter 18 Jahre alt sind, Medikamente einnehmen (insbesondere Antikoagulantien [z. B. Warfarin\/Coumadin]) oder an einer Erkrankung leiden. Bei unerw\u00fcnschten Reaktionen die Einnahme abbrechen. Ausserhalb der Reichweite von Kindern aufbewahren.<\/p>\n<\/p><\/div>\n<div class=\"chcg-allergens\">\n<h3>Allergeninformationen<\/h3>\n<p>Enth\u00e4lt kein Weizen, Gluten, Soja, Milchprodukte, Ei, Fisch\/Schalentiere, Erdn\u00fcsse\/Schalenfr\u00fcchte oder Sesam.<\/p>\n<\/p><\/div>\n<div class=\"chcg-storage\">\n<h3>Lagerung<\/h3>\n<p>An einem k\u00fchlen, trockenen Ort aufbewahren.<\/p>\n<\/p><\/div>\n<div class=\"chcg-dietary\">\n<h3>Ern\u00e4hrungshinweise<\/h3>\n<ul>\n<li>Glutenfrei<\/li>\n<li>Laktosefrei<\/li>\n<\/ul><\/div>\n<\/div>\n","protected":false},"excerpt":{"rendered":"<p>K-Right von Jarrow Formulas liefert Vitamin D3 sowie drei Formen von Vitamin K (K1, MK-4, MK-7) zur Unterst\u00fctzung normaler Knochen und Blutgerinnung. Praktisch dosierbar mit 1 Softgel pro Tag \u2013 60 Softgels pro Packung.<\/p>\n","protected":false},"featured_media":2978,"comment_status":"closed","ping_status":"open","template":"","meta":[],"product_brand":[198],"product_cat":[27,48,171,21],"product_tag":[],"class_list":{"0":"post-2977","1":"product","2":"type-product","3":"status-publish","4":"has-post-thumbnail","6":"product_brand-jarrow-formulas","7":"product_cat-einige-vitamine","8":"product_cat-gesunde-ernaehrung","9":"product_cat-vitamine-und-mineralien","10":"product_cat-vitamine-und-mineralstoffe","12":"first","13":"outofstock","14":"taxable","15":"shipping-taxable","16":"purchasable","17":"product-type-simple"},"yoast_head":"<!-- This site is optimized with the Yoast SEO plugin v27.5 - https:\/\/yoast.com\/product\/yoast-seo-wordpress\/ -->\n<title>K-Right 60 Softgels \u2013 Jarrow Formulas | ecosupplements.ch<\/title>\n<meta name=\"description\" content=\"K-Right von Jarrow Formulas kombiniert Vitamin D3 und drei Vitamin-K-Formen in einer t\u00e4glichen Softgel zur Unterst\u00fctzung von Knochen und Blutgerinnung. Jetzt bestellen.\" \/>\n<meta name=\"robots\" content=\"index, follow, max-snippet:-1, max-image-preview:large, max-video-preview:-1\" \/>\n<link rel=\"canonical\" href=\"https:\/\/ecosupplements.ch\/?product=k-right-60-softgels\" \/>\n<meta property=\"og:locale\" content=\"de_DE\" \/>\n<meta property=\"og:type\" content=\"article\" \/>\n<meta property=\"og:title\" content=\"K-Right 60 Softgels \u2013 Jarrow Formulas | ecosupplements.ch\" \/>\n<meta property=\"og:description\" content=\"K-Right von Jarrow Formulas kombiniert Vitamin D3 und drei Vitamin-K-Formen in einer t\u00e4glichen Softgel zur Unterst\u00fctzung von Knochen und Blutgerinnung. Jetzt bestellen.\" \/>\n<meta property=\"og:url\" content=\"https:\/\/ecosupplements.ch\/?product=k-right-60-softgels\" \/>\n<meta property=\"og:site_name\" content=\"Eco Supplements\" \/>\n<meta property=\"article:modified_time\" content=\"2026-05-13T07:24:50+00:00\" \/>\n<meta property=\"og:image\" content=\"https:\/\/ecosupplements.ch\/wp-content\/uploads\/2026\/05\/K-Right-60-softgels.webp\" \/>\n\t<meta property=\"og:image:width\" content=\"1000\" \/>\n\t<meta property=\"og:image:height\" content=\"1000\" \/>\n\t<meta property=\"og:image:type\" content=\"image\/jpeg\" \/>\n<meta name=\"twitter:card\" content=\"summary_large_image\" \/>\n<meta name=\"twitter:label1\" content=\"Price\" \/>\n\t<meta name=\"twitter:data1\" content=\"&#067;&#072;&#070;&nbsp;50.76\" \/>\n\t<meta name=\"twitter:label2\" content=\"Availability\" \/>\n\t<meta name=\"twitter:data2\" content=\"Out of stock\" \/>\n<script type=\"application\/ld+json\" class=\"yoast-schema-graph\">{\"@context\":\"https:\\\/\\\/schema.org\",\"@graph\":[{\"@type\":\"WebPage\",\"@id\":\"https:\\\/\\\/ecosupplements.ch\\\/?product=k-right-60-softgels\",\"url\":\"https:\\\/\\\/ecosupplements.ch\\\/?product=k-right-60-softgels\",\"name\":\"K-Right 60 Softgels \u2013 Jarrow Formulas | ecosupplements.ch\",\"isPartOf\":{\"@id\":\"https:\\\/\\\/ecosupplements.ch\\\/#website\"},\"primaryImageOfPage\":{\"@id\":\"https:\\\/\\\/ecosupplements.ch\\\/?product=k-right-60-softgels#primaryimage\"},\"image\":{\"@id\":\"https:\\\/\\\/ecosupplements.ch\\\/?product=k-right-60-softgels#primaryimage\"},\"thumbnailUrl\":\"https:\\\/\\\/ecosupplements.ch\\\/wp-content\\\/uploads\\\/2026\\\/05\\\/K-Right-60-softgels.webp\",\"datePublished\":\"2026-05-11T14:41:48+00:00\",\"dateModified\":\"2026-05-13T07:24:50+00:00\",\"description\":\"K-Right von Jarrow Formulas kombiniert Vitamin D3 und drei Vitamin-K-Formen in einer t\u00e4glichen Softgel zur Unterst\u00fctzung von Knochen und Blutgerinnung. Jetzt bestellen.\",\"breadcrumb\":{\"@id\":\"https:\\\/\\\/ecosupplements.ch\\\/?product=k-right-60-softgels#breadcrumb\"},\"inLanguage\":\"de-CH\",\"potentialAction\":[{\"@type\":\"ReadAction\",\"target\":[\"https:\\\/\\\/ecosupplements.ch\\\/?product=k-right-60-softgels\"]}]},{\"@type\":\"ImageObject\",\"inLanguage\":\"de-CH\",\"@id\":\"https:\\\/\\\/ecosupplements.ch\\\/?product=k-right-60-softgels#primaryimage\",\"url\":\"https:\\\/\\\/ecosupplements.ch\\\/wp-content\\\/uploads\\\/2026\\\/05\\\/K-Right-60-softgels.webp\",\"contentUrl\":\"https:\\\/\\\/ecosupplements.ch\\\/wp-content\\\/uploads\\\/2026\\\/05\\\/K-Right-60-softgels.webp\",\"width\":1000,\"height\":1000,\"caption\":\"K-Right - 60 softgels\"},{\"@type\":\"BreadcrumbList\",\"@id\":\"https:\\\/\\\/ecosupplements.ch\\\/?product=k-right-60-softgels#breadcrumb\",\"itemListElement\":[{\"@type\":\"ListItem\",\"position\":1,\"name\":\"Home\",\"item\":\"https:\\\/\\\/ecosupplements.ch\\\/\"},{\"@type\":\"ListItem\",\"position\":2,\"name\":\"Shop\",\"item\":\"https:\\\/\\\/ecosupplements.ch\\\/?page_id=14\"},{\"@type\":\"ListItem\",\"position\":3,\"name\":\"K-Right &#8211; 60 softgels\"}]},{\"@type\":\"WebSite\",\"@id\":\"https:\\\/\\\/ecosupplements.ch\\\/#website\",\"url\":\"https:\\\/\\\/ecosupplements.ch\\\/\",\"name\":\"Eco Supplements\",\"description\":\"\",\"potentialAction\":[{\"@type\":\"SearchAction\",\"target\":{\"@type\":\"EntryPoint\",\"urlTemplate\":\"https:\\\/\\\/ecosupplements.ch\\\/?s={search_term_string}\"},\"query-input\":{\"@type\":\"PropertyValueSpecification\",\"valueRequired\":true,\"valueName\":\"search_term_string\"}}],\"inLanguage\":\"de-CH\"}]}<\/script>\n<meta property=\"product:price:amount\" content=\"50.76\" \/>\n<meta property=\"product:price:currency\" content=\"CHF\" \/>\n<meta property=\"og:availability\" content=\"out of stock\" \/>\n<meta property=\"product:availability\" content=\"out of stock\" \/>\n<meta property=\"product:retailer_item_id\" content=\"790011300090\" \/>\n<meta property=\"product:condition\" content=\"new\" \/>\n<!-- \/ Yoast SEO plugin. -->","yoast_head_json":{"title":"K-Right 60 Softgels \u2013 Jarrow Formulas | ecosupplements.ch","description":"K-Right von Jarrow Formulas kombiniert Vitamin D3 und drei Vitamin-K-Formen in einer t\u00e4glichen Softgel zur Unterst\u00fctzung von Knochen und Blutgerinnung. Jetzt bestellen.","robots":{"index":"index","follow":"follow","max-snippet":"max-snippet:-1","max-image-preview":"max-image-preview:large","max-video-preview":"max-video-preview:-1"},"canonical":"https:\/\/ecosupplements.ch\/?product=k-right-60-softgels","og_locale":"de_DE","og_type":"article","og_title":"K-Right 60 Softgels \u2013 Jarrow Formulas | ecosupplements.ch","og_description":"K-Right von Jarrow Formulas kombiniert Vitamin D3 und drei Vitamin-K-Formen in einer t\u00e4glichen Softgel zur Unterst\u00fctzung von Knochen und Blutgerinnung. Jetzt bestellen.","og_url":"https:\/\/ecosupplements.ch\/?product=k-right-60-softgels","og_site_name":"Eco Supplements","article_modified_time":"2026-05-13T07:24:50+00:00","og_image":[{"width":1000,"height":1000,"url":"https:\/\/ecosupplements.ch\/wp-content\/uploads\/2026\/05\/K-Right-60-softgels.webp","type":"image\/jpeg"}],"twitter_card":"summary_large_image","twitter_misc":{"Price":"&#67;&#72;&#70;&nbsp;50.76","Availability":"Out of stock"},"schema":{"@context":"https:\/\/schema.org","@graph":[{"@type":"WebPage","@id":"https:\/\/ecosupplements.ch\/?product=k-right-60-softgels","url":"https:\/\/ecosupplements.ch\/?product=k-right-60-softgels","name":"K-Right 60 Softgels \u2013 Jarrow Formulas | ecosupplements.ch","isPartOf":{"@id":"https:\/\/ecosupplements.ch\/#website"},"primaryImageOfPage":{"@id":"https:\/\/ecosupplements.ch\/?product=k-right-60-softgels#primaryimage"},"image":{"@id":"https:\/\/ecosupplements.ch\/?product=k-right-60-softgels#primaryimage"},"thumbnailUrl":"https:\/\/ecosupplements.ch\/wp-content\/uploads\/2026\/05\/K-Right-60-softgels.webp","datePublished":"2026-05-11T14:41:48+00:00","dateModified":"2026-05-13T07:24:50+00:00","description":"K-Right von Jarrow Formulas kombiniert Vitamin D3 und drei Vitamin-K-Formen in einer t\u00e4glichen Softgel zur Unterst\u00fctzung von Knochen und Blutgerinnung. Jetzt bestellen.","breadcrumb":{"@id":"https:\/\/ecosupplements.ch\/?product=k-right-60-softgels#breadcrumb"},"inLanguage":"de-CH","potentialAction":[{"@type":"ReadAction","target":["https:\/\/ecosupplements.ch\/?product=k-right-60-softgels"]}]},{"@type":"ImageObject","inLanguage":"de-CH","@id":"https:\/\/ecosupplements.ch\/?product=k-right-60-softgels#primaryimage","url":"https:\/\/ecosupplements.ch\/wp-content\/uploads\/2026\/05\/K-Right-60-softgels.webp","contentUrl":"https:\/\/ecosupplements.ch\/wp-content\/uploads\/2026\/05\/K-Right-60-softgels.webp","width":1000,"height":1000,"caption":"K-Right - 60 softgels"},{"@type":"BreadcrumbList","@id":"https:\/\/ecosupplements.ch\/?product=k-right-60-softgels#breadcrumb","itemListElement":[{"@type":"ListItem","position":1,"name":"Home","item":"https:\/\/ecosupplements.ch\/"},{"@type":"ListItem","position":2,"name":"Shop","item":"https:\/\/ecosupplements.ch\/?page_id=14"},{"@type":"ListItem","position":3,"name":"K-Right &#8211; 60 softgels"}]},{"@type":"WebSite","@id":"https:\/\/ecosupplements.ch\/#website","url":"https:\/\/ecosupplements.ch\/","name":"Eco Supplements","description":"","potentialAction":[{"@type":"SearchAction","target":{"@type":"EntryPoint","urlTemplate":"https:\/\/ecosupplements.ch\/?s={search_term_string}"},"query-input":{"@type":"PropertyValueSpecification","valueRequired":true,"valueName":"search_term_string"}}],"inLanguage":"de-CH"}]},"product_price_amount":"50.76","product_price_currency":"CHF","og_availability":"out of stock","product_availability":"out of stock","product_retailer_item_id":"790011300090","product_condition":"new"},"_links":{"self":[{"href":"https:\/\/ecosupplements.ch\/index.php?rest_route=\/wp\/v2\/product\/2977","targetHints":{"allow":["GET"]}}],"collection":[{"href":"https:\/\/ecosupplements.ch\/index.php?rest_route=\/wp\/v2\/product"}],"about":[{"href":"https:\/\/ecosupplements.ch\/index.php?rest_route=\/wp\/v2\/types\/product"}],"replies":[{"embeddable":true,"href":"https:\/\/ecosupplements.ch\/index.php?rest_route=%2Fwp%2Fv2%2Fcomments&post=2977"}],"wp:featuredmedia":[{"embeddable":true,"href":"https:\/\/ecosupplements.ch\/index.php?rest_route=\/wp\/v2\/media\/2978"}],"wp:attachment":[{"href":"https:\/\/ecosupplements.ch\/index.php?rest_route=%2Fwp%2Fv2%2Fmedia&parent=2977"}],"wp:term":[{"taxonomy":"product_brand","embeddable":true,"href":"https:\/\/ecosupplements.ch\/index.php?rest_route=%2Fwp%2Fv2%2Fproduct_brand&post=2977"},{"taxonomy":"product_cat","embeddable":true,"href":"https:\/\/ecosupplements.ch\/index.php?rest_route=%2Fwp%2Fv2%2Fproduct_cat&post=2977"},{"taxonomy":"product_tag","embeddable":true,"href":"https:\/\/ecosupplements.ch\/index.php?rest_route=%2Fwp%2Fv2%2Fproduct_tag&post=2977"}],"curies":[{"name":"wp","href":"https:\/\/api.w.org\/{rel}","templated":true}]}}