{"id":2980,"date":"2026-05-11T14:41:49","date_gmt":"2026-05-11T14:41:49","guid":{"rendered":"https:\/\/ecosupplements.ch\/?product=the-curse-blue-raspberry-250g"},"modified":"2026-05-12T16:03:23","modified_gmt":"2026-05-12T16:03:23","slug":"the-curse-blue-raspberry-250g","status":"publish","type":"product","link":"https:\/\/ecosupplements.ch\/?product=the-curse-blue-raspberry-250g","title":{"rendered":"The Curse!, Blue Raspberry &#8211; 250g"},"content":{"rendered":"<div class=\"chcg-product-description\">\n<h2 class=\"chcg-heading\">\u00dcber JNX Sports \u2013 The Curse!, Blue Raspberry \u2013 250g<\/h2>\n<div class=\"chcg-intro\">\n<p>The Curse! von JNX Sports ist ein hochdosiertes Pre-Workout-Pulver, das speziell f\u00fcr trainingsbegeisterte Erwachsene entwickelt wurde, die ihre Trainingseinheiten mit gezielter N\u00e4hrstoffunterst\u00fctzung begleiten m\u00f6chten. Die einzigartige Formel kombiniert bew\u00e4hrte Wirkstoffe wie Beta-Alanine (als CarnoSyn\u00ae), Creatin-Monohydrat sowie L-Citrulline und L-Arginine Alpha-Ketoglutarat, um den K\u00f6rper vor dem Training optimal zu versorgen.<\/p>\n<p>Mit 155 mg Koffein pro Portion aus der Mind Control Matrix liefert The Curse! eine pr\u00e4zise dosierte Menge Koffein, die in vielen vortrainingsspezifischen Anwendungen gesch\u00e4tzt wird. Erg\u00e4nzt durch Olivenblattextrakt (Olea europaea, 40% Oleuropein) bietet die Formel eine sorgf\u00e4ltig abgestimmte Zusammensetzung. Pro Beh\u00e4lter sind 50 Portionen \u00e0 5 g enthalten \u2013 damit reicht das Pulver f\u00fcr einen langen Trainingszeitraum.<\/p>\n<p>Der fruchtige Blue-Raspberry-Geschmack macht die Zubereitung des Pre-Workout-Getr\u00e4nks angenehm. Das Produkt ist vegan, vegetarisch, glutenfrei und laktosefrei \u2013 geeignet f\u00fcr verschiedene Ern\u00e4hrungsweisen. Bitte beachten Sie alle Dosierungshinweise und Warnungen, um The Curse! sicher und verantwortungsvoll zu verwenden.<\/p>\n<\/p><\/div>\n<div class=\"chcg-nutrition\">\n<h3>N\u00e4hrwertangaben<\/h3>\n<table class=\"chcg-nutrition-table\">\n<thead>\n<tr>\n<th>N\u00e4hrstoff<\/th>\n<th>Pro Portion (1 Messl\u00f6ffel \/ 5 g)<\/th>\n<\/tr>\n<\/thead>\n<tbody>\n<tr>\n<td>Energizing Muscle Fuel Blend<\/td>\n<td>3000 mg \u2020<\/td>\n<\/tr>\n<tr>\n<td>\u2013 Beta-Alanine (als CarnoSyn), Creatine Monohydrate, Citric Acid<\/td>\n<td><\/td>\n<\/tr>\n<tr>\n<td>Amplifier Blend<\/td>\n<td>900 mg \u2020<\/td>\n<\/tr>\n<tr>\n<td>\u2013 L-Citrulline, L-Arginine Alpha-Ketoglutarate (AKG)<\/td>\n<td><\/td>\n<\/tr>\n<tr>\n<td>Mind Control Matrix<\/td>\n<td>157 mg \u2020<\/td>\n<\/tr>\n<tr>\n<td>\u2013 Caffeine Anhydrous<\/td>\n<td>155 mg \u2020<\/td>\n<\/tr>\n<tr>\n<td>\u2013 Olive Leaf Extract (Olea europaea) (40% Oleuropein)<\/td>\n<td><\/td>\n<\/tr>\n<\/tbody>\n<\/table>\n<p class=\"chcg-footnote\">\u2020 Kein festgelegter Tagesreferenzwert vorhanden.<\/p>\n<\/p><\/div>\n<div class=\"chcg-ingredients\">\n<h3>Zutaten<\/h3>\n<p>Energizing Muscle Fuel Blend 3000 mg: Beta-Alanine (als CarnoSyn), Creatine Monohydrate, Citric Acid. Amplifier Blend 900 mg: L-Citrulline, L-Arginine Alpha-Ketoglutarate (AKG). Mind Control Matrix 157 mg: Caffeine Anhydrous 155 mg, Olive Leaf Extract (Olea europaea) (40% Oleuropein). Weitere Zutaten (Blue Raspberry): Siliciumdioxid, nat\u00fcrliche und k\u00fcnstliche Aromen, Sucralose, Acesulfam-Kalium (Ace-K), FD&amp;C Blue #1.<\/p>\n<\/p><\/div>\n<div class=\"chcg-dosage\">\n<h3>Verzehrempfehlung<\/h3>\n<p>1 Messl\u00f6ffel (5 g) mit 150\u2013250 ml kaltem Wasser mischen und vor dem Training trinken. 1\u20133 Messl\u00f6ffel 20\u201330 Minuten vor dem Training einnehmen. Mit 1 Messl\u00f6ffel beginnen, um die individuelle Vertr\u00e4glichkeit zu testen. Die Menge von 3 Messl\u00f6ffeln innerhalb von 24 Stunden darf niemals \u00fcberschritten werden. Das Produkt nicht l\u00e4nger als 5 von 7 aufeinanderfolgenden Tagen verwenden.<\/p>\n<\/p><\/div>\n<div class=\"chcg-warnings\">\n<h3>Warnhinweise<\/h3>\n<p>The Curse! ist \u00e4usserst stark; \u00fcberpr\u00fcfen Sie Ihre Vertr\u00e4glichkeit stets mit einem einzelnen Messl\u00f6ffel. Nicht vor dem Schlafengehen verwenden. Enth\u00e4lt Koffein. Nicht verwenden w\u00e4hrend der Schwangerschaft oder Stillzeit. Es k\u00f6nnen harmlose, kurzfristige Kribbelsensationen auf der Haut auftreten. Ausschliesslich f\u00fcr gesunde Erwachsene ab 18 Jahren bestimmt. Nicht geeignet f\u00fcr Personen mit bestehenden gesundheitlichen Problemen oder f\u00fcr Personen, die Medikamente einnehmen, f\u00fcr Kinder unter 18 Jahren, f\u00fcr schwangere oder stillende Frauen sowie f\u00fcr Personen, die empfindlich auf Koffein oder Beta-Alanin reagieren. Vor der Einnahme eine medizinische Fachperson konsultieren. Bei unerw\u00fcnschten Reaktionen die Einnahme abbrechen und eine medizinische Fachperson aufsuchen. Nicht verwenden, wenn das Sicherheitssiegel besch\u00e4digt oder nicht vorhanden ist. Ausserhalb der Reichweite von Kindern aufbewahren.<\/p>\n<\/p><\/div>\n<div class=\"chcg-allergens\">\n<h3>Allergeninformationen<\/h3>\n<p>Hergestellt auf Anlagen, die auch Erdn\u00fcsse, Baumn\u00fcsse, Milch, Ei, Weizen, Schalentiere, Fisch und Soja verarbeiten.<\/p>\n<\/p><\/div>\n<div class=\"chcg-storage\">\n<h3>Lagerung<\/h3>\n<p>An einem k\u00fchlen, trockenen Ort aufbewahren.<\/p>\n<\/p><\/div>\n<div class=\"chcg-dietary\">\n<h3>Ern\u00e4hrungshinweise<\/h3>\n<ul>\n<li>Vegan<\/li>\n<li>Vegetarisch<\/li>\n<li>Glutenfrei<\/li>\n<li>Laktosefrei<\/li>\n<\/ul><\/div>\n<\/div>\n","protected":false},"excerpt":{"rendered":"<p>The Curse! von JNX Sports ist ein leistungsstarkes Pre-Workout-Pulver mit 155 mg Koffein, Beta-Alanine (CarnoSyn) und Creatin \u2013 im erfrischenden Blue-Raspberry-Geschmack. 250 g, 50 Portionen. Vegan, glutenfrei und laktosefrei.<\/p>\n","protected":false},"featured_media":2981,"comment_status":"closed","ping_status":"open","template":"","meta":[],"product_brand":[463],"product_cat":[15],"product_tag":[],"class_list":{"0":"post-2980","1":"product","2":"type-product","3":"status-publish","4":"has-post-thumbnail","6":"product_brand-jnx-sports","7":"product_cat-uncategorized","9":"first","10":"outofstock","11":"taxable","12":"shipping-taxable","13":"purchasable","14":"product-type-simple"},"yoast_head":"<!-- This site is optimized with the Yoast SEO plugin v27.5 - https:\/\/yoast.com\/product\/yoast-seo-wordpress\/ -->\n<title>The Curse! Blue Raspberry 250g \u2013 JNX Sports | ecosupplements.ch<\/title>\n<meta name=\"description\" content=\"Pre-Workout-Pulver mit 155 mg Koffein, Beta-Alanine &amp; Creatin \u2013 50 Portionen, vegan &amp; glutenfrei. Jetzt bestellen.\" \/>\n<meta name=\"robots\" content=\"index, follow, max-snippet:-1, max-image-preview:large, max-video-preview:-1\" \/>\n<link rel=\"canonical\" href=\"https:\/\/ecosupplements.ch\/?product=the-curse-blue-raspberry-250g\" \/>\n<meta property=\"og:locale\" content=\"de_DE\" \/>\n<meta property=\"og:type\" content=\"article\" \/>\n<meta property=\"og:title\" content=\"The Curse! Blue Raspberry 250g \u2013 JNX Sports | ecosupplements.ch\" \/>\n<meta property=\"og:description\" content=\"Pre-Workout-Pulver mit 155 mg Koffein, Beta-Alanine &amp; Creatin \u2013 50 Portionen, vegan &amp; glutenfrei. Jetzt bestellen.\" \/>\n<meta property=\"og:url\" content=\"https:\/\/ecosupplements.ch\/?product=the-curse-blue-raspberry-250g\" \/>\n<meta property=\"og:site_name\" content=\"Eco Supplements\" \/>\n<meta property=\"article:modified_time\" content=\"2026-05-12T16:03:23+00:00\" \/>\n<meta property=\"og:image\" content=\"https:\/\/ecosupplements.ch\/wp-content\/uploads\/2026\/05\/The-Curse-Blue-Raspberry-250g.webp\" \/>\n\t<meta property=\"og:image:width\" content=\"1000\" \/>\n\t<meta property=\"og:image:height\" content=\"1000\" \/>\n\t<meta property=\"og:image:type\" content=\"image\/jpeg\" \/>\n<meta name=\"twitter:card\" content=\"summary_large_image\" \/>\n<meta name=\"twitter:label1\" content=\"Price\" \/>\n\t<meta name=\"twitter:data1\" content=\"&#067;&#072;&#070;&nbsp;31.84\" \/>\n\t<meta name=\"twitter:label2\" content=\"Availability\" \/>\n\t<meta name=\"twitter:data2\" content=\"Out of stock\" \/>\n<script type=\"application\/ld+json\" class=\"yoast-schema-graph\">{\"@context\":\"https:\\\/\\\/schema.org\",\"@graph\":[{\"@type\":\"WebPage\",\"@id\":\"https:\\\/\\\/ecosupplements.ch\\\/?product=the-curse-blue-raspberry-250g\",\"url\":\"https:\\\/\\\/ecosupplements.ch\\\/?product=the-curse-blue-raspberry-250g\",\"name\":\"The Curse! Blue Raspberry 250g \u2013 JNX Sports | ecosupplements.ch\",\"isPartOf\":{\"@id\":\"https:\\\/\\\/ecosupplements.ch\\\/#website\"},\"primaryImageOfPage\":{\"@id\":\"https:\\\/\\\/ecosupplements.ch\\\/?product=the-curse-blue-raspberry-250g#primaryimage\"},\"image\":{\"@id\":\"https:\\\/\\\/ecosupplements.ch\\\/?product=the-curse-blue-raspberry-250g#primaryimage\"},\"thumbnailUrl\":\"https:\\\/\\\/ecosupplements.ch\\\/wp-content\\\/uploads\\\/2026\\\/05\\\/The-Curse-Blue-Raspberry-250g.webp\",\"datePublished\":\"2026-05-11T14:41:49+00:00\",\"dateModified\":\"2026-05-12T16:03:23+00:00\",\"description\":\"Pre-Workout-Pulver mit 155 mg Koffein, Beta-Alanine & Creatin \u2013 50 Portionen, vegan & glutenfrei. Jetzt bestellen.\",\"breadcrumb\":{\"@id\":\"https:\\\/\\\/ecosupplements.ch\\\/?product=the-curse-blue-raspberry-250g#breadcrumb\"},\"inLanguage\":\"de-CH\",\"potentialAction\":[{\"@type\":\"ReadAction\",\"target\":[\"https:\\\/\\\/ecosupplements.ch\\\/?product=the-curse-blue-raspberry-250g\"]}]},{\"@type\":\"ImageObject\",\"inLanguage\":\"de-CH\",\"@id\":\"https:\\\/\\\/ecosupplements.ch\\\/?product=the-curse-blue-raspberry-250g#primaryimage\",\"url\":\"https:\\\/\\\/ecosupplements.ch\\\/wp-content\\\/uploads\\\/2026\\\/05\\\/The-Curse-Blue-Raspberry-250g.webp\",\"contentUrl\":\"https:\\\/\\\/ecosupplements.ch\\\/wp-content\\\/uploads\\\/2026\\\/05\\\/The-Curse-Blue-Raspberry-250g.webp\",\"width\":1000,\"height\":1000,\"caption\":\"The Curse!\"},{\"@type\":\"BreadcrumbList\",\"@id\":\"https:\\\/\\\/ecosupplements.ch\\\/?product=the-curse-blue-raspberry-250g#breadcrumb\",\"itemListElement\":[{\"@type\":\"ListItem\",\"position\":1,\"name\":\"Home\",\"item\":\"https:\\\/\\\/ecosupplements.ch\\\/\"},{\"@type\":\"ListItem\",\"position\":2,\"name\":\"Shop\",\"item\":\"https:\\\/\\\/ecosupplements.ch\\\/?page_id=14\"},{\"@type\":\"ListItem\",\"position\":3,\"name\":\"The Curse!, Blue Raspberry &#8211; 250g\"}]},{\"@type\":\"WebSite\",\"@id\":\"https:\\\/\\\/ecosupplements.ch\\\/#website\",\"url\":\"https:\\\/\\\/ecosupplements.ch\\\/\",\"name\":\"Eco Supplements\",\"description\":\"\",\"potentialAction\":[{\"@type\":\"SearchAction\",\"target\":{\"@type\":\"EntryPoint\",\"urlTemplate\":\"https:\\\/\\\/ecosupplements.ch\\\/?s={search_term_string}\"},\"query-input\":{\"@type\":\"PropertyValueSpecification\",\"valueRequired\":true,\"valueName\":\"search_term_string\"}}],\"inLanguage\":\"de-CH\"}]}<\/script>\n<meta property=\"product:price:amount\" content=\"31.84\" \/>\n<meta property=\"product:price:currency\" content=\"CHF\" \/>\n<meta property=\"og:availability\" content=\"out of stock\" \/>\n<meta property=\"product:availability\" content=\"out of stock\" \/>\n<meta property=\"product:retailer_item_id\" content=\"609728302412\" \/>\n<meta property=\"product:condition\" content=\"new\" \/>\n<!-- \/ Yoast SEO plugin. -->","yoast_head_json":{"title":"The Curse! Blue Raspberry 250g \u2013 JNX Sports | ecosupplements.ch","description":"Pre-Workout-Pulver mit 155 mg Koffein, Beta-Alanine & Creatin \u2013 50 Portionen, vegan & glutenfrei. Jetzt bestellen.","robots":{"index":"index","follow":"follow","max-snippet":"max-snippet:-1","max-image-preview":"max-image-preview:large","max-video-preview":"max-video-preview:-1"},"canonical":"https:\/\/ecosupplements.ch\/?product=the-curse-blue-raspberry-250g","og_locale":"de_DE","og_type":"article","og_title":"The Curse! Blue Raspberry 250g \u2013 JNX Sports | ecosupplements.ch","og_description":"Pre-Workout-Pulver mit 155 mg Koffein, Beta-Alanine & Creatin \u2013 50 Portionen, vegan & glutenfrei. Jetzt bestellen.","og_url":"https:\/\/ecosupplements.ch\/?product=the-curse-blue-raspberry-250g","og_site_name":"Eco Supplements","article_modified_time":"2026-05-12T16:03:23+00:00","og_image":[{"width":1000,"height":1000,"url":"https:\/\/ecosupplements.ch\/wp-content\/uploads\/2026\/05\/The-Curse-Blue-Raspberry-250g.webp","type":"image\/jpeg"}],"twitter_card":"summary_large_image","twitter_misc":{"Price":"&#67;&#72;&#70;&nbsp;31.84","Availability":"Out of stock"},"schema":{"@context":"https:\/\/schema.org","@graph":[{"@type":"WebPage","@id":"https:\/\/ecosupplements.ch\/?product=the-curse-blue-raspberry-250g","url":"https:\/\/ecosupplements.ch\/?product=the-curse-blue-raspberry-250g","name":"The Curse! Blue Raspberry 250g \u2013 JNX Sports | ecosupplements.ch","isPartOf":{"@id":"https:\/\/ecosupplements.ch\/#website"},"primaryImageOfPage":{"@id":"https:\/\/ecosupplements.ch\/?product=the-curse-blue-raspberry-250g#primaryimage"},"image":{"@id":"https:\/\/ecosupplements.ch\/?product=the-curse-blue-raspberry-250g#primaryimage"},"thumbnailUrl":"https:\/\/ecosupplements.ch\/wp-content\/uploads\/2026\/05\/The-Curse-Blue-Raspberry-250g.webp","datePublished":"2026-05-11T14:41:49+00:00","dateModified":"2026-05-12T16:03:23+00:00","description":"Pre-Workout-Pulver mit 155 mg Koffein, Beta-Alanine & Creatin \u2013 50 Portionen, vegan & glutenfrei. Jetzt bestellen.","breadcrumb":{"@id":"https:\/\/ecosupplements.ch\/?product=the-curse-blue-raspberry-250g#breadcrumb"},"inLanguage":"de-CH","potentialAction":[{"@type":"ReadAction","target":["https:\/\/ecosupplements.ch\/?product=the-curse-blue-raspberry-250g"]}]},{"@type":"ImageObject","inLanguage":"de-CH","@id":"https:\/\/ecosupplements.ch\/?product=the-curse-blue-raspberry-250g#primaryimage","url":"https:\/\/ecosupplements.ch\/wp-content\/uploads\/2026\/05\/The-Curse-Blue-Raspberry-250g.webp","contentUrl":"https:\/\/ecosupplements.ch\/wp-content\/uploads\/2026\/05\/The-Curse-Blue-Raspberry-250g.webp","width":1000,"height":1000,"caption":"The Curse!"},{"@type":"BreadcrumbList","@id":"https:\/\/ecosupplements.ch\/?product=the-curse-blue-raspberry-250g#breadcrumb","itemListElement":[{"@type":"ListItem","position":1,"name":"Home","item":"https:\/\/ecosupplements.ch\/"},{"@type":"ListItem","position":2,"name":"Shop","item":"https:\/\/ecosupplements.ch\/?page_id=14"},{"@type":"ListItem","position":3,"name":"The Curse!, Blue Raspberry &#8211; 250g"}]},{"@type":"WebSite","@id":"https:\/\/ecosupplements.ch\/#website","url":"https:\/\/ecosupplements.ch\/","name":"Eco Supplements","description":"","potentialAction":[{"@type":"SearchAction","target":{"@type":"EntryPoint","urlTemplate":"https:\/\/ecosupplements.ch\/?s={search_term_string}"},"query-input":{"@type":"PropertyValueSpecification","valueRequired":true,"valueName":"search_term_string"}}],"inLanguage":"de-CH"}]},"product_price_amount":"31.84","product_price_currency":"CHF","og_availability":"out of stock","product_availability":"out of stock","product_retailer_item_id":"609728302412","product_condition":"new"},"_links":{"self":[{"href":"https:\/\/ecosupplements.ch\/index.php?rest_route=\/wp\/v2\/product\/2980","targetHints":{"allow":["GET"]}}],"collection":[{"href":"https:\/\/ecosupplements.ch\/index.php?rest_route=\/wp\/v2\/product"}],"about":[{"href":"https:\/\/ecosupplements.ch\/index.php?rest_route=\/wp\/v2\/types\/product"}],"replies":[{"embeddable":true,"href":"https:\/\/ecosupplements.ch\/index.php?rest_route=%2Fwp%2Fv2%2Fcomments&post=2980"}],"wp:featuredmedia":[{"embeddable":true,"href":"https:\/\/ecosupplements.ch\/index.php?rest_route=\/wp\/v2\/media\/2981"}],"wp:attachment":[{"href":"https:\/\/ecosupplements.ch\/index.php?rest_route=%2Fwp%2Fv2%2Fmedia&parent=2980"}],"wp:term":[{"taxonomy":"product_brand","embeddable":true,"href":"https:\/\/ecosupplements.ch\/index.php?rest_route=%2Fwp%2Fv2%2Fproduct_brand&post=2980"},{"taxonomy":"product_cat","embeddable":true,"href":"https:\/\/ecosupplements.ch\/index.php?rest_route=%2Fwp%2Fv2%2Fproduct_cat&post=2980"},{"taxonomy":"product_tag","embeddable":true,"href":"https:\/\/ecosupplements.ch\/index.php?rest_route=%2Fwp%2Fv2%2Fproduct_tag&post=2980"}],"curies":[{"name":"wp","href":"https:\/\/api.w.org\/{rel}","templated":true}]}}