{"id":2982,"date":"2026-05-11T14:41:50","date_gmt":"2026-05-11T14:41:50","guid":{"rendered":"https:\/\/ecosupplements.ch\/?product=5-lox-inhibitor-with-apresflex-100mg-60-vcaps"},"modified":"2026-05-13T07:24:44","modified_gmt":"2026-05-13T07:24:44","slug":"5-lox-inhibitor-with-apresflex-100mg-60-vcaps","status":"publish","type":"product","link":"https:\/\/ecosupplements.ch\/?product=5-lox-inhibitor-with-apresflex-100mg-60-vcaps","title":{"rendered":"5-LOX Inhibitor with ApresFlex, 100mg &#8211; 60 vcaps"},"content":{"rendered":"<div class=\"chcg-product-description\">\n<h2 class=\"chcg-heading\">\u00dcber Life Extension \u2013 5-LOX Inhibitor mit ApresFlex, 100mg \u2013 60 Vcaps<\/h2>\n<div class=\"chcg-intro\">\n<p>Der 5-LOX Inhibitor mit ApresFlex von Life Extension enth\u00e4lt einen hochstandardisierten Boswellia-serrata-Extrakt, der auf 20 % AKBA (3-O-Acetyl-11-Keto-beta-Boswellias\u00e4ure) eingestellt ist. ApresFlex ist eine patentierte, verbesserte Form des Boswellia-Extrakts, die f\u00fcr eine h\u00f6here Bioverf\u00fcgbarkeit gegen\u00fcber herk\u00f6mmlichen Boswellia-Pr\u00e4paraten entwickelt wurde \u2013 und das bei einer t\u00e4glichen Dosierung von nur einer Kapsel.<\/p>\n<p>Boswellia serrata, auch bekannt als indischer Weihrauch, wird seit Jahrhunderten in der traditionellen Medizin eingesetzt. Der in ApresFlex enthaltene Wirkstoff AKBA gilt als einer der bedeutendsten Inhaltsstoffe des Boswellia-Harzes und ist Gegenstand zahlreicher wissenschaftlicher Untersuchungen. Life Extension setzt auf den pr\u00e4zise standardisierten ApresFlex-Extrakt, um eine gleichbleibende Qualit\u00e4t und Wirkstoffdichte in jeder Kapsel zu gew\u00e4hrleisten.<\/p>\n<p>Das Produkt ist in vegetarischen Kapseln erh\u00e4ltlich, frei von Gluten und Laktose und eignet sich damit f\u00fcr Menschen mit entsprechenden Ern\u00e4hrungsbed\u00fcrfnissen. Die praktische Einmal-t\u00e4glich-Dosierung macht die Einnahme unkompliziert und alltagstauglich.<\/p>\n<\/p><\/div>\n<div class=\"chcg-nutrition\">\n<h3>N\u00e4hrwertangaben<\/h3>\n<table class=\"chcg-nutrition-table\">\n<thead>\n<tr>\n<th>N\u00e4hrstoff<\/th>\n<th>Pro Portion (1 Kapsel)<\/th>\n<\/tr>\n<\/thead>\n<tbody>\n<tr>\n<td>ApresFlex (Boswellia serrata) Extrakt (Gummiharz) [std. auf 20 % 3-O-Acetyl-11-Keto-beta-Boswellias\u00e4ure (AKBA)]<\/td>\n<td>100 mg *<\/td>\n<\/tr>\n<tr>\n<td>\u2013 davon AKBA<\/td>\n<td>20 mg *<\/td>\n<\/tr>\n<\/tbody>\n<\/table>\n<p class=\"chcg-footnote\">* Kein gesetzlich festgelegter Tagesbedarf vorhanden.<\/p>\n<\/p><\/div>\n<div class=\"chcg-ingredients\">\n<h3>Zutaten<\/h3>\n<p>ApresFlex (Boswellia serrata Extrakt (Gummiharz) [std. auf 20 % 3-O-Acetyl-11-Keto-beta-Boswellias\u00e4ure (AKBA)]), Tr\u00e4gerstoff: mikrokristalline Cellulose; Antiklumpmittel: Siliciumdioxid, Salze von Fetts\u00e4uren.<\/p>\n<p class=\"chcg-capsule-shell\">Kapselh\u00fclle: Vegetarische Kapsel (Tr\u00e4gerstoff: Cellulose)<\/p>\n<\/p><\/div>\n<div class=\"chcg-dosage\">\n<h3>Verzehrempfehlung<\/h3>\n<p>T\u00e4glich 1 Kapsel mit oder ohne Mahlzeit einnehmen, oder gem\u00e4ss Empfehlung einer Fachperson f\u00fcr Gesundheit.<\/p>\n<\/p><\/div>\n<div class=\"chcg-warnings\">\n<h3>Warnhinweise<\/h3>\n<p>Nahrungserg\u00e4nzungsmittel sollten nicht als Ersatz f\u00fcr eine abwechslungsreiche Ern\u00e4hrung verwendet werden. Ausserhalb der Reichweite von Kindern aufbewahren. Die empfohlene Tagesdosis sollte nicht \u00fcberschritten werden. Bei der Einnahme von Nahrungserg\u00e4nzungsmitteln wird empfohlen, einen Arzt zu konsultieren, wenn Sie sich in medizinischer Behandlung befinden oder wenn Sie schwanger sind oder stillen. Nicht kaufen, wenn die \u00e4ussere Versiegelung besch\u00e4digt oder gebrochen ist.<\/p>\n<\/p><\/div>\n<div class=\"chcg-allergens\">\n<h3>Allergeninformationen<\/h3>\n<p>Auf der Etikette sind keine Allergene deklariert.<\/p>\n<\/p><\/div>\n<div class=\"chcg-storage\">\n<h3>Lagerung<\/h3>\n<p>Fest verschlossen an einem k\u00fchlen, trockenen Ort aufbewahren.<\/p>\n<\/p><\/div>\n<div class=\"chcg-dietary\">\n<h3>Ern\u00e4hrungshinweise<\/h3>\n<ul>\n<li>Vegetarisch<\/li>\n<li>Glutenfrei<\/li>\n<li>Laktosefrei<\/li>\n<\/ul><\/div>\n<\/div>\n","protected":false},"excerpt":{"rendered":"<p>5-LOX Inhibitor mit ApresFlex liefert 100 mg standardisierten Boswellia-serrata-Extrakt (20 % AKBA) pro vegetarischer Kapsel. 60 Kapseln pro Packung, glutenfrei und laktosefrei. Einmal t\u00e4glich einnehmen.<\/p>\n","protected":false},"featured_media":2983,"comment_status":"closed","ping_status":"open","template":"","meta":[],"product_brand":[202],"product_cat":[48,25,44,99,21],"product_tag":[],"class_list":{"0":"post-2982","1":"product","2":"type-product","3":"status-publish","4":"has-post-thumbnail","6":"product_brand-life-extension","7":"product_cat-gesunde-ernaehrung","8":"product_cat-gesundheit-und-wohlbefinden","9":"product_cat-pflanzliche-nahrungsergaenzungsmittel","10":"product_cat-unterstuetzung-fuer-die-gelenke","11":"product_cat-vitamine-und-mineralstoffe","13":"first","14":"outofstock","15":"taxable","16":"shipping-taxable","17":"purchasable","18":"product-type-simple"},"yoast_head":"<!-- This site is optimized with the Yoast SEO plugin v27.5 - https:\/\/yoast.com\/product\/yoast-seo-wordpress\/ -->\n<title>5-LOX Inhibitor mit ApresFlex 100mg \u2013 Life Extension | ecosupplements.ch<\/title>\n<meta name=\"description\" content=\"Boswellia-serrata-Extrakt mit 20 % AKBA in vegetarischen Kapseln \u2013 60 St\u00fcck von Life Extension, glutenfrei und laktosefrei. Jetzt bestellen.\" \/>\n<meta name=\"robots\" content=\"index, follow, max-snippet:-1, max-image-preview:large, max-video-preview:-1\" \/>\n<link rel=\"canonical\" href=\"https:\/\/ecosupplements.ch\/?product=5-lox-inhibitor-with-apresflex-100mg-60-vcaps\" \/>\n<meta property=\"og:locale\" content=\"de_DE\" \/>\n<meta property=\"og:type\" content=\"article\" \/>\n<meta property=\"og:title\" content=\"5-LOX Inhibitor mit ApresFlex 100mg \u2013 Life Extension | ecosupplements.ch\" \/>\n<meta property=\"og:description\" content=\"Boswellia-serrata-Extrakt mit 20 % AKBA in vegetarischen Kapseln \u2013 60 St\u00fcck von Life Extension, glutenfrei und laktosefrei. Jetzt bestellen.\" \/>\n<meta property=\"og:url\" content=\"https:\/\/ecosupplements.ch\/?product=5-lox-inhibitor-with-apresflex-100mg-60-vcaps\" \/>\n<meta property=\"og:site_name\" content=\"Eco Supplements\" \/>\n<meta property=\"article:modified_time\" content=\"2026-05-13T07:24:44+00:00\" \/>\n<meta property=\"og:image\" content=\"https:\/\/ecosupplements.ch\/wp-content\/uploads\/2026\/05\/5-LOX-Inhibitor-with-ApresFlex-100mg-60-vcaps.webp\" \/>\n\t<meta property=\"og:image:width\" content=\"1000\" \/>\n\t<meta property=\"og:image:height\" content=\"1000\" \/>\n\t<meta property=\"og:image:type\" content=\"image\/jpeg\" \/>\n<meta name=\"twitter:card\" content=\"summary_large_image\" \/>\n<meta name=\"twitter:label1\" content=\"Price\" \/>\n\t<meta name=\"twitter:data1\" content=\"&#067;&#072;&#070;&nbsp;22.78\" \/>\n\t<meta name=\"twitter:label2\" content=\"Availability\" \/>\n\t<meta name=\"twitter:data2\" content=\"Out of stock\" \/>\n<script type=\"application\/ld+json\" class=\"yoast-schema-graph\">{\"@context\":\"https:\\\/\\\/schema.org\",\"@graph\":[{\"@type\":\"WebPage\",\"@id\":\"https:\\\/\\\/ecosupplements.ch\\\/?product=5-lox-inhibitor-with-apresflex-100mg-60-vcaps\",\"url\":\"https:\\\/\\\/ecosupplements.ch\\\/?product=5-lox-inhibitor-with-apresflex-100mg-60-vcaps\",\"name\":\"5-LOX Inhibitor mit ApresFlex 100mg \u2013 Life Extension | ecosupplements.ch\",\"isPartOf\":{\"@id\":\"https:\\\/\\\/ecosupplements.ch\\\/#website\"},\"primaryImageOfPage\":{\"@id\":\"https:\\\/\\\/ecosupplements.ch\\\/?product=5-lox-inhibitor-with-apresflex-100mg-60-vcaps#primaryimage\"},\"image\":{\"@id\":\"https:\\\/\\\/ecosupplements.ch\\\/?product=5-lox-inhibitor-with-apresflex-100mg-60-vcaps#primaryimage\"},\"thumbnailUrl\":\"https:\\\/\\\/ecosupplements.ch\\\/wp-content\\\/uploads\\\/2026\\\/05\\\/5-LOX-Inhibitor-with-ApresFlex-100mg-60-vcaps.webp\",\"datePublished\":\"2026-05-11T14:41:50+00:00\",\"dateModified\":\"2026-05-13T07:24:44+00:00\",\"description\":\"Boswellia-serrata-Extrakt mit 20 % AKBA in vegetarischen Kapseln \u2013 60 St\u00fcck von Life Extension, glutenfrei und laktosefrei. Jetzt bestellen.\",\"breadcrumb\":{\"@id\":\"https:\\\/\\\/ecosupplements.ch\\\/?product=5-lox-inhibitor-with-apresflex-100mg-60-vcaps#breadcrumb\"},\"inLanguage\":\"de-CH\",\"potentialAction\":[{\"@type\":\"ReadAction\",\"target\":[\"https:\\\/\\\/ecosupplements.ch\\\/?product=5-lox-inhibitor-with-apresflex-100mg-60-vcaps\"]}]},{\"@type\":\"ImageObject\",\"inLanguage\":\"de-CH\",\"@id\":\"https:\\\/\\\/ecosupplements.ch\\\/?product=5-lox-inhibitor-with-apresflex-100mg-60-vcaps#primaryimage\",\"url\":\"https:\\\/\\\/ecosupplements.ch\\\/wp-content\\\/uploads\\\/2026\\\/05\\\/5-LOX-Inhibitor-with-ApresFlex-100mg-60-vcaps.webp\",\"contentUrl\":\"https:\\\/\\\/ecosupplements.ch\\\/wp-content\\\/uploads\\\/2026\\\/05\\\/5-LOX-Inhibitor-with-ApresFlex-100mg-60-vcaps.webp\",\"width\":1000,\"height\":1000,\"caption\":\"5-LOX Inhibitor with ApresFlex\"},{\"@type\":\"BreadcrumbList\",\"@id\":\"https:\\\/\\\/ecosupplements.ch\\\/?product=5-lox-inhibitor-with-apresflex-100mg-60-vcaps#breadcrumb\",\"itemListElement\":[{\"@type\":\"ListItem\",\"position\":1,\"name\":\"Home\",\"item\":\"https:\\\/\\\/ecosupplements.ch\\\/\"},{\"@type\":\"ListItem\",\"position\":2,\"name\":\"Shop\",\"item\":\"https:\\\/\\\/ecosupplements.ch\\\/?page_id=14\"},{\"@type\":\"ListItem\",\"position\":3,\"name\":\"5-LOX Inhibitor with ApresFlex, 100mg &#8211; 60 vcaps\"}]},{\"@type\":\"WebSite\",\"@id\":\"https:\\\/\\\/ecosupplements.ch\\\/#website\",\"url\":\"https:\\\/\\\/ecosupplements.ch\\\/\",\"name\":\"Eco Supplements\",\"description\":\"\",\"potentialAction\":[{\"@type\":\"SearchAction\",\"target\":{\"@type\":\"EntryPoint\",\"urlTemplate\":\"https:\\\/\\\/ecosupplements.ch\\\/?s={search_term_string}\"},\"query-input\":{\"@type\":\"PropertyValueSpecification\",\"valueRequired\":true,\"valueName\":\"search_term_string\"}}],\"inLanguage\":\"de-CH\"}]}<\/script>\n<meta property=\"product:price:amount\" content=\"22.78\" \/>\n<meta property=\"product:price:currency\" content=\"CHF\" \/>\n<meta property=\"og:availability\" content=\"out of stock\" \/>\n<meta property=\"product:availability\" content=\"out of stock\" \/>\n<meta property=\"product:retailer_item_id\" content=\"737870163961\" \/>\n<meta property=\"product:condition\" content=\"new\" \/>\n<!-- \/ Yoast SEO plugin. -->","yoast_head_json":{"title":"5-LOX Inhibitor mit ApresFlex 100mg \u2013 Life Extension | ecosupplements.ch","description":"Boswellia-serrata-Extrakt mit 20 % AKBA in vegetarischen Kapseln \u2013 60 St\u00fcck von Life Extension, glutenfrei und laktosefrei. Jetzt bestellen.","robots":{"index":"index","follow":"follow","max-snippet":"max-snippet:-1","max-image-preview":"max-image-preview:large","max-video-preview":"max-video-preview:-1"},"canonical":"https:\/\/ecosupplements.ch\/?product=5-lox-inhibitor-with-apresflex-100mg-60-vcaps","og_locale":"de_DE","og_type":"article","og_title":"5-LOX Inhibitor mit ApresFlex 100mg \u2013 Life Extension | ecosupplements.ch","og_description":"Boswellia-serrata-Extrakt mit 20 % AKBA in vegetarischen Kapseln \u2013 60 St\u00fcck von Life Extension, glutenfrei und laktosefrei. Jetzt bestellen.","og_url":"https:\/\/ecosupplements.ch\/?product=5-lox-inhibitor-with-apresflex-100mg-60-vcaps","og_site_name":"Eco Supplements","article_modified_time":"2026-05-13T07:24:44+00:00","og_image":[{"width":1000,"height":1000,"url":"https:\/\/ecosupplements.ch\/wp-content\/uploads\/2026\/05\/5-LOX-Inhibitor-with-ApresFlex-100mg-60-vcaps.webp","type":"image\/jpeg"}],"twitter_card":"summary_large_image","twitter_misc":{"Price":"&#67;&#72;&#70;&nbsp;22.78","Availability":"Out of stock"},"schema":{"@context":"https:\/\/schema.org","@graph":[{"@type":"WebPage","@id":"https:\/\/ecosupplements.ch\/?product=5-lox-inhibitor-with-apresflex-100mg-60-vcaps","url":"https:\/\/ecosupplements.ch\/?product=5-lox-inhibitor-with-apresflex-100mg-60-vcaps","name":"5-LOX Inhibitor mit ApresFlex 100mg \u2013 Life Extension | ecosupplements.ch","isPartOf":{"@id":"https:\/\/ecosupplements.ch\/#website"},"primaryImageOfPage":{"@id":"https:\/\/ecosupplements.ch\/?product=5-lox-inhibitor-with-apresflex-100mg-60-vcaps#primaryimage"},"image":{"@id":"https:\/\/ecosupplements.ch\/?product=5-lox-inhibitor-with-apresflex-100mg-60-vcaps#primaryimage"},"thumbnailUrl":"https:\/\/ecosupplements.ch\/wp-content\/uploads\/2026\/05\/5-LOX-Inhibitor-with-ApresFlex-100mg-60-vcaps.webp","datePublished":"2026-05-11T14:41:50+00:00","dateModified":"2026-05-13T07:24:44+00:00","description":"Boswellia-serrata-Extrakt mit 20 % AKBA in vegetarischen Kapseln \u2013 60 St\u00fcck von Life Extension, glutenfrei und laktosefrei. Jetzt bestellen.","breadcrumb":{"@id":"https:\/\/ecosupplements.ch\/?product=5-lox-inhibitor-with-apresflex-100mg-60-vcaps#breadcrumb"},"inLanguage":"de-CH","potentialAction":[{"@type":"ReadAction","target":["https:\/\/ecosupplements.ch\/?product=5-lox-inhibitor-with-apresflex-100mg-60-vcaps"]}]},{"@type":"ImageObject","inLanguage":"de-CH","@id":"https:\/\/ecosupplements.ch\/?product=5-lox-inhibitor-with-apresflex-100mg-60-vcaps#primaryimage","url":"https:\/\/ecosupplements.ch\/wp-content\/uploads\/2026\/05\/5-LOX-Inhibitor-with-ApresFlex-100mg-60-vcaps.webp","contentUrl":"https:\/\/ecosupplements.ch\/wp-content\/uploads\/2026\/05\/5-LOX-Inhibitor-with-ApresFlex-100mg-60-vcaps.webp","width":1000,"height":1000,"caption":"5-LOX Inhibitor with ApresFlex"},{"@type":"BreadcrumbList","@id":"https:\/\/ecosupplements.ch\/?product=5-lox-inhibitor-with-apresflex-100mg-60-vcaps#breadcrumb","itemListElement":[{"@type":"ListItem","position":1,"name":"Home","item":"https:\/\/ecosupplements.ch\/"},{"@type":"ListItem","position":2,"name":"Shop","item":"https:\/\/ecosupplements.ch\/?page_id=14"},{"@type":"ListItem","position":3,"name":"5-LOX Inhibitor with ApresFlex, 100mg &#8211; 60 vcaps"}]},{"@type":"WebSite","@id":"https:\/\/ecosupplements.ch\/#website","url":"https:\/\/ecosupplements.ch\/","name":"Eco Supplements","description":"","potentialAction":[{"@type":"SearchAction","target":{"@type":"EntryPoint","urlTemplate":"https:\/\/ecosupplements.ch\/?s={search_term_string}"},"query-input":{"@type":"PropertyValueSpecification","valueRequired":true,"valueName":"search_term_string"}}],"inLanguage":"de-CH"}]},"product_price_amount":"22.78","product_price_currency":"CHF","og_availability":"out of stock","product_availability":"out of stock","product_retailer_item_id":"737870163961","product_condition":"new"},"_links":{"self":[{"href":"https:\/\/ecosupplements.ch\/index.php?rest_route=\/wp\/v2\/product\/2982","targetHints":{"allow":["GET"]}}],"collection":[{"href":"https:\/\/ecosupplements.ch\/index.php?rest_route=\/wp\/v2\/product"}],"about":[{"href":"https:\/\/ecosupplements.ch\/index.php?rest_route=\/wp\/v2\/types\/product"}],"replies":[{"embeddable":true,"href":"https:\/\/ecosupplements.ch\/index.php?rest_route=%2Fwp%2Fv2%2Fcomments&post=2982"}],"wp:featuredmedia":[{"embeddable":true,"href":"https:\/\/ecosupplements.ch\/index.php?rest_route=\/wp\/v2\/media\/2983"}],"wp:attachment":[{"href":"https:\/\/ecosupplements.ch\/index.php?rest_route=%2Fwp%2Fv2%2Fmedia&parent=2982"}],"wp:term":[{"taxonomy":"product_brand","embeddable":true,"href":"https:\/\/ecosupplements.ch\/index.php?rest_route=%2Fwp%2Fv2%2Fproduct_brand&post=2982"},{"taxonomy":"product_cat","embeddable":true,"href":"https:\/\/ecosupplements.ch\/index.php?rest_route=%2Fwp%2Fv2%2Fproduct_cat&post=2982"},{"taxonomy":"product_tag","embeddable":true,"href":"https:\/\/ecosupplements.ch\/index.php?rest_route=%2Fwp%2Fv2%2Fproduct_tag&post=2982"}],"curies":[{"name":"wp","href":"https:\/\/api.w.org\/{rel}","templated":true}]}}