{"id":3029,"date":"2026-05-11T14:42:13","date_gmt":"2026-05-11T14:42:13","guid":{"rendered":"https:\/\/ecosupplements.ch\/?product=two-per-day-multivitamin-60-caps"},"modified":"2026-05-13T07:22:46","modified_gmt":"2026-05-13T07:22:46","slug":"two-per-day-multivitamin-60-caps","status":"publish","type":"product","link":"https:\/\/ecosupplements.ch\/?product=two-per-day-multivitamin-60-caps","title":{"rendered":"Two-Per-Day, Multivitamin &#8211; 60 caps"},"content":{"rendered":"<div class=\"chcg-product-description\">\n<h2 class=\"chcg-heading\">\u00dcber Life Extension \u2013 Two-Per-Day, Multivitamin \u2013 60 Kapseln<\/h2>\n<div class=\"chcg-intro\">\n<p>Das Two-Per-Day Multivitamin von Life Extension ist ein umfassendes Nahrungserg\u00e4nzungsmittel, das mit zwei Kapseln t\u00e4glich eine aussergew\u00f6hnlich breite Palette an essenziellen Vitaminen und Mineralstoffen liefert. Die Formel kombiniert klassische Mikron\u00e4hrstoffe wie Vitamin C, D3, E sowie alle B-Vitamine mit botanischen Wirkstoffen wie Bio-Quercetin Phytosome, Apigenin, Lutein und Lycopin \u2013 f\u00fcr eine Zusammensetzung, die weit \u00fcber ein Standardmultivitamin hinausgeht.<\/p>\n<p>Besonderes Augenmerk wurde auf die Qualit\u00e4t der eingesetzten N\u00e4hrstoffformen gelegt: Folat liegt als bioverf\u00fcgbares L-5-Methyltetrahydrofolat vor, Vitamin B12 als Methylcobalamin, und Zink als Kombination aus Zinkcitrat und L-OptiZinc\u00ae. Chrom ist als Crominex 3+\u00ae mit Capros\u00ae Amla-Extrakt und PrimaVie\u00ae Shilajit stabilisiert. Diese Premium-Formen tragen dazu bei, dass die N\u00e4hrstoffe vom K\u00f6rper optimal aufgenommen werden k\u00f6nnen.<\/p>\n<p>Das Produkt ist glutenfrei, sojafrei und ohne gentechnisch ver\u00e4nderte Organismen (Non-GMO) formuliert. Die Kapselh\u00fclle besteht aus pflanzlicher Zellulose und eignet sich damit f\u00fcr Vegetarier. Mit 30 Portionen \u00e0 2 Kapseln deckt eine Packung den Bedarf f\u00fcr einen vollen Monat.<\/p>\n<\/p><\/div>\n<div class=\"chcg-nutrition\">\n<h3>N\u00e4hrwertangaben<\/h3>\n<table class=\"chcg-nutrition-table\">\n<thead>\n<tr>\n<th>N\u00e4hrstoff<\/th>\n<th>Pro Portion (2 Kapseln)<\/th>\n<\/tr>\n<\/thead>\n<tbody>\n<tr>\n<td>Vitamin A (als Beta-Carotin, Acetat)<\/td>\n<td>1500 mcg (167 % DV)<\/td>\n<\/tr>\n<tr>\n<td>Vitamin C (als Ascorbins\u00e4ure, Calcium- und Niacinamid-Ascorbat)<\/td>\n<td>470 mg (522 % DV)<\/td>\n<\/tr>\n<tr>\n<td>Vitamin D3 (als Cholecalciferol)<\/td>\n<td>50 mcg (250 % DV)<\/td>\n<\/tr>\n<tr>\n<td>Vitamin E (als D-alpha-Tocopherylsuccinat, D-alpha-Tocopherol)<\/td>\n<td>67 mg (447 % DV)<\/td>\n<\/tr>\n<tr>\n<td>\u2013 Nat\u00fcrliche gemischte Tocopherole (Gamma, Delta, Alpha, Beta)<\/td>\n<td>20 mg *<\/td>\n<\/tr>\n<tr>\n<td>Thiamin (Vitamin B1) (als Thiamin-HCl)<\/td>\n<td>75 mg (6250 % DV)<\/td>\n<\/tr>\n<tr>\n<td>Riboflavin (Vitamin B2) (als Riboflavin, Riboflavin-5&#8242;-phosphat)<\/td>\n<td>50 mg (3846 % DV)<\/td>\n<\/tr>\n<tr>\n<td>Niacin (als Niacinamid, Niacinamid-Ascorbat)<\/td>\n<td>50 mg (313 % DV)<\/td>\n<\/tr>\n<tr>\n<td>Vitamin B6 (als Pyridoxin-HCl, Pyridoxal-5&#8242;-phosphat)<\/td>\n<td>75 mg (4412 % DV)<\/td>\n<\/tr>\n<tr>\n<td>Folat (als L-5-Methyltetrahydrofolat-Calciumsalz)<\/td>\n<td>680 mcg DFE (170 % DV)<\/td>\n<\/tr>\n<tr>\n<td>Vitamin B12 (als Methylcobalamin)<\/td>\n<td>300 mcg (12500 % DV)<\/td>\n<\/tr>\n<tr>\n<td>Biotin<\/td>\n<td>300 mcg (1000 % DV)<\/td>\n<\/tr>\n<tr>\n<td>Pantothens\u00e4ure (als D-Calcium-Pantothenat)<\/td>\n<td>50 mg (1000 % DV)<\/td>\n<\/tr>\n<tr>\n<td>Iod (als Kaliumiodid)<\/td>\n<td>150 mcg (100 % DV)<\/td>\n<\/tr>\n<tr>\n<td>Magnesium (als Magnesiumoxid)<\/td>\n<td>100 mg (24 % DV)<\/td>\n<\/tr>\n<tr>\n<td>Zink (als Zinkcitrat, L-OptiZinc\u00ae Zink-mono-L-methioninsulfat)<\/td>\n<td>25 mg (227 % DV)<\/td>\n<\/tr>\n<tr>\n<td>Selen [als Natriumselenit, SelenoExcell\u00ae Selen-Hefe, Se-Methyl-L-selenocystein]<\/td>\n<td>200 mcg (364 % DV)<\/td>\n<\/tr>\n<tr>\n<td>Mangan (als Mangancitrat, -gluconat)<\/td>\n<td>2 mg (87 % DV)<\/td>\n<\/tr>\n<tr>\n<td>Chrom [als Crominex 3+\u00ae Chrom, stabilisiert mit Capros\u00ae Amla-Extrakt und PrimaVie\u00ae Shilajit]<\/td>\n<td>200 mcg (571 % DV)<\/td>\n<\/tr>\n<tr>\n<td>Molybd\u00e4n (als Molybd\u00e4n-Aminos\u00e4ure-Chelat)<\/td>\n<td>100 mcg (222 % DV)<\/td>\n<\/tr>\n<tr>\n<td>Inositol<\/td>\n<td>250 mg *<\/td>\n<\/tr>\n<tr>\n<td>Alpha-Lipons\u00e4ure<\/td>\n<td>25 mg *<\/td>\n<\/tr>\n<tr>\n<td>Bio-Quercetin Phytosome (Quercetin als Quercetin-Phytosom)<\/td>\n<td>5 mg *<\/td>\n<\/tr>\n<tr>\n<td>Ringelblumenextrakt [std. auf 5 mg trans-Lutein, 155 mcg trans-Zeaxanthin]<\/td>\n<td>11,12 mg *<\/td>\n<\/tr>\n<tr>\n<td>Lycopin [aus Tomat-O-Red\u00ae nat\u00fcrlichem Tomatenextrakt]<\/td>\n<td>1 mg *<\/td>\n<\/tr>\n<tr>\n<td>Apigenin<\/td>\n<td>5 mg *<\/td>\n<\/tr>\n<tr>\n<td>Bor (als Bor-Aminos\u00e4ure-Chelat)<\/td>\n<td>3 mg *<\/td>\n<\/tr>\n<\/tbody>\n<\/table>\n<p class=\"chcg-footnote\">* Kein festgelegter Tagesbedarf.<\/p>\n<p class=\"chcg-footnote\">DV = Tagesreferenzwert. Portionsgr\u00f6sse: 2 Kapseln. Portionen pro Packung: 30.<\/p>\n<\/p><\/div>\n<div class=\"chcg-ingredients\">\n<h3>Zutaten<\/h3>\n<p>Vitamin A (als Beta-Carotin, Acetat) 1500 mcg, Vitamin C (als Ascorbins\u00e4ure, Calcium- und Niacinamid-Ascorbat) 470 mg, Vitamin D3 (als Cholecalciferol) 50 mcg, Vitamin E (als D-alpha-Tocopherylsuccinat, D-alpha-Tocopherol) 67 mg, nat\u00fcrliche gemischte Tocopherole (enthaltend Gamma, Delta, Alpha, Beta) 20 mg, Thiamin (Vitamin B1) (als Thiamin-HCl) 75 mg, Riboflavin (Vitamin B2) (als Riboflavin, Riboflavin-5&#8242;-phosphat) 50 mg, Niacin (als Niacinamid, Niacinamid-Ascorbat) 50 mg, Vitamin B6 (als Pyridoxin-HCl, Pyridoxal-5&#8242;-phosphat) 75 mg, Folat (als L-5-Methyltetrahydrofolat-Calciumsalz) 680 mcg DFE, Vitamin B12 (als Methylcobalamin) 300 mcg, Biotin 300 mcg, Pantothens\u00e4ure (als D-Calcium-Pantothenat) 50 mg, Iod (als Kaliumiodid) 150 mcg, Magnesium (als Magnesiumoxid) 100 mg, Zink (als Zinkcitrat, L-OptiZinc\u00ae Zink-mono-L-methioninsulfat) 25 mg, Selen [als Natriumselenit, SelenoExcell\u00ae Selen-Hefe, Se-Methyl-L-selenocystein] 200 mcg, Mangan (als Mangancitrat, -gluconat) 2 mg, Chrom [als Crominex 3+\u00ae Chrom, stabilisiert mit Capros\u00ae Amla-Indischer-Stachelbeeren-Extrakt und PrimaVie\u00ae Shilajit] 200 mcg, Molybd\u00e4n (als Molybd\u00e4n-Aminos\u00e4ure-Chelat) 100 mcg, Inositol 250 mg, Alpha-Lipons\u00e4ure 25 mg, Bio-Quercetin Phytosome (Quercetin als Quercetin-Phytosom) 5 mg, Ringelblumenextrakt [std. auf 5 mg trans-Lutein und 155 mcg trans-Zeaxanthin] 11,12 mg, Lycopin [aus Tomat-O-Red\u00ae nat\u00fcrlichem Tomatenextrakt (Frucht)] 1 mg, Apigenin 5 mg, Bor (als Bor-Aminos\u00e4ure-Chelat) 3 mg. Weitere Zutaten: pflanzliche Zellulose (Kapsel), Dicalciumphosphat, modifizierte Lebensmittelst\u00e4rke, Siliziumdioxid, pflanzliches Stearat, mikrokristalline Zellulose, Maltodextrin.<\/p>\n<p class=\"chcg-capsule-shell\">Kapselh\u00fclle: Pflanzliche Zellulose<\/p>\n<\/p><\/div>\n<div class=\"chcg-dosage\">\n<h3>Verzehrempfehlung<\/h3>\n<p>T\u00e4glich 2 Kapseln in aufgeteilten Dosen zu den Mahlzeiten einnehmen, oder gem\u00e4ss Empfehlung einer Fachperson im Gesundheitsbereich.<\/p>\n<\/p><\/div>\n<div class=\"chcg-warnings\">\n<h3>Warnhinweise<\/h3>\n<p>Personen, die t\u00e4glich mehr als 50 mcg (2000 IU) Vitamin D (aus Ern\u00e4hrung und Nahrungserg\u00e4nzungsmitteln) einnehmen, sollten regelm\u00e4ssig den Serumspiegel von 25-Hydroxy-Vitamin D bestimmen lassen. Eine Supplementierung mit Vitamin D wird Personen mit erh\u00f6htem Blutkalziumspiegel nicht empfohlen. Ausserhalb der Reichweite von Kindern aufbewahren. Die empfohlene Dosierung nicht \u00fcberschreiten. Nicht kaufen, wenn das \u00e4ussere Siegel gebrochen oder besch\u00e4digt ist. Bei der Einnahme von Nahrungserg\u00e4nzungsmitteln wird empfohlen, einen Arzt zu konsultieren, wenn Sie sich in medizinischer Behandlung befinden oder wenn Sie schwanger sind oder stillen. Um ein schwerwiegendes unerw\u00fcnschtes Ereignis zu melden oder Produktinformationen zu erhalten, kontaktieren Sie bitte: 1-866-280-2852.<\/p>\n<\/p><\/div>\n<div class=\"chcg-allergens\">\n<h3>Allergeninformationen<\/h3>\n<p>Auf der Produktverpackung sind keine Allergene deklariert. Gem\u00e4ss Herstellerangaben ist das Produkt frei von Soja und Gluten sowie ohne gentechnisch ver\u00e4nderte Organismen (Non-GMO) hergestellt.<\/p>\n<\/p><\/div>\n<div class=\"chcg-storage\">\n<h3>Lagerung<\/h3>\n<p>Fest verschlossen an einem k\u00fchlen, trockenen Ort aufbewahren.<\/p>\n<\/p><\/div>\n<div class=\"chcg-dietary\">\n<h3>Ern\u00e4hrungshinweise<\/h3>\n<ul>\n<li>Vegetarisch<\/li>\n<li>Glutenfrei<\/li>\n<li>Laktosefrei<\/li>\n<\/ul><\/div>\n<\/div>\n","protected":false},"excerpt":{"rendered":"<p>Two-Per-Day von Life Extension ist ein hochwertiges Multivitamin mit \u00fcber 25 N\u00e4hrstoffen und botanischen Wirkstoffen. Zwei Kapseln t\u00e4glich decken den Bedarf f\u00fcr eine vollst\u00e4ndige Mikron\u00e4hrstoffversorgung. 60 Kapseln (30 Portionen) pro Packung, glutenfrei und vegetarisch.<\/p>\n","protected":false},"featured_media":3030,"comment_status":"closed","ping_status":"open","template":"","meta":[],"product_brand":[202],"product_cat":[48,26,171,21],"product_tag":[],"class_list":{"0":"post-3029","1":"product","2":"type-product","3":"status-publish","4":"has-post-thumbnail","6":"product_brand-life-extension","7":"product_cat-gesunde-ernaehrung","8":"product_cat-multivitamine","9":"product_cat-vitamine-und-mineralien","10":"product_cat-vitamine-und-mineralstoffe","12":"first","13":"outofstock","14":"taxable","15":"shipping-taxable","16":"purchasable","17":"product-type-simple"},"yoast_head":"<!-- This site is optimized with the Yoast SEO plugin v27.5 - https:\/\/yoast.com\/product\/yoast-seo-wordpress\/ -->\n<title>Two-Per-Day Multivitamin \u2013 Life Extension | ecosupplements.ch<\/title>\n<meta name=\"description\" content=\"Umfassendes Multivitamin mit \u00fcber 25 N\u00e4hrstoffen in Premium-Formen \u2013 60 Kapseln f\u00fcr 30 Tage, glutenfrei und vegetarisch. Jetzt bestellen.\" \/>\n<meta name=\"robots\" content=\"index, follow, max-snippet:-1, max-image-preview:large, max-video-preview:-1\" \/>\n<link rel=\"canonical\" href=\"https:\/\/ecosupplements.ch\/?product=two-per-day-multivitamin-60-caps\" \/>\n<meta property=\"og:locale\" content=\"de_DE\" \/>\n<meta property=\"og:type\" content=\"article\" \/>\n<meta property=\"og:title\" content=\"Two-Per-Day Multivitamin \u2013 Life Extension | ecosupplements.ch\" \/>\n<meta property=\"og:description\" content=\"Umfassendes Multivitamin mit \u00fcber 25 N\u00e4hrstoffen in Premium-Formen \u2013 60 Kapseln f\u00fcr 30 Tage, glutenfrei und vegetarisch. Jetzt bestellen.\" \/>\n<meta property=\"og:url\" content=\"https:\/\/ecosupplements.ch\/?product=two-per-day-multivitamin-60-caps\" \/>\n<meta property=\"og:site_name\" content=\"Eco Supplements\" \/>\n<meta property=\"article:modified_time\" content=\"2026-05-13T07:22:46+00:00\" \/>\n<meta property=\"og:image\" content=\"https:\/\/ecosupplements.ch\/wp-content\/uploads\/2026\/05\/Two-Per-Day-Multivitamin-60-caps.webp\" \/>\n\t<meta property=\"og:image:width\" content=\"1000\" \/>\n\t<meta property=\"og:image:height\" content=\"1000\" \/>\n\t<meta property=\"og:image:type\" content=\"image\/jpeg\" \/>\n<meta name=\"twitter:card\" content=\"summary_large_image\" \/>\n<meta name=\"twitter:label1\" content=\"Price\" \/>\n\t<meta name=\"twitter:data1\" content=\"&#067;&#072;&#070;&nbsp;20.76\" \/>\n\t<meta name=\"twitter:label2\" content=\"Availability\" \/>\n\t<meta name=\"twitter:data2\" content=\"Out of stock\" \/>\n<script type=\"application\/ld+json\" class=\"yoast-schema-graph\">{\"@context\":\"https:\\\/\\\/schema.org\",\"@graph\":[{\"@type\":\"WebPage\",\"@id\":\"https:\\\/\\\/ecosupplements.ch\\\/?product=two-per-day-multivitamin-60-caps\",\"url\":\"https:\\\/\\\/ecosupplements.ch\\\/?product=two-per-day-multivitamin-60-caps\",\"name\":\"Two-Per-Day Multivitamin \u2013 Life Extension | ecosupplements.ch\",\"isPartOf\":{\"@id\":\"https:\\\/\\\/ecosupplements.ch\\\/#website\"},\"primaryImageOfPage\":{\"@id\":\"https:\\\/\\\/ecosupplements.ch\\\/?product=two-per-day-multivitamin-60-caps#primaryimage\"},\"image\":{\"@id\":\"https:\\\/\\\/ecosupplements.ch\\\/?product=two-per-day-multivitamin-60-caps#primaryimage\"},\"thumbnailUrl\":\"https:\\\/\\\/ecosupplements.ch\\\/wp-content\\\/uploads\\\/2026\\\/05\\\/Two-Per-Day-Multivitamin-60-caps.webp\",\"datePublished\":\"2026-05-11T14:42:13+00:00\",\"dateModified\":\"2026-05-13T07:22:46+00:00\",\"description\":\"Umfassendes Multivitamin mit \u00fcber 25 N\u00e4hrstoffen in Premium-Formen \u2013 60 Kapseln f\u00fcr 30 Tage, glutenfrei und vegetarisch. Jetzt bestellen.\",\"breadcrumb\":{\"@id\":\"https:\\\/\\\/ecosupplements.ch\\\/?product=two-per-day-multivitamin-60-caps#breadcrumb\"},\"inLanguage\":\"de-CH\",\"potentialAction\":[{\"@type\":\"ReadAction\",\"target\":[\"https:\\\/\\\/ecosupplements.ch\\\/?product=two-per-day-multivitamin-60-caps\"]}]},{\"@type\":\"ImageObject\",\"inLanguage\":\"de-CH\",\"@id\":\"https:\\\/\\\/ecosupplements.ch\\\/?product=two-per-day-multivitamin-60-caps#primaryimage\",\"url\":\"https:\\\/\\\/ecosupplements.ch\\\/wp-content\\\/uploads\\\/2026\\\/05\\\/Two-Per-Day-Multivitamin-60-caps.webp\",\"contentUrl\":\"https:\\\/\\\/ecosupplements.ch\\\/wp-content\\\/uploads\\\/2026\\\/05\\\/Two-Per-Day-Multivitamin-60-caps.webp\",\"width\":1000,\"height\":1000,\"caption\":\"Two-Per-Day\"},{\"@type\":\"BreadcrumbList\",\"@id\":\"https:\\\/\\\/ecosupplements.ch\\\/?product=two-per-day-multivitamin-60-caps#breadcrumb\",\"itemListElement\":[{\"@type\":\"ListItem\",\"position\":1,\"name\":\"Home\",\"item\":\"https:\\\/\\\/ecosupplements.ch\\\/\"},{\"@type\":\"ListItem\",\"position\":2,\"name\":\"Shop\",\"item\":\"https:\\\/\\\/ecosupplements.ch\\\/?page_id=14\"},{\"@type\":\"ListItem\",\"position\":3,\"name\":\"Two-Per-Day, Multivitamin &#8211; 60 caps\"}]},{\"@type\":\"WebSite\",\"@id\":\"https:\\\/\\\/ecosupplements.ch\\\/#website\",\"url\":\"https:\\\/\\\/ecosupplements.ch\\\/\",\"name\":\"Eco Supplements\",\"description\":\"\",\"potentialAction\":[{\"@type\":\"SearchAction\",\"target\":{\"@type\":\"EntryPoint\",\"urlTemplate\":\"https:\\\/\\\/ecosupplements.ch\\\/?s={search_term_string}\"},\"query-input\":{\"@type\":\"PropertyValueSpecification\",\"valueRequired\":true,\"valueName\":\"search_term_string\"}}],\"inLanguage\":\"de-CH\"}]}<\/script>\n<meta property=\"product:price:amount\" content=\"20.76\" \/>\n<meta property=\"product:price:currency\" content=\"CHF\" \/>\n<meta property=\"og:availability\" content=\"out of stock\" \/>\n<meta property=\"product:availability\" content=\"out of stock\" \/>\n<meta property=\"product:retailer_item_id\" content=\"737870231769\" \/>\n<meta property=\"product:condition\" content=\"new\" \/>\n<!-- \/ Yoast SEO plugin. -->","yoast_head_json":{"title":"Two-Per-Day Multivitamin \u2013 Life Extension | ecosupplements.ch","description":"Umfassendes Multivitamin mit \u00fcber 25 N\u00e4hrstoffen in Premium-Formen \u2013 60 Kapseln f\u00fcr 30 Tage, glutenfrei und vegetarisch. Jetzt bestellen.","robots":{"index":"index","follow":"follow","max-snippet":"max-snippet:-1","max-image-preview":"max-image-preview:large","max-video-preview":"max-video-preview:-1"},"canonical":"https:\/\/ecosupplements.ch\/?product=two-per-day-multivitamin-60-caps","og_locale":"de_DE","og_type":"article","og_title":"Two-Per-Day Multivitamin \u2013 Life Extension | ecosupplements.ch","og_description":"Umfassendes Multivitamin mit \u00fcber 25 N\u00e4hrstoffen in Premium-Formen \u2013 60 Kapseln f\u00fcr 30 Tage, glutenfrei und vegetarisch. Jetzt bestellen.","og_url":"https:\/\/ecosupplements.ch\/?product=two-per-day-multivitamin-60-caps","og_site_name":"Eco Supplements","article_modified_time":"2026-05-13T07:22:46+00:00","og_image":[{"width":1000,"height":1000,"url":"https:\/\/ecosupplements.ch\/wp-content\/uploads\/2026\/05\/Two-Per-Day-Multivitamin-60-caps.webp","type":"image\/jpeg"}],"twitter_card":"summary_large_image","twitter_misc":{"Price":"&#67;&#72;&#70;&nbsp;20.76","Availability":"Out of stock"},"schema":{"@context":"https:\/\/schema.org","@graph":[{"@type":"WebPage","@id":"https:\/\/ecosupplements.ch\/?product=two-per-day-multivitamin-60-caps","url":"https:\/\/ecosupplements.ch\/?product=two-per-day-multivitamin-60-caps","name":"Two-Per-Day Multivitamin \u2013 Life Extension | ecosupplements.ch","isPartOf":{"@id":"https:\/\/ecosupplements.ch\/#website"},"primaryImageOfPage":{"@id":"https:\/\/ecosupplements.ch\/?product=two-per-day-multivitamin-60-caps#primaryimage"},"image":{"@id":"https:\/\/ecosupplements.ch\/?product=two-per-day-multivitamin-60-caps#primaryimage"},"thumbnailUrl":"https:\/\/ecosupplements.ch\/wp-content\/uploads\/2026\/05\/Two-Per-Day-Multivitamin-60-caps.webp","datePublished":"2026-05-11T14:42:13+00:00","dateModified":"2026-05-13T07:22:46+00:00","description":"Umfassendes Multivitamin mit \u00fcber 25 N\u00e4hrstoffen in Premium-Formen \u2013 60 Kapseln f\u00fcr 30 Tage, glutenfrei und vegetarisch. Jetzt bestellen.","breadcrumb":{"@id":"https:\/\/ecosupplements.ch\/?product=two-per-day-multivitamin-60-caps#breadcrumb"},"inLanguage":"de-CH","potentialAction":[{"@type":"ReadAction","target":["https:\/\/ecosupplements.ch\/?product=two-per-day-multivitamin-60-caps"]}]},{"@type":"ImageObject","inLanguage":"de-CH","@id":"https:\/\/ecosupplements.ch\/?product=two-per-day-multivitamin-60-caps#primaryimage","url":"https:\/\/ecosupplements.ch\/wp-content\/uploads\/2026\/05\/Two-Per-Day-Multivitamin-60-caps.webp","contentUrl":"https:\/\/ecosupplements.ch\/wp-content\/uploads\/2026\/05\/Two-Per-Day-Multivitamin-60-caps.webp","width":1000,"height":1000,"caption":"Two-Per-Day"},{"@type":"BreadcrumbList","@id":"https:\/\/ecosupplements.ch\/?product=two-per-day-multivitamin-60-caps#breadcrumb","itemListElement":[{"@type":"ListItem","position":1,"name":"Home","item":"https:\/\/ecosupplements.ch\/"},{"@type":"ListItem","position":2,"name":"Shop","item":"https:\/\/ecosupplements.ch\/?page_id=14"},{"@type":"ListItem","position":3,"name":"Two-Per-Day, Multivitamin &#8211; 60 caps"}]},{"@type":"WebSite","@id":"https:\/\/ecosupplements.ch\/#website","url":"https:\/\/ecosupplements.ch\/","name":"Eco Supplements","description":"","potentialAction":[{"@type":"SearchAction","target":{"@type":"EntryPoint","urlTemplate":"https:\/\/ecosupplements.ch\/?s={search_term_string}"},"query-input":{"@type":"PropertyValueSpecification","valueRequired":true,"valueName":"search_term_string"}}],"inLanguage":"de-CH"}]},"product_price_amount":"20.76","product_price_currency":"CHF","og_availability":"out of stock","product_availability":"out of stock","product_retailer_item_id":"737870231769","product_condition":"new"},"_links":{"self":[{"href":"https:\/\/ecosupplements.ch\/index.php?rest_route=\/wp\/v2\/product\/3029","targetHints":{"allow":["GET"]}}],"collection":[{"href":"https:\/\/ecosupplements.ch\/index.php?rest_route=\/wp\/v2\/product"}],"about":[{"href":"https:\/\/ecosupplements.ch\/index.php?rest_route=\/wp\/v2\/types\/product"}],"replies":[{"embeddable":true,"href":"https:\/\/ecosupplements.ch\/index.php?rest_route=%2Fwp%2Fv2%2Fcomments&post=3029"}],"wp:featuredmedia":[{"embeddable":true,"href":"https:\/\/ecosupplements.ch\/index.php?rest_route=\/wp\/v2\/media\/3030"}],"wp:attachment":[{"href":"https:\/\/ecosupplements.ch\/index.php?rest_route=%2Fwp%2Fv2%2Fmedia&parent=3029"}],"wp:term":[{"taxonomy":"product_brand","embeddable":true,"href":"https:\/\/ecosupplements.ch\/index.php?rest_route=%2Fwp%2Fv2%2Fproduct_brand&post=3029"},{"taxonomy":"product_cat","embeddable":true,"href":"https:\/\/ecosupplements.ch\/index.php?rest_route=%2Fwp%2Fv2%2Fproduct_cat&post=3029"},{"taxonomy":"product_tag","embeddable":true,"href":"https:\/\/ecosupplements.ch\/index.php?rest_route=%2Fwp%2Fv2%2Fproduct_tag&post=3029"}],"curies":[{"name":"wp","href":"https:\/\/api.w.org\/{rel}","templated":true}]}}