{"id":3032,"date":"2026-05-11T14:42:14","date_gmt":"2026-05-11T14:42:14","guid":{"rendered":"https:\/\/ecosupplements.ch\/?product=two-per-day-tablets-120-tabs"},"modified":"2026-05-13T07:22:47","modified_gmt":"2026-05-13T07:22:47","slug":"two-per-day-tablets-120-tabs","status":"publish","type":"product","link":"https:\/\/ecosupplements.ch\/?product=two-per-day-tablets-120-tabs","title":{"rendered":"Two-Per-Day, Tablets &#8211; 120 tabs"},"content":{"rendered":"<div class=\"chcg-product-description\">\n<h2 class=\"chcg-heading\">\u00dcber Life Extension \u2013 Two-Per-Day, Tabletten \u2013 120 Tabs<\/h2>\n<div class=\"chcg-intro\">\n<p>Das Two-Per-Day Multivitamin von Life Extension ist ein umfassendes Nahrungserg\u00e4nzungsmittel, das mit einer breiten Palette an Vitaminen, Mineralstoffen und Pflanzenstoffen formuliert wurde. Es liefert pro Tagesportion unter anderem hochdosierte B-Vitamine, Vitamin D3 (50 mcg \/ 2&#8217;000 IU), Vitamin C (470 mg) sowie Vitamin E in nat\u00fcrlicher Form \u2013 und das alles in lediglich zwei Tabletten t\u00e4glich.<\/p>\n<p>Neben den klassischen Mikron\u00e4hrstoffen enth\u00e4lt das Produkt ausgew\u00e4hlte bioaktive Verbindungen wie Alpha-Lipons\u00e4ure, Inositol, Cholin sowie pflanzliche Extrakte wie Bio-Quercetin Phytosom, Apigenin, Lutein, Zeaxanthin und Lycopin. Dabei kommen bew\u00e4hrte Markenrohstoffe zum Einsatz, darunter L-OptiZinc\u00ae, SelenoExcell\u00ae, Crominex\u00ae 3+, LycoBeads\u00ae und PrimaVie\u00ae \u2013 Formulierungen, die auf optimale Bioverf\u00fcgbarkeit ausgelegt sind.<\/p>\n<p>Two-Per-Day richtet sich an Erwachsene, die ihren Alltag mit einer breiten N\u00e4hrstoffbasis unterst\u00fctzen m\u00f6chten. Das Produkt ist glutenfrei und vegetarisch geeignet. Als Nahrungserg\u00e4nzungsmittel ersetzt es keine abwechslungsreiche und ausgewogene Ern\u00e4hrung.<\/p>\n<\/p><\/div>\n<div class=\"chcg-nutrition\">\n<h3>N\u00e4hrwertangaben<\/h3>\n<table class=\"chcg-nutrition-table\">\n<thead>\n<tr>\n<th>N\u00e4hrstoff<\/th>\n<th>Pro Portion (2 Tabletten)<\/th>\n<\/tr>\n<\/thead>\n<tbody>\n<tr>\n<td>Vitamin A (als Beta-Carotin, Acetat) (5&#8217;000 IU)<\/td>\n<td>1500 mcg<\/td>\n<\/tr>\n<tr>\n<td>Vitamin C (als Ascorbins\u00e4ure, Calcium- und Niacinamidascorbat)<\/td>\n<td>470 mg<\/td>\n<\/tr>\n<tr>\n<td>Vitamin D3 (als Cholecalciferol) (2&#8217;000 IU)<\/td>\n<td>50 mcg<\/td>\n<\/tr>\n<tr>\n<td>Vitamin E (als D-alpha-Tocopherylsuccinat, D-alpha-Tocopherol)<\/td>\n<td>67 mg<\/td>\n<\/tr>\n<tr>\n<td>Thiamin (Vitamin B1) (als Thiamin-HCl)<\/td>\n<td>75 mg<\/td>\n<\/tr>\n<tr>\n<td>Riboflavin (Vitamin B2) (als Riboflavin, Riboflavin-5&#8242;-phosphat)<\/td>\n<td>50 mg<\/td>\n<\/tr>\n<tr>\n<td>Niacin (als Niacinamid, Niacinamidascorbat)<\/td>\n<td>50 mg<\/td>\n<\/tr>\n<tr>\n<td>Vitamin B6 (als Pyridoxin-HCl, Pyridoxal-5&#8242;-phosphat)<\/td>\n<td>75 mg<\/td>\n<\/tr>\n<tr>\n<td>Folat (als L-5-Methyltetrahydrofolat-Calciumsalz)<\/td>\n<td>680 mcg DFE<\/td>\n<\/tr>\n<tr>\n<td>Vitamin B12 (als Methylcobalamin)<\/td>\n<td>300 mcg<\/td>\n<\/tr>\n<tr>\n<td>Biotin<\/td>\n<td>300 mcg<\/td>\n<\/tr>\n<tr>\n<td>Pantothens\u00e4ure (als D-Calciumpantothenat)<\/td>\n<td>50 mg<\/td>\n<\/tr>\n<tr>\n<td>Iod (als Kaliumiodid)<\/td>\n<td>150 mcg<\/td>\n<\/tr>\n<tr>\n<td>Magnesium (als Magnesiumoxid)<\/td>\n<td>100 mg<\/td>\n<\/tr>\n<tr>\n<td>Zink (als Zinkcitrat, L-OptiZinc\u00ae Zink-Mono-L-methioninsulfat)<\/td>\n<td>25 mg<\/td>\n<\/tr>\n<tr>\n<td>Selen [als Natriumselenit, SelenoExcell\u00ae Selenhefe, Se-Methyl-L-Selenocystein]<\/td>\n<td>200 mcg<\/td>\n<\/tr>\n<tr>\n<td>Mangan (als Mangancitrat, -gluconat)<\/td>\n<td>2 mg<\/td>\n<\/tr>\n<tr>\n<td>Chrom [als Crominex\u00ae 3+]<\/td>\n<td>200 mcg<\/td>\n<\/tr>\n<tr>\n<td>Molybd\u00e4n (als Molybd\u00e4n-Aminos\u00e4urechelat)<\/td>\n<td>100 mcg<\/td>\n<\/tr>\n<tr>\n<td>Bor (als Bor-Aminos\u00e4urechelat)<\/td>\n<td>3 mg<\/td>\n<\/tr>\n<tr>\n<td>Cholin (als Cholinbitartrat)<\/td>\n<td>20 mg<\/td>\n<\/tr>\n<tr>\n<td>Inositol<\/td>\n<td>50 mg<\/td>\n<\/tr>\n<tr>\n<td>Alpha-Lipons\u00e4ure<\/td>\n<td>25 mg<\/td>\n<\/tr>\n<tr>\n<td>Nat\u00fcrliche gemischte Tocopherole (Gamma, Delta, Alpha, Beta)<\/td>\n<td>20 mg<\/td>\n<\/tr>\n<tr>\n<td>Bio-Quercetin Phytosom (liefert 5 mg Quercetin)<\/td>\n<td>15 mg<\/td>\n<\/tr>\n<tr>\n<td>Ringelblumenextrakt (Bl\u00fcte) [std. auf 5 mg trans-Lutein, 155 mcg trans-Zeaxanthin]<\/td>\n<td>11,12 mg<\/td>\n<\/tr>\n<tr>\n<td>Apigenin<\/td>\n<td>5 mg<\/td>\n<\/tr>\n<tr>\n<td>Lycopin [aus LycoBeads\u00ae nat\u00fcrlichem Tomatenextrakt]<\/td>\n<td>1 mg<\/td>\n<\/tr>\n<\/tbody>\n<\/table>\n<p class=\"chcg-footnote\">* Kein festgelegter Tagesbedarf (N\u00e4hrstoffreferenzwert) vorhanden.<\/p>\n<\/p><\/div>\n<div class=\"chcg-ingredients\">\n<h3>Zutaten<\/h3>\n<p>Vitamin A (als Beta-Carotin, Acetat) (5&#8217;000 IU) 1500 mcg; Vitamin C (als Ascorbins\u00e4ure, Calcium- und Niacinamidascorbat) 470 mg; Vitamin D3 (als Cholecalciferol) (2&#8217;000 IU) 50 mcg; Vitamin E (als D-alpha-Tocopherylsuccinat, D-alpha-Tocopherol) 67 mg; Thiamin (Vitamin B1) (als Thiamin-HCl) 75 mg; Riboflavin (Vitamin B2) (als Riboflavin, Riboflavin-5&#8242;-phosphat) 50 mg; Niacin (als Niacinamid, Niacinamidascorbat) 50 mg; Vitamin B6 (als Pyridoxin-HCl, Pyridoxal-5&#8242;-phosphat) 75 mg; Folat (als L-5-Methyltetrahydrofolat-Calciumsalz) 680 mcg DFE; Vitamin B12 (als Methylcobalamin) 300 mcg; Biotin 300 mcg; Pantothens\u00e4ure (als D-Calciumpantothenat) 50 mg; Iod (als Kaliumiodid) 150 mcg; Magnesium (als Magnesiumoxid) 100 mg; Zink (als Zinkcitrat, L-OptiZinc\u00ae Zink-Mono-L-methioninsulfat) 25 mg; Selen [als Natriumselenit, SelenoExcell\u00ae Selenhefe, Se-Methyl-L-Selenocystein] 200 mcg; Mangan (als Mangancitrat, -gluconat) 2 mg; Chrom [als Crominex\u00ae 3+, Chrom stabilisiert mit Capros\u00ae Amla (Phyllanthus emblica) Fruchtextrakt und PrimaVie\u00ae Shilajit] 200 mcg; Molybd\u00e4n (als Molybd\u00e4n-Aminos\u00e4urechelat) 100 mcg; Bor (als Bor-Aminos\u00e4urechelat) 3 mg; Cholin (als Cholinbitartrat) 20 mg; Inositol 50 mg; Alpha-Lipons\u00e4ure 25 mg; Nat\u00fcrliche gemischte Tocopherole (Gamma, Delta, Alpha, Beta) 20 mg; Bio-Quercetin Phytosom (liefert 5 mg Quercetin [aus japanischem Sophora-Konzentrat (Bl\u00fctenknospe)], Phosphatidylcholin-Komplex [aus Sonnenblume]) 15 mg; Ringelblumenextrakt (Tagetes erecta) (Bl\u00fcte) [std. auf 5 mg trans-Lutein, 155 mcg trans-Zeaxanthin] 11,12 mg; Apigenin 5 mg; Lycopin [aus LycoBeads\u00ae nat\u00fcrlichem Tomatenextrakt (Frucht)] 1 mg.<\/p>\n<p><strong>Weitere Zutaten:<\/strong> mikrokristalline Cellulose, Stearins\u00e4ure, Croscarmellose-Natrium, Dicalciumphosphat, modifizierte Lebensmittelst\u00e4rke, Maltodextrin, pflanzliches Stearat, Siliciumdioxid, w\u00e4ssrige Film\u00fcberzugsmasse (gereinigtes Wasser, Hydroxypropylmethylcellulose, Glycerin).<\/p>\n<\/p><\/div>\n<div class=\"chcg-dosage\">\n<h3>Verzehrempfehlung<\/h3>\n<p>T\u00e4glich zwei (2) Tabletten in aufgeteilten Dosen zu den Mahlzeiten einnehmen oder gem\u00e4ss Empfehlung einer Fachperson im Gesundheitsbereich.<\/p>\n<\/p><\/div>\n<div class=\"chcg-warnings\">\n<h3>Warnhinweise<\/h3>\n<p>Ausserhalb der Reichweite von Kindern aufbewahren. Die empfohlene Dosierung nicht \u00fcberschreiten. Nicht kaufen, wenn die \u00e4ussere Schutzversiegelung besch\u00e4digt oder gebrochen ist. Personen, die mehr als 50 mcg (2&#8217;000 IU) Vitamin D t\u00e4glich aus Ern\u00e4hrung und Nahrungserg\u00e4nzungsmitteln zusammen aufnehmen, sollten regelm\u00e4ssig ihren Serum-25-Hydroxy-Vitamin-D-Spiegel messen lassen. Eine Vitamin-D-Supplementierung wird f\u00fcr Personen mit erh\u00f6htem Blutkalziumspiegel nicht empfohlen. Bei der Einnahme von Nahrungserg\u00e4nzungsmitteln wird empfohlen, einen Arzt zu konsultieren, wenn eine medizinische Behandlung erfolgt oder wenn Schwangerschaft oder Stillzeit vorliegt. Um ein schwerwiegendes unerw\u00fcnschtes Ereignis zu melden oder Produktinformationen zu erhalten, wenden Sie sich bitte an: 1-866-280-2852.<\/p>\n<\/p><\/div>\n<div class=\"chcg-allergens\">\n<h3>Allergeninformationen<\/h3>\n<p>Hinweis: \u00c4ltere Produktunterlagen weisen auf Soja als Inhaltsstoff hin; aktuelle Produktseiten beschreiben das Produkt als sojafreie Formel. Bitte \u00fcberpr\u00fcfen Sie die Angaben auf dem physischen Produktetikett f\u00fcr die aktuell g\u00fcltige Allergeninformation.<\/p>\n<\/p><\/div>\n<div class=\"chcg-storage\">\n<h3>Lagerung<\/h3>\n<p>Fest verschlossen an einem k\u00fchlen, trockenen Ort aufbewahren. Versiegelt zu Ihrem Schutz. Nicht verwenden, wenn die Versiegelung gebrochen ist.<\/p>\n<\/p><\/div>\n<div class=\"chcg-dietary\">\n<h3>Ern\u00e4hrungshinweise<\/h3>\n<ul>\n<li>Vegetarisch<\/li>\n<li>Glutenfrei<\/li>\n<li>Laktosefrei<\/li>\n<\/ul><\/div>\n<\/div>\n","protected":false},"excerpt":{"rendered":"<p>Two-Per-Day von Life Extension liefert pro Portion (2 Tabletten) eine breite Palette an Vitaminen, Mineralstoffen und pflanzlichen Wirkstoffen. Das glutenfreie, vegetarische Multivitamin-Pr\u00e4parat ist auf 60 Portionen ausgelegt \u2013 120 Tabletten pro Packung.<\/p>\n","protected":false},"featured_media":3033,"comment_status":"closed","ping_status":"open","template":"","meta":[],"product_brand":[202],"product_cat":[27,48,26,171,21],"product_tag":[],"class_list":{"0":"post-3032","1":"product","2":"type-product","3":"status-publish","4":"has-post-thumbnail","6":"product_brand-life-extension","7":"product_cat-einige-vitamine","8":"product_cat-gesunde-ernaehrung","9":"product_cat-multivitamine","10":"product_cat-vitamine-und-mineralien","11":"product_cat-vitamine-und-mineralstoffe","13":"first","14":"outofstock","15":"taxable","16":"shipping-taxable","17":"purchasable","18":"product-type-simple"},"yoast_head":"<!-- This site is optimized with the Yoast SEO plugin v27.5 - https:\/\/yoast.com\/product\/yoast-seo-wordpress\/ -->\n<title>Two-Per-Day Tabletten \u2013 Life Extension | ecosupplements.ch<\/title>\n<meta name=\"description\" content=\"Umfassendes Multivitamin mit \u00fcber 25 N\u00e4hrstoffen und Pflanzenstoffen \u2013 2 Tabletten t\u00e4glich, 120 Tabletten pro Packung, glutenfrei. Jetzt bestellen.\" \/>\n<meta name=\"robots\" content=\"index, follow, max-snippet:-1, max-image-preview:large, max-video-preview:-1\" \/>\n<link rel=\"canonical\" href=\"https:\/\/ecosupplements.ch\/?product=two-per-day-tablets-120-tabs\" \/>\n<meta property=\"og:locale\" content=\"de_DE\" \/>\n<meta property=\"og:type\" content=\"article\" \/>\n<meta property=\"og:title\" content=\"Two-Per-Day Tabletten \u2013 Life Extension | ecosupplements.ch\" \/>\n<meta property=\"og:description\" content=\"Umfassendes Multivitamin mit \u00fcber 25 N\u00e4hrstoffen und Pflanzenstoffen \u2013 2 Tabletten t\u00e4glich, 120 Tabletten pro Packung, glutenfrei. Jetzt bestellen.\" \/>\n<meta property=\"og:url\" content=\"https:\/\/ecosupplements.ch\/?product=two-per-day-tablets-120-tabs\" \/>\n<meta property=\"og:site_name\" content=\"Eco Supplements\" \/>\n<meta property=\"article:modified_time\" content=\"2026-05-13T07:22:47+00:00\" \/>\n<meta property=\"og:image\" content=\"https:\/\/ecosupplements.ch\/wp-content\/uploads\/2026\/05\/Two-Per-Day-Tablets-120-tabs.webp\" \/>\n\t<meta property=\"og:image:width\" content=\"1000\" \/>\n\t<meta property=\"og:image:height\" content=\"1000\" \/>\n\t<meta property=\"og:image:type\" content=\"image\/jpeg\" \/>\n<meta name=\"twitter:card\" content=\"summary_large_image\" \/>\n<meta name=\"twitter:label1\" content=\"Price\" \/>\n\t<meta name=\"twitter:data1\" content=\"&#067;&#072;&#070;&nbsp;32.77\" \/>\n\t<meta name=\"twitter:label2\" content=\"Availability\" \/>\n\t<meta name=\"twitter:data2\" content=\"Out of stock\" \/>\n<script type=\"application\/ld+json\" class=\"yoast-schema-graph\">{\"@context\":\"https:\\\/\\\/schema.org\",\"@graph\":[{\"@type\":\"WebPage\",\"@id\":\"https:\\\/\\\/ecosupplements.ch\\\/?product=two-per-day-tablets-120-tabs\",\"url\":\"https:\\\/\\\/ecosupplements.ch\\\/?product=two-per-day-tablets-120-tabs\",\"name\":\"Two-Per-Day Tabletten \u2013 Life Extension | ecosupplements.ch\",\"isPartOf\":{\"@id\":\"https:\\\/\\\/ecosupplements.ch\\\/#website\"},\"primaryImageOfPage\":{\"@id\":\"https:\\\/\\\/ecosupplements.ch\\\/?product=two-per-day-tablets-120-tabs#primaryimage\"},\"image\":{\"@id\":\"https:\\\/\\\/ecosupplements.ch\\\/?product=two-per-day-tablets-120-tabs#primaryimage\"},\"thumbnailUrl\":\"https:\\\/\\\/ecosupplements.ch\\\/wp-content\\\/uploads\\\/2026\\\/05\\\/Two-Per-Day-Tablets-120-tabs.webp\",\"datePublished\":\"2026-05-11T14:42:14+00:00\",\"dateModified\":\"2026-05-13T07:22:47+00:00\",\"description\":\"Umfassendes Multivitamin mit \u00fcber 25 N\u00e4hrstoffen und Pflanzenstoffen \u2013 2 Tabletten t\u00e4glich, 120 Tabletten pro Packung, glutenfrei. Jetzt bestellen.\",\"breadcrumb\":{\"@id\":\"https:\\\/\\\/ecosupplements.ch\\\/?product=two-per-day-tablets-120-tabs#breadcrumb\"},\"inLanguage\":\"de-CH\",\"potentialAction\":[{\"@type\":\"ReadAction\",\"target\":[\"https:\\\/\\\/ecosupplements.ch\\\/?product=two-per-day-tablets-120-tabs\"]}]},{\"@type\":\"ImageObject\",\"inLanguage\":\"de-CH\",\"@id\":\"https:\\\/\\\/ecosupplements.ch\\\/?product=two-per-day-tablets-120-tabs#primaryimage\",\"url\":\"https:\\\/\\\/ecosupplements.ch\\\/wp-content\\\/uploads\\\/2026\\\/05\\\/Two-Per-Day-Tablets-120-tabs.webp\",\"contentUrl\":\"https:\\\/\\\/ecosupplements.ch\\\/wp-content\\\/uploads\\\/2026\\\/05\\\/Two-Per-Day-Tablets-120-tabs.webp\",\"width\":1000,\"height\":1000,\"caption\":\"Two-Per-Day\"},{\"@type\":\"BreadcrumbList\",\"@id\":\"https:\\\/\\\/ecosupplements.ch\\\/?product=two-per-day-tablets-120-tabs#breadcrumb\",\"itemListElement\":[{\"@type\":\"ListItem\",\"position\":1,\"name\":\"Home\",\"item\":\"https:\\\/\\\/ecosupplements.ch\\\/\"},{\"@type\":\"ListItem\",\"position\":2,\"name\":\"Shop\",\"item\":\"https:\\\/\\\/ecosupplements.ch\\\/?page_id=14\"},{\"@type\":\"ListItem\",\"position\":3,\"name\":\"Two-Per-Day, Tablets &#8211; 120 tabs\"}]},{\"@type\":\"WebSite\",\"@id\":\"https:\\\/\\\/ecosupplements.ch\\\/#website\",\"url\":\"https:\\\/\\\/ecosupplements.ch\\\/\",\"name\":\"Eco Supplements\",\"description\":\"\",\"potentialAction\":[{\"@type\":\"SearchAction\",\"target\":{\"@type\":\"EntryPoint\",\"urlTemplate\":\"https:\\\/\\\/ecosupplements.ch\\\/?s={search_term_string}\"},\"query-input\":{\"@type\":\"PropertyValueSpecification\",\"valueRequired\":true,\"valueName\":\"search_term_string\"}}],\"inLanguage\":\"de-CH\"}]}<\/script>\n<meta property=\"product:price:amount\" content=\"32.77\" \/>\n<meta property=\"product:price:currency\" content=\"CHF\" \/>\n<meta property=\"og:availability\" content=\"out of stock\" \/>\n<meta property=\"product:availability\" content=\"out of stock\" \/>\n<meta property=\"product:retailer_item_id\" content=\"737870231516\" \/>\n<meta property=\"product:condition\" content=\"new\" \/>\n<!-- \/ Yoast SEO plugin. -->","yoast_head_json":{"title":"Two-Per-Day Tabletten \u2013 Life Extension | ecosupplements.ch","description":"Umfassendes Multivitamin mit \u00fcber 25 N\u00e4hrstoffen und Pflanzenstoffen \u2013 2 Tabletten t\u00e4glich, 120 Tabletten pro Packung, glutenfrei. Jetzt bestellen.","robots":{"index":"index","follow":"follow","max-snippet":"max-snippet:-1","max-image-preview":"max-image-preview:large","max-video-preview":"max-video-preview:-1"},"canonical":"https:\/\/ecosupplements.ch\/?product=two-per-day-tablets-120-tabs","og_locale":"de_DE","og_type":"article","og_title":"Two-Per-Day Tabletten \u2013 Life Extension | ecosupplements.ch","og_description":"Umfassendes Multivitamin mit \u00fcber 25 N\u00e4hrstoffen und Pflanzenstoffen \u2013 2 Tabletten t\u00e4glich, 120 Tabletten pro Packung, glutenfrei. Jetzt bestellen.","og_url":"https:\/\/ecosupplements.ch\/?product=two-per-day-tablets-120-tabs","og_site_name":"Eco Supplements","article_modified_time":"2026-05-13T07:22:47+00:00","og_image":[{"width":1000,"height":1000,"url":"https:\/\/ecosupplements.ch\/wp-content\/uploads\/2026\/05\/Two-Per-Day-Tablets-120-tabs.webp","type":"image\/jpeg"}],"twitter_card":"summary_large_image","twitter_misc":{"Price":"&#67;&#72;&#70;&nbsp;32.77","Availability":"Out of stock"},"schema":{"@context":"https:\/\/schema.org","@graph":[{"@type":"WebPage","@id":"https:\/\/ecosupplements.ch\/?product=two-per-day-tablets-120-tabs","url":"https:\/\/ecosupplements.ch\/?product=two-per-day-tablets-120-tabs","name":"Two-Per-Day Tabletten \u2013 Life Extension | ecosupplements.ch","isPartOf":{"@id":"https:\/\/ecosupplements.ch\/#website"},"primaryImageOfPage":{"@id":"https:\/\/ecosupplements.ch\/?product=two-per-day-tablets-120-tabs#primaryimage"},"image":{"@id":"https:\/\/ecosupplements.ch\/?product=two-per-day-tablets-120-tabs#primaryimage"},"thumbnailUrl":"https:\/\/ecosupplements.ch\/wp-content\/uploads\/2026\/05\/Two-Per-Day-Tablets-120-tabs.webp","datePublished":"2026-05-11T14:42:14+00:00","dateModified":"2026-05-13T07:22:47+00:00","description":"Umfassendes Multivitamin mit \u00fcber 25 N\u00e4hrstoffen und Pflanzenstoffen \u2013 2 Tabletten t\u00e4glich, 120 Tabletten pro Packung, glutenfrei. Jetzt bestellen.","breadcrumb":{"@id":"https:\/\/ecosupplements.ch\/?product=two-per-day-tablets-120-tabs#breadcrumb"},"inLanguage":"de-CH","potentialAction":[{"@type":"ReadAction","target":["https:\/\/ecosupplements.ch\/?product=two-per-day-tablets-120-tabs"]}]},{"@type":"ImageObject","inLanguage":"de-CH","@id":"https:\/\/ecosupplements.ch\/?product=two-per-day-tablets-120-tabs#primaryimage","url":"https:\/\/ecosupplements.ch\/wp-content\/uploads\/2026\/05\/Two-Per-Day-Tablets-120-tabs.webp","contentUrl":"https:\/\/ecosupplements.ch\/wp-content\/uploads\/2026\/05\/Two-Per-Day-Tablets-120-tabs.webp","width":1000,"height":1000,"caption":"Two-Per-Day"},{"@type":"BreadcrumbList","@id":"https:\/\/ecosupplements.ch\/?product=two-per-day-tablets-120-tabs#breadcrumb","itemListElement":[{"@type":"ListItem","position":1,"name":"Home","item":"https:\/\/ecosupplements.ch\/"},{"@type":"ListItem","position":2,"name":"Shop","item":"https:\/\/ecosupplements.ch\/?page_id=14"},{"@type":"ListItem","position":3,"name":"Two-Per-Day, Tablets &#8211; 120 tabs"}]},{"@type":"WebSite","@id":"https:\/\/ecosupplements.ch\/#website","url":"https:\/\/ecosupplements.ch\/","name":"Eco Supplements","description":"","potentialAction":[{"@type":"SearchAction","target":{"@type":"EntryPoint","urlTemplate":"https:\/\/ecosupplements.ch\/?s={search_term_string}"},"query-input":{"@type":"PropertyValueSpecification","valueRequired":true,"valueName":"search_term_string"}}],"inLanguage":"de-CH"}]},"product_price_amount":"32.77","product_price_currency":"CHF","og_availability":"out of stock","product_availability":"out of stock","product_retailer_item_id":"737870231516","product_condition":"new"},"_links":{"self":[{"href":"https:\/\/ecosupplements.ch\/index.php?rest_route=\/wp\/v2\/product\/3032","targetHints":{"allow":["GET"]}}],"collection":[{"href":"https:\/\/ecosupplements.ch\/index.php?rest_route=\/wp\/v2\/product"}],"about":[{"href":"https:\/\/ecosupplements.ch\/index.php?rest_route=\/wp\/v2\/types\/product"}],"replies":[{"embeddable":true,"href":"https:\/\/ecosupplements.ch\/index.php?rest_route=%2Fwp%2Fv2%2Fcomments&post=3032"}],"wp:featuredmedia":[{"embeddable":true,"href":"https:\/\/ecosupplements.ch\/index.php?rest_route=\/wp\/v2\/media\/3033"}],"wp:attachment":[{"href":"https:\/\/ecosupplements.ch\/index.php?rest_route=%2Fwp%2Fv2%2Fmedia&parent=3032"}],"wp:term":[{"taxonomy":"product_brand","embeddable":true,"href":"https:\/\/ecosupplements.ch\/index.php?rest_route=%2Fwp%2Fv2%2Fproduct_brand&post=3032"},{"taxonomy":"product_cat","embeddable":true,"href":"https:\/\/ecosupplements.ch\/index.php?rest_route=%2Fwp%2Fv2%2Fproduct_cat&post=3032"},{"taxonomy":"product_tag","embeddable":true,"href":"https:\/\/ecosupplements.ch\/index.php?rest_route=%2Fwp%2Fv2%2Fproduct_tag&post=3032"}],"curies":[{"name":"wp","href":"https:\/\/api.w.org\/{rel}","templated":true}]}}