{"id":3041,"date":"2026-05-11T14:42:19","date_gmt":"2026-05-11T14:42:19","guid":{"rendered":"https:\/\/ecosupplements.ch\/?product=better-stevia-liquid-french-vanilla-59-ml"},"modified":"2026-05-13T07:22:37","modified_gmt":"2026-05-13T07:22:37","slug":"better-stevia-liquid-french-vanilla-59-ml","status":"publish","type":"product","link":"https:\/\/ecosupplements.ch\/?product=better-stevia-liquid-french-vanilla-59-ml","title":{"rendered":"Better Stevia Liquid, French Vanilla &#8211; 59 ml."},"content":{"rendered":"<div class=\"chcg-product-description\">\n<h2 class=\"chcg-heading\">\u00dcber NOW Foods \u2013 Better Stevia Liquid, French Vanilla \u2013 59 ml<\/h2>\n<div class=\"chcg-intro\">\n<p>Better Stevia Liquid von NOW Foods ist ein fl\u00fcssiger S\u00fcssstoff auf Basis von zertifiziertem Bio-Stevia-Blattextrakt \u2013 ohne Kalorien, ohne Zucker und ohne k\u00fcnstliche Zusatzstoffe. Die praktische Tropfenflasche erm\u00f6glicht eine pr\u00e4zise Dosierung, sodass Sie Getr\u00e4nke und Speisen ganz nach Ihrem Geschmack s\u00fcssen k\u00f6nnen.<\/p>\n<p>Die Variante French Vanilla vereint die nat\u00fcrliche S\u00fcsse von Stevia mit einem angenehmen Vanillearoma und eignet sich hervorragend zum Verfeinern von Kaffee, Tee, Smoothies, Joghurt oder Backwaren. Da BetterStevia besonders ergiebig ist, reichen bereits wenige Tropfen aus.<\/p>\n<p>NOW Foods steht seit Jahrzehnten f\u00fcr hochwertige Nahrungserg\u00e4nzungsmittel und nat\u00fcrliche Produkte, die nach strengen GMP-Standards (Good Manufacturing Practice) hergestellt werden. Better Stevia Liquid ist vegan, glutenfrei und laktosefrei \u2013 eine vielseitige Wahl f\u00fcr einen bewussten Lebensstil.<\/p>\n<\/p><\/div>\n<div class=\"chcg-nutrition\">\n<h3>N\u00e4hrwertangaben<\/h3>\n<table class=\"chcg-nutrition-table\">\n<thead>\n<tr>\n<th>N\u00e4hrstoff<\/th>\n<th>Pro Portion (4 Tropfen \/ 0,12 ml)<\/th>\n<\/tr>\n<\/thead>\n<tbody>\n<tr>\n<td>Kalorien<\/td>\n<td>0<\/td>\n<\/tr>\n<tr>\n<td>Gesamtfett<\/td>\n<td>0 g (0 %)<\/td>\n<\/tr>\n<tr>\n<td>Natrium<\/td>\n<td>0 mg (0 %)<\/td>\n<\/tr>\n<tr>\n<td>Gesamtkohlenhydrate<\/td>\n<td>0 g (0 %)<\/td>\n<\/tr>\n<tr>\n<td>\u2013 davon Zucker<\/td>\n<td>0 g<\/td>\n<\/tr>\n<tr>\n<td>\u2013 davon zugesetzter Zucker<\/td>\n<td>0 g (0 %)<\/td>\n<\/tr>\n<tr>\n<td>Protein<\/td>\n<td>0 g<\/td>\n<\/tr>\n<\/tbody>\n<\/table>\n<p class=\"chcg-footnote\">Kein bedeutsamer Gehalt an ges\u00e4ttigten Fetts\u00e4uren, Transfetts\u00e4uren, Cholesterin, Nahrungsfasern, Vitamin D, Calcium, Eisen und Kalium. Portionen pro Beh\u00e4lter: ca. 492.<\/p>\n<\/p><\/div>\n<div class=\"chcg-ingredients\">\n<h3>Zutaten<\/h3>\n<p>Pflanzliches Glycerin, zertifizierter Bio-Stevia-Blattextrakt, nat\u00fcrliches French-Vanilla-Aroma (in einer Alkoholbasis). Enth\u00e4lt 12 % Alkohol.<\/p>\n<\/p><\/div>\n<div class=\"chcg-dosage\">\n<h3>Verzehrempfehlung<\/h3>\n<p>Verwenden Sie das Produkt, um Ihre Lieblingsgetr\u00e4nke und Speisen auf nat\u00fcrliche Weise zu s\u00fcssen. Nach Geschmack 1 bis 4 Tropfen verwenden. Denken Sie daran: Wenig BetterStevia reicht weit. Es kann zu Sedimentation kommen. Vor der Verwendung gut sch\u00fctteln.<\/p>\n<\/p><\/div>\n<div class=\"chcg-warnings\">\n<h3>Warnhinweise<\/h3>\n<p>Enth\u00e4lt 12 % Alkohol. Ausserhalb der Reichweite von Kindern aufbewahren.<\/p>\n<\/p><\/div>\n<div class=\"chcg-allergens\">\n<h3>Allergeninformationen<\/h3>\n<p>Nicht hergestellt mit Weizen, Gluten, Soja, Milch, Ei, Fisch oder Schalentieren. Produziert in einer GMP-zertifizierten Anlage, die auch andere Zutaten verarbeitet, die diese Allergene enthalten.<\/p>\n<\/p><\/div>\n<div class=\"chcg-storage\">\n<h3>Lagerung<\/h3>\n<p>Nach dem \u00d6ffnen an einem k\u00fchlen, trockenen Ort aufbewahren.<\/p>\n<\/p><\/div>\n<div class=\"chcg-dietary\">\n<h3>Ern\u00e4hrungshinweise<\/h3>\n<ul>\n<li>Vegan<\/li>\n<li>Vegetarisch<\/li>\n<li>Glutenfrei<\/li>\n<li>Laktosefrei<\/li>\n<\/ul><\/div>\n<\/div>\n","protected":false},"excerpt":{"rendered":"<p>Better Stevia Liquid French Vanilla von NOW Foods ist ein kalorienfreier, fl\u00fcssiger Bio-S\u00fcssstoff mit feinem Vanillearoma \u2013 ideal f\u00fcr Getr\u00e4nke und Speisen. 1 bis 4 Tropfen pro Portion, 59 ml Inhalt. Vegan und glutenfrei.<\/p>\n","protected":false},"featured_media":3042,"comment_status":"closed","ping_status":"open","template":"","meta":[],"product_brand":[454],"product_cat":[48,133,67,22,21],"product_tag":[],"class_list":{"0":"post-3041","1":"product","2":"type-product","3":"status-publish","4":"has-post-thumbnail","6":"product_brand-nownow-foods","7":"product_cat-gesunde-ernaehrung","8":"product_cat-gesunde-lebensmittel","9":"product_cat-suessstoff","10":"product_cat-vegane-produkte","11":"product_cat-vitamine-und-mineralstoffe","13":"first","14":"outofstock","15":"taxable","16":"shipping-taxable","17":"purchasable","18":"product-type-simple"},"yoast_head":"<!-- This site is optimized with the Yoast SEO plugin v27.5 - https:\/\/yoast.com\/product\/yoast-seo-wordpress\/ -->\n<title>Better Stevia Liquid French Vanilla \u2013 NOW Foods | ecosupplements.ch<\/title>\n<meta name=\"description\" content=\"Kalorienfreier Bio-Stevia-S\u00fcssstoff mit French-Vanilla-Aroma in der praktischen 59-ml-Tropfflasche \u2013 vegan und glutenfrei. Jetzt bestellen.\" \/>\n<meta name=\"robots\" content=\"index, follow, max-snippet:-1, max-image-preview:large, max-video-preview:-1\" \/>\n<link rel=\"canonical\" href=\"https:\/\/ecosupplements.ch\/?product=better-stevia-liquid-french-vanilla-59-ml\" \/>\n<meta property=\"og:locale\" content=\"de_DE\" \/>\n<meta property=\"og:type\" content=\"article\" \/>\n<meta property=\"og:title\" content=\"Better Stevia Liquid French Vanilla \u2013 NOW Foods | ecosupplements.ch\" \/>\n<meta property=\"og:description\" content=\"Kalorienfreier Bio-Stevia-S\u00fcssstoff mit French-Vanilla-Aroma in der praktischen 59-ml-Tropfflasche \u2013 vegan und glutenfrei. Jetzt bestellen.\" \/>\n<meta property=\"og:url\" content=\"https:\/\/ecosupplements.ch\/?product=better-stevia-liquid-french-vanilla-59-ml\" \/>\n<meta property=\"og:site_name\" content=\"Eco Supplements\" \/>\n<meta property=\"article:modified_time\" content=\"2026-05-13T07:22:37+00:00\" \/>\n<meta property=\"og:image\" content=\"https:\/\/ecosupplements.ch\/wp-content\/uploads\/2026\/05\/Better-Stevia-Liquid-French-Vanilla-59-ml.webp\" \/>\n\t<meta property=\"og:image:width\" content=\"1000\" \/>\n\t<meta property=\"og:image:height\" content=\"1000\" \/>\n\t<meta property=\"og:image:type\" content=\"image\/jpeg\" \/>\n<meta name=\"twitter:card\" content=\"summary_large_image\" \/>\n<meta name=\"twitter:label1\" content=\"Price\" \/>\n\t<meta name=\"twitter:data1\" content=\"&#067;&#072;&#070;&nbsp;14.51\" \/>\n\t<meta name=\"twitter:label2\" content=\"Availability\" \/>\n\t<meta name=\"twitter:data2\" content=\"Out of stock\" \/>\n<script type=\"application\/ld+json\" class=\"yoast-schema-graph\">{\"@context\":\"https:\\\/\\\/schema.org\",\"@graph\":[{\"@type\":\"WebPage\",\"@id\":\"https:\\\/\\\/ecosupplements.ch\\\/?product=better-stevia-liquid-french-vanilla-59-ml\",\"url\":\"https:\\\/\\\/ecosupplements.ch\\\/?product=better-stevia-liquid-french-vanilla-59-ml\",\"name\":\"Better Stevia Liquid French Vanilla \u2013 NOW Foods | ecosupplements.ch\",\"isPartOf\":{\"@id\":\"https:\\\/\\\/ecosupplements.ch\\\/#website\"},\"primaryImageOfPage\":{\"@id\":\"https:\\\/\\\/ecosupplements.ch\\\/?product=better-stevia-liquid-french-vanilla-59-ml#primaryimage\"},\"image\":{\"@id\":\"https:\\\/\\\/ecosupplements.ch\\\/?product=better-stevia-liquid-french-vanilla-59-ml#primaryimage\"},\"thumbnailUrl\":\"https:\\\/\\\/ecosupplements.ch\\\/wp-content\\\/uploads\\\/2026\\\/05\\\/Better-Stevia-Liquid-French-Vanilla-59-ml.webp\",\"datePublished\":\"2026-05-11T14:42:19+00:00\",\"dateModified\":\"2026-05-13T07:22:37+00:00\",\"description\":\"Kalorienfreier Bio-Stevia-S\u00fcssstoff mit French-Vanilla-Aroma in der praktischen 59-ml-Tropfflasche \u2013 vegan und glutenfrei. Jetzt bestellen.\",\"breadcrumb\":{\"@id\":\"https:\\\/\\\/ecosupplements.ch\\\/?product=better-stevia-liquid-french-vanilla-59-ml#breadcrumb\"},\"inLanguage\":\"de-CH\",\"potentialAction\":[{\"@type\":\"ReadAction\",\"target\":[\"https:\\\/\\\/ecosupplements.ch\\\/?product=better-stevia-liquid-french-vanilla-59-ml\"]}]},{\"@type\":\"ImageObject\",\"inLanguage\":\"de-CH\",\"@id\":\"https:\\\/\\\/ecosupplements.ch\\\/?product=better-stevia-liquid-french-vanilla-59-ml#primaryimage\",\"url\":\"https:\\\/\\\/ecosupplements.ch\\\/wp-content\\\/uploads\\\/2026\\\/05\\\/Better-Stevia-Liquid-French-Vanilla-59-ml.webp\",\"contentUrl\":\"https:\\\/\\\/ecosupplements.ch\\\/wp-content\\\/uploads\\\/2026\\\/05\\\/Better-Stevia-Liquid-French-Vanilla-59-ml.webp\",\"width\":1000,\"height\":1000,\"caption\":\"Better Stevia Liquid\"},{\"@type\":\"BreadcrumbList\",\"@id\":\"https:\\\/\\\/ecosupplements.ch\\\/?product=better-stevia-liquid-french-vanilla-59-ml#breadcrumb\",\"itemListElement\":[{\"@type\":\"ListItem\",\"position\":1,\"name\":\"Home\",\"item\":\"https:\\\/\\\/ecosupplements.ch\\\/\"},{\"@type\":\"ListItem\",\"position\":2,\"name\":\"Shop\",\"item\":\"https:\\\/\\\/ecosupplements.ch\\\/?page_id=14\"},{\"@type\":\"ListItem\",\"position\":3,\"name\":\"Better Stevia Liquid, French Vanilla &#8211; 59 ml.\"}]},{\"@type\":\"WebSite\",\"@id\":\"https:\\\/\\\/ecosupplements.ch\\\/#website\",\"url\":\"https:\\\/\\\/ecosupplements.ch\\\/\",\"name\":\"Eco Supplements\",\"description\":\"\",\"potentialAction\":[{\"@type\":\"SearchAction\",\"target\":{\"@type\":\"EntryPoint\",\"urlTemplate\":\"https:\\\/\\\/ecosupplements.ch\\\/?s={search_term_string}\"},\"query-input\":{\"@type\":\"PropertyValueSpecification\",\"valueRequired\":true,\"valueName\":\"search_term_string\"}}],\"inLanguage\":\"de-CH\"}]}<\/script>\n<meta property=\"product:price:amount\" content=\"14.51\" \/>\n<meta property=\"product:price:currency\" content=\"CHF\" \/>\n<meta property=\"og:availability\" content=\"out of stock\" \/>\n<meta property=\"product:availability\" content=\"out of stock\" \/>\n<meta property=\"product:retailer_item_id\" content=\"733739069795\" \/>\n<meta property=\"product:condition\" content=\"new\" \/>\n<!-- \/ Yoast SEO plugin. -->","yoast_head_json":{"title":"Better Stevia Liquid French Vanilla \u2013 NOW Foods | ecosupplements.ch","description":"Kalorienfreier Bio-Stevia-S\u00fcssstoff mit French-Vanilla-Aroma in der praktischen 59-ml-Tropfflasche \u2013 vegan und glutenfrei. Jetzt bestellen.","robots":{"index":"index","follow":"follow","max-snippet":"max-snippet:-1","max-image-preview":"max-image-preview:large","max-video-preview":"max-video-preview:-1"},"canonical":"https:\/\/ecosupplements.ch\/?product=better-stevia-liquid-french-vanilla-59-ml","og_locale":"de_DE","og_type":"article","og_title":"Better Stevia Liquid French Vanilla \u2013 NOW Foods | ecosupplements.ch","og_description":"Kalorienfreier Bio-Stevia-S\u00fcssstoff mit French-Vanilla-Aroma in der praktischen 59-ml-Tropfflasche \u2013 vegan und glutenfrei. Jetzt bestellen.","og_url":"https:\/\/ecosupplements.ch\/?product=better-stevia-liquid-french-vanilla-59-ml","og_site_name":"Eco Supplements","article_modified_time":"2026-05-13T07:22:37+00:00","og_image":[{"width":1000,"height":1000,"url":"https:\/\/ecosupplements.ch\/wp-content\/uploads\/2026\/05\/Better-Stevia-Liquid-French-Vanilla-59-ml.webp","type":"image\/jpeg"}],"twitter_card":"summary_large_image","twitter_misc":{"Price":"&#67;&#72;&#70;&nbsp;14.51","Availability":"Out of stock"},"schema":{"@context":"https:\/\/schema.org","@graph":[{"@type":"WebPage","@id":"https:\/\/ecosupplements.ch\/?product=better-stevia-liquid-french-vanilla-59-ml","url":"https:\/\/ecosupplements.ch\/?product=better-stevia-liquid-french-vanilla-59-ml","name":"Better Stevia Liquid French Vanilla \u2013 NOW Foods | ecosupplements.ch","isPartOf":{"@id":"https:\/\/ecosupplements.ch\/#website"},"primaryImageOfPage":{"@id":"https:\/\/ecosupplements.ch\/?product=better-stevia-liquid-french-vanilla-59-ml#primaryimage"},"image":{"@id":"https:\/\/ecosupplements.ch\/?product=better-stevia-liquid-french-vanilla-59-ml#primaryimage"},"thumbnailUrl":"https:\/\/ecosupplements.ch\/wp-content\/uploads\/2026\/05\/Better-Stevia-Liquid-French-Vanilla-59-ml.webp","datePublished":"2026-05-11T14:42:19+00:00","dateModified":"2026-05-13T07:22:37+00:00","description":"Kalorienfreier Bio-Stevia-S\u00fcssstoff mit French-Vanilla-Aroma in der praktischen 59-ml-Tropfflasche \u2013 vegan und glutenfrei. Jetzt bestellen.","breadcrumb":{"@id":"https:\/\/ecosupplements.ch\/?product=better-stevia-liquid-french-vanilla-59-ml#breadcrumb"},"inLanguage":"de-CH","potentialAction":[{"@type":"ReadAction","target":["https:\/\/ecosupplements.ch\/?product=better-stevia-liquid-french-vanilla-59-ml"]}]},{"@type":"ImageObject","inLanguage":"de-CH","@id":"https:\/\/ecosupplements.ch\/?product=better-stevia-liquid-french-vanilla-59-ml#primaryimage","url":"https:\/\/ecosupplements.ch\/wp-content\/uploads\/2026\/05\/Better-Stevia-Liquid-French-Vanilla-59-ml.webp","contentUrl":"https:\/\/ecosupplements.ch\/wp-content\/uploads\/2026\/05\/Better-Stevia-Liquid-French-Vanilla-59-ml.webp","width":1000,"height":1000,"caption":"Better Stevia Liquid"},{"@type":"BreadcrumbList","@id":"https:\/\/ecosupplements.ch\/?product=better-stevia-liquid-french-vanilla-59-ml#breadcrumb","itemListElement":[{"@type":"ListItem","position":1,"name":"Home","item":"https:\/\/ecosupplements.ch\/"},{"@type":"ListItem","position":2,"name":"Shop","item":"https:\/\/ecosupplements.ch\/?page_id=14"},{"@type":"ListItem","position":3,"name":"Better Stevia Liquid, French Vanilla &#8211; 59 ml."}]},{"@type":"WebSite","@id":"https:\/\/ecosupplements.ch\/#website","url":"https:\/\/ecosupplements.ch\/","name":"Eco Supplements","description":"","potentialAction":[{"@type":"SearchAction","target":{"@type":"EntryPoint","urlTemplate":"https:\/\/ecosupplements.ch\/?s={search_term_string}"},"query-input":{"@type":"PropertyValueSpecification","valueRequired":true,"valueName":"search_term_string"}}],"inLanguage":"de-CH"}]},"product_price_amount":"14.51","product_price_currency":"CHF","og_availability":"out of stock","product_availability":"out of stock","product_retailer_item_id":"733739069795","product_condition":"new"},"_links":{"self":[{"href":"https:\/\/ecosupplements.ch\/index.php?rest_route=\/wp\/v2\/product\/3041","targetHints":{"allow":["GET"]}}],"collection":[{"href":"https:\/\/ecosupplements.ch\/index.php?rest_route=\/wp\/v2\/product"}],"about":[{"href":"https:\/\/ecosupplements.ch\/index.php?rest_route=\/wp\/v2\/types\/product"}],"replies":[{"embeddable":true,"href":"https:\/\/ecosupplements.ch\/index.php?rest_route=%2Fwp%2Fv2%2Fcomments&post=3041"}],"wp:featuredmedia":[{"embeddable":true,"href":"https:\/\/ecosupplements.ch\/index.php?rest_route=\/wp\/v2\/media\/3042"}],"wp:attachment":[{"href":"https:\/\/ecosupplements.ch\/index.php?rest_route=%2Fwp%2Fv2%2Fmedia&parent=3041"}],"wp:term":[{"taxonomy":"product_brand","embeddable":true,"href":"https:\/\/ecosupplements.ch\/index.php?rest_route=%2Fwp%2Fv2%2Fproduct_brand&post=3041"},{"taxonomy":"product_cat","embeddable":true,"href":"https:\/\/ecosupplements.ch\/index.php?rest_route=%2Fwp%2Fv2%2Fproduct_cat&post=3041"},{"taxonomy":"product_tag","embeddable":true,"href":"https:\/\/ecosupplements.ch\/index.php?rest_route=%2Fwp%2Fv2%2Fproduct_tag&post=3041"}],"curies":[{"name":"wp","href":"https:\/\/api.w.org\/{rel}","templated":true}]}}