{"id":3119,"date":"2026-05-11T14:42:57","date_gmt":"2026-05-11T14:42:57","guid":{"rendered":"https:\/\/ecosupplements.ch\/?product=cascara-sagrada-450-mg-capsules"},"modified":"2026-05-13T07:22:58","modified_gmt":"2026-05-13T07:22:58","slug":"cascara-sagrada-450-mg-capsules","status":"publish","type":"product","link":"https:\/\/ecosupplements.ch\/?product=cascara-sagrada-450-mg-capsules","title":{"rendered":"Cascara Sagrada 450 mg capsules"},"content":{"rendered":"<div class=\"chcg-product-description\">\n<h2 class=\"chcg-heading\">\u00dcber NOW Foods \u2013 Cascara Sagrada 450 mg Kapseln<\/h2>\n<div class=\"chcg-intro\">\n<p>Cascara Sagrada (<em>Rhamnus purshiana<\/em>) ist eine traditionelle Heilpflanze, deren Rinde seit Jahrhunderten in der Naturheilkunde gesch\u00e4tzt wird. NOW Foods bietet diesen Kr\u00e4uterextrakt in praktischer vegetarischer Kapselform mit 450 mg reiner Cascara-Sagrada-Rinde pro Portion an.<\/p>\n<p>Jede Kapsel enth\u00e4lt ausschliesslich die Rinde von <em>Rhamnus purshiana<\/em> ohne unn\u00f6tige Zusatzstoffe. Die vegane Kapselh\u00fclle aus Hypromellose macht dieses Produkt f\u00fcr eine breite Zielgruppe geeignet.<\/p>\n<p>NOW Foods steht f\u00fcr kompromisslose Qualit\u00e4t: Dieses Produkt wird in einer GMP-zertifizierten Anlage hergestellt und ist frei von Gluten, Soja, Milch sowie weiteren h\u00e4ufigen Allergenen.<\/p>\n<\/p><\/div>\n<div class=\"chcg-nutrition\">\n<h3>N\u00e4hrwertangaben<\/h3>\n<table class=\"chcg-nutrition-table\">\n<thead>\n<tr>\n<th>N\u00e4hrstoff<\/th>\n<th>Pro Portion (1 Kapsel)<\/th>\n<\/tr>\n<\/thead>\n<tbody>\n<tr>\n<td>Cascara Sagrada (<em>Rhamnus purshiana<\/em>) (Rinde)<\/td>\n<td>450 mg *<\/td>\n<\/tr>\n<\/tbody>\n<\/table>\n<p class=\"chcg-footnote\">* Kein etablierter Tagesbedarf vorhanden.<\/p>\n<\/p><\/div>\n<div class=\"chcg-ingredients\">\n<h3>Zutaten<\/h3>\n<p>Cascara Sagrada (<em>Rhamnus purshiana<\/em>) (Rinde) 450 mg. Weitere Zutaten: Hypromellose (Zellulose-Kapsel) und Stearins\u00e4ure (pflanzlicher Herkunft).<\/p>\n<p class=\"chcg-capsule-shell\">Kapselh\u00fclle: Hypromellose (Zellulose-Kapsel)<\/p>\n<\/p><\/div>\n<div class=\"chcg-dosage\">\n<h3>Verzehrempfehlung<\/h3>\n<p>1 Kapsel vor dem Schlafengehen mit einem vollen Glas Wasser einnehmen. Die empfohlene Tagesdosis nicht \u00fcberschreiten. Nur zur kurzfristigen Anwendung geeignet; nicht l\u00e4nger als 1 Woche ohne Unterbrechung einnehmen.<\/p>\n<\/p><\/div>\n<div class=\"chcg-warnings\">\n<h3>Warnhinweise<\/h3>\n<p>Dieses Produkt enth\u00e4lt Cascara Sagrada. Bitte lesen und befolgen Sie die Anweisungen sorgf\u00e4ltig. Nicht verwenden, wenn Sie an Durchfall, weichem Stuhlgang oder Bauchschmerzen leiden oder diese sich entwickeln, da Cascara Sagrada diese Beschwerden verschlimmern und Ihrer Gesundheit schaden kann. Konsultieren Sie Ihren Arzt, wenn Sie h\u00e4ufig unter Durchfall leiden oder wenn Sie schwanger sind, stillen, Medikamente einnehmen oder an einer Erkrankung leiden. Nur f\u00fcr Erwachsene geeignet. Ausserhalb der Reichweite von Kindern aufbewahren.<\/p>\n<\/p><\/div>\n<div class=\"chcg-allergens\">\n<h3>Allergeninformationen<\/h3>\n<p>Nicht hergestellt mit Hefe, Weizen, Gluten, Soja, Mais, Milch, Ei, Fisch, Schalentieren oder Baumnuss-Zutaten. Hergestellt in einer GMP-Anlage, die auch andere Zutaten verarbeitet, welche diese Allergene enthalten k\u00f6nnen.<\/p>\n<\/p><\/div>\n<div class=\"chcg-storage\">\n<h3>Lagerung<\/h3>\n<p>Nach dem \u00d6ffnen an einem k\u00fchlen, trockenen Ort lagern.<\/p>\n<\/p><\/div>\n<div class=\"chcg-dietary\">\n<h3>Ern\u00e4hrungshinweise<\/h3>\n<ul>\n<li>Vegan<\/li>\n<li>Vegetarisch<\/li>\n<li>Glutenfrei<\/li>\n<li>Laktosefrei<\/li>\n<\/ul><\/div>\n<\/div>\n","protected":false},"excerpt":{"rendered":"<p>Cascara Sagrada 450 mg von NOW Foods \u2013 traditioneller Kr\u00e4uterextrakt in veganen Kapseln zur kurzfristigen Anwendung. 100 Kapseln pro Packung, frei von Gluten und Laktose. Nur f\u00fcr Erwachsene geeignet.<\/p>\n","protected":false},"featured_media":3120,"comment_status":"closed","ping_status":"open","template":"","meta":[],"product_brand":[454],"product_cat":[48,25,22,21],"product_tag":[],"class_list":{"0":"post-3119","1":"product","2":"type-product","3":"status-publish","4":"has-post-thumbnail","6":"product_brand-nownow-foods","7":"product_cat-gesunde-ernaehrung","8":"product_cat-gesundheit-und-wohlbefinden","9":"product_cat-vegane-produkte","10":"product_cat-vitamine-und-mineralstoffe","12":"first","13":"outofstock","14":"taxable","15":"shipping-taxable","16":"purchasable","17":"product-type-simple"},"yoast_head":"<!-- This site is optimized with the Yoast SEO plugin v27.5 - https:\/\/yoast.com\/product\/yoast-seo-wordpress\/ -->\n<title>Cascara Sagrada 450 mg Kapseln \u2013 NOW Foods | ecosupplements.ch<\/title>\n<meta name=\"description\" content=\"Cascara Sagrada 450 mg von NOW Foods \u2013 vegane Kapseln mit reinem Rindenextrakt, glutenfrei, 100 St\u00fcck. Jetzt bestellen.\" \/>\n<meta name=\"robots\" content=\"index, follow, max-snippet:-1, max-image-preview:large, max-video-preview:-1\" \/>\n<link rel=\"canonical\" href=\"https:\/\/ecosupplements.ch\/?product=cascara-sagrada-450-mg-capsules\" \/>\n<meta property=\"og:locale\" content=\"de_DE\" \/>\n<meta property=\"og:type\" content=\"article\" \/>\n<meta property=\"og:title\" content=\"Cascara Sagrada 450 mg Kapseln \u2013 NOW Foods | ecosupplements.ch\" \/>\n<meta property=\"og:description\" content=\"Cascara Sagrada 450 mg von NOW Foods \u2013 vegane Kapseln mit reinem Rindenextrakt, glutenfrei, 100 St\u00fcck. Jetzt bestellen.\" \/>\n<meta property=\"og:url\" content=\"https:\/\/ecosupplements.ch\/?product=cascara-sagrada-450-mg-capsules\" \/>\n<meta property=\"og:site_name\" content=\"Eco Supplements\" \/>\n<meta property=\"article:modified_time\" content=\"2026-05-13T07:22:58+00:00\" \/>\n<meta property=\"og:image\" content=\"https:\/\/ecosupplements.ch\/wp-content\/uploads\/2026\/05\/Cascara-Sagrada-450-mg-capsules.webp\" \/>\n\t<meta property=\"og:image:width\" content=\"1000\" \/>\n\t<meta property=\"og:image:height\" content=\"1000\" \/>\n\t<meta property=\"og:image:type\" content=\"image\/jpeg\" \/>\n<meta name=\"twitter:card\" content=\"summary_large_image\" \/>\n<meta name=\"twitter:label1\" content=\"Price\" \/>\n\t<meta name=\"twitter:data1\" content=\"&#067;&#072;&#070;&nbsp;9.00\" \/>\n\t<meta name=\"twitter:label2\" content=\"Availability\" \/>\n\t<meta name=\"twitter:data2\" content=\"Out of stock\" \/>\n<script type=\"application\/ld+json\" class=\"yoast-schema-graph\">{\"@context\":\"https:\\\/\\\/schema.org\",\"@graph\":[{\"@type\":\"WebPage\",\"@id\":\"https:\\\/\\\/ecosupplements.ch\\\/?product=cascara-sagrada-450-mg-capsules\",\"url\":\"https:\\\/\\\/ecosupplements.ch\\\/?product=cascara-sagrada-450-mg-capsules\",\"name\":\"Cascara Sagrada 450 mg Kapseln \u2013 NOW Foods | ecosupplements.ch\",\"isPartOf\":{\"@id\":\"https:\\\/\\\/ecosupplements.ch\\\/#website\"},\"primaryImageOfPage\":{\"@id\":\"https:\\\/\\\/ecosupplements.ch\\\/?product=cascara-sagrada-450-mg-capsules#primaryimage\"},\"image\":{\"@id\":\"https:\\\/\\\/ecosupplements.ch\\\/?product=cascara-sagrada-450-mg-capsules#primaryimage\"},\"thumbnailUrl\":\"https:\\\/\\\/ecosupplements.ch\\\/wp-content\\\/uploads\\\/2026\\\/05\\\/Cascara-Sagrada-450-mg-capsules.webp\",\"datePublished\":\"2026-05-11T14:42:57+00:00\",\"dateModified\":\"2026-05-13T07:22:58+00:00\",\"description\":\"Cascara Sagrada 450 mg von NOW Foods \u2013 vegane Kapseln mit reinem Rindenextrakt, glutenfrei, 100 St\u00fcck. Jetzt bestellen.\",\"breadcrumb\":{\"@id\":\"https:\\\/\\\/ecosupplements.ch\\\/?product=cascara-sagrada-450-mg-capsules#breadcrumb\"},\"inLanguage\":\"de-CH\",\"potentialAction\":[{\"@type\":\"ReadAction\",\"target\":[\"https:\\\/\\\/ecosupplements.ch\\\/?product=cascara-sagrada-450-mg-capsules\"]}]},{\"@type\":\"ImageObject\",\"inLanguage\":\"de-CH\",\"@id\":\"https:\\\/\\\/ecosupplements.ch\\\/?product=cascara-sagrada-450-mg-capsules#primaryimage\",\"url\":\"https:\\\/\\\/ecosupplements.ch\\\/wp-content\\\/uploads\\\/2026\\\/05\\\/Cascara-Sagrada-450-mg-capsules.webp\",\"contentUrl\":\"https:\\\/\\\/ecosupplements.ch\\\/wp-content\\\/uploads\\\/2026\\\/05\\\/Cascara-Sagrada-450-mg-capsules.webp\",\"width\":1000,\"height\":1000,\"caption\":\"Cascara Sagrada 450 mg capsules\"},{\"@type\":\"BreadcrumbList\",\"@id\":\"https:\\\/\\\/ecosupplements.ch\\\/?product=cascara-sagrada-450-mg-capsules#breadcrumb\",\"itemListElement\":[{\"@type\":\"ListItem\",\"position\":1,\"name\":\"Home\",\"item\":\"https:\\\/\\\/ecosupplements.ch\\\/\"},{\"@type\":\"ListItem\",\"position\":2,\"name\":\"Shop\",\"item\":\"https:\\\/\\\/ecosupplements.ch\\\/?page_id=14\"},{\"@type\":\"ListItem\",\"position\":3,\"name\":\"Cascara Sagrada 450 mg capsules\"}]},{\"@type\":\"WebSite\",\"@id\":\"https:\\\/\\\/ecosupplements.ch\\\/#website\",\"url\":\"https:\\\/\\\/ecosupplements.ch\\\/\",\"name\":\"Eco Supplements\",\"description\":\"\",\"potentialAction\":[{\"@type\":\"SearchAction\",\"target\":{\"@type\":\"EntryPoint\",\"urlTemplate\":\"https:\\\/\\\/ecosupplements.ch\\\/?s={search_term_string}\"},\"query-input\":{\"@type\":\"PropertyValueSpecification\",\"valueRequired\":true,\"valueName\":\"search_term_string\"}}],\"inLanguage\":\"de-CH\"}]}<\/script>\n<meta property=\"product:price:amount\" content=\"9.00\" \/>\n<meta property=\"product:price:currency\" content=\"CHF\" \/>\n<meta property=\"og:availability\" content=\"out of stock\" \/>\n<meta property=\"product:availability\" content=\"out of stock\" \/>\n<meta property=\"product:retailer_item_id\" content=\"733739046208\" \/>\n<meta property=\"product:condition\" content=\"new\" \/>\n<!-- \/ Yoast SEO plugin. -->","yoast_head_json":{"title":"Cascara Sagrada 450 mg Kapseln \u2013 NOW Foods | ecosupplements.ch","description":"Cascara Sagrada 450 mg von NOW Foods \u2013 vegane Kapseln mit reinem Rindenextrakt, glutenfrei, 100 St\u00fcck. Jetzt bestellen.","robots":{"index":"index","follow":"follow","max-snippet":"max-snippet:-1","max-image-preview":"max-image-preview:large","max-video-preview":"max-video-preview:-1"},"canonical":"https:\/\/ecosupplements.ch\/?product=cascara-sagrada-450-mg-capsules","og_locale":"de_DE","og_type":"article","og_title":"Cascara Sagrada 450 mg Kapseln \u2013 NOW Foods | ecosupplements.ch","og_description":"Cascara Sagrada 450 mg von NOW Foods \u2013 vegane Kapseln mit reinem Rindenextrakt, glutenfrei, 100 St\u00fcck. Jetzt bestellen.","og_url":"https:\/\/ecosupplements.ch\/?product=cascara-sagrada-450-mg-capsules","og_site_name":"Eco Supplements","article_modified_time":"2026-05-13T07:22:58+00:00","og_image":[{"width":1000,"height":1000,"url":"https:\/\/ecosupplements.ch\/wp-content\/uploads\/2026\/05\/Cascara-Sagrada-450-mg-capsules.webp","type":"image\/jpeg"}],"twitter_card":"summary_large_image","twitter_misc":{"Price":"&#67;&#72;&#70;&nbsp;9.00","Availability":"Out of stock"},"schema":{"@context":"https:\/\/schema.org","@graph":[{"@type":"WebPage","@id":"https:\/\/ecosupplements.ch\/?product=cascara-sagrada-450-mg-capsules","url":"https:\/\/ecosupplements.ch\/?product=cascara-sagrada-450-mg-capsules","name":"Cascara Sagrada 450 mg Kapseln \u2013 NOW Foods | ecosupplements.ch","isPartOf":{"@id":"https:\/\/ecosupplements.ch\/#website"},"primaryImageOfPage":{"@id":"https:\/\/ecosupplements.ch\/?product=cascara-sagrada-450-mg-capsules#primaryimage"},"image":{"@id":"https:\/\/ecosupplements.ch\/?product=cascara-sagrada-450-mg-capsules#primaryimage"},"thumbnailUrl":"https:\/\/ecosupplements.ch\/wp-content\/uploads\/2026\/05\/Cascara-Sagrada-450-mg-capsules.webp","datePublished":"2026-05-11T14:42:57+00:00","dateModified":"2026-05-13T07:22:58+00:00","description":"Cascara Sagrada 450 mg von NOW Foods \u2013 vegane Kapseln mit reinem Rindenextrakt, glutenfrei, 100 St\u00fcck. Jetzt bestellen.","breadcrumb":{"@id":"https:\/\/ecosupplements.ch\/?product=cascara-sagrada-450-mg-capsules#breadcrumb"},"inLanguage":"de-CH","potentialAction":[{"@type":"ReadAction","target":["https:\/\/ecosupplements.ch\/?product=cascara-sagrada-450-mg-capsules"]}]},{"@type":"ImageObject","inLanguage":"de-CH","@id":"https:\/\/ecosupplements.ch\/?product=cascara-sagrada-450-mg-capsules#primaryimage","url":"https:\/\/ecosupplements.ch\/wp-content\/uploads\/2026\/05\/Cascara-Sagrada-450-mg-capsules.webp","contentUrl":"https:\/\/ecosupplements.ch\/wp-content\/uploads\/2026\/05\/Cascara-Sagrada-450-mg-capsules.webp","width":1000,"height":1000,"caption":"Cascara Sagrada 450 mg capsules"},{"@type":"BreadcrumbList","@id":"https:\/\/ecosupplements.ch\/?product=cascara-sagrada-450-mg-capsules#breadcrumb","itemListElement":[{"@type":"ListItem","position":1,"name":"Home","item":"https:\/\/ecosupplements.ch\/"},{"@type":"ListItem","position":2,"name":"Shop","item":"https:\/\/ecosupplements.ch\/?page_id=14"},{"@type":"ListItem","position":3,"name":"Cascara Sagrada 450 mg capsules"}]},{"@type":"WebSite","@id":"https:\/\/ecosupplements.ch\/#website","url":"https:\/\/ecosupplements.ch\/","name":"Eco Supplements","description":"","potentialAction":[{"@type":"SearchAction","target":{"@type":"EntryPoint","urlTemplate":"https:\/\/ecosupplements.ch\/?s={search_term_string}"},"query-input":{"@type":"PropertyValueSpecification","valueRequired":true,"valueName":"search_term_string"}}],"inLanguage":"de-CH"}]},"product_price_amount":"9.00","product_price_currency":"CHF","og_availability":"out of stock","product_availability":"out of stock","product_retailer_item_id":"733739046208","product_condition":"new"},"_links":{"self":[{"href":"https:\/\/ecosupplements.ch\/index.php?rest_route=\/wp\/v2\/product\/3119","targetHints":{"allow":["GET"]}}],"collection":[{"href":"https:\/\/ecosupplements.ch\/index.php?rest_route=\/wp\/v2\/product"}],"about":[{"href":"https:\/\/ecosupplements.ch\/index.php?rest_route=\/wp\/v2\/types\/product"}],"replies":[{"embeddable":true,"href":"https:\/\/ecosupplements.ch\/index.php?rest_route=%2Fwp%2Fv2%2Fcomments&post=3119"}],"wp:featuredmedia":[{"embeddable":true,"href":"https:\/\/ecosupplements.ch\/index.php?rest_route=\/wp\/v2\/media\/3120"}],"wp:attachment":[{"href":"https:\/\/ecosupplements.ch\/index.php?rest_route=%2Fwp%2Fv2%2Fmedia&parent=3119"}],"wp:term":[{"taxonomy":"product_brand","embeddable":true,"href":"https:\/\/ecosupplements.ch\/index.php?rest_route=%2Fwp%2Fv2%2Fproduct_brand&post=3119"},{"taxonomy":"product_cat","embeddable":true,"href":"https:\/\/ecosupplements.ch\/index.php?rest_route=%2Fwp%2Fv2%2Fproduct_cat&post=3119"},{"taxonomy":"product_tag","embeddable":true,"href":"https:\/\/ecosupplements.ch\/index.php?rest_route=%2Fwp%2Fv2%2Fproduct_tag&post=3119"}],"curies":[{"name":"wp","href":"https:\/\/api.w.org\/{rel}","templated":true}]}}