{"id":3131,"date":"2026-05-11T14:43:03","date_gmt":"2026-05-11T14:43:03","guid":{"rendered":"https:\/\/ecosupplements.ch\/?product=benfotiamine-150-alpha-lipoic-acid-300-60-vcaps"},"modified":"2026-05-13T07:24:29","modified_gmt":"2026-05-13T07:24:29","slug":"benfotiamine-150-alpha-lipoic-acid-300-60-vcaps","status":"publish","type":"product","link":"https:\/\/ecosupplements.ch\/?product=benfotiamine-150-alpha-lipoic-acid-300-60-vcaps","title":{"rendered":"Benfotiamine 150 + Alpha-Lipoic Acid 300 &#8211; 60 vcaps"},"content":{"rendered":"<div class=\"chcg-product-description\">\n<h2 class=\"chcg-heading\">\u00dcber Doctor&#8217;s Best \u2013 Benfotiamine 150 + Alpha-Lipoic Acid 300 \u2013 60 Veggie Kapseln<\/h2>\n<div class=\"chcg-intro\">\n<p>Doctor&#8217;s Best Benfotiamine 150 + Alpha-Lipoic Acid 300 kombiniert zwei bew\u00e4hrte N\u00e4hrstoffe in einer praktischen Veggie-Kapsel. Benfotiamin ist eine fettl\u00f6sliche Form von Vitamin B1 (Thiamin), die vom K\u00f6rper besonders gut aufgenommen werden kann. Alpha-Lipons\u00e4ure ist ein vielseitiger N\u00e4hrstoff, der sowohl in wasser- als auch in fettl\u00f6slichen Umgebungen im K\u00f6rper aktiv ist.<\/p>\n<p>Die Kombination aus 150 mg Benfotiamin und 300 mg Alpha-Lipons\u00e4ure pro Kapsel bietet eine hochwertige Erg\u00e4nzung f\u00fcr alle, die ihre t\u00e4gliche N\u00e4hrstoffversorgung gezielt unterst\u00fctzen m\u00f6chten. Das Produkt ist vegan, glutenfrei, sojafreifrei und enth\u00e4lt keine gentechnisch ver\u00e4nderten Organismen (GMO-frei).<\/p>\n<p>Doctor&#8217;s Best steht f\u00fcr wissenschaftlich fundierte Nahrungserg\u00e4nzungsmittel in hoher Qualit\u00e4t. Dieses Produkt wurde sorgf\u00e4ltig formuliert und eignet sich f\u00fcr alle, die auf eine vegane oder vegetarische Ern\u00e4hrung achten.<\/p>\n<\/p><\/div>\n<div class=\"chcg-nutrition\">\n<h3>N\u00e4hrwertangaben<\/h3>\n<table class=\"chcg-nutrition-table\">\n<thead>\n<tr>\n<th>N\u00e4hrstoff<\/th>\n<th>Pro Portion (1 Veggie Kapsel)<\/th>\n<\/tr>\n<\/thead>\n<tbody>\n<tr>\n<td>Benfotiamin<\/td>\n<td>150 mg *<\/td>\n<\/tr>\n<tr>\n<td>Alpha-Lipons\u00e4ure<\/td>\n<td>300 mg *<\/td>\n<\/tr>\n<tr>\n<td>L-Leucin<\/td>\n<td>10,5 mg *<\/td>\n<\/tr>\n<\/tbody>\n<\/table>\n<p class=\"chcg-footnote\">* Kein Tagesbedarf (Referenzwert) festgelegt.<\/p>\n<\/p><\/div>\n<div class=\"chcg-ingredients\">\n<h3>Zutaten<\/h3>\n<p>Benfotiamin 150 mg, Alpha-Lipons\u00e4ure 300 mg, L-Leucin 10,5 mg. Weitere Zutaten: Modifizierte Zellulose, Siliciumdioxid.<\/p>\n<p class=\"chcg-capsule-shell\">Kapselh\u00fclle: Modifizierte Zellulose (vegetarische Kapsel)<\/p>\n<\/p><\/div>\n<div class=\"chcg-dosage\">\n<h3>Verzehrempfehlung<\/h3>\n<p>1 Kapsel t\u00e4glich einnehmen, mit oder ohne Mahlzeit, oder gem\u00e4ss Empfehlung eines ern\u00e4hrungsmedizinisch versierten Arztes.<\/p>\n<\/p><\/div>\n<div class=\"chcg-warnings\">\n<h3>Warnhinweise<\/h3>\n<p>Nicht empfohlen f\u00fcr Personen mit einer Allergie gegen Thiamin. Nicht-GVO, glutenfrei, sojafreifrei, vegan.<\/p>\n<\/p><\/div>\n<div class=\"chcg-allergens\">\n<h3>Allergeninformationen<\/h3>\n<p>Nicht empfohlen f\u00fcr Personen mit einer Allergie gegen Thiamin. Frei von Gluten, Soja, GVO und tierischen Inhaltsstoffen.<\/p>\n<\/p><\/div>\n<div class=\"chcg-storage\">\n<h3>Lagerung<\/h3>\n<p>An einem k\u00fchlen, trockenen Ort aufbewahren.<\/p>\n<\/p><\/div>\n<div class=\"chcg-dietary\">\n<h3>Ern\u00e4hrungshinweise<\/h3>\n<ul>\n<li>Vegan<\/li>\n<li>Vegetarisch<\/li>\n<li>Glutenfrei<\/li>\n<\/ul><\/div>\n<\/div>\n","protected":false},"excerpt":{"rendered":"<p>Doctor&#8217;s Best Benfotiamine 150 + Alpha-Lipoic Acid 300 liefert pro Veggie-Kapsel 150 mg Benfotiamin und 300 mg Alpha-Lipons\u00e4ure. Vegan, glutenfrei und GMO-frei \u2013 60 Kapseln pro Packung.<\/p>\n","protected":false},"featured_media":3132,"comment_status":"closed","ping_status":"open","template":"","meta":[],"product_brand":[177],"product_cat":[48,25,169,22],"product_tag":[],"class_list":{"0":"post-3131","1":"product","2":"type-product","3":"status-publish","4":"has-post-thumbnail","6":"product_brand-doctors-best","7":"product_cat-gesunde-ernaehrung","8":"product_cat-gesundheit-und-wohlbefinden","9":"product_cat-nordische-vitalitaet","10":"product_cat-vegane-produkte","12":"first","13":"outofstock","14":"taxable","15":"shipping-taxable","16":"purchasable","17":"product-type-simple"},"yoast_head":"<!-- This site is optimized with the Yoast SEO plugin v27.5 - https:\/\/yoast.com\/product\/yoast-seo-wordpress\/ -->\n<title>Benfotiamine 150 + Alpha-Lipoic Acid 300 \u2013 Doctor&#039;s Best | ecosupplements.ch<\/title>\n<meta name=\"description\" content=\"Hochwertige Kombination aus Benfotiamin und Alpha-Lipons\u00e4ure \u2013 vegan, glutenfrei, 60 Veggie Kapseln pro Packung. Jetzt bestellen.\" \/>\n<meta name=\"robots\" content=\"index, follow, max-snippet:-1, max-image-preview:large, max-video-preview:-1\" \/>\n<link rel=\"canonical\" href=\"https:\/\/ecosupplements.ch\/?product=benfotiamine-150-alpha-lipoic-acid-300-60-vcaps\" \/>\n<meta property=\"og:locale\" content=\"de_DE\" \/>\n<meta property=\"og:type\" content=\"article\" \/>\n<meta property=\"og:title\" content=\"Benfotiamine 150 + Alpha-Lipoic Acid 300 \u2013 Doctor&#039;s Best | ecosupplements.ch\" \/>\n<meta property=\"og:description\" content=\"Hochwertige Kombination aus Benfotiamin und Alpha-Lipons\u00e4ure \u2013 vegan, glutenfrei, 60 Veggie Kapseln pro Packung. Jetzt bestellen.\" \/>\n<meta property=\"og:url\" content=\"https:\/\/ecosupplements.ch\/?product=benfotiamine-150-alpha-lipoic-acid-300-60-vcaps\" \/>\n<meta property=\"og:site_name\" content=\"Eco Supplements\" \/>\n<meta property=\"article:modified_time\" content=\"2026-05-13T07:24:29+00:00\" \/>\n<meta property=\"og:image\" content=\"https:\/\/ecosupplements.ch\/wp-content\/uploads\/2026\/05\/Benfotiamine-150-Alpha-Lipoic-Acid-300-60-vcaps.webp\" \/>\n\t<meta property=\"og:image:width\" content=\"1000\" \/>\n\t<meta property=\"og:image:height\" content=\"1000\" \/>\n\t<meta property=\"og:image:type\" content=\"image\/jpeg\" \/>\n<meta name=\"twitter:card\" content=\"summary_large_image\" \/>\n<meta name=\"twitter:label1\" content=\"Price\" \/>\n\t<meta name=\"twitter:data1\" content=\"&#067;&#072;&#070;&nbsp;33.12\" \/>\n\t<meta name=\"twitter:label2\" content=\"Availability\" \/>\n\t<meta name=\"twitter:data2\" content=\"Out of stock\" \/>\n<script type=\"application\/ld+json\" class=\"yoast-schema-graph\">{\"@context\":\"https:\\\/\\\/schema.org\",\"@graph\":[{\"@type\":\"WebPage\",\"@id\":\"https:\\\/\\\/ecosupplements.ch\\\/?product=benfotiamine-150-alpha-lipoic-acid-300-60-vcaps\",\"url\":\"https:\\\/\\\/ecosupplements.ch\\\/?product=benfotiamine-150-alpha-lipoic-acid-300-60-vcaps\",\"name\":\"Benfotiamine 150 + Alpha-Lipoic Acid 300 \u2013 Doctor's Best | ecosupplements.ch\",\"isPartOf\":{\"@id\":\"https:\\\/\\\/ecosupplements.ch\\\/#website\"},\"primaryImageOfPage\":{\"@id\":\"https:\\\/\\\/ecosupplements.ch\\\/?product=benfotiamine-150-alpha-lipoic-acid-300-60-vcaps#primaryimage\"},\"image\":{\"@id\":\"https:\\\/\\\/ecosupplements.ch\\\/?product=benfotiamine-150-alpha-lipoic-acid-300-60-vcaps#primaryimage\"},\"thumbnailUrl\":\"https:\\\/\\\/ecosupplements.ch\\\/wp-content\\\/uploads\\\/2026\\\/05\\\/Benfotiamine-150-Alpha-Lipoic-Acid-300-60-vcaps.webp\",\"datePublished\":\"2026-05-11T14:43:03+00:00\",\"dateModified\":\"2026-05-13T07:24:29+00:00\",\"description\":\"Hochwertige Kombination aus Benfotiamin und Alpha-Lipons\u00e4ure \u2013 vegan, glutenfrei, 60 Veggie Kapseln pro Packung. Jetzt bestellen.\",\"breadcrumb\":{\"@id\":\"https:\\\/\\\/ecosupplements.ch\\\/?product=benfotiamine-150-alpha-lipoic-acid-300-60-vcaps#breadcrumb\"},\"inLanguage\":\"de-CH\",\"potentialAction\":[{\"@type\":\"ReadAction\",\"target\":[\"https:\\\/\\\/ecosupplements.ch\\\/?product=benfotiamine-150-alpha-lipoic-acid-300-60-vcaps\"]}]},{\"@type\":\"ImageObject\",\"inLanguage\":\"de-CH\",\"@id\":\"https:\\\/\\\/ecosupplements.ch\\\/?product=benfotiamine-150-alpha-lipoic-acid-300-60-vcaps#primaryimage\",\"url\":\"https:\\\/\\\/ecosupplements.ch\\\/wp-content\\\/uploads\\\/2026\\\/05\\\/Benfotiamine-150-Alpha-Lipoic-Acid-300-60-vcaps.webp\",\"contentUrl\":\"https:\\\/\\\/ecosupplements.ch\\\/wp-content\\\/uploads\\\/2026\\\/05\\\/Benfotiamine-150-Alpha-Lipoic-Acid-300-60-vcaps.webp\",\"width\":1000,\"height\":1000,\"caption\":\"Benfotiamine 150 + Alpha-Lipoic Acid 300 - 60 vcaps\"},{\"@type\":\"BreadcrumbList\",\"@id\":\"https:\\\/\\\/ecosupplements.ch\\\/?product=benfotiamine-150-alpha-lipoic-acid-300-60-vcaps#breadcrumb\",\"itemListElement\":[{\"@type\":\"ListItem\",\"position\":1,\"name\":\"Home\",\"item\":\"https:\\\/\\\/ecosupplements.ch\\\/\"},{\"@type\":\"ListItem\",\"position\":2,\"name\":\"Shop\",\"item\":\"https:\\\/\\\/ecosupplements.ch\\\/?page_id=14\"},{\"@type\":\"ListItem\",\"position\":3,\"name\":\"Benfotiamine 150 + Alpha-Lipoic Acid 300 &#8211; 60 vcaps\"}]},{\"@type\":\"WebSite\",\"@id\":\"https:\\\/\\\/ecosupplements.ch\\\/#website\",\"url\":\"https:\\\/\\\/ecosupplements.ch\\\/\",\"name\":\"Eco Supplements\",\"description\":\"\",\"potentialAction\":[{\"@type\":\"SearchAction\",\"target\":{\"@type\":\"EntryPoint\",\"urlTemplate\":\"https:\\\/\\\/ecosupplements.ch\\\/?s={search_term_string}\"},\"query-input\":{\"@type\":\"PropertyValueSpecification\",\"valueRequired\":true,\"valueName\":\"search_term_string\"}}],\"inLanguage\":\"de-CH\"}]}<\/script>\n<meta property=\"product:price:amount\" content=\"33.12\" \/>\n<meta property=\"product:price:currency\" content=\"CHF\" \/>\n<meta property=\"og:availability\" content=\"out of stock\" \/>\n<meta property=\"product:availability\" content=\"out of stock\" \/>\n<meta property=\"product:retailer_item_id\" content=\"753950002517\" \/>\n<meta property=\"product:condition\" content=\"new\" \/>\n<!-- \/ Yoast SEO plugin. -->","yoast_head_json":{"title":"Benfotiamine 150 + Alpha-Lipoic Acid 300 \u2013 Doctor's Best | ecosupplements.ch","description":"Hochwertige Kombination aus Benfotiamin und Alpha-Lipons\u00e4ure \u2013 vegan, glutenfrei, 60 Veggie Kapseln pro Packung. Jetzt bestellen.","robots":{"index":"index","follow":"follow","max-snippet":"max-snippet:-1","max-image-preview":"max-image-preview:large","max-video-preview":"max-video-preview:-1"},"canonical":"https:\/\/ecosupplements.ch\/?product=benfotiamine-150-alpha-lipoic-acid-300-60-vcaps","og_locale":"de_DE","og_type":"article","og_title":"Benfotiamine 150 + Alpha-Lipoic Acid 300 \u2013 Doctor's Best | ecosupplements.ch","og_description":"Hochwertige Kombination aus Benfotiamin und Alpha-Lipons\u00e4ure \u2013 vegan, glutenfrei, 60 Veggie Kapseln pro Packung. Jetzt bestellen.","og_url":"https:\/\/ecosupplements.ch\/?product=benfotiamine-150-alpha-lipoic-acid-300-60-vcaps","og_site_name":"Eco Supplements","article_modified_time":"2026-05-13T07:24:29+00:00","og_image":[{"width":1000,"height":1000,"url":"https:\/\/ecosupplements.ch\/wp-content\/uploads\/2026\/05\/Benfotiamine-150-Alpha-Lipoic-Acid-300-60-vcaps.webp","type":"image\/jpeg"}],"twitter_card":"summary_large_image","twitter_misc":{"Price":"&#67;&#72;&#70;&nbsp;33.12","Availability":"Out of stock"},"schema":{"@context":"https:\/\/schema.org","@graph":[{"@type":"WebPage","@id":"https:\/\/ecosupplements.ch\/?product=benfotiamine-150-alpha-lipoic-acid-300-60-vcaps","url":"https:\/\/ecosupplements.ch\/?product=benfotiamine-150-alpha-lipoic-acid-300-60-vcaps","name":"Benfotiamine 150 + Alpha-Lipoic Acid 300 \u2013 Doctor's Best | ecosupplements.ch","isPartOf":{"@id":"https:\/\/ecosupplements.ch\/#website"},"primaryImageOfPage":{"@id":"https:\/\/ecosupplements.ch\/?product=benfotiamine-150-alpha-lipoic-acid-300-60-vcaps#primaryimage"},"image":{"@id":"https:\/\/ecosupplements.ch\/?product=benfotiamine-150-alpha-lipoic-acid-300-60-vcaps#primaryimage"},"thumbnailUrl":"https:\/\/ecosupplements.ch\/wp-content\/uploads\/2026\/05\/Benfotiamine-150-Alpha-Lipoic-Acid-300-60-vcaps.webp","datePublished":"2026-05-11T14:43:03+00:00","dateModified":"2026-05-13T07:24:29+00:00","description":"Hochwertige Kombination aus Benfotiamin und Alpha-Lipons\u00e4ure \u2013 vegan, glutenfrei, 60 Veggie Kapseln pro Packung. Jetzt bestellen.","breadcrumb":{"@id":"https:\/\/ecosupplements.ch\/?product=benfotiamine-150-alpha-lipoic-acid-300-60-vcaps#breadcrumb"},"inLanguage":"de-CH","potentialAction":[{"@type":"ReadAction","target":["https:\/\/ecosupplements.ch\/?product=benfotiamine-150-alpha-lipoic-acid-300-60-vcaps"]}]},{"@type":"ImageObject","inLanguage":"de-CH","@id":"https:\/\/ecosupplements.ch\/?product=benfotiamine-150-alpha-lipoic-acid-300-60-vcaps#primaryimage","url":"https:\/\/ecosupplements.ch\/wp-content\/uploads\/2026\/05\/Benfotiamine-150-Alpha-Lipoic-Acid-300-60-vcaps.webp","contentUrl":"https:\/\/ecosupplements.ch\/wp-content\/uploads\/2026\/05\/Benfotiamine-150-Alpha-Lipoic-Acid-300-60-vcaps.webp","width":1000,"height":1000,"caption":"Benfotiamine 150 + Alpha-Lipoic Acid 300 - 60 vcaps"},{"@type":"BreadcrumbList","@id":"https:\/\/ecosupplements.ch\/?product=benfotiamine-150-alpha-lipoic-acid-300-60-vcaps#breadcrumb","itemListElement":[{"@type":"ListItem","position":1,"name":"Home","item":"https:\/\/ecosupplements.ch\/"},{"@type":"ListItem","position":2,"name":"Shop","item":"https:\/\/ecosupplements.ch\/?page_id=14"},{"@type":"ListItem","position":3,"name":"Benfotiamine 150 + Alpha-Lipoic Acid 300 &#8211; 60 vcaps"}]},{"@type":"WebSite","@id":"https:\/\/ecosupplements.ch\/#website","url":"https:\/\/ecosupplements.ch\/","name":"Eco Supplements","description":"","potentialAction":[{"@type":"SearchAction","target":{"@type":"EntryPoint","urlTemplate":"https:\/\/ecosupplements.ch\/?s={search_term_string}"},"query-input":{"@type":"PropertyValueSpecification","valueRequired":true,"valueName":"search_term_string"}}],"inLanguage":"de-CH"}]},"product_price_amount":"33.12","product_price_currency":"CHF","og_availability":"out of stock","product_availability":"out of stock","product_retailer_item_id":"753950002517","product_condition":"new"},"_links":{"self":[{"href":"https:\/\/ecosupplements.ch\/index.php?rest_route=\/wp\/v2\/product\/3131","targetHints":{"allow":["GET"]}}],"collection":[{"href":"https:\/\/ecosupplements.ch\/index.php?rest_route=\/wp\/v2\/product"}],"about":[{"href":"https:\/\/ecosupplements.ch\/index.php?rest_route=\/wp\/v2\/types\/product"}],"replies":[{"embeddable":true,"href":"https:\/\/ecosupplements.ch\/index.php?rest_route=%2Fwp%2Fv2%2Fcomments&post=3131"}],"wp:featuredmedia":[{"embeddable":true,"href":"https:\/\/ecosupplements.ch\/index.php?rest_route=\/wp\/v2\/media\/3132"}],"wp:attachment":[{"href":"https:\/\/ecosupplements.ch\/index.php?rest_route=%2Fwp%2Fv2%2Fmedia&parent=3131"}],"wp:term":[{"taxonomy":"product_brand","embeddable":true,"href":"https:\/\/ecosupplements.ch\/index.php?rest_route=%2Fwp%2Fv2%2Fproduct_brand&post=3131"},{"taxonomy":"product_cat","embeddable":true,"href":"https:\/\/ecosupplements.ch\/index.php?rest_route=%2Fwp%2Fv2%2Fproduct_cat&post=3131"},{"taxonomy":"product_tag","embeddable":true,"href":"https:\/\/ecosupplements.ch\/index.php?rest_route=%2Fwp%2Fv2%2Fproduct_tag&post=3131"}],"curies":[{"name":"wp","href":"https:\/\/api.w.org\/{rel}","templated":true}]}}