{"id":3140,"date":"2026-05-11T14:43:07","date_gmt":"2026-05-11T14:43:07","guid":{"rendered":"https:\/\/ecosupplements.ch\/?product=digestive-enzymes-90-vcaps"},"modified":"2026-05-13T07:24:29","modified_gmt":"2026-05-13T07:24:29","slug":"digestive-enzymes-90-vcaps","status":"publish","type":"product","link":"https:\/\/ecosupplements.ch\/?product=digestive-enzymes-90-vcaps","title":{"rendered":"Digestive Enzymes &#8211; 90 vcaps"},"content":{"rendered":"<div class=\"chcg-product-description\">\n<h2 class=\"chcg-heading\">\u00dcber Doctor&#8217;s Best \u2013 Digestive Enzymes \u2013 90 Vcaps<\/h2>\n<div class=\"chcg-intro\">\n<p>Die Digestive Enzymes von Doctor&#8217;s Best sind ein sorgf\u00e4ltig zusammengestelltes Vielenzym-Pr\u00e4parat, das eine breite Palette an Verdauungsenzymen in einer einzigen vegetarischen Kapsel vereint. Die Formel enth\u00e4lt 16 verschiedene Enzymkomponenten sowie Bacillus subtilis und unterst\u00fctzt so die Aufspaltung von Kohlenhydraten, Proteinen, Fetten, Ballaststoffen und weiteren Nahrungsbestandteilen.<\/p>\n<p>Zu den enthaltenen Enzymen z\u00e4hlen unter anderem Amylase, Protease, Glucoamylase, Lipase, Lactase, Bromelain, Papain sowie Alpha-Galactosidase \u2013 ein breites Spektrum, das auf die Verdauung unterschiedlichster N\u00e4hrstoffe ausgerichtet ist. Die enthaltene Lactase tr\u00e4gt dazu bei, Lactose abzubauen, w\u00e4hrend Alpha-Galactosidase bei der Verdauung von H\u00fclsenfr\u00fcchten und bestimmten Gem\u00fcsesorten unterst\u00fctzen kann.<\/p>\n<p>Das Produkt ist glutenfrei, vegetarisch und ohne gentechnisch ver\u00e4nderte Organismen (Non-GMO) hergestellt. Die Kapselh\u00fclle besteht aus Hypromellose und ist somit f\u00fcr Vegetarier geeignet. Mit 90 Kapseln pro Packung bietet dieses Produkt einen praktischen Vorrat f\u00fcr den t\u00e4glichen Gebrauch.<\/p>\n<\/p><\/div>\n<div class=\"chcg-nutrition\">\n<h3>N\u00e4hrwertangaben<\/h3>\n<table class=\"chcg-nutrition-table\">\n<thead>\n<tr>\n<th>N\u00e4hrstoff<\/th>\n<th>Pro Portion (1 Vcap)<\/th>\n<\/tr>\n<\/thead>\n<tbody>\n<tr>\n<td>Verdauungsenzym-Mischung<\/td>\n<td>450 mg<\/td>\n<\/tr>\n<tr>\n<td>\u2013 Amylase Blend (2 St\u00e4mme)<\/td>\n<td>20.000 DU<\/td>\n<\/tr>\n<tr>\n<td>\u2013 Protease SP Plus Blend (4 St\u00e4mme)<\/td>\n<td>95.000 HUT<\/td>\n<\/tr>\n<tr>\n<td>\u2013 Glucoamylase<\/td>\n<td>50 AGU<\/td>\n<\/tr>\n<tr>\n<td>\u2013 Dipeptidyl-Peptidase IV<\/td>\n<td>250 DPP-IV<\/td>\n<\/tr>\n<tr>\n<td>\u2013 Beta-Glucanase<\/td>\n<td>65 BGU<\/td>\n<\/tr>\n<tr>\n<td>\u2013 Cellulase<\/td>\n<td>3.250 CU<\/td>\n<\/tr>\n<tr>\n<td>\u2013 Alpha-Galactosidase<\/td>\n<td>500 GalU<\/td>\n<\/tr>\n<tr>\n<td>\u2013 Bromelain<\/td>\n<td>50 GDU<\/td>\n<\/tr>\n<tr>\n<td>\u2013 Lipase<\/td>\n<td>3.000 FIP<\/td>\n<\/tr>\n<tr>\n<td>\u2013 Lactase<\/td>\n<td>1.000 ALU<\/td>\n<\/tr>\n<tr>\n<td>\u2013 Papain<\/td>\n<td>500.000 FCC PU<\/td>\n<\/tr>\n<tr>\n<td>\u2013 Xylanase<\/td>\n<td>650 XU<\/td>\n<\/tr>\n<tr>\n<td>\u2013 Phytase<\/td>\n<td>10 FTU<\/td>\n<\/tr>\n<tr>\n<td>\u2013 Invertase<\/td>\n<td>100 INVU<\/td>\n<\/tr>\n<tr>\n<td>\u2013 Hemicellulase<\/td>\n<td>750 HCU<\/td>\n<\/tr>\n<tr>\n<td>\u2013 Bacillus subtilis<\/td>\n<td>1 Milliarde KBE<\/td>\n<\/tr>\n<\/tbody>\n<\/table>\n<p class=\"chcg-footnote\">* Kein festgelegter Tagesbedarf.<\/p>\n<\/p><\/div>\n<div class=\"chcg-ingredients\">\n<h3>Zutaten<\/h3>\n<p>Verdauungsenzym-Mischung (450 mg): Amylase Blend (2 St\u00e4mme) 20.000 DU, Protease SP Plus Blend (4 St\u00e4mme) 95.000 HUT, Glucoamylase 50 AGU, Dipeptidyl-Peptidase IV 250 DPP-IV, Beta-Glucanase 65 BGU, Cellulase 3.250 CU, Alpha-Galactosidase 500 GalU, Bromelain 50 GDU, Lipase 3.000 FIP, Lactase 1.000 ALU, Papain 500.000 FCC PU, Xylanase 650 XU, Phytase 10 FTU, Invertase 100 INVU, Hemicellulase 750 HCU, Bacillus subtilis 1 Milliarde KBE. Weitere Zutaten: Hypromellose (vegetarische Kapsel), mikrokristalline Cellulose.<\/p>\n<p class=\"chcg-capsule-shell\">Kapselh\u00fclle: Hypromellose (vegetarische Kapsel)<\/p>\n<\/p><\/div>\n<div class=\"chcg-dosage\">\n<h3>Verzehrempfehlung<\/h3>\n<p>1 Kapsel zu jeder Mahlzeit einnehmen oder gem\u00e4ss Empfehlung eines ern\u00e4hrungskundigen Arztes.<\/p>\n<\/p><\/div>\n<div class=\"chcg-warnings\">\n<h3>Warnhinweise<\/h3>\n<p>K\u00fchl und trocken lagern.<\/p>\n<\/p><\/div>\n<div class=\"chcg-allergens\">\n<h3>Allergeninformationen<\/h3>\n<p>Auf dem Etikett sind keine Allergene deklariert. Das Produkt ist Non-GMO, glutenfrei und vegetarisch.<\/p>\n<\/p><\/div>\n<div class=\"chcg-storage\">\n<h3>Lagerung<\/h3>\n<p>K\u00fchl und trocken lagern.<\/p>\n<\/p><\/div>\n<div class=\"chcg-dietary\">\n<h3>Ern\u00e4hrungshinweise<\/h3>\n<ul>\n<li>Vegetarisch<\/li>\n<li>Glutenfrei<\/li>\n<\/ul><\/div>\n<\/div>\n","protected":false},"excerpt":{"rendered":"<p>Digestive Enzymes von Doctor&#8217;s Best vereint 16 Verdauungsenzyme und Bacillus subtilis in einer vegetarischen Kapsel zur Unterst\u00fctzung der N\u00e4hrstoffverdauung. Glutenfrei und Non-GMO. 90 Vcaps pro Packung.<\/p>\n","protected":false},"featured_media":3141,"comment_status":"closed","ping_status":"open","template":"","meta":[],"product_brand":[177],"product_cat":[127,48,25,55,102,21],"product_tag":[],"class_list":{"0":"post-3140","1":"product","2":"type-product","3":"status-publish","4":"has-post-thumbnail","6":"product_brand-doctors-best","7":"product_cat-enzyme","8":"product_cat-gesunde-ernaehrung","9":"product_cat-gesundheit-und-wohlbefinden","10":"product_cat-spezialformel","11":"product_cat-verdauungsgesundheit","12":"product_cat-vitamine-und-mineralstoffe","14":"first","15":"outofstock","16":"taxable","17":"shipping-taxable","18":"purchasable","19":"product-type-simple"},"yoast_head":"<!-- This site is optimized with the Yoast SEO plugin v27.5 - https:\/\/yoast.com\/product\/yoast-seo-wordpress\/ -->\n<title>Digestive Enzymes \u2013 Doctor&#039;s Best | ecosupplements.ch<\/title>\n<meta name=\"description\" content=\"16 Verdauungsenzyme und Bacillus subtilis in einer glutenfreien, vegetarischen Kapsel \u2013 90 Vcaps von Doctor&#039;s Best. Jetzt bestellen.\" \/>\n<meta name=\"robots\" content=\"index, follow, max-snippet:-1, max-image-preview:large, max-video-preview:-1\" \/>\n<link rel=\"canonical\" href=\"https:\/\/ecosupplements.ch\/?product=digestive-enzymes-90-vcaps\" \/>\n<meta property=\"og:locale\" content=\"de_DE\" \/>\n<meta property=\"og:type\" content=\"article\" \/>\n<meta property=\"og:title\" content=\"Digestive Enzymes \u2013 Doctor&#039;s Best | ecosupplements.ch\" \/>\n<meta property=\"og:description\" content=\"16 Verdauungsenzyme und Bacillus subtilis in einer glutenfreien, vegetarischen Kapsel \u2013 90 Vcaps von Doctor&#039;s Best. Jetzt bestellen.\" \/>\n<meta property=\"og:url\" content=\"https:\/\/ecosupplements.ch\/?product=digestive-enzymes-90-vcaps\" \/>\n<meta property=\"og:site_name\" content=\"Eco Supplements\" \/>\n<meta property=\"article:modified_time\" content=\"2026-05-13T07:24:29+00:00\" \/>\n<meta property=\"og:image\" content=\"https:\/\/ecosupplements.ch\/wp-content\/uploads\/2026\/05\/Digestive-Enzymes-90-vcaps.webp\" \/>\n\t<meta property=\"og:image:width\" content=\"1000\" \/>\n\t<meta property=\"og:image:height\" content=\"1000\" \/>\n\t<meta property=\"og:image:type\" content=\"image\/jpeg\" \/>\n<meta name=\"twitter:card\" content=\"summary_large_image\" \/>\n<meta name=\"twitter:label1\" content=\"Price\" \/>\n\t<meta name=\"twitter:data1\" content=\"&#067;&#072;&#070;&nbsp;43.88\" \/>\n\t<meta name=\"twitter:label2\" content=\"Availability\" \/>\n\t<meta name=\"twitter:data2\" content=\"Out of stock\" \/>\n<script type=\"application\/ld+json\" class=\"yoast-schema-graph\">{\"@context\":\"https:\\\/\\\/schema.org\",\"@graph\":[{\"@type\":\"WebPage\",\"@id\":\"https:\\\/\\\/ecosupplements.ch\\\/?product=digestive-enzymes-90-vcaps\",\"url\":\"https:\\\/\\\/ecosupplements.ch\\\/?product=digestive-enzymes-90-vcaps\",\"name\":\"Digestive Enzymes \u2013 Doctor's Best | ecosupplements.ch\",\"isPartOf\":{\"@id\":\"https:\\\/\\\/ecosupplements.ch\\\/#website\"},\"primaryImageOfPage\":{\"@id\":\"https:\\\/\\\/ecosupplements.ch\\\/?product=digestive-enzymes-90-vcaps#primaryimage\"},\"image\":{\"@id\":\"https:\\\/\\\/ecosupplements.ch\\\/?product=digestive-enzymes-90-vcaps#primaryimage\"},\"thumbnailUrl\":\"https:\\\/\\\/ecosupplements.ch\\\/wp-content\\\/uploads\\\/2026\\\/05\\\/Digestive-Enzymes-90-vcaps.webp\",\"datePublished\":\"2026-05-11T14:43:07+00:00\",\"dateModified\":\"2026-05-13T07:24:29+00:00\",\"description\":\"16 Verdauungsenzyme und Bacillus subtilis in einer glutenfreien, vegetarischen Kapsel \u2013 90 Vcaps von Doctor's Best. Jetzt bestellen.\",\"breadcrumb\":{\"@id\":\"https:\\\/\\\/ecosupplements.ch\\\/?product=digestive-enzymes-90-vcaps#breadcrumb\"},\"inLanguage\":\"de-CH\",\"potentialAction\":[{\"@type\":\"ReadAction\",\"target\":[\"https:\\\/\\\/ecosupplements.ch\\\/?product=digestive-enzymes-90-vcaps\"]}]},{\"@type\":\"ImageObject\",\"inLanguage\":\"de-CH\",\"@id\":\"https:\\\/\\\/ecosupplements.ch\\\/?product=digestive-enzymes-90-vcaps#primaryimage\",\"url\":\"https:\\\/\\\/ecosupplements.ch\\\/wp-content\\\/uploads\\\/2026\\\/05\\\/Digestive-Enzymes-90-vcaps.webp\",\"contentUrl\":\"https:\\\/\\\/ecosupplements.ch\\\/wp-content\\\/uploads\\\/2026\\\/05\\\/Digestive-Enzymes-90-vcaps.webp\",\"width\":1000,\"height\":1000,\"caption\":\"Digestive Enzymes - 90 vcaps\"},{\"@type\":\"BreadcrumbList\",\"@id\":\"https:\\\/\\\/ecosupplements.ch\\\/?product=digestive-enzymes-90-vcaps#breadcrumb\",\"itemListElement\":[{\"@type\":\"ListItem\",\"position\":1,\"name\":\"Home\",\"item\":\"https:\\\/\\\/ecosupplements.ch\\\/\"},{\"@type\":\"ListItem\",\"position\":2,\"name\":\"Shop\",\"item\":\"https:\\\/\\\/ecosupplements.ch\\\/?page_id=14\"},{\"@type\":\"ListItem\",\"position\":3,\"name\":\"Digestive Enzymes &#8211; 90 vcaps\"}]},{\"@type\":\"WebSite\",\"@id\":\"https:\\\/\\\/ecosupplements.ch\\\/#website\",\"url\":\"https:\\\/\\\/ecosupplements.ch\\\/\",\"name\":\"Eco Supplements\",\"description\":\"\",\"potentialAction\":[{\"@type\":\"SearchAction\",\"target\":{\"@type\":\"EntryPoint\",\"urlTemplate\":\"https:\\\/\\\/ecosupplements.ch\\\/?s={search_term_string}\"},\"query-input\":{\"@type\":\"PropertyValueSpecification\",\"valueRequired\":true,\"valueName\":\"search_term_string\"}}],\"inLanguage\":\"de-CH\"}]}<\/script>\n<meta property=\"product:price:amount\" content=\"43.88\" \/>\n<meta property=\"product:price:currency\" content=\"CHF\" \/>\n<meta property=\"og:availability\" content=\"out of stock\" \/>\n<meta property=\"product:availability\" content=\"out of stock\" \/>\n<meta property=\"product:retailer_item_id\" content=\"753950000476\" \/>\n<meta property=\"product:condition\" content=\"new\" \/>\n<!-- \/ Yoast SEO plugin. -->","yoast_head_json":{"title":"Digestive Enzymes \u2013 Doctor's Best | ecosupplements.ch","description":"16 Verdauungsenzyme und Bacillus subtilis in einer glutenfreien, vegetarischen Kapsel \u2013 90 Vcaps von Doctor's Best. Jetzt bestellen.","robots":{"index":"index","follow":"follow","max-snippet":"max-snippet:-1","max-image-preview":"max-image-preview:large","max-video-preview":"max-video-preview:-1"},"canonical":"https:\/\/ecosupplements.ch\/?product=digestive-enzymes-90-vcaps","og_locale":"de_DE","og_type":"article","og_title":"Digestive Enzymes \u2013 Doctor's Best | ecosupplements.ch","og_description":"16 Verdauungsenzyme und Bacillus subtilis in einer glutenfreien, vegetarischen Kapsel \u2013 90 Vcaps von Doctor's Best. Jetzt bestellen.","og_url":"https:\/\/ecosupplements.ch\/?product=digestive-enzymes-90-vcaps","og_site_name":"Eco Supplements","article_modified_time":"2026-05-13T07:24:29+00:00","og_image":[{"width":1000,"height":1000,"url":"https:\/\/ecosupplements.ch\/wp-content\/uploads\/2026\/05\/Digestive-Enzymes-90-vcaps.webp","type":"image\/jpeg"}],"twitter_card":"summary_large_image","twitter_misc":{"Price":"&#67;&#72;&#70;&nbsp;43.88","Availability":"Out of stock"},"schema":{"@context":"https:\/\/schema.org","@graph":[{"@type":"WebPage","@id":"https:\/\/ecosupplements.ch\/?product=digestive-enzymes-90-vcaps","url":"https:\/\/ecosupplements.ch\/?product=digestive-enzymes-90-vcaps","name":"Digestive Enzymes \u2013 Doctor's Best | ecosupplements.ch","isPartOf":{"@id":"https:\/\/ecosupplements.ch\/#website"},"primaryImageOfPage":{"@id":"https:\/\/ecosupplements.ch\/?product=digestive-enzymes-90-vcaps#primaryimage"},"image":{"@id":"https:\/\/ecosupplements.ch\/?product=digestive-enzymes-90-vcaps#primaryimage"},"thumbnailUrl":"https:\/\/ecosupplements.ch\/wp-content\/uploads\/2026\/05\/Digestive-Enzymes-90-vcaps.webp","datePublished":"2026-05-11T14:43:07+00:00","dateModified":"2026-05-13T07:24:29+00:00","description":"16 Verdauungsenzyme und Bacillus subtilis in einer glutenfreien, vegetarischen Kapsel \u2013 90 Vcaps von Doctor's Best. Jetzt bestellen.","breadcrumb":{"@id":"https:\/\/ecosupplements.ch\/?product=digestive-enzymes-90-vcaps#breadcrumb"},"inLanguage":"de-CH","potentialAction":[{"@type":"ReadAction","target":["https:\/\/ecosupplements.ch\/?product=digestive-enzymes-90-vcaps"]}]},{"@type":"ImageObject","inLanguage":"de-CH","@id":"https:\/\/ecosupplements.ch\/?product=digestive-enzymes-90-vcaps#primaryimage","url":"https:\/\/ecosupplements.ch\/wp-content\/uploads\/2026\/05\/Digestive-Enzymes-90-vcaps.webp","contentUrl":"https:\/\/ecosupplements.ch\/wp-content\/uploads\/2026\/05\/Digestive-Enzymes-90-vcaps.webp","width":1000,"height":1000,"caption":"Digestive Enzymes - 90 vcaps"},{"@type":"BreadcrumbList","@id":"https:\/\/ecosupplements.ch\/?product=digestive-enzymes-90-vcaps#breadcrumb","itemListElement":[{"@type":"ListItem","position":1,"name":"Home","item":"https:\/\/ecosupplements.ch\/"},{"@type":"ListItem","position":2,"name":"Shop","item":"https:\/\/ecosupplements.ch\/?page_id=14"},{"@type":"ListItem","position":3,"name":"Digestive Enzymes &#8211; 90 vcaps"}]},{"@type":"WebSite","@id":"https:\/\/ecosupplements.ch\/#website","url":"https:\/\/ecosupplements.ch\/","name":"Eco Supplements","description":"","potentialAction":[{"@type":"SearchAction","target":{"@type":"EntryPoint","urlTemplate":"https:\/\/ecosupplements.ch\/?s={search_term_string}"},"query-input":{"@type":"PropertyValueSpecification","valueRequired":true,"valueName":"search_term_string"}}],"inLanguage":"de-CH"}]},"product_price_amount":"43.88","product_price_currency":"CHF","og_availability":"out of stock","product_availability":"out of stock","product_retailer_item_id":"753950000476","product_condition":"new"},"_links":{"self":[{"href":"https:\/\/ecosupplements.ch\/index.php?rest_route=\/wp\/v2\/product\/3140","targetHints":{"allow":["GET"]}}],"collection":[{"href":"https:\/\/ecosupplements.ch\/index.php?rest_route=\/wp\/v2\/product"}],"about":[{"href":"https:\/\/ecosupplements.ch\/index.php?rest_route=\/wp\/v2\/types\/product"}],"replies":[{"embeddable":true,"href":"https:\/\/ecosupplements.ch\/index.php?rest_route=%2Fwp%2Fv2%2Fcomments&post=3140"}],"wp:featuredmedia":[{"embeddable":true,"href":"https:\/\/ecosupplements.ch\/index.php?rest_route=\/wp\/v2\/media\/3141"}],"wp:attachment":[{"href":"https:\/\/ecosupplements.ch\/index.php?rest_route=%2Fwp%2Fv2%2Fmedia&parent=3140"}],"wp:term":[{"taxonomy":"product_brand","embeddable":true,"href":"https:\/\/ecosupplements.ch\/index.php?rest_route=%2Fwp%2Fv2%2Fproduct_brand&post=3140"},{"taxonomy":"product_cat","embeddable":true,"href":"https:\/\/ecosupplements.ch\/index.php?rest_route=%2Fwp%2Fv2%2Fproduct_cat&post=3140"},{"taxonomy":"product_tag","embeddable":true,"href":"https:\/\/ecosupplements.ch\/index.php?rest_route=%2Fwp%2Fv2%2Fproduct_tag&post=3140"}],"curies":[{"name":"wp","href":"https:\/\/api.w.org\/{rel}","templated":true}]}}