{"id":3155,"date":"2026-05-11T14:43:15","date_gmt":"2026-05-11T14:43:15","guid":{"rendered":"https:\/\/ecosupplements.ch\/?product=high-absorption-iron-27mg-120-tablets"},"modified":"2026-05-13T07:24:31","modified_gmt":"2026-05-13T07:24:31","slug":"high-absorption-iron-27mg-120-tablets","status":"publish","type":"product","link":"https:\/\/ecosupplements.ch\/?product=high-absorption-iron-27mg-120-tablets","title":{"rendered":"High Absorption Iron, 27mg &#8211; 120 tablets"},"content":{"rendered":"<div class=\"chcg-product-description\">\n<h2 class=\"chcg-heading\">\u00dcber Doctor&#8217;s Best \u2013 High Absorption Iron, 27mg \u2013 120 Tabletten<\/h2>\n<div class=\"chcg-intro\">\n<p>Doctor&#8217;s Best High Absorption Iron liefert 27 mg Eisen pro Tablette in Form von Ferrochel\u00ae \u2013 einem patentierten Eisen-Bisglycinat-Chelat, das f\u00fcr seine ausgezeichnete Bioverf\u00fcgbarkeit bekannt ist. Eisen tr\u00e4gt zur normalen Bildung von roten Blutk\u00f6rperchen und H\u00e4moglobin bei, unterst\u00fctzt den normalen Sauerstofftransport im K\u00f6rper und hilft, M\u00fcdigkeit und Ersch\u00f6pfung zu verringern.<\/p>\n<p>Dank der Chelatform wird das Eisen sanft aufgenommen und ist magenvertr\u00e4glicher als viele herk\u00f6mmliche Eisenverbindungen. Jede Tablette deckt 193 % des Referenzn\u00e4hrwerts \u2013 ideal f\u00fcr Personen mit erh\u00f6htem Eisenbedarf.<\/p>\n<p>Das Produkt ist frei von GVO, Gluten, Soja und tierischen Inhaltsstoffen und damit f\u00fcr eine vegane und vegetarische Ern\u00e4hrung geeignet. Die kompakten Tabletten lassen sich unkompliziert in den Alltag integrieren.<\/p>\n<\/p><\/div>\n<div class=\"chcg-nutrition\">\n<h3>N\u00e4hrwertangaben<\/h3>\n<table class=\"chcg-nutrition-table\">\n<thead>\n<tr>\n<th>N\u00e4hrstoff<\/th>\n<th>Pro Portion (1 Tablette)<\/th>\n<\/tr>\n<\/thead>\n<tbody>\n<tr>\n<td>Eisen (aus Ferrochel\u00ae, Eisen-Bisglycinat-Chelat)<\/td>\n<td>27 mg (193 % NRV)<\/td>\n<\/tr>\n<\/tbody>\n<\/table><\/div>\n<div class=\"chcg-ingredients\">\n<h3>Zutaten<\/h3>\n<p>Eisen (aus Ferrochel\u00ae, Eisen-Bisglycinat-Chelat) 27 mg. Weitere Zutaten: mikrokristalline Cellulose, Croscarmellose-Natrium, \u00dcberzug (gereinigtes Wasser, Hypromellose, Hydroxypropylcellulose, Glycerin), Magnesiumstearat (pflanzlicher Herkunft), Siliziumdioxid.<\/p>\n<\/p><\/div>\n<div class=\"chcg-dosage\">\n<h3>Verzehrempfehlung<\/h3>\n<p>1 Tablette t\u00e4glich zu einer Mahlzeit einnehmen oder gem\u00e4ss Empfehlung einer ern\u00e4hrungsmedizinisch versierten Fachperson.<\/p>\n<\/p><\/div>\n<div class=\"chcg-warnings\">\n<h3>Warnhinweise<\/h3>\n<p>Eine versehentliche \u00dcberdosierung eisenhaltiger Produkte ist eine der h\u00e4ufigsten Ursachen f\u00fcr t\u00f6dliche Vergiftungen bei Kindern unter 6 Jahren. Dieses Produkt ausserhalb der Reichweite von Kindern aufbewahren. Im Falle einer versehentlichen \u00dcberdosierung sofort einen Arzt oder eine Giftnotrufzentrale kontaktieren.<\/p>\n<\/p><\/div>\n<div class=\"chcg-allergens\">\n<h3>Allergeninformationen<\/h3>\n<p>Frei von GVO, Gluten, Soja und tierischen Inhaltsstoffen.<\/p>\n<\/p><\/div>\n<div class=\"chcg-storage\">\n<h3>Lagerung<\/h3>\n<p>An einem k\u00fchlen, trockenen Ort aufbewahren.<\/p>\n<\/p><\/div>\n<div class=\"chcg-dietary\">\n<h3>Ern\u00e4hrungshinweise<\/h3>\n<ul>\n<li>Vegan<\/li>\n<li>Vegetarisch<\/li>\n<li>Glutenfrei<\/li>\n<\/ul><\/div>\n<\/div>\n","protected":false},"excerpt":{"rendered":"<p>Doctor&#8217;s Best High Absorption Iron liefert 27 mg gut vertr\u00e4gliches Eisen-Bisglycinat-Chelat (Ferrochel\u00ae) pro Tablette \u2013 f\u00fcr normale Blutbildung und Energiestoffwechsel. 120 Tabletten, vegan und glutenfrei.<\/p>\n","protected":false},"featured_media":3156,"comment_status":"closed","ping_status":"open","template":"","meta":[],"product_brand":[177],"product_cat":[23,110,48,22,171,21],"product_tag":[],"class_list":{"0":"post-3155","1":"product","2":"type-product","3":"status-publish","4":"has-post-thumbnail","6":"product_brand-doctors-best","7":"product_cat-einige-mineralien","8":"product_cat-eisen","9":"product_cat-gesunde-ernaehrung","10":"product_cat-vegane-produkte","11":"product_cat-vitamine-und-mineralien","12":"product_cat-vitamine-und-mineralstoffe","14":"first","15":"outofstock","16":"taxable","17":"shipping-taxable","18":"purchasable","19":"product-type-simple"},"yoast_head":"<!-- This site is optimized with the Yoast SEO plugin v27.5 - https:\/\/yoast.com\/product\/yoast-seo-wordpress\/ -->\n<title>High Absorption Iron 27mg \u2013 Doctor&#039;s Best | ecosupplements.ch<\/title>\n<meta name=\"description\" content=\"Hochwertiges Eisen als Bisglycinat-Chelat f\u00fcr optimale Aufnahme \u2013 120 vegane Tabletten von Doctor&#039;s Best. Jetzt bestellen.\" \/>\n<meta name=\"robots\" content=\"index, follow, max-snippet:-1, max-image-preview:large, max-video-preview:-1\" \/>\n<link rel=\"canonical\" href=\"https:\/\/ecosupplements.ch\/?product=high-absorption-iron-27mg-120-tablets\" \/>\n<meta property=\"og:locale\" content=\"de_DE\" \/>\n<meta property=\"og:type\" content=\"article\" \/>\n<meta property=\"og:title\" content=\"High Absorption Iron 27mg \u2013 Doctor&#039;s Best | ecosupplements.ch\" \/>\n<meta property=\"og:description\" content=\"Hochwertiges Eisen als Bisglycinat-Chelat f\u00fcr optimale Aufnahme \u2013 120 vegane Tabletten von Doctor&#039;s Best. Jetzt bestellen.\" \/>\n<meta property=\"og:url\" content=\"https:\/\/ecosupplements.ch\/?product=high-absorption-iron-27mg-120-tablets\" \/>\n<meta property=\"og:site_name\" content=\"Eco Supplements\" \/>\n<meta property=\"article:modified_time\" content=\"2026-05-13T07:24:31+00:00\" \/>\n<meta property=\"og:image\" content=\"https:\/\/ecosupplements.ch\/wp-content\/uploads\/2026\/05\/High-Absorption-Iron-27mg-120-tablets.webp\" \/>\n\t<meta property=\"og:image:width\" content=\"1000\" \/>\n\t<meta property=\"og:image:height\" content=\"1000\" \/>\n\t<meta property=\"og:image:type\" content=\"image\/jpeg\" \/>\n<meta name=\"twitter:card\" content=\"summary_large_image\" \/>\n<meta name=\"twitter:label1\" content=\"Price\" \/>\n\t<meta name=\"twitter:data1\" content=\"&#067;&#072;&#070;&nbsp;16.03\" \/>\n\t<meta name=\"twitter:label2\" content=\"Availability\" \/>\n\t<meta name=\"twitter:data2\" content=\"Out of stock\" \/>\n<script type=\"application\/ld+json\" class=\"yoast-schema-graph\">{\"@context\":\"https:\\\/\\\/schema.org\",\"@graph\":[{\"@type\":\"WebPage\",\"@id\":\"https:\\\/\\\/ecosupplements.ch\\\/?product=high-absorption-iron-27mg-120-tablets\",\"url\":\"https:\\\/\\\/ecosupplements.ch\\\/?product=high-absorption-iron-27mg-120-tablets\",\"name\":\"High Absorption Iron 27mg \u2013 Doctor's Best | ecosupplements.ch\",\"isPartOf\":{\"@id\":\"https:\\\/\\\/ecosupplements.ch\\\/#website\"},\"primaryImageOfPage\":{\"@id\":\"https:\\\/\\\/ecosupplements.ch\\\/?product=high-absorption-iron-27mg-120-tablets#primaryimage\"},\"image\":{\"@id\":\"https:\\\/\\\/ecosupplements.ch\\\/?product=high-absorption-iron-27mg-120-tablets#primaryimage\"},\"thumbnailUrl\":\"https:\\\/\\\/ecosupplements.ch\\\/wp-content\\\/uploads\\\/2026\\\/05\\\/High-Absorption-Iron-27mg-120-tablets.webp\",\"datePublished\":\"2026-05-11T14:43:15+00:00\",\"dateModified\":\"2026-05-13T07:24:31+00:00\",\"description\":\"Hochwertiges Eisen als Bisglycinat-Chelat f\u00fcr optimale Aufnahme \u2013 120 vegane Tabletten von Doctor's Best. Jetzt bestellen.\",\"breadcrumb\":{\"@id\":\"https:\\\/\\\/ecosupplements.ch\\\/?product=high-absorption-iron-27mg-120-tablets#breadcrumb\"},\"inLanguage\":\"de-CH\",\"potentialAction\":[{\"@type\":\"ReadAction\",\"target\":[\"https:\\\/\\\/ecosupplements.ch\\\/?product=high-absorption-iron-27mg-120-tablets\"]}]},{\"@type\":\"ImageObject\",\"inLanguage\":\"de-CH\",\"@id\":\"https:\\\/\\\/ecosupplements.ch\\\/?product=high-absorption-iron-27mg-120-tablets#primaryimage\",\"url\":\"https:\\\/\\\/ecosupplements.ch\\\/wp-content\\\/uploads\\\/2026\\\/05\\\/High-Absorption-Iron-27mg-120-tablets.webp\",\"contentUrl\":\"https:\\\/\\\/ecosupplements.ch\\\/wp-content\\\/uploads\\\/2026\\\/05\\\/High-Absorption-Iron-27mg-120-tablets.webp\",\"width\":1000,\"height\":1000,\"caption\":\"High Absorption Iron\"},{\"@type\":\"BreadcrumbList\",\"@id\":\"https:\\\/\\\/ecosupplements.ch\\\/?product=high-absorption-iron-27mg-120-tablets#breadcrumb\",\"itemListElement\":[{\"@type\":\"ListItem\",\"position\":1,\"name\":\"Home\",\"item\":\"https:\\\/\\\/ecosupplements.ch\\\/\"},{\"@type\":\"ListItem\",\"position\":2,\"name\":\"Shop\",\"item\":\"https:\\\/\\\/ecosupplements.ch\\\/?page_id=14\"},{\"@type\":\"ListItem\",\"position\":3,\"name\":\"High Absorption Iron, 27mg &#8211; 120 tablets\"}]},{\"@type\":\"WebSite\",\"@id\":\"https:\\\/\\\/ecosupplements.ch\\\/#website\",\"url\":\"https:\\\/\\\/ecosupplements.ch\\\/\",\"name\":\"Eco Supplements\",\"description\":\"\",\"potentialAction\":[{\"@type\":\"SearchAction\",\"target\":{\"@type\":\"EntryPoint\",\"urlTemplate\":\"https:\\\/\\\/ecosupplements.ch\\\/?s={search_term_string}\"},\"query-input\":{\"@type\":\"PropertyValueSpecification\",\"valueRequired\":true,\"valueName\":\"search_term_string\"}}],\"inLanguage\":\"de-CH\"}]}<\/script>\n<meta property=\"product:price:amount\" content=\"16.03\" \/>\n<meta property=\"product:price:currency\" content=\"CHF\" \/>\n<meta property=\"og:availability\" content=\"out of stock\" \/>\n<meta property=\"product:availability\" content=\"out of stock\" \/>\n<meta property=\"product:retailer_item_id\" content=\"753950004597\" \/>\n<meta property=\"product:condition\" content=\"new\" \/>\n<!-- \/ Yoast SEO plugin. -->","yoast_head_json":{"title":"High Absorption Iron 27mg \u2013 Doctor's Best | ecosupplements.ch","description":"Hochwertiges Eisen als Bisglycinat-Chelat f\u00fcr optimale Aufnahme \u2013 120 vegane Tabletten von Doctor's Best. Jetzt bestellen.","robots":{"index":"index","follow":"follow","max-snippet":"max-snippet:-1","max-image-preview":"max-image-preview:large","max-video-preview":"max-video-preview:-1"},"canonical":"https:\/\/ecosupplements.ch\/?product=high-absorption-iron-27mg-120-tablets","og_locale":"de_DE","og_type":"article","og_title":"High Absorption Iron 27mg \u2013 Doctor's Best | ecosupplements.ch","og_description":"Hochwertiges Eisen als Bisglycinat-Chelat f\u00fcr optimale Aufnahme \u2013 120 vegane Tabletten von Doctor's Best. Jetzt bestellen.","og_url":"https:\/\/ecosupplements.ch\/?product=high-absorption-iron-27mg-120-tablets","og_site_name":"Eco Supplements","article_modified_time":"2026-05-13T07:24:31+00:00","og_image":[{"width":1000,"height":1000,"url":"https:\/\/ecosupplements.ch\/wp-content\/uploads\/2026\/05\/High-Absorption-Iron-27mg-120-tablets.webp","type":"image\/jpeg"}],"twitter_card":"summary_large_image","twitter_misc":{"Price":"&#67;&#72;&#70;&nbsp;16.03","Availability":"Out of stock"},"schema":{"@context":"https:\/\/schema.org","@graph":[{"@type":"WebPage","@id":"https:\/\/ecosupplements.ch\/?product=high-absorption-iron-27mg-120-tablets","url":"https:\/\/ecosupplements.ch\/?product=high-absorption-iron-27mg-120-tablets","name":"High Absorption Iron 27mg \u2013 Doctor's Best | ecosupplements.ch","isPartOf":{"@id":"https:\/\/ecosupplements.ch\/#website"},"primaryImageOfPage":{"@id":"https:\/\/ecosupplements.ch\/?product=high-absorption-iron-27mg-120-tablets#primaryimage"},"image":{"@id":"https:\/\/ecosupplements.ch\/?product=high-absorption-iron-27mg-120-tablets#primaryimage"},"thumbnailUrl":"https:\/\/ecosupplements.ch\/wp-content\/uploads\/2026\/05\/High-Absorption-Iron-27mg-120-tablets.webp","datePublished":"2026-05-11T14:43:15+00:00","dateModified":"2026-05-13T07:24:31+00:00","description":"Hochwertiges Eisen als Bisglycinat-Chelat f\u00fcr optimale Aufnahme \u2013 120 vegane Tabletten von Doctor's Best. Jetzt bestellen.","breadcrumb":{"@id":"https:\/\/ecosupplements.ch\/?product=high-absorption-iron-27mg-120-tablets#breadcrumb"},"inLanguage":"de-CH","potentialAction":[{"@type":"ReadAction","target":["https:\/\/ecosupplements.ch\/?product=high-absorption-iron-27mg-120-tablets"]}]},{"@type":"ImageObject","inLanguage":"de-CH","@id":"https:\/\/ecosupplements.ch\/?product=high-absorption-iron-27mg-120-tablets#primaryimage","url":"https:\/\/ecosupplements.ch\/wp-content\/uploads\/2026\/05\/High-Absorption-Iron-27mg-120-tablets.webp","contentUrl":"https:\/\/ecosupplements.ch\/wp-content\/uploads\/2026\/05\/High-Absorption-Iron-27mg-120-tablets.webp","width":1000,"height":1000,"caption":"High Absorption Iron"},{"@type":"BreadcrumbList","@id":"https:\/\/ecosupplements.ch\/?product=high-absorption-iron-27mg-120-tablets#breadcrumb","itemListElement":[{"@type":"ListItem","position":1,"name":"Home","item":"https:\/\/ecosupplements.ch\/"},{"@type":"ListItem","position":2,"name":"Shop","item":"https:\/\/ecosupplements.ch\/?page_id=14"},{"@type":"ListItem","position":3,"name":"High Absorption Iron, 27mg &#8211; 120 tablets"}]},{"@type":"WebSite","@id":"https:\/\/ecosupplements.ch\/#website","url":"https:\/\/ecosupplements.ch\/","name":"Eco Supplements","description":"","potentialAction":[{"@type":"SearchAction","target":{"@type":"EntryPoint","urlTemplate":"https:\/\/ecosupplements.ch\/?s={search_term_string}"},"query-input":{"@type":"PropertyValueSpecification","valueRequired":true,"valueName":"search_term_string"}}],"inLanguage":"de-CH"}]},"product_price_amount":"16.03","product_price_currency":"CHF","og_availability":"out of stock","product_availability":"out of stock","product_retailer_item_id":"753950004597","product_condition":"new"},"_links":{"self":[{"href":"https:\/\/ecosupplements.ch\/index.php?rest_route=\/wp\/v2\/product\/3155","targetHints":{"allow":["GET"]}}],"collection":[{"href":"https:\/\/ecosupplements.ch\/index.php?rest_route=\/wp\/v2\/product"}],"about":[{"href":"https:\/\/ecosupplements.ch\/index.php?rest_route=\/wp\/v2\/types\/product"}],"replies":[{"embeddable":true,"href":"https:\/\/ecosupplements.ch\/index.php?rest_route=%2Fwp%2Fv2%2Fcomments&post=3155"}],"wp:featuredmedia":[{"embeddable":true,"href":"https:\/\/ecosupplements.ch\/index.php?rest_route=\/wp\/v2\/media\/3156"}],"wp:attachment":[{"href":"https:\/\/ecosupplements.ch\/index.php?rest_route=%2Fwp%2Fv2%2Fmedia&parent=3155"}],"wp:term":[{"taxonomy":"product_brand","embeddable":true,"href":"https:\/\/ecosupplements.ch\/index.php?rest_route=%2Fwp%2Fv2%2Fproduct_brand&post=3155"},{"taxonomy":"product_cat","embeddable":true,"href":"https:\/\/ecosupplements.ch\/index.php?rest_route=%2Fwp%2Fv2%2Fproduct_cat&post=3155"},{"taxonomy":"product_tag","embeddable":true,"href":"https:\/\/ecosupplements.ch\/index.php?rest_route=%2Fwp%2Fv2%2Fproduct_tag&post=3155"}],"curies":[{"name":"wp","href":"https:\/\/api.w.org\/{rel}","templated":true}]}}