{"id":3239,"date":"2026-05-11T14:43:56","date_gmt":"2026-05-11T14:43:56","guid":{"rendered":"https:\/\/ecosupplements.ch\/?product=vitamin-d3-5000-iu-100-softgels"},"modified":"2026-05-13T07:24:53","modified_gmt":"2026-05-13T07:24:53","slug":"vitamin-d3-5000-iu-100-softgels","status":"publish","type":"product","link":"https:\/\/ecosupplements.ch\/?product=vitamin-d3-5000-iu-100-softgels","title":{"rendered":"Vitamin D3, 5000 IU &#8211; 100 softgels"},"content":{"rendered":"<div class=\"chcg-product-description\">\n<h2 class=\"chcg-heading\">\u00dcber Jarrow Formulas \u2013 Vitamin D3, 5000 IU \u2013 100 Softgels<\/h2>\n<div class=\"chcg-intro\">\n<p>Vitamin D3 von Jarrow Formulas liefert 125 mcg (5&#8217;000 IU) Cholecalciferol pro Softgel \u2013 die nat\u00fcrliche und vom K\u00f6rper bevorzugt verwertbare Form von Vitamin D. Vitamin D tr\u00e4gt zur normalen Funktion des Immunsystems, zur Erhaltung normaler Knochen und Z\u00e4hne sowie zur normalen Muskelfunktion bei.<\/p>\n<p>Die Formulierung auf Basis von Oliven\u00f6l unterst\u00fctzt die optimale Aufnahme dieses fettl\u00f6slichen Vitamins. Jede Softgel ist einfach einzunehmen und eignet sich ideal zur t\u00e4glichen Anwendung zusammen mit einer fetthaltigen Mahlzeit.<\/p>\n<p>Dieses Produkt wurde speziell f\u00fcr Personen mit einem erh\u00f6hten Vitamin-D-Bedarf oder einem von einem Fachmann festgestellten Mangel entwickelt. Die praktische Packung mit 100 Softgels sichert eine langfristige Versorgung.<\/p>\n<\/p><\/div>\n<div class=\"chcg-nutrition\">\n<h3>N\u00e4hrwertangaben<\/h3>\n<table class=\"chcg-nutrition-table\">\n<thead>\n<tr>\n<th>N\u00e4hrstoff<\/th>\n<th>Pro Portion (1 Softgel)<\/th>\n<\/tr>\n<\/thead>\n<tbody>\n<tr>\n<td>Vitamin D3 (als Cholecalciferol)<\/td>\n<td>125 mcg (5&#8217;000 IU) | 625% des Tagesbedarfs<\/td>\n<\/tr>\n<\/tbody>\n<\/table><\/div>\n<div class=\"chcg-ingredients\">\n<h3>Zutaten<\/h3>\n<p>Vitamin D3 (als Cholecalciferol) 125 mcg (5&#8217;000 IU). Weitere Zutaten: Oliven\u00f6l.<\/p>\n<p class=\"chcg-capsule-shell\">Kapselh\u00fclle (Softgel): Rindergelatine, Glycerin, Wasser.<\/p>\n<\/p><\/div>\n<div class=\"chcg-dosage\">\n<h3>Verzehrempfehlung<\/h3>\n<p>Erwachsene nehmen 1 Softgel einmal t\u00e4glich zu einer fetthaltigen Mahlzeit ein oder gem\u00e4ss Anweisung einer qualifizierten Fachperson f\u00fcr Gesundheitswesen.<\/p>\n<\/p><\/div>\n<div class=\"chcg-warnings\">\n<h3>Warnhinweise<\/h3>\n<p>Nur gem\u00e4ss Anweisung einer Fachperson f\u00fcr Gesundheitswesen verwenden. Konsultieren Sie vor der Einnahme dieses Produkts eine Fachperson f\u00fcr Gesundheitswesen, wenn Sie schwanger sind, stillen, unter 18 Jahre alt sind, Medikamente einnehmen oder an einer Erkrankung leiden (insbesondere Leber-, Nierenstein- oder Nierenfunktionsst\u00f6rungen, Knochen- und Herzerkrankungen, Hyperparathyreoidismus, Hyperkalz\u00e4mie, Lymphom oder Sarkoidose). Die empfohlene Tagesdosis nicht \u00fcberschreiten und nicht zusammen mit anderen Vitamin-D-Pr\u00e4paraten einnehmen. Dieses Produkt ist f\u00fcr den kurzfristigen Gebrauch durch Personen mit erh\u00f6htem Vitamin-D-Bedarf und\/oder -Mangel konzipiert, wie von einer Fachperson f\u00fcr Gesundheitswesen festgestellt. Personen, die t\u00e4glich mehr als 50 mcg (2&#8217;000 IU) Vitamin D einnehmen, sollten regelm\u00e4ssig ihren Serum-25-Hydroxy-Vitamin-D-Spiegel messen lassen. Zu den Nebenwirkungen einer \u00fcberm\u00e4ssigen Vitamin-D-Einnahme geh\u00f6ren anhaltende \u00dcbelkeit, Schwindel, Erbrechen, Schl\u00e4frigkeit und Schmerzen. Bei unerw\u00fcnschten Reaktionen die Einnahme abbrechen. Ausserhalb der Reichweite von Kindern aufbewahren.<\/p>\n<\/p><\/div>\n<div class=\"chcg-allergens\">\n<h3>Allergeninformationen<\/h3>\n<p>Ohne Weizen, Gluten, Sojabohnen, Milchprodukte, Ei, Fisch\/Schalentiere, Erdn\u00fcsse\/Baumn\u00fcsse oder Sesam.<\/p>\n<\/p><\/div>\n<div class=\"chcg-storage\">\n<h3>Lagerung<\/h3>\n<p>An einem k\u00fchlen, trockenen Ort aufbewahren. Nicht verwenden, wenn das Sicherheitssiegel besch\u00e4digt oder nicht vorhanden ist.<\/p>\n<\/p><\/div>\n<div class=\"chcg-dietary\">\n<h3>Ern\u00e4hrungshinweise<\/h3>\n<ul>\n<li>Glutenfrei<\/li>\n<li>Laktosefrei<\/li>\n<\/ul><\/div>\n<\/div>\n","protected":false},"excerpt":{"rendered":"<p>Vitamin D3 von Jarrow Formulas liefert 5&#8217;000 IU Cholecalciferol pro Softgel zur Unterst\u00fctzung von Immunsystem, Knochen und Muskeln. 100 Softgels pro Packung, glutenfrei und laktosefrei.<\/p>\n","protected":false},"featured_media":3240,"comment_status":"closed","ping_status":"open","template":"","meta":[],"product_brand":[198],"product_cat":[27,48,30,21],"product_tag":[],"class_list":{"0":"post-3239","1":"product","2":"type-product","3":"status-publish","4":"has-post-thumbnail","6":"product_brand-jarrow-formulas","7":"product_cat-einige-vitamine","8":"product_cat-gesunde-ernaehrung","9":"product_cat-vitamin-d","10":"product_cat-vitamine-und-mineralstoffe","12":"first","13":"outofstock","14":"taxable","15":"shipping-taxable","16":"purchasable","17":"product-type-simple"},"yoast_head":"<!-- This site is optimized with the Yoast SEO plugin v27.5 - https:\/\/yoast.com\/product\/yoast-seo-wordpress\/ -->\n<title>Vitamin D3 5000 IU Softgels \u2013 Jarrow Formulas | ecosupplements.ch<\/title>\n<meta name=\"description\" content=\"Jarrow Formulas Vitamin D3 mit 5&#039;000 IU pro Softgel \u2013 f\u00fcr Immunsystem, Knochen und Muskeln. 100 Softgels, glutenfrei. Jetzt bestellen.\" \/>\n<meta name=\"robots\" content=\"index, follow, max-snippet:-1, max-image-preview:large, max-video-preview:-1\" \/>\n<link rel=\"canonical\" href=\"https:\/\/ecosupplements.ch\/?product=vitamin-d3-5000-iu-100-softgels\" \/>\n<meta property=\"og:locale\" content=\"de_DE\" \/>\n<meta property=\"og:type\" content=\"article\" \/>\n<meta property=\"og:title\" content=\"Vitamin D3 5000 IU Softgels \u2013 Jarrow Formulas | ecosupplements.ch\" \/>\n<meta property=\"og:description\" content=\"Jarrow Formulas Vitamin D3 mit 5&#039;000 IU pro Softgel \u2013 f\u00fcr Immunsystem, Knochen und Muskeln. 100 Softgels, glutenfrei. Jetzt bestellen.\" \/>\n<meta property=\"og:url\" content=\"https:\/\/ecosupplements.ch\/?product=vitamin-d3-5000-iu-100-softgels\" \/>\n<meta property=\"og:site_name\" content=\"Eco Supplements\" \/>\n<meta property=\"article:modified_time\" content=\"2026-05-13T07:24:53+00:00\" \/>\n<meta property=\"og:image\" content=\"https:\/\/ecosupplements.ch\/wp-content\/uploads\/2026\/05\/Vitamin-D3-5000-IU-100-softgels.webp\" \/>\n\t<meta property=\"og:image:width\" content=\"1000\" \/>\n\t<meta property=\"og:image:height\" content=\"1000\" \/>\n\t<meta property=\"og:image:type\" content=\"image\/jpeg\" \/>\n<meta name=\"twitter:card\" content=\"summary_large_image\" \/>\n<meta name=\"twitter:label1\" content=\"Price\" \/>\n\t<meta name=\"twitter:data1\" content=\"&#067;&#072;&#070;&nbsp;17.27\" \/>\n\t<meta name=\"twitter:label2\" content=\"Availability\" \/>\n\t<meta name=\"twitter:data2\" content=\"Out of stock\" \/>\n<script type=\"application\/ld+json\" class=\"yoast-schema-graph\">{\"@context\":\"https:\\\/\\\/schema.org\",\"@graph\":[{\"@type\":\"WebPage\",\"@id\":\"https:\\\/\\\/ecosupplements.ch\\\/?product=vitamin-d3-5000-iu-100-softgels\",\"url\":\"https:\\\/\\\/ecosupplements.ch\\\/?product=vitamin-d3-5000-iu-100-softgels\",\"name\":\"Vitamin D3 5000 IU Softgels \u2013 Jarrow Formulas | ecosupplements.ch\",\"isPartOf\":{\"@id\":\"https:\\\/\\\/ecosupplements.ch\\\/#website\"},\"primaryImageOfPage\":{\"@id\":\"https:\\\/\\\/ecosupplements.ch\\\/?product=vitamin-d3-5000-iu-100-softgels#primaryimage\"},\"image\":{\"@id\":\"https:\\\/\\\/ecosupplements.ch\\\/?product=vitamin-d3-5000-iu-100-softgels#primaryimage\"},\"thumbnailUrl\":\"https:\\\/\\\/ecosupplements.ch\\\/wp-content\\\/uploads\\\/2026\\\/05\\\/Vitamin-D3-5000-IU-100-softgels.webp\",\"datePublished\":\"2026-05-11T14:43:56+00:00\",\"dateModified\":\"2026-05-13T07:24:53+00:00\",\"description\":\"Jarrow Formulas Vitamin D3 mit 5'000 IU pro Softgel \u2013 f\u00fcr Immunsystem, Knochen und Muskeln. 100 Softgels, glutenfrei. Jetzt bestellen.\",\"breadcrumb\":{\"@id\":\"https:\\\/\\\/ecosupplements.ch\\\/?product=vitamin-d3-5000-iu-100-softgels#breadcrumb\"},\"inLanguage\":\"de-CH\",\"potentialAction\":[{\"@type\":\"ReadAction\",\"target\":[\"https:\\\/\\\/ecosupplements.ch\\\/?product=vitamin-d3-5000-iu-100-softgels\"]}]},{\"@type\":\"ImageObject\",\"inLanguage\":\"de-CH\",\"@id\":\"https:\\\/\\\/ecosupplements.ch\\\/?product=vitamin-d3-5000-iu-100-softgels#primaryimage\",\"url\":\"https:\\\/\\\/ecosupplements.ch\\\/wp-content\\\/uploads\\\/2026\\\/05\\\/Vitamin-D3-5000-IU-100-softgels.webp\",\"contentUrl\":\"https:\\\/\\\/ecosupplements.ch\\\/wp-content\\\/uploads\\\/2026\\\/05\\\/Vitamin-D3-5000-IU-100-softgels.webp\",\"width\":1000,\"height\":1000,\"caption\":\"Vitamin D3\"},{\"@type\":\"BreadcrumbList\",\"@id\":\"https:\\\/\\\/ecosupplements.ch\\\/?product=vitamin-d3-5000-iu-100-softgels#breadcrumb\",\"itemListElement\":[{\"@type\":\"ListItem\",\"position\":1,\"name\":\"Home\",\"item\":\"https:\\\/\\\/ecosupplements.ch\\\/\"},{\"@type\":\"ListItem\",\"position\":2,\"name\":\"Shop\",\"item\":\"https:\\\/\\\/ecosupplements.ch\\\/?page_id=14\"},{\"@type\":\"ListItem\",\"position\":3,\"name\":\"Vitamin D3, 5000 IU &#8211; 100 softgels\"}]},{\"@type\":\"WebSite\",\"@id\":\"https:\\\/\\\/ecosupplements.ch\\\/#website\",\"url\":\"https:\\\/\\\/ecosupplements.ch\\\/\",\"name\":\"Eco Supplements\",\"description\":\"\",\"potentialAction\":[{\"@type\":\"SearchAction\",\"target\":{\"@type\":\"EntryPoint\",\"urlTemplate\":\"https:\\\/\\\/ecosupplements.ch\\\/?s={search_term_string}\"},\"query-input\":{\"@type\":\"PropertyValueSpecification\",\"valueRequired\":true,\"valueName\":\"search_term_string\"}}],\"inLanguage\":\"de-CH\"}]}<\/script>\n<meta property=\"product:price:amount\" content=\"17.27\" \/>\n<meta property=\"product:price:currency\" content=\"CHF\" \/>\n<meta property=\"og:availability\" content=\"out of stock\" \/>\n<meta property=\"product:availability\" content=\"out of stock\" \/>\n<meta property=\"product:retailer_item_id\" content=\"790011300052\" \/>\n<meta property=\"product:condition\" content=\"new\" \/>\n<!-- \/ Yoast SEO plugin. -->","yoast_head_json":{"title":"Vitamin D3 5000 IU Softgels \u2013 Jarrow Formulas | ecosupplements.ch","description":"Jarrow Formulas Vitamin D3 mit 5'000 IU pro Softgel \u2013 f\u00fcr Immunsystem, Knochen und Muskeln. 100 Softgels, glutenfrei. Jetzt bestellen.","robots":{"index":"index","follow":"follow","max-snippet":"max-snippet:-1","max-image-preview":"max-image-preview:large","max-video-preview":"max-video-preview:-1"},"canonical":"https:\/\/ecosupplements.ch\/?product=vitamin-d3-5000-iu-100-softgels","og_locale":"de_DE","og_type":"article","og_title":"Vitamin D3 5000 IU Softgels \u2013 Jarrow Formulas | ecosupplements.ch","og_description":"Jarrow Formulas Vitamin D3 mit 5'000 IU pro Softgel \u2013 f\u00fcr Immunsystem, Knochen und Muskeln. 100 Softgels, glutenfrei. Jetzt bestellen.","og_url":"https:\/\/ecosupplements.ch\/?product=vitamin-d3-5000-iu-100-softgels","og_site_name":"Eco Supplements","article_modified_time":"2026-05-13T07:24:53+00:00","og_image":[{"width":1000,"height":1000,"url":"https:\/\/ecosupplements.ch\/wp-content\/uploads\/2026\/05\/Vitamin-D3-5000-IU-100-softgels.webp","type":"image\/jpeg"}],"twitter_card":"summary_large_image","twitter_misc":{"Price":"&#67;&#72;&#70;&nbsp;17.27","Availability":"Out of stock"},"schema":{"@context":"https:\/\/schema.org","@graph":[{"@type":"WebPage","@id":"https:\/\/ecosupplements.ch\/?product=vitamin-d3-5000-iu-100-softgels","url":"https:\/\/ecosupplements.ch\/?product=vitamin-d3-5000-iu-100-softgels","name":"Vitamin D3 5000 IU Softgels \u2013 Jarrow Formulas | ecosupplements.ch","isPartOf":{"@id":"https:\/\/ecosupplements.ch\/#website"},"primaryImageOfPage":{"@id":"https:\/\/ecosupplements.ch\/?product=vitamin-d3-5000-iu-100-softgels#primaryimage"},"image":{"@id":"https:\/\/ecosupplements.ch\/?product=vitamin-d3-5000-iu-100-softgels#primaryimage"},"thumbnailUrl":"https:\/\/ecosupplements.ch\/wp-content\/uploads\/2026\/05\/Vitamin-D3-5000-IU-100-softgels.webp","datePublished":"2026-05-11T14:43:56+00:00","dateModified":"2026-05-13T07:24:53+00:00","description":"Jarrow Formulas Vitamin D3 mit 5'000 IU pro Softgel \u2013 f\u00fcr Immunsystem, Knochen und Muskeln. 100 Softgels, glutenfrei. Jetzt bestellen.","breadcrumb":{"@id":"https:\/\/ecosupplements.ch\/?product=vitamin-d3-5000-iu-100-softgels#breadcrumb"},"inLanguage":"de-CH","potentialAction":[{"@type":"ReadAction","target":["https:\/\/ecosupplements.ch\/?product=vitamin-d3-5000-iu-100-softgels"]}]},{"@type":"ImageObject","inLanguage":"de-CH","@id":"https:\/\/ecosupplements.ch\/?product=vitamin-d3-5000-iu-100-softgels#primaryimage","url":"https:\/\/ecosupplements.ch\/wp-content\/uploads\/2026\/05\/Vitamin-D3-5000-IU-100-softgels.webp","contentUrl":"https:\/\/ecosupplements.ch\/wp-content\/uploads\/2026\/05\/Vitamin-D3-5000-IU-100-softgels.webp","width":1000,"height":1000,"caption":"Vitamin D3"},{"@type":"BreadcrumbList","@id":"https:\/\/ecosupplements.ch\/?product=vitamin-d3-5000-iu-100-softgels#breadcrumb","itemListElement":[{"@type":"ListItem","position":1,"name":"Home","item":"https:\/\/ecosupplements.ch\/"},{"@type":"ListItem","position":2,"name":"Shop","item":"https:\/\/ecosupplements.ch\/?page_id=14"},{"@type":"ListItem","position":3,"name":"Vitamin D3, 5000 IU &#8211; 100 softgels"}]},{"@type":"WebSite","@id":"https:\/\/ecosupplements.ch\/#website","url":"https:\/\/ecosupplements.ch\/","name":"Eco Supplements","description":"","potentialAction":[{"@type":"SearchAction","target":{"@type":"EntryPoint","urlTemplate":"https:\/\/ecosupplements.ch\/?s={search_term_string}"},"query-input":{"@type":"PropertyValueSpecification","valueRequired":true,"valueName":"search_term_string"}}],"inLanguage":"de-CH"}]},"product_price_amount":"17.27","product_price_currency":"CHF","og_availability":"out of stock","product_availability":"out of stock","product_retailer_item_id":"790011300052","product_condition":"new"},"_links":{"self":[{"href":"https:\/\/ecosupplements.ch\/index.php?rest_route=\/wp\/v2\/product\/3239","targetHints":{"allow":["GET"]}}],"collection":[{"href":"https:\/\/ecosupplements.ch\/index.php?rest_route=\/wp\/v2\/product"}],"about":[{"href":"https:\/\/ecosupplements.ch\/index.php?rest_route=\/wp\/v2\/types\/product"}],"replies":[{"embeddable":true,"href":"https:\/\/ecosupplements.ch\/index.php?rest_route=%2Fwp%2Fv2%2Fcomments&post=3239"}],"wp:featuredmedia":[{"embeddable":true,"href":"https:\/\/ecosupplements.ch\/index.php?rest_route=\/wp\/v2\/media\/3240"}],"wp:attachment":[{"href":"https:\/\/ecosupplements.ch\/index.php?rest_route=%2Fwp%2Fv2%2Fmedia&parent=3239"}],"wp:term":[{"taxonomy":"product_brand","embeddable":true,"href":"https:\/\/ecosupplements.ch\/index.php?rest_route=%2Fwp%2Fv2%2Fproduct_brand&post=3239"},{"taxonomy":"product_cat","embeddable":true,"href":"https:\/\/ecosupplements.ch\/index.php?rest_route=%2Fwp%2Fv2%2Fproduct_cat&post=3239"},{"taxonomy":"product_tag","embeddable":true,"href":"https:\/\/ecosupplements.ch\/index.php?rest_route=%2Fwp%2Fv2%2Fproduct_tag&post=3239"}],"curies":[{"name":"wp","href":"https:\/\/api.w.org\/{rel}","templated":true}]}}