{"id":3250,"date":"2026-05-11T14:44:01","date_gmt":"2026-05-11T14:44:01","guid":{"rendered":"https:\/\/ecosupplements.ch\/?product=anti-alcohol-complex-60-caps"},"modified":"2026-05-13T07:25:22","modified_gmt":"2026-05-13T07:25:22","slug":"anti-alcohol-complex-60-caps","status":"publish","type":"product","link":"https:\/\/ecosupplements.ch\/?product=anti-alcohol-complex-60-caps","title":{"rendered":"Anti-Alcohol Complex &#8211; 60 caps"},"content":{"rendered":"<div class=\"chcg-product-description\">\n<h2 class=\"chcg-heading\">\u00dcber Life Extension \u2013 Anti-Alcohol Complex \u2013 60 Kapseln<\/h2>\n<div class=\"chcg-intro\">\n<p>Der Anti-Alcohol Complex von Life Extension ist eine sorgf\u00e4ltig zusammengestellte N\u00e4hrstoffkombination, die speziell auf die k\u00f6rpereigenen Schutzmechanismen ausgerichtet ist. Die Formel vereint hochdosierte Vitamine, Aminos\u00e4uren sowie pflanzliche Extrakte in einer einzigen Kapsel, die bequem zum Verzehr mit alkoholischen Getr\u00e4nken eingenommen werden kann.<\/p>\n<p>Im Mittelpunkt der Formel stehen N-Acetyl-L-Cystein (NAC), Glutathion (reduziert) und Benfotiamin \u2013 Wirkstoffe, die f\u00fcr ihre Rolle als Vorl\u00e4ufer und Unterst\u00fctzer nat\u00fcrlicher antioxidativer Prozesse im K\u00f6rper bekannt sind. Erg\u00e4nzt werden sie durch Vitamin C, Vitamin E, Thiamin (B1), Zink und Selen, die alle zu einem normalen Schutz der Zellen vor oxidativem Stress sowie zu einem normalen Energiestoffwechsel beitragen.<\/p>\n<p>Der enthaltene HepatoProtection Complex beinhaltet Chlorophyllin, Leucoselect\u00ae Traubenkernextrakt, Silymarin aus Mariendistel, Gerstengras sowie Trans-Resveratrol. Diese Pflanzenstoffe werden im Rahmen einer ausgewogenen Ern\u00e4hrung als wertvolle Erg\u00e4nzung gesch\u00e4tzt. Das Produkt ist glutenfrei und enth\u00e4lt keine gentechnisch ver\u00e4nderten Organismen (GVO).<\/p>\n<\/p><\/div>\n<div class=\"chcg-nutrition\">\n<h3>N\u00e4hrwertangaben<\/h3>\n<table class=\"chcg-nutrition-table\">\n<thead>\n<tr>\n<th>N\u00e4hrstoff<\/th>\n<th>Pro Portion (5 Kapseln)<\/th>\n<\/tr>\n<\/thead>\n<tbody>\n<tr>\n<td>Vitamin C (als Ascorbins\u00e4ure)<\/td>\n<td>1000 mg (1250 % NRV)<\/td>\n<\/tr>\n<tr>\n<td>Vitamin E (als D-alpha-Tocopherylsuccinat)<\/td>\n<td>33,5 mg (279 % NRV)<\/td>\n<\/tr>\n<tr>\n<td>Thiamin (Vitamin B1) (als Thiamin-HCl)<\/td>\n<td>100 mg (9091 % NRV)<\/td>\n<\/tr>\n<tr>\n<td>Zink (als Zinkoxid)<\/td>\n<td>8 mg (80 % NRV)<\/td>\n<\/tr>\n<tr>\n<td>Selen (als Natriumselenit)<\/td>\n<td>25 mcg (45 % NRV)<\/td>\n<\/tr>\n<tr>\n<td>N-Acetyl-L-Cystein<\/td>\n<td>1200 mg *<\/td>\n<\/tr>\n<tr>\n<td>Benfotiamin<\/td>\n<td>600 mg *<\/td>\n<\/tr>\n<tr>\n<td>Clovinol\u00ae Nelkenextrakt (Bl\u00fctenknospe) [standardisiert auf 30 % Polyphenole]<\/td>\n<td>250 mg *<\/td>\n<\/tr>\n<tr>\n<td>Glutathion (reduziert)<\/td>\n<td>50 mg *<\/td>\n<\/tr>\n<tr>\n<td>HepatoProtection Complex<\/td>\n<td><\/td>\n<\/tr>\n<tr>\n<td>\u2013 Chlorophyllin (aus Natrium-Magnesium-Chlorophyllin)<\/td>\n<td>20 mg *<\/td>\n<\/tr>\n<tr>\n<td>\u2013 Leucoselect\u00ae Traubenkernextrakt (Samen) [standardisiert auf 95 % Proanthocyanidine]<\/td>\n<td>20 mg *<\/td>\n<\/tr>\n<tr>\n<td>\u2013 Silymarin [aus Mariendistelextrakt (Samen)]<\/td>\n<td>20 mg *<\/td>\n<\/tr>\n<tr>\n<td>\u2013 Gerstengras-Vollpulver (Blatt)<\/td>\n<td>15 mg *<\/td>\n<\/tr>\n<tr>\n<td>\u2013 Trans-Resveratrol [aus japanischem Kn\u00f6terich (Wurzel) und rotem Traubenextrakt (Frucht)]<\/td>\n<td>5 mg *<\/td>\n<\/tr>\n<\/tbody>\n<\/table>\n<p class=\"chcg-footnote\">* Kein festgelegter Tagesbedarf (NRV).<\/p>\n<p class=\"chcg-footnote\">Portionsgr\u00f6sse: 5 Kapseln | Portionen pro Packung: 12<\/p>\n<\/p><\/div>\n<div class=\"chcg-ingredients\">\n<h3>Zutaten<\/h3>\n<p>Vitamin C (als Ascorbins\u00e4ure) 1000 mg, Vitamin E (als D-alpha-Tocopherylsuccinat) 33,5 mg, Thiamin (Vitamin B1) (als Thiamin-HCl) 100 mg, Zink (als Zinkoxid) 8 mg, Selen (als Natriumselenit) 25 mcg, N-Acetyl-L-Cystein 1200 mg, Benfotiamin 600 mg, Clovinol\u00ae Nelkenextrakt (Bl\u00fctenknospe) [standardisiert auf 30 % Polyphenole] 250 mg, Glutathion (reduziert) 50 mg, HepatoProtection Complex: Chlorophyllin (aus Natrium-Magnesium-Chlorophyllin) 20 mg, Leucoselect\u00ae Traubenkernextrakt (Samen) [standardisiert auf 95 % Proanthocyanidine] 20 mg, Silymarin [aus Mariendistelextrakt (Samen)] 20 mg, Gerstengras-Vollpulver (Blatt) 15 mg, Trans-Resveratrol [aus japanischem Kn\u00f6terich (Wurzel) und rotem Traubenextrakt (Frucht)] 5 mg. Weitere Zutaten: Pflanzliche Zellulose (Kapsel), L-Leucin, Calciumsilikat, mikrokristalline Zellulose, Siliziumdioxid.<\/p>\n<p class=\"chcg-capsule-shell\">Kapselh\u00fclle: Pflanzliche Zellulose<\/p>\n<\/p><\/div>\n<div class=\"chcg-dosage\">\n<h3>Verzehrempfehlung<\/h3>\n<p>Erwachsene ab 21 Jahren nehmen eine (1) Kapsel zu jedem alkoholischen Getr\u00e4nk, bis zu f\u00fcnf Kapseln pro Tag, oder gem\u00e4ss Empfehlung einer Fachperson im Gesundheitsbereich. F\u00fcnf Kapseln k\u00f6nnen auch auf einmal vor oder nach dem Konsum von alkoholischen Getr\u00e4nken eingenommen werden.<\/p>\n<\/p><\/div>\n<div class=\"chcg-warnings\">\n<h3>Warnhinweise<\/h3>\n<p>Dieses Produkt verhindert oder vermindert nicht die geistige Beeintr\u00e4chtigung, die durch Alkohol verursacht wird. Fahren Sie kein Fahrzeug und bedienen Sie keine Ger\u00e4te oder schweren Maschinen unter Alkoholeinfluss. Konsultieren Sie Ihre \u00c4rztin oder Ihren Arzt vor der Einnahme, wenn Sie Medikamente einnehmen. AUSSERHALB DER REICHWEITE VON KINDERN AUFBEWAHREN. DIE EMPFOHLENE TAGESDOSIS NICHT \u00dcBERSCHREITEN. Nicht kaufen, wenn die \u00e4ussere Schutzversiegelung besch\u00e4digt oder gebrochen ist. Konsultieren Sie bitte Ihre \u00c4rztin oder Ihren Arzt, wenn Sie Nahrungserg\u00e4nzungsmittel einnehmen und sich in \u00e4rztlicher Behandlung befinden, schwanger sind oder stillen.<\/p>\n<\/p><\/div>\n<div class=\"chcg-allergens\">\n<h3>Allergeninformationen<\/h3>\n<p>Keine Allergene explizit auf dem Etikett angegeben. Das Produkt ist glutenfrei und enth\u00e4lt keine gentechnisch ver\u00e4nderten Organismen (GVO).<\/p>\n<\/p><\/div>\n<div class=\"chcg-dietary\">\n<h3>Ern\u00e4hrungshinweise<\/h3>\n<ul>\n<li>Vegetarisch<\/li>\n<li>Glutenfrei<\/li>\n<\/ul><\/div>\n<\/div>\n","protected":false},"excerpt":{"rendered":"<p>Der Anti-Alcohol Complex von Life Extension kombiniert NAC, Glutathion, Benfotiamin, Vitamine und pflanzliche Extrakte in einer praktischen Kapselform. Packungsinhalt: 60 Kapseln f\u00fcr 12 Portionen. Glutenfrei und ohne GVO.<\/p>\n","protected":false},"featured_media":3251,"comment_status":"closed","ping_status":"open","template":"","meta":[],"product_brand":[202],"product_cat":[48,25],"product_tag":[],"class_list":{"0":"post-3250","1":"product","2":"type-product","3":"status-publish","4":"has-post-thumbnail","6":"product_brand-life-extension","7":"product_cat-gesunde-ernaehrung","8":"product_cat-gesundheit-und-wohlbefinden","10":"first","11":"outofstock","12":"taxable","13":"shipping-taxable","14":"purchasable","15":"product-type-simple"},"yoast_head":"<!-- This site is optimized with the Yoast SEO plugin v27.5 - https:\/\/yoast.com\/product\/yoast-seo-wordpress\/ -->\n<title>Anti-Alcohol Complex \u2013 Life Extension | ecosupplements.ch<\/title>\n<meta name=\"description\" content=\"Anti-Alcohol Complex von Life Extension mit NAC, Glutathion &amp; Vitaminen \u2013 60 Kapseln, glutenfrei. Jetzt bestellen.\" \/>\n<meta name=\"robots\" content=\"index, follow, max-snippet:-1, max-image-preview:large, max-video-preview:-1\" \/>\n<link rel=\"canonical\" href=\"https:\/\/ecosupplements.ch\/?product=anti-alcohol-complex-60-caps\" \/>\n<meta property=\"og:locale\" content=\"de_DE\" \/>\n<meta property=\"og:type\" content=\"article\" \/>\n<meta property=\"og:title\" content=\"Anti-Alcohol Complex \u2013 Life Extension | ecosupplements.ch\" \/>\n<meta property=\"og:description\" content=\"Anti-Alcohol Complex von Life Extension mit NAC, Glutathion &amp; Vitaminen \u2013 60 Kapseln, glutenfrei. Jetzt bestellen.\" \/>\n<meta property=\"og:url\" content=\"https:\/\/ecosupplements.ch\/?product=anti-alcohol-complex-60-caps\" \/>\n<meta property=\"og:site_name\" content=\"Eco Supplements\" \/>\n<meta property=\"article:modified_time\" content=\"2026-05-13T07:25:22+00:00\" \/>\n<meta property=\"og:image\" content=\"https:\/\/ecosupplements.ch\/wp-content\/uploads\/2026\/05\/Anti-Alcohol-Complex-60-caps.webp\" \/>\n\t<meta property=\"og:image:width\" content=\"1000\" \/>\n\t<meta property=\"og:image:height\" content=\"1000\" \/>\n\t<meta property=\"og:image:type\" content=\"image\/jpeg\" \/>\n<meta name=\"twitter:card\" content=\"summary_large_image\" \/>\n<meta name=\"twitter:label1\" content=\"Price\" \/>\n\t<meta name=\"twitter:data1\" content=\"&#067;&#072;&#070;&nbsp;23.12\" \/>\n\t<meta name=\"twitter:label2\" content=\"Availability\" \/>\n\t<meta name=\"twitter:data2\" content=\"Out of stock\" \/>\n<script type=\"application\/ld+json\" class=\"yoast-schema-graph\">{\"@context\":\"https:\\\/\\\/schema.org\",\"@graph\":[{\"@type\":\"WebPage\",\"@id\":\"https:\\\/\\\/ecosupplements.ch\\\/?product=anti-alcohol-complex-60-caps\",\"url\":\"https:\\\/\\\/ecosupplements.ch\\\/?product=anti-alcohol-complex-60-caps\",\"name\":\"Anti-Alcohol Complex \u2013 Life Extension | ecosupplements.ch\",\"isPartOf\":{\"@id\":\"https:\\\/\\\/ecosupplements.ch\\\/#website\"},\"primaryImageOfPage\":{\"@id\":\"https:\\\/\\\/ecosupplements.ch\\\/?product=anti-alcohol-complex-60-caps#primaryimage\"},\"image\":{\"@id\":\"https:\\\/\\\/ecosupplements.ch\\\/?product=anti-alcohol-complex-60-caps#primaryimage\"},\"thumbnailUrl\":\"https:\\\/\\\/ecosupplements.ch\\\/wp-content\\\/uploads\\\/2026\\\/05\\\/Anti-Alcohol-Complex-60-caps.webp\",\"datePublished\":\"2026-05-11T14:44:01+00:00\",\"dateModified\":\"2026-05-13T07:25:22+00:00\",\"description\":\"Anti-Alcohol Complex von Life Extension mit NAC, Glutathion & Vitaminen \u2013 60 Kapseln, glutenfrei. Jetzt bestellen.\",\"breadcrumb\":{\"@id\":\"https:\\\/\\\/ecosupplements.ch\\\/?product=anti-alcohol-complex-60-caps#breadcrumb\"},\"inLanguage\":\"de-CH\",\"potentialAction\":[{\"@type\":\"ReadAction\",\"target\":[\"https:\\\/\\\/ecosupplements.ch\\\/?product=anti-alcohol-complex-60-caps\"]}]},{\"@type\":\"ImageObject\",\"inLanguage\":\"de-CH\",\"@id\":\"https:\\\/\\\/ecosupplements.ch\\\/?product=anti-alcohol-complex-60-caps#primaryimage\",\"url\":\"https:\\\/\\\/ecosupplements.ch\\\/wp-content\\\/uploads\\\/2026\\\/05\\\/Anti-Alcohol-Complex-60-caps.webp\",\"contentUrl\":\"https:\\\/\\\/ecosupplements.ch\\\/wp-content\\\/uploads\\\/2026\\\/05\\\/Anti-Alcohol-Complex-60-caps.webp\",\"width\":1000,\"height\":1000,\"caption\":\"Anti-Alcohol Complex - 60 caps\"},{\"@type\":\"BreadcrumbList\",\"@id\":\"https:\\\/\\\/ecosupplements.ch\\\/?product=anti-alcohol-complex-60-caps#breadcrumb\",\"itemListElement\":[{\"@type\":\"ListItem\",\"position\":1,\"name\":\"Home\",\"item\":\"https:\\\/\\\/ecosupplements.ch\\\/\"},{\"@type\":\"ListItem\",\"position\":2,\"name\":\"Shop\",\"item\":\"https:\\\/\\\/ecosupplements.ch\\\/?page_id=14\"},{\"@type\":\"ListItem\",\"position\":3,\"name\":\"Anti-Alcohol Complex &#8211; 60 caps\"}]},{\"@type\":\"WebSite\",\"@id\":\"https:\\\/\\\/ecosupplements.ch\\\/#website\",\"url\":\"https:\\\/\\\/ecosupplements.ch\\\/\",\"name\":\"Eco Supplements\",\"description\":\"\",\"potentialAction\":[{\"@type\":\"SearchAction\",\"target\":{\"@type\":\"EntryPoint\",\"urlTemplate\":\"https:\\\/\\\/ecosupplements.ch\\\/?s={search_term_string}\"},\"query-input\":{\"@type\":\"PropertyValueSpecification\",\"valueRequired\":true,\"valueName\":\"search_term_string\"}}],\"inLanguage\":\"de-CH\"}]}<\/script>\n<meta property=\"product:price:amount\" content=\"23.12\" \/>\n<meta property=\"product:price:currency\" content=\"CHF\" \/>\n<meta property=\"og:availability\" content=\"out of stock\" \/>\n<meta property=\"product:availability\" content=\"out of stock\" \/>\n<meta property=\"product:retailer_item_id\" content=\"737870224006\" \/>\n<meta property=\"product:condition\" content=\"new\" \/>\n<!-- \/ Yoast SEO plugin. -->","yoast_head_json":{"title":"Anti-Alcohol Complex \u2013 Life Extension | ecosupplements.ch","description":"Anti-Alcohol Complex von Life Extension mit NAC, Glutathion & Vitaminen \u2013 60 Kapseln, glutenfrei. Jetzt bestellen.","robots":{"index":"index","follow":"follow","max-snippet":"max-snippet:-1","max-image-preview":"max-image-preview:large","max-video-preview":"max-video-preview:-1"},"canonical":"https:\/\/ecosupplements.ch\/?product=anti-alcohol-complex-60-caps","og_locale":"de_DE","og_type":"article","og_title":"Anti-Alcohol Complex \u2013 Life Extension | ecosupplements.ch","og_description":"Anti-Alcohol Complex von Life Extension mit NAC, Glutathion & Vitaminen \u2013 60 Kapseln, glutenfrei. Jetzt bestellen.","og_url":"https:\/\/ecosupplements.ch\/?product=anti-alcohol-complex-60-caps","og_site_name":"Eco Supplements","article_modified_time":"2026-05-13T07:25:22+00:00","og_image":[{"width":1000,"height":1000,"url":"https:\/\/ecosupplements.ch\/wp-content\/uploads\/2026\/05\/Anti-Alcohol-Complex-60-caps.webp","type":"image\/jpeg"}],"twitter_card":"summary_large_image","twitter_misc":{"Price":"&#67;&#72;&#70;&nbsp;23.12","Availability":"Out of stock"},"schema":{"@context":"https:\/\/schema.org","@graph":[{"@type":"WebPage","@id":"https:\/\/ecosupplements.ch\/?product=anti-alcohol-complex-60-caps","url":"https:\/\/ecosupplements.ch\/?product=anti-alcohol-complex-60-caps","name":"Anti-Alcohol Complex \u2013 Life Extension | ecosupplements.ch","isPartOf":{"@id":"https:\/\/ecosupplements.ch\/#website"},"primaryImageOfPage":{"@id":"https:\/\/ecosupplements.ch\/?product=anti-alcohol-complex-60-caps#primaryimage"},"image":{"@id":"https:\/\/ecosupplements.ch\/?product=anti-alcohol-complex-60-caps#primaryimage"},"thumbnailUrl":"https:\/\/ecosupplements.ch\/wp-content\/uploads\/2026\/05\/Anti-Alcohol-Complex-60-caps.webp","datePublished":"2026-05-11T14:44:01+00:00","dateModified":"2026-05-13T07:25:22+00:00","description":"Anti-Alcohol Complex von Life Extension mit NAC, Glutathion & Vitaminen \u2013 60 Kapseln, glutenfrei. Jetzt bestellen.","breadcrumb":{"@id":"https:\/\/ecosupplements.ch\/?product=anti-alcohol-complex-60-caps#breadcrumb"},"inLanguage":"de-CH","potentialAction":[{"@type":"ReadAction","target":["https:\/\/ecosupplements.ch\/?product=anti-alcohol-complex-60-caps"]}]},{"@type":"ImageObject","inLanguage":"de-CH","@id":"https:\/\/ecosupplements.ch\/?product=anti-alcohol-complex-60-caps#primaryimage","url":"https:\/\/ecosupplements.ch\/wp-content\/uploads\/2026\/05\/Anti-Alcohol-Complex-60-caps.webp","contentUrl":"https:\/\/ecosupplements.ch\/wp-content\/uploads\/2026\/05\/Anti-Alcohol-Complex-60-caps.webp","width":1000,"height":1000,"caption":"Anti-Alcohol Complex - 60 caps"},{"@type":"BreadcrumbList","@id":"https:\/\/ecosupplements.ch\/?product=anti-alcohol-complex-60-caps#breadcrumb","itemListElement":[{"@type":"ListItem","position":1,"name":"Home","item":"https:\/\/ecosupplements.ch\/"},{"@type":"ListItem","position":2,"name":"Shop","item":"https:\/\/ecosupplements.ch\/?page_id=14"},{"@type":"ListItem","position":3,"name":"Anti-Alcohol Complex &#8211; 60 caps"}]},{"@type":"WebSite","@id":"https:\/\/ecosupplements.ch\/#website","url":"https:\/\/ecosupplements.ch\/","name":"Eco Supplements","description":"","potentialAction":[{"@type":"SearchAction","target":{"@type":"EntryPoint","urlTemplate":"https:\/\/ecosupplements.ch\/?s={search_term_string}"},"query-input":{"@type":"PropertyValueSpecification","valueRequired":true,"valueName":"search_term_string"}}],"inLanguage":"de-CH"}]},"product_price_amount":"23.12","product_price_currency":"CHF","og_availability":"out of stock","product_availability":"out of stock","product_retailer_item_id":"737870224006","product_condition":"new"},"_links":{"self":[{"href":"https:\/\/ecosupplements.ch\/index.php?rest_route=\/wp\/v2\/product\/3250","targetHints":{"allow":["GET"]}}],"collection":[{"href":"https:\/\/ecosupplements.ch\/index.php?rest_route=\/wp\/v2\/product"}],"about":[{"href":"https:\/\/ecosupplements.ch\/index.php?rest_route=\/wp\/v2\/types\/product"}],"replies":[{"embeddable":true,"href":"https:\/\/ecosupplements.ch\/index.php?rest_route=%2Fwp%2Fv2%2Fcomments&post=3250"}],"wp:featuredmedia":[{"embeddable":true,"href":"https:\/\/ecosupplements.ch\/index.php?rest_route=\/wp\/v2\/media\/3251"}],"wp:attachment":[{"href":"https:\/\/ecosupplements.ch\/index.php?rest_route=%2Fwp%2Fv2%2Fmedia&parent=3250"}],"wp:term":[{"taxonomy":"product_brand","embeddable":true,"href":"https:\/\/ecosupplements.ch\/index.php?rest_route=%2Fwp%2Fv2%2Fproduct_brand&post=3250"},{"taxonomy":"product_cat","embeddable":true,"href":"https:\/\/ecosupplements.ch\/index.php?rest_route=%2Fwp%2Fv2%2Fproduct_cat&post=3250"},{"taxonomy":"product_tag","embeddable":true,"href":"https:\/\/ecosupplements.ch\/index.php?rest_route=%2Fwp%2Fv2%2Fproduct_tag&post=3250"}],"curies":[{"name":"wp","href":"https:\/\/api.w.org\/{rel}","templated":true}]}}