{"id":3271,"date":"2026-05-11T14:44:11","date_gmt":"2026-05-11T14:44:11","guid":{"rendered":"https:\/\/ecosupplements.ch\/?product=black-cumin-seed-oil-60-softgels-2"},"modified":"2026-05-13T07:24:44","modified_gmt":"2026-05-13T07:24:44","slug":"black-cumin-seed-oil-60-softgels-2","status":"publish","type":"product","link":"https:\/\/ecosupplements.ch\/?product=black-cumin-seed-oil-60-softgels-2","title":{"rendered":"Black Cumin Seed Oil &#8211; 60 softgels"},"content":{"rendered":"<div class=\"chcg-product-description\">\n<h2 class=\"chcg-heading\">\u00dcber Life Extension \u2013 Black Cumin Seed Oil \u2013 60 Softgels<\/h2>\n<div class=\"chcg-intro\">\n<p>Das Black Cumin Seed Oil von Life Extension liefert hochwertiges, biologisches Schwarzk\u00fcmmel\u00f6l in Form von praktischen Softgels. Der Wirkstoff Thymocid\u2122 ist ein standardisiertes Schwarzk\u00fcmmel\u00f6l aus biologisch angebautem Nigella sativa-Samen und zeichnet sich durch seine sorgf\u00e4ltige Herstellung und gleichbleibende Qualit\u00e4t aus.<\/p>\n<p>Schwarzk\u00fcmmel\u00f6l wird seit Jahrhunderten in der traditionellen Heilkunde gesch\u00e4tzt und ist f\u00fcr seinen nat\u00fcrlichen Gehalt an Thymochinon sowie weiteren bioaktiven Verbindungen bekannt. Life Extension setzt mit Thymocid\u2122 auf eine patentierte Zutatentechnologie, die eine konstante Wirkstoffkonzentration in jeder Kapsel sicherstellt.<\/p>\n<p>Mit 500 mg Thymocid\u2122 Black Cumin pro Softgel bietet dieses Produkt eine einfache und pr\u00e4zise M\u00f6glichkeit, Schwarzk\u00fcmmel\u00f6l in die t\u00e4gliche Ern\u00e4hrungsroutine zu integrieren. Die Softgels sind glutenfrei und laktosefrei.<\/p>\n<\/p><\/div>\n<div class=\"chcg-nutrition\">\n<h3>N\u00e4hrwertangaben<\/h3>\n<table class=\"chcg-nutrition-table\">\n<thead>\n<tr>\n<th>N\u00e4hrstoff<\/th>\n<th>Pro Portion (1 Softgel)<\/th>\n<\/tr>\n<\/thead>\n<tbody>\n<tr>\n<td>Thymocid\u2122 Black Cumin [biologisches Nigella-\u00d6l (Samen)]<\/td>\n<td>500 mg<\/td>\n<\/tr>\n<\/tbody>\n<\/table>\n<p class=\"chcg-footnote\">* Kein festgelegter Tagesreferenzwert vorhanden.<\/p>\n<\/p><\/div>\n<div class=\"chcg-ingredients\">\n<h3>Zutaten<\/h3>\n<p>Thymocid\u2122 Black Cumin [biologisches Nigella-\u00d6l (Samen)] 500 mg. Weitere Zutaten: Gelatine, Glycerin, gereinigtes Wasser.<\/p>\n<p class=\"chcg-capsule-shell\">Kapselh\u00fclle: Gelatine, Glycerin, gereinigtes Wasser.<\/p>\n<\/p><\/div>\n<div class=\"chcg-dosage\">\n<h3>Verzehrempfehlung<\/h3>\n<p>T\u00e4glich zweimal ein (1) Softgel mit oder ohne Mahlzeit einnehmen, oder gem\u00e4ss Empfehlung einer Fachperson des Gesundheitswesens.<\/p>\n<\/p><\/div>\n<div class=\"chcg-warnings\">\n<h3>Warnhinweise<\/h3>\n<p>Ausserhalb der Reichweite von Kindern aufbewahren. Die empfohlene Dosierung nicht \u00fcberschreiten. Nicht kaufen, wenn die \u00e4ussere Versiegelung gebrochen oder besch\u00e4digt ist. Bei der Einnahme von Nahrungserg\u00e4nzungsmitteln konsultieren Sie bitte Ihren Arzt, wenn Sie sich wegen einer Erkrankung in \u00e4rztlicher Behandlung befinden oder wenn Sie schwanger sind oder stillen.<\/p>\n<\/p><\/div>\n<div class=\"chcg-allergens\">\n<h3>Allergeninformationen<\/h3>\n<p>Auf der Etikette sind keine Allergene deklariert.<\/p>\n<\/p><\/div>\n<div class=\"chcg-storage\">\n<h3>Lagerung<\/h3>\n<p>Fest verschlossen an einem k\u00fchlen, trockenen Ort aufbewahren.<\/p>\n<\/p><\/div>\n<div class=\"chcg-dietary\">\n<h3>Ern\u00e4hrungshinweise<\/h3>\n<ul>\n<li>Glutenfrei<\/li>\n<li>Laktosefrei<\/li>\n<\/ul><\/div>\n<\/div>\n","protected":false},"excerpt":{"rendered":"<p>Black Cumin Seed Oil von Life Extension liefert 500 mg standardisiertes Thymocid\u2122 Schwarzk\u00fcmmel\u00f6l pro Softgel. Die praktische Packung mit 60 Softgels ist glutenfrei und laktosefrei.<\/p>\n","protected":false},"featured_media":3272,"comment_status":"closed","ping_status":"open","template":"","meta":[],"product_brand":[202],"product_cat":[48,25,45,120,102,21],"product_tag":[],"class_list":{"0":"post-3271","1":"product","2":"type-product","3":"status-publish","4":"has-post-thumbnail","6":"product_brand-life-extension","7":"product_cat-gesunde-ernaehrung","8":"product_cat-gesundheit-und-wohlbefinden","9":"product_cat-immunsystem","10":"product_cat-kreuzkuemmel","11":"product_cat-verdauungsgesundheit","12":"product_cat-vitamine-und-mineralstoffe","14":"first","15":"outofstock","16":"taxable","17":"shipping-taxable","18":"purchasable","19":"product-type-simple"},"yoast_head":"<!-- This site is optimized with the Yoast SEO plugin v27.5 - https:\/\/yoast.com\/product\/yoast-seo-wordpress\/ -->\n<title>Black Cumin Seed Oil 60 Softgels \u2013 Life Extension | ecosupplements.ch<\/title>\n<meta name=\"description\" content=\"Hochwertiges Schwarzk\u00fcmmel\u00f6l mit 500 mg Thymocid\u2122 pro Softgel \u2013 glutenfrei, laktosefrei, 60 Softgels von Life Extension. Jetzt bestellen.\" \/>\n<meta name=\"robots\" content=\"index, follow, max-snippet:-1, max-image-preview:large, max-video-preview:-1\" \/>\n<link rel=\"canonical\" href=\"https:\/\/ecosupplements.ch\/?product=black-cumin-seed-oil-60-softgels-2\" \/>\n<meta property=\"og:locale\" content=\"de_DE\" \/>\n<meta property=\"og:type\" content=\"article\" \/>\n<meta property=\"og:title\" content=\"Black Cumin Seed Oil 60 Softgels \u2013 Life Extension | ecosupplements.ch\" \/>\n<meta property=\"og:description\" content=\"Hochwertiges Schwarzk\u00fcmmel\u00f6l mit 500 mg Thymocid\u2122 pro Softgel \u2013 glutenfrei, laktosefrei, 60 Softgels von Life Extension. Jetzt bestellen.\" \/>\n<meta property=\"og:url\" content=\"https:\/\/ecosupplements.ch\/?product=black-cumin-seed-oil-60-softgels-2\" \/>\n<meta property=\"og:site_name\" content=\"Eco Supplements\" \/>\n<meta property=\"article:modified_time\" content=\"2026-05-13T07:24:44+00:00\" \/>\n<meta property=\"og:image\" content=\"https:\/\/ecosupplements.ch\/wp-content\/uploads\/2026\/05\/Black-Cumin-Seed-Oil-60-softgels-2.webp\" \/>\n\t<meta property=\"og:image:width\" content=\"1000\" \/>\n\t<meta property=\"og:image:height\" content=\"1000\" \/>\n\t<meta property=\"og:image:type\" content=\"image\/jpeg\" \/>\n<meta name=\"twitter:card\" content=\"summary_large_image\" \/>\n<meta name=\"twitter:label1\" content=\"Price\" \/>\n\t<meta name=\"twitter:data1\" content=\"&#067;&#072;&#070;&nbsp;16.94\" \/>\n\t<meta name=\"twitter:label2\" content=\"Availability\" \/>\n\t<meta name=\"twitter:data2\" content=\"Out of stock\" \/>\n<script type=\"application\/ld+json\" class=\"yoast-schema-graph\">{\"@context\":\"https:\\\/\\\/schema.org\",\"@graph\":[{\"@type\":\"WebPage\",\"@id\":\"https:\\\/\\\/ecosupplements.ch\\\/?product=black-cumin-seed-oil-60-softgels-2\",\"url\":\"https:\\\/\\\/ecosupplements.ch\\\/?product=black-cumin-seed-oil-60-softgels-2\",\"name\":\"Black Cumin Seed Oil 60 Softgels \u2013 Life Extension | ecosupplements.ch\",\"isPartOf\":{\"@id\":\"https:\\\/\\\/ecosupplements.ch\\\/#website\"},\"primaryImageOfPage\":{\"@id\":\"https:\\\/\\\/ecosupplements.ch\\\/?product=black-cumin-seed-oil-60-softgels-2#primaryimage\"},\"image\":{\"@id\":\"https:\\\/\\\/ecosupplements.ch\\\/?product=black-cumin-seed-oil-60-softgels-2#primaryimage\"},\"thumbnailUrl\":\"https:\\\/\\\/ecosupplements.ch\\\/wp-content\\\/uploads\\\/2026\\\/05\\\/Black-Cumin-Seed-Oil-60-softgels-2.webp\",\"datePublished\":\"2026-05-11T14:44:11+00:00\",\"dateModified\":\"2026-05-13T07:24:44+00:00\",\"description\":\"Hochwertiges Schwarzk\u00fcmmel\u00f6l mit 500 mg Thymocid\u2122 pro Softgel \u2013 glutenfrei, laktosefrei, 60 Softgels von Life Extension. Jetzt bestellen.\",\"breadcrumb\":{\"@id\":\"https:\\\/\\\/ecosupplements.ch\\\/?product=black-cumin-seed-oil-60-softgels-2#breadcrumb\"},\"inLanguage\":\"de-CH\",\"potentialAction\":[{\"@type\":\"ReadAction\",\"target\":[\"https:\\\/\\\/ecosupplements.ch\\\/?product=black-cumin-seed-oil-60-softgels-2\"]}]},{\"@type\":\"ImageObject\",\"inLanguage\":\"de-CH\",\"@id\":\"https:\\\/\\\/ecosupplements.ch\\\/?product=black-cumin-seed-oil-60-softgels-2#primaryimage\",\"url\":\"https:\\\/\\\/ecosupplements.ch\\\/wp-content\\\/uploads\\\/2026\\\/05\\\/Black-Cumin-Seed-Oil-60-softgels-2.webp\",\"contentUrl\":\"https:\\\/\\\/ecosupplements.ch\\\/wp-content\\\/uploads\\\/2026\\\/05\\\/Black-Cumin-Seed-Oil-60-softgels-2.webp\",\"width\":1000,\"height\":1000,\"caption\":\"Black Cumin Seed Oil - 60 softgels\"},{\"@type\":\"BreadcrumbList\",\"@id\":\"https:\\\/\\\/ecosupplements.ch\\\/?product=black-cumin-seed-oil-60-softgels-2#breadcrumb\",\"itemListElement\":[{\"@type\":\"ListItem\",\"position\":1,\"name\":\"Home\",\"item\":\"https:\\\/\\\/ecosupplements.ch\\\/\"},{\"@type\":\"ListItem\",\"position\":2,\"name\":\"Shop\",\"item\":\"https:\\\/\\\/ecosupplements.ch\\\/?page_id=14\"},{\"@type\":\"ListItem\",\"position\":3,\"name\":\"Black Cumin Seed Oil &#8211; 60 softgels\"}]},{\"@type\":\"WebSite\",\"@id\":\"https:\\\/\\\/ecosupplements.ch\\\/#website\",\"url\":\"https:\\\/\\\/ecosupplements.ch\\\/\",\"name\":\"Eco Supplements\",\"description\":\"\",\"potentialAction\":[{\"@type\":\"SearchAction\",\"target\":{\"@type\":\"EntryPoint\",\"urlTemplate\":\"https:\\\/\\\/ecosupplements.ch\\\/?s={search_term_string}\"},\"query-input\":{\"@type\":\"PropertyValueSpecification\",\"valueRequired\":true,\"valueName\":\"search_term_string\"}}],\"inLanguage\":\"de-CH\"}]}<\/script>\n<meta property=\"product:price:amount\" content=\"16.94\" \/>\n<meta property=\"product:price:currency\" content=\"CHF\" \/>\n<meta property=\"og:availability\" content=\"out of stock\" \/>\n<meta property=\"product:availability\" content=\"out of stock\" \/>\n<meta property=\"product:retailer_item_id\" content=\"737870170969\" \/>\n<meta property=\"product:condition\" content=\"new\" \/>\n<!-- \/ Yoast SEO plugin. -->","yoast_head_json":{"title":"Black Cumin Seed Oil 60 Softgels \u2013 Life Extension | ecosupplements.ch","description":"Hochwertiges Schwarzk\u00fcmmel\u00f6l mit 500 mg Thymocid\u2122 pro Softgel \u2013 glutenfrei, laktosefrei, 60 Softgels von Life Extension. Jetzt bestellen.","robots":{"index":"index","follow":"follow","max-snippet":"max-snippet:-1","max-image-preview":"max-image-preview:large","max-video-preview":"max-video-preview:-1"},"canonical":"https:\/\/ecosupplements.ch\/?product=black-cumin-seed-oil-60-softgels-2","og_locale":"de_DE","og_type":"article","og_title":"Black Cumin Seed Oil 60 Softgels \u2013 Life Extension | ecosupplements.ch","og_description":"Hochwertiges Schwarzk\u00fcmmel\u00f6l mit 500 mg Thymocid\u2122 pro Softgel \u2013 glutenfrei, laktosefrei, 60 Softgels von Life Extension. Jetzt bestellen.","og_url":"https:\/\/ecosupplements.ch\/?product=black-cumin-seed-oil-60-softgels-2","og_site_name":"Eco Supplements","article_modified_time":"2026-05-13T07:24:44+00:00","og_image":[{"width":1000,"height":1000,"url":"https:\/\/ecosupplements.ch\/wp-content\/uploads\/2026\/05\/Black-Cumin-Seed-Oil-60-softgels-2.webp","type":"image\/jpeg"}],"twitter_card":"summary_large_image","twitter_misc":{"Price":"&#67;&#72;&#70;&nbsp;16.94","Availability":"Out of stock"},"schema":{"@context":"https:\/\/schema.org","@graph":[{"@type":"WebPage","@id":"https:\/\/ecosupplements.ch\/?product=black-cumin-seed-oil-60-softgels-2","url":"https:\/\/ecosupplements.ch\/?product=black-cumin-seed-oil-60-softgels-2","name":"Black Cumin Seed Oil 60 Softgels \u2013 Life Extension | ecosupplements.ch","isPartOf":{"@id":"https:\/\/ecosupplements.ch\/#website"},"primaryImageOfPage":{"@id":"https:\/\/ecosupplements.ch\/?product=black-cumin-seed-oil-60-softgels-2#primaryimage"},"image":{"@id":"https:\/\/ecosupplements.ch\/?product=black-cumin-seed-oil-60-softgels-2#primaryimage"},"thumbnailUrl":"https:\/\/ecosupplements.ch\/wp-content\/uploads\/2026\/05\/Black-Cumin-Seed-Oil-60-softgels-2.webp","datePublished":"2026-05-11T14:44:11+00:00","dateModified":"2026-05-13T07:24:44+00:00","description":"Hochwertiges Schwarzk\u00fcmmel\u00f6l mit 500 mg Thymocid\u2122 pro Softgel \u2013 glutenfrei, laktosefrei, 60 Softgels von Life Extension. Jetzt bestellen.","breadcrumb":{"@id":"https:\/\/ecosupplements.ch\/?product=black-cumin-seed-oil-60-softgels-2#breadcrumb"},"inLanguage":"de-CH","potentialAction":[{"@type":"ReadAction","target":["https:\/\/ecosupplements.ch\/?product=black-cumin-seed-oil-60-softgels-2"]}]},{"@type":"ImageObject","inLanguage":"de-CH","@id":"https:\/\/ecosupplements.ch\/?product=black-cumin-seed-oil-60-softgels-2#primaryimage","url":"https:\/\/ecosupplements.ch\/wp-content\/uploads\/2026\/05\/Black-Cumin-Seed-Oil-60-softgels-2.webp","contentUrl":"https:\/\/ecosupplements.ch\/wp-content\/uploads\/2026\/05\/Black-Cumin-Seed-Oil-60-softgels-2.webp","width":1000,"height":1000,"caption":"Black Cumin Seed Oil - 60 softgels"},{"@type":"BreadcrumbList","@id":"https:\/\/ecosupplements.ch\/?product=black-cumin-seed-oil-60-softgels-2#breadcrumb","itemListElement":[{"@type":"ListItem","position":1,"name":"Home","item":"https:\/\/ecosupplements.ch\/"},{"@type":"ListItem","position":2,"name":"Shop","item":"https:\/\/ecosupplements.ch\/?page_id=14"},{"@type":"ListItem","position":3,"name":"Black Cumin Seed Oil &#8211; 60 softgels"}]},{"@type":"WebSite","@id":"https:\/\/ecosupplements.ch\/#website","url":"https:\/\/ecosupplements.ch\/","name":"Eco Supplements","description":"","potentialAction":[{"@type":"SearchAction","target":{"@type":"EntryPoint","urlTemplate":"https:\/\/ecosupplements.ch\/?s={search_term_string}"},"query-input":{"@type":"PropertyValueSpecification","valueRequired":true,"valueName":"search_term_string"}}],"inLanguage":"de-CH"}]},"product_price_amount":"16.94","product_price_currency":"CHF","og_availability":"out of stock","product_availability":"out of stock","product_retailer_item_id":"737870170969","product_condition":"new"},"_links":{"self":[{"href":"https:\/\/ecosupplements.ch\/index.php?rest_route=\/wp\/v2\/product\/3271","targetHints":{"allow":["GET"]}}],"collection":[{"href":"https:\/\/ecosupplements.ch\/index.php?rest_route=\/wp\/v2\/product"}],"about":[{"href":"https:\/\/ecosupplements.ch\/index.php?rest_route=\/wp\/v2\/types\/product"}],"replies":[{"embeddable":true,"href":"https:\/\/ecosupplements.ch\/index.php?rest_route=%2Fwp%2Fv2%2Fcomments&post=3271"}],"wp:featuredmedia":[{"embeddable":true,"href":"https:\/\/ecosupplements.ch\/index.php?rest_route=\/wp\/v2\/media\/3272"}],"wp:attachment":[{"href":"https:\/\/ecosupplements.ch\/index.php?rest_route=%2Fwp%2Fv2%2Fmedia&parent=3271"}],"wp:term":[{"taxonomy":"product_brand","embeddable":true,"href":"https:\/\/ecosupplements.ch\/index.php?rest_route=%2Fwp%2Fv2%2Fproduct_brand&post=3271"},{"taxonomy":"product_cat","embeddable":true,"href":"https:\/\/ecosupplements.ch\/index.php?rest_route=%2Fwp%2Fv2%2Fproduct_cat&post=3271"},{"taxonomy":"product_tag","embeddable":true,"href":"https:\/\/ecosupplements.ch\/index.php?rest_route=%2Fwp%2Fv2%2Fproduct_tag&post=3271"}],"curies":[{"name":"wp","href":"https:\/\/api.w.org\/{rel}","templated":true}]}}