{"id":3283,"date":"2026-05-11T14:44:17","date_gmt":"2026-05-11T14:44:17","guid":{"rendered":"https:\/\/ecosupplements.ch\/?product=eye-pressure-support-with-mirtogenol-30-vcaps"},"modified":"2026-05-13T07:24:46","modified_gmt":"2026-05-13T07:24:46","slug":"eye-pressure-support-with-mirtogenol-30-vcaps","status":"publish","type":"product","link":"https:\/\/ecosupplements.ch\/?product=eye-pressure-support-with-mirtogenol-30-vcaps","title":{"rendered":"Eye Pressure Support with Mirtogenol &#8211; 30 vcaps"},"content":{"rendered":"<div class=\"chcg-product-description\">\n<h2 class=\"chcg-heading\">\u00dcber Life Extension \u2013 Eye Pressure Support mit Mirtogenol\u00ae \u2013 30 Kapseln<\/h2>\n<div class=\"chcg-intro\">\n<p>Eye Pressure Support mit Mirtogenol\u00ae von Life Extension kombiniert zwei bew\u00e4hrte pflanzliche Extrakte \u2013 Mirtoselect\u00ae Europ\u00e4ische Heidelbeere und Pycnogenol\u00ae Franz\u00f6sische Meereskiefernrinde \u2013 zu einer pr\u00e4zise dosierten Formel zur Unterst\u00fctzung der Augengesundheit. Mirtogenol\u00ae ist ein patentiertes Kombinationspr\u00e4parat, das in wissenschaftlichen Studien auf seine Wirkung auf die Mikrozirkulation im Augenbereich untersucht wurde.<\/p>\n<p>Pycnogenol\u00ae, gewonnen aus der Rinde der franz\u00f6sischen Meereskiefer (Pinus pinaster), ist f\u00fcr seinen hohen Gehalt an oligomeren Proanthocyanidinen bekannt und wird seit Jahrzehnten intensiv erforscht. Mirtoselect\u00ae, ein standardisierter Heidelbeerextrakt aus Vaccinium myrtillus L., liefert konzentrierte Anthocyane, die zur Unterst\u00fctzung der nat\u00fcrlichen Funktion des Auges beitragen k\u00f6nnen.<\/p>\n<p>Diese vegetarischen Kapseln sind f\u00fcr Personen geeignet, die ihre Augengesundheit gezielt und t\u00e4glich unterst\u00fctzen m\u00f6chten \u2013 mit einem kompromisslos reinen Produkt ohne \u00fcberfl\u00fcssige Zusatzstoffe.<\/p>\n<\/p><\/div>\n<div class=\"chcg-nutrition\">\n<h3>N\u00e4hrwertangaben<\/h3>\n<table class=\"chcg-nutrition-table\">\n<thead>\n<tr>\n<th>N\u00e4hrstoff<\/th>\n<th>Pro Portion (1 Kapsel)<\/th>\n<\/tr>\n<\/thead>\n<tbody>\n<tr>\n<td>Mirtogenol\u00ae [Mirtoselect\u00ae Europ\u00e4ischer Heidelbeerextrakt (<em>Vaccinium myrtillus<\/em> L.) (Frucht) und Pycnogenol\u00ae getrockneter franz\u00f6sischer Meereskiefernextrakt (<em>Pinus pinaster<\/em>) (Rinde)]<\/td>\n<td>120 mg*<\/td>\n<\/tr>\n<\/tbody>\n<\/table>\n<p class=\"chcg-footnote\">* Kein etablierter t\u00e4glicher Referenzwert.<\/p>\n<\/p><\/div>\n<div class=\"chcg-ingredients\">\n<h3>Zutaten<\/h3>\n<p>Mirtogenol\u00ae [Mirtoselect\u00ae Europ\u00e4ischer Heidelbeerextrakt (<em>Vaccinium myrtillus<\/em> L.) (Frucht) und Pycnogenol\u00ae getrockneter franz\u00f6sischer Meereskiefernextrakt (<em>Pinus pinaster<\/em>) (Rinde)] 120 mg. Weitere Zutaten: mikrokristalline Cellulose, pflanzliche Cellulose (Kapsel), Stearins\u00e4ure.<\/p>\n<p class=\"chcg-capsule-shell\">Kapselh\u00fclle: pflanzliche Cellulose<\/p>\n<\/p><\/div>\n<div class=\"chcg-dosage\">\n<h3>Verzehrempfehlung<\/h3>\n<p>T\u00e4glich eine (1) Kapsel morgens zu einer Mahlzeit einnehmen oder gem\u00e4ss Empfehlung einer medizinischen Fachperson. Bei Bedarf kann abends eine (1) zus\u00e4tzliche Kapsel zu einer Mahlzeit eingenommen werden.<\/p>\n<\/p><\/div>\n<div class=\"chcg-warnings\">\n<h3>Warnhinweise<\/h3>\n<p>Ausserhalb der Reichweite von Kindern aufbewahren. Die empfohlene Tagesdosis nicht \u00fcberschreiten. Nicht kaufen, wenn die \u00e4ussere Schutzversiegelung gebrochen oder besch\u00e4digt ist. Bei der Einnahme von Nahrungserg\u00e4nzungsmitteln wird empfohlen, einen Arzt zu konsultieren, wenn eine medizinische Behandlung stattfindet oder eine Schwangerschaft bzw. Stillzeit vorliegt.<\/p>\n<\/p><\/div>\n<div class=\"chcg-allergens\">\n<h3>Allergeninformationen<\/h3>\n<p>Auf der Produktetikette sind keine deklarationspflichtigen Allergene angegeben.<\/p>\n<\/p><\/div>\n<div class=\"chcg-storage\">\n<h3>Lagerung<\/h3>\n<p>Gut verschlossen an einem k\u00fchlen, trockenen Ort aufbewahren.<\/p>\n<\/p><\/div>\n<div class=\"chcg-dietary\">\n<h3>Ern\u00e4hrungshinweise<\/h3>\n<ul>\n<li>Vegetarisch<\/li>\n<li>Glutenfrei<\/li>\n<li>Laktosefrei<\/li>\n<\/ul><\/div>\n<\/div>\n","protected":false},"excerpt":{"rendered":"<p>Eye Pressure Support mit Mirtogenol\u00ae von Life Extension vereint Heidelbeer- und Meereskiefernrindenextrakt zur t\u00e4glichen Unterst\u00fctzung der Augengesundheit. Erh\u00e4ltlich als vegetarische Kapseln, 30 St\u00fcck pro Packung. Glutenfrei und laktosefrei.<\/p>\n","protected":false},"featured_media":3284,"comment_status":"closed","ping_status":"open","template":"","meta":[],"product_brand":[202],"product_cat":[37,48,25],"product_tag":[],"class_list":{"0":"post-3283","1":"product","2":"type-product","3":"status-publish","4":"has-post-thumbnail","6":"product_brand-life-extension","7":"product_cat-augengesundheit","8":"product_cat-gesunde-ernaehrung","9":"product_cat-gesundheit-und-wohlbefinden","11":"first","12":"outofstock","13":"taxable","14":"shipping-taxable","15":"purchasable","16":"product-type-simple"},"yoast_head":"<!-- This site is optimized with the Yoast SEO plugin v27.5 - https:\/\/yoast.com\/product\/yoast-seo-wordpress\/ -->\n<title>Eye Pressure Support mit Mirtogenol\u00ae \u2013 Life Extension | ecosupplements.ch<\/title>\n<meta name=\"description\" content=\"Mirtogenol\u00ae mit Heidelbeer- und Kiefernrindenextrakt zur Unterst\u00fctzung der Augengesundheit \u2013 30 vegetarische Kapseln von Life Extension. Jetzt bestellen.\" \/>\n<meta name=\"robots\" content=\"index, follow, max-snippet:-1, max-image-preview:large, max-video-preview:-1\" \/>\n<link rel=\"canonical\" href=\"https:\/\/ecosupplements.ch\/?product=eye-pressure-support-with-mirtogenol-30-vcaps\" \/>\n<meta property=\"og:locale\" content=\"de_DE\" \/>\n<meta property=\"og:type\" content=\"article\" \/>\n<meta property=\"og:title\" content=\"Eye Pressure Support mit Mirtogenol\u00ae \u2013 Life Extension | ecosupplements.ch\" \/>\n<meta property=\"og:description\" content=\"Mirtogenol\u00ae mit Heidelbeer- und Kiefernrindenextrakt zur Unterst\u00fctzung der Augengesundheit \u2013 30 vegetarische Kapseln von Life Extension. Jetzt bestellen.\" \/>\n<meta property=\"og:url\" content=\"https:\/\/ecosupplements.ch\/?product=eye-pressure-support-with-mirtogenol-30-vcaps\" \/>\n<meta property=\"og:site_name\" content=\"Eco Supplements\" \/>\n<meta property=\"article:modified_time\" content=\"2026-05-13T07:24:46+00:00\" \/>\n<meta property=\"og:image\" content=\"https:\/\/ecosupplements.ch\/wp-content\/uploads\/2026\/05\/Eye-Pressure-Support-with-Mirtogenol-30-vcaps.webp\" \/>\n\t<meta property=\"og:image:width\" content=\"1000\" \/>\n\t<meta property=\"og:image:height\" content=\"1000\" \/>\n\t<meta property=\"og:image:type\" content=\"image\/jpeg\" \/>\n<meta name=\"twitter:card\" content=\"summary_large_image\" \/>\n<meta name=\"twitter:label1\" content=\"Price\" \/>\n\t<meta name=\"twitter:data1\" content=\"&#067;&#072;&#070;&nbsp;42.08\" \/>\n\t<meta name=\"twitter:label2\" content=\"Availability\" \/>\n\t<meta name=\"twitter:data2\" content=\"Out of stock\" \/>\n<script type=\"application\/ld+json\" class=\"yoast-schema-graph\">{\"@context\":\"https:\\\/\\\/schema.org\",\"@graph\":[{\"@type\":\"WebPage\",\"@id\":\"https:\\\/\\\/ecosupplements.ch\\\/?product=eye-pressure-support-with-mirtogenol-30-vcaps\",\"url\":\"https:\\\/\\\/ecosupplements.ch\\\/?product=eye-pressure-support-with-mirtogenol-30-vcaps\",\"name\":\"Eye Pressure Support mit Mirtogenol\u00ae \u2013 Life Extension | ecosupplements.ch\",\"isPartOf\":{\"@id\":\"https:\\\/\\\/ecosupplements.ch\\\/#website\"},\"primaryImageOfPage\":{\"@id\":\"https:\\\/\\\/ecosupplements.ch\\\/?product=eye-pressure-support-with-mirtogenol-30-vcaps#primaryimage\"},\"image\":{\"@id\":\"https:\\\/\\\/ecosupplements.ch\\\/?product=eye-pressure-support-with-mirtogenol-30-vcaps#primaryimage\"},\"thumbnailUrl\":\"https:\\\/\\\/ecosupplements.ch\\\/wp-content\\\/uploads\\\/2026\\\/05\\\/Eye-Pressure-Support-with-Mirtogenol-30-vcaps.webp\",\"datePublished\":\"2026-05-11T14:44:17+00:00\",\"dateModified\":\"2026-05-13T07:24:46+00:00\",\"description\":\"Mirtogenol\u00ae mit Heidelbeer- und Kiefernrindenextrakt zur Unterst\u00fctzung der Augengesundheit \u2013 30 vegetarische Kapseln von Life Extension. Jetzt bestellen.\",\"breadcrumb\":{\"@id\":\"https:\\\/\\\/ecosupplements.ch\\\/?product=eye-pressure-support-with-mirtogenol-30-vcaps#breadcrumb\"},\"inLanguage\":\"de-CH\",\"potentialAction\":[{\"@type\":\"ReadAction\",\"target\":[\"https:\\\/\\\/ecosupplements.ch\\\/?product=eye-pressure-support-with-mirtogenol-30-vcaps\"]}]},{\"@type\":\"ImageObject\",\"inLanguage\":\"de-CH\",\"@id\":\"https:\\\/\\\/ecosupplements.ch\\\/?product=eye-pressure-support-with-mirtogenol-30-vcaps#primaryimage\",\"url\":\"https:\\\/\\\/ecosupplements.ch\\\/wp-content\\\/uploads\\\/2026\\\/05\\\/Eye-Pressure-Support-with-Mirtogenol-30-vcaps.webp\",\"contentUrl\":\"https:\\\/\\\/ecosupplements.ch\\\/wp-content\\\/uploads\\\/2026\\\/05\\\/Eye-Pressure-Support-with-Mirtogenol-30-vcaps.webp\",\"width\":1000,\"height\":1000,\"caption\":\"Eye Pressure Support with Mirtogenol - 30 vcaps\"},{\"@type\":\"BreadcrumbList\",\"@id\":\"https:\\\/\\\/ecosupplements.ch\\\/?product=eye-pressure-support-with-mirtogenol-30-vcaps#breadcrumb\",\"itemListElement\":[{\"@type\":\"ListItem\",\"position\":1,\"name\":\"Home\",\"item\":\"https:\\\/\\\/ecosupplements.ch\\\/\"},{\"@type\":\"ListItem\",\"position\":2,\"name\":\"Shop\",\"item\":\"https:\\\/\\\/ecosupplements.ch\\\/?page_id=14\"},{\"@type\":\"ListItem\",\"position\":3,\"name\":\"Eye Pressure Support with Mirtogenol &#8211; 30 vcaps\"}]},{\"@type\":\"WebSite\",\"@id\":\"https:\\\/\\\/ecosupplements.ch\\\/#website\",\"url\":\"https:\\\/\\\/ecosupplements.ch\\\/\",\"name\":\"Eco Supplements\",\"description\":\"\",\"potentialAction\":[{\"@type\":\"SearchAction\",\"target\":{\"@type\":\"EntryPoint\",\"urlTemplate\":\"https:\\\/\\\/ecosupplements.ch\\\/?s={search_term_string}\"},\"query-input\":{\"@type\":\"PropertyValueSpecification\",\"valueRequired\":true,\"valueName\":\"search_term_string\"}}],\"inLanguage\":\"de-CH\"}]}<\/script>\n<meta property=\"product:price:amount\" content=\"42.08\" \/>\n<meta property=\"product:price:currency\" content=\"CHF\" \/>\n<meta property=\"og:availability\" content=\"out of stock\" \/>\n<meta property=\"product:availability\" content=\"out of stock\" \/>\n<meta property=\"product:retailer_item_id\" content=\"737870151432\" \/>\n<meta property=\"product:condition\" content=\"new\" \/>\n<!-- \/ Yoast SEO plugin. -->","yoast_head_json":{"title":"Eye Pressure Support mit Mirtogenol\u00ae \u2013 Life Extension | ecosupplements.ch","description":"Mirtogenol\u00ae mit Heidelbeer- und Kiefernrindenextrakt zur Unterst\u00fctzung der Augengesundheit \u2013 30 vegetarische Kapseln von Life Extension. Jetzt bestellen.","robots":{"index":"index","follow":"follow","max-snippet":"max-snippet:-1","max-image-preview":"max-image-preview:large","max-video-preview":"max-video-preview:-1"},"canonical":"https:\/\/ecosupplements.ch\/?product=eye-pressure-support-with-mirtogenol-30-vcaps","og_locale":"de_DE","og_type":"article","og_title":"Eye Pressure Support mit Mirtogenol\u00ae \u2013 Life Extension | ecosupplements.ch","og_description":"Mirtogenol\u00ae mit Heidelbeer- und Kiefernrindenextrakt zur Unterst\u00fctzung der Augengesundheit \u2013 30 vegetarische Kapseln von Life Extension. Jetzt bestellen.","og_url":"https:\/\/ecosupplements.ch\/?product=eye-pressure-support-with-mirtogenol-30-vcaps","og_site_name":"Eco Supplements","article_modified_time":"2026-05-13T07:24:46+00:00","og_image":[{"width":1000,"height":1000,"url":"https:\/\/ecosupplements.ch\/wp-content\/uploads\/2026\/05\/Eye-Pressure-Support-with-Mirtogenol-30-vcaps.webp","type":"image\/jpeg"}],"twitter_card":"summary_large_image","twitter_misc":{"Price":"&#67;&#72;&#70;&nbsp;42.08","Availability":"Out of stock"},"schema":{"@context":"https:\/\/schema.org","@graph":[{"@type":"WebPage","@id":"https:\/\/ecosupplements.ch\/?product=eye-pressure-support-with-mirtogenol-30-vcaps","url":"https:\/\/ecosupplements.ch\/?product=eye-pressure-support-with-mirtogenol-30-vcaps","name":"Eye Pressure Support mit Mirtogenol\u00ae \u2013 Life Extension | ecosupplements.ch","isPartOf":{"@id":"https:\/\/ecosupplements.ch\/#website"},"primaryImageOfPage":{"@id":"https:\/\/ecosupplements.ch\/?product=eye-pressure-support-with-mirtogenol-30-vcaps#primaryimage"},"image":{"@id":"https:\/\/ecosupplements.ch\/?product=eye-pressure-support-with-mirtogenol-30-vcaps#primaryimage"},"thumbnailUrl":"https:\/\/ecosupplements.ch\/wp-content\/uploads\/2026\/05\/Eye-Pressure-Support-with-Mirtogenol-30-vcaps.webp","datePublished":"2026-05-11T14:44:17+00:00","dateModified":"2026-05-13T07:24:46+00:00","description":"Mirtogenol\u00ae mit Heidelbeer- und Kiefernrindenextrakt zur Unterst\u00fctzung der Augengesundheit \u2013 30 vegetarische Kapseln von Life Extension. Jetzt bestellen.","breadcrumb":{"@id":"https:\/\/ecosupplements.ch\/?product=eye-pressure-support-with-mirtogenol-30-vcaps#breadcrumb"},"inLanguage":"de-CH","potentialAction":[{"@type":"ReadAction","target":["https:\/\/ecosupplements.ch\/?product=eye-pressure-support-with-mirtogenol-30-vcaps"]}]},{"@type":"ImageObject","inLanguage":"de-CH","@id":"https:\/\/ecosupplements.ch\/?product=eye-pressure-support-with-mirtogenol-30-vcaps#primaryimage","url":"https:\/\/ecosupplements.ch\/wp-content\/uploads\/2026\/05\/Eye-Pressure-Support-with-Mirtogenol-30-vcaps.webp","contentUrl":"https:\/\/ecosupplements.ch\/wp-content\/uploads\/2026\/05\/Eye-Pressure-Support-with-Mirtogenol-30-vcaps.webp","width":1000,"height":1000,"caption":"Eye Pressure Support with Mirtogenol - 30 vcaps"},{"@type":"BreadcrumbList","@id":"https:\/\/ecosupplements.ch\/?product=eye-pressure-support-with-mirtogenol-30-vcaps#breadcrumb","itemListElement":[{"@type":"ListItem","position":1,"name":"Home","item":"https:\/\/ecosupplements.ch\/"},{"@type":"ListItem","position":2,"name":"Shop","item":"https:\/\/ecosupplements.ch\/?page_id=14"},{"@type":"ListItem","position":3,"name":"Eye Pressure Support with Mirtogenol &#8211; 30 vcaps"}]},{"@type":"WebSite","@id":"https:\/\/ecosupplements.ch\/#website","url":"https:\/\/ecosupplements.ch\/","name":"Eco Supplements","description":"","potentialAction":[{"@type":"SearchAction","target":{"@type":"EntryPoint","urlTemplate":"https:\/\/ecosupplements.ch\/?s={search_term_string}"},"query-input":{"@type":"PropertyValueSpecification","valueRequired":true,"valueName":"search_term_string"}}],"inLanguage":"de-CH"}]},"product_price_amount":"42.08","product_price_currency":"CHF","og_availability":"out of stock","product_availability":"out of stock","product_retailer_item_id":"737870151432","product_condition":"new"},"_links":{"self":[{"href":"https:\/\/ecosupplements.ch\/index.php?rest_route=\/wp\/v2\/product\/3283","targetHints":{"allow":["GET"]}}],"collection":[{"href":"https:\/\/ecosupplements.ch\/index.php?rest_route=\/wp\/v2\/product"}],"about":[{"href":"https:\/\/ecosupplements.ch\/index.php?rest_route=\/wp\/v2\/types\/product"}],"replies":[{"embeddable":true,"href":"https:\/\/ecosupplements.ch\/index.php?rest_route=%2Fwp%2Fv2%2Fcomments&post=3283"}],"wp:featuredmedia":[{"embeddable":true,"href":"https:\/\/ecosupplements.ch\/index.php?rest_route=\/wp\/v2\/media\/3284"}],"wp:attachment":[{"href":"https:\/\/ecosupplements.ch\/index.php?rest_route=%2Fwp%2Fv2%2Fmedia&parent=3283"}],"wp:term":[{"taxonomy":"product_brand","embeddable":true,"href":"https:\/\/ecosupplements.ch\/index.php?rest_route=%2Fwp%2Fv2%2Fproduct_brand&post=3283"},{"taxonomy":"product_cat","embeddable":true,"href":"https:\/\/ecosupplements.ch\/index.php?rest_route=%2Fwp%2Fv2%2Fproduct_cat&post=3283"},{"taxonomy":"product_tag","embeddable":true,"href":"https:\/\/ecosupplements.ch\/index.php?rest_route=%2Fwp%2Fv2%2Fproduct_tag&post=3283"}],"curies":[{"name":"wp","href":"https:\/\/api.w.org\/{rel}","templated":true}]}}