{"id":3288,"date":"2026-05-11T14:44:20","date_gmt":"2026-05-11T14:44:20","guid":{"rendered":"https:\/\/ecosupplements.ch\/?product=florassist-immune-nasal-defense-30-vcaps"},"modified":"2026-05-13T07:24:46","modified_gmt":"2026-05-13T07:24:46","slug":"florassist-immune-nasal-defense-30-vcaps","status":"publish","type":"product","link":"https:\/\/ecosupplements.ch\/?product=florassist-immune-nasal-defense-30-vcaps","title":{"rendered":"Florassist Immune &amp; Nasal Defense &#8211; 30 vcaps"},"content":{"rendered":"<div class=\"chcg-product-description\">\n<h2 class=\"chcg-heading\">\u00dcber Life Extension \u2013 Florassist Immune &amp; Nasal Defense \u2013 30 Vcaps<\/h2>\n<div class=\"chcg-intro\">\n<p>Florassist Immune &amp; Nasal Defense von Life Extension kombiniert zwei gezielt ausgew\u00e4hlte Wirkstoffe \u2013 EpiCor\u00ae und den klinisch erforschten Probiotikastamm Lactobacillus rhamnosus CRL1505 \u2013 in einer einzigen vegetarischen Kapsel. Diese Kombination wurde entwickelt, um die nat\u00fcrlichen Abwehrmechanismen des K\u00f6rpers sowie die Gesundheit der Nasenschleimh\u00e4ute ganzheitlich zu unterst\u00fctzen.<\/p>\n<p>EpiCor ist ein getrocknetes Fermentationsprodukt aus Saccharomyces cerevisiae und enth\u00e4lt eine einzigartige Kombination aus Metaboliten, die zur Unterst\u00fctzung der k\u00f6rpereigenen Immunfunktion beitragen k\u00f6nnen. Lactobacillus rhamnosus CRL1505 liefert 100 Millionen koloniebildende Einheiten (CFU) pro Kapsel und ist ein gut erforschter Probiotikastamm mit Fokus auf die Unterst\u00fctzung der Darm- und Atemwegsgesundheit.<\/p>\n<p>Mit nur einer Kapsel t\u00e4glich ist Florassist Immune &amp; Nasal Defense eine bequeme und praktische Erg\u00e4nzung zur t\u00e4glichen Routine. Das Produkt ist vegetarisch und glutenfrei und eignet sich f\u00fcr Menschen, die ihre Immunabwehr gezielt und unkompliziert unterst\u00fctzen m\u00f6chten.<\/p>\n<\/p><\/div>\n<div class=\"chcg-nutrition\">\n<h3>N\u00e4hrwertangaben<\/h3>\n<table class=\"chcg-nutrition-table\">\n<thead>\n<tr>\n<th>N\u00e4hrstoff<\/th>\n<th>Pro Portion (1 Kapsel)<\/th>\n<\/tr>\n<\/thead>\n<tbody>\n<tr>\n<td>EpiCor \u2013 Getrocknetes Fermentationsprodukt (aus Saccharomyces cerevisiae)<\/td>\n<td>500 mg<\/td>\n<\/tr>\n<tr>\n<td>Lactobacillus rhamnosus CRL1505 [liefert 100 Millionen KBE]<\/td>\n<td>50 mg<\/td>\n<\/tr>\n<\/tbody>\n<\/table>\n<p class=\"chcg-footnote\">** Kein festgelegter Tagesbedarf.<\/p>\n<\/p><\/div>\n<div class=\"chcg-ingredients\">\n<h3>Zutaten<\/h3>\n<p>EpiCor \u2013 Getrocknetes Fermentationsprodukt (aus Saccharomyces cerevisiae) 500 mg, Lactobacillus rhamnosus CRL1505 [liefert 100 Millionen KBE] 50 mg. Weitere Zutaten: Pflanzliche Zellulose (Kapsel), mikrokristalline Zellulose, Stearins\u00e4ure, Siliziumdioxid.<\/p>\n<p class=\"chcg-capsule-shell\">Kapselh\u00fclle: Pflanzliche Zellulose<\/p>\n<\/p><\/div>\n<div class=\"chcg-dosage\">\n<h3>Verzehrempfehlung<\/h3>\n<p>T\u00e4glich eine (1) Kapsel einnehmen, mit oder ohne Mahlzeit, oder gem\u00e4ss Empfehlung eines Arztes oder einer medizinischen Fachperson.<\/p>\n<\/p><\/div>\n<div class=\"chcg-warnings\">\n<h3>Warnhinweise<\/h3>\n<p>Ausserhalb der Reichweite von Kindern aufbewahren. Die empfohlene Tagesdosis nicht \u00fcberschreiten. Nicht kaufen, wenn die \u00e4ussere Versiegelung gebrochen oder besch\u00e4digt ist. Bei der Einnahme von Nahrungserg\u00e4nzungsmitteln wird empfohlen, einen Arzt zu konsultieren, wenn Sie sich in medizinischer Behandlung befinden, schwanger sind oder stillen.<\/p>\n<\/p><\/div>\n<div class=\"chcg-allergens\">\n<h3>Allergeninformationen<\/h3>\n<p>Auf dem Etikett sind keine Allergene ausdr\u00fccklich deklariert.<\/p>\n<\/p><\/div>\n<div class=\"chcg-storage\">\n<h3>Lagerung<\/h3>\n<p>Mindesthaltbarkeitsdatum: siehe Aufdruck. Keine spezifischen Lagerungsbedingungen auf dem Etikett angegeben.<\/p>\n<\/p><\/div>\n<div class=\"chcg-dietary\">\n<h3>Ern\u00e4hrungshinweise<\/h3>\n<ul>\n<li>Vegetarisch<\/li>\n<li>Glutenfrei<\/li>\n<\/ul><\/div>\n<\/div>\n","protected":false},"excerpt":{"rendered":"<p>Florassist Immune &amp; Nasal Defense von Life Extension unterst\u00fctzt die k\u00f6rpereigene Immunabwehr mit EpiCor und Lactobacillus rhamnosus CRL1505. 30 vegetarische Kapseln, eine pro Tag.<\/p>\n","protected":false},"featured_media":3289,"comment_status":"closed","ping_status":"open","template":"","meta":[],"product_brand":[202],"product_cat":[48,25,45,104],"product_tag":[],"class_list":{"0":"post-3288","1":"product","2":"type-product","3":"status-publish","4":"has-post-thumbnail","6":"product_brand-life-extension","7":"product_cat-gesunde-ernaehrung","8":"product_cat-gesundheit-und-wohlbefinden","9":"product_cat-immunsystem","10":"product_cat-probiotika","12":"first","13":"outofstock","14":"taxable","15":"shipping-taxable","16":"purchasable","17":"product-type-simple"},"yoast_head":"<!-- This site is optimized with the Yoast SEO plugin v27.5 - https:\/\/yoast.com\/product\/yoast-seo-wordpress\/ -->\n<title>Florassist Immune &amp; Nasal Defense \u2013 Life Extension | ecosupplements.ch<\/title>\n<meta name=\"description\" content=\"Unterst\u00fctzen Sie Ihre Immunabwehr mit EpiCor und Lactobacillus rhamnosus CRL1505 \u2013 30 vegetarische Kapseln von Life Extension. Jetzt bestellen.\" \/>\n<meta name=\"robots\" content=\"index, follow, max-snippet:-1, max-image-preview:large, max-video-preview:-1\" \/>\n<link rel=\"canonical\" href=\"https:\/\/ecosupplements.ch\/?product=florassist-immune-nasal-defense-30-vcaps\" \/>\n<meta property=\"og:locale\" content=\"de_DE\" \/>\n<meta property=\"og:type\" content=\"article\" \/>\n<meta property=\"og:title\" content=\"Florassist Immune &amp; Nasal Defense \u2013 Life Extension | ecosupplements.ch\" \/>\n<meta property=\"og:description\" content=\"Unterst\u00fctzen Sie Ihre Immunabwehr mit EpiCor und Lactobacillus rhamnosus CRL1505 \u2013 30 vegetarische Kapseln von Life Extension. Jetzt bestellen.\" \/>\n<meta property=\"og:url\" content=\"https:\/\/ecosupplements.ch\/?product=florassist-immune-nasal-defense-30-vcaps\" \/>\n<meta property=\"og:site_name\" content=\"Eco Supplements\" \/>\n<meta property=\"article:modified_time\" content=\"2026-05-13T07:24:46+00:00\" \/>\n<meta property=\"og:image\" content=\"https:\/\/ecosupplements.ch\/wp-content\/uploads\/2026\/05\/Florassist-Immune-Nasal-Defense-30-vcaps.webp\" \/>\n\t<meta property=\"og:image:width\" content=\"1000\" \/>\n\t<meta property=\"og:image:height\" content=\"1000\" \/>\n\t<meta property=\"og:image:type\" content=\"image\/jpeg\" \/>\n<meta name=\"twitter:card\" content=\"summary_large_image\" \/>\n<meta name=\"twitter:label1\" content=\"Price\" \/>\n\t<meta name=\"twitter:data1\" content=\"&#067;&#072;&#070;&nbsp;24.95\" \/>\n\t<meta name=\"twitter:label2\" content=\"Availability\" \/>\n\t<meta name=\"twitter:data2\" content=\"Out of stock\" \/>\n<script type=\"application\/ld+json\" class=\"yoast-schema-graph\">{\"@context\":\"https:\\\/\\\/schema.org\",\"@graph\":[{\"@type\":\"WebPage\",\"@id\":\"https:\\\/\\\/ecosupplements.ch\\\/?product=florassist-immune-nasal-defense-30-vcaps\",\"url\":\"https:\\\/\\\/ecosupplements.ch\\\/?product=florassist-immune-nasal-defense-30-vcaps\",\"name\":\"Florassist Immune & Nasal Defense \u2013 Life Extension | ecosupplements.ch\",\"isPartOf\":{\"@id\":\"https:\\\/\\\/ecosupplements.ch\\\/#website\"},\"primaryImageOfPage\":{\"@id\":\"https:\\\/\\\/ecosupplements.ch\\\/?product=florassist-immune-nasal-defense-30-vcaps#primaryimage\"},\"image\":{\"@id\":\"https:\\\/\\\/ecosupplements.ch\\\/?product=florassist-immune-nasal-defense-30-vcaps#primaryimage\"},\"thumbnailUrl\":\"https:\\\/\\\/ecosupplements.ch\\\/wp-content\\\/uploads\\\/2026\\\/05\\\/Florassist-Immune-Nasal-Defense-30-vcaps.webp\",\"datePublished\":\"2026-05-11T14:44:20+00:00\",\"dateModified\":\"2026-05-13T07:24:46+00:00\",\"description\":\"Unterst\u00fctzen Sie Ihre Immunabwehr mit EpiCor und Lactobacillus rhamnosus CRL1505 \u2013 30 vegetarische Kapseln von Life Extension. Jetzt bestellen.\",\"breadcrumb\":{\"@id\":\"https:\\\/\\\/ecosupplements.ch\\\/?product=florassist-immune-nasal-defense-30-vcaps#breadcrumb\"},\"inLanguage\":\"de-CH\",\"potentialAction\":[{\"@type\":\"ReadAction\",\"target\":[\"https:\\\/\\\/ecosupplements.ch\\\/?product=florassist-immune-nasal-defense-30-vcaps\"]}]},{\"@type\":\"ImageObject\",\"inLanguage\":\"de-CH\",\"@id\":\"https:\\\/\\\/ecosupplements.ch\\\/?product=florassist-immune-nasal-defense-30-vcaps#primaryimage\",\"url\":\"https:\\\/\\\/ecosupplements.ch\\\/wp-content\\\/uploads\\\/2026\\\/05\\\/Florassist-Immune-Nasal-Defense-30-vcaps.webp\",\"contentUrl\":\"https:\\\/\\\/ecosupplements.ch\\\/wp-content\\\/uploads\\\/2026\\\/05\\\/Florassist-Immune-Nasal-Defense-30-vcaps.webp\",\"width\":1000,\"height\":1000,\"caption\":\"Florassist Immune & Nasal Defense - 30 vcaps\"},{\"@type\":\"BreadcrumbList\",\"@id\":\"https:\\\/\\\/ecosupplements.ch\\\/?product=florassist-immune-nasal-defense-30-vcaps#breadcrumb\",\"itemListElement\":[{\"@type\":\"ListItem\",\"position\":1,\"name\":\"Home\",\"item\":\"https:\\\/\\\/ecosupplements.ch\\\/\"},{\"@type\":\"ListItem\",\"position\":2,\"name\":\"Shop\",\"item\":\"https:\\\/\\\/ecosupplements.ch\\\/?page_id=14\"},{\"@type\":\"ListItem\",\"position\":3,\"name\":\"Florassist Immune &amp; Nasal Defense &#8211; 30 vcaps\"}]},{\"@type\":\"WebSite\",\"@id\":\"https:\\\/\\\/ecosupplements.ch\\\/#website\",\"url\":\"https:\\\/\\\/ecosupplements.ch\\\/\",\"name\":\"Eco Supplements\",\"description\":\"\",\"potentialAction\":[{\"@type\":\"SearchAction\",\"target\":{\"@type\":\"EntryPoint\",\"urlTemplate\":\"https:\\\/\\\/ecosupplements.ch\\\/?s={search_term_string}\"},\"query-input\":{\"@type\":\"PropertyValueSpecification\",\"valueRequired\":true,\"valueName\":\"search_term_string\"}}],\"inLanguage\":\"de-CH\"}]}<\/script>\n<meta property=\"product:price:amount\" content=\"24.95\" \/>\n<meta property=\"product:price:currency\" content=\"CHF\" \/>\n<meta property=\"og:availability\" content=\"out of stock\" \/>\n<meta property=\"product:availability\" content=\"out of stock\" \/>\n<meta property=\"product:retailer_item_id\" content=\"737870220831\" \/>\n<meta property=\"product:condition\" content=\"new\" \/>\n<!-- \/ Yoast SEO plugin. -->","yoast_head_json":{"title":"Florassist Immune & Nasal Defense \u2013 Life Extension | ecosupplements.ch","description":"Unterst\u00fctzen Sie Ihre Immunabwehr mit EpiCor und Lactobacillus rhamnosus CRL1505 \u2013 30 vegetarische Kapseln von Life Extension. Jetzt bestellen.","robots":{"index":"index","follow":"follow","max-snippet":"max-snippet:-1","max-image-preview":"max-image-preview:large","max-video-preview":"max-video-preview:-1"},"canonical":"https:\/\/ecosupplements.ch\/?product=florassist-immune-nasal-defense-30-vcaps","og_locale":"de_DE","og_type":"article","og_title":"Florassist Immune & Nasal Defense \u2013 Life Extension | ecosupplements.ch","og_description":"Unterst\u00fctzen Sie Ihre Immunabwehr mit EpiCor und Lactobacillus rhamnosus CRL1505 \u2013 30 vegetarische Kapseln von Life Extension. Jetzt bestellen.","og_url":"https:\/\/ecosupplements.ch\/?product=florassist-immune-nasal-defense-30-vcaps","og_site_name":"Eco Supplements","article_modified_time":"2026-05-13T07:24:46+00:00","og_image":[{"width":1000,"height":1000,"url":"https:\/\/ecosupplements.ch\/wp-content\/uploads\/2026\/05\/Florassist-Immune-Nasal-Defense-30-vcaps.webp","type":"image\/jpeg"}],"twitter_card":"summary_large_image","twitter_misc":{"Price":"&#67;&#72;&#70;&nbsp;24.95","Availability":"Out of stock"},"schema":{"@context":"https:\/\/schema.org","@graph":[{"@type":"WebPage","@id":"https:\/\/ecosupplements.ch\/?product=florassist-immune-nasal-defense-30-vcaps","url":"https:\/\/ecosupplements.ch\/?product=florassist-immune-nasal-defense-30-vcaps","name":"Florassist Immune & Nasal Defense \u2013 Life Extension | ecosupplements.ch","isPartOf":{"@id":"https:\/\/ecosupplements.ch\/#website"},"primaryImageOfPage":{"@id":"https:\/\/ecosupplements.ch\/?product=florassist-immune-nasal-defense-30-vcaps#primaryimage"},"image":{"@id":"https:\/\/ecosupplements.ch\/?product=florassist-immune-nasal-defense-30-vcaps#primaryimage"},"thumbnailUrl":"https:\/\/ecosupplements.ch\/wp-content\/uploads\/2026\/05\/Florassist-Immune-Nasal-Defense-30-vcaps.webp","datePublished":"2026-05-11T14:44:20+00:00","dateModified":"2026-05-13T07:24:46+00:00","description":"Unterst\u00fctzen Sie Ihre Immunabwehr mit EpiCor und Lactobacillus rhamnosus CRL1505 \u2013 30 vegetarische Kapseln von Life Extension. Jetzt bestellen.","breadcrumb":{"@id":"https:\/\/ecosupplements.ch\/?product=florassist-immune-nasal-defense-30-vcaps#breadcrumb"},"inLanguage":"de-CH","potentialAction":[{"@type":"ReadAction","target":["https:\/\/ecosupplements.ch\/?product=florassist-immune-nasal-defense-30-vcaps"]}]},{"@type":"ImageObject","inLanguage":"de-CH","@id":"https:\/\/ecosupplements.ch\/?product=florassist-immune-nasal-defense-30-vcaps#primaryimage","url":"https:\/\/ecosupplements.ch\/wp-content\/uploads\/2026\/05\/Florassist-Immune-Nasal-Defense-30-vcaps.webp","contentUrl":"https:\/\/ecosupplements.ch\/wp-content\/uploads\/2026\/05\/Florassist-Immune-Nasal-Defense-30-vcaps.webp","width":1000,"height":1000,"caption":"Florassist Immune & Nasal Defense - 30 vcaps"},{"@type":"BreadcrumbList","@id":"https:\/\/ecosupplements.ch\/?product=florassist-immune-nasal-defense-30-vcaps#breadcrumb","itemListElement":[{"@type":"ListItem","position":1,"name":"Home","item":"https:\/\/ecosupplements.ch\/"},{"@type":"ListItem","position":2,"name":"Shop","item":"https:\/\/ecosupplements.ch\/?page_id=14"},{"@type":"ListItem","position":3,"name":"Florassist Immune &amp; Nasal Defense &#8211; 30 vcaps"}]},{"@type":"WebSite","@id":"https:\/\/ecosupplements.ch\/#website","url":"https:\/\/ecosupplements.ch\/","name":"Eco Supplements","description":"","potentialAction":[{"@type":"SearchAction","target":{"@type":"EntryPoint","urlTemplate":"https:\/\/ecosupplements.ch\/?s={search_term_string}"},"query-input":{"@type":"PropertyValueSpecification","valueRequired":true,"valueName":"search_term_string"}}],"inLanguage":"de-CH"}]},"product_price_amount":"24.95","product_price_currency":"CHF","og_availability":"out of stock","product_availability":"out of stock","product_retailer_item_id":"737870220831","product_condition":"new"},"_links":{"self":[{"href":"https:\/\/ecosupplements.ch\/index.php?rest_route=\/wp\/v2\/product\/3288","targetHints":{"allow":["GET"]}}],"collection":[{"href":"https:\/\/ecosupplements.ch\/index.php?rest_route=\/wp\/v2\/product"}],"about":[{"href":"https:\/\/ecosupplements.ch\/index.php?rest_route=\/wp\/v2\/types\/product"}],"replies":[{"embeddable":true,"href":"https:\/\/ecosupplements.ch\/index.php?rest_route=%2Fwp%2Fv2%2Fcomments&post=3288"}],"wp:featuredmedia":[{"embeddable":true,"href":"https:\/\/ecosupplements.ch\/index.php?rest_route=\/wp\/v2\/media\/3289"}],"wp:attachment":[{"href":"https:\/\/ecosupplements.ch\/index.php?rest_route=%2Fwp%2Fv2%2Fmedia&parent=3288"}],"wp:term":[{"taxonomy":"product_brand","embeddable":true,"href":"https:\/\/ecosupplements.ch\/index.php?rest_route=%2Fwp%2Fv2%2Fproduct_brand&post=3288"},{"taxonomy":"product_cat","embeddable":true,"href":"https:\/\/ecosupplements.ch\/index.php?rest_route=%2Fwp%2Fv2%2Fproduct_cat&post=3288"},{"taxonomy":"product_tag","embeddable":true,"href":"https:\/\/ecosupplements.ch\/index.php?rest_route=%2Fwp%2Fv2%2Fproduct_tag&post=3288"}],"curies":[{"name":"wp","href":"https:\/\/api.w.org\/{rel}","templated":true}]}}