{"id":3306,"date":"2026-05-11T14:44:28","date_gmt":"2026-05-11T14:44:28","guid":{"rendered":"https:\/\/ecosupplements.ch\/?product=male-vascular-sexual-support-30-vcaps"},"modified":"2026-05-13T07:24:22","modified_gmt":"2026-05-13T07:24:22","slug":"male-vascular-sexual-support-30-vcaps","status":"publish","type":"product","link":"https:\/\/ecosupplements.ch\/?product=male-vascular-sexual-support-30-vcaps","title":{"rendered":"Male Vascular Sexual Support &#8211; 30 vcaps"},"content":{"rendered":"<div class=\"chcg-product-description\">\n<h2 class=\"chcg-heading\">\u00dcber Life Extension \u2013 Male Vascular Sexual Support \u2013 30 Kapseln<\/h2>\n<div class=\"chcg-intro\">\n<p>Life Extension Male Vascular Sexual Support ist ein gezielt formuliertes Nahrungserg\u00e4nzungsmittel f\u00fcr M\u00e4nner, das den einzigartigen Wirkstoff KaempMax\u2122 \u2013 einen standardisierten Extrakt aus schwarzem Ingwer (Kaempferia parviflora) \u2013 enth\u00e4lt. Dieser Pflanzenextrakt wird aus dem Rhizom der Pflanze gewonnen und ist auf 5 % 5,7-Dimethoxyflavon standardisiert, einen bioaktiven Wirkstoff, der in der traditionellen s\u00fcdostasiatischen Medizin seit Jahrhunderten gesch\u00e4tzt wird.<\/p>\n<p>KaempMax\u2122 wird in wissenschaftlichen Untersuchungen f\u00fcr seine Rolle im Bereich der vaskul\u00e4ren Unterst\u00fctzung erforscht. Die Formulierung zielt darauf ab, die normale Durchblutung zu unterst\u00fctzen \u2013 ein wesentlicher Faktor f\u00fcr das allgemeine m\u00e4nnliche Wohlbefinden und die sexuelle Gesundheit.<\/p>\n<p>Mit nur einer Kapsel pro Tag bietet dieses Produkt eine einfache und praktische Erg\u00e4nzung zur t\u00e4glichen Routine. Die vegetarische Kapsel und die sorgf\u00e4ltig ausgew\u00e4hlten Hilfsstoffe machen das Produkt zu einer geeigneten Wahl f\u00fcr M\u00e4nner, die Wert auf hochwertige, sauber formulierte Nahrungserg\u00e4nzungsmittel legen.<\/p>\n<\/p><\/div>\n<div class=\"chcg-nutrition\">\n<h3>N\u00e4hrwertangaben<\/h3>\n<table class=\"chcg-nutrition-table\">\n<thead>\n<tr>\n<th>N\u00e4hrstoff<\/th>\n<th>Pro Portion<\/th>\n<\/tr>\n<\/thead>\n<tbody>\n<tr>\n<td>KaempMax\u2122 schwarzer Ingwer (<em>Kaempferia parviflora<\/em>) Extrakt (Rhizom) [std. auf 5 % 5,7-Dimethoxyflavon]<\/td>\n<td>100 mg *<\/td>\n<\/tr>\n<\/tbody>\n<\/table>\n<p class=\"chcg-footnote\">* Kein Tagesreferenzwert festgelegt.<\/p>\n<\/p><\/div>\n<div class=\"chcg-ingredients\">\n<h3>Zutaten<\/h3>\n<p>KaempMax\u2122 schwarzer Ingwer (<em>Kaempferia parviflora<\/em>) Extrakt (Rhizom) [std. auf 5 % 5,7-Dimethoxyflavon] 100 mg. Weitere Zutaten: mikrokristalline Zellulose, pflanzliche Zellulose (Kapsel), Dextrin, Siliziumdioxid, Stearins\u00e4ure.<\/p>\n<p class=\"chcg-capsule-shell\">Kapselh\u00fclle: pflanzliche Zellulose<\/p>\n<\/p><\/div>\n<div class=\"chcg-dosage\">\n<h3>Verzehrempfehlung<\/h3>\n<p>T\u00e4glich eine (1) Kapsel einnehmen, mit oder ohne Mahlzeit, oder gem\u00e4ss Empfehlung eines Arztes oder einer \u00c4rztin.<\/p>\n<\/p><\/div>\n<div class=\"chcg-warnings\">\n<h3>Warnhinweise<\/h3>\n<p>Ausserhalb der Reichweite von Kindern aufbewahren. Die empfohlene Tagesdosis nicht \u00fcberschreiten. Nicht kaufen, wenn die \u00e4ussere Versiegelung gebrochen oder besch\u00e4digt ist. Bei der Einnahme von Nahrungserg\u00e4nzungsmitteln wird empfohlen, einen Arzt oder eine \u00c4rztin zu konsultieren, wenn Sie sich in \u00e4rztlicher Behandlung f\u00fcr eine Erkrankung befinden oder wenn Sie schwanger sind oder stillen.<\/p>\n<\/p><\/div>\n<div class=\"chcg-allergens\">\n<h3>Allergeninformationen<\/h3>\n<p>Keine grossen Allergene deklariert. Das Produkt enth\u00e4lt weder Milch, Eier, N\u00fcsse, Fisch, Krebstiere, Schalentiere, Weizen, Soja noch Sesam.<\/p>\n<\/p><\/div>\n<div class=\"chcg-storage\">\n<h3>Lagerung<\/h3>\n<p>Fest verschlossen an einem k\u00fchlen, trockenen Ort aufbewahren.<\/p>\n<\/p><\/div>\n<div class=\"chcg-dietary\">\n<h3>Ern\u00e4hrungshinweise<\/h3>\n<ul>\n<li>Vegetarisch<\/li>\n<li>Glutenfrei<\/li>\n<li>Laktosefrei<\/li>\n<\/ul><\/div>\n<\/div>\n","protected":false},"excerpt":{"rendered":"<p>Life Extension Male Vascular Sexual Support unterst\u00fctzt die vaskul\u00e4re Gesundheit des Mannes mit 100 mg KaempMax\u2122 schwarzem Ingwer-Extrakt pro Kapsel. 30 vegetarische Kapseln f\u00fcr 30 Tage.<\/p>\n","protected":false},"featured_media":3307,"comment_status":"closed","ping_status":"open","template":"","meta":[],"product_brand":[202],"product_cat":[90,48,25,106,57,108,21],"product_tag":[],"class_list":{"0":"post-3306","1":"product","2":"type-product","3":"status-publish","4":"has-post-thumbnail","6":"product_brand-life-extension","7":"product_cat-fitness-training","8":"product_cat-gesunde-ernaehrung","9":"product_cat-gesundheit-und-wohlbefinden","10":"product_cat-harnwegsgesundheit","11":"product_cat-maennliche-vitalitaet","12":"product_cat-vitaminer-til-maend","13":"product_cat-vitamine-und-mineralstoffe","15":"first","16":"outofstock","17":"taxable","18":"shipping-taxable","19":"purchasable","20":"product-type-simple"},"yoast_head":"<!-- This site is optimized with the Yoast SEO plugin v27.5 - https:\/\/yoast.com\/product\/yoast-seo-wordpress\/ -->\n<title>Male Vascular Sexual Support \u2013 Life Extension | ecosupplements.ch<\/title>\n<meta name=\"description\" content=\"Unterst\u00fctzung der vaskul\u00e4ren Gesundheit mit KaempMax\u2122 schwarzem Ingwer-Extrakt \u2013 30 vegetarische Kapseln von Life Extension. Jetzt bestellen.\" \/>\n<meta name=\"robots\" content=\"index, follow, max-snippet:-1, max-image-preview:large, max-video-preview:-1\" \/>\n<link rel=\"canonical\" href=\"https:\/\/ecosupplements.ch\/?product=male-vascular-sexual-support-30-vcaps\" \/>\n<meta property=\"og:locale\" content=\"de_DE\" \/>\n<meta property=\"og:type\" content=\"article\" \/>\n<meta property=\"og:title\" content=\"Male Vascular Sexual Support \u2013 Life Extension | ecosupplements.ch\" \/>\n<meta property=\"og:description\" content=\"Unterst\u00fctzung der vaskul\u00e4ren Gesundheit mit KaempMax\u2122 schwarzem Ingwer-Extrakt \u2013 30 vegetarische Kapseln von Life Extension. Jetzt bestellen.\" \/>\n<meta property=\"og:url\" content=\"https:\/\/ecosupplements.ch\/?product=male-vascular-sexual-support-30-vcaps\" \/>\n<meta property=\"og:site_name\" content=\"Eco Supplements\" \/>\n<meta property=\"article:modified_time\" content=\"2026-05-13T07:24:22+00:00\" \/>\n<meta property=\"og:image\" content=\"https:\/\/ecosupplements.ch\/wp-content\/uploads\/2026\/05\/Male-Vascular-Sexual-Support-30-vcaps.webp\" \/>\n\t<meta property=\"og:image:width\" content=\"1000\" \/>\n\t<meta property=\"og:image:height\" content=\"1000\" \/>\n\t<meta property=\"og:image:type\" content=\"image\/jpeg\" \/>\n<meta name=\"twitter:card\" content=\"summary_large_image\" \/>\n<meta name=\"twitter:label1\" content=\"Price\" \/>\n\t<meta name=\"twitter:data1\" content=\"&#067;&#072;&#070;&nbsp;24.68\" \/>\n\t<meta name=\"twitter:label2\" content=\"Availability\" \/>\n\t<meta name=\"twitter:data2\" content=\"Out of stock\" \/>\n<script type=\"application\/ld+json\" class=\"yoast-schema-graph\">{\"@context\":\"https:\\\/\\\/schema.org\",\"@graph\":[{\"@type\":\"WebPage\",\"@id\":\"https:\\\/\\\/ecosupplements.ch\\\/?product=male-vascular-sexual-support-30-vcaps\",\"url\":\"https:\\\/\\\/ecosupplements.ch\\\/?product=male-vascular-sexual-support-30-vcaps\",\"name\":\"Male Vascular Sexual Support \u2013 Life Extension | ecosupplements.ch\",\"isPartOf\":{\"@id\":\"https:\\\/\\\/ecosupplements.ch\\\/#website\"},\"primaryImageOfPage\":{\"@id\":\"https:\\\/\\\/ecosupplements.ch\\\/?product=male-vascular-sexual-support-30-vcaps#primaryimage\"},\"image\":{\"@id\":\"https:\\\/\\\/ecosupplements.ch\\\/?product=male-vascular-sexual-support-30-vcaps#primaryimage\"},\"thumbnailUrl\":\"https:\\\/\\\/ecosupplements.ch\\\/wp-content\\\/uploads\\\/2026\\\/05\\\/Male-Vascular-Sexual-Support-30-vcaps.webp\",\"datePublished\":\"2026-05-11T14:44:28+00:00\",\"dateModified\":\"2026-05-13T07:24:22+00:00\",\"description\":\"Unterst\u00fctzung der vaskul\u00e4ren Gesundheit mit KaempMax\u2122 schwarzem Ingwer-Extrakt \u2013 30 vegetarische Kapseln von Life Extension. Jetzt bestellen.\",\"breadcrumb\":{\"@id\":\"https:\\\/\\\/ecosupplements.ch\\\/?product=male-vascular-sexual-support-30-vcaps#breadcrumb\"},\"inLanguage\":\"de-CH\",\"potentialAction\":[{\"@type\":\"ReadAction\",\"target\":[\"https:\\\/\\\/ecosupplements.ch\\\/?product=male-vascular-sexual-support-30-vcaps\"]}]},{\"@type\":\"ImageObject\",\"inLanguage\":\"de-CH\",\"@id\":\"https:\\\/\\\/ecosupplements.ch\\\/?product=male-vascular-sexual-support-30-vcaps#primaryimage\",\"url\":\"https:\\\/\\\/ecosupplements.ch\\\/wp-content\\\/uploads\\\/2026\\\/05\\\/Male-Vascular-Sexual-Support-30-vcaps.webp\",\"contentUrl\":\"https:\\\/\\\/ecosupplements.ch\\\/wp-content\\\/uploads\\\/2026\\\/05\\\/Male-Vascular-Sexual-Support-30-vcaps.webp\",\"width\":1000,\"height\":1000,\"caption\":\"Male Vascular Sexual Support - 30 vcaps\"},{\"@type\":\"BreadcrumbList\",\"@id\":\"https:\\\/\\\/ecosupplements.ch\\\/?product=male-vascular-sexual-support-30-vcaps#breadcrumb\",\"itemListElement\":[{\"@type\":\"ListItem\",\"position\":1,\"name\":\"Home\",\"item\":\"https:\\\/\\\/ecosupplements.ch\\\/\"},{\"@type\":\"ListItem\",\"position\":2,\"name\":\"Shop\",\"item\":\"https:\\\/\\\/ecosupplements.ch\\\/?page_id=14\"},{\"@type\":\"ListItem\",\"position\":3,\"name\":\"Male Vascular Sexual Support &#8211; 30 vcaps\"}]},{\"@type\":\"WebSite\",\"@id\":\"https:\\\/\\\/ecosupplements.ch\\\/#website\",\"url\":\"https:\\\/\\\/ecosupplements.ch\\\/\",\"name\":\"Eco Supplements\",\"description\":\"\",\"potentialAction\":[{\"@type\":\"SearchAction\",\"target\":{\"@type\":\"EntryPoint\",\"urlTemplate\":\"https:\\\/\\\/ecosupplements.ch\\\/?s={search_term_string}\"},\"query-input\":{\"@type\":\"PropertyValueSpecification\",\"valueRequired\":true,\"valueName\":\"search_term_string\"}}],\"inLanguage\":\"de-CH\"}]}<\/script>\n<meta property=\"product:price:amount\" content=\"24.68\" \/>\n<meta property=\"product:price:currency\" content=\"CHF\" \/>\n<meta property=\"og:availability\" content=\"out of stock\" \/>\n<meta property=\"product:availability\" content=\"out of stock\" \/>\n<meta property=\"product:retailer_item_id\" content=\"737870220930\" \/>\n<meta property=\"product:condition\" content=\"new\" \/>\n<!-- \/ Yoast SEO plugin. -->","yoast_head_json":{"title":"Male Vascular Sexual Support \u2013 Life Extension | ecosupplements.ch","description":"Unterst\u00fctzung der vaskul\u00e4ren Gesundheit mit KaempMax\u2122 schwarzem Ingwer-Extrakt \u2013 30 vegetarische Kapseln von Life Extension. Jetzt bestellen.","robots":{"index":"index","follow":"follow","max-snippet":"max-snippet:-1","max-image-preview":"max-image-preview:large","max-video-preview":"max-video-preview:-1"},"canonical":"https:\/\/ecosupplements.ch\/?product=male-vascular-sexual-support-30-vcaps","og_locale":"de_DE","og_type":"article","og_title":"Male Vascular Sexual Support \u2013 Life Extension | ecosupplements.ch","og_description":"Unterst\u00fctzung der vaskul\u00e4ren Gesundheit mit KaempMax\u2122 schwarzem Ingwer-Extrakt \u2013 30 vegetarische Kapseln von Life Extension. Jetzt bestellen.","og_url":"https:\/\/ecosupplements.ch\/?product=male-vascular-sexual-support-30-vcaps","og_site_name":"Eco Supplements","article_modified_time":"2026-05-13T07:24:22+00:00","og_image":[{"width":1000,"height":1000,"url":"https:\/\/ecosupplements.ch\/wp-content\/uploads\/2026\/05\/Male-Vascular-Sexual-Support-30-vcaps.webp","type":"image\/jpeg"}],"twitter_card":"summary_large_image","twitter_misc":{"Price":"&#67;&#72;&#70;&nbsp;24.68","Availability":"Out of stock"},"schema":{"@context":"https:\/\/schema.org","@graph":[{"@type":"WebPage","@id":"https:\/\/ecosupplements.ch\/?product=male-vascular-sexual-support-30-vcaps","url":"https:\/\/ecosupplements.ch\/?product=male-vascular-sexual-support-30-vcaps","name":"Male Vascular Sexual Support \u2013 Life Extension | ecosupplements.ch","isPartOf":{"@id":"https:\/\/ecosupplements.ch\/#website"},"primaryImageOfPage":{"@id":"https:\/\/ecosupplements.ch\/?product=male-vascular-sexual-support-30-vcaps#primaryimage"},"image":{"@id":"https:\/\/ecosupplements.ch\/?product=male-vascular-sexual-support-30-vcaps#primaryimage"},"thumbnailUrl":"https:\/\/ecosupplements.ch\/wp-content\/uploads\/2026\/05\/Male-Vascular-Sexual-Support-30-vcaps.webp","datePublished":"2026-05-11T14:44:28+00:00","dateModified":"2026-05-13T07:24:22+00:00","description":"Unterst\u00fctzung der vaskul\u00e4ren Gesundheit mit KaempMax\u2122 schwarzem Ingwer-Extrakt \u2013 30 vegetarische Kapseln von Life Extension. Jetzt bestellen.","breadcrumb":{"@id":"https:\/\/ecosupplements.ch\/?product=male-vascular-sexual-support-30-vcaps#breadcrumb"},"inLanguage":"de-CH","potentialAction":[{"@type":"ReadAction","target":["https:\/\/ecosupplements.ch\/?product=male-vascular-sexual-support-30-vcaps"]}]},{"@type":"ImageObject","inLanguage":"de-CH","@id":"https:\/\/ecosupplements.ch\/?product=male-vascular-sexual-support-30-vcaps#primaryimage","url":"https:\/\/ecosupplements.ch\/wp-content\/uploads\/2026\/05\/Male-Vascular-Sexual-Support-30-vcaps.webp","contentUrl":"https:\/\/ecosupplements.ch\/wp-content\/uploads\/2026\/05\/Male-Vascular-Sexual-Support-30-vcaps.webp","width":1000,"height":1000,"caption":"Male Vascular Sexual Support - 30 vcaps"},{"@type":"BreadcrumbList","@id":"https:\/\/ecosupplements.ch\/?product=male-vascular-sexual-support-30-vcaps#breadcrumb","itemListElement":[{"@type":"ListItem","position":1,"name":"Home","item":"https:\/\/ecosupplements.ch\/"},{"@type":"ListItem","position":2,"name":"Shop","item":"https:\/\/ecosupplements.ch\/?page_id=14"},{"@type":"ListItem","position":3,"name":"Male Vascular Sexual Support &#8211; 30 vcaps"}]},{"@type":"WebSite","@id":"https:\/\/ecosupplements.ch\/#website","url":"https:\/\/ecosupplements.ch\/","name":"Eco Supplements","description":"","potentialAction":[{"@type":"SearchAction","target":{"@type":"EntryPoint","urlTemplate":"https:\/\/ecosupplements.ch\/?s={search_term_string}"},"query-input":{"@type":"PropertyValueSpecification","valueRequired":true,"valueName":"search_term_string"}}],"inLanguage":"de-CH"}]},"product_price_amount":"24.68","product_price_currency":"CHF","og_availability":"out of stock","product_availability":"out of stock","product_retailer_item_id":"737870220930","product_condition":"new"},"_links":{"self":[{"href":"https:\/\/ecosupplements.ch\/index.php?rest_route=\/wp\/v2\/product\/3306","targetHints":{"allow":["GET"]}}],"collection":[{"href":"https:\/\/ecosupplements.ch\/index.php?rest_route=\/wp\/v2\/product"}],"about":[{"href":"https:\/\/ecosupplements.ch\/index.php?rest_route=\/wp\/v2\/types\/product"}],"replies":[{"embeddable":true,"href":"https:\/\/ecosupplements.ch\/index.php?rest_route=%2Fwp%2Fv2%2Fcomments&post=3306"}],"wp:featuredmedia":[{"embeddable":true,"href":"https:\/\/ecosupplements.ch\/index.php?rest_route=\/wp\/v2\/media\/3307"}],"wp:attachment":[{"href":"https:\/\/ecosupplements.ch\/index.php?rest_route=%2Fwp%2Fv2%2Fmedia&parent=3306"}],"wp:term":[{"taxonomy":"product_brand","embeddable":true,"href":"https:\/\/ecosupplements.ch\/index.php?rest_route=%2Fwp%2Fv2%2Fproduct_brand&post=3306"},{"taxonomy":"product_cat","embeddable":true,"href":"https:\/\/ecosupplements.ch\/index.php?rest_route=%2Fwp%2Fv2%2Fproduct_cat&post=3306"},{"taxonomy":"product_tag","embeddable":true,"href":"https:\/\/ecosupplements.ch\/index.php?rest_route=%2Fwp%2Fv2%2Fproduct_tag&post=3306"}],"curies":[{"name":"wp","href":"https:\/\/api.w.org\/{rel}","templated":true}]}}